{"id":925,"date":"2016-09-27T05:35:52","date_gmt":"2016-09-27T05:35:52","guid":{"rendered":"http:\/\/moverdb.com\/?page_id=925"},"modified":"2026-01-08T14:40:05","modified_gmt":"2026-01-08T14:40:05","slug":"lopa-removals","status":"publish","type":"page","link":"https:\/\/moverdb.com\/hu\/lopa-removals\/","title":{"rendered":"Lopa k\u00f6lt\u00f6ztet\u00e9s: Nemzetk\u00f6zi k\u00f6lt\u00f6ztet\u00e9s V\u00e9lem\u00e9nyek"},"content":{"rendered":"<p>A Lopa Removals Romfordban tal\u00e1lhat\u00f3, \u00e9s sz\u00e1mos szolg\u00e1ltat\u00e1st k\u00edn\u00e1l \u00fcgyfeleinek, amelyeket az al\u00e1bbiakban felsorolunk, a c\u00e9g profilj\u00e1val \u00e9s \u00e9rt\u00e9kel\u00e9s\u00e9vel egy\u00fctt.<\/p>\n<p><strong>Eur\u00f3pai \u00e9s nemzetk\u00f6zi mozg\u00e1sok<\/strong><\/p>\n<ul>\n<li> Dedik\u00e1lt k\u00f6lt\u00f6z\u00e9si menedzser<\/li>\n<li> Teljes h\u00e1z k\u00f6lt\u00f6zik 2-5 nap alatt<\/li>\n<li> Megszervezett biztos\u00edt\u00e1s<\/li>\n<li> GPS j\u00e1rm\u0171k\u00f6vet\u00e9s<\/li>\n<li> Teljes csomagol\u00e1s, t\u00f6r\u00e9keny csomagol\u00e1s vagy csin\u00e1ld magad<\/li>\n<li> Ingyenes dobozok \u00e9s csomagol\u00f3anyag<\/li>\n<li> S\u00e9r\u00fcl\u00e9smentes garancia<\/li>\n<li> Crating<\/li>\n<li> K\u00fcls\u0151 emel\u0151k olyan t\u00e1rgyakhoz, mint p\u00e9ld\u00e1ul zongor\u00e1k<\/li>\n<li> R\u00e9szterhek \u00e9s teljes terhek<\/li>\n<li> Kicsomagol\u00e1si szolg\u00e1ltat\u00e1s<\/li>\n<li> R\u00f6vid \u00e9s hossz\u00fa t\u00e1v\u00fa t\u00e1rol\u00e1s<\/li>\n<\/ul>\n<p><strong>T\u00e1rol\u00e1s<\/strong><\/p>\n<ul>\n<li> R\u00f6vid \u00e9s hossz\u00fa t\u00e1von<\/li>\n<li> Biztons\u00e1gos \u00e9s z\u00e1rt kapu<\/li>\n<li> Biztos\u00edtott<\/li>\n<li> Professzion\u00e1lisan halmozott<\/li>\n<li> A tartoz\u00e9kok megfelel\u0151en v\u00e9dve a s\u00e9r\u00fcl\u00e9sekt\u0151l \u00e9s a szennyez\u0151d\u00e9sekt\u0151l<\/li>\n<\/ul>\n<p><strong>Szak\u00e9rt\u0151i mozg\u00e1sok<\/strong><\/p>\n<ul>\n<li> M\u0171v\u00e9szeti gal\u00e9ri\u00e1k<\/li>\n<li> Ki\u00e1ll\u00edt\u00e1sok<\/li>\n<\/ul>\n<h2>Lopa Removals C\u00e9gprofil<\/h2>\n<p>A Lopa Removals a nemzetk\u00f6zi k\u00f6lt\u00f6ztet\u00e9sekre specializ\u00e1l\u00f3dott, k\u00fcl\u00f6n\u00f6sen az Eur\u00f3p\u00e1n bel\u00fcli k\u00f6lt\u00f6ztet\u00e9sekre. A c\u00e9g sz\u00e9khelye Romfordban tal\u00e1lhat\u00f3. Ez egy fiatal c\u00e9g, amelynek f\u0151 c\u00e9lja az eur\u00f3pai orsz\u00e1gok k\u00f6z\u00f6tti megl\u00e9v\u0151 k\u00f6lt\u00f6ztet\u00e9sek jav\u00edt\u00e1sa. <\/p>\n<p>Hossz\u00fa list\u00e1ja van a kiemelked\u0151 el\u00e9gedett \u00fcgyfeleknek. A Lopa Removals magas szint\u0171 \u00fcgyf\u00e9lszolg\u00e1latot k\u00edn\u00e1l a k\u00f6lt\u00f6z\u00e9s el\u0151tt, alatt \u00e9s ut\u00e1n. A pozit\u00edv \u00fcgyf\u00e9l-visszajelz\u00e9seknek k\u00f6sz\u00f6nhet\u0151en jelenleg a k\u00f6vetkez\u0151 helyekre t\u00f6rt\u00e9n\u0151 k\u00f6lt\u00f6z\u00e9sekre \u00f6sszpontos\u00edt. <a href=\"https:\/\/moverdb.com\/hu\/moving-to-london\/\">London<\/a>, <a href=\"https:\/\/moverdb.com\/hu\/moving-to-france\/moving-to-paris\/\" data-internallinksmanager029f6b8e52c=\"407\" title=\"P\u00e1rizsba k\u00f6lt\u00f6zik? 2023 Lakhat\u00e1si k\u00f6lts\u00e9gek \u00e9s k\u00f6lt\u00f6z\u00e9si tippek\">P\u00e1rizs<\/a> \u00e9s Br\u00fcsszel, \u00e9s hogy ezek a l\u00e9p\u00e9sek a legjobbak legyenek a piacon.<\/p>\n<p>A Lopa Removals a k\u00f6vetkez\u0151 akkredit\u00e1ci\u00f3kkal \u00e9s csatlakoz\u00e1sokkal rendelkezik:<\/p>\n<ul>\n<li> ISO 9001 min\u0151s\u00e9g\u00fcgyi szabv\u00e1ny<\/li>\n<li> <a href=\"https:\/\/moverdb.com\/hu\/british-association-of-removers\/\">Brit K\u00f6lt\u00f6ztet\u0151k Sz\u00f6vets\u00e9ge<\/a> (<a href=\"https:\/\/moverdb.com\/hu\/british-association-of-removers\/\" data-internallinksmanager029f6b8e52c=\"9\" title=\"A Brit K\u00f6lt\u00f6ztet\u0151k Sz\u00f6vets\u00e9ge (BAR) magyar\u00e1zata\">BAR<\/a>)<\/li>\n<\/ul>\n<h2>Lopa K\u00f6lt\u00f6ztet\u00e9s V\u00e9lem\u00e9nyek<\/h2>\n<p><strong>Pozit\u00edv:<\/strong><\/p>\n<ul>\n<li> \"A Lopa k\u00f6lt\u00f6ztet\u00e9s nagyon j\u00f3 szolg\u00e1ltat\u00e1st ny\u00fajtott, \u00e9s z\u00f6kken\u0151mentess\u00e9 \u00e9s stresszmentess\u00e9 tette a Londonb\u00f3l P\u00e1rizsba val\u00f3 k\u00f6lt\u00f6z\u00e9s\u00fcnket.\" - S. Gerber via <a href=\"https:\/\/uk.trustpilot.com\/reviews\/57b199dc0000ff00097bf54d\" target=\"_blank\" rel=\"noopener\">Trustpilot<\/a><\/li>\n<\/ul>\n<p><strong>Negat\u00edv:<\/strong><\/p>\n<ul>\n<li> \"<em>Elk\u00f6lt\u00f6ztem a <a href=\"https:\/\/moverdb.com\/hu\/moving-to-belgium\/\" data-internallinksmanager029f6b8e52c=\"323\" title=\"Belgiumba k\u00f6lt\u00f6zik? 2023 Meg\u00e9lhet\u00e9si k\u00f6lts\u00e9gek \u00e9s k\u00f6lt\u00f6z\u00e9si tippek\">Belgium<\/a> \u00e9s izgatott voltam, hogy megtal\u00e1ljam ezeket a sr\u00e1cokat, elfogadhat\u00f3 \u00e1ron, nagyon j\u00f3 v\u00e9lem\u00e9nyekkel itt, \u00e9s csal\u00e1di tulajdonban l\u00e9v\u0151nek \u00e9s nagyon meg\u00e9rt\u0151nek hirdett\u00e9k. Jobban kellett volna tudnom.\"<\/em> Andrei via <a href=\"https:\/\/uk.trustpilot.com\/reviews\/53ce415d0000640002999120\" target=\"_blank\" rel=\"noopener\">Trustpilot<\/a> <\/li>\n<\/ul>\n<div itemprop=\"review\" itemscope itemtype=\"http:\/\/schema.org\/Review\">\n<span itemprop=\"author\" itemscope=\"\" itemtype=\"http:\/\/schema.org\/Organization\"><span itemprop=\"name\">MoverDB.com<\/span><\/span> Online weboldal-fel\u00fclvizsg\u00e1lat a <span itemprop=\"itemreviewed\" itemscope=\"\" itemtype=\"http:\/\/schema.org\/Brand\"><span itemprop=\"name\">Lopa k\u00f6lt\u00f6ztet\u00e9s<\/span><\/span>:<\/p>\n<ol>\n<li> Egy\u00e9rtelm\u0171 el\u00e9rhet\u0151s\u00e9gek a weboldalon (bele\u00e9rtve a telefonsz\u00e1mot is): <strong>Igen<\/strong><\/li>\n<li> K\u00f6nnyen beszerezhet\u0151 <a href=\"https:\/\/moverdb.com\/hu\/idezi\/\">k\u00f6lt\u00f6z\u00e9si \u00e1raj\u00e1nlatok<\/a>? (Online \u00e1raj\u00e1nlatk\u00e9r\u0151 \u0171rlap): <strong>Igen<\/strong><\/li>\n<li> Egy\u00e9rtelm\u0171 inform\u00e1ci\u00f3k a honlapon: <strong>N\u00e9h\u00e1nyan,<\/strong> de \u00f6sszess\u00e9g\u00e9ben a honlap viszonylag kev\u00e9s inform\u00e1ci\u00f3t tartalmaz<\/li>\n<li> Tags\u00e1g nemzetk\u00f6zi elismert mozgat\u00f3 szervezetekben: <strong>Igen<\/strong><\/li>\n<li> \u00dcgyfelek list\u00e1ja \u00e9s\/vagy kor\u00e1bbi v\u00e1s\u00e1rl\u00f3i aj\u00e1nl\u00e1sok: <strong>R\u00e9szleges,<\/strong> b\u00e1r nem a helysz\u00ednen vannak elhelyezve, pozit\u00edv \u00e9rt\u00e9kel\u00e9ssel rendelkeznek a Trustpilot-on.<\/li>\n<\/ol>\n<div itemprop=\"reviewRating\" itemscope itemtype=\"http:\/\/schema.org\/Rating\"><meta itemprop=\"worstRating\" content = \"0\" \/><meta itemprop=\"bestRating\" content=\"5\" \/><meta itemprop=\"ratingValue\" content=\"4\"><\/div>\n<p><strong>\u00c1ltal\u00e1nos pontsz\u00e1m: 4\/5<\/strong><br \/>\n<strong>Fel\u00fclvizsg\u00e1lat d\u00e1tuma:<\/strong> <span itemprop=\"datePublished\" content=\"2016-09-27\">27\/08\/16<\/span>\n<\/div>\n<p>Tov\u00e1bbi inform\u00e1ci\u00f3 <a href=\"https:\/\/moverdb.com\/hu\/nemzetkozi-koltoztetes\/\">nemzetk\u00f6zi k\u00f6lt\u00f6ztet\u00e9sek<\/a> \u00e9s a mi <a href=\"https:\/\/moverdb.com\/hu\/ertekelesek\/\">fel\u00fclvizsg\u00e1lati folyamat<\/a>.<\/p>\n<p><strong>Weboldal:<\/strong> <a href=\"http:\/\/new.loparemovals.com\/\" target=\"_blank\" rel=\"noopener\">http:\/\/new.loparemovals.com\/<\/a><\/p>","protected":false},"excerpt":{"rendered":"<p>Lopa Removals is based in Romford and offers its customers a range of services which are listed below, together with a company profile and reviews. European and International Moves Dedicated move manager Full house moves complete in 2-5 days Insurance arranged GPS vehicle tracking Full packing, fragile packing or do it yourself Free boxes and [&hellip;]<\/p>\n","protected":false},"author":1,"featured_media":0,"parent":0,"menu_order":0,"comment_status":"closed","ping_status":"closed","template":"","meta":{"_genesis_hide_title":false,"_genesis_hide_breadcrumbs":false,"_genesis_hide_singular_image":false,"_genesis_hide_footer_widgets":false,"_genesis_custom_body_class":"","_genesis_custom_post_class":"","_genesis_layout":"","footnotes":""},"class_list":{"0":"post-925","1":"page","2":"type-page","3":"status-publish","5":"entry"},"_links":{"self":[{"href":"https:\/\/moverdb.com\/hu\/wp-json\/wp\/v2\/pages\/925","targetHints":{"allow":["GET"]}}],"collection":[{"href":"https:\/\/moverdb.com\/hu\/wp-json\/wp\/v2\/pages"}],"about":[{"href":"https:\/\/moverdb.com\/hu\/wp-json\/wp\/v2\/types\/page"}],"author":[{"embeddable":true,"href":"https:\/\/moverdb.com\/hu\/wp-json\/wp\/v2\/users\/1"}],"replies":[{"embeddable":true,"href":"https:\/\/moverdb.com\/hu\/wp-json\/wp\/v2\/comments?post=925"}],"version-history":[{"count":7,"href":"https:\/\/moverdb.com\/hu\/wp-json\/wp\/v2\/pages\/925\/revisions"}],"predecessor-version":[{"id":13171,"href":"https:\/\/moverdb.com\/hu\/wp-json\/wp\/v2\/pages\/925\/revisions\/13171"}],"wp:attachment":[{"href":"https:\/\/moverdb.com\/hu\/wp-json\/wp\/v2\/media?parent=925"}],"curies":[{"name":"wp","href":"https:\/\/api.w.org\/{rel}","templated":true}]}}