{"id":924,"date":"2016-09-03T21:30:31","date_gmt":"2016-09-03T21:30:31","guid":{"rendered":"http:\/\/moverdb.com\/?page_id=924"},"modified":"2026-01-08T14:48:13","modified_gmt":"2026-01-08T14:48:13","slug":"eagle-relocations","status":"publish","type":"page","link":"https:\/\/moverdb.com\/hu\/eagle-relocations\/","title":{"rendered":"Eagle Relocations: Nemzetk\u00f6zi k\u00f6lt\u00f6ztet\u00e9s \u00e9s k\u00f6lt\u00f6ztet\u00e9s V\u00e9lem\u00e9nyek"},"content":{"rendered":"<p>Az Eagle Relocations egy <a href=\"https:\/\/moverdb.com\/hu\/international-removals\/\" data-internallinksmanager029f6b8e52c=\"27\" title=\"36 legjobb nemzetk\u00f6zi k\u00f6lt\u00f6ztet\u0151 c\u00e9gek az Egyes\u00fclt Kir\u00e1lys\u00e1gban\">k\u00f6lt\u00f6ztet\u0151 c\u00e9g<\/a> sz\u00e9khelye Watford, <a href=\"https:\/\/moverdb.com\/hu\/moving-to-the-uk\/\" data-internallinksmanager029f6b8e52c=\"93\" title=\"Az Egyes\u00fclt Kir\u00e1lys\u00e1gba k\u00f6lt\u00f6zik? 2022 Meg\u00e9lhet\u00e9si k\u00f6lts\u00e9gek \u00e9s k\u00f6lt\u00f6z\u00e9si tippek\">UK<\/a>. \u00dcgyfeleinek sz\u00e1mos k\u00f6lt\u00f6ztet\u00e9si szolg\u00e1ltat\u00e1st k\u00edn\u00e1l, amelyek az al\u00e1bbiakban szerepelnek, a c\u00e9g profilj\u00e1val \u00e9s \u00e9rt\u00e9kel\u00e9s\u00e9vel egy\u00fctt.<\/p>\n<p><strong>Nemzetk\u00f6zi k\u00f6lt\u00f6ztet\u00e9s<\/strong><\/p>\n<ul>\n<li> H\u00e1zhoz men\u0151 szolg\u00e1ltat\u00e1s<\/li>\n<li> Ajt\u00f3t\u00f3l a j\u00e1rdaszeg\u00e9lyig szolg\u00e1ltat\u00e1s<\/li>\n<li> Ajt\u00f3 a <a href=\"https:\/\/moverdb.com\/hu\/top-49-container-ports\/\" data-internallinksmanager029f6b8e52c=\"80\" title=\"Top 49 legnagyobb \u00e9s legforgalmasabb kont\u00e9nerkik\u00f6t\u0151 2025-ben\">port<\/a> szolg\u00e1ltat\u00e1s<\/li>\n<li> Teljes k\u00f6r\u0171 csomagol\u00e1si szolg\u00e1ltat\u00e1s<\/li>\n<li> T\u00f6r\u00e9keny vagy r\u00e9szleges csomagol\u00e1si szolg\u00e1ltat\u00e1s<\/li>\n<li> Tulajdonos csomagolt szolg\u00e1ltat\u00e1s<\/li>\n<li> B\u00fatorok sz\u00e9t- \u00e9s \u00f6sszeszerel\u00e9se<\/li>\n<li> Csomagol\u00f3anyagok<\/li>\n<li> K\u00f6z\u00fati, l\u00e9gi \u00e9s tengeri tranzit<\/li>\n<li> V\u00e1mkezel\u00e9s<\/li>\n<li> T\u00f6rmel\u00e9k elt\u00e1vol\u00edt\u00e1sa<\/li>\n<li> Concierge szolg\u00e1ltat\u00e1s<\/li>\n<li> Szobal\u00e1ny szolg\u00e1ltat\u00e1s<\/li>\n<\/ul>\n<p><strong>V\u00e1llalati k\u00f6lt\u00f6ztet\u00e9s<\/strong><\/p>\n<ul>\n<li> Szem\u00e9lyes v\u00e1llalati k\u00f6lt\u00f6z\u00e9s menedzser<\/li>\n<li> A megl\u00e9v\u0151 \u00e9s \u00faj telephelyek felm\u00e9r\u00e9se<\/li>\n<li> B\u00fatorok sz\u00e9t- \u00e9s \u00f6sszeszerel\u00e9se<\/li>\n<li> Informatikai szakemberek sz\u00e1m\u00edt\u00f3g\u00e9pes k\u00f6lt\u00f6ztet\u00e9shez<\/li>\n<li> Irod\u00e1k sz\u00e1m\u00e1ra tervezett k\u00f6lt\u00f6ztet\u0151 l\u00e1d\u00e1k<\/li>\n<li> Felc\u00edmk\u00e9zett l\u00e1d\u00e1k<\/li>\n<li> A k\u00f6lt\u00f6z\u00e9si menedzser folyamatosan a helysz\u00ednen van a k\u00f6lt\u00f6z\u00e9s sor\u00e1n<\/li>\n<li> Megszervezett biztos\u00edt\u00e1s<\/li>\n<\/ul>\n<p><strong>UK Home K\u00f6lt\u00f6ztet\u00e9sek<\/strong><\/p>\n<ul>\n<li> Kapcsolattart\u00e1s a k\u00f6lt\u00f6z\u00e9si \u00fcgyint\u00e9z\u0151vel<\/li>\n<li> K\u00f6lt\u00f6z\u00e9s el\u0151tti felm\u00e9r\u00e9s<\/li>\n<li> Dedik\u00e1lt k\u00f6lt\u00f6z\u00e9si koordin\u00e1tor<\/li>\n<li> Ajt\u00f3t\u00f3l ajt\u00f3ig<\/li>\n<li> Teljes csomagol\u00e1s, r\u00e9szleges csomagol\u00e1s vagy csin\u00e1ld magad<\/li>\n<li> B\u00fatorok sz\u00e9t- \u00e9s \u00f6sszeszerel\u00e9se<\/li>\n<li> Megszervezett biztos\u00edt\u00e1s<\/li>\n<li> T\u00f6rmel\u00e9k elt\u00e1vol\u00edt\u00e1sa<\/li>\n<\/ul>\n<h2>Eagle Relocations C\u00e9gprofil<\/h2>\n<p>Az Eagle Relocations csal\u00e1di v\u00e1llalkoz\u00e1sk\u00e9nt j\u00f6tt l\u00e9tre 1967-ben, akkor m\u00e9g Eagle Shipping n\u00e9ven. 2002-ben r\u00e9szv\u00e9nyt\u00e1rsas\u00e1gg\u00e1 alakult, \u00e9s nev\u00e9t Eagle Relocations-re v\u00e1ltoztatta. \u00dcgyfeleinek teljes k\u00f6r\u0171 szolg\u00e1ltat\u00e1st ny\u00fajt helyi, orsz\u00e1gos \u00e9s nemzetk\u00f6zi k\u00f6lt\u00f6ztet\u00e9st.<\/p>\n<p>Az Eagle Relocations 2015-ben t\u00f6bb mint 3500 embert mozgatott meg. K\u00fcl\u00f6nb\u00f6z\u0151 csomagokat k\u00edn\u00e1lnak az emberek ig\u00e9nyeinek \u00e9s p\u00e9nzt\u00e1rc\u00e1j\u00e1nak megfelel\u0151en. Hisznek az er\u0151s \u00fcgyf\u00e9lszolg\u00e1latban \u00e9s az elk\u00f6telezetts\u00e9gben.<\/p>\n<p>Az Eagle Relocations a k\u00f6vetkez\u0151 akkredit\u00e1ci\u00f3kkal \u00e9s kapcsolatokkal rendelkezik:<\/p>\n<ul>\n<li> <a href=\"https:\/\/moverdb.com\/hu\/british-association-of-removers\/\">Brit K\u00f6lt\u00f6ztet\u0151k Sz\u00f6vets\u00e9ge<\/a> (<a href=\"https:\/\/moverdb.com\/hu\/british-association-of-removers\/\" data-internallinksmanager029f6b8e52c=\"9\" title=\"A Brit K\u00f6lt\u00f6ztet\u0151k Sz\u00f6vets\u00e9ge (BAR) magyar\u00e1zata\">BAR<\/a>)<\/li>\n<li> <a href=\"https:\/\/moverdb.com\/hu\/fedemac\/\">Eur\u00f3pai K\u00f6lt\u00f6ztet\u0151k Sz\u00f6vets\u00e9ge<\/a> (<a href=\"https:\/\/moverdb.com\/hu\/fedemac\/\" data-internallinksmanager029f6b8e52c=\"15\" title=\"Az Eur\u00f3pai K\u00f6lt\u00f6ztet\u0151k Sz\u00f6vets\u00e9g\u00e9nek (FEDEMAC) magyar\u00e1zata\">FEDEMAC<\/a>)<\/li>\n<li> <a href=\"https:\/\/moverdb.com\/hu\/en-vagyok\/\">K\u00f6lt\u00f6ztet\u0151k Nemzetk\u00f6zi Sz\u00f6vets\u00e9ge<\/a> (<a href=\"https:\/\/moverdb.com\/hu\/iam\/\" data-internallinksmanager029f6b8e52c=\"23\" title=\"A K\u00f6lt\u00f6ztet\u0151k Nemzetk\u00f6zi Sz\u00f6vets\u00e9ge (IAM) magyar\u00e1zata\">IAM<\/a>)<\/li>\n<li> <a href=\"https:\/\/moverdb.com\/hu\/hgfaa\/\">Amerikai H\u00e1ztart\u00e1si \u00c1ruk Sz\u00e1ll\u00edtm\u00e1nyoz\u00f3k Egyes\u00fclete<\/a><\/li>\n<li> Brit Nemzetk\u00f6zi Tehersz\u00e1ll\u00edt\u00e1si Sz\u00f6vets\u00e9g (BIFA)<\/li>\n<li> <a href=\"https:\/\/moverdb.com\/hu\/bar-overseas\/\">Brit K\u00f6lt\u00f6ztet\u0151k Sz\u00f6vets\u00e9ge (BAR) Tengerent\u00fali orsz\u00e1gok<\/a><\/li>\n<\/ul>\n<h2>Eagle Relocations V\u00e9lem\u00e9nyek<\/h2>\n<p><strong>Pozit\u00edv:<\/strong><\/p>\n<ul>\n<li> <em>A fi\u00fak nagyszer\u0171ek voltak... Szuper seg\u00edt\u0151k\u00e9szek, hat\u00e9konyak, profik \u00e9s mindannyian nagy mosollyal az arcukon...<\/em> - Ross kereszt\u00fcl <a href=\"http:\/\/www.eaglerelocations.com\/testimonials\/\" target=\"_blank\" rel=\"noopener\">\u00fcgyf\u00e9l-tan\u00fas\u00edtv\u00e1ny oldal<\/a><\/li>\n<li> <em>\"Megb\u00edzhat\u00f3ak, profik, j\u00f3kedv\u0171ek, szorgalmasak \u00e9s gondosak voltak, \u00e9s egy rendk\u00edv\u00fcl stresszes id\u0151szakot tettek k\u00f6nny\u0171v\u00e9. Kiv\u00e1l\u00f3 \u00e1r-\u00e9rt\u00e9k ar\u00e1nyt ny\u00fajtanak, \u00e9s \u00f6r\u00fcl\u00f6k, hogy nem egy olyan c\u00e9get v\u00e1lasztottam, amely e-mailben \"t\u00fal j\u00f3, hogy igaz legyen\" k\u00f6lt\u00f6z\u00e9si k\u00f6lts\u00e9get aj\u00e1nlott, an\u00e9lk\u00fcl, hogy megl\u00e1togatta volna az otthonunkat. V\u00e9lem\u00e9nyem szerint piacvezet\u0151k, \u00e9s \u00f6r\u00f6kk\u00e9 h\u00e1l\u00e1s leszek az Eagle Relocationsnek.\"<\/em> - Karen kereszt\u00fcl <a href=\"https:\/\/www.trustpilot.com\/reviews\/56fe57450000ff00094ba791\" target=\"_blank\" rel=\"noopener\">TrustPilot<\/a> <\/li>\n<li> <em>\"\u00c9n csak Eagle Relocations 3 k\u00fcl\u00f6nb\u00f6z\u0151 alkalommal. Hendonb\u00f3l Borhamwoodba, Borhamwoodb\u00f3l Storage-ba, majd Balira k\u00f6lt\u00f6ztem. Minden alkalommal rendk\u00edv\u00fcl profinak tal\u00e1ltam \u0151ket.\"<\/em> - Pankesh P kereszt\u00fcl <a href=\"https:\/\/www.yell.com\/reviews\/user\/PankeshP\" target=\"_blank\" rel=\"noopener\">Yell<\/a><\/li>\n<\/ul>\n<p><strong>Negat\u00edv:<\/strong><\/p>\n<ul>\n<li> <em>\"Ne haszn\u00e1ld ezt a c\u00e9get, elvesztett\u00e9k az \u00f6sszes vil\u00e1gi javaimat.\"<\/em> - Adrienne via <a href=\"https:\/\/www.trustpilot.com\/reviews\/587ecbbc0dc2f609f06be069\" target=\"_blank\" rel=\"noopener\">Trustpilot<\/a><\/li>\n<\/ul>\n<div itemprop=\"review\" itemscope itemtype=\"http:\/\/schema.org\/Review\">\n<span itemprop=\"author\" itemscope=\"\" itemtype=\"http:\/\/schema.org\/Organization\"><span itemprop=\"name\">MoverDB.com<\/span><\/span> Online weboldal-fel\u00fclvizsg\u00e1lat a <span itemprop=\"itemreviewed\" itemscope=\"\" itemtype=\"http:\/\/schema.org\/Brand\"><span itemprop=\"name\">Eagle Relocations<\/span><\/span>:<\/p>\n<ol>\n<li> Egy\u00e9rtelm\u0171 el\u00e9rhet\u0151s\u00e9gek a weboldalon (bele\u00e9rtve a telefonsz\u00e1mot is): <strong>Igen<\/strong><\/li>\n<li> K\u00f6nnyen beszerezhet\u0151 <a href=\"https:\/\/moverdb.com\/hu\/idezi\/\">nemzetk\u00f6zi k\u00f6lt\u00f6ztet\u00e9si \u00e1raj\u00e1nlatok<\/a>? (Online \u00e1raj\u00e1nlatk\u00e9r\u0151 \u0171rlap): <strong>Igen<\/strong><\/li>\n<li> Egy\u00e9rtelm\u0171 inform\u00e1ci\u00f3k a honlapon: <strong>Igen,<\/strong> orsz\u00e1gkalauzokat \u00e9s egy blogot tartalmaz a tengerent\u00fali k\u00f6lt\u00f6z\u00e9ssel kapcsolatos hasznos inform\u00e1ci\u00f3kkal.<\/li>\n<li> Tags\u00e1g nemzetk\u00f6zi elismert mozgat\u00f3 szervezetekben: <strong>Igen<\/strong>l\u00e1sd fentebb.<\/li>\n<li> \u00dcgyfelek list\u00e1ja \u00e9s\/vagy kor\u00e1bbi v\u00e1s\u00e1rl\u00f3i aj\u00e1nl\u00e1sok: <strong>N\u00e9h\u00e1nyan,<\/strong> A weboldalon vannak v\u00e1s\u00e1rl\u00f3i tesztek, de sokan k\u00f6z\u00fcl\u00fck kiss\u00e9 hasonl\u00f3ak, \u00e9s kev\u00e9s v\u00e9lem\u00e9ny tal\u00e1lhat\u00f3 m\u00e1shol az interneten. Az el\u00e9rhet\u0151 v\u00e9lem\u00e9nyek azonban t\u00f6bbnyire pozit\u00edvak.<\/li>\n<\/ol>\n<div itemprop=\"reviewRating\" itemscope itemtype=\"http:\/\/schema.org\/Rating\"><meta itemprop=\"worstRating\" content = \"0\" \/><meta itemprop=\"bestRating\" content=\"5\" \/><meta itemprop=\"ratingValue\" content=\"4.5\"><\/div>\n<p><strong>\u00c1ltal\u00e1nos pontsz\u00e1m: 4.5\/5<\/strong><br \/>\n<strong>Fel\u00fclvizsg\u00e1lat d\u00e1tuma:<\/strong> <span itemprop=\"datePublished\" content=\"2016-09-03\">03\/09\/2016<\/span>\n<\/div>\n<p>Tudjon meg t\u00f6bbet a t\u00f6bbet a t\u00f6bbet a t\u00f6bbet a <a href=\"https:\/\/moverdb.com\/hu\/nemzetkozi-koltoztetes\/\">nemzetk\u00f6zi k\u00f6lt\u00f6ztet\u00e9sek<\/a> \u00e9s a mi <a href=\"https:\/\/moverdb.com\/hu\/ertekelesek\/\">fel\u00fclvizsg\u00e1lati folyamat<\/a>.<\/p>\n<p><strong>Weboldal:<\/strong> <a href=\"http:\/\/www.eaglerelocations.com\" target=\"_blank\" rel=\"noopener\">http:\/\/www.eaglerelocations.com<\/a><\/p>","protected":false},"excerpt":{"rendered":"<p>Eagle Relocations is a removals company based in Watford, UK. It offers its clients a range of removals services which are listed below, together with a company profile and reviews. International Removals Door to door service Door to kerbside service Door to port service Full packing service Fragile or part pack service Owner packed service [&hellip;]<\/p>\n","protected":false},"author":1,"featured_media":0,"parent":0,"menu_order":0,"comment_status":"closed","ping_status":"closed","template":"","meta":{"_genesis_hide_title":false,"_genesis_hide_breadcrumbs":false,"_genesis_hide_singular_image":false,"_genesis_hide_footer_widgets":false,"_genesis_custom_body_class":"","_genesis_custom_post_class":"","_genesis_layout":"","footnotes":""},"class_list":{"0":"post-924","1":"page","2":"type-page","3":"status-publish","5":"entry"},"_links":{"self":[{"href":"https:\/\/moverdb.com\/hu\/wp-json\/wp\/v2\/pages\/924","targetHints":{"allow":["GET"]}}],"collection":[{"href":"https:\/\/moverdb.com\/hu\/wp-json\/wp\/v2\/pages"}],"about":[{"href":"https:\/\/moverdb.com\/hu\/wp-json\/wp\/v2\/types\/page"}],"author":[{"embeddable":true,"href":"https:\/\/moverdb.com\/hu\/wp-json\/wp\/v2\/users\/1"}],"replies":[{"embeddable":true,"href":"https:\/\/moverdb.com\/hu\/wp-json\/wp\/v2\/comments?post=924"}],"version-history":[{"count":6,"href":"https:\/\/moverdb.com\/hu\/wp-json\/wp\/v2\/pages\/924\/revisions"}],"predecessor-version":[{"id":6202,"href":"https:\/\/moverdb.com\/hu\/wp-json\/wp\/v2\/pages\/924\/revisions\/6202"}],"wp:attachment":[{"href":"https:\/\/moverdb.com\/hu\/wp-json\/wp\/v2\/media?parent=924"}],"curies":[{"name":"wp","href":"https:\/\/api.w.org\/{rel}","templated":true}]}}