{"id":923,"date":"2016-08-25T14:59:50","date_gmt":"2016-08-25T14:59:50","guid":{"rendered":"http:\/\/moverdb.com\/?page_id=923"},"modified":"2026-01-08T14:40:15","modified_gmt":"2026-01-08T14:40:15","slug":"movecorp","status":"publish","type":"page","link":"https:\/\/moverdb.com\/hu\/movecorp\/","title":{"rendered":"Movecorp: Nemzetk\u00f6zi k\u00f6lt\u00f6ztet\u00e9s \u00e9s k\u00f6lt\u00f6ztet\u00e9s V\u00e9lem\u00e9nyek"},"content":{"rendered":"<p>A Movecorp sz\u00e9khelye West Midlandsben tal\u00e1lhat\u00f3, \u00e9s \u00fcgyfelei sz\u00e1m\u00e1ra k\u00fcl\u00f6nf\u00e9le <a href=\"https:\/\/moverdb.com\/hu\/international-removals\/\" data-internallinksmanager029f6b8e52c=\"27\" title=\"36 legjobb nemzetk\u00f6zi k\u00f6lt\u00f6ztet\u0151 c\u00e9gek az Egyes\u00fclt Kir\u00e1lys\u00e1gban\">nemzetk\u00f6zi k\u00f6lt\u00f6ztet\u00e9sek<\/a> szolg\u00e1ltat\u00e1sok, amelyek az al\u00e1bbiakban szerepelnek, a c\u00e9g profilj\u00e1val \u00e9s \u00e9rt\u00e9kel\u00e9s\u00e9vel egy\u00fctt.<\/p>\n<p><strong>Nemzetk\u00f6zi k\u00f6lt\u00f6ztet\u00e9s<\/strong><\/p>\n<ul>\n<li> Dedik\u00e1lt k\u00f6lt\u00f6z\u00e9si koordin\u00e1tor<\/li>\n<li> Ajt\u00f3t\u00f3l ajt\u00f3ig<\/li>\n<li> Csomagol\u00e1s - teljes k\u00f6r\u0171 szolg\u00e1ltat\u00e1s, t\u00f6r\u00e9keny t\u00e1rgyak vagy csin\u00e1ld magad<\/li>\n<li> Csomagol\u00f3anyagok<\/li>\n<li> Seg\u00edts\u00e9g a pap\u00edrmunk\u00e1ban<\/li>\n<li> R\u00e9szrakom\u00e1ny sz\u00e1ll\u00edt\u00e1sa - megosztott kont\u00e9ner<\/li>\n<li> Dedik\u00e1lt <a href=\"https:\/\/moverdb.com\/hu\/kontenerszallitas\/\">nemzetk\u00f6zi kont\u00e9neres sz\u00e1ll\u00edt\u00e1s<\/a><\/li>\n<li> Ingyenes t\u00e1rol\u00e1s legfeljebb egy h\u00f3napig<\/li>\n<li> Kicsomagol\u00e1s<\/li>\n<li> Megszervezett biztos\u00edt\u00e1s<\/li>\n<li> Szem\u00e9lyzeti \u00e1thelyez\u00e9si szolg\u00e1ltat\u00e1s<\/li>\n<\/ul>\n<p><strong>Eur\u00f3pai k\u00f6lt\u00f6ztet\u00e9sek<\/strong><\/p>\n<ul>\n<li> H\u00e1zhoz men\u0151 szolg\u00e1ltat\u00e1s<\/li>\n<li> Dedik\u00e1lt k\u00f6lt\u00f6z\u00e9si koordin\u00e1tor<\/li>\n<li> Teljes k\u00f6r\u0171 csomagol\u00e1si szolg\u00e1ltat\u00e1s el\u00e9rhet\u0151<\/li>\n<li> Csomagol\u00f3anyagok<\/li>\n<li> Seg\u00edts\u00e9g a pap\u00edrmunk\u00e1ban<\/li>\n<li> R\u00e9szrakom\u00e1ny-sz\u00e1ll\u00edt\u00e1s (LCL)<\/li>\n<li> Dedik\u00e1lt sz\u00e1ll\u00edt\u00f3 kont\u00e9ner<\/li>\n<li> Ingyenes t\u00e1rol\u00e1s legfeljebb egy h\u00f3napig<\/li>\n<li> Teljes k\u00f6r\u0171 kiszerel\u00e9si szolg\u00e1ltat\u00e1s el\u00e9rhet\u0151<\/li>\n<li> Megszervezett biztos\u00edt\u00e1s<\/li>\n<\/ul>\n<p><strong>K\u00f6lt\u00f6ztet\u00e9s<\/strong><\/p>\n<ul>\n<li> H\u00e1zhoz men\u0151 szolg\u00e1ltat\u00e1s<\/li>\n<li> Teljes k\u00f6r\u0171 csomagol\u00e1si \u00e9s csomagol\u00e1si szolg\u00e1ltat\u00e1s <\/li>\n<li> T\u00e1rol\u00e1s - az els\u0151 h\u00f3nap ingyenes<\/li>\n<li> Megszervezett biztos\u00edt\u00e1s<\/li>\n<li> R\u00e9szterhel\u00e9s (LCL)<\/li>\n<li> Teljes terhel\u00e9s (FCL)<\/li>\n<li> Kicsomagol\u00e1si szolg\u00e1ltat\u00e1s sz\u00e1ll\u00edt\u00e1skor<\/li>\n<\/ul>\n<h2>Movecorp C\u00e9gprofil<\/h2>\n<p>A Movecorp egy <a href=\"https:\/\/moverdb.com\/hu\/moving-to-the-uk\/\" data-internallinksmanager029f6b8e52c=\"93\" title=\"Az Egyes\u00fclt Kir\u00e1lys\u00e1gba k\u00f6lt\u00f6zik? 2022 Meg\u00e9lhet\u00e9si k\u00f6lts\u00e9gek \u00e9s k\u00f6lt\u00f6z\u00e9si tippek\">UK<\/a> nemzetk\u00f6zi \u00e9s eur\u00f3pai k\u00f6lt\u00f6ztet\u00e9sekre szakosodott k\u00f6lt\u00f6ztet\u0151 c\u00e9g. Sz\u00e9khelye West Midlandsben tal\u00e1lhat\u00f3, \u00edgy a v\u00e1llalat j\u00f3 helyzetben van ahhoz, hogy az eg\u00e9sz Egyes\u00fclt Kir\u00e1lys\u00e1got kiszolg\u00e1lja. <\/p>\n<p>A Movecorp a h\u00e9t minden napj\u00e1n sz\u00e1ll\u00edtja az embereket az Egyes\u00fclt Kir\u00e1lys\u00e1gon bel\u00fcl, \u00e9s heti sz\u00e1ll\u00edt\u00e1sokat v\u00e9gez az \u00f6sszes f\u0151bb eur\u00f3pai c\u00e9l\u00e1llom\u00e1sra.<\/p>\n<p>A Movecorp szem\u00e9lyre szabott szolg\u00e1ltat\u00e1st ny\u00fajt minden \u00fcgyfel\u00e9nek, \u00e9s folyamatosan t\u00e1j\u00e9koztatja \u0151ket minden egyes l\u00e9p\u00e9sr\u0151l. \u0150k b\u00fcszk\u00e9k a bar\u00e1ts\u00e1gos \u00e9s hat\u00e9kony megk\u00f6zel\u00edt\u00e9s minden egyes k\u00f6lt\u00f6z\u00e9s, amit v\u00e9geznek.<\/p>\n<p>A Movecorp a k\u00f6vetkez\u0151 tags\u00e1gokkal \u00e9s akkredit\u00e1ci\u00f3kkal rendelkezik:<\/p>\n<ul>\n<li> <a href=\"https:\/\/moverdb.com\/hu\/en-vagyok\/\">K\u00f6lt\u00f6ztet\u0151k Nemzetk\u00f6zi Sz\u00f6vets\u00e9ge<\/a> (<a href=\"https:\/\/moverdb.com\/hu\/iam\/\" data-internallinksmanager029f6b8e52c=\"23\" title=\"A K\u00f6lt\u00f6ztet\u0151k Nemzetk\u00f6zi Sz\u00f6vets\u00e9ge (IAM) magyar\u00e1zata\">IAM<\/a>)<\/li>\n<li> <a href=\"https:\/\/moverdb.com\/hu\/rios\/\">K\u00f6lt\u00f6ztet\u00e9si ipar\u00e1gi ombudsmani rendszer<\/a><\/li>\n<li> <a href=\"https:\/\/moverdb.com\/hu\/fedemac\/\">Eur\u00f3pai K\u00f6lt\u00f6ztet\u0151k Sz\u00f6vets\u00e9ge<\/a> (<a href=\"https:\/\/moverdb.com\/hu\/fedemac\/\" data-internallinksmanager029f6b8e52c=\"15\" title=\"Az Eur\u00f3pai K\u00f6lt\u00f6ztet\u0151k Sz\u00f6vets\u00e9g\u00e9nek (FEDEMAC) magyar\u00e1zata\">FEDEMAC<\/a>)<\/li>\n<li> <a href=\"https:\/\/moverdb.com\/hu\/freight-transport-association\/\">Tehersz\u00e1ll\u00edt\u00e1si Sz\u00f6vets\u00e9g<\/a> (<a href=\"https:\/\/moverdb.com\/hu\/freight-transport-association\/\" data-internallinksmanager029f6b8e52c=\"18\" title=\"A Tehersz\u00e1ll\u00edt\u00e1si Sz\u00f6vets\u00e9g (FTA) magyar\u00e1zata\">FTA<\/a>)<\/li>\n<li> <a href=\"https:\/\/moverdb.com\/hu\/mtc\/\">Movers Trading Club<\/a> (<a href=\"https:\/\/moverdb.com\/hu\/mtc\/\" data-internallinksmanager029f6b8e52c=\"30\" title=\"Movers Trading Club (MTC) magyar\u00e1zata\">MTC<\/a>)<\/li>\n<li> <a href=\"https:\/\/moverdb.com\/hu\/eurovan-movers\/\">Eurovan<\/a><\/li>\n<li> <a href=\"https:\/\/moverdb.com\/hu\/ngrs\/\">K\u00f6lt\u00f6ztet\u0151k \u00e9s Rakt\u00e1rosok Nemzeti C\u00e9he<\/a> (<a href=\"https:\/\/moverdb.com\/hu\/ngrs\/\" data-internallinksmanager029f6b8e52c=\"74\" title=\"A k\u00f6lt\u00f6ztet\u0151k \u00e9s rakt\u00e1rosok nemzeti c\u00e9he (NGRS) magyar\u00e1zata\">NGRS<\/a>)<\/li>\n<li> Melyik? Trusted Trader<\/li>\n<li> Min\u0151s\u00e9gi szolg\u00e1ltat\u00e1si szabv\u00e1nyok - BS 8564<\/li>\n<li> CHAS<\/li>\n<\/ul>\n<h2>MoveCorp V\u00e9lem\u00e9nyek<\/h2>\n<p><strong>Pozit\u00edv:<\/strong><\/p>\n<ul>\n<li> <em>\"Nagyon aj\u00e1nlom a Movecorpot. A kapott szolg\u00e1ltat\u00e1s kiv\u00e1l\u00f3 \u00e9s bar\u00e1ts\u00e1gos volt.\"<\/em> - Ella Dennett via Movecorp <a href=\"http:\/\/www.movecorp.co.uk\/reviews\/\" target=\"_blank\" rel=\"noopener\">v\u00e9lem\u00e9nyek \u00e9s v\u00e1s\u00e1rl\u00f3i jelent\u00e9s oldal<\/a>.<\/li>\n<li> <em>\"Nagyon hat\u00e9kony, mindent kiv\u00e1l\u00f3an becsomagoltak \u00e9s j\u00f3 \u00e1llapotban \u00e9rkezett meg.\"<\/em> - Stan kereszt\u00fcl <a href=\"https:\/\/www.trustpilot.com\/reviews\/579606ae0000ff00097414e9\" target=\"_blank\" rel=\"noopener\">TrustPilot<\/a> <\/li>\n<li> <em>\"A tapasztalataink nagyszer\u0171ek voltak. A k\u00f6lt\u00f6z\u00e9si koordin\u00e1torunk, Emma nagyon seg\u00edt\u0151k\u00e9sz volt, \u00e9s id\u0151ben foglalkozott a k\u00e9rd\u00e9seinkkel. Nagy k\u00f6sz\u00f6net a seg\u00edts\u00e9g\u00e9\u00e9rt!\"<\/em> Andrea via <a href=\"http:\/\/www.removalreviews.co.uk\/movingreviews\/great-service-11241\" target=\"_blank\" rel=\"noopener\">Elt\u00e1vol\u00edt\u00e1s V\u00e9lem\u00e9nyek<\/a><\/li>\n<li> <em>\"A Movecorp honlapj\u00e1n k\u00f6nny\u0171 navig\u00e1lni, \u00e9s hasznos inform\u00e1ci\u00f3kat tal\u00e1ltam, hogy seg\u00edtsen megszervezni a k\u00f6lt\u00f6z\u00e9s.\"<\/em> - LisaM1983 kereszt\u00fcl <a href=\"http:\/\/www.reviewcentre.com\/Removal-Companies\/MoveCorp-International-Removals-www-movecorp-co-uk-review_2305958\" target=\"_blank\" rel=\"noopener\">Fel\u00fclvizsg\u00e1lati k\u00f6zpont<\/a><\/li>\n<li> <em>\"A Movecorp csapata fantasztikus volt az elej\u00e9t\u0151l a v\u00e9g\u00e9ig.\"<\/em> - a <a href=\"http:\/\/www.referenceline.com\/removers_removals-in-walsall-movecorpcouk-21956#GOTO178308\" target=\"_blank\" rel=\"noopener\">Referenceline<\/a><\/li>\n<\/ul>\n<p><strong>Negat\u00edv:<\/strong><\/p>\n<ul>\n<li> <em>\"M\u00e1r t\u00f6bb mint h\u00e1rom h\u00f3napja n\u00e1luk van a k\u00f6lt\u00f6z\u00e9sem tartalma, \u00e9s csak a m\u00falt h\u00e9ten hagyta el az Egyes\u00fclt Kir\u00e1lys\u00e1got.\"<\/em> - Chuck via <a href=\"https:\/\/www.trustpilot.com\/reviews\/55f4a26f0000ff000907c3df\" target=\"_blank\" rel=\"noopener\">TrustPilot<\/a><\/li>\n<li> <em>\"B\u00e1r l\u00e1ttam n\u00e9h\u00e1ny j\u00f3 v\u00e9lem\u00e9nyt a neten, az \u00e9n tapasztalataim sajnos el\u00e9g rosszak voltak.\"<\/em> - Steven Johnson kereszt\u00fcl <a href=\"http:\/\/www.removalreviews.co.uk\/movingreviews\/use-at-own-risk-11126\" target=\"_blank\" rel=\"noopener\">Elt\u00e1vol\u00edt\u00e1s V\u00e9lem\u00e9nyek<\/a> <\/li>\n<li> <em>\"A legrosszabb k\u00f6lt\u00f6z\u00e9si tapasztalat - \u00fagy \u00e9reztem, hogy \u00e1tvertek \u00e9s becsaptak\"<\/em> - MayVisR42 kereszt\u00fcl <a href=\"http:\/\/www.reviewcentre.com\/Removal-Companies\/MoveCorp-International-Removals-www-movecorp-co-uk-review_3464277\" target=\"_blank\" rel=\"noopener\">Fel\u00fclvizsg\u00e1lati k\u00f6zpont<\/a> <\/li>\n<\/ul>\n<div itemprop=\"review\" itemscope itemtype=\"http:\/\/schema.org\/Review\">\n<span itemprop=\"author\" itemscope=\"\" itemtype=\"http:\/\/schema.org\/Organization\"><span itemprop=\"name\">MoverDB.com<\/span><\/span> Online weboldal-fel\u00fclvizsg\u00e1lat a <span itemprop=\"itemreviewed\" itemscope=\"\" itemtype=\"http:\/\/schema.org\/Brand\"><span itemprop=\"name\">MoveCorp<\/span><\/span>:<\/p>\n<ol>\n<li> Egy\u00e9rtelm\u0171 el\u00e9rhet\u0151s\u00e9gek a weboldalon (bele\u00e9rtve a telefonsz\u00e1mot is)? <strong>Igen<\/strong><\/li>\n<li> K\u00f6nnyen beszerezhet\u0151 <a href=\"https:\/\/moverdb.com\/hu\/idezi\/\">nemzetk\u00f6zi k\u00f6lt\u00f6ztet\u00e9si \u00e1raj\u00e1nlatok<\/a>? (Online \u00e1raj\u00e1nlatk\u00e9r\u0151 \u0171rlap): <strong>Igen<\/strong><\/li>\n<li> Egy\u00e9rtelm\u0171 inform\u00e1ci\u00f3k a honlapon: <strong>Nem,<\/strong> A weboldal nagyon kev\u00e9s inform\u00e1ci\u00f3t tartalmaz az \u00e1raj\u00e1nlatk\u00e9r\u00e9s \u00e9s a kiszolg\u00e1lt \u00fati c\u00e9lok felett.<\/li>\n<li> Tags\u00e1g nemzetk\u00f6zi elismert mozgat\u00f3 szervezetekben: <strong>Igen,<\/strong> sok - l\u00e1sd fentebb<\/li>\n<li> \u00dcgyfelek list\u00e1ja \u00e9s\/vagy kor\u00e1bbi v\u00e1s\u00e1rl\u00f3i aj\u00e1nl\u00e1sok: <strong>Igen,<\/strong> sz\u00e1mos pozit\u00edv \u00fcgyf\u00e9lv\u00e9lem\u00e9ny tal\u00e1lhat\u00f3 az oldalon.<\/li>\n<\/ol>\n<div itemprop=\"reviewRating\" itemscope itemtype=\"http:\/\/schema.org\/Rating\"><meta itemprop=\"worstRating\" content = \"0\" \/><meta itemprop=\"bestRating\" content=\"5\" \/><meta itemprop=\"ratingValue\" content=\"4.5\"><\/div>\n<p><strong>\u00c1ltal\u00e1nos pontsz\u00e1m: 4.5\/5<\/strong><br \/>\n<strong>Fel\u00fclvizsg\u00e1lat d\u00e1tuma:<\/strong> <span itemprop=\"datePublished\" content=\"2016-08-25\">25\/08\/2016<\/span>\n<\/div>\n<p>Tudjon meg t\u00f6bbet a <a href=\"https:\/\/moverdb.com\/hu\/nemzetkozi-koltoztetes\/\">nemzetk\u00f6zi k\u00f6lt\u00f6ztet\u00e9sek<\/a> \u00e9s a mi <a href=\"https:\/\/moverdb.com\/hu\/ertekelesek\/\">fel\u00fclvizsg\u00e1lati folyamat<\/a>.<\/p>\n<p><strong>Weboldal:<\/strong> <a href=\"http:\/\/www.movecorp.co.uk\" target=\"_blank\" rel=\"noopener\">http:\/\/www.movecorp.co.uk<\/a><\/p>","protected":false},"excerpt":{"rendered":"<p>Movecorp is based in the West Midlands and offers its customers various international removals services which are listed below, together with a company profile and reviews. International Removals Dedicated move coordinator Door to door Packing &#8211; full service, fragile items or do it yourself Packing materials supplied Assistance with paperwork Part load shipping &#8211; shared [&hellip;]<\/p>\n","protected":false},"author":1,"featured_media":0,"parent":0,"menu_order":0,"comment_status":"closed","ping_status":"closed","template":"","meta":{"_genesis_hide_title":false,"_genesis_hide_breadcrumbs":false,"_genesis_hide_singular_image":false,"_genesis_hide_footer_widgets":false,"_genesis_custom_body_class":"","_genesis_custom_post_class":"","_genesis_layout":"","footnotes":""},"class_list":{"0":"post-923","1":"page","2":"type-page","3":"status-publish","5":"entry"},"_links":{"self":[{"href":"https:\/\/moverdb.com\/hu\/wp-json\/wp\/v2\/pages\/923","targetHints":{"allow":["GET"]}}],"collection":[{"href":"https:\/\/moverdb.com\/hu\/wp-json\/wp\/v2\/pages"}],"about":[{"href":"https:\/\/moverdb.com\/hu\/wp-json\/wp\/v2\/types\/page"}],"author":[{"embeddable":true,"href":"https:\/\/moverdb.com\/hu\/wp-json\/wp\/v2\/users\/1"}],"replies":[{"embeddable":true,"href":"https:\/\/moverdb.com\/hu\/wp-json\/wp\/v2\/comments?post=923"}],"version-history":[{"count":8,"href":"https:\/\/moverdb.com\/hu\/wp-json\/wp\/v2\/pages\/923\/revisions"}],"predecessor-version":[{"id":13179,"href":"https:\/\/moverdb.com\/hu\/wp-json\/wp\/v2\/pages\/923\/revisions\/13179"}],"wp:attachment":[{"href":"https:\/\/moverdb.com\/hu\/wp-json\/wp\/v2\/media?parent=923"}],"curies":[{"name":"wp","href":"https:\/\/api.w.org\/{rel}","templated":true}]}}