{"id":920,"date":"2016-09-03T16:04:22","date_gmt":"2016-09-03T16:04:22","guid":{"rendered":"http:\/\/moverdb.com\/?page_id=920"},"modified":"2026-01-08T14:47:54","modified_gmt":"2026-01-08T14:47:54","slug":"burke-bros","status":"publish","type":"page","link":"https:\/\/moverdb.com\/hu\/burke-bros\/","title":{"rendered":"Burke Bros Moving Group: Nemzetk\u00f6zi k\u00f6lt\u00f6ztet\u00e9sek V\u00e9lem\u00e9nyek"},"content":{"rendered":"<p>A Burke Bros. a vil\u00e1gm\u00e9ret\u0171 k\u00f6lt\u00f6ztet\u0151k, rakt\u00e1roz\u00f3k, sz\u00e1ll\u00edtm\u00e1nyoz\u00f3k \u00e9s glob\u00e1lis k\u00f6lt\u00f6ztet\u00e9si szak\u00e9rt\u0151k. Az al\u00e1bbiakban felsoroljuk az \u00e1ltaluk k\u00edn\u00e1lt szolg\u00e1ltat\u00e1sokat, majd a c\u00e9g profilj\u00e1t \u00e9s k\u00fcl\u00f6nb\u00f6z\u0151 \u00e9rt\u00e9kel\u00e9seket.<\/p>\n<p><strong>V\u00e1llalati \u00e9s szem\u00e9lyes <a href=\"https:\/\/moverdb.com\/hu\/international-removals\/\" data-internallinksmanager029f6b8e52c=\"27\" title=\"36 legjobb nemzetk\u00f6zi k\u00f6lt\u00f6ztet\u0151 c\u00e9gek az Egyes\u00fclt Kir\u00e1lys\u00e1gban\">Nemzetk\u00f6zi k\u00f6lt\u00f6ztet\u00e9s<\/a><\/strong><\/p>\n<ul>\n<li> Elk\u00f6telezett v\u00e1llalati csapat<\/li>\n<li> \u00c1tfog\u00f3 h\u00e1zhoz men\u0151 szolg\u00e1ltat\u00e1s<\/li>\n<li> Ingyenes k\u00f6lt\u00f6z\u00e9si felm\u00e9r\u00e9s<\/li>\n<li> Neves k\u00f6lt\u00f6ztet\u00e9si szak\u00e9rt\u0151k h\u00e1l\u00f3zata vil\u00e1gszerte<\/li>\n<li> Dedik\u00e1lt export csomagol\u00f3 csapat<\/li>\n<li> Nemzetk\u00f6zi karant\u00e9n tan\u00e1csad\u00e1s<\/li>\n<li> Nemzetk\u00f6zi v\u00e1m- \u00e9s j\u00f6ved\u00e9ki inform\u00e1ci\u00f3k<\/li>\n<li> <a href=\"https:\/\/moverdb.com\/hu\/moving-to-the-uk\/\" data-internallinksmanager029f6b8e52c=\"93\" title=\"Az Egyes\u00fclt Kir\u00e1lys\u00e1gba k\u00f6lt\u00f6zik? 2022 Meg\u00e9lhet\u00e9si k\u00f6lts\u00e9gek \u00e9s k\u00f6lt\u00f6z\u00e9si tippek\">UK<\/a> t\u00e1rol\u00e1s - sz\u00e1ll\u00edt\u00e1s el\u0151tt<\/li>\n<li> Megszervezett biztos\u00edt\u00e1s<\/li>\n<li> V\u00e1mkezel\u00e9ssel kapcsolatos seg\u00edts\u00e9gny\u00fajt\u00e1s<\/li>\n<\/ul>\n<p><strong>Eur\u00f3pai mozg\u00e1sok<\/strong><\/p>\n<ul>\n<li> \u00c1tfog\u00f3 h\u00e1zhoz men\u0151 szolg\u00e1ltat\u00e1s<\/li>\n<li> Dedik\u00e1lt csomagol\u00f3 csapat<\/li>\n<li> Megszervezett biztos\u00edt\u00e1s<\/li>\n<li> Heti j\u00e1ratok<\/li>\n<li> Adott esetben v\u00e1m- \u00e9s j\u00f6ved\u00e9ki t\u00e1mogat\u00e1s<\/li>\n<\/ul>\n<p><strong>Belf\u00f6ldi k\u00f6lt\u00f6ztet\u00e9s az Egyes\u00fclt Kir\u00e1lys\u00e1gban - C\u00e9ges \u00e9s szem\u00e9lyes k\u00f6lt\u00f6ztet\u00e9s<\/strong><\/p>\n<ul>\n<li> A tan\u00e1csad\u00f3 szem\u00e9lyes l\u00e1togat\u00e1sa<\/li>\n<li> Projektmenedzsment szolg\u00e1ltat\u00e1s v\u00e1llalkoz\u00e1sok sz\u00e1m\u00e1ra<\/li>\n<li> \u00c1tfog\u00f3 h\u00e1zhoz men\u0151 szolg\u00e1ltat\u00e1s<\/li>\n<li> Dedik\u00e1lt csomagol\u00f3 csapat<\/li>\n<li> Megszervezett biztos\u00edt\u00e1s<\/li>\n<li> Speci\u00e1lis csomagol\u00e1s<\/li>\n<li> Irodai l\u00e1d\u00e1k b\u00e9rl\u00e9se<\/li>\n<\/ul>\n<p><strong>T\u00e1rol\u00e1s<\/strong><\/p>\n<ul>\n<li> \u00d6n\u00e1ll\u00f3 t\u00e1rol\u00e1s - Wolverhampton <\/li>\n<li> Korl\u00e1tlan hozz\u00e1f\u00e9r\u00e9s nyitvatart\u00e1si id\u0151ben<\/li>\n<li> T\u00f6bbf\u00e9le doboz is megv\u00e1s\u00e1rolhat\u00f3<\/li>\n<li> 24 \u00f3r\u00e1s CCTV<\/li>\n<li> Dokumentumok \u00e9s arch\u00edvumok t\u00e1rol\u00e1sa<\/li>\n<\/ul>\n<p><strong>K\u00fcl\u00f6nleges szolg\u00e1ltat\u00e1sok a k\u00f6lt\u00f6ztet\u00e9s sor\u00e1n<\/strong><\/p>\n<ul>\n<li> Dokumentumok megsemmis\u00edt\u00e9se<\/li>\n<li> Dokumentumok t\u00e1rol\u00e1sa<\/li>\n<li> R\u00e9gi b\u00fatorok \u00e9s informatikai berendez\u00e9sek \u00fajrahasznos\u00edt\u00e1sa<\/li>\n<li> Sz\u00e1m\u00edt\u00f3g\u00e9pes rendszerek le- \u00e9s fel\u00e1ll\u00edt\u00e1sa<\/li>\n<li> Speci\u00e1lis csomagol\u00f3anyag informatikai berendez\u00e9sekhez<\/li>\n<\/ul>\n<h2>Burke Bros Moving Group C\u00e9gprofil<\/h2>\n<p>A Burke Bros 1982-ben alakult, \u00e9s ez id\u0151 alatt t\u00f6bb mint 49 000 \u00fcgyfelet sz\u00e1ll\u00edtott. K\u00f6zel f\u00e9lmilli\u00f3 \u00f3r\u00e1t t\u00f6lt\u00f6ttek el csomagol\u00e1ssal, k\u00f6lt\u00f6ztet\u00e9ssel \u00e9s kicsomagol\u00e1ssal. A c\u00e9g Anglia k\u00f6z\u00e9ps\u0151 r\u00e9sz\u00e9n tal\u00e1lhat\u00f3, h\u00e9t irod\u00e1val \u00e9s egy 52 000 n\u00e9gyzetm\u00e9teres biztons\u00e1gos rakt\u00e1rral rendelkezik.<\/p>\n<p>A Burke Bros csal\u00e1di v\u00e1llalkoz\u00e1s, amelyet a Burke testv\u00e9rek, Gary \u00e9s Chris vezetnek. Sok alkalmazottjuk t\u00f6bb mint 20 \u00e9ve dolgozik n\u00e1luk. A c\u00e9g azt mondja, hogy b\u00fcszke arra, hogy minden egyes k\u00f6lt\u00f6z\u00e9st gondosan kezel.<\/p>\n<p>A z\u00f6ld t\u00e9m\u00e1k nagy szerepet j\u00e1tszanak a v\u00e1llalatn\u00e1l, \u00e9s a Burke Bros \u00fajrahasznos\u00edt\u00e1st \u00e9s hullad\u00e9kkezel\u00e9st vezetett be az \u00fcgyfelek sz\u00e1m\u00e1ra, hogy cs\u00f6kkents\u00e9k sz\u00e9nl\u00e1bnyomukat.<\/p>\n<p>Burke Bros:<\/p>\n<ul>\n<li> <a href=\"https:\/\/moverdb.com\/hu\/british-association-of-removers\/\">Brit K\u00f6lt\u00f6ztet\u0151k Sz\u00f6vets\u00e9ge<\/a> (<a href=\"https:\/\/moverdb.com\/hu\/british-association-of-removers\/\" data-internallinksmanager029f6b8e52c=\"9\" title=\"A Brit K\u00f6lt\u00f6ztet\u0151k Sz\u00f6vets\u00e9ge (BAR) magyar\u00e1zata\">BAR<\/a>)<\/li>\n<li> <a href=\"https:\/\/moverdb.com\/hu\/fidi-faim\/\">F\u00e9d\u00e9ration Internationale des D\u00e9m\u00e9nageurs Internationaux (Nemzetk\u00f6zi D\u00e9m\u00e9nageurs Internationaux Sz\u00f6vets\u00e9g)<\/a> (<a href=\"https:\/\/moverdb.com\/hu\/fidi-faim\/\" data-internallinksmanager029f6b8e52c=\"16\" title=\"FIDI &amp; FAIM (FIDI akkredit\u00e1lt nemzetk\u00f6zi fuvaroz\u00f3) magyar\u00e1zata\">FIDI<\/a>)<\/li>\n<li> <a href=\"https:\/\/moverdb.com\/hu\/en-vagyok\/\">K\u00f6lt\u00f6ztet\u0151k Nemzetk\u00f6zi Sz\u00f6vets\u00e9ge<\/a> (<a href=\"https:\/\/moverdb.com\/hu\/iam\/\" data-internallinksmanager029f6b8e52c=\"23\" title=\"A K\u00f6lt\u00f6ztet\u0151k Nemzetk\u00f6zi Sz\u00f6vets\u00e9ge (IAM) magyar\u00e1zata\">IAM<\/a>)<\/li>\n<li> P\u00e1namerikai Nemzetk\u00f6zi K\u00f6lt\u00f6ztet\u0151k Sz\u00f6vets\u00e9ge (PAIMA)<\/li>\n<li> A <a href=\"https:\/\/moverdb.com\/hu\/bar-overseas\/\">Brit K\u00f6lt\u00f6ztet\u00e9si Sz\u00f6vets\u00e9g tengerent\u00fali orsz\u00e1gok<\/a><\/li>\n<li> BS5750<\/li>\n<li> TSI<\/li>\n<\/ul>\n<p><strong>Burke Bros V\u00e9lem\u00e9nyek<\/strong><\/p>\n<p><strong>Pozit\u00edv<\/strong><\/p>\n<ul>\n<li> <em>\"Szerett\u00fcnk volna k\u00f6sz\u00f6netet mondani a csod\u00e1latos szolg\u00e1ltat\u00e1s\u00e9rt, amelyet az Angli\u00e1b\u00f3l a <a href=\"https:\/\/moverdb.com\/hu\/moving-to-france\/\" data-internallinksmanager029f6b8e52c=\"315\" title=\"Franciaorsz\u00e1gba k\u00f6lt\u00f6zik? 2023 Meg\u00e9lhet\u00e9si k\u00f6lts\u00e9gek \u00e9s k\u00f6lt\u00f6z\u00e9si tippek\">Franciaorsz\u00e1g<\/a>. Nem is k\u00edv\u00e1nhattunk volna jobbat a sr\u00e1cokt\u00f3l, hogy csomagoljanak \u00e9s kirakodjanak a <a href=\"https:\/\/moverdb.com\/hu\/moving-to-the-united-states\/\" data-internallinksmanager029f6b8e52c=\"94\" title=\"Az Egyes\u00fclt \u00c1llamokba k\u00f6lt\u00f6zik? 2022 Meg\u00e9lhet\u00e9si k\u00f6lts\u00e9gek \u00e9s k\u00f6lt\u00f6z\u00e9si tippek\">us<\/a>.\"<\/em> - Sue &amp; David kereszt\u00fcl Burke Bros <a href=\"http:\/\/burkebros.co.uk\/about_us\/testimonials\/\" target=\"_blank\" rel=\"noopener\">aj\u00e1nl\u00f3 oldal<\/a><\/li>\n<li> <em>\"A Burke Bros-t haszn\u00e1ltuk, hogy az Egyes\u00fclt Kir\u00e1lys\u00e1gb\u00f3l a franciaorsz\u00e1gi Dordogne-ba k\u00f6lt\u00f6zz\u00fcnk, nem az\u00e9rt, mert \u00e9sszer\u0171ek voltak a d\u00edjaikkal, hanem az\u00e9rt, mert professzion\u00e1lis m\u00f3don kezelt\u00e9k a munk\u00e1t az elej\u00e9t\u0151l a v\u00e9g\u00e9ig.\"<\/em> - Malcolm via <a href=\"https:\/\/www.yell.com\/biz\/burke-bros-worldwide-moving-group-wolverhampton-900810900\/\" target=\"_blank\" rel=\"noopener\">Yell<\/a><\/li>\n<\/ul>\n<p><strong>Negat\u00edv <\/strong><\/p>\n<ul>\n<li> <em>35 \u00e9v legrosszabb k\u00f6lt\u00f6z\u00e9si tapasztalata (8 k\u00f6lt\u00f6z\u00e9s)<\/em> - Mr D Neal via <a href=\"http:\/\/www.removalreviews.co.uk\/movingreviews\/appalling-12193\" target=\"_blank\" rel=\"noopener\">Elt\u00e1vol\u00edt\u00e1s V\u00e9lem\u00e9nyek<\/a><\/li>\n<li> \"Ne pazarolja a p\u00e9nz\u00e9t.\" - Thibit kereszt\u00fcl <a href=\"https:\/\/www.yell.com\/biz\/burke-bros-worldwide-moving-group-wolverhampton-900810900\/\" target=\"_blank\" rel=\"noopener\">Yell<\/a><\/li>\n<\/li>\n<\/ul>\n<div itemprop=\"review\" itemscope itemtype=\"http:\/\/schema.org\/Review\">\n<span itemprop=\"author\" itemscope=\"\" itemtype=\"http:\/\/schema.org\/Organization\"><span itemprop=\"name\">MoverDB.com<\/span><\/span> Online weboldal-fel\u00fclvizsg\u00e1lat a <span itemprop=\"itemreviewed\" itemscope=\"\" itemtype=\"http:\/\/schema.org\/Brand\"><span itemprop=\"name\">Burke Bros Moving Group<\/span><\/span>:<\/p>\n<ol>\n<li> Egy\u00e9rtelm\u0171 el\u00e9rhet\u0151s\u00e9gek a weboldalon (bele\u00e9rtve a telefonsz\u00e1mot is): <strong>Igen<\/strong><\/li>\n<li> K\u00f6nnyen beszerezhet\u0151 <a href=\"https:\/\/moverdb.com\/hu\/idezi\/\">nemzetk\u00f6zi k\u00f6lt\u00f6ztet\u00e9si \u00e1raj\u00e1nlatok<\/a>? (Online \u00e1raj\u00e1nlatk\u00e9r\u0151 \u0171rlap): <strong>Igen<\/strong><\/li>\n<li> Egy\u00e9rtelm\u0171 inform\u00e1ci\u00f3k a honlapon: <strong>Igen,<\/strong> bele\u00e9rtve az \u00e1ltaluk kiszolg\u00e1lt k\u00fcl\u00f6nb\u00f6z\u0151 orsz\u00e1gok \u00fatik\u00f6nyveit is.<\/li>\n<li> Tags\u00e1g nemzetk\u00f6zi elismert mozgat\u00f3 szervezetekben: <strong>Igen<\/strong>l\u00e1sd fentebb.<\/li>\n<li> \u00dcgyfelek list\u00e1ja \u00e9s\/vagy kor\u00e1bbi v\u00e1s\u00e1rl\u00f3i aj\u00e1nl\u00e1sok: <strong>N\u00e9h\u00e1nyan,<\/strong> v\u00e1logatott sz\u00e1m\u00fa aj\u00e1nl\u00f3lev\u00e9llel rendelkeznek a honlapjukon, m\u00e1s honlapokon pedig \u00e1ltal\u00e1ban v\u00e9ve pozit\u00edv v\u00e9lem\u00e9nyekkel.<\/li>\n<\/ol>\n<div itemprop=\"reviewRating\" itemscope itemtype=\"http:\/\/schema.org\/Rating\"><meta itemprop=\"worstRating\" content = \"0\" \/><meta itemprop=\"bestRating\" content=\"5\" \/><meta itemprop=\"ratingValue\" content=\"4.5\"><\/div>\n<p><strong>\u00c1ltal\u00e1nos pontsz\u00e1m: 4.5\/5<\/strong><br \/>\n<strong>Fel\u00fclvizsg\u00e1lat d\u00e1tuma:<\/strong> <span itemprop=\"datePublished\" content=\"2016-09-03\">03\/09\/2016<\/span>\n<\/div>\n<p>Tov\u00e1bbi inform\u00e1ci\u00f3 <a href=\"https:\/\/moverdb.com\/hu\/nemzetkozi-koltoztetes\/\">nemzetk\u00f6zi k\u00f6lt\u00f6ztet\u00e9sek<\/a> \u00e9s a mi <a href=\"https:\/\/moverdb.com\/hu\/ertekelesek\/\">fel\u00fclvizsg\u00e1lati folyamat.<\/a>.<\/p>\n<p><strong>Weboldal:<\/strong> <a href=\"http:\/\/burkebros.co.uk\/\" target=\"_blank\" rel=\"noopener\">http:\/\/burkebros.co.uk<\/a><\/p>","protected":false},"excerpt":{"rendered":"<p>Burke Bros are worldwide movers, storers, shippers and global relocation experts. Listed below are the services they offer, followed by a company profile and various reviews. Corporate and Personal International Removals Dedicated corporate team Comprehensive door to door service Free moving survey Network of reputable relocation experts world wide Dedicated export packing team International quarantine [&hellip;]<\/p>\n","protected":false},"author":1,"featured_media":0,"parent":0,"menu_order":0,"comment_status":"closed","ping_status":"closed","template":"","meta":{"_genesis_hide_title":false,"_genesis_hide_breadcrumbs":false,"_genesis_hide_singular_image":false,"_genesis_hide_footer_widgets":false,"_genesis_custom_body_class":"","_genesis_custom_post_class":"","_genesis_layout":"","footnotes":""},"class_list":{"0":"post-920","1":"page","2":"type-page","3":"status-publish","5":"entry"},"_links":{"self":[{"href":"https:\/\/moverdb.com\/hu\/wp-json\/wp\/v2\/pages\/920","targetHints":{"allow":["GET"]}}],"collection":[{"href":"https:\/\/moverdb.com\/hu\/wp-json\/wp\/v2\/pages"}],"about":[{"href":"https:\/\/moverdb.com\/hu\/wp-json\/wp\/v2\/types\/page"}],"author":[{"embeddable":true,"href":"https:\/\/moverdb.com\/hu\/wp-json\/wp\/v2\/users\/1"}],"replies":[{"embeddable":true,"href":"https:\/\/moverdb.com\/hu\/wp-json\/wp\/v2\/comments?post=920"}],"version-history":[{"count":5,"href":"https:\/\/moverdb.com\/hu\/wp-json\/wp\/v2\/pages\/920\/revisions"}],"predecessor-version":[{"id":6189,"href":"https:\/\/moverdb.com\/hu\/wp-json\/wp\/v2\/pages\/920\/revisions\/6189"}],"wp:attachment":[{"href":"https:\/\/moverdb.com\/hu\/wp-json\/wp\/v2\/media?parent=920"}],"curies":[{"name":"wp","href":"https:\/\/api.w.org\/{rel}","templated":true}]}}