{"id":908,"date":"2016-10-12T05:28:52","date_gmt":"2016-10-12T05:28:52","guid":{"rendered":"http:\/\/moverdb.com\/?page_id=908"},"modified":"2026-01-08T14:47:34","modified_gmt":"2026-01-08T14:47:34","slug":"arpin-international","status":"publish","type":"page","link":"https:\/\/moverdb.com\/hu\/arpin-international\/","title":{"rendered":"Arpin International: K\u00f6lt\u00f6ztet\u00e9s \u00e9s k\u00f6lt\u00f6ztet\u00e9s V\u00e9lem\u00e9nyek"},"content":{"rendered":"<p>Az Arpin International egy glob\u00e1lis <a href=\"https:\/\/moverdb.com\/hu\/international-removals\/\" data-internallinksmanager029f6b8e52c=\"27\" title=\"36 legjobb nemzetk\u00f6zi k\u00f6lt\u00f6ztet\u0151 c\u00e9gek az Egyes\u00fclt Kir\u00e1lys\u00e1gban\">k\u00f6lt\u00f6ztet\u0151 c\u00e9g<\/a> \u00e9s sz\u00e1mos szolg\u00e1ltat\u00e1ssal, amelyek az al\u00e1bbiakban vannak felsorolva. Olvassa el a c\u00e9g profilj\u00e1t \u00e9s \u00e9rt\u00e9kel\u00e9seit is. Felh\u00edvjuk figyelm\u00e9t, hogy ez az American <a href=\"https:\/\/moverdb.com\/hu\/moving-companies\/\" data-internallinksmanager029f6b8e52c=\"79\" title=\"Top 25 nemzetk\u00f6zi k\u00f6lt\u00f6ztet\u0151 c\u00e9gek online\">k\u00f6lt\u00f6ztet\u0151 c\u00e9g<\/a> <a href=\"https:\/\/moverdb.com\/hu\/arpin-van-lines\/\">Arpin Van Lines<\/a>.<\/p>\n<p><strong>Nemzetk\u00f6zi k\u00f6lt\u00f6z\u00e9sek<\/strong><\/p>\n<ul>\n<li> H\u00e1zhoz men\u0151 szolg\u00e1ltat\u00e1s<\/li>\n<li> Csomagol\u00e1s \u00e9s kicsomagol\u00e1s<\/li>\n<li> Dedik\u00e1lt nemzetk\u00f6zi k\u00f6lt\u00f6z\u00e9si koordin\u00e1tor (IMC)<\/li>\n<li> Az IMC b\u00e1rmikor el\u00e9rhet\u0151 telefonon, faxon vagy e-mailben.<\/li>\n<li> Az IMC-k mind <a href=\"https:\/\/moverdb.com\/hu\/fidi-faim\/\" data-internallinksmanager029f6b8e52c=\"16\" title=\"FIDI &amp; FAIM (FIDI akkredit\u00e1lt nemzetk\u00f6zi fuvaroz\u00f3) magyar\u00e1zata\">FIDI<\/a> k\u00e9pzett<\/li>\n<li> Az ArpinTRAC lehet\u0151v\u00e9 teszi az \u00fcgyfelek sz\u00e1m\u00e1ra, hogy 24\/7 nyomon k\u00f6vethess\u00e9k a sz\u00e1ll\u00edtm\u00e1nyt.<\/li>\n<li> V\u00e1llalati, mag\u00e1n-, korm\u00e1nyzati \u00e9s katonai k\u00f6lt\u00f6z\u00e9sek<\/li>\n<li> V\u00e1mkezel\u00e9s<\/li>\n<li> H\u00e1zi\u00e1llat \u00e1thelyez\u00e9s<\/li>\n<li> Aut\u00f3sz\u00e1ll\u00edt\u00e1s<\/li>\n<li> Seg\u00edts\u00e9g a h\u00e1zkeres\u00e9sben<\/li>\n<li> Seg\u00edts\u00e9gny\u00fajt\u00e1s az iskol\u00e1knak<\/li>\n<li> Orvosi seg\u00edts\u00e9gny\u00fajt\u00e1s<\/li>\n<\/ul>\n<p><strong>T\u00e1rol\u00e1s<\/strong><\/p>\n<ul>\n<li> Hossz\u00fa vagy r\u00f6vid t\u00e1v\u00fa t\u00e1rol\u00e1s vil\u00e1gszerte<\/li>\n<li> CCTV megfigyel\u00e9s<\/li>\n<\/ul>\n<h2>Arpin International c\u00e9gprofil<\/h2>\n<p>Az Arpin International az 1900-ban alap\u00edtott Arpin International csoport r\u00e9sze. A mai \u00fcgyvezet\u0151 aleln\u00f6k, Peter Arpin a negyedik gener\u00e1ci\u00f3, aki a v\u00e1llalat \u00e9l\u00e9n \u00e1ll. Mag\u00e1t az Arpin International-t 1989-ben alap\u00edtott\u00e1k, sz\u00e9khelye pedig a k\u00f6vetkez\u0151 v\u00e1rosban tal\u00e1lhat\u00f3 <a href=\"https:\/\/moverdb.com\/hu\/moving-to-the-united-states\/moving-to-rhode-island\/\" data-internallinksmanager029f6b8e52c=\"450\" title=\"Rhode Islandre k\u00f6lt\u00f6zik? 2024 Lakhat\u00e1si k\u00f6lts\u00e9gek \u00e9s k\u00f6lt\u00f6z\u00e9si tippek\">Rhode Island<\/a>, <a href=\"https:\/\/moverdb.com\/hu\/moving-to-the-united-states\/\" data-internallinksmanager029f6b8e52c=\"94\" title=\"Az Egyes\u00fclt \u00c1llamokba k\u00f6lt\u00f6zik? 2022 Meg\u00e9lhet\u00e9si k\u00f6lts\u00e9gek \u00e9s k\u00f6lt\u00f6z\u00e9si tippek\">USA<\/a>. <\/p>\n<p>A v\u00e1llalatnak 385 \u00fcgyn\u00f6ke van az Egyes\u00fclt \u00c1llamokban, valamint irod\u00e1i az EMEA- \u00e9s APAC-r\u00e9gi\u00f3ban. A v\u00e1llalat fels\u0151 vezet\u00e9se t\u00f6bb mint 25 \u00e9ves tapasztalattal rendelkezik a vil\u00e1g minden t\u00e1j\u00e1n t\u00f6rt\u00e9n\u0151 szem\u00e9lysz\u00e1ll\u00edt\u00e1sban.<\/p>\n<p>Az Arpin International c\u00e9lja, hogy a szolg\u00e1ltat\u00e1s \u00e9s az \u00e1r legjobb kombin\u00e1ci\u00f3j\u00e1t ny\u00fajtsa \u00fcgyfeleinek. Alkalmazottaik k\u00f6z\u00fcl sokan \u00e9let\u00fck sor\u00e1n valamikor k\u00fclf\u00f6ld\u00f6n \u00e9ltek, \u00edgy meg\u00e9rtik azokat a kih\u00edv\u00e1sokat, amelyekkel a csal\u00e1dok szembes\u00fclnek, amikor egy m\u00e1sik orsz\u00e1gba k\u00f6lt\u00f6znek. <\/p>\n<p>Az Arpin International munkat\u00e1rsai igyekeznek a k\u00f6lt\u00f6z\u00e9st a lehet\u0151 legf\u00e1jdalommentesebb\u00e9 tenni az\u00e1ltal, hogy gondoskodnak a felmer\u00fcl\u0151 kisebb-nagyobb probl\u00e9m\u00e1kr\u00f3l.<\/p>\n<p>A v\u00e1llalat fenntarthat\u00f3s\u00e1gi bizotts\u00e1got hozott l\u00e9tre, hogy \"z\u00f6ldebb j\u00f6v\u0151t \u00e9p\u00edtsen\" az elj\u00f6vend\u0151 gener\u00e1ci\u00f3k sz\u00e1m\u00e1ra. Sokkal t\u00f6bbet akarnak visszaadni a helyi k\u00f6z\u00f6ss\u00e9geknek, az iparnak \u00e9s a vil\u00e1gnak, mint amennyit elvettek.<\/p>\n<p>Az Arpin International a k\u00f6vetkez\u0151 akkredit\u00e1ci\u00f3kkal \u00e9s kapcsolatokkal rendelkezik:<\/p>\n<ul>\n<li> <a href=\"https:\/\/moverdb.com\/hu\/fidi-faim\/\">FIDI<\/a><\/li>\n<li> <a href=\"https:\/\/moverdb.com\/hu\/fidi-faim\/\">FAIM<\/a><\/li>\n<li> <a href=\"https:\/\/moverdb.com\/hu\/british-association-of-removers\/\">A Brit K\u00f6lt\u00f6ztet\u0151k Sz\u00f6vets\u00e9ge<\/a> (<a href=\"https:\/\/moverdb.com\/hu\/british-association-of-removers\/\" data-internallinksmanager029f6b8e52c=\"9\" title=\"A Brit K\u00f6lt\u00f6ztet\u0151k Sz\u00f6vets\u00e9ge (BAR) magyar\u00e1zata\">BAR<\/a>)<\/li>\n<li> <a href=\"https:\/\/moverdb.com\/hu\/en-vagyok\/\">A Nemzetk\u00f6zi K\u00f6lt\u00f6ztet\u0151k Sz\u00f6vets\u00e9ge<\/a> (IMA)<\/li>\n<li> V\u00e1mkereskedelmi partners\u00e9g a terrorizmus ellen<\/li>\n<li> <a href=\"https:\/\/moverdb.com\/hu\/lacma\/\">LACMA<\/a><\/li>\n<li> <a href=\"https:\/\/moverdb.com\/hu\/employee-relocation-council\/\">Vil\u00e1gszerte ERC<\/a><\/li>\n<li> <a href=\"https:\/\/moverdb.com\/hu\/eura\/\">EuRA<\/a><\/li>\n<\/ul>\n<h2>Arpin International V\u00e9lem\u00e9nyek<\/h2>\n<p><em>M\u00edg az Arpin International nem rendelkezik online \u00e9rt\u00e9kel\u00e9sekkel, addig az al\u00e1bbiakat olvashatja <a href=\"https:\/\/moverdb.com\/hu\/arpin-van-lines\/\">az Arpin Van Lines \u00e9rt\u00e9kel\u00e9sei itt<\/a>.<\/em><\/p>\n<div itemprop=\"review\" itemscope itemtype=\"http:\/\/schema.org\/Review\">\n<span itemprop=\"author\" itemscope=\"\" itemtype=\"http:\/\/schema.org\/Organization\"><span itemprop=\"name\">MoverDB.com<\/span><\/span> Online weboldal-fel\u00fclvizsg\u00e1lat a <span itemprop=\"itemreviewed\" itemscope=\"\" itemtype=\"http:\/\/schema.org\/Brand\"><span itemprop=\"name\">Arpin International<\/span><\/span>:<\/p>\n<ol>\n<li> Egy\u00e9rtelm\u0171 el\u00e9rhet\u0151s\u00e9gek a weboldalon (bele\u00e9rtve a telefonsz\u00e1mot is): <strong>Igen<\/strong><\/li>\n<li> K\u00f6nnyen beszerezhet\u0151 <a href=\"https:\/\/moverdb.com\/hu\/idezi\/\">nemzetk\u00f6zi k\u00f6lt\u00f6ztet\u00e9si \u00e1raj\u00e1nlatok<\/a>? (Online \u00e1raj\u00e1nlatk\u00e9r\u0151 \u0171rlap): <strong>Nem<\/strong><\/li>\n<li> Egy\u00e9rtelm\u0171 inform\u00e1ci\u00f3k a honlapon: <strong>Nem igaz\u00e1n<\/strong>, a weboldal lass\u00fa \u00e9s kev\u00e9s inform\u00e1ci\u00f3t tartalmaz.<\/li>\n<li> Tags\u00e1g nemzetk\u00f6zi elismert mozgat\u00f3 szervezetekben: <strong>Igen<\/strong><\/li>\n<li> \u00dcgyfelek list\u00e1ja \u00e9s\/vagy kor\u00e1bbi v\u00e1s\u00e1rl\u00f3i aj\u00e1nl\u00e1sok: <strong>Nem,<\/strong> \u00e9s nem tal\u00e1ltunk \u00e9rt\u00e9kel\u00e9st az interneten.<\/li>\n<\/ol>\n<div itemprop=\"reviewRating\" itemscope itemtype=\"http:\/\/schema.org\/Rating\"><meta itemprop=\"worstRating\" content = \"0\" \/><meta itemprop=\"bestRating\" content=\"5\" \/><meta itemprop=\"ratingValue\" content=\"4\"><\/div>\n<p><strong>\u00c1ltal\u00e1nos pontsz\u00e1m: 4\/5<\/strong> - <em>K\u00e9rj\u00fck, vegye figyelembe, hogy ez a pontsz\u00e1m az Arpin Van Linesra vonatkozik, mivel t\u00fal kev\u00e9s inform\u00e1ci\u00f3 \u00e1ll rendelkez\u00e9sre ahhoz, hogy az Arpin Internationalra vonatkoz\u00f3an k\u00fcl\u00f6n \u00e9rt\u00e9kel\u00e9st lehessen adni. <\/em><br \/>\n<strong>Fel\u00fclvizsg\u00e1lat d\u00e1tuma:<\/strong> <span itemprop=\"datePublished\" content=\"2016-10-12\">12\/10\/16<\/span>\n<\/div>\n<p>Tov\u00e1bbi inform\u00e1ci\u00f3 <a href=\"https:\/\/moverdb.com\/hu\/koltozteto-cegek\/\" target=\"_blank\" rel=\"noopener\">nemzetk\u00f6zi k\u00f6lt\u00f6ztet\u0151 c\u00e9gek<\/a>, <a href=\"https:\/\/moverdb.com\/hu\/nemzetkozi-koltoztetes\/\">k\u00f6lt\u00f6ztet\u0151 c\u00e9gek<\/a> \u00e9s a mi <a href=\"https:\/\/moverdb.com\/hu\/ertekelesek\/\">fel\u00fclvizsg\u00e1lati folyamat<\/a>.<\/p>\n<p><strong>Weboldal:<\/strong> <a href=\"http:\/\/www.arpinintl.com\/\" target=\"_blank\" rel=\"noopener\">http:\/\/www.arpinintl.com\/<\/a><\/p>","protected":false},"excerpt":{"rendered":"<p>Arpin International is a global removals company and with many services which are listed below. Also read their company profile and reviews. Please note that it&#8217;s the international branch of American moving company Arpin Van Lines. International Moves Door to door service Packing and unpacking Dedicated International Move Coordinator (IMC) IMC available by telephone, fax [&hellip;]<\/p>\n","protected":false},"author":1,"featured_media":0,"parent":0,"menu_order":0,"comment_status":"closed","ping_status":"closed","template":"","meta":{"_genesis_hide_title":false,"_genesis_hide_breadcrumbs":false,"_genesis_hide_singular_image":false,"_genesis_hide_footer_widgets":false,"_genesis_custom_body_class":"","_genesis_custom_post_class":"","_genesis_layout":"","footnotes":""},"class_list":{"0":"post-908","1":"page","2":"type-page","3":"status-publish","5":"entry"},"_links":{"self":[{"href":"https:\/\/moverdb.com\/hu\/wp-json\/wp\/v2\/pages\/908","targetHints":{"allow":["GET"]}}],"collection":[{"href":"https:\/\/moverdb.com\/hu\/wp-json\/wp\/v2\/pages"}],"about":[{"href":"https:\/\/moverdb.com\/hu\/wp-json\/wp\/v2\/types\/page"}],"author":[{"embeddable":true,"href":"https:\/\/moverdb.com\/hu\/wp-json\/wp\/v2\/users\/1"}],"replies":[{"embeddable":true,"href":"https:\/\/moverdb.com\/hu\/wp-json\/wp\/v2\/comments?post=908"}],"version-history":[{"count":4,"href":"https:\/\/moverdb.com\/hu\/wp-json\/wp\/v2\/pages\/908\/revisions"}],"predecessor-version":[{"id":6175,"href":"https:\/\/moverdb.com\/hu\/wp-json\/wp\/v2\/pages\/908\/revisions\/6175"}],"wp:attachment":[{"href":"https:\/\/moverdb.com\/hu\/wp-json\/wp\/v2\/media?parent=908"}],"curies":[{"name":"wp","href":"https:\/\/api.w.org\/{rel}","templated":true}]}}