{"id":906,"date":"2018-01-30T05:37:29","date_gmt":"2018-01-30T05:37:29","guid":{"rendered":"http:\/\/moverdb.com\/?page_id=906"},"modified":"2026-01-08T14:48:24","modified_gmt":"2026-01-08T14:48:24","slug":"fox-moving","status":"publish","type":"page","link":"https:\/\/moverdb.com\/hu\/fox-moving\/","title":{"rendered":"Fox K\u00f6lt\u00f6ztet\u00e9s \u00e9s rakt\u00e1roz\u00e1s: Fox Fox k\u00f6lt\u00f6ztet\u00e9s: Nemzetk\u00f6zi k\u00f6lt\u00f6ztet\u00e9sek V\u00e9lem\u00e9nyek"},"content":{"rendered":"<p>A Fox Moving &amp; Storage sz\u00e9khelye a walesi Cwmbranban tal\u00e1lhat\u00f3. Az al\u00e1bbiakban a nemzetk\u00f6zi \u00e9s helyi szolg\u00e1ltat\u00e1saik list\u00e1j\u00e1t, valamint a c\u00e9g profilj\u00e1t \u00e9s \u00e9rt\u00e9kel\u00e9seit tal\u00e1lja.<\/p>\n<p><strong>Nemzetk\u00f6zi k\u00f6lt\u00f6z\u00e9s - v\u00e1llalati \u00e9s egy\u00e9ni<\/strong><\/p>\n<ul>\n<li> Szem\u00e9lyes <a href=\"https:\/\/moverdb.com\/hu\/international-removals\/\" data-internallinksmanager029f6b8e52c=\"27\" title=\"36 legjobb nemzetk\u00f6zi k\u00f6lt\u00f6ztet\u0151 c\u00e9gek az Egyes\u00fclt Kir\u00e1lys\u00e1gban\">nemzetk\u00f6zi k\u00f6lt\u00f6ztet\u00e9sek<\/a> \u00fcgyn\u00f6k<\/li>\n<li> \u00c1tfog\u00f3 \u00e1raj\u00e1nlat, k\u00f6lt\u00f6z\u00e9si \u00fctemterv \u00e9s id\u0151beoszt\u00e1s<\/li>\n<li> Szak\u00e9rt\u0151 csomagol\u00f3 csapat<\/li>\n<li> V\u00e1m- \u00e9s j\u00f6ved\u00e9ki dokument\u00e1ci\u00f3t biztos\u00edt<\/li>\n<li> Helyi \u00fcgyn\u00f6k\u00f6k a rendeltet\u00e9si orsz\u00e1gban<\/li>\n<\/ul>\n<p><strong>Eur\u00f3p\u00e1ba k\u00f6lt\u00f6z\u00e9s - V\u00e1llalati \u00e9s egy\u00e9ni<\/strong><\/p>\n<ul>\n<li> Szem\u00e9lyes eur\u00f3pai k\u00f6lt\u00f6ztet\u0151 csapat<\/li>\n<li> \u00c1tfog\u00f3 \u00e1raj\u00e1nlat \u00e9s k\u00f6lt\u00f6z\u00e9si \u00fctemterv<\/li>\n<li> Szak\u00e9rt\u0151 csomagol\u00f3 csapat<\/li>\n<li> Kis terhek elfogadva <\/li>\n<li> K\u00f6z\u00fati sz\u00e1ll\u00edt\u00e1sok az eur\u00f3pai kontinensre<\/li>\n<li> Sz\u00e1ll\u00edt\u00e1sok tengeri szigetekre komphaj\u00f3val vagy tengeri kont\u00e9nerrel<\/li>\n<li> Kelet-Eur\u00f3p\u00e1ba tengeri kont\u00e9nerrel \u00e9s\/vagy k\u00f6z\u00faton t\u00f6rt\u00e9n\u0151 sz\u00e1ll\u00edt\u00e1sok<\/li>\n<li> Adott esetben behozatali \u00e9s v\u00e1minform\u00e1ci\u00f3k<\/li>\n<\/ul>\n<p><strong>Nemzetk\u00f6zi \u00e9s helyi kereskedelmi \u00e9s irodai k\u00f6lt\u00f6ztet\u00e9s specialist\u00e1i<\/strong><\/p>\n<ul>\n<li> Egy vezet\u0151 kereskedelmi k\u00e9pvisel\u0151t jel\u00f6lnek ki<\/li>\n<li> R\u00e9szletes \u00e1raj\u00e1nlat \u00e9s \u00fctemterv<\/li>\n<li> C\u00e9lzottan tervezett l\u00e1d\u00e1k a pap\u00edrmunka \u00e9s a kisebb t\u00e1rgyak elsz\u00e1ll\u00edt\u00e1s\u00e1hoz<\/li>\n<li> L\u00e1d\u00e1k (z\u00e1rt \u00e9s fedeles), csomagol\u00f3anyagok, kocsik, v\u00e9d\u0151burkolatok \u00e9s kocsik teljes v\u00e1laszt\u00e9ka.<\/li>\n<li> Teljesen v\u00e9dett IT-berendez\u00e9sek<\/li>\n<li> Informatikai szem\u00e9lyzet a sz\u00e1m\u00edt\u00f3g\u00e9pek sz\u00e9tszerel\u00e9s\u00e9hez \u00e9s \u00f6sszeszerel\u00e9s\u00e9hez<\/li>\n<li> Iratt\u00e1r \u00e9s dokumentumt\u00e1rol\u00f3<\/li>\n<li> \u00cdr\u00f3asztalok, munka\u00e1llom\u00e1sok \u00e9s \u00e1llv\u00e1nyok sz\u00e9tszerel\u00e9se \u00e9s \u00fajb\u00f3li fel\u00e1ll\u00edt\u00e1sa<\/li>\n<li> Teljes k\u00f6r\u0171 vil\u00e1gm\u00e9ret\u0171 \u00e9s eur\u00f3pai sz\u00e1ll\u00edt\u00e1si szolg\u00e1ltat\u00e1s, valamint IT- \u00e9s kommunik\u00e1ci\u00f3s szolg\u00e1ltat\u00e1sok.<\/li>\n<\/ul>\n<p><strong>Mozg\u00e1s a <a href=\"https:\/\/moverdb.com\/hu\/moving-to-the-uk\/\" data-internallinksmanager029f6b8e52c=\"93\" title=\"Az Egyes\u00fclt Kir\u00e1lys\u00e1gba k\u00f6lt\u00f6zik? 2022 Meg\u00e9lhet\u00e9si k\u00f6lts\u00e9gek \u00e9s k\u00f6lt\u00f6z\u00e9si tippek\">UK<\/a><\/strong><\/p>\n<ul>\n<li> Szem\u00e9lyes brit k\u00f6lt\u00f6ztet\u00e9si \u00fcgyn\u00f6k kijel\u00f6l\u00e9se<\/li>\n<li> R\u00e9szletes \u00edr\u00e1sbeli \u00e1raj\u00e1nlat<\/li>\n<li> H\u00e1zhoz men\u0151 szolg\u00e1ltat\u00e1s<\/li>\n<li> Szak\u00e9rt\u0151 csomagol\u00f3k<\/li>\n<li> Csomagol\u00f3anyagok biztos\u00edthat\u00f3k<\/li>\n<li> Megszervezett biztos\u00edt\u00e1s<\/li>\n<li> Elrendezett t\u00e1rol\u00e1s<\/li>\n<\/ul>\n<p><strong>T\u00e1rol\u00e1si megold\u00e1sok<\/strong><\/p>\n<ul>\n<li> \u00dczleti, kereskedelmi \u00e9s mag\u00e1n \u00f6nrakt\u00e1roz\u00f3 egys\u00e9gek<\/li>\n<li> Kont\u00e9neres t\u00e1rol\u00e1s<\/li>\n<li> Di\u00e1kt\u00e1rol\u00e1s<\/li>\n<li> \u00dczleti t\u00e1rol\u00e1s<\/li>\n<li> Arch\u00edvum t\u00e1rol\u00e1s<\/li>\n<li> 24 \u00f3r\u00e1s CCTV fel\u00fcgyelet<\/li>\n<li> Hozz\u00e1f\u00e9r\u00e9s munkaid\u0151ben<\/li>\n<\/ul>\n<p>\u0150k is <a href=\"https:\/\/moverdb.com\/hu\/atlas-van-lines-international\/\" rel=\"noopener\" target=\"_blank\">Atlas Van Lines<\/a> \u00fcgyn\u00f6k az Egyes\u00fclt Kir\u00e1lys\u00e1gban.<\/p>\n<h2>Fox K\u00f6lt\u00f6ztet\u00e9s \u00e9s rakt\u00e1roz\u00e1s<\/h2>\n<p>A Fox Moving &amp; Storage v\u00e1llalatot Roy Fox alap\u00edtotta 1971-ben. Csal\u00e1dja m\u00e1r az 1920-as \u00e9vek \u00f3ta foglalkozott k\u00f6lt\u00f6ztet\u00e9ssel \u00e9s rakt\u00e1roz\u00e1ssal. A c\u00e9g a megalakul\u00e1sa \u00f3ta egy kis csal\u00e1di v\u00e1llalkoz\u00e1sb\u00f3l, amely D\u00e9l-Wales-t szolg\u00e1lta ki, olyan c\u00e9gg\u00e9 n\u0151tte ki mag\u00e1t, amely ma m\u00e1r nemzetk\u00f6zi \u00e9s helyi v\u00e1llalati \u00e9s mag\u00e1n\u00fcgyfelek ig\u00e9nyeit is kiel\u00e9g\u00edti. A v\u00e1llalatot ma Roy Fox fia \u00e9s k\u00e9t unok\u00e1ja vezeti. <\/p>\n<p>A Fox Moving &amp; Storage v\u00e1llalja, hogy \u00fagy v\u00e9gzi \u00fczleti tev\u00e9kenys\u00e9g\u00e9t, hogy teljes m\u00e9rt\u00e9kben tiszteletben tartja a k\u00f6rnyezetet, a munkav\u00e1llal\u00f3kat \u00e9s ami a legfontosabb, az \u00fcgyfeleket. Azt is v\u00e1llalj\u00e1k, hogy biztons\u00e1gos \u00e9s hat\u00e9kony munkak\u00f6rnyezetet biztos\u00edtanak, amely nemcsak a munkat\u00e1rsaik, hanem az \u00fcgyfeleik sz\u00e1m\u00e1ra is el\u0151ny\u00f6s.<\/p>\n<p>A Fox Moving tags\u00e1gai \u00e9s akkredit\u00e1ci\u00f3i:<\/p>\n<ul>\n<li> <a href=\"https:\/\/moverdb.com\/hu\/british-association-of-removers\/\">A Brit K\u00f6lt\u00f6ztet\u0151k Sz\u00f6vets\u00e9ge<\/a> (<a href=\"https:\/\/moverdb.com\/hu\/british-association-of-removers\/\" data-internallinksmanager029f6b8e52c=\"9\" title=\"A Brit K\u00f6lt\u00f6ztet\u0151k Sz\u00f6vets\u00e9ge (BAR) magyar\u00e1zata\">BAR<\/a>)<\/li>\n<li> Kereskedelmi Szabv\u00e1ny\u00fcgyi Int\u00e9zet (TSI)<\/li>\n<li> <a href=\"https:\/\/moverdb.com\/hu\/bar-overseas\/\">A Brit K\u00f6lt\u00f6ztet\u0151k Sz\u00f6vets\u00e9g\u00e9nek tengerent\u00fali csoportja<\/a><\/li>\n<li> <a href=\"https:\/\/moverdb.com\/hu\/fidi-faim\/\">F\u00e9d\u00e9ration Internationale des D\u00e9m\u00e9nageurs Internationaux (Nemzetk\u00f6zi D\u00e9m\u00e9nageurs Internationaux Sz\u00f6vets\u00e9g)<\/a> (<a href=\"https:\/\/moverdb.com\/hu\/fidi-faim\/\" data-internallinksmanager029f6b8e52c=\"16\" title=\"FIDI &amp; FAIM (FIDI akkredit\u00e1lt nemzetk\u00f6zi fuvaroz\u00f3) magyar\u00e1zata\">FIDI<\/a>)<\/li>\n<li> <a href=\"https:\/\/moverdb.com\/hu\/fidi-faim\/\">FIDI akkredit\u00e1lt nemzetk\u00f6zi k\u00f6lt\u00f6ztet\u0151<\/a> (FAIM)<\/li>\n<li> Min\u0151s\u00e9gbiztos\u00edtott szolg\u00e1ltat\u00e1si szabv\u00e1ny - Kereskedelmi k\u00f6lt\u00f6ztet\u00e9s<\/li>\n<li> Min\u0151s\u00e9gbiztos\u00edtott szolg\u00e1ltat\u00e1si szabv\u00e1ny - Min\u0151s\u00e9gir\u00e1ny\u00edt\u00e1si rendszerek<\/li>\n<li> Min\u0151s\u00e9gbiztos\u00edtott szolg\u00e1ltat\u00e1si szabv\u00e1ny - K\u00f6rnyezetv\u00e9delmi ir\u00e1ny\u00edt\u00e1si rendszerek<\/li>\n<\/ul>\n<h2>Fox K\u00f6lt\u00f6ztet\u00e9s \u00e9s rakt\u00e1roz\u00e1s V\u00e9lem\u00e9nyek<\/h2>\n<p><strong>Pozit\u00edv<\/strong><\/p>\n<ul>\n<li> <em>\"Bar\u00e1ts\u00e1gos \u00e9s hat\u00e9kony k\u00f6lt\u00f6ztet\u0151 szem\u00e9lyzet.\"<\/em> - Mr Hamer via <a href=\"http:\/\/www.fox-moving.com\/reviews\/\" target=\"_blank\" rel=\"noopener\">Fox Moving \u00e9rt\u00e9kel\u00e9sek oldal<\/a><\/li>\n<li> <em>\"Kiv\u00e1l\u00f3, professzion\u00e1lis \u00e9s udvarias szolg\u00e1ltat\u00e1s. Egy\u00e1ltal\u00e1n nem volt panasz; minden a hat\u00e9kony terv szerint ment. A R\u00f3k\u00e1k nem a 'legolcs\u00f3bbak'; de azt kapod, ami\u00e9rt fizetsz - min\u0151s\u00e9get !\"<\/em> - Patricia via <a href=\"http:\/\/ww2.feefo.com\/en-us\/reviews\/fox-moving\/571f3e07498e08d16aafb163\/customer-review-top-notch-service\" target=\"_blank\" rel=\"noopener\">Feefo<\/a><\/li>\n<li> <em>\"A Fox-t\u00f3l kapott szolg\u00e1ltat\u00e1s fel\u00fclm\u00falhatatlan volt - a kezdeti megkeres\u00e9st\u0151l kezdve a befejez\u00e9sig. K\u00fcl\u00f6n k\u00f6sz\u00f6netet kell mondanom a k\u00f6lt\u00f6ztet\u0151imnek is aznap.\"<\/em> - Beverley kereszt\u00fcl <a href=\"http:\/\/trustedtraders.which.co.uk\/businesses\/fox-moving-storage-cwmbran\/\" target=\"_blank\" rel=\"noopener\">Megb\u00edzhat\u00f3 keresked\u0151k<\/a><\/li>\n<li> <em>\"Ugyanennyi \u00e9v alatt hatszor k\u00f6lt\u00f6zt\u00fcnk orsz\u00e1got. Legut\u00f3bb B\u00e9csb\u0151l k\u00f6lt\u00f6zt\u00fcnk <a href=\"https:\/\/moverdb.com\/hu\/moving-to-london\/\">London<\/a> \u00e9s ez volt a legjobb k\u00f6lt\u00f6z\u00e9s, amit valaha is \u00e1t\u00e9lt\u00fcnk, \u00e9s nem tudjuk el\u00e9gg\u00e9 megk\u00f6sz\u00f6nni a Foxnak.\"<\/em> - Sarah a Facebookon kereszt\u00fcl.<\/li>\n<\/ul>\n<p><strong>Negat\u00edv<\/strong><\/p>\n<ul>\n<li> <em>\"A feles\u00e9gem \u00e9s \u00e9n megd\u00f6bbent\u00fcnk, hogy milyen rossz volt a kiszolg\u00e1l\u00e1s. A szem\u00e9lyzet gondatlanul b\u00e1nt a holminkkal, semmit sem tettek a sz\u00f3ban forg\u00f3 napokon a sz\u00f6rny\u0171 id\u0151j\u00e1r\u00e1s ellen.\"<\/em> - Anthony via  <a href=\"http:\/\/ww2.feefo.com\/en-us\/reviews\/fox-moving\/571f3e07498e08d16aafb1a9\/customer-review-a-shockingly-bad-service\" target=\"_blank\" rel=\"noopener\">Feefo<\/a><\/li>\n<li> <em>\"A k\u00f6lt\u00f6ztet\u0151k sok k\u00e1rt okoztak az \u00e1rukban. Nem sok gondoss\u00e1got ford\u00edtottak. A t\u00e1rgyak mindenhol ott maradtak, bele\u00e9rtve a kint hagyott t\u00e1rgyakat is\"<\/em> - Paul via <a href=\"http:\/\/trustedtraders.which.co.uk\/businesses\/fox-moving-storage-cwmbran\/\" target=\"_blank\" rel=\"noopener\">Megb\u00edzhat\u00f3 keresked\u0151k<\/a><\/li>\n<li> <em>\"Megd\u00f6bbent\u0151 t\u00e1rsas\u00e1g. A k\u00f6lt\u00f6ztet\u0151k eg\u00e9sz nap vitatkoztak, veszekedtek \u00e9s k\u00e1romkodtak egym\u00e1ssal, \u00edgy az eg\u00e9sz am\u00fagy is stresszes k\u00f6lt\u00f6z\u00e9s egy r\u00e9m\u00e1lomm\u00e1 v\u00e1lt.\"<\/em> - Mike via <a href=\"https:\/\/www.yell.com\/biz\/fox-moving-and-storage-ltd-cwmbran-6113370\/\" target=\"_blank\" rel=\"noopener\">Yell<\/a><\/li>\n<\/ul>\n<div itemprop=\"review\" itemscope itemtype=\"http:\/\/schema.org\/Review\">\n<span itemprop=\"author\" itemscope=\"\" itemtype=\"http:\/\/schema.org\/Organization\"><span itemprop=\"name\">MoverDB.com<\/span><\/span> Online weboldal-fel\u00fclvizsg\u00e1lat a <span itemprop=\"itemreviewed\" itemscope=\"\" itemtype=\"http:\/\/schema.org\/Brand\"><span itemprop=\"name\">Fox K\u00f6lt\u00f6ztet\u00e9s \u00e9s rakt\u00e1roz\u00e1s<\/span><\/span>:<\/p>\n<ol>\n<li> Egy\u00e9rtelm\u0171 el\u00e9rhet\u0151s\u00e9gek a weboldalon (bele\u00e9rtve a telefonsz\u00e1mot is): <strong>Igen<\/strong><\/li>\n<li> K\u00f6nnyen beszerezhet\u0151 <a href=\"https:\/\/moverdb.com\/hu\/idezi\/\">nemzetk\u00f6zi k\u00f6lt\u00f6ztet\u00e9si \u00e1raj\u00e1nlatok<\/a>? (Online \u00e1raj\u00e1nlatk\u00e9r\u0151 \u0171rlap): <strong>Igen<\/strong><\/li>\n<li> Egy\u00e9rtelm\u0171 inform\u00e1ci\u00f3k a honlapon: <strong>Igen<\/strong>, A weboldal tele van hasznos inform\u00e1ci\u00f3kkal \u00e9s egy informat\u00edv bloggal.<\/li>\n<li> Tags\u00e1g nemzetk\u00f6zi elismert mozgat\u00f3 szervezetekben: <strong>Igen<\/strong>, l\u00e1sd fentebb<\/li>\n<li> \u00dcgyfelek list\u00e1ja \u00e9s\/vagy kor\u00e1bbi v\u00e1s\u00e1rl\u00f3i aj\u00e1nl\u00e1sok: <strong>Igen<\/strong>, Van egy oldal, amely az \u00fcgyf\u00e9lv\u00e9lem\u00e9nyeknek van szentelve a helysz\u00ednen, \u00e9s a webes v\u00e9lem\u00e9nyek \u00e1ltal\u00e1ban nagyon pozit\u00edvak, \u00e9s csak n\u00e9h\u00e1ny negat\u00edv v\u00e9lem\u00e9nyt tartalmaznak.<\/li>\n<\/ol>\n<div itemprop=\"reviewRating\" itemscope itemtype=\"http:\/\/schema.org\/Rating\"><meta itemprop=\"worstRating\" content = \"0\" \/><meta itemprop=\"bestRating\" content=\"5\" \/><meta itemprop=\"ratingValue\" content=\"5\"><\/div>\n<p><strong>\u00c1ltal\u00e1nos pontsz\u00e1m: 5\/5<\/strong><br \/>\n<strong>Fel\u00fclvizsg\u00e1lat d\u00e1tuma:<\/strong> <span itemprop=\"datePublished\" content=\"2018-01-30\">30\/01\/18<\/span>\n<\/div>\n<p>Tov\u00e1bbi inform\u00e1ci\u00f3 <a href=\"https:\/\/moverdb.com\/hu\/nemzetkozi-koltoztetes\/\">nemzetk\u00f6zi k\u00f6lt\u00f6ztet\u00e9sek<\/a> \u00e9s a mi <a href=\"https:\/\/moverdb.com\/hu\/ertekelesek\/\">fel\u00fclvizsg\u00e1lati folyamat<\/a>.<\/p>\n<p><strong>Weboldal:<\/strong> <a href=\"http:\/\/www.fox-moving.com\/\" target=\"_blank\" rel=\"noopener\">http:\/\/www.fox-moving.com\/<\/a><\/p>","protected":false},"excerpt":{"rendered":"<p>Fox Moving &#038; Storage is based in Cwmbran, Wales. Below you will find a list of their services both internationally and locally, together with a company profile and reviews. Moving Internationally &#8211; Corporate and Individual Personal international removals agent Comprehensive quotation, moving schedule and timescale Expert packing team Provides customs and excise documentation Local agents [&hellip;]<\/p>\n","protected":false},"author":1,"featured_media":0,"parent":0,"menu_order":0,"comment_status":"closed","ping_status":"closed","template":"","meta":{"_genesis_hide_title":false,"_genesis_hide_breadcrumbs":false,"_genesis_hide_singular_image":false,"_genesis_hide_footer_widgets":false,"_genesis_custom_body_class":"","_genesis_custom_post_class":"","_genesis_layout":"","footnotes":""},"class_list":{"0":"post-906","1":"page","2":"type-page","3":"status-publish","5":"entry"},"_links":{"self":[{"href":"https:\/\/moverdb.com\/hu\/wp-json\/wp\/v2\/pages\/906","targetHints":{"allow":["GET"]}}],"collection":[{"href":"https:\/\/moverdb.com\/hu\/wp-json\/wp\/v2\/pages"}],"about":[{"href":"https:\/\/moverdb.com\/hu\/wp-json\/wp\/v2\/types\/page"}],"author":[{"embeddable":true,"href":"https:\/\/moverdb.com\/hu\/wp-json\/wp\/v2\/users\/1"}],"replies":[{"embeddable":true,"href":"https:\/\/moverdb.com\/hu\/wp-json\/wp\/v2\/comments?post=906"}],"version-history":[{"count":9,"href":"https:\/\/moverdb.com\/hu\/wp-json\/wp\/v2\/pages\/906\/revisions"}],"predecessor-version":[{"id":6211,"href":"https:\/\/moverdb.com\/hu\/wp-json\/wp\/v2\/pages\/906\/revisions\/6211"}],"wp:attachment":[{"href":"https:\/\/moverdb.com\/hu\/wp-json\/wp\/v2\/media?parent=906"}],"curies":[{"name":"wp","href":"https:\/\/api.w.org\/{rel}","templated":true}]}}