{"id":895,"date":"2016-10-11T05:16:54","date_gmt":"2016-10-11T05:16:54","guid":{"rendered":"http:\/\/moverdb.com\/?page_id=895"},"modified":"2026-01-08T14:48:03","modified_gmt":"2026-01-08T14:48:03","slug":"constantine-moving","status":"publish","type":"page","link":"https:\/\/moverdb.com\/hu\/constantine-moving\/","title":{"rendered":"Constantine Moving: Nemzetk\u00f6zi K\u00f6lt\u00f6ztet\u00e9sek V\u00e9lem\u00e9nyek"},"content":{"rendered":"<p>A Constantine Moving szolg\u00e1ltat\u00e1sait az al\u00e1bbiakban a c\u00e9g profilja \u00e9s \u00e9rt\u00e9kel\u00e9sei k\u00f6vetik.<\/p>\n<p><strong>Nemzetk\u00f6zi k\u00f6lt\u00f6ztet\u00e9s<\/strong><\/p>\n<ul>\n<li> K\u00f6lt\u00f6z\u00e9s el\u0151tti tal\u00e1lkoz\u00f3<\/li>\n<li> Ingyenes \u00e1raj\u00e1nlat, k\u00f6lt\u00f6z\u00e9si terv \u00e9s menetrend<\/li>\n<li> Nagy tapasztalattal rendelkez\u0151, szakmailag k\u00e9pzett csomagol\u00f3 szem\u00e9lyzet<\/li>\n<li> El\u00e9rhet\u0151 t\u00e1rol\u00f3<\/li>\n<li> Tengeri sz\u00e1ll\u00edt\u00e1s<\/li>\n<li> L\u00e9gi sz\u00e1ll\u00edt\u00e1s<\/li>\n<li> K\u00f6z\u00fati sz\u00e1ll\u00edt\u00e1s<\/li>\n<li> V\u00e1mkezel\u00e9s<\/li>\n<li> Sz\u00e1ll\u00edt\u00e1s az \u00faj otthonba<\/li>\n<li> B\u00fatorok kicsomagol\u00e1sa \u00e9s \u00f6sszeszerel\u00e9se<\/li>\n<li> Az \u00f6sszes csomagol\u00e1s elt\u00e1vol\u00edt\u00e1sa \u00fajrahasznos\u00edt\u00e1s c\u00e9lj\u00e1b\u00f3l<\/li>\n<\/ul>\n<p><strong>K\u00e9pz\u0151m\u0171v\u00e9szeti mozgat\u00e1s<\/strong><\/p>\n<ul>\n<li> Tervez\u00e9si \u00e9s sz\u00f6vet tokok b\u00e1rmilyen m\u00e9ret\u0171 t\u00e1rgyhoz<\/li>\n<li> Dedik\u00e1lt projektkoordin\u00e1tor<\/li>\n<li> Speci\u00e1lis csomagol\u00f3anyagok<\/li>\n<li> Szakmailag k\u00e9pzett, nagy tapasztalattal rendelkez\u0151 csomagol\u00f3technikusok<\/li>\n<li> K\u00f6z\u00fati, l\u00e9gi vagy tengeri sz\u00e1ll\u00edt\u00e1s<\/li>\n<li> A kis, k\u00e9nyes t\u00e1rgyakt\u00f3l a nagy m\u00fazeumi darabokig mindent telep\u00edthet\u00fcnk.<\/li>\n<li> A technikusok kezel\u0151eszk\u00f6z\u00f6ket, p\u00e9ld\u00e1ul \u00e1llv\u00e1nyzatokat, l\u00e9tr\u00e1kat stb. hordoznak.<\/li>\n<li> 24 \u00f3r\u00e1s CCTV-vel ell\u00e1tott, p\u00e1ratartalom-szab\u00e1lyozott k\u00f6rnyezetben t\u00f6rt\u00e9n\u0151 t\u00e1rol\u00e1s<\/li>\n<li> M\u00fazeumi dekant\u00e1l\u00e1sok<\/li>\n<li> Gal\u00e9ria install\u00e1ci\u00f3k<\/li>\n<li> Teljes gy\u0171jtem\u00e9ny \u00e1thelyez\u00e9se<\/li>\n<\/ul>\n<p><strong>T\u00e1rol\u00e1s<\/strong><\/p>\n<ul>\n<li> Kiterjedt biztons\u00e1gi int\u00e9zked\u00e9sekkel v\u00e9dett rakt\u00e1rhelyis\u00e9gek<\/li>\n<li> P\u00e1ratartalom szab\u00e1lyozott k\u00f6rnyezet a t\u00e1rolt kincsek v\u00e9delme \u00e9rdek\u00e9ben<\/li>\n<\/ul>\n<p><strong>Kieg\u00e9sz\u00edt\u0151 szolg\u00e1ltat\u00e1sok<\/strong><\/p>\n<ul>\n<li> <a href=\"https:\/\/moverdb.com\/hu\/car-transport-shipping\/\" data-internallinksmanager029f6b8e52c=\"2\" title=\"2026 Nemzetk\u00f6zi aut\u00f3sz\u00e1ll\u00edt\u00e1s \u00e9s j\u00e1rm\u0171sz\u00e1ll\u00edt\u00e1s \u00e1raj\u00e1nlatok\">Aut\u00f3sz\u00e1ll\u00edt\u00e1s<\/a> &amp; T\u00e1rol\u00e1s<\/li>\n<li> Kis\u00e1llat sz\u00e1ll\u00edt\u00e1s<\/li>\n<li> Ezermester (speci\u00e1lis b\u00fatorok, berendez\u00e9sek stb. sz\u00e9tszerel\u00e9se \u00e9s \u00f6sszeszerel\u00e9se)<\/li>\n<li> K\u00e9pakaszt\u00e1s\/m\u0171v\u00e9szeti install\u00e1ci\u00f3<\/li>\n<li> Speci\u00e1lis csomagol\u00e1s (t\u00f6r\u00e9keny vagy nagy \u00e9rt\u00e9k\u0171 t\u00e1rgyakhoz)<\/li>\n<li> Lak\u00e1stakar\u00edt\u00e1s<\/li>\n<li> Szobal\u00e1ny szolg\u00e1ltat\u00e1s (mos\u00e1s, elrak\u00e1s <a href=\"https:\/\/moverdb.com\/hu\/moving-to-china\/\" data-internallinksmanager029f6b8e52c=\"357\" title=\"K\u00edn\u00e1ba k\u00f6lt\u00f6zik? 2023 Meg\u00e9lhet\u00e9si k\u00f6lts\u00e9gek \u00e9s k\u00f6lt\u00f6z\u00e9si tippek\">porcel\u00e1n<\/a>, \u00fcveg\u00e1ruk, ruh\u00e1k stb.)<\/li>\n<li> Villanyszerel\u0151 vagy v\u00edzvezet\u00e9k-szerel\u0151<\/li>\n<li> M\u0171holdas TV-antenna lev\u00e1laszt\u00e1sa \u00e9s \u00fajb\u00f3li felszerel\u00e9se<\/li>\n<li> Speci\u00e1lis \"biztons\u00e1gos\" elt\u00e1vol\u00edt\u00e1s<\/li>\n<li> Ablak \u00e9s ajt\u00f3keret elt\u00e1vol\u00edt\u00e1sa \u00e9s \u00fajb\u00f3li beszerel\u00e9se<\/li>\n<li> K\u00fcls\u0151 lift (speci\u00e1lis emel\u0151) a fels\u0151 emeleteken kereszt\u00fcl t\u00f6rt\u00e9n\u0151 megk\u00f6zel\u00edt\u00e9shez.<\/li>\n<li> B\u00fator k\u00f6lcs\u00f6nz\u00e9s<\/li>\n<li> B\u00fator restaur\u00e1l\u00e1s \u00e9s jav\u00edt\u00e1s<\/li>\n<\/ul>\n<h2>Constantine K\u00f6lt\u00f6ztet\u0151 c\u00e9g profilja<\/h2>\n<p>A Constantine v\u00e1llalatcsoport a 19. sz\u00e1zad k\u00f6zep\u00e9n alakult, amikor Joseph Constantine \u00e9s m\u00e1s csal\u00e1dtagok felv\u00e1s\u00e1roltak egy vitorl\u00e1shaj\u00f3kat birtokl\u00f3 c\u00e9get. Mire a g\u0151z felv\u00e1ltotta a vitorl\u00e1st, a Constantine-csoport olyannyira kib\u0151v\u00fclt, hogy az egyik legnagyobb haj\u00f3tulajdonos lett a vil\u00e1gon. <a href=\"https:\/\/moverdb.com\/hu\/moving-to-the-uk\/\" data-internallinksmanager029f6b8e52c=\"93\" title=\"Az Egyes\u00fclt Kir\u00e1lys\u00e1gba k\u00f6lt\u00f6zik? 2022 Meg\u00e9lhet\u00e9si k\u00f6lts\u00e9gek \u00e9s k\u00f6lt\u00f6z\u00e9si tippek\">UK<\/a>.<\/p>\n<p>Az els\u0151 \u00e9s a m\u00e1sodik vil\u00e1gh\u00e1bor\u00fa sajnos elvitte a haj\u00f3ikat, \u00edgy a csoport az utaz\u00e1s fel\u00e9 fordult, <a href=\"https:\/\/moverdb.com\/hu\/szallitmanyozo\/\">sz\u00e1ll\u00edtm\u00e1nyoz\u00e1s<\/a> \u00e9s ingatlanbefektet\u00e9sek. Ma a Constantine Moving az emberek \u00e9s a k\u00e9pz\u0151m\u0171v\u00e9szeti alkot\u00e1sok vil\u00e1gszerte t\u00f6rt\u00e9n\u0151 mozgat\u00e1s\u00e1ra \u00f6sszpontos\u00edt. II. Erzs\u00e9bet kir\u00e1lyn\u0151nek ny\u00fajtott szolg\u00e1ltat\u00e1saik elismer\u00e9sek\u00e9nt b\u00fcszk\u00e9n birtokolnak kir\u00e1lyi kinevez\u00e9si oklevelet.<\/p>\n<p>Constantine Moving kapcsolatok \u00e9s akkredit\u00e1ci\u00f3k:<\/p>\n<ul>\n<li> <a href=\"https:\/\/moverdb.com\/hu\/british-association-of-removers\/\">A Brit K\u00f6lt\u00f6ztet\u0151k Sz\u00f6vets\u00e9ge<\/a> (<a href=\"https:\/\/moverdb.com\/hu\/british-association-of-removers\/\" data-internallinksmanager029f6b8e52c=\"9\" title=\"A Brit K\u00f6lt\u00f6ztet\u0151k Sz\u00f6vets\u00e9ge (BAR) magyar\u00e1zata\">BAR<\/a>)<\/li>\n<li> <a href=\"https:\/\/moverdb.com\/hu\/fidi-faim\/\">FIDI<\/a><\/li>\n<li> <a href=\"https:\/\/moverdb.com\/hu\/fidi-faim\/\">FAIM<\/a><\/li>\n<li> Kereskedelmi Szabv\u00e1ny\u00fcgyi Int\u00e9zet (TSI)<\/li>\n<li> <a href=\"https:\/\/moverdb.com\/hu\/en-vagyok\/\">K\u00f6lt\u00f6ztet\u0151k Nemzetk\u00f6zi Sz\u00f6vets\u00e9ge<\/a> (<a href=\"https:\/\/moverdb.com\/hu\/iam\/\" data-internallinksmanager029f6b8e52c=\"23\" title=\"A K\u00f6lt\u00f6ztet\u0151k Nemzetk\u00f6zi Sz\u00f6vets\u00e9ge (IAM) magyar\u00e1zata\">IAM<\/a>)<\/li>\n<li> M\u0171v\u00e9szetsz\u00e1ll\u00edt\u00f3k Nemzetk\u00f6zi Tal\u00e1lkoz\u00f3ja (ARTIM)<\/li>\n<li> \u0150fels\u00e9ge, a kir\u00e1lyn\u0151 kinevez\u00e9s\u00e9vel<\/li>\n<\/ul>\n<h2>Constantine Moving V\u00e9lem\u00e9nyek<\/h2>\n<p><em>Jelenleg nincsenek pozit\u00edv vagy negat\u00edv \u00e9rt\u00e9kel\u00e9sek a Constantine Moving online.<\/em><\/p>\n<div itemprop=\"review\" itemscope itemtype=\"http:\/\/schema.org\/Review\">\n<span itemprop=\"author\" itemscope=\"\" itemtype=\"http:\/\/schema.org\/Organization\"><span itemprop=\"name\">MoverDB.com<\/span><\/span> Online weboldal-fel\u00fclvizsg\u00e1lat a <span itemprop=\"itemreviewed\" itemscope=\"\" itemtype=\"http:\/\/schema.org\/Brand\"><span itemprop=\"name\">Constantine k\u00f6lt\u00f6z\u00e9s<\/span><\/span>:<\/p>\n<ol>\n<li> Egy\u00e9rtelm\u0171 el\u00e9rhet\u0151s\u00e9gek a weboldalon (bele\u00e9rtve a telefonsz\u00e1mot is): <strong>Igen<\/strong><\/li>\n<li> K\u00f6nnyen beszerezhet\u0151 <a href=\"https:\/\/moverdb.com\/hu\/idezi\/\">nemzetk\u00f6zi k\u00f6lt\u00f6ztet\u00e9si \u00e1raj\u00e1nlatok<\/a>? (Online \u00e1raj\u00e1nlatk\u00e9r\u0151 \u0171rlap): <strong>Nem<\/strong><\/li>\n<li> Egy\u00e9rtelm\u0171 inform\u00e1ci\u00f3k a honlapon: <strong>N\u00e9h\u00e1nyan,<\/strong> A weboldal nem tartalmaz sok r\u00e9szletes inform\u00e1ci\u00f3t. Ezt a tervez\u00e9si szakaszban szolg\u00e1ltatj\u00e1k.<\/li>\n<li> Tags\u00e1g nemzetk\u00f6zi elismert mozgat\u00f3 szervezetekben: <strong>Igen<\/strong>l\u00e1sd fentebb.<\/li>\n<li> \u00dcgyfelek list\u00e1ja \u00e9s\/vagy kor\u00e1bbi v\u00e1s\u00e1rl\u00f3i aj\u00e1nl\u00e1sok: <strong>Nem<\/strong>, b\u00e1r II. Erzs\u00e9bet kir\u00e1lyn\u0151 \u00e9s a kir\u00e1lyi csal\u00e1d is az \u00fcgyfeleik k\u00f6z\u00f6tt van.<\/li>\n<\/ol>\n<div itemprop=\"reviewRating\" itemscope itemtype=\"http:\/\/schema.org\/Rating\"><meta itemprop=\"worstRating\" content = \"0\" \/><meta itemprop=\"bestRating\" content=\"5\" \/><meta itemprop=\"ratingValue\" content=\"4\"><\/div>\n<p><strong>\u00c1ltal\u00e1nos pontsz\u00e1m: 4\/5<\/strong><br \/>\n<strong>Fel\u00fclvizsg\u00e1lat d\u00e1tuma:<\/strong> <span itemprop=\"datePublished\" content=\"2016-10-11\">11\/10\/16<\/span>\n<\/div>\n<p>Reaad more about <a href=\"https:\/\/moverdb.com\/hu\/nemzetkozi-koltoztetes\/\">nemzetk\u00f6zi k\u00f6lt\u00f6ztet\u0151 c\u00e9gek<\/a> \u00e9s a mi <a href=\"https:\/\/moverdb.com\/hu\/ertekelesek\/\">fel\u00fclvizsg\u00e1lati folyamat<\/a>.<\/p>\n<p><strong>Weboldal:<\/strong> <a href=\"http:\/\/www.constantinemoving.com\/\" target=\"_blank\" rel=\"noopener\">http:\/\/www.constantinemoving.com\/<\/a><\/p>","protected":false},"excerpt":{"rendered":"<p>The services of Constantine Moving are listed below, following by a company profile and reviews. International Home Moving Pre-move appointment Free quote, move plan and timetable Highly experienced professionally trained packing crew Storage available Sea shipment Air shipment Road transportation Customs clearance Delivery to new home Unpacking and reassembling of furniture Removal of all packing [&hellip;]<\/p>\n","protected":false},"author":1,"featured_media":0,"parent":0,"menu_order":0,"comment_status":"closed","ping_status":"closed","template":"","meta":{"_genesis_hide_title":false,"_genesis_hide_breadcrumbs":false,"_genesis_hide_singular_image":false,"_genesis_hide_footer_widgets":false,"_genesis_custom_body_class":"","_genesis_custom_post_class":"","_genesis_layout":"","footnotes":""},"class_list":{"0":"post-895","1":"page","2":"type-page","3":"status-publish","5":"entry"},"_links":{"self":[{"href":"https:\/\/moverdb.com\/hu\/wp-json\/wp\/v2\/pages\/895","targetHints":{"allow":["GET"]}}],"collection":[{"href":"https:\/\/moverdb.com\/hu\/wp-json\/wp\/v2\/pages"}],"about":[{"href":"https:\/\/moverdb.com\/hu\/wp-json\/wp\/v2\/types\/page"}],"author":[{"embeddable":true,"href":"https:\/\/moverdb.com\/hu\/wp-json\/wp\/v2\/users\/1"}],"replies":[{"embeddable":true,"href":"https:\/\/moverdb.com\/hu\/wp-json\/wp\/v2\/comments?post=895"}],"version-history":[{"count":3,"href":"https:\/\/moverdb.com\/hu\/wp-json\/wp\/v2\/pages\/895\/revisions"}],"predecessor-version":[{"id":6195,"href":"https:\/\/moverdb.com\/hu\/wp-json\/wp\/v2\/pages\/895\/revisions\/6195"}],"wp:attachment":[{"href":"https:\/\/moverdb.com\/hu\/wp-json\/wp\/v2\/media?parent=895"}],"curies":[{"name":"wp","href":"https:\/\/api.w.org\/{rel}","templated":true}]}}