{"id":893,"date":"2016-09-28T05:29:53","date_gmt":"2016-09-28T05:29:53","guid":{"rendered":"http:\/\/moverdb.com\/?page_id=893"},"modified":"2026-01-08T14:40:01","modified_gmt":"2026-01-08T14:40:01","slug":"john-mason","status":"publish","type":"page","link":"https:\/\/moverdb.com\/hu\/john-mason\/","title":{"rendered":"John Mason International Movers: Mason Mason Mason k\u00f6lt\u00f6ztet\u00e9s: K\u00f6lt\u00f6ztet\u00e9sek V\u00e9lem\u00e9nyek"},"content":{"rendered":"<p>A John Mason International Movers k\u00fcl\u00f6nb\u00f6z\u0151 k\u00f6lt\u00f6ztet\u00e9si szolg\u00e1ltat\u00e1sokat k\u00edn\u00e1l \u00fcgyfeleinek, amelyeket az al\u00e1bbiakban felsorolunk. Tov\u00e1bb\u00e1 k\u00f6vetkezik a c\u00e9g profilja \u00e9s az \u00e9rt\u00e9kel\u00e9sek.<\/p>\n<p><strong><a href=\"https:\/\/moverdb.com\/hu\/container-shipping\/\" data-internallinksmanager029f6b8e52c=\"3\" title=\"Nemzetk\u00f6zi kont\u00e9nersz\u00e1ll\u00edt\u00e1si d\u00edjt\u00e1bl\u00e1zat: \u00e1prilis 2026\">Nemzetk\u00f6zi sz\u00e1ll\u00edt\u00e1s<\/a> Szolg\u00e1ltat\u00e1sok - a v\u00e1rosba \u00e9s a v\u00e1rosb\u00f3l <a href=\"https:\/\/moverdb.com\/hu\/moving-to-the-uk\/\" data-internallinksmanager029f6b8e52c=\"93\" title=\"Az Egyes\u00fclt Kir\u00e1lys\u00e1gba k\u00f6lt\u00f6zik? 2022 Meg\u00e9lhet\u00e9si k\u00f6lts\u00e9gek \u00e9s k\u00f6lt\u00f6z\u00e9si tippek\">UK<\/a><\/strong><\/p>\n<ul>\n<li> H\u00e1zhoz men\u0151 szolg\u00e1ltat\u00e1s<\/li>\n<li> Dedik\u00e1lt k\u00f6lt\u00f6z\u00e9si menedzser<\/li>\n<li> Professzion\u00e1lis exportcsomagol\u00e1s otthon<\/li>\n<li> L\u00e9gi vagy tengeri sz\u00e1ll\u00edt\u00e1s<\/li>\n<li> <a href=\"https:\/\/moverdb.com\/hu\/kontenerszallitas\/\">Teljes kont\u00e9nerrakom\u00e1ny vagy megosztott kont\u00e9ner<\/a><\/li>\n<li> Egyedi poggy\u00e1szok poggy\u00e1szszolg\u00e1lata<\/li>\n<li> Professzion\u00e1lis \u00fcgyn\u00f6k\u00f6k h\u00e1l\u00f3zata vil\u00e1gszerte<\/li>\n<li> V\u00e1mkezel\u00e9s<\/li>\n<li> Sz\u00e1ll\u00edt\u00e1s \u00e9s kicsomagol\u00e1s az \u00faj otthonban<\/li>\n<li> Rakt\u00e1roz\u00e1s a sz\u00e1rmaz\u00e1si \u00e9s rendeltet\u00e9si helyen<\/li>\n<li> Minden kock\u00e1zatra kiterjed\u0151 tengeri biztos\u00edt\u00e1s<\/li>\n<li> Szobal\u00e1ny \u00e9s ezermester szolg\u00e1ltat\u00e1sok<\/li>\n<\/ul>\n<p><strong>Nemzetk\u00f6zi k\u00f6lt\u00f6ztet\u00e9si szolg\u00e1ltat\u00e1sok<\/strong><\/p>\n<ul>\n<li> Seg\u00edts\u00e9gny\u00fajt\u00e1s az otthon elad\u00e1s\u00e1hoz<\/li>\n<li> Indul\u00e1si szolg\u00e1ltat\u00e1s - az elvarratlan sz\u00e1lak rendez\u00e9se, pl. kisebb jav\u00edt\u00e1sok \u00e9s takar\u00edt\u00e1s.<\/li>\n<li> Mozg\u00e1sir\u00e1ny\u00edt\u00e1s<\/li>\n<li> T\u00e1j\u00e9koz\u00f3d\u00e1si t\u00far\u00e1k - bele\u00e9rtve az ingatlanok \u00e9s az iskol\u00e1k megtekint\u00e9s\u00e9t<\/li>\n<li> Kultur\u00e1lis \u00e9s nyelvi k\u00e9pz\u00e9s<\/li>\n<li> Beilleszked\u00e9s - banksz\u00e1mlanyit\u00e1s, bejelentkez\u00e9s orvoshoz \u00e9s fogorvoshoz, \u00e9s sz\u00e1mtalan m\u00e1s, az \u00e9letet megk\u00f6nny\u00edt\u0151 feladat.<\/li>\n<li> H\u00e1zi\u00e1llat \u00e1thelyez\u00e9s<\/li>\n<\/ul>\n<p><strong>Eur\u00f3pai sz\u00e1ll\u00edt\u00e1s \u00e9s k\u00f6lt\u00f6ztet\u00e9s<\/strong><\/p>\n<ul>\n<li> C\u00e9lir\u00e1nyosan kialak\u00edtott eur\u00f3pai j\u00e1rm\u0171park<\/li>\n<li> Dedik\u00e1lt k\u00f6lt\u00f6z\u00e9si menedzserek<\/li>\n<li> H\u00e1zhoz men\u0151 szolg\u00e1ltat\u00e1s<\/li>\n<li> Dedik\u00e1lt szolg\u00e1ltat\u00e1s - a j\u00e1rm\u0171 egy szem\u00e9ly\/c\u00e9g \u00e1ruj\u00e1t tartalmazza.<\/li>\n<li> R\u00e9szterhel\u00e9ses szolg\u00e1ltat\u00e1s<\/li>\n<li> Csomagol\u00e1si lehet\u0151s\u00e9gek - tulajdonos csomagolva, kiv\u00e1lasztott t\u00e9telek szakszer\u0171en csomagolva, teljes professzion\u00e1lis csomagol\u00e1s<\/li>\n<li> Adott esetben v\u00e1m- \u00e9s j\u00f6ved\u00e9ki t\u00e1mogat\u00e1s<\/li>\n<li> T\u00e1rol\u00e1s <\/li>\n<li> Biztos\u00edt\u00e1s<\/li>\n<li> L\u00e9gi sz\u00e1ll\u00edtm\u00e1nyoz\u00e1s megoldhat\u00f3<\/li>\n<\/ul>\n<p><strong>Kereskedelmi sz\u00e1ll\u00edt\u00e1si szolg\u00e1ltat\u00e1sok<\/strong><\/p>\n<ul>\n<li> L\u00e9gi sz\u00e1ll\u00edtm\u00e1nyoz\u00e1s<\/li>\n<li> FCL<\/li>\n<li> LCL<\/li>\n<li> Groupage<\/li>\n<li> Eur\u00f3pai k\u00f6z\u00fati szolg\u00e1ltat\u00e1sok<\/li>\n<\/ul>\n<p><strong>T\u00e1rol\u00e1si szolg\u00e1ltat\u00e1sok<\/strong><\/p>\n<ul>\n<li> Arch\u00edvum t\u00e1rol\u00e1s<\/li>\n<li> Cs\u00f3nakt\u00e1rol\u00e1s<\/li>\n<li> Lak\u00f3kocsi t\u00e1rol\u00e1s<\/li>\n<li> Kereskedelmi t\u00e1rol\u00e1s<\/li>\n<li> H\u00e1ztart\u00e1si t\u00e1rol\u00e1s<\/li>\n<li> Motorker\u00e9kp\u00e1r t\u00e1rol\u00e1s<\/li>\n<li> Self-storage<\/li>\n<li> Di\u00e1kt\u00e1rol\u00e1s<\/li>\n<li> J\u00e1rm\u0171t\u00e1rol\u00e1s<\/li>\n<\/ul>\n<h2>John Mason International Movers C\u00e9gprofil<\/h2>\n<p>A John Mason International Movers v\u00e1llalatot Mary Mason ind\u00edtotta 1884-ben. Fi\u00e1val, John Mason-nal 1887-ben csatlakozott hozz\u00e1, amikor f\u0151 tev\u00e9kenys\u00e9g\u00fck a sz\u00e9nsz\u00e1ll\u00edt\u00e1s volt. John Mason 1890-ben vette \u00e1t az \u00fczletet az \u00e9desanyj\u00e1t\u00f3l, \u00e9s \u00e1ltal\u00e1nos fuvaroz\u00e1si \u00e9s <a href=\"https:\/\/moverdb.com\/hu\/moving-companies\/\" data-internallinksmanager029f6b8e52c=\"79\" title=\"Top 25 nemzetk\u00f6zi k\u00f6lt\u00f6ztet\u0151 c\u00e9gek online\">k\u00f6lt\u00f6ztet\u0151 c\u00e9g<\/a>. A v\u00e1llalat tov\u00e1bb terjeszkedett \u00e9s vir\u00e1gzott, 1955-ben pedig napi k\u00f6lt\u00f6ztet\u00e9si szolg\u00e1ltat\u00e1st ind\u00edtott a <a href=\"https:\/\/moverdb.com\/hu\/moving-to-ireland\/\" data-internallinksmanager029f6b8e52c=\"320\" title=\"\u00cdrorsz\u00e1gba k\u00f6lt\u00f6zik? 2023 Meg\u00e9lhet\u00e9si k\u00f6lts\u00e9gek \u00e9s k\u00f6lt\u00f6z\u00e9si tippek\">\u00cdrorsz\u00e1g<\/a>. <\/p>\n<p>A John Mason folyamatosan n\u00f6vekedett, \u00e9s ma m\u00e1r \u00e9vente \u00e1tlagosan 8000 k\u00f6lt\u00f6ztet\u00e9st v\u00e9gez vil\u00e1gszerte. A nemzetk\u00f6zi k\u00f6lt\u00f6ztet\u00e9sek, v\u00e1llalati \u00e9s kereskedelmi k\u00f6lt\u00f6ztet\u00e9sek, valamint h\u00e1ztart\u00e1si k\u00f6lt\u00f6ztet\u00e9sek \u00e9s t\u00e1rol\u00e1s k\u00e9pezik a csal\u00e1di v\u00e1llalkoz\u00e1s alapj\u00e1t. V\u00edzi\u00f3juk egy teljesen rugalmas k\u00f6lt\u00f6ztet\u00e9si szolg\u00e1ltat\u00e1s, amely a csal\u00e1di \u00e9rt\u00e9kekre \u00e9s a tisztess\u00e9gre helyezi a hangs\u00falyt.<\/p>\n<p>John Mason tags\u00e1gai \u00e9s akkredit\u00e1ci\u00f3i:<\/p>\n<ul>\n<li> <a href=\"https:\/\/moverdb.com\/hu\/british-association-of-removers\/\">A Brit K\u00f6lt\u00f6ztet\u0151k Sz\u00f6vets\u00e9ge<\/a> (<a href=\"https:\/\/moverdb.com\/hu\/british-association-of-removers\/\" data-internallinksmanager029f6b8e52c=\"9\" title=\"A Brit K\u00f6lt\u00f6ztet\u0151k Sz\u00f6vets\u00e9ge (BAR) magyar\u00e1zata\">BAR<\/a>)<\/li>\n<li> <a href=\"https:\/\/moverdb.com\/hu\/bar-overseas\/\">A Brit K\u00f6lt\u00f6ztet\u0151k Sz\u00f6vets\u00e9ge Overseas Remover<\/a><\/li>\n<li> Overseas Moving Network International (OMNI)<\/li>\n<li> <a href=\"https:\/\/moverdb.com\/hu\/fidi-faim\/\">A Nemzetk\u00f6zi K\u00f6lt\u00f6ztet\u0151k Nemzetk\u00f6zi Sz\u00f6vets\u00e9ge<\/a> (<a href=\"https:\/\/moverdb.com\/hu\/fidi-faim\/\" data-internallinksmanager029f6b8e52c=\"16\" title=\"FIDI &amp; FAIM (FIDI akkredit\u00e1lt nemzetk\u00f6zi fuvaroz\u00f3) magyar\u00e1zata\">FIDI<\/a>)<\/li>\n<li> <a href=\"https:\/\/moverdb.com\/hu\/fidi-faim\/\">FAIM<\/a><\/li>\n<li> <a href=\"https:\/\/moverdb.com\/hu\/mtc\/\">A Movers Trading Club<\/a> (<a href=\"https:\/\/moverdb.com\/hu\/mtc\/\" data-internallinksmanager029f6b8e52c=\"30\" title=\"Movers Trading Club (MTC) magyar\u00e1zata\">MTC<\/a>)<\/li>\n<li> Kereskedelmi Szabv\u00e1ny\u00fcgyi Int\u00e9zet<\/li>\n<li> <a href=\"https:\/\/moverdb.com\/hu\/lacma\/\">Latin-Amerikai \u00e9s Karibi Nemzetk\u00f6zi K\u00f6lt\u00f6ztet\u0151k Sz\u00f6vets\u00e9ge<\/a> (<a href=\"https:\/\/moverdb.com\/hu\/lacma\/\" data-internallinksmanager029f6b8e52c=\"28\" title=\"Latin-amerikai \u00e9s Karibi Nemzetk\u00f6zi K\u00f6lt\u00f6ztet\u0151k Sz\u00f6vets\u00e9ge (LACMA)\">LACMA<\/a>)<\/li>\n<\/ul>\n<h2>John Mason International Movers V\u00e9lem\u00e9nyek<\/h2>\n<p><strong>Pozit\u00edv<\/strong><\/p>\n<ul>\n<li> <em>\"Az eg\u00e9sz tapasztalatom a John Mason's-szal nagyon j\u00f3 volt, att\u00f3l kezdve, hogy Tony felm\u00e9rte a kont\u00e9nert, eg\u00e9szen a mai napig, amikor a kont\u00e9nert becsomagolt\u00e1k, mindenk\u00e9ppen aj\u00e1nlom a John Mason-t a k\u00f6lt\u00f6ztet\u00e9si szolg\u00e1ltat\u00e1sok ny\u00fajt\u00e1s\u00e1ra.\"<\/em> - M.H. South Shields a k\u00f6vetkez\u0151kt\u0151l <a href=\"http:\/\/www.johnmason.com\/about-us\/\" target=\"_blank\" rel=\"noopener\">John Mason honlapja<\/a>.<\/li>\n<li> <em>\"A John Masons csapat\u00e1t kiv\u00e9telesnek tal\u00e1ltam. Az otthoni l\u00e1togat\u00e1st\u00f3l kezdve, a gyakori friss\u00edt\u00e9seken \u00e1t, a k\u00f6lt\u00f6ztet\u0151 embereken \u00e1t, minden fantasztikus volt.\"<\/em> - Jaclyn kereszt\u00fcl <a href=\"https:\/\/www.facebook.com\/johnmasoninternational\/reviews\/\" target=\"_blank\" rel=\"noopener\">Facebook fel\u00fclvizsg\u00e1lat<\/a><\/li>\n<li><em>\"3 h\u00f3nappal ezel\u0151tt ugyanezt a k\u00f6lt\u00f6z\u00e9st v\u00e9gezt\u00fck, a John Masons nemzetk\u00f6zi k\u00f6lt\u00f6ztet\u0151 c\u00e9get haszn\u00e1ltuk. \u0150k v\u00e9gezt\u00e9k a csomagol\u00e1st \u00e9s a kicsomagol\u00e1st is. Nem tudom el\u00e9gg\u00e9 aj\u00e1nlani \u0151ket, egyetlen dolog sem t\u00f6rt el vagy veszett el.\"<\/em> - a <a href=\"http:\/\/www.mumsnet.com\/Talk\/living_overseas\/1535416-Shipping-to-Australia\" target=\"_blank\" rel=\"noopener\">Mumsnet<\/a><\/li>\n<\/ul>\n<p><strong>Negat\u00edv<\/strong><\/p>\n<p>Csak <strong>6%<\/strong> a Trustpilot-on szerepl\u0151 \u00e9rt\u00e9kel\u00e9seik 1 vagy 2 csillagosak, m\u00edg a <strong>93%<\/strong> amelyek 4 vagy 5 csillagosak. Az \u00f6sszes ilyen v\u00e9lem\u00e9nyt elolvashatja <a href=\"https:\/\/uk.trustpilot.com\/review\/www.johnmason.com\" rel=\"noopener\" target=\"_blank\">itt<\/a>.  <\/p>\n<div itemprop=\"review\" itemscope itemtype=\"http:\/\/schema.org\/Review\">\n<span itemprop=\"author\" itemscope=\"\" itemtype=\"http:\/\/schema.org\/Organization\"><span itemprop=\"name\">MoverDB.com<\/span><\/span> Online weboldal-fel\u00fclvizsg\u00e1lat a <span itemprop=\"itemreviewed\" itemscope=\"\" itemtype=\"http:\/\/schema.org\/Brand\"><span itemprop=\"name\">John Mason nemzetk\u00f6zi k\u00f6lt\u00f6ztet\u0151k<\/span><\/span>:<\/p>\n<ol>\n<li> Egy\u00e9rtelm\u0171 el\u00e9rhet\u0151s\u00e9gek a weboldalon (bele\u00e9rtve a telefonsz\u00e1mot is): <strong>Igen<\/strong><\/li>\n<li> K\u00f6nnyen beszerezhet\u0151 <a href=\"https:\/\/moverdb.com\/hu\/idezi\/\">nemzetk\u00f6zi k\u00f6lt\u00f6ztet\u00e9si \u00e1raj\u00e1nlatok<\/a>? (Online \u00e1raj\u00e1nlatk\u00e9r\u0151 \u0171rlap): <strong>Igen<\/strong><\/li>\n<li> Egy\u00e9rtelm\u0171 inform\u00e1ci\u00f3k a honlapon: <strong>Igen,<\/strong> A weboldal meglehet\u0151sen \u00e1tfog\u00f3, azonban k\u00e9r\u00e9sre r\u00e9szletesebb inform\u00e1ci\u00f3kat is ny\u00fajtunk.<\/li>\n<li> Tags\u00e1g nemzetk\u00f6zi elismert mozgat\u00f3 szervezetekben: <strong>Igen<\/strong>l\u00e1sd fentebb.<\/li>\n<li> \u00dcgyfelek list\u00e1ja \u00e9s\/vagy kor\u00e1bbi v\u00e1s\u00e1rl\u00f3i aj\u00e1nl\u00e1sok: <strong>N\u00e9h\u00e1nyan,<\/strong> minden oldal alj\u00e1n vannak v\u00e1s\u00e1rl\u00f3i v\u00e9lem\u00e9nyek, de nincs k\u00fcl\u00f6n oldal sz\u00e1mukra. R\u00e1ad\u00e1sul, b\u00e1r t\u00f6bbnyire pozit\u00edv \u00e9rt\u00e9kel\u00e9sek vannak online, van n\u00e9h\u00e1ny negat\u00edv is.<\/li>\n<\/ol>\n<div itemprop=\"reviewRating\" itemscope itemtype=\"http:\/\/schema.org\/Rating\"><meta itemprop=\"worstRating\" content = \"0\" \/><meta itemprop=\"bestRating\" content=\"5\" \/><meta itemprop=\"ratingValue\" content=\"4\"><\/div>\n<p><strong>\u00c1ltal\u00e1nos pontsz\u00e1m: 4\/5<\/strong><br \/>\n<strong>Fel\u00fclvizsg\u00e1lat d\u00e1tuma:<\/strong> <span itemprop=\"datePublished\" content=\"2019-01-18\">18\/01\/2019<\/span>\n<\/div>\n<p>Tov\u00e1bbi inform\u00e1ci\u00f3 <a href=\"https:\/\/moverdb.com\/hu\/nemzetkozi-koltoztetes\/\">nemzetk\u00f6zi k\u00f6lt\u00f6ztet\u0151 c\u00e9gek<\/a> \u00e9s a mi <a href=\"https:\/\/moverdb.com\/hu\/ertekelesek\/\">fel\u00fclvizsg\u00e1lati folyamat<\/a>.<\/p>\n<p><strong>Weboldal:<\/strong> <a href=\"http:\/\/www.johnmason.com\/\" target=\"_blank\" rel=\"noopener\">http:\/\/www.johnmason.com\/<\/a><\/p>","protected":false},"excerpt":{"rendered":"<p>John Mason International Movers offers clients various removal services which are listed below. There also follows a company profile and reviews. International Shipping Services &#8211; To and From the UK Door to door service Dedicated move manager Professional export packing at home Shipping by air or sea Full container load or shared container Baggage service [&hellip;]<\/p>\n","protected":false},"author":1,"featured_media":0,"parent":0,"menu_order":0,"comment_status":"closed","ping_status":"closed","template":"","meta":{"_genesis_hide_title":false,"_genesis_hide_breadcrumbs":false,"_genesis_hide_singular_image":false,"_genesis_hide_footer_widgets":false,"_genesis_custom_body_class":"","_genesis_custom_post_class":"","_genesis_layout":"","footnotes":""},"class_list":{"0":"post-893","1":"page","2":"type-page","3":"status-publish","5":"entry"},"_links":{"self":[{"href":"https:\/\/moverdb.com\/hu\/wp-json\/wp\/v2\/pages\/893","targetHints":{"allow":["GET"]}}],"collection":[{"href":"https:\/\/moverdb.com\/hu\/wp-json\/wp\/v2\/pages"}],"about":[{"href":"https:\/\/moverdb.com\/hu\/wp-json\/wp\/v2\/types\/page"}],"author":[{"embeddable":true,"href":"https:\/\/moverdb.com\/hu\/wp-json\/wp\/v2\/users\/1"}],"replies":[{"embeddable":true,"href":"https:\/\/moverdb.com\/hu\/wp-json\/wp\/v2\/comments?post=893"}],"version-history":[{"count":8,"href":"https:\/\/moverdb.com\/hu\/wp-json\/wp\/v2\/pages\/893\/revisions"}],"predecessor-version":[{"id":13168,"href":"https:\/\/moverdb.com\/hu\/wp-json\/wp\/v2\/pages\/893\/revisions\/13168"}],"wp:attachment":[{"href":"https:\/\/moverdb.com\/hu\/wp-json\/wp\/v2\/media?parent=893"}],"curies":[{"name":"wp","href":"https:\/\/api.w.org\/{rel}","templated":true}]}}