{"id":892,"date":"2016-10-03T05:36:50","date_gmt":"2016-10-03T05:36:50","guid":{"rendered":"http:\/\/moverdb.com\/?page_id=892"},"modified":"2026-01-08T14:48:20","modified_gmt":"2026-01-08T14:48:20","slug":"fn-removals","status":"publish","type":"page","link":"https:\/\/moverdb.com\/hu\/fn-removals\/","title":{"rendered":"F&amp;N Worldwide Removals: International Moving Reviews"},"content":{"rendered":"<p>Az F&amp;N Worldwide Removals szolg\u00e1ltat\u00e1sai az al\u00e1bbiakban szerepelnek, a c\u00e9g profilj\u00e1val \u00e9s \u00e9rt\u00e9kel\u00e9seivel egy\u00fctt.<\/p>\n<p><strong>Nemzetk\u00f6zi \u00e9s eur\u00f3pai k\u00f6lt\u00f6ztet\u00e9s<\/strong><\/p>\n<ul>\n<li> H\u00e1zhoz men\u0151 szolg\u00e1ltat\u00e1s<\/li>\n<li> Szak\u00e9rt\u0151i csomagol\u00e1s<\/li>\n<li> Adott esetben egyedi l\u00e1d\u00e1k<\/li>\n<li> Sz\u00fcks\u00e9g eset\u00e9n t\u00e1rol\u00e1s<\/li>\n<li> Sz\u00e1razf\u00f6ldi, tengeri vagy l\u00e9gi sz\u00e1ll\u00edt\u00e1s megszervez\u00e9se<\/li>\n<li> Rendezd el a <a href=\"https:\/\/moverdb.com\/hu\/autoszallitas-szallitas-szallitas\/\">j\u00e1rm\u0171vek sz\u00e1ll\u00edt\u00e1sa<\/a><\/li>\n<li> Kicsomagol\u00e1s a c\u00e9l\u00e1llom\u00e1sra \u00e9rkez\u00e9skor<\/li>\n<li> A szak\u00e9rt\u0151k a <a href=\"https:\/\/moverdb.com\/hu\/moving-to-the-uk\/\" data-internallinksmanager029f6b8e52c=\"93\" title=\"Az Egyes\u00fclt Kir\u00e1lys\u00e1gba k\u00f6lt\u00f6zik? 2022 Meg\u00e9lhet\u00e9si k\u00f6lts\u00e9gek \u00e9s k\u00f6lt\u00f6z\u00e9si tippek\">UK<\/a> \u00e9s a rendeltet\u00e9si orsz\u00e1g<\/li>\n<li> V\u00e1m- \u00e9s haj\u00f3z\u00e1si v\u00e1llalatokkal val\u00f3 kapcsolattart\u00e1s<\/li>\n<li> Szervezett biztos\u00edt\u00e1s<\/li>\n<li> A c\u00e9l\u00e1llom\u00e1sr\u00f3l t\u00f6rt\u00e9n\u0151 sz\u00e1ll\u00edt\u00e1s megszervez\u00e9se <a href=\"https:\/\/moverdb.com\/hu\/top-49-container-ports\/\" data-internallinksmanager029f6b8e52c=\"80\" title=\"Top 49 legnagyobb \u00e9s legforgalmasabb kont\u00e9nerkik\u00f6t\u0151 2025-ben\">port<\/a><\/li>\n<\/ul>\n<p><strong>Nemzetk\u00f6zi v\u00e1llalati \u00e1thelyez\u00e9s<\/strong><\/p>\n<ul>\n<li> Felm\u00e9r\u0151 l\u00e1togat\u00e1s a logisztika megvitat\u00e1s\u00e1ra<\/li>\n<li> H\u00e1zhoz men\u0151 szolg\u00e1ltat\u00e1s<\/li>\n<li> Szakszer\u0171 csomagol\u00e1s \u00e9s kicsomagol\u00e1s<\/li>\n<li> <a href=\"https:\/\/moverdb.com\/hu\/car-transport-shipping\/\" data-internallinksmanager029f6b8e52c=\"2\" title=\"2026 Nemzetk\u00f6zi aut\u00f3sz\u00e1ll\u00edt\u00e1s \u00e9s j\u00e1rm\u0171sz\u00e1ll\u00edt\u00e1s \u00e1raj\u00e1nlatok\">J\u00e1rm\u0171sz\u00e1ll\u00edt\u00e1s<\/a><\/li>\n<li> Informatikai szolg\u00e1ltat\u00e1sok sz\u00e1m\u00edt\u00f3g\u00e9pes h\u00e1l\u00f3zatok elt\u00e1vol\u00edt\u00e1s\u00e1ra \u00e9s \u00fajb\u00f3li \u00f6sszeszerel\u00e9s\u00e9re<\/li>\n<li> Iskolai \u00e9s h\u00e1zkutat\u00e1sok megszervez\u00e9se az alkalmazottak sz\u00e1m\u00e1ra<\/li>\n<li> B\u00fatorb\u00e9rl\u00e9s<\/li>\n<li> Expat klub esem\u00e9nyek<\/li>\n<li> Kultur\u00e1lis akklimatiz\u00e1ci\u00f3s tal\u00e1lkoz\u00f3k<\/li>\n<li> V\u00e1mokkal \u00e9s v\u00e1mokkal val\u00f3 foglalkoz\u00e1s <a href=\"https:\/\/moverdb.com\/hu\/hajozasi-tarsasagok\/\">haj\u00f3z\u00e1si t\u00e1rsas\u00e1gok<\/a><\/li>\n<li> Megszervezett biztos\u00edt\u00e1s<\/li>\n<li> Sz\u00e1ll\u00edt\u00e1s a rendeltet\u00e9si kik\u00f6t\u0151b\u0151l<\/li>\n<\/ul>\n<p><strong>UK k\u00f6lt\u00f6ztet\u00e9s<\/strong><\/p>\n<ul>\n<li> 25 modern mozg\u00f3 j\u00e1rm\u0171<\/li>\n<li> H\u00e1zhoz men\u0151 szolg\u00e1ltat\u00e1s<\/li>\n<li> Szakszer\u0171 csomagol\u00e1s \u00e9s kicsomagol\u00e1s, ha sz\u00fcks\u00e9ges<\/li>\n<li> Dobozok \u00e9s csomagol\u00f3anyagok rendelkez\u00e9sre \u00e1llnak<\/li>\n<li> Sz\u00fcks\u00e9g eset\u00e9n t\u00e1rol\u00e1s<\/li>\n<li> Biztos\u00edt\u00e1s megszervez\u00e9se<\/li>\n<\/ul>\n<p><strong>T\u00e1rol\u00e1s<\/strong><\/p>\n<ul>\n<li> \u00d6n\u00e1ll\u00f3 rakt\u00e1roz\u00e1s 24 \u00f3r\u00e1s hozz\u00e1f\u00e9r\u00e9ssel \u00e9s CCTV monitorokkal<\/li>\n<li> Dokumentumok \u00e9s arch\u00edvumok t\u00e1rol\u00e1sa<\/li>\n<li> Hossz\u00fa t\u00e1v\u00fa kont\u00e9neres t\u00e1rol\u00e1s<\/li>\n<\/ul>\n<h2>F&amp;N Worldwide Removals C\u00e9gprofil<\/h2>\n<p>Az F&amp;N Worldwide Removals 1980-ban indult Berlinben, de nem sokkal k\u00e9s\u0151bb Angli\u00e1ba k\u00f6lt\u00f6z\u00f6tt. Az F&amp;N eredetileg katonai \u00e1rukat sz\u00e1ll\u00edtott, majd fokozatosan bel\u00e9pett az Egyes\u00fclt Kir\u00e1lys\u00e1g k\u00f6lt\u00f6ztet\u00e9si piac\u00e1ra. A c\u00e9g terjeszkedett, \u00e9s mag\u00e1nc\u00e9l\u00fa \u00e9s kereskedelmi k\u00f6lt\u00f6ztet\u00e9seket is felvett Eur\u00f3p\u00e1ba. A v\u00e1llalat tov\u00e1bb n\u00f6vekedett az\u00e1ltal, hogy bevezette az \u00f6nrakt\u00e1roz\u00e1si lehet\u0151s\u00e9geket, az irodai k\u00f6lt\u00f6ztet\u00e9st \u00e9s egy import\u00e1l\u00f3 r\u00e9szleget.<\/p>\n<p>Az F&amp;N Worldwide Removals ma m\u00e1r vil\u00e1gszerte sz\u00e1ll\u00edt embereket, v\u00e1llalatokat \u00e9s \u00e1rukat. A v\u00e1llalat sz\u00e1mos z\u00f6ld kezdem\u00e9nyez\u00e9s megval\u00f3s\u00edt\u00e1s\u00e1val er\u0151sen elk\u00f6telezett a k\u00f6rnyezetv\u00e9delem ir\u00e1nt. Er\u0151sen hisz a kiv\u00e1l\u00f3 \u00fcgyf\u00e9lkiszolg\u00e1l\u00e1sban \u00e9s el\u00e9gedetts\u00e9gben.<\/p>\n<p>F&amp;N Worldwide Removals Kapcsol\u00f3d\u00e1sok \u00e9s akkredit\u00e1ci\u00f3k:<\/p>\n<ul>\n<li> <a href=\"https:\/\/moverdb.com\/hu\/british-association-of-removers\/\">A Brit K\u00f6lt\u00f6ztet\u0151k Sz\u00f6vets\u00e9ge<\/a> (<a href=\"https:\/\/moverdb.com\/hu\/british-association-of-removers\/\" data-internallinksmanager029f6b8e52c=\"9\" title=\"A Brit K\u00f6lt\u00f6ztet\u0151k Sz\u00f6vets\u00e9ge (BAR) magyar\u00e1zata\">BAR<\/a>)<\/li>\n<li> <a href=\"https:\/\/moverdb.com\/hu\/fidi-faim\/\">FIDI<\/a><\/li>\n<li> <a href=\"https:\/\/moverdb.com\/hu\/fidi-faim\/\">FAIM<\/a><\/li>\n<li> <a href=\"https:\/\/moverdb.com\/hu\/en-vagyok\/\">K\u00f6lt\u00f6ztet\u0151k Nemzetk\u00f6zi Sz\u00f6vets\u00e9ge<\/a> (<a href=\"https:\/\/moverdb.com\/hu\/iam\/\" data-internallinksmanager029f6b8e52c=\"23\" title=\"A K\u00f6lt\u00f6ztet\u0151k Nemzetk\u00f6zi Sz\u00f6vets\u00e9ge (IAM) magyar\u00e1zata\">IAM<\/a>)<\/li>\n<li> <a href=\"https:\/\/moverdb.com\/hu\/fedemac\/\">Az Eur\u00f3pai K\u00f6lt\u00f6ztet\u0151k Sz\u00f6vets\u00e9ge<\/a> (<a href=\"https:\/\/moverdb.com\/hu\/fedemac\/\" data-internallinksmanager029f6b8e52c=\"15\" title=\"Az Eur\u00f3pai K\u00f6lt\u00f6ztet\u0151k Sz\u00f6vets\u00e9g\u00e9nek (FEDEMAC) magyar\u00e1zata\">FEDEMAC<\/a>)<\/li>\n<li> Eurovan<\/li>\n<li> Kereskedelmi Szabv\u00e1ny\u00fcgyi Int\u00e9zet<\/li>\n<li> <a href=\"https:\/\/moverdb.com\/hu\/hgfaa\/\">Amerikai H\u00e1ztart\u00e1si \u00c1ruk Sz\u00e1ll\u00edtm\u00e1nyoz\u00f3k Egyes\u00fclete<\/a> (HHGFAA)<\/li>\n<li> Min\u0151s\u00e9gbiztos\u00edtott szolg\u00e1ltat\u00e1si szabv\u00e1ny - H\u00e1ztart\u00e1si b\u00fatorsz\u00e1ll\u00edt\u00e1sok<\/li>\n<\/ul>\n<p><strong>F&amp;N Worldwide Removals V\u00e9lem\u00e9nyek<\/strong><\/p>\n<p><strong>Pozit\u00edv<\/strong><\/p>\n<ul>\n<li> <em>\"Csak azt szeretn\u00e9m mondani, hogy milyen els\u0151 oszt\u00e1ly\u00fa munk\u00e1t v\u00e9gezt\u00e9l a <a href=\"https:\/\/moverdb.com\/hu\/moving-to-the-united-states\/\" data-internallinksmanager029f6b8e52c=\"94\" title=\"Az Egyes\u00fclt \u00c1llamokba k\u00f6lt\u00f6zik? 2022 Meg\u00e9lhet\u00e9si k\u00f6lts\u00e9gek \u00e9s k\u00f6lt\u00f6z\u00e9si tippek\">us<\/a> az elej\u00e9t\u0151l a v\u00e9g\u00e9ig. K\u00e9rem, k\u00f6sz\u00f6nj\u00fck minden \u00e9rintettnek...\"<\/em> - Peter Hollingsworth via <a href=\"http:\/\/www.fnworldwide.com\/testimonials\/\" target=\"_blank\" rel=\"noopener\">\u00fcgyf\u00e9l-tan\u00fas\u00edtv\u00e1ny oldal<\/a><\/li>\n<li> <em>\"Kerestem egy <a href=\"https:\/\/moverdb.com\/hu\/international-removals\/\" data-internallinksmanager029f6b8e52c=\"27\" title=\"36 legjobb nemzetk\u00f6zi k\u00f6lt\u00f6ztet\u0151 c\u00e9gek az Egyes\u00fclt Kir\u00e1lys\u00e1gban\">k\u00f6lt\u00f6ztet\u0151 c\u00e9g<\/a> amit felhaszn\u00e1lhatok egy k\u00f6zelg\u0151 munk\u00e1mhoz, \u00e9s r\u00e1tal\u00e1ltam az FN Worldwide Logistics Ltd. A honlapjuk nagyszer\u0171, \u00e9s hat\u00e1rozottan fontol\u00f3ra veszem \u0151ket a k\u00f6zelg\u0151 k\u00f6lt\u00f6z\u00e9semhez. Az is nagyon leny\u0171g\u00f6z\u00f6tt, hogy gyorsan v\u00e1laszoltak az e-mailjeimre.\"<\/em> - a <a href=\"http:\/\/removal-company-reviews.com\/view-removal-company-review.php?c=F+N%20Worldwide%20Logistics%20Ltd&#038;id=532\" target=\"_blank\" rel=\"noopener\">Elt\u00e1vol\u00edt\u00e1s-Company-Reviews.com<\/a><\/li>\n<\/ul>\n<p><strong>Negat\u00edv<\/strong><\/p>\n<ul>\n<li> <em>\"Az F&amp;N p\u00e9nzt vett el t\u0151lem egy nemzetk\u00f6zi k\u00f6lt\u00f6z\u00e9s\u00e9rt az Egyes\u00fclt Kir\u00e1lys\u00e1gb\u00f3l az Egyes\u00fclt Kir\u00e1lys\u00e1gba <a href=\"https:\/\/moverdb.com\/hu\/moving-to-bermuda\/\" data-internallinksmanager029f6b8e52c=\"421\" title=\"Bermud\u00e1ra k\u00f6lt\u00f6zik? 2023 Lakhat\u00e1si k\u00f6lts\u00e9gek \u00e9s k\u00f6lt\u00f6z\u00e9si tippek\">Bermuda<\/a>. A c\u00e9g, ahol dolgozom, v\u00e9letlen\u00fcl fizetett is. Az F&amp;N t\u00f6bbsz\u00f6r is elismerte a hib\u00e1t \u00e9s meg\u00edg\u00e9rte, hogy \u00fajra \u00e9s \u00fajra visszafizeti a p\u00e9nzt. Ezt nem tett\u00e9k meg.\"<\/em> - a <a href=\"http:\/\/removal-company-reviews.com\/view-removal-company-review.php?c=F+N%20Worldwide%20Logistics%20Ltd&#038;id=532\" target=\"_blank\" rel=\"noopener\">Elt\u00e1vol\u00edt\u00e1s-Company-Reviews.com<\/a>\n<\/ul>\n<div itemprop=\"review\" itemscope itemtype=\"http:\/\/schema.org\/Review\">\n<span itemprop=\"author\" itemscope=\"\" itemtype=\"http:\/\/schema.org\/Organization\"><span itemprop=\"name\">MoverDB.com<\/span><\/span> Online weboldal-fel\u00fclvizsg\u00e1lat a <span itemprop=\"itemreviewed\" itemscope=\"\" itemtype=\"http:\/\/schema.org\/Brand\"><span itemprop=\"name\">F&amp;N Worldwide Removals<\/span><\/span>:<\/p>\n<ol>\n<li> Egy\u00e9rtelm\u0171 el\u00e9rhet\u0151s\u00e9gek a weboldalon (bele\u00e9rtve a telefonsz\u00e1mot is): <strong>Igen<\/strong><\/li>\n<li> K\u00f6nnyen beszerezhet\u0151 <a href=\"https:\/\/moverdb.com\/hu\/idezi\/\">nemzetk\u00f6zi k\u00f6lt\u00f6ztet\u00e9si \u00e1raj\u00e1nlatok<\/a>? (Online \u00e1raj\u00e1nlatk\u00e9r\u0151 \u0171rlap): <strong>Igen<\/strong><\/li>\n<li> Egy\u00e9rtelm\u0171 inform\u00e1ci\u00f3k a honlapon: <strong>N\u00e9h\u00e1ny<\/strong>, A weboldal nem tartalmaz sok r\u00e9szletes inform\u00e1ci\u00f3t.<\/li>\n<li> Tags\u00e1g nemzetk\u00f6zi elismert mozgat\u00f3 szervezetekben: <strong>Igen<\/strong>, l\u00e1sd fentebb<\/li>\n<li> \u00dcgyfelek list\u00e1ja \u00e9s\/vagy kor\u00e1bbi v\u00e1s\u00e1rl\u00f3i aj\u00e1nl\u00e1sok: <strong>N\u00e9h\u00e1ny<\/strong> A honlapon vannak v\u00e1s\u00e1rl\u00f3i v\u00e9lem\u00e9nyek, de m\u00e1shol az interneten kev\u00e9s v\u00e9lem\u00e9ny tal\u00e1lhat\u00f3.<\/li>\n<\/ol>\n<div itemprop=\"reviewRating\" itemscope itemtype=\"http:\/\/schema.org\/Rating\"><meta itemprop=\"worstRating\" content = \"0\" \/><meta itemprop=\"bestRating\" content=\"5\" \/><meta itemprop=\"ratingValue\" content=\"4\"><\/div>\n<p><strong>\u00c1ltal\u00e1nos pontsz\u00e1m: 4\/5<\/strong><br \/>\n<strong>Fel\u00fclvizsg\u00e1lat d\u00e1tuma:<\/strong> <span itemprop=\"datePublished\" content=\"2016-10-03\">03\/10\/16<\/span>\n<\/div>\n<p>Tov\u00e1bbi inform\u00e1ci\u00f3 <a href=\"https:\/\/moverdb.com\/hu\/nemzetkozi-koltoztetes\/\">nemzetk\u00f6zi k\u00f6lt\u00f6ztet\u00e9sek<\/a> \u00e9s a mi <a href=\"https:\/\/moverdb.com\/hu\/ertekelesek\/\">mozg\u00f3 fel\u00fclvizsg\u00e1lati elj\u00e1r\u00e1s<\/a>.<\/p>\n<p><strong>Weboldal:<\/strong> <a href=\"http:\/\/www.fnworldwide.com\" target=\"_blank\" rel=\"noopener\">http:\/\/www.fnworldwide.com<\/a><\/p>","protected":false},"excerpt":{"rendered":"<p>F&#038;N Worldwide Removals services are listed below, together with their company profile and reviews. International and European Removals Door to door service Expert packing Custom made crates if applicable Storage if needed Organise transport by land, sea or air Arrange shipping of vehicles Unpacking on arrival at destination Experts available in the UK and country [&hellip;]<\/p>\n","protected":false},"author":1,"featured_media":0,"parent":0,"menu_order":0,"comment_status":"closed","ping_status":"closed","template":"","meta":{"_genesis_hide_title":false,"_genesis_hide_breadcrumbs":false,"_genesis_hide_singular_image":false,"_genesis_hide_footer_widgets":false,"_genesis_custom_body_class":"","_genesis_custom_post_class":"","_genesis_layout":"","footnotes":""},"class_list":{"0":"post-892","1":"page","2":"type-page","3":"status-publish","5":"entry"},"_links":{"self":[{"href":"https:\/\/moverdb.com\/hu\/wp-json\/wp\/v2\/pages\/892","targetHints":{"allow":["GET"]}}],"collection":[{"href":"https:\/\/moverdb.com\/hu\/wp-json\/wp\/v2\/pages"}],"about":[{"href":"https:\/\/moverdb.com\/hu\/wp-json\/wp\/v2\/types\/page"}],"author":[{"embeddable":true,"href":"https:\/\/moverdb.com\/hu\/wp-json\/wp\/v2\/users\/1"}],"replies":[{"embeddable":true,"href":"https:\/\/moverdb.com\/hu\/wp-json\/wp\/v2\/comments?post=892"}],"version-history":[{"count":5,"href":"https:\/\/moverdb.com\/hu\/wp-json\/wp\/v2\/pages\/892\/revisions"}],"predecessor-version":[{"id":6208,"href":"https:\/\/moverdb.com\/hu\/wp-json\/wp\/v2\/pages\/892\/revisions\/6208"}],"wp:attachment":[{"href":"https:\/\/moverdb.com\/hu\/wp-json\/wp\/v2\/media?parent=892"}],"curies":[{"name":"wp","href":"https:\/\/api.w.org\/{rel}","templated":true}]}}