{"id":8897,"date":"2023-04-27T14:33:01","date_gmt":"2023-04-27T14:33:01","guid":{"rendered":"https:\/\/moverdb.com\/?page_id=8897"},"modified":"2026-01-08T15:29:01","modified_gmt":"2026-01-08T15:29:01","slug":"moving-companies-norway","status":"publish","type":"page","link":"https:\/\/moverdb.com\/hu\/moving-companies\/moving-companies-norway\/","title":{"rendered":"5 legjobb nemzetk\u00f6zi k\u00f6lt\u00f6ztet\u0151 c\u00e9gek Norv\u00e9gia"},"content":{"rendered":"<p>Ha \u00d6n otthon\u00e1ba vagy v\u00e1llalkoz\u00e1s\u00e1ba k\u00f6lt\u00f6zik a k\u00f6vetkez\u0151 helyeken, helyekre vagy helyr\u0151l. <a href=\"https:\/\/moverdb.com\/hu\/moving-to-norway\/\" data-internallinksmanager029f6b8e52c=\"325\" title=\"Norv\u00e9gi\u00e1ba k\u00f6lt\u00f6zik? 2023 Meg\u00e9lhet\u00e9si k\u00f6lts\u00e9gek \u00e9s k\u00f6lt\u00f6z\u00e9si tippek\">Norv\u00e9gia<\/a> akkor \u00e9rdemes lehet ig\u00e9nybe venni egy olyan szolg\u00e1ltat\u00f3t, aki <a href=\"https:\/\/moverdb.com\/hu\/moving-companies\/\" data-internallinksmanager029f6b8e52c=\"79\" title=\"Top 25 nemzetk\u00f6zi k\u00f6lt\u00f6ztet\u0151 c\u00e9gek online\">k\u00f6lt\u00f6ztet\u0151 c\u00e9g<\/a> hogy seg\u00edtsen \u00d6nnek. Seg\u00edtenek a csomagol\u00e1sban, a sz\u00e1ll\u00edt\u00e1s megszervez\u00e9s\u00e9ben \u00e9s a pap\u00edrmunka elint\u00e9z\u00e9s\u00e9ben. Az al\u00e1bbiakban \u00f6ssze\u00e1ll\u00edtottunk egy list\u00e1t a norv\u00e9giai sz\u00e9khely\u0171 <a href=\"https:\/\/moverdb.com\/hu\/international-removals\/\" data-internallinksmanager029f6b8e52c=\"27\" title=\"36 legjobb nemzetk\u00f6zi k\u00f6lt\u00f6ztet\u0151 c\u00e9gek az Egyes\u00fclt Kir\u00e1lys\u00e1gban\">k\u00f6lt\u00f6ztet\u0151 c\u00e9gek<\/a> amelyek tagjai a <a href=\"https:\/\/moverdb.com\/hu\/iam\/\" data-internallinksmanager029f6b8e52c=\"23\" title=\"A K\u00f6lt\u00f6ztet\u0151k Nemzetk\u00f6zi Sz\u00f6vets\u00e9ge (IAM) magyar\u00e1zata\">K\u00f6lt\u00f6ztet\u0151k Nemzetk\u00f6zi Sz\u00f6vets\u00e9ge<\/a> (IAM) \u00e9s\/vagy <a href=\"https:\/\/moverdb.com\/hu\/fidi-faim\/\" data-internallinksmanager029f6b8e52c=\"16\" title=\"FIDI &amp; FAIM (FIDI akkredit\u00e1lt nemzetk\u00f6zi fuvaroz\u00f3) magyar\u00e1zata\">FIDI<\/a> Akkredit\u00e1lt nemzetk\u00f6zi k\u00f6lt\u00f6ztet\u0151 (FAIM), aki seg\u00edthet \u00d6nnek a k\u00f6lt\u00f6z\u00e9sben.<\/p>\n<div id=\"ez-toc-container\" class=\"ez-toc-v2_0_82_2 ez-toc-wrap-left counter-hierarchy ez-toc-counter ez-toc-transparent ez-toc-container-direction\">\n<div class=\"ez-toc-title-container\">\n<p class=\"ez-toc-title\" style=\"cursor:inherit\">Szakaszok<\/p>\n<span class=\"ez-toc-title-toggle\"><a href=\"#\" class=\"ez-toc-pull-right ez-toc-btn ez-toc-btn-xs ez-toc-btn-default ez-toc-toggle\" aria-label=\"Toggle Tartalomjegyz\u00e9k\"><span class=\"ez-toc-js-icon-con\"><span class=\"\"><span class=\"eztoc-hide\" style=\"display:none;\">Toggle<\/span><span class=\"ez-toc-icon-toggle-span\"><svg style=\"fill: #999;color:#999\" xmlns=\"http:\/\/www.w3.org\/2000\/svg\" class=\"list-377408\" width=\"20px\" height=\"20px\" viewbox=\"0 0 24 24\" fill=\"none\"><path d=\"M6 6H4v2h2V6zm14 0H8v2h12V6zM4 11h2v2H4v-2zm16 0H8v2h12v-2zM4 16h2v2H4v-2zm16 0H8v2h12v-2z\" fill=\"currentColor\"><\/path><\/svg><svg style=\"fill: #999;color:#999\" class=\"arrow-unsorted-368013\" xmlns=\"http:\/\/www.w3.org\/2000\/svg\" width=\"10px\" height=\"10px\" viewbox=\"0 0 24 24\" version=\"1.2\" baseprofile=\"tiny\"><path d=\"M18.2 9.3l-6.2-6.3-6.2 6.3c-.2.2-.3.4-.3.7s.1.5.3.7c.2.2.4.3.7.3h11c.3 0 .5-.1.7-.3.2-.2.3-.5.3-.7s-.1-.5-.3-.7zM5.8 14.7l6.2 6.3 6.2-6.3c.2-.2.3-.5.3-.7s-.1-.5-.3-.7c-.2-.2-.4-.3-.7-.3h-11c-.3 0-.5.1-.7.3-.2.2-.3.5-.3.7s.1.5.3.7z\"\/><\/svg><\/span><\/span><\/span><\/a><\/span><\/div>\n<nav><ul class='ez-toc-list ez-toc-list-level-1 eztoc-toggle-hide-by-default' ><li class='ez-toc-page-1 ez-toc-heading-level-2'><a class=\"ez-toc-link ez-toc-heading-1\" href=\"https:\/\/moverdb.com\/hu\/moving-companies\/moving-companies-norway\/#1_Adams_Express\" >1. Adams Express<\/a><\/li><li class='ez-toc-page-1 ez-toc-heading-level-2'><a class=\"ez-toc-link ez-toc-heading-2\" href=\"https:\/\/moverdb.com\/hu\/moving-companies\/moving-companies-norway\/#2_Hakull\" >2. Hakull<\/a><\/li><li class='ez-toc-page-1 ez-toc-heading-level-2'><a class=\"ez-toc-link ez-toc-heading-3\" href=\"https:\/\/moverdb.com\/hu\/moving-companies\/moving-companies-norway\/#3_NFB_International_Relocations\" >3. NFB nemzetk\u00f6zi \u00e1thelyez\u00e9sek<\/a><\/li><li class='ez-toc-page-1 ez-toc-heading-level-2'><a class=\"ez-toc-link ez-toc-heading-4\" href=\"https:\/\/moverdb.com\/hu\/moving-companies\/moving-companies-norway\/#4_SIRVA\" >4. SIRVA<\/a><\/li><li class='ez-toc-page-1 ez-toc-heading-level-2'><a class=\"ez-toc-link ez-toc-heading-5\" href=\"https:\/\/moverdb.com\/hu\/moving-companies\/moving-companies-norway\/#5_Vinjes\" >5. Vinjes<\/a><\/li><li class='ez-toc-page-1 ez-toc-heading-level-2'><a class=\"ez-toc-link ez-toc-heading-6\" href=\"https:\/\/moverdb.com\/hu\/moving-companies\/moving-companies-norway\/#Other_Useful_Guides_to_Norway\" >Egy\u00e9b hasznos Norv\u00e9gia \u00fatik\u00f6nyvek<\/a><\/li><\/ul><\/nav><\/div>\n<h2><span class=\"ez-toc-section\" id=\"1_Adams_Express\"><\/span><strong>1. Adams Express<\/strong><span class=\"ez-toc-section-end\"><\/span><\/h2>\n<p><img loading=\"lazy\" decoding=\"async\" class=\"alignnone size-full wp-image-8750\" src=\"https:\/\/moverdb.com\/wp-content\/uploads\/Adams-Express-international-moving-company.png\" alt=\"Adams Express nemzetk\u00f6zi k\u00f6lt\u00f6ztet\u0151 c\u00e9g\" width=\"1440\" height=\"674\" data-wp-pid=\"8750\" srcset=\"https:\/\/moverdb.com\/wp-content\/uploads\/Adams-Express-international-moving-company.png 1440w, https:\/\/moverdb.com\/wp-content\/uploads\/Adams-Express-international-moving-company-300x140.png 300w, https:\/\/moverdb.com\/wp-content\/uploads\/Adams-Express-international-moving-company-1024x479.png 1024w, https:\/\/moverdb.com\/wp-content\/uploads\/Adams-Express-international-moving-company-18x8.png 18w, https:\/\/moverdb.com\/wp-content\/uploads\/Adams-Express-international-moving-company-600x281.png 600w\" sizes=\"auto, (max-width: 1440px) 100vw, 1440px\" \/><\/p>\n<ul>\n<li>Nemzeti l\u00e9p\u00e9sek<\/li>\n<li>Nemzetk\u00f6zi k\u00f6lt\u00f6z\u00e9sek<\/li>\n<li>H\u00e1ztart\u00e1si k\u00f6lt\u00f6z\u00e9sek<\/li>\n<li>Irodai k\u00f6lt\u00f6z\u00e9sek<\/li>\n<li>Csomagol\u00e1si szolg\u00e1ltat\u00e1s<\/li>\n<li>A sz\u00e1ll\u00edt\u00e1s megszervez\u00e9se<\/li>\n<li>V\u00e1mkezel\u00e9s<\/li>\n<li>K\u00e9pz\u0151m\u0171v\u00e9szeti kezel\u00e9s<\/li>\n<li>Biztos\u00edt\u00e1s<\/li>\n<li>R\u00f6vid \u00e9s hossz\u00fa t\u00e1v\u00fa t\u00e1rol\u00e1s<\/li>\n<\/ul>\n<p>Az Adams Express egy k\u00f6lt\u00f6ztet\u0151, rakt\u00e1roz\u00e1si \u00e9s logisztikai v\u00e1llalat, amely Bergenben, Osl\u00f3ban \u00e9s Stavangerben rendelkezik telephellyel. Kiterjedt \u00fcgyn\u00f6kh\u00e1l\u00f3zatuk van szerte a vil\u00e1gon, amely nemzetk\u00f6zi szolg\u00e1ltat\u00e1sokkal tud seg\u00edteni. Az IAM tagjak\u00e9nt 125 \u00e9ves m\u00faltra tekintenek vissza, \u00e9s a FIDI \u00e1ltal akkredit\u00e1ltak.<\/p>\n<p>Az Adams Express a kis sz\u00e1ll\u00edtm\u00e1nyokt\u00f3l kezdve a nagy megrendel\u00e9sekig k\u00edn\u00e1l k\u00f6lt\u00f6ztet\u00e9si szolg\u00e1ltat\u00e1sokat. H\u00e1zhoz men\u0151 szolg\u00e1ltat\u00e1st ny\u00fajtanak, amely mag\u00e1ban foglalja az \u00d6n t\u00e1rgyainak vizsg\u00e1lat\u00e1t \u00e9s a k\u00f6lt\u00f6z\u00e9s megtervez\u00e9s\u00e9t. Csomagol\u00e1si szolg\u00e1ltat\u00e1st ny\u00fajtanak a holmij\u00e1nak v\u00e9delme \u00e9rdek\u00e9ben, \u00e9s \u00e9rkez\u00e9skor kicsomagolj\u00e1k. Elsz\u00e1ll\u00edtj\u00e1k holmij\u00e1t a c\u00e9l\u00e1llom\u00e1sra, \u00e9s seg\u00edtenek a v\u00e1mkezel\u00e9sben \u00e9s a biztos\u00edt\u00e1sban.<\/p>\n<p>Weboldal: <a href=\"http:\/\/www.adamsexpress.no\" target=\"_blank\" rel=\"noopener\">http:\/\/www.adamsexpress.no<\/a><\/p>\n<h2><span class=\"ez-toc-section\" id=\"2_Hakull\"><\/span><strong>2. Hakull<\/strong><span class=\"ez-toc-section-end\"><\/span><\/h2>\n<p><img loading=\"lazy\" decoding=\"async\" class=\"alignnone size-full wp-image-8812\" src=\"https:\/\/moverdb.com\/wp-content\/uploads\/Hakull-international-moving-company.png\" alt=\"Hakull nemzetk\u00f6zi k\u00f6lt\u00f6ztet\u0151 c\u00e9g\" width=\"1440\" height=\"680\" data-wp-pid=\"8812\" srcset=\"https:\/\/moverdb.com\/wp-content\/uploads\/Hakull-international-moving-company.png 1440w, https:\/\/moverdb.com\/wp-content\/uploads\/Hakull-international-moving-company-300x142.png 300w, https:\/\/moverdb.com\/wp-content\/uploads\/Hakull-international-moving-company-1024x484.png 1024w, https:\/\/moverdb.com\/wp-content\/uploads\/Hakull-international-moving-company-18x9.png 18w, https:\/\/moverdb.com\/wp-content\/uploads\/Hakull-international-moving-company-600x283.png 600w\" sizes=\"auto, (max-width: 1440px) 100vw, 1440px\" \/><\/p>\n<ul>\n<li>Helyi \u00e9s orsz\u00e1gos k\u00f6lt\u00f6ztet\u00e9sek<\/li>\n<li>Nemzetk\u00f6zi k\u00f6lt\u00f6ztet\u00e9sek<\/li>\n<li>H\u00e1ztart\u00e1si k\u00f6lt\u00f6ztet\u00e9sek<\/li>\n<li>Irodai k\u00f6lt\u00f6ztet\u00e9s<\/li>\n<li>K\u00f6lt\u00f6ztet\u00e9si szolg\u00e1ltat\u00e1sok<\/li>\n<li>H\u00e1zt\u00f3l-h\u00e1zig szolg\u00e1ltat\u00e1s<\/li>\n<li>Csomagol\u00e1si szolg\u00e1ltat\u00e1s<\/li>\n<li>K\u00f6z\u00fati, tengeri \u00e9s l\u00e9gi sz\u00e1ll\u00edtm\u00e1nyoz\u00e1s<\/li>\n<li>V\u00e1mkezel\u00e9s<\/li>\n<li>Rakt\u00e1roz\u00e1si lehet\u0151s\u00e9gek<\/li>\n<\/ul>\n<p>A Hakull egy 1946-ban alap\u00edtott nemzetk\u00f6zi sz\u00e1ll\u00edtm\u00e1nyoz\u00e1si \u00e9s k\u00f6lt\u00f6ztet\u00e9si szolg\u00e1ltat\u00f3 v\u00e1llalat, amelynek telephelyei Sandes, Kristiansand, Oslo \u00e9s Norresundby. Az IAM tagja, 77 \u00e9ves m\u00faltra tekint vissza, \u00e9s a FIDI \u00e1ltal akkredit\u00e1lt.<\/p>\n<p>A Hakull h\u00e1zhoz men\u0151 szolg\u00e1ltat\u00e1ssal k\u00edn\u00e1l k\u00f6lt\u00f6ztet\u00e9si szolg\u00e1ltat\u00e1sokat k\u00fcl\u00f6nf\u00e9le \u00e1ruk, k\u00f6zt\u00fck b\u00fatorok \u00e9s minden m\u00e1s otthon\u00e1ban tal\u00e1lhat\u00f3 dolog sz\u00e1m\u00e1ra. Csomagol\u00e1si szolg\u00e1ltat\u00e1st ny\u00fajtanak, hogy megv\u00e9dj\u00e9k a holmij\u00e1t a sz\u00e1ll\u00edt\u00e1s sor\u00e1n. K\u00f6z\u00fati, tengeri vagy l\u00e9gi sz\u00e1ll\u00edt\u00e1st biztos\u00edtanak, amely mag\u00e1ban foglalja a kont\u00e9nerek v\u00e1laszt\u00e9k\u00e1t, p\u00e9ld\u00e1ul teljes \u00e9s kev\u00e9sb\u00e9 teljes kont\u00e9nerrakom\u00e1nyokat. Seg\u00edtenek a v\u00e1mkezel\u00e9sben, \u00e9s sz\u00fcks\u00e9g eset\u00e9n biztos\u00edtanak t\u00e1rol\u00e1st, biztos\u00edt\u00e1ssal egy\u00fctt.<\/p>\n<p>Weboldal: <a href=\"http:\/\/www.haakull.no\" target=\"_blank\" rel=\"noopener\">http:\/\/www.haakull.no<\/a><\/p>\n<h2><span class=\"ez-toc-section\" id=\"3_NFB_International_Relocations\"><\/span><strong>3. NFB nemzetk\u00f6zi \u00e1thelyez\u00e9sek<\/strong><span class=\"ez-toc-section-end\"><\/span><\/h2>\n<p><img loading=\"lazy\" decoding=\"async\" class=\"alignnone size-full wp-image-8837\" src=\"https:\/\/moverdb.com\/wp-content\/uploads\/NFB-International-Relocations-company.png\" alt=\"NFB International Relocations v\u00e1llalat\" width=\"1440\" height=\"677\" data-wp-pid=\"8837\" srcset=\"https:\/\/moverdb.com\/wp-content\/uploads\/NFB-International-Relocations-company.png 1440w, https:\/\/moverdb.com\/wp-content\/uploads\/NFB-International-Relocations-company-300x141.png 300w, https:\/\/moverdb.com\/wp-content\/uploads\/NFB-International-Relocations-company-1024x481.png 1024w, https:\/\/moverdb.com\/wp-content\/uploads\/NFB-International-Relocations-company-18x8.png 18w, https:\/\/moverdb.com\/wp-content\/uploads\/NFB-International-Relocations-company-600x282.png 600w\" sizes=\"auto, (max-width: 1440px) 100vw, 1440px\" \/><\/p>\n<ul>\n<li>Nemzeti l\u00e9p\u00e9sek<\/li>\n<li>Nemzetk\u00f6zi k\u00f6lt\u00f6z\u00e9sek<\/li>\n<li>H\u00e1ztart\u00e1si k\u00f6lt\u00f6z\u00e9sek<\/li>\n<li>A v\u00e1llalat k\u00f6lt\u00f6zik<\/li>\n<li>Csomagol\u00e1si szolg\u00e1ltat\u00e1s<\/li>\n<li>K\u00f6z\u00fati, tengeri \u00e9s l\u00e9gi sz\u00e1ll\u00edt\u00e1s<\/li>\n<li>Ezermester- \u00e9s takar\u00edt\u00f3i szolg\u00e1ltat\u00e1sok<\/li>\n<li>Otthoni \u00e9s iskolai keres\u00e9sek<\/li>\n<li>Tranzitbiztos\u00edt\u00e1s<\/li>\n<li>R\u00f6vid \u00e9s hossz\u00fa t\u00e1v\u00fa t\u00e1rol\u00e1s<\/li>\n<\/ul>\n<p>Az NFB International Relocations egy nemzetk\u00f6zi k\u00f6lt\u00f6ztet\u0151 c\u00e9g, amelynek sz\u00e9khelye Skui. A nemzetk\u00f6zi szolg\u00e1ltat\u00e1sok ny\u00fajt\u00e1sa \u00e9rdek\u00e9ben a vil\u00e1g 150 orsz\u00e1g\u00e1ban m\u0171k\u00f6d\u0151 profi k\u00f6lt\u00f6ztet\u0151 c\u00e9gek glob\u00e1lis h\u00e1l\u00f3zat\u00e1val m\u0171k\u00f6dnek egy\u00fctt. Az IAM tagjak\u00e9nt 15 \u00e9ves szolg\u00e1lati id\u0151vel rendelkeznek, \u00e9s a FIDI \u00e1ltal akkredit\u00e1ltak.<\/p>\n<p>Az NFB International Relocations h\u00e1zt\u00f3l-h\u00e1zig tart\u00f3 k\u00f6lt\u00f6ztet\u00e9si szolg\u00e1ltat\u00e1sokat k\u00edn\u00e1l, amelyek a k\u00f6lt\u00f6z\u00e9s el\u0151tti felm\u00e9r\u00e9ssel kezd\u0151dnek. A k\u00f6lt\u00f6ztet\u00e9si szolg\u00e1ltat\u00e1sok sz\u00e9les sk\u00e1l\u00e1j\u00e1t k\u00edn\u00e1lj\u00e1k, bele\u00e9rtve a csomagol\u00e1st, a Norv\u00e9gi\u00e1n, Eur\u00f3p\u00e1n bel\u00fcli \u00e9s nemzetk\u00f6zi sz\u00e1ll\u00edt\u00e1st, a k\u00f6lt\u00f6ztet\u00e9s lebonyol\u00edt\u00e1s\u00e1t, az ezermester- \u00e9s szobal\u00e1ny-szolg\u00e1ltat\u00e1sokat, a t\u00e1rol\u00e1st \u00e9s a biztos\u00edt\u00e1st. Olyan k\u00f6lt\u00f6z\u00e9si szolg\u00e1ltat\u00e1sokat k\u00edn\u00e1lnak, amelyek magukban foglalj\u00e1k a h\u00e1z- \u00e9s iskolakeres\u00e9st, a bev\u00e1ndorl\u00e1si \u00e9s v\u00edzumk\u00e9rd\u00e9st, a t\u00e1j\u00e9koz\u00f3d\u00e1st \u00e9s a helyi szolg\u00e1ltat\u00e1sokhoz val\u00f3 regisztr\u00e1ci\u00f3ban val\u00f3 seg\u00edts\u00e9gny\u00fajt\u00e1st.<\/p>\n<p>Weboldal: <a href=\"http:\/\/www.nfbir.com\" target=\"_blank\" rel=\"noopener\">http:\/\/www.nfbir.com<\/a><\/p>\n<h2><span class=\"ez-toc-section\" id=\"4_SIRVA\"><\/span><strong>4. SIRVA<\/strong><span class=\"ez-toc-section-end\"><\/span><\/h2>\n<p><img loading=\"lazy\" decoding=\"async\" class=\"alignnone size-full wp-image-8859\" src=\"https:\/\/moverdb.com\/wp-content\/uploads\/SIRVA-Norway-international-moving-company.png\" alt=\"SIRVA Norv\u00e9gia nemzetk\u00f6zi k\u00f6lt\u00f6ztet\u0151 c\u00e9g\" width=\"1440\" height=\"681\" data-wp-pid=\"8859\" srcset=\"https:\/\/moverdb.com\/wp-content\/uploads\/SIRVA-Norway-international-moving-company.png 1440w, https:\/\/moverdb.com\/wp-content\/uploads\/SIRVA-Norway-international-moving-company-300x142.png 300w, https:\/\/moverdb.com\/wp-content\/uploads\/SIRVA-Norway-international-moving-company-1024x484.png 1024w, https:\/\/moverdb.com\/wp-content\/uploads\/SIRVA-Norway-international-moving-company-18x9.png 18w, https:\/\/moverdb.com\/wp-content\/uploads\/SIRVA-Norway-international-moving-company-600x284.png 600w\" sizes=\"auto, (max-width: 1440px) 100vw, 1440px\" \/><\/p>\n<ul>\n<li>Nemzeti l\u00e9p\u00e9sek<\/li>\n<li>Nemzetk\u00f6zi k\u00f6lt\u00f6z\u00e9sek<\/li>\n<li>H\u00e1ztart\u00e1si k\u00f6lt\u00f6z\u00e9sek<\/li>\n<li>Kereskedelmi k\u00f6lt\u00f6z\u00e9sek<\/li>\n<li>V\u00e9gpontt\u00f3l v\u00e9gpontig tart\u00f3 ir\u00e1ny\u00edt\u00e1s<\/li>\n<li>K\u00f6lt\u00f6ztet\u0151 szak\u00e9rt\u0151k, akik eligaz\u00edtj\u00e1k \u00d6nt<\/li>\n<li>Egyetlen kapcsolattart\u00f3 pont<\/li>\n<li>Csomagol\u00e1si lehet\u0151s\u00e9gek v\u00e1laszt\u00e9ka<\/li>\n<li>A sz\u00e1ll\u00edt\u00e1s megszervez\u00e9se<\/li>\n<li>Rakt\u00e1roz\u00e1si lehet\u0151s\u00e9gek<\/li>\n<\/ul>\n<p>A SIRVA egy glob\u00e1lis k\u00f6lt\u00f6ztet\u00e9si \u00e9s k\u00f6lt\u00f6ztet\u00e9si szolg\u00e1ltat\u00f3, amely 77 telephellyel t\u00f6bb mint 190 orsz\u00e1got szolg\u00e1l ki, irod\u00e1i Osl\u00f3ban \u00e9s Stavangerben tal\u00e1lhat\u00f3k. K\u00f6lt\u00f6ztet\u00e9si m\u00e1rk\u00e1ik k\u00f6z\u00e9 tartozik a SIRVA, az Allied, a North American Van Lines, a SMARTBOX \u00e9s m\u00e9g sok m\u00e1s. Az IAM tagjak\u00e9nt 46 \u00e9ves szolg\u00e1lati id\u0151vel rendelkeznek, \u00e9s a FIDI \u00e1ltal akkredit\u00e1ltak.<\/p>\n<p>A SIRVA a legmodernebb eszk\u00f6z\u00f6ket \u00e9s megold\u00e1sokat haszn\u00e1lja szolg\u00e1ltat\u00e1sai ny\u00fajt\u00e1s\u00e1hoz. Teljes k\u00f6r\u0171 k\u00f6lt\u00f6ztet\u00e9si szolg\u00e1ltat\u00e1sokat vagy csin\u00e1ld magad k\u00f6lt\u00f6ztet\u00e9si szolg\u00e1ltat\u00e1sokat k\u00edn\u00e1lnak. Szakter\u00fclet\u00fck a munkav\u00e1llal\u00f3k egy\u00e9ni vagy csoportos k\u00f6lt\u00f6ztet\u00e9s\u00e9t v\u00e9gz\u0151 v\u00e1llalkoz\u00e1sok sz\u00e1m\u00e1ra ny\u00fajtott szolg\u00e1ltat\u00e1sok ny\u00fajt\u00e1sa. K\u00f6lt\u00f6ztet\u0151 szak\u00e9rt\u0151ket biztos\u00edtanak, akik v\u00e9gigvezetik \u00d6nt a folyamaton, \u00e9s egyetlen kapcsolattart\u00f3 pontk\u00e9nt szolg\u00e1lnak.<\/p>\n<p>Weboldal: <a href=\"http:\/\/www.teamrelocations.com\" target=\"_blank\" rel=\"noopener\">http:\/\/www.teamrelocations.com<\/a><\/p>\n<h2><span class=\"ez-toc-section\" id=\"5_Vinjes\"><\/span><strong>5. Vinjes<\/strong><span class=\"ez-toc-section-end\"><\/span><\/h2>\n<p><img loading=\"lazy\" decoding=\"async\" class=\"alignnone size-full wp-image-8874\" src=\"https:\/\/moverdb.com\/wp-content\/uploads\/Vinjes-international-moving-company.png\" alt=\"Vinjes nemzetk\u00f6zi k\u00f6lt\u00f6ztet\u0151 c\u00e9g\" width=\"1440\" height=\"681\" data-wp-pid=\"8874\" srcset=\"https:\/\/moverdb.com\/wp-content\/uploads\/Vinjes-international-moving-company.png 1440w, https:\/\/moverdb.com\/wp-content\/uploads\/Vinjes-international-moving-company-300x142.png 300w, https:\/\/moverdb.com\/wp-content\/uploads\/Vinjes-international-moving-company-1024x484.png 1024w, https:\/\/moverdb.com\/wp-content\/uploads\/Vinjes-international-moving-company-18x9.png 18w, https:\/\/moverdb.com\/wp-content\/uploads\/Vinjes-international-moving-company-600x284.png 600w\" sizes=\"auto, (max-width: 1440px) 100vw, 1440px\" \/><\/p>\n<ul>\n<li>Nemzeti l\u00e9p\u00e9sek<\/li>\n<li>Nemzetk\u00f6zi k\u00f6lt\u00f6z\u00e9sek<\/li>\n<li>H\u00e1ztart\u00e1si k\u00f6lt\u00f6z\u00e9sek<\/li>\n<li>Irod\u00e1k \u00e1thelyez\u00e9se<\/li>\n<li>Csomagol\u00e1si lehet\u0151s\u00e9gek v\u00e1laszt\u00e9ka<\/li>\n<li>Csomagol\u00e1si szolg\u00e1ltat\u00e1s<\/li>\n<li>A sz\u00e1ll\u00edt\u00e1s megszervez\u00e9se<\/li>\n<li>P\u00f3tkocsi b\u00e9rl\u00e9s<\/li>\n<li>Biztos\u00edt\u00e1s<\/li>\n<li>Rakt\u00e1roz\u00e1si lehet\u0151s\u00e9gek<\/li>\n<\/ul>\n<p>A Vinjes egy 1889-ben alap\u00edtott, k\u00f6lt\u00f6ztet\u00e9si \u00e9s t\u00e1rol\u00e1si szolg\u00e1ltat\u00e1sokat ny\u00fajt\u00f3 fuvaroz\u00e1si v\u00e1llalkoz\u00e1s, amelynek sz\u00e9khelye Tillerben tal\u00e1lhat\u00f3. Egy\u00fcttm\u0171k\u00f6dnek m\u00e1s megb\u00edzhat\u00f3 k\u00f6lt\u00f6ztet\u0151 c\u00e9gekkel, hogy seg\u00edts\u00e9k \u0151ket a nemzetk\u00f6zi szolg\u00e1ltat\u00e1sok ny\u00fajt\u00e1s\u00e1ban. Az IAM tagjak\u00e9nt 134 \u00e9ves szolg\u00e1lati id\u0151vel rendelkeznek.<\/p>\n<p>A Vinjes t\u00f6bbf\u00e9le k\u00f6lt\u00f6z\u00e9si lehet\u0151s\u00e9get k\u00edn\u00e1l, amelyek k\u00f6z\u00f6tt szerepel a \"csin\u00e1ld magad\" csomagol\u00e1s \u00e9s ut\u00e1nfut\u00f3 b\u00e9rl\u00e9s, a r\u00e9szleges csomagol\u00e1s \u00e9s a teljes csomagol\u00e1si szolg\u00e1ltat\u00e1s. Csomagol\u00e1si szolg\u00e1ltat\u00e1suk mag\u00e1ban foglalja a holmij\u00e1nak megfelel\u0151 csomagol\u00f3anyagokba t\u00f6rt\u00e9n\u0151 biztons\u00e1gos becsomagol\u00e1s\u00e1t \u00e9s a kicsomagol\u00e1st az \u00faj c\u00edmen. A k\u00f6lt\u00f6z\u00e9s sor\u00e1n biztos\u00edt\u00e1st is ny\u00fajtanak a tartalomra, \u00e9s sz\u00fcks\u00e9g eset\u00e9n t\u00e1rol\u00e1si lehet\u0151s\u00e9get is biztos\u00edtanak.<\/p>\n<p>Weboldal: <a href=\"http:\/\/www.vinjes.no\" target=\"_blank\" rel=\"noopener\">http:\/\/www.vinjes.no<\/a><\/p>\n<h2><span class=\"ez-toc-section\" id=\"Other_Useful_Guides_to_Norway\"><\/span>Egy\u00e9b hasznos Norv\u00e9gia \u00fatik\u00f6nyvek<span class=\"ez-toc-section-end\"><\/span><\/h2>\n<ul>\n<li> <a href=\"https:\/\/moverdb.com\/hu\/kontenerszallitas\/norvegia\/\">2024 Tengeri tehersz\u00e1ll\u00edt\u00e1si kont\u00e9ner \u00e1rak Norv\u00e9gi\u00e1ba \u00e9s Norv\u00e9gi\u00e1b\u00f3l<\/a><\/li>\n<li> <a href=\"https:\/\/moverdb.com\/hu\/moving-to-norway\/\">Norv\u00e9gi\u00e1ba k\u00f6lt\u00f6zik? 2023 Meg\u00e9lhet\u00e9si k\u00f6lts\u00e9gek \u00e9s k\u00f6lt\u00f6z\u00e9si tippek<\/a><\/li>\n<li> <a href=\"https:\/\/moverdb.com\/hu\/moving-to-norway\/best-places-to-live-norway\/\">13 Legjobb helyek Norv\u00e9gi\u00e1ban\/a&gt;<\/li>\n<li> <a href=\"https:\/\/moverdb.com\/hu\/moving-to-norway\/living-in-norway\/\">21 titok a norv\u00e9giai \u00e9letr\u0151l, amit tudnod kell k\u00f6lt\u00f6z\u00e9s el\u0151tt<\/a><\/li>\n<\/ul>","protected":false},"excerpt":{"rendered":"<p>If you are moving home or business within, to or from Norway then you may want to employ the services of a moving company to assist you. They can help you with packing, organising transportation and sorting out paperwork. Below we have compiled a list of Norway based removal companies that are members of the [&hellip;]<\/p>\n","protected":false},"author":4,"featured_media":0,"parent":190,"menu_order":0,"comment_status":"closed","ping_status":"closed","template":"","meta":{"_genesis_hide_title":false,"_genesis_hide_breadcrumbs":false,"_genesis_hide_singular_image":false,"_genesis_hide_footer_widgets":false,"_genesis_custom_body_class":"","_genesis_custom_post_class":"","_genesis_layout":"","footnotes":""},"class_list":{"0":"post-8897","1":"page","2":"type-page","3":"status-publish","5":"entry","6":"has-post-thumbnail"},"_links":{"self":[{"href":"https:\/\/moverdb.com\/hu\/wp-json\/wp\/v2\/pages\/8897","targetHints":{"allow":["GET"]}}],"collection":[{"href":"https:\/\/moverdb.com\/hu\/wp-json\/wp\/v2\/pages"}],"about":[{"href":"https:\/\/moverdb.com\/hu\/wp-json\/wp\/v2\/types\/page"}],"author":[{"embeddable":true,"href":"https:\/\/moverdb.com\/hu\/wp-json\/wp\/v2\/users\/4"}],"replies":[{"embeddable":true,"href":"https:\/\/moverdb.com\/hu\/wp-json\/wp\/v2\/comments?post=8897"}],"version-history":[{"count":2,"href":"https:\/\/moverdb.com\/hu\/wp-json\/wp\/v2\/pages\/8897\/revisions"}],"predecessor-version":[{"id":17049,"href":"https:\/\/moverdb.com\/hu\/wp-json\/wp\/v2\/pages\/8897\/revisions\/17049"}],"up":[{"embeddable":true,"href":"https:\/\/moverdb.com\/hu\/wp-json\/wp\/v2\/pages\/190"}],"wp:attachment":[{"href":"https:\/\/moverdb.com\/hu\/wp-json\/wp\/v2\/media?parent=8897"}],"curies":[{"name":"wp","href":"https:\/\/api.w.org\/{rel}","templated":true}]}}