{"id":888,"date":"2016-08-31T21:15:38","date_gmt":"2016-08-31T21:15:38","guid":{"rendered":"http:\/\/moverdb.com\/?page_id=888"},"modified":"2026-01-08T14:47:24","modified_gmt":"2026-01-08T14:47:24","slug":"abels-removals","status":"publish","type":"page","link":"https:\/\/moverdb.com\/hu\/abels-removals\/","title":{"rendered":"Abels K\u00f6lt\u00f6ztet\u00e9si szolg\u00e1ltat\u00e1sok: Nemzetk\u00f6zi K\u00f6lt\u00f6ztet\u00e9sek V\u00e9lem\u00e9nyek"},"content":{"rendered":"<p>Az Abels Moving Services sz\u00e9khelye Brandonban, Suffolkban tal\u00e1lhat\u00f3, de telephelyei vannak a k\u00f6vetkez\u0151 helyeken is <a href=\"https:\/\/moverdb.com\/hu\/moving-to-london\/\">London<\/a>, <a href=\"\" data-internallinksmanager029f6b8e52c=\"37\" title=\"Cambridge\">Cambridge<\/a> \u00e9s Lutterworth, de az eg\u00e9sz r\u00e9gi\u00f3t kiszolg\u00e1lja. <a href=\"https:\/\/moverdb.com\/hu\/moving-to-the-uk\/\" data-internallinksmanager029f6b8e52c=\"93\" title=\"Az Egyes\u00fclt Kir\u00e1lys\u00e1gba k\u00f6lt\u00f6zik? 2022 Meg\u00e9lhet\u00e9si k\u00f6lts\u00e9gek \u00e9s k\u00f6lt\u00f6z\u00e9si tippek\">UK<\/a>. <\/p>\n<p>Sz\u00e1mos sz\u00e1nd\u00e9kos k\u00f6lt\u00f6ztet\u00e9si szolg\u00e1ltat\u00e1st k\u00edn\u00e1l \u00fcgyfeleinek, amelyek az al\u00e1bbiakban vannak felsorolva. Tov\u00e1bb\u00e1 k\u00f6vetkezik egy c\u00e9gprofil \u00e9s c\u00e9g\u00e9rt\u00e9kel\u00e9sek.<\/p>\n<p><strong>Nemzetk\u00f6zi k\u00f6lt\u00f6z\u00e9sek<\/strong><\/p>\n<ul>\n<li> L\u00e9gi sz\u00e1ll\u00edtm\u00e1nyoz\u00e1s kis mennyis\u00e9gek eset\u00e9n<\/li>\n<li> Tengeri sz\u00e1ll\u00edt\u00e1s nagy mennyis\u00e9gek eset\u00e9n<\/li>\n<li> Teljes k\u00f6r\u0171 k\u00f6lt\u00f6z\u00e9si menedzsment el\u00e9rhet\u0151<\/li>\n<li> H\u00e1zi\u00e1llat elt\u00e1vol\u00edt\u00e1sa<\/li>\n<li> Aut\u00f3 elt\u00e1vol\u00edt\u00e1sa<\/li>\n<li> H\u00e1zhoz men\u0151 szolg\u00e1ltat\u00e1s<\/li>\n<li> Magasan k\u00e9pzett csomagol\u00f3k<\/li>\n<li> Kiv\u00e1l\u00f3 min\u0151s\u00e9g\u0171 csomagol\u00f3anyagok<\/li>\n<li> V\u00e1m\u00fcgyi seg\u00edts\u00e9gny\u00fajt\u00e1s<\/li>\n<li> Sz\u00e1ll\u00edt\u00e1si \u00e9s kicsomagol\u00e1si szolg\u00e1ltat\u00e1s<\/li>\n<li> \u00c1thelyez\u00e9ssel kapcsolatos inform\u00e1ci\u00f3k<\/li>\n<li> Megszervezett biztos\u00edt\u00e1s<\/li>\n<li> Szobal\u00e1ny szolg\u00e1ltat\u00e1s<\/li>\n<li> Kerti szolg\u00e1ltat\u00e1s<\/li>\n<\/ul>\n<p><strong>K\u00f6lt\u00f6ztet\u00e9si szolg\u00e1ltat\u00e1sok<\/strong><\/p>\n<ul>\n<li> 60 orsz\u00e1gra vonatkoz\u00f3 orsz\u00e1gos \u00e1ttelep\u00fcl\u00e9si \u00fatmutat\u00f3k \u00e1llnak rendelkez\u00e9sre<\/li>\n<li> Kezdeti ig\u00e9nyfelm\u00e9r\u00e9s<\/li>\n<li> T\u00e1j\u00e9koz\u00f3d\u00e1s - v\u00e1s\u00e1rl\u00e1s, sz\u00f3rakoz\u00e1s, banki szolg\u00e1ltat\u00e1sok, szabadid\u0151s lehet\u0151s\u00e9gek<\/li>\n<li> Oktat\u00e1si \u00e1ttekint\u00e9s<\/li>\n<li> Az ingatlan \u00e1ttekint\u00e9se<\/li>\n<li> B\u00fatorb\u00e9rl\u00e9s<\/li>\n<li> K\u00f6zm\u0171vek csatlakoztat\u00e1sa<\/li>\n<li> Szobal\u00e1ny szolg\u00e1ltat\u00e1s<\/li>\n<li> Kerti szolg\u00e1ltat\u00e1s<\/li>\n<\/ul>\n<p><strong>Eur\u00f3pai mozg\u00e1sok<\/strong><\/p>\n<ul>\n<li> H\u00e1zhoz men\u0151 szolg\u00e1ltat\u00e1s<\/li>\n<li> Az Abels \u00e1ltal kit\u00f6lt\u00f6tt \u00f6sszes pap\u00edrmunk\u00e1t<\/li>\n<li> Csomagol\u00e1s \u00e9s kicsomagol\u00e1s<\/li>\n<li> Speci\u00e1lis csomagol\u00f3anyagok<\/li>\n<li> R\u00f6vid \u00e9s hossz\u00fa t\u00e1v\u00fa t\u00e1rol\u00e1s<\/li>\n<li> Szem\u00e9lyes asszisztensi szolg\u00e1ltat\u00e1s - b\u00e1rmi \u00e9s minden<\/li>\n<li> K\u00f6lt\u00f6z\u00e9si \u00fatmutat\u00f3k<\/li>\n<li> Szobal\u00e1ny szolg\u00e1ltat\u00e1s<\/li>\n<li> Kerti szolg\u00e1ltat\u00e1s<\/li>\n<\/ul>\n<p><strong>Csomagol\u00e1si szolg\u00e1ltat\u00e1sok<\/strong><\/p>\n<ul>\n<li> T\u00f6r\u00e9keny t\u00e1rgyak, bele\u00e9rtve a krist\u00e1lyokat is, <a href=\"https:\/\/moverdb.com\/hu\/moving-to-china\/\" data-internallinksmanager029f6b8e52c=\"357\" title=\"K\u00edn\u00e1ba k\u00f6lt\u00f6zik? 2023 Meg\u00e9lhet\u00e9si k\u00f6lts\u00e9gek \u00e9s k\u00f6lt\u00f6z\u00e9si tippek\">porcel\u00e1n<\/a>, \u00fcveg stb.<\/li>\n<li> Festm\u00e9nyek, k\u00e9pek<\/li>\n<li> Ruh\u00e1k<\/li>\n<li> Antik b\u00fatorok, nagy \u00e9rt\u00e9k\u0171 t\u00e1rgyak<\/li>\n<li> A szekr\u00e9nyek tartalma \u00e1ltal\u00e1ban<\/li>\n<\/ul>\n<p><strong>T\u00e1rol\u00e1s<\/strong><\/p>\n<ul>\n<li> Hossz\u00fa \u00e9s r\u00f6vid t\u00e1v\u00fa<\/li>\n<li> T\u00e1rol\u00e1s az Egyes\u00fclt Kir\u00e1lys\u00e1gban, Eur\u00f3p\u00e1ban \u00e9s a tengerent\u00falon<\/li>\n<li> C\u00e9lzottan \u00e9p\u00fclt<\/li>\n<li> Optim\u00e1lis k\u00f6rnyezet<\/li>\n<li> Szigor\u00fa t\u0171zv\u00e9delmi ellen\u0151rz\u00e9sek<\/li>\n<li> CCTV lefedetts\u00e9g<\/li>\n<li> Folyamatos biztons\u00e1gi jelenl\u00e9t<\/li>\n<li> Begy\u0171jt\u00e9skor lez\u00e1rt kont\u00e9nerek<\/li>\n<li> Ide\u00e1lis h\u0151m\u00e9rs\u00e9kleti k\u00f6r\u00fclm\u00e9nyek k\u00f6z\u00f6tt t\u00e1rolt puha b\u00fatorok<\/li>\n<li> F\u00e1jlok \u00e9s arch\u00edvumok t\u00e1rol\u00e1sa<\/li>\n<li> Di\u00e1kt\u00e1rol\u00e1s<\/li>\n<\/ul>\n<p><strong>Speci\u00e1lis szolg\u00e1ltat\u00e1sok<\/strong><\/p>\n<ul>\n<li> \u00dczleti \u00e9s kereskedelmi k\u00f6lt\u00f6z\u00e9sek<\/li>\n<li> Dokumentumszolg\u00e1ltat\u00e1sok<\/li>\n<li> B\u00fatorszerel\u00e9si \u00e9s felszerel\u00e9si szolg\u00e1ltat\u00e1sok<\/li>\n<li> Kiskereskedelmi \u00e9s h\u00e1zhozsz\u00e1ll\u00edt\u00e1si szolg\u00e1ltat\u00e1sok<\/li>\n<li> B\u00fatorszerel\u00e9si szolg\u00e1ltat\u00e1sok<\/li>\n<li> Telep\u00edt\u00e9si megold\u00e1sok bels\u0151\u00e9p\u00edt\u00e9szek \u00e9s ingatlanfejleszt\u0151k sz\u00e1m\u00e1ra<\/li>\n<\/ul>\n<h2>Abels Moving Services C\u00e9gprofil<\/h2>\n<p>Az Abels Moving Services csal\u00e1di v\u00e1llalkoz\u00e1sk\u00e9nt indult 1958-ban, \u00e1ruk \u00fczletekbe t\u00f6rt\u00e9n\u0151 sz\u00e1ll\u00edt\u00e1s\u00e1val. A v\u00e1llalat az\u00f3ta folyamatosan n\u00f6vekedett, \u00e9s ma m\u00e1r 1500 szervizk\u00f6zpontja van a vil\u00e1g 56 orsz\u00e1g\u00e1ban. <\/p>\n<p>A v\u00e1llalat 1989-ben kir\u00e1lyi oklevelet kapott \u0150fels\u00e9ge, a kir\u00e1lyn\u0151 elismer\u00e9sek\u00e9nt a koron\u00e1nak ny\u00fajtott szolg\u00e1latai\u00e9rt, amelyek k\u00f6z\u00e9 tartozott K\u00e1roly herceg \u00e9s Diana hercegn\u0151 \u00f6sszes esk\u00fcv\u0151i aj\u00e1nd\u00e9k\u00e1nak sz\u00e1ll\u00edt\u00e1sa 1981-ben. <\/p>\n<p>Az Abels Moving Services b\u00fcszke c\u00e9lzottan \u00e9p\u00edtett, k\u00f6rnyezetbar\u00e1t teheraut\u00f3ira. Hisznek abban, hogy vissza kell adniuk a k\u00f6z\u00f6ss\u00e9gnek, \u00e9s vil\u00e1gszerte sz\u00e1mos j\u00f3t\u00e9konys\u00e1gi szervezetet t\u00e1mogatnak. <\/p>\n<p>Szil\u00e1rdan hisznek a \"nincs probl\u00e9ma\" megk\u00f6zel\u00edt\u00e9sben az \u00fcgyfelekkel, \u00e9s \u00fagy v\u00e9lik, hogy egy mosoly hossz\u00fa utat tesz meg.<\/p>\n<p>Az Abels Moving Services a k\u00f6vetkez\u0151 tags\u00e1gokkal \u00e9s akkredit\u00e1ci\u00f3kkal rendelkezik:<\/p>\n<ul>\n<li> Kir\u00e1lyi felhatalmaz\u00e1s \u0150fels\u00e9ge a kir\u00e1lyn\u0151nek<\/li>\n<li> <a href=\"https:\/\/moverdb.com\/hu\/fidi-faim\/\">FIDI<\/a><\/li>\n<li> <a href=\"https:\/\/moverdb.com\/hu\/fidi-faim\/\" data-internallinksmanager029f6b8e52c=\"16\" title=\"FIDI &amp; FAIM (FIDI akkredit\u00e1lt nemzetk\u00f6zi fuvaroz\u00f3) magyar\u00e1zata\">FAIM<\/a><\/li>\n<li> Investors in People<\/li>\n<li> <a href=\"https:\/\/moverdb.com\/hu\/british-association-of-removers\/\">A Brit K\u00f6lt\u00f6ztet\u0151k Sz\u00f6vets\u00e9ge<\/a> (<a href=\"https:\/\/moverdb.com\/hu\/british-association-of-removers\/\" data-internallinksmanager029f6b8e52c=\"9\" title=\"A Brit K\u00f6lt\u00f6ztet\u0151k Sz\u00f6vets\u00e9ge (BAR) magyar\u00e1zata\">BAR<\/a>)<\/li>\n<li> <a href=\"https:\/\/moverdb.com\/hu\/bar-overseas\/\">BAR Overseas Group<\/a><\/li>\n<li> P\u00e9nz\u00fcgyi Szolg\u00e1ltat\u00e1si Hat\u00f3s\u00e1g<\/li>\n<li> <a href=\"https:\/\/moverdb.com\/hu\/fedemac\/\">Eur\u00f3pai K\u00f6lt\u00f6ztet\u0151k Sz\u00f6vets\u00e9ge<\/a> (<a href=\"https:\/\/moverdb.com\/hu\/fedemac\/\" data-internallinksmanager029f6b8e52c=\"15\" title=\"Az Eur\u00f3pai K\u00f6lt\u00f6ztet\u0151k Sz\u00f6vets\u00e9g\u00e9nek (FEDEMAC) magyar\u00e1zata\">FEDEMAC<\/a>)<\/li>\n<li> Nemzetk\u00f6zi K\u00f6lt\u00f6ztet\u0151k K\u00f6lcs\u00f6n\u00f6s Biztos\u00edt\u00e1sa (IMMI)<\/li>\n<li> BS EN ISO 9001<\/li>\n<\/ul>\n<h2>Abels K\u00f6lt\u00f6ztet\u0151 szolg\u00e1ltat\u00e1sok<\/h2>\n<p><strong>Pozit\u00edv:<\/strong><\/p>\n<ul>\n<li> <em>\"A k\u00f6lt\u00f6ztet\u0151 csapatok mindk\u00e9t oldalon nagyszer\u0171ek voltak - hozz\u00e1\u00e9rt\u0151k, folyamatosan dolgoztak, \u00e9s egyszer\u0171en csak kedves emberek, akikkel t\u00e9nyleg seg\u00edt\u0151k\u00e9szek voltak a felt\u00e9tlen\u00fcl sz\u00fcks\u00e9gesn\u00e9l.\"<\/em> - Ms Jenson via <a href=\"http:\/\/www.abels.co.uk\/reviews\/\" target=\"_blank\" rel=\"noopener\">Abels \u00fcgyf\u00e9l\u00e9rt\u00e9kel\u00e9sek oldal<\/a>.<\/li>\n<li> <em>\"Mindenki, akivel az Abelsn\u00e9l dolgoztam, ak\u00e1r telefonon, ak\u00e1r e-mailben, ak\u00e1r szem\u00e9lyesen, nagyon seg\u00edt\u0151k\u00e9sz, bar\u00e1ts\u00e1gos \u00e9s hat\u00e9kony volt, mindenk\u00e9ppen \u00fajra haszn\u00e1ln\u00e1m \u0151ket, \u00e9s nem habozn\u00e9k aj\u00e1nlani \u0151ket m\u00e1soknak.\"<\/em> Ms Pledge via <a href=\"http:\/\/moveaide.com\/movers\/abels-moving-cambrige-uk-mover-reviews\" target=\"_blank\" rel=\"noopener\">MoveAide<\/a><\/li>\n<li> <em>\"Csak azt akartuk, hogy tudatos\u00edtsuk, hogy el\u00e9gedettek vagyunk, hogy a k\u00f6lt\u00f6z\u00e9s\u00fcnk most m\u00e1r sikeresen befejez\u0151d\u00f6tt.\"<\/em> - a <a href=\"http:\/\/removal-company-reviews.com\/view-removal-company-review.php?c=Abels%20Moving%20Services%20Ltd&#038;id=384\" target=\"_blank\" rel=\"noopener\">K\u00f6lt\u00f6ztet\u00e9s V\u00e9lem\u00e9nyek<\/a><\/li>\n<\/ul>\n<p><strong>Negat\u00edv:<\/strong><\/p>\n<ul>\n<li> <em>\"Sz\u00f6rny\u0171 kommunik\u00e1ci\u00f3 a sz\u00fcks\u00e9gtelen k\u00e9s\u00e9sekr\u0151l. Att\u00f3l fogsz f\u00e9lni, hogy az \u00f6sszes \u00e9leted t\u00e1rgyai elt\u0171ntek.\"<\/em> - Jeanie C. via <a href=\"https:\/\/www.yelp.co.uk\/biz\/abels-moving-services-ltd-brandon-2?hrid=qZqRG6iZsRo2GEP-XgQefQ&#038;utm_campaign=www_review_share_popup&#038;utm_medium=copy_link&#038;utm_source=(direct)\" target=\"_blank\" rel=\"noopener\">Yelp<\/a><\/li>\n<li> <em>\"Ha nem te vagy a kir\u00e1lyn\u0151, akkor nem fognak sokat t\u00f6r\u0151dni veled.\"<\/em> - Simon kereszt\u00fcl <a href=\"http:\/\/www.removalreviews.co.uk\/movingreviews\/far-from-their-advertising-image-7304\" target=\"_blank\" rel=\"noopener\">Elt\u00e1vol\u00edt\u00e1s V\u00e9lem\u00e9nyek<\/a><\/li>\n<li> <em>\"Gyenge szolg\u00e1ltat\u00e1s minden\u00fctt, rossz kommunik\u00e1ci\u00f3val mind a <a href=\"https:\/\/moverdb.com\/hu\/szingapurba-koltozes\/\">Szingap\u00far<\/a> csapat \u00e9s az uk csapat.\"<\/em> - Mr Crapper via <a href=\"http:\/\/moveaide.com\/movers\/abels-moving-cambrige-uk-mover-reviews\" target=\"_blank\" rel=\"noopener\">MoveAide<\/a><\/li>\n<\/li>\n<\/ul>\n<div itemprop=\"review\" itemscope itemtype=\"http:\/\/schema.org\/Review\">\n<span itemprop=\"author\" itemscope=\"\" itemtype=\"http:\/\/schema.org\/Organization\"><span itemprop=\"name\">MoverDB.com<\/span><\/span> Online weboldal-fel\u00fclvizsg\u00e1lat a <span itemprop=\"itemreviewed\" itemscope=\"\" itemtype=\"http:\/\/schema.org\/Brand\"><span itemprop=\"name\">Abels K\u00f6lt\u00f6ztet\u0151 szolg\u00e1ltat\u00e1sok<\/span><\/span>:<\/p>\n<ol>\n<li> Egy\u00e9rtelm\u0171 el\u00e9rhet\u0151s\u00e9gek a weboldalon (bele\u00e9rtve a telefonsz\u00e1mot is): <strong>Igen<\/strong><\/li>\n<li> K\u00f6nnyen beszerezhet\u0151 <a href=\"https:\/\/moverdb.com\/hu\/idezi\/\">nemzetk\u00f6zi k\u00f6lt\u00f6ztet\u00e9si \u00e1raj\u00e1nlatok<\/a>? (Online \u00e1raj\u00e1nlatk\u00e9r\u0151 \u0171rlap): <strong>Igen<\/strong><\/li>\n<li> Egy\u00e9rtelm\u0171 inform\u00e1ci\u00f3k a honlapon: <strong>Igen,<\/strong> egy tisztess\u00e9ges mennyis\u00e9g\u0171 inform\u00e1ci\u00f3t a honlapon a szolg\u00e1ltat\u00e1saikr\u00f3l, b\u00e1r n\u00e9h\u00e1ny <\/li>\n<li> Tags\u00e1g nemzetk\u00f6zi elismert mozgat\u00f3 szervezetekben: <strong>Igen<\/strong>l\u00e1sd fentebb.<\/li>\n<li> \u00dcgyfelek list\u00e1ja \u00e9s\/vagy kor\u00e1bbi v\u00e1s\u00e1rl\u00f3i aj\u00e1nl\u00e1sok: <strong>Igen<\/strong> A weboldalon pozit\u00edv v\u00e1s\u00e1rl\u00f3i v\u00e9lem\u00e9nyek tal\u00e1lhat\u00f3k.<\/li>\n<\/ol>\n<div itemprop=\"reviewRating\" itemscope itemtype=\"http:\/\/schema.org\/Rating\"><meta itemprop=\"worstRating\" content = \"0\" \/><meta itemprop=\"bestRating\" content=\"5\" \/><meta itemprop=\"ratingValue\" content=\"4.5\"><\/div>\n<p><strong>\u00c1ltal\u00e1nos pontsz\u00e1m: 4.5\/5<\/strong><br \/>\n<strong>Fel\u00fclvizsg\u00e1lat d\u00e1tuma:<\/strong> <span itemprop=\"datePublished\" content=\"2016-08-31\">31\/08\/2016<\/span>\n<\/div>\n<p>Tov\u00e1bbi inform\u00e1ci\u00f3 <a href=\"https:\/\/moverdb.com\/hu\/nemzetkozi-koltoztetes\/\">nemzetk\u00f6zi k\u00f6lt\u00f6ztet\u00e9sek<\/a> \u00e9s a mi <a href=\"https:\/\/moverdb.com\/hu\/ertekelesek\/\">fel\u00fclvizsg\u00e1lati folyamat<\/a>.<\/p>\n<p><strong>Weboldal:<\/strong> <a href=\"http:\/\/www.abels.co.uk\" target=\"_blank\" rel=\"noopener\">http:\/\/www.abels.co.uk<\/a><\/p>","protected":false},"excerpt":{"rendered":"<p>Abels Moving Services is based in Brandon, Suffolk but has facilities in London, Cambridge and Lutterworth but serves the whole of the UK. It offers its clients many intentional moving services which are listed below. There also follows a company profile and company reviews. International Moves Airfreight for small volumes Sea freight for large volumes [&hellip;]<\/p>\n","protected":false},"author":1,"featured_media":0,"parent":0,"menu_order":0,"comment_status":"closed","ping_status":"closed","template":"","meta":{"_genesis_hide_title":false,"_genesis_hide_breadcrumbs":false,"_genesis_hide_singular_image":false,"_genesis_hide_footer_widgets":false,"_genesis_custom_body_class":"","_genesis_custom_post_class":"","_genesis_layout":"","footnotes":""},"class_list":{"0":"post-888","1":"page","2":"type-page","3":"status-publish","5":"entry"},"_links":{"self":[{"href":"https:\/\/moverdb.com\/hu\/wp-json\/wp\/v2\/pages\/888","targetHints":{"allow":["GET"]}}],"collection":[{"href":"https:\/\/moverdb.com\/hu\/wp-json\/wp\/v2\/pages"}],"about":[{"href":"https:\/\/moverdb.com\/hu\/wp-json\/wp\/v2\/types\/page"}],"author":[{"embeddable":true,"href":"https:\/\/moverdb.com\/hu\/wp-json\/wp\/v2\/users\/1"}],"replies":[{"embeddable":true,"href":"https:\/\/moverdb.com\/hu\/wp-json\/wp\/v2\/comments?post=888"}],"version-history":[{"count":8,"href":"https:\/\/moverdb.com\/hu\/wp-json\/wp\/v2\/pages\/888\/revisions"}],"predecessor-version":[{"id":6166,"href":"https:\/\/moverdb.com\/hu\/wp-json\/wp\/v2\/pages\/888\/revisions\/6166"}],"wp:attachment":[{"href":"https:\/\/moverdb.com\/hu\/wp-json\/wp\/v2\/media?parent=888"}],"curies":[{"name":"wp","href":"https:\/\/api.w.org\/{rel}","templated":true}]}}