{"id":8879,"date":"2023-04-27T14:40:42","date_gmt":"2023-04-27T14:40:42","guid":{"rendered":"https:\/\/moverdb.com\/?page_id=8879"},"modified":"2026-01-08T15:29:24","modified_gmt":"2026-01-08T15:29:24","slug":"moving-companies-myanmar","status":"publish","type":"page","link":"https:\/\/moverdb.com\/hu\/moving-companies\/moving-companies-myanmar\/","title":{"rendered":"6 legjobb nemzetk\u00f6zi k\u00f6lt\u00f6ztet\u0151 c\u00e9gek Mianmarban"},"content":{"rendered":"<p>Ha otthon\u00e1ba vagy v\u00e1llalkoz\u00e1s\u00e1ba k\u00f6lt\u00f6zik, ez egy nagyon stresszes id\u0151szak lehet, mivel sok mindent kell megtervezni \u00e9s megtenni, k\u00fcl\u00f6n\u00f6sen, ha egy m\u00e1sik orsz\u00e1gba k\u00f6lt\u00f6zik. A szolg\u00e1ltat\u00e1s ig\u00e9nybev\u00e9tele egy <a href=\"https:\/\/moverdb.com\/hu\/moving-companies\/\" data-internallinksmanager029f6b8e52c=\"79\" title=\"Top 25 nemzetk\u00f6zi k\u00f6lt\u00f6ztet\u0151 c\u00e9gek online\">k\u00f6lt\u00f6ztet\u0151 c\u00e9g<\/a> seg\u00edthet cs\u00f6kkenteni a stresszt, \u00e9s sok ilyen feladatot levehet a v\u00e1ll\u00e1r\u00f3l. Az al\u00e1bbiakban \u00f6ssze\u00e1ll\u00edtottunk egy list\u00e1t a mianmari (burmai) sz\u00e9khely\u0171 <a href=\"https:\/\/moverdb.com\/hu\/international-removals\/\" data-internallinksmanager029f6b8e52c=\"27\" title=\"36 legjobb nemzetk\u00f6zi k\u00f6lt\u00f6ztet\u0151 c\u00e9gek az Egyes\u00fclt Kir\u00e1lys\u00e1gban\">k\u00f6lt\u00f6ztet\u0151 c\u00e9gek<\/a> amelyek tagjai a <a href=\"https:\/\/moverdb.com\/hu\/iam\/\" data-internallinksmanager029f6b8e52c=\"23\" title=\"A K\u00f6lt\u00f6ztet\u0151k Nemzetk\u00f6zi Sz\u00f6vets\u00e9ge (IAM) magyar\u00e1zata\">K\u00f6lt\u00f6ztet\u0151k Nemzetk\u00f6zi Sz\u00f6vets\u00e9ge<\/a> (IAM) \u00e9s\/vagy <a href=\"https:\/\/moverdb.com\/hu\/fidi-faim\/\" data-internallinksmanager029f6b8e52c=\"16\" title=\"FIDI &amp; FAIM (FIDI akkredit\u00e1lt nemzetk\u00f6zi fuvaroz\u00f3) magyar\u00e1zata\">FIDI<\/a> Akkredit\u00e1lt nemzetk\u00f6zi k\u00f6lt\u00f6ztet\u0151 (FAIM), aki seg\u00edthet \u00d6nnek a k\u00f6lt\u00f6z\u00e9sben.<\/p>\n<div id=\"ez-toc-container\" class=\"ez-toc-v2_0_82_2 ez-toc-wrap-left counter-hierarchy ez-toc-counter ez-toc-transparent ez-toc-container-direction\">\n<div class=\"ez-toc-title-container\">\n<p class=\"ez-toc-title\" style=\"cursor:inherit\">Szakaszok<\/p>\n<span class=\"ez-toc-title-toggle\"><a href=\"#\" class=\"ez-toc-pull-right ez-toc-btn ez-toc-btn-xs ez-toc-btn-default ez-toc-toggle\" aria-label=\"Toggle Tartalomjegyz\u00e9k\"><span class=\"ez-toc-js-icon-con\"><span class=\"\"><span class=\"eztoc-hide\" style=\"display:none;\">Toggle<\/span><span class=\"ez-toc-icon-toggle-span\"><svg style=\"fill: #999;color:#999\" xmlns=\"http:\/\/www.w3.org\/2000\/svg\" class=\"list-377408\" width=\"20px\" height=\"20px\" viewbox=\"0 0 24 24\" fill=\"none\"><path d=\"M6 6H4v2h2V6zm14 0H8v2h12V6zM4 11h2v2H4v-2zm16 0H8v2h12v-2zM4 16h2v2H4v-2zm16 0H8v2h12v-2z\" fill=\"currentColor\"><\/path><\/svg><svg style=\"fill: #999;color:#999\" class=\"arrow-unsorted-368013\" xmlns=\"http:\/\/www.w3.org\/2000\/svg\" width=\"10px\" height=\"10px\" viewbox=\"0 0 24 24\" version=\"1.2\" baseprofile=\"tiny\"><path d=\"M18.2 9.3l-6.2-6.3-6.2 6.3c-.2.2-.3.4-.3.7s.1.5.3.7c.2.2.4.3.7.3h11c.3 0 .5-.1.7-.3.2-.2.3-.5.3-.7s-.1-.5-.3-.7zM5.8 14.7l6.2 6.3 6.2-6.3c.2-.2.3-.5.3-.7s-.1-.5-.3-.7c-.2-.2-.4-.3-.7-.3h-11c-.3 0-.5.1-.7.3-.2.2-.3.5-.3.7s.1.5.3.7z\"\/><\/svg><\/span><\/span><\/span><\/a><\/span><\/div>\n<nav><ul class='ez-toc-list ez-toc-list-level-1 eztoc-toggle-hide-by-default' ><li class='ez-toc-page-1 ez-toc-heading-level-2'><a class=\"ez-toc-link ez-toc-heading-1\" href=\"https:\/\/moverdb.com\/hu\/moving-companies\/moving-companies-myanmar\/#1_Dawood_Worldwide_Movers\" >1. Dawood Worldwide Movers<\/a><\/li><li class='ez-toc-page-1 ez-toc-heading-level-2'><a class=\"ez-toc-link ez-toc-heading-2\" href=\"https:\/\/moverdb.com\/hu\/moving-companies\/moving-companies-myanmar\/#2_DNS_Mobility_Ltd\" >2. DNS Mobility Ltd.<\/a><\/li><li class='ez-toc-page-1 ez-toc-heading-level-2'><a class=\"ez-toc-link ez-toc-heading-3\" href=\"https:\/\/moverdb.com\/hu\/moving-companies\/moving-companies-myanmar\/#3_Global_Moving_Storage_Ltd\" >3. Global Moving &amp; Storage Ltd.<\/a><\/li><li class='ez-toc-page-1 ez-toc-heading-level-2'><a class=\"ez-toc-link ez-toc-heading-4\" href=\"https:\/\/moverdb.com\/hu\/moving-companies\/moving-companies-myanmar\/#4_Legendary_Myanmar_International_Moving_Logistics_Co_Ltd\" >4. Legend\u00e1s mianmari nemzetk\u00f6zi k\u00f6lt\u00f6ztet\u0151 \u00e9s logisztikai Co Ltd.<\/a><\/li><li class='ez-toc-page-1 ez-toc-heading-level-2'><a class=\"ez-toc-link ez-toc-heading-5\" href=\"https:\/\/moverdb.com\/hu\/moving-companies\/moving-companies-myanmar\/#5_Myanmar_Express_Moving\" >5. Mianmar Expressz k\u00f6lt\u00f6ztet\u00e9s<\/a><\/li><li class='ez-toc-page-1 ez-toc-heading-level-2'><a class=\"ez-toc-link ez-toc-heading-6\" href=\"https:\/\/moverdb.com\/hu\/moving-companies\/moving-companies-myanmar\/#6_NMT_Ltd\" >6. NMT Ltd.<\/a><\/li><\/ul><\/nav><\/div>\n<h2><span class=\"ez-toc-section\" id=\"1_Dawood_Worldwide_Movers\"><\/span><strong>1. Dawood Worldwide Movers<\/strong><span class=\"ez-toc-section-end\"><\/span><\/h2>\n<p><img loading=\"lazy\" decoding=\"async\" class=\"alignnone size-full wp-image-8783\" src=\"https:\/\/moverdb.com\/wp-content\/uploads\/Dawood-Worldwide-Moving-international-moving-company.png\" alt=\"Dawood Worldwide Moving nemzetk\u00f6zi k\u00f6lt\u00f6ztet\u0151 c\u00e9g\" width=\"1440\" height=\"682\" data-wp-pid=\"8783\" srcset=\"https:\/\/moverdb.com\/wp-content\/uploads\/Dawood-Worldwide-Moving-international-moving-company.png 1440w, https:\/\/moverdb.com\/wp-content\/uploads\/Dawood-Worldwide-Moving-international-moving-company-300x142.png 300w, https:\/\/moverdb.com\/wp-content\/uploads\/Dawood-Worldwide-Moving-international-moving-company-1024x485.png 1024w, https:\/\/moverdb.com\/wp-content\/uploads\/Dawood-Worldwide-Moving-international-moving-company-18x9.png 18w, https:\/\/moverdb.com\/wp-content\/uploads\/Dawood-Worldwide-Moving-international-moving-company-600x284.png 600w\" sizes=\"auto, (max-width: 1440px) 100vw, 1440px\" \/><\/p>\n<ul>\n<li>Nemzeti k\u00f6lt\u00f6ztet\u00e9sek<\/li>\n<li>Nemzetk\u00f6zi k\u00f6lt\u00f6ztet\u00e9sek<\/li>\n<li>H\u00e1ztart\u00e1si k\u00f6lt\u00f6ztet\u00e9sek<\/li>\n<li>Irodai k\u00f6lt\u00f6ztet\u00e9s<\/li>\n<li>Csomagol\u00e1si szolg\u00e1ltat\u00e1s<\/li>\n<li>Sz\u00e1ll\u00edt\u00e1si meg\u00e1llapod\u00e1sok<\/li>\n<li>V\u00e1mkezel\u00e9s<\/li>\n<li>Sz\u00e1rmaz\u00e1si \u00e9s rendeltet\u00e9si hely szerinti szolg\u00e1ltat\u00e1sok<\/li>\n<li>H\u00e1zi\u00e1llat \u00e1thelyez\u00e9s<\/li>\n<li>Biztons\u00e1gos t\u00e1rol\u00e1s<\/li>\n<\/ul>\n<p>A Dawood Worldwide Movers egy 1963-ban alap\u00edtott nemzetk\u00f6zi k\u00f6lt\u00f6ztet\u0151 c\u00e9g, amelynek sz\u00e9khelye Yangonban tal\u00e1lhat\u00f3. Nemzetk\u00f6zi k\u00f6lt\u00f6ztet\u0151 szolg\u00e1ltat\u00e1sokkal \u00e9s sz\u00e1ll\u00edtm\u00e1nyoz\u00f3kkal dolgoznak egy\u00fctt, hogy szolg\u00e1ltat\u00e1saikat az eg\u00e9sz vil\u00e1gon ny\u00fajts\u00e1k. Az IAM tagjak\u00e9nt 47 \u00e9ves szolg\u00e1lati id\u0151vel rendelkeznek.<\/p>\n<p>A Dawood Worldwide Movers teljes k\u00f6r\u0171 k\u00f6lt\u00f6ztet\u00e9si szolg\u00e1ltat\u00e1st k\u00edn\u00e1l, amely mag\u00e1ban foglalja a k\u00f6lt\u00f6z\u00e9s el\u0151tti t\u00e1mogat\u00e1st a sz\u00e1rmaz\u00e1si szolg\u00e1ltat\u00e1sokkal \u00e9s a c\u00e9l\u00e1llom\u00e1ssal kapcsolatos szolg\u00e1ltat\u00e1sokat, amikor meg\u00e9rkezik, \u00e9s a h\u00e1zi\u00e1llatok \u00e1thelyez\u00e9s\u00e9t is v\u00e1llalja. Teljes k\u00f6r\u0171 csomagol\u00e1si szolg\u00e1ltat\u00e1st ny\u00fajtanak, amely csomagol\u00f3anyagokat is mag\u00e1ban foglal, hogy megv\u00e9dj\u00e9k a holmij\u00e1t a sz\u00e1ll\u00edt\u00e1s sor\u00e1n. Int\u00e9zkednek a holmij\u00e1nak a c\u00e9l\u00e1llom\u00e1sra t\u00f6rt\u00e9n\u0151, v\u00e1mkezel\u00e9ssel egybek\u00f6t\u00f6tt sz\u00e1ll\u00edt\u00e1s\u00e1r\u00f3l.<\/p>\n<p>Weboldal: <a href=\"http:\/\/www.dawoodmovers.com\" target=\"_blank\" rel=\"noopener\">http:\/\/www.dawoodmovers.com<\/a><\/p>\n<h2><span class=\"ez-toc-section\" id=\"2_DNS_Mobility_Ltd\"><\/span><strong>2. DNS Mobility Ltd.<\/strong><span class=\"ez-toc-section-end\"><\/span><\/h2>\n<p><img loading=\"lazy\" decoding=\"async\" class=\"alignnone size-full wp-image-8789\" src=\"https:\/\/moverdb.com\/wp-content\/uploads\/DNS-Mobility-Ltd-international-moving-company.png\" alt=\"DNS Mobility Ltd nemzetk\u00f6zi k\u00f6lt\u00f6ztet\u0151 c\u00e9g\" width=\"1440\" height=\"680\" data-wp-pid=\"8789\" srcset=\"https:\/\/moverdb.com\/wp-content\/uploads\/DNS-Mobility-Ltd-international-moving-company.png 1440w, https:\/\/moverdb.com\/wp-content\/uploads\/DNS-Mobility-Ltd-international-moving-company-300x142.png 300w, https:\/\/moverdb.com\/wp-content\/uploads\/DNS-Mobility-Ltd-international-moving-company-1024x484.png 1024w, https:\/\/moverdb.com\/wp-content\/uploads\/DNS-Mobility-Ltd-international-moving-company-18x9.png 18w, https:\/\/moverdb.com\/wp-content\/uploads\/DNS-Mobility-Ltd-international-moving-company-600x283.png 600w\" sizes=\"auto, (max-width: 1440px) 100vw, 1440px\" \/><\/p>\n<ul>\n<li>Nemzeti k\u00f6lt\u00f6ztet\u00e9sek<\/li>\n<li>Nemzetk\u00f6zi \u00e1thelyez\u00e9sek<\/li>\n<li>H\u00e1ztart\u00e1si k\u00f6lt\u00f6z\u00e9sek<\/li>\n<li>Teljes k\u00f6r\u0171 csomagol\u00e1s<\/li>\n<li>Egyedi csomagol\u00f3berendez\u00e9sek<\/li>\n<li>A sz\u00e1ll\u00edt\u00e1s megszervez\u00e9se<\/li>\n<li><a href=\"https:\/\/moverdb.com\/hu\/car-transport-shipping\/\" data-internallinksmanager029f6b8e52c=\"2\" title=\"2026 Nemzetk\u00f6zi aut\u00f3sz\u00e1ll\u00edt\u00e1s \u00e9s j\u00e1rm\u0171sz\u00e1ll\u00edt\u00e1s \u00e1raj\u00e1nlatok\">J\u00e1rm\u0171sz\u00e1ll\u00edt\u00e1s<\/a><\/li>\n<li>K\u00e9pz\u0151m\u0171v\u00e9szeti kezel\u00e9s<\/li>\n<li>H\u00e1zi\u00e1llat \u00e1thelyez\u00e9sek<\/li>\n<li>Biztons\u00e1gos rakt\u00e1rhelyis\u00e9gek<\/li>\n<\/ul>\n<p>A DNS Mobility Ltd. egy 2013-ban alap\u00edtott nemzetk\u00f6zi logisztikai \u00e9s kis\u00e1llat-telep\u00edt\u00e9si v\u00e1llalat, amelynek sz\u00e9khelye Yangonban tal\u00e1lhat\u00f3. T\u00f6bb mint 100 t\u00e1rsult \u00e9s t\u00e1rsult irod\u00e1val dolgoznak vil\u00e1gszerte, hogy szolg\u00e1ltat\u00e1saikat nemzetk\u00f6zi szinten ny\u00fajts\u00e1k. Az IAM tagjak\u00e9nt 11 \u00e9ves szolg\u00e1lati id\u0151vel rendelkeznek.<\/p>\n<p>A DNS Mobility Ltd. \u00e1tfog\u00f3 k\u00f6lt\u00f6ztet\u00e9si szolg\u00e1ltat\u00e1sokat k\u00edn\u00e1l a h\u00e1ztart\u00e1sok sz\u00e1m\u00e1ra, amelyek teljes k\u00f6r\u0171 csomagol\u00e1si szolg\u00e1ltat\u00e1st ny\u00fajtanak a t\u00e1rgyak sz\u00e1ll\u00edt\u00e1s k\u00f6zbeni v\u00e9delme \u00e9rdek\u00e9ben, amely szem\u00e9lyre szabott csomagol\u00f3eszk\u00f6z\u00f6ket \u00e9s l\u00e1d\u00e1kat is mag\u00e1ban foglal. Megszervezik a holmij\u00e1nak sz\u00e1ll\u00edt\u00e1s\u00e1t \u00e9s online nyomon k\u00f6vetik a sz\u00e1ll\u00edtm\u00e1nyt. \u00c9rkez\u00e9skor kicsomagolj\u00e1k \u00e9s elt\u00e1vol\u00edtj\u00e1k a t\u00f6rmel\u00e9ket.<\/p>\n<p>Weboldal: <a href=\"http:\/\/www.dnsmyanmar.com\" target=\"_blank\" rel=\"noopener\">http:\/\/www.dnsmyanmar.com<\/a><\/p>\n<h2><span class=\"ez-toc-section\" id=\"3_Global_Moving_Storage_Ltd\"><\/span><strong>3. Global Moving &amp; Storage Ltd.<\/strong><span class=\"ez-toc-section-end\"><\/span><\/h2>\n<p><img loading=\"lazy\" decoding=\"async\" class=\"alignnone size-full wp-image-8806\" src=\"https:\/\/moverdb.com\/wp-content\/uploads\/Global-Moving-Storage-Ltd-international-moving-company.png\" alt=\"Global Moving &amp; Storage Ltd nemzetk\u00f6zi k\u00f6lt\u00f6ztet\u0151 c\u00e9g\" width=\"1440\" height=\"675\" data-wp-pid=\"8806\" srcset=\"https:\/\/moverdb.com\/wp-content\/uploads\/Global-Moving-Storage-Ltd-international-moving-company.png 1440w, https:\/\/moverdb.com\/wp-content\/uploads\/Global-Moving-Storage-Ltd-international-moving-company-300x141.png 300w, https:\/\/moverdb.com\/wp-content\/uploads\/Global-Moving-Storage-Ltd-international-moving-company-1024x480.png 1024w, https:\/\/moverdb.com\/wp-content\/uploads\/Global-Moving-Storage-Ltd-international-moving-company-18x8.png 18w, https:\/\/moverdb.com\/wp-content\/uploads\/Global-Moving-Storage-Ltd-international-moving-company-600x281.png 600w\" sizes=\"auto, (max-width: 1440px) 100vw, 1440px\" \/><\/p>\n<ul>\n<li>Nemzeti l\u00e9p\u00e9sek<\/li>\n<li>Nemzetk\u00f6zi k\u00f6lt\u00f6z\u00e9sek<\/li>\n<li>H\u00e1ztart\u00e1si k\u00f6lt\u00f6z\u00e9sek<\/li>\n<li>Irodai k\u00f6lt\u00f6z\u00e9sek<\/li>\n<li>Csomagol\u00e1si szolg\u00e1ltat\u00e1sok<\/li>\n<li>Sz\u00e1ll\u00edt\u00e1si meg\u00e1llapod\u00e1s<\/li>\n<li>V\u00e1mkezel\u00e9s<\/li>\n<li>K\u00e9pz\u0151m\u0171v\u00e9szeti term\u00e9kek csomagol\u00e1sa<\/li>\n<li>H\u00e1zi\u00e1llat k\u00f6lt\u00f6ztet\u0151 szolg\u00e1ltat\u00e1s<\/li>\n<li>Rakt\u00e1roz\u00e1si lehet\u0151s\u00e9gek<\/li>\n<\/ul>\n<p>A Global Moving &amp; Storage Ltd. egy t\u00f6bb mint k\u00e9t \u00e9vtizedes tapasztalattal rendelkez\u0151, vil\u00e1gszerte m\u0171k\u00f6d\u0151 k\u00f6lt\u00f6ztet\u0151 \u00e9s logisztikai v\u00e1llalat. Az IAM tagja 12 \u00e9ves szolg\u00e1lati id\u0151vel, ami nemzetk\u00f6zi k\u00f6lt\u00f6ztet\u0151i h\u00e1l\u00f3zatot biztos\u00edt sz\u00e1mukra, amely seg\u00edt nekik a szolg\u00e1ltat\u00e1s ny\u00fajt\u00e1s\u00e1ban vil\u00e1gszerte.<\/p>\n<p>A Global Moving &amp; Storage Ltd. h\u00e1zt\u00f3l-h\u00e1zig, h\u00e1zt\u00f3l-h\u00e1zig szolg\u00e1ltat\u00e1st ny\u00fajt.<a href=\"https:\/\/moverdb.com\/hu\/top-49-container-ports\/\" data-internallinksmanager029f6b8e52c=\"80\" title=\"Top 49 legnagyobb \u00e9s legforgalmasabb kont\u00e9nerkik\u00f6t\u0151 2025-ben\">port<\/a> vagy a kik\u00f6t\u0151t\u0151l h\u00e1zig tart\u00f3 szolg\u00e1ltat\u00e1sok, amelyek magukban foglalj\u00e1k a v\u00e1mkezel\u00e9st \u00e9s a sz\u00e1ll\u00edt\u00e1s megszervez\u00e9s\u00e9t. A nemzetk\u00f6zi szabv\u00e1nyoknak megfelel\u0151 csomagol\u00e1si szolg\u00e1ltat\u00e1sokat ny\u00fajtanak a t\u00e1rgyak sz\u00e1ll\u00edt\u00e1s k\u00f6zbeni v\u00e9delme \u00e9rdek\u00e9ben. Speci\u00e1lis szolg\u00e1ltat\u00e1sokat ny\u00fajtanak diplomat\u00e1k, k\u00e9pz\u0151m\u0171v\u00e9szeti alkot\u00e1sok \u00e9s kis\u00e1llatok k\u00f6lt\u00f6ztet\u00e9s\u00e9re.<\/p>\n<p>Weboldal: <a href=\"http:\/\/www.globalmovingstorage.com\" target=\"_blank\" rel=\"noopener\">http:\/\/www.globalmovingstorage.com<\/a><\/p>\n<h2><span class=\"ez-toc-section\" id=\"4_Legendary_Myanmar_International_Moving_Logistics_Co_Ltd\"><\/span><strong>4. Legend\u00e1s mianmari nemzetk\u00f6zi k\u00f6lt\u00f6ztet\u0151 \u00e9s logisztikai Co Ltd.<\/strong><span class=\"ez-toc-section-end\"><\/span><\/h2>\n<p><img loading=\"lazy\" decoding=\"async\" class=\"alignnone size-full wp-image-8821\" src=\"https:\/\/moverdb.com\/wp-content\/uploads\/Legendary-Myanmar-International-Moving-Logistics-Co-Ltd.png\" alt=\"Legend\u00e1s mianmari nemzetk\u00f6zi k\u00f6lt\u00f6ztet\u0151 \u00e9s logisztikai Co Ltd.\" width=\"1440\" height=\"682\" data-wp-pid=\"8821\" srcset=\"https:\/\/moverdb.com\/wp-content\/uploads\/Legendary-Myanmar-International-Moving-Logistics-Co-Ltd.png 1440w, https:\/\/moverdb.com\/wp-content\/uploads\/Legendary-Myanmar-International-Moving-Logistics-Co-Ltd-300x142.png 300w, https:\/\/moverdb.com\/wp-content\/uploads\/Legendary-Myanmar-International-Moving-Logistics-Co-Ltd-1024x485.png 1024w, https:\/\/moverdb.com\/wp-content\/uploads\/Legendary-Myanmar-International-Moving-Logistics-Co-Ltd-18x9.png 18w, https:\/\/moverdb.com\/wp-content\/uploads\/Legendary-Myanmar-International-Moving-Logistics-Co-Ltd-600x284.png 600w\" sizes=\"auto, (max-width: 1440px) 100vw, 1440px\" \/><\/p>\n<ul>\n<li>Nemzeti l\u00e9p\u00e9sek<\/li>\n<li>Nemzetk\u00f6zi k\u00f6lt\u00f6z\u00e9sek<\/li>\n<li>H\u00e1ztart\u00e1si k\u00f6lt\u00f6z\u00e9sek<\/li>\n<li>V\u00e1llalati k\u00f6lt\u00f6z\u00e9sek<\/li>\n<li>Csomagol\u00e1si szolg\u00e1ltat\u00e1s<\/li>\n<li>K\u00f6z\u00fati, tengeri \u00e9s l\u00e9gi sz\u00e1ll\u00edtm\u00e1nyoz\u00e1s<\/li>\n<li>Dokument\u00e1ci\u00f3s t\u00e1mogat\u00e1s<\/li>\n<li>Aut\u00f3sz\u00e1ll\u00edt\u00e1s<\/li>\n<li>H\u00e1zi\u00e1llat \u00e1thelyez\u00e9s<\/li>\n<li>Rakt\u00e1roz\u00e1si lehet\u0151s\u00e9gek<\/li>\n<\/ul>\n<p>A Legendary Myanmar International Moving &amp; Logistics Co Ltd (LMSL) egy sz\u00e1ll\u00edtm\u00e1nyoz\u00e1si, mozg\u00f3 \u00e9s <a href=\"https:\/\/moverdb.com\/hu\/relocation-agents\/\" data-internallinksmanager029f6b8e52c=\"1\" title=\"7 ok, ami\u00e9rt \u00e9rdemes k\u00f6lt\u00f6z\u00e9si \u00fcgyn\u00f6k\u00f6t ig\u00e9nybe venni?\">k\u00f6lt\u00f6z\u00e9si \u00fcgyn\u00f6k<\/a> 2010-ben alap\u00edtott\u00e1k, irod\u00e1i Yangonban, Mandalayban \u00e9s Baganban vannak. Vil\u00e1gm\u00e9ret\u0171 kapcsolatokat \u00e9p\u00edtettek ki a sz\u00e1ll\u00edtm\u00e1nyoz\u00e1si \u00e9s k\u00f6lt\u00f6ztet\u00e9si \u00fcgyn\u00f6k\u00f6kkel a nemzetk\u00f6zi szolg\u00e1ltat\u00e1sok ny\u00fajt\u00e1sa \u00e9rdek\u00e9ben, \u00e9s 13 \u00e9ves IAM tags\u00e1ggal rendelkeznek.<\/p>\n<p>Az LMSL teljes k\u00f6r\u0171 k\u00f6lt\u00f6ztet\u00e9si szolg\u00e1ltat\u00e1sokat k\u00edn\u00e1l helyi \u00e9s nemzetk\u00f6zi k\u00f6lt\u00f6z\u00e9sekhez, bele\u00e9rtve a dokument\u00e1ci\u00f3val kapcsolatos seg\u00edts\u00e9gny\u00fajt\u00e1st is. Csomagol\u00e1si szolg\u00e1ltat\u00e1st ny\u00fajtanak a holmik v\u00e9delme \u00e9rdek\u00e9ben, \u00e9s megszervezik a k\u00f6z\u00fati, l\u00e9gi \u00e9s tengeri sz\u00e1ll\u00edt\u00e1st, amely mag\u00e1ban foglalja a t\u00e1mogat\u00f3 dokument\u00e1ci\u00f3t, p\u00e9ld\u00e1ul a v\u00e1mkezel\u00e9st. K\u00f6lt\u00f6z\u00e9si szolg\u00e1ltat\u00e1sokat k\u00edn\u00e1lnak, bele\u00e9rtve a t\u00e1j\u00e9koz\u00f3d\u00e1st, a lak\u00e1s- \u00e9s iskolakeres\u00e9st, valamint a b\u00e9rleti szerz\u0151d\u00e9sekkel kapcsolatos t\u00e1rgyal\u00e1sokat.<\/p>\n<p>Weboldal: <a href=\"http:\/\/www.lmsl-shipping.com\" target=\"_blank\" rel=\"noopener\">http:\/\/www.lmsl-shipping.com<\/a><\/p>\n<h2><span class=\"ez-toc-section\" id=\"5_Myanmar_Express_Moving\"><\/span><strong>5. Mianmar Expressz k\u00f6lt\u00f6ztet\u00e9s<\/strong><span class=\"ez-toc-section-end\"><\/span><\/h2>\n<p><img loading=\"lazy\" decoding=\"async\" class=\"alignnone size-full wp-image-8835\" src=\"https:\/\/moverdb.com\/wp-content\/uploads\/Myanmar-Express-Moving-international-moving-company.png\" alt=\"Myanmar Express Moving nemzetk\u00f6zi k\u00f6lt\u00f6ztet\u0151 c\u00e9g\" width=\"1440\" height=\"677\" data-wp-pid=\"8835\" srcset=\"https:\/\/moverdb.com\/wp-content\/uploads\/Myanmar-Express-Moving-international-moving-company.png 1440w, https:\/\/moverdb.com\/wp-content\/uploads\/Myanmar-Express-Moving-international-moving-company-300x141.png 300w, https:\/\/moverdb.com\/wp-content\/uploads\/Myanmar-Express-Moving-international-moving-company-1024x481.png 1024w, https:\/\/moverdb.com\/wp-content\/uploads\/Myanmar-Express-Moving-international-moving-company-18x8.png 18w, https:\/\/moverdb.com\/wp-content\/uploads\/Myanmar-Express-Moving-international-moving-company-600x282.png 600w\" sizes=\"auto, (max-width: 1440px) 100vw, 1440px\" \/><\/p>\n<ul>\n<li>Helyi k\u00f6lt\u00f6ztet\u00e9sek<\/li>\n<li>Nemzetk\u00f6zi k\u00f6lt\u00f6ztet\u00e9sek<\/li>\n<li>H\u00e1ztart\u00e1si k\u00f6lt\u00f6ztet\u00e9sek<\/li>\n<li>Kereskedelmi rakom\u00e1ny<\/li>\n<li>Csomagol\u00e1si szolg\u00e1ltat\u00e1s<\/li>\n<li>K\u00f6z\u00fati, l\u00e9gi \u00e9s tengeri sz\u00e1ll\u00edt\u00e1s<\/li>\n<li>V\u00e1mkezel\u00e9s<\/li>\n<li>H\u00e1zi\u00e1llat \u00e1thelyez\u00e9s<\/li>\n<li>Biztos\u00edt\u00e1s<\/li>\n<li>Rakt\u00e1roz\u00e1si lehet\u0151s\u00e9gek<\/li>\n<\/ul>\n<p>A Myanmar Express Moving egy t\u00f6bb mint 57 \u00e9ves tapasztalattal rendelkez\u0151 k\u00f6lt\u00f6ztet\u0151 \u00e9s csomagol\u00f3 c\u00e9g, amelynek sz\u00e9khelye Yangonban tal\u00e1lhat\u00f3. Nemzetk\u00f6zi strat\u00e9giai partners\u00e9gekkel \u00e9s sz\u00f6vets\u00e9gekkel rendelkeznek vil\u00e1gszerte, hogy nemzetk\u00f6zi szolg\u00e1ltat\u00e1sokat ny\u00fajthassanak. Tagjai az IAM-nek, 29 \u00e9ves szolg\u00e1lati id\u0151vel.<\/p>\n<p>A Myanmar Express Moving ingyenes felm\u00e9r\u00e9st k\u00edn\u00e1l az \u00d6n k\u00f6lt\u00f6z\u00e9si ig\u00e9nyeinek felm\u00e9r\u00e9s\u00e9re \u00e9s \u00e1raj\u00e1nlatot ad. Csomagol\u00e1si szolg\u00e1ltat\u00e1st ny\u00fajtanak, amely megv\u00e9di a b\u00fatorokat a magas sz\u00ednvonal\u00fa, modern csomagol\u00f3anyagok haszn\u00e1lat\u00e1val, \u00e9rkez\u00e9skor kicsomagolj\u00e1k \u00e9s elt\u00e1vol\u00edtj\u00e1k a t\u00f6rmel\u00e9ket. Megszervezik a k\u00f6z\u00fati, l\u00e9gi \u00e9s tengeri sz\u00e1ll\u00edt\u00e1st, v\u00e1mkezel\u00e9ssel \u00e9s biztos\u00edt\u00e1ssal.<\/p>\n<p>Weboldal: <a href=\"http:\/\/www.myanmarexpressmoving.com\" target=\"_blank\" rel=\"noopener\">http:\/\/www.myanmarexpressmoving.com<\/a><\/p>\n<h2><span class=\"ez-toc-section\" id=\"6_NMT_Ltd\"><\/span><strong>6. NMT Ltd.<\/strong><span class=\"ez-toc-section-end\"><\/span><\/h2>\n<p><img loading=\"lazy\" decoding=\"async\" class=\"alignnone size-full wp-image-8838\" src=\"https:\/\/moverdb.com\/wp-content\/uploads\/NMT-Ltd-international-moving-company.png\" alt=\"NMT Ltd nemzetk\u00f6zi k\u00f6lt\u00f6ztet\u0151 c\u00e9g\" width=\"1440\" height=\"683\" data-wp-pid=\"8838\" srcset=\"https:\/\/moverdb.com\/wp-content\/uploads\/NMT-Ltd-international-moving-company.png 1440w, https:\/\/moverdb.com\/wp-content\/uploads\/NMT-Ltd-international-moving-company-300x142.png 300w, https:\/\/moverdb.com\/wp-content\/uploads\/NMT-Ltd-international-moving-company-1024x486.png 1024w, https:\/\/moverdb.com\/wp-content\/uploads\/NMT-Ltd-international-moving-company-18x9.png 18w, https:\/\/moverdb.com\/wp-content\/uploads\/NMT-Ltd-international-moving-company-600x285.png 600w\" sizes=\"auto, (max-width: 1440px) 100vw, 1440px\" \/><\/p>\n<ul>\n<li>Nemzeti k\u00f6lt\u00f6ztet\u00e9sek<\/li>\n<li>Nemzetk\u00f6zi k\u00f6lt\u00f6ztet\u00e9sek<\/li>\n<li>H\u00e1ztart\u00e1si k\u00f6lt\u00f6ztet\u00e9sek<\/li>\n<li>Irodai k\u00f6lt\u00f6ztet\u00e9s<\/li>\n<li>Diplomata l\u00e9p\u00e9s<\/li>\n<li>Csomagol\u00e1si szolg\u00e1ltat\u00e1s<\/li>\n<li>Tengeri \u00e9s l\u00e9gi sz\u00e1ll\u00edtm\u00e1nyoz\u00e1s<\/li>\n<li>V\u00e1m\u00fcgyn\u00f6ki tev\u00e9kenys\u00e9g<\/li>\n<li>J\u00e1rm\u0171sz\u00e1ll\u00edt\u00e1s<\/li>\n<li>Rakt\u00e1roz\u00e1si lehet\u0151s\u00e9gek<\/li>\n<\/ul>\n<p>Az NMT Ltd egy 1993-ban alap\u00edtott nemzetk\u00f6zi csomagol\u00f3, sz\u00e1ll\u00edtm\u00e1nyoz\u00e1si, k\u00f6lt\u00f6ztet\u00e9si, logisztikai \u00e9s sz\u00e1ll\u00edt\u00e1si v\u00e1llalat, amelynek sz\u00e9khelye \u00c9szak-Dagonban \u00e9s Yangonban tal\u00e1lhat\u00f3. V\u00e1s\u00e1rok \u00e9s rendezv\u00e9nyek lebonyol\u00edt\u00e1s\u00e1val kapcsolatos szolg\u00e1ltat\u00e1sokat is k\u00edn\u00e1lnak, amelyek a sz\u00e1ll\u00edt\u00e1st \u00e9s a fel\u00e1ll\u00edt\u00e1st kezelik. Az IAM tagjak\u00e9nt 30 \u00e9ves szolg\u00e1lati id\u0151vel rendelkeznek, ami hozz\u00e1f\u00e9r\u00e9st biztos\u00edt sz\u00e1mukra a k\u00f6lt\u00f6ztet\u0151 \u00fcgyn\u00f6k\u00f6k nemzetk\u00f6zi h\u00e1l\u00f3zat\u00e1hoz, hogy vil\u00e1gszerte k\u00edn\u00e1lhass\u00e1k szolg\u00e1ltat\u00e1saikat.<\/p>\n<p>Az NMT Ltd. h\u00e1ztart\u00e1si \u00e9s irodai k\u00f6lt\u00f6ztet\u00e9st v\u00e1llal Mianmarban, Mianmarba \u00e9s Mianmarb\u00f3l, bele\u00e9rtve a nagyk\u00f6vets\u00e9geket \u00e9s a diplomat\u00e1kat is. Tapasztalt szem\u00e9lyzet\u00fck t\u00e1mogatja \u00d6nt a k\u00f6lt\u00f6z\u00e9s sor\u00e1n, bele\u00e9rtve a tapasztalt csomagol\u00f3kat, akik biztons\u00e1gosan becsomagolj\u00e1k a holmij\u00e1t, \u00e9s megszervezik a tengeri vagy l\u00e9gi sz\u00e1ll\u00edtm\u00e1nyoz\u00e1st v\u00e1m\u00fcgyn\u00f6ki tev\u00e9kenys\u00e9ggel.<\/p>\n<p>Weboldal: <a href=\"http:\/\/www.ntmyanmar.com\" target=\"_blank\" rel=\"noopener\">http:\/\/www.ntmyanmar.com<\/a><\/p>","protected":false},"excerpt":{"rendered":"<p>When you are moving home or business it can be such a stressful time as there is so much to plan and do especially if you are moving to another country. Engaging the services of a moving company can help reduce your stress and take away a lot of those tasks. Below we have compiled [&hellip;]<\/p>\n","protected":false},"author":4,"featured_media":0,"parent":190,"menu_order":0,"comment_status":"closed","ping_status":"closed","template":"","meta":{"_genesis_hide_title":false,"_genesis_hide_breadcrumbs":false,"_genesis_hide_singular_image":false,"_genesis_hide_footer_widgets":false,"_genesis_custom_body_class":"","_genesis_custom_post_class":"","_genesis_layout":"","footnotes":""},"class_list":{"0":"post-8879","1":"page","2":"type-page","3":"status-publish","5":"entry","6":"has-post-thumbnail"},"_links":{"self":[{"href":"https:\/\/moverdb.com\/hu\/wp-json\/wp\/v2\/pages\/8879","targetHints":{"allow":["GET"]}}],"collection":[{"href":"https:\/\/moverdb.com\/hu\/wp-json\/wp\/v2\/pages"}],"about":[{"href":"https:\/\/moverdb.com\/hu\/wp-json\/wp\/v2\/types\/page"}],"author":[{"embeddable":true,"href":"https:\/\/moverdb.com\/hu\/wp-json\/wp\/v2\/users\/4"}],"replies":[{"embeddable":true,"href":"https:\/\/moverdb.com\/hu\/wp-json\/wp\/v2\/comments?post=8879"}],"version-history":[{"count":1,"href":"https:\/\/moverdb.com\/hu\/wp-json\/wp\/v2\/pages\/8879\/revisions"}],"predecessor-version":[{"id":8881,"href":"https:\/\/moverdb.com\/hu\/wp-json\/wp\/v2\/pages\/8879\/revisions\/8881"}],"up":[{"embeddable":true,"href":"https:\/\/moverdb.com\/hu\/wp-json\/wp\/v2\/pages\/190"}],"wp:attachment":[{"href":"https:\/\/moverdb.com\/hu\/wp-json\/wp\/v2\/media?parent=8879"}],"curies":[{"name":"wp","href":"https:\/\/api.w.org\/{rel}","templated":true}]}}