{"id":8438,"date":"2023-04-27T14:42:03","date_gmt":"2023-04-27T14:42:03","guid":{"rendered":"https:\/\/moverdb.com\/?page_id=8438"},"modified":"2026-01-08T15:24:48","modified_gmt":"2026-01-08T15:24:48","slug":"moving-companies-morocco","status":"publish","type":"page","link":"https:\/\/moverdb.com\/hu\/moving-companies\/moving-companies-morocco\/","title":{"rendered":"4 legjobb nemzetk\u00f6zi k\u00f6lt\u00f6ztet\u0151 c\u00e9gek Marokk\u00f3ban"},"content":{"rendered":"<p>Ha k\u00f6lt\u00f6z\u00e9sen gondolkodik, sok mindent kell megtennie \u00e9s megterveznie, k\u00fcl\u00f6n\u00f6sen, ha k\u00fclf\u00f6ldre k\u00f6lt\u00f6zik. Ez az a ter\u00fclet, ahol egy <a href=\"https:\/\/moverdb.com\/hu\/moving-companies\/\" data-internallinksmanager029f6b8e52c=\"79\" title=\"Top 25 nemzetk\u00f6zi k\u00f6lt\u00f6ztet\u0151 c\u00e9gek online\">k\u00f6lt\u00f6ztet\u0151 c\u00e9g<\/a> seg\u00edthet k\u00f6nny\u00edteni a terheken. Az al\u00e1bbiakban \u00f6ssze\u00e1ll\u00edtottunk egy list\u00e1t a marokk\u00f3i <a href=\"https:\/\/moverdb.com\/hu\/international-removals\/\" data-internallinksmanager029f6b8e52c=\"27\" title=\"36 legjobb nemzetk\u00f6zi k\u00f6lt\u00f6ztet\u0151 c\u00e9gek az Egyes\u00fclt Kir\u00e1lys\u00e1gban\">k\u00f6lt\u00f6ztet\u0151 c\u00e9gek<\/a> amelyek tagjai a <a href=\"https:\/\/moverdb.com\/hu\/iam\/\" data-internallinksmanager029f6b8e52c=\"23\" title=\"A K\u00f6lt\u00f6ztet\u0151k Nemzetk\u00f6zi Sz\u00f6vets\u00e9ge (IAM) magyar\u00e1zata\">K\u00f6lt\u00f6ztet\u0151k Nemzetk\u00f6zi Sz\u00f6vets\u00e9ge<\/a> (IAM) \u00e9s\/vagy <a href=\"https:\/\/moverdb.com\/hu\/fidi-faim\/\" data-internallinksmanager029f6b8e52c=\"16\" title=\"FIDI &amp; FAIM (FIDI akkredit\u00e1lt nemzetk\u00f6zi fuvaroz\u00f3) magyar\u00e1zata\">FIDI<\/a> Akkredit\u00e1lt nemzetk\u00f6zi k\u00f6lt\u00f6ztet\u0151 (FAIM), aki seg\u00edthet \u00d6nnek a k\u00f6lt\u00f6z\u00e9sben.<\/p>\n<div id=\"ez-toc-container\" class=\"ez-toc-v2_0_83 ez-toc-wrap-left counter-hierarchy ez-toc-counter ez-toc-transparent ez-toc-container-direction\">\n<div class=\"ez-toc-title-container\">\n<p class=\"ez-toc-title\" style=\"cursor:inherit\">Szakaszok<\/p>\n<span class=\"ez-toc-title-toggle\"><a href=\"#\" class=\"ez-toc-pull-right ez-toc-btn ez-toc-btn-xs ez-toc-btn-default ez-toc-toggle\" aria-label=\"Toggle Tartalomjegyz\u00e9k\"><span class=\"ez-toc-js-icon-con\"><span class=\"\"><span class=\"eztoc-hide\" style=\"display:none;\">Toggle<\/span><span class=\"ez-toc-icon-toggle-span\"><svg style=\"fill: #999;color:#999\" xmlns=\"http:\/\/www.w3.org\/2000\/svg\" class=\"list-377408\" width=\"20px\" height=\"20px\" viewbox=\"0 0 24 24\" fill=\"none\"><path d=\"M6 6H4v2h2V6zm14 0H8v2h12V6zM4 11h2v2H4v-2zm16 0H8v2h12v-2zM4 16h2v2H4v-2zm16 0H8v2h12v-2z\" fill=\"currentColor\"><\/path><\/svg><svg style=\"fill: #999;color:#999\" class=\"arrow-unsorted-368013\" xmlns=\"http:\/\/www.w3.org\/2000\/svg\" width=\"10px\" height=\"10px\" viewbox=\"0 0 24 24\" version=\"1.2\" baseprofile=\"tiny\"><path d=\"M18.2 9.3l-6.2-6.3-6.2 6.3c-.2.2-.3.4-.3.7s.1.5.3.7c.2.2.4.3.7.3h11c.3 0 .5-.1.7-.3.2-.2.3-.5.3-.7s-.1-.5-.3-.7zM5.8 14.7l6.2 6.3 6.2-6.3c.2-.2.3-.5.3-.7s-.1-.5-.3-.7c-.2-.2-.4-.3-.7-.3h-11c-.3 0-.5.1-.7.3-.2.2-.3.5-.3.7s.1.5.3.7z\"\/><\/svg><\/span><\/span><\/span><\/a><\/span><\/div>\n<nav><ul class='ez-toc-list ez-toc-list-level-1 eztoc-toggle-hide-by-default' ><li class='ez-toc-page-1 ez-toc-heading-level-2'><a class=\"ez-toc-link ez-toc-heading-1\" href=\"https:\/\/moverdb.com\/hu\/moving-companies\/moving-companies-morocco\/#1_Africa_Move\" >1. Afrika Mozg\u00e1s<\/a><\/li><li class='ez-toc-page-1 ez-toc-heading-level-2'><a class=\"ez-toc-link ez-toc-heading-2\" href=\"https:\/\/moverdb.com\/hu\/moving-companies\/moving-companies-morocco\/#2_Euromove\" >2. Euromove<\/a><\/li><li class='ez-toc-page-1 ez-toc-heading-level-2'><a class=\"ez-toc-link ez-toc-heading-3\" href=\"https:\/\/moverdb.com\/hu\/moving-companies\/moving-companies-morocco\/#3_MIMC\" >3. MIMC<\/a><\/li><li class='ez-toc-page-1 ez-toc-heading-level-2'><a class=\"ez-toc-link ez-toc-heading-4\" href=\"https:\/\/moverdb.com\/hu\/moving-companies\/moving-companies-morocco\/#4_MYCS\" >4. MYCS<\/a><\/li><\/ul><\/nav><\/div>\n<h2><span class=\"ez-toc-section\" id=\"1_Africa_Move\"><\/span><strong>1. Afrika Mozg\u00e1s<\/strong><span class=\"ez-toc-section-end\"><\/span><\/h2>\n<p><img loading=\"lazy\" decoding=\"async\" class=\"alignnone size-full wp-image-8280\" src=\"https:\/\/moverdb.com\/wp-content\/uploads\/Africa-Move-international-moving-company.png\" alt=\"Africa Move nemzetk\u00f6zi k\u00f6lt\u00f6ztet\u0151 c\u00e9g\" width=\"1440\" height=\"680\" data-wp-pid=\"8280\" srcset=\"https:\/\/moverdb.com\/wp-content\/uploads\/Africa-Move-international-moving-company.png 1440w, https:\/\/moverdb.com\/wp-content\/uploads\/Africa-Move-international-moving-company-300x142.png 300w, https:\/\/moverdb.com\/wp-content\/uploads\/Africa-Move-international-moving-company-1024x484.png 1024w, https:\/\/moverdb.com\/wp-content\/uploads\/Africa-Move-international-moving-company-18x9.png 18w, https:\/\/moverdb.com\/wp-content\/uploads\/Africa-Move-international-moving-company-600x283.png 600w\" sizes=\"auto, (max-width: 1440px) 100vw, 1440px\" \/><\/p>\n<ul>\n<li>Nemzeti k\u00f6lt\u00f6ztet\u00e9sek<\/li>\n<li>Nemzetk\u00f6zi k\u00f6lt\u00f6ztet\u00e9sek<\/li>\n<li>H\u00e1ztart\u00e1si k\u00f6lt\u00f6ztet\u00e9sek<\/li>\n<li>V\u00e1llalat \u00e1thelyez\u00e9sek<\/li>\n<li>H\u00e1zt\u00f3l-h\u00e1zig szolg\u00e1ltat\u00e1s<\/li>\n<li>Csomagol\u00e1si szolg\u00e1ltat\u00e1s<\/li>\n<li>K\u00f6z\u00fati, tengeri \u00e9s l\u00e9gi sz\u00e1ll\u00edt\u00e1s<\/li>\n<li>V\u00e1mt\u00e1mogat\u00e1s<\/li>\n<li>K\u00f6vesse nyomon a k\u00fcldem\u00e9nyt<\/li>\n<li>Biztos\u00edt\u00e1s<\/li>\n<\/ul>\n<p>Az Africa Move egy k\u00f6lt\u00f6ztet\u0151 \u00e9s k\u00f6lt\u00f6ztet\u0151 c\u00e9g, amely az afrikai orsz\u00e1gok, k\u00f6zt\u00fck Marokk\u00f3 kiszolg\u00e1l\u00e1s\u00e1ra szakosodott. K\u00edn\u00e1lnak k\u00f6lt\u00f6z\u00e9sek az orsz\u00e1gon bel\u00fcl, Afrik\u00e1n bel\u00fcl \u00e9s nemzetk\u00f6zi szinten. Vil\u00e1gm\u00e9ret\u0171 h\u00e1l\u00f3zattal rendelkeznek, amely seg\u00edti \u0151ket a nemzetk\u00f6zi k\u00f6lt\u00f6z\u00e9sek lebonyol\u00edt\u00e1s\u00e1ban. Az IAM tagja, \u00e9s h\u00e1rom\u00e9ves szolg\u00e1lati id\u0151vel rendelkeznek.<\/p>\n<p>Az Africa Move h\u00e1zr\u00f3l h\u00e1zra t\u00f6rt\u00e9n\u0151 k\u00f6lt\u00f6z\u00e9st k\u00edn\u00e1l r\u00e9szletes becsl\u00e9ssel, amely tartalmazza az \u00f6sszes szolg\u00e1ltat\u00e1sukat. Olyan csomagol\u00e1si szolg\u00e1ltat\u00e1st ny\u00fajtanak, amely kiv\u00e1l\u00f3 min\u0151s\u00e9g\u0171 anyagokat \u00e9s k\u00e9pzett szem\u00e9lyzetet haszn\u00e1l a nemzetk\u00f6zi szabv\u00e1nyoknak megfelel\u0151 csomagol\u00e1shoz. Megszervezik a holmij\u00e1nak k\u00f6z\u00fati, tengeri vagy l\u00e9gi sz\u00e1ll\u00edt\u00e1s\u00e1t, \u00e9s seg\u00edtenek a v\u00e1malakis\u00e1gokban.<\/p>\n<p>Weboldal: <a href=\"http:\/\/www.africa-move.com\" target=\"_blank\" rel=\"noopener\">http:\/\/www.africa-move.com<\/a><\/p>\n<h2><span class=\"ez-toc-section\" id=\"2_Euromove\"><\/span><strong>2. Euromove<\/strong><span class=\"ez-toc-section-end\"><\/span><\/h2>\n<p><img loading=\"lazy\" decoding=\"async\" class=\"alignnone size-full wp-image-8311\" src=\"https:\/\/moverdb.com\/wp-content\/uploads\/Euromove-international-moving-company-1.png\" alt=\"Euromove nemzetk\u00f6zi k\u00f6lt\u00f6ztet\u0151 c\u00e9g\" width=\"1440\" height=\"683\" data-wp-pid=\"8311\" srcset=\"https:\/\/moverdb.com\/wp-content\/uploads\/Euromove-international-moving-company-1.png 1440w, https:\/\/moverdb.com\/wp-content\/uploads\/Euromove-international-moving-company-1-300x142.png 300w, https:\/\/moverdb.com\/wp-content\/uploads\/Euromove-international-moving-company-1-1024x486.png 1024w, https:\/\/moverdb.com\/wp-content\/uploads\/Euromove-international-moving-company-1-18x9.png 18w, https:\/\/moverdb.com\/wp-content\/uploads\/Euromove-international-moving-company-1-600x285.png 600w\" sizes=\"auto, (max-width: 1440px) 100vw, 1440px\" \/><\/p>\n<ul>\n<li>Helyi \u00e9s orsz\u00e1gos k\u00f6lt\u00f6z\u00e9sek<\/li>\n<li>Nemzetk\u00f6zi k\u00f6lt\u00f6z\u00e9sek<\/li>\n<li>Lakoss\u00e1gi k\u00f6lt\u00f6z\u00e9sek<\/li>\n<li>Kereskedelmi k\u00f6lt\u00f6z\u00e9sek<\/li>\n<li>Csomagol\u00e1si szolg\u00e1ltat\u00e1s<\/li>\n<li>B\u00fatorok sz\u00e9tszerel\u00e9se \u00e9s \u00f6sszeszerel\u00e9se<\/li>\n<li>Sz\u00e1ll\u00edt\u00e1s kiv\u00e1laszt\u00e1sa \u00e9s kezel\u00e9se<\/li>\n<li>V\u00e1malakis\u00e1gok<\/li>\n<li>Rakt\u00e1roz\u00e1si lehet\u0151s\u00e9gek<\/li>\n<\/ul>\n<p>Az Euromove egy nemzetk\u00f6zi k\u00f6lt\u00f6ztet\u0151 c\u00e9g, amelyet a <a href=\"https:\/\/moverdb.com\/hu\/moving-to-canada\/\" data-internallinksmanager029f6b8e52c=\"265\" title=\"K\u00f6lt\u00f6z\u00e9s Kanad\u00e1ba? 2023 \u00c9letk\u00f6lts\u00e9gek \u00e9s k\u00f6lt\u00f6z\u00e9si tippek\">Kanada<\/a> 2004-ben, marokk\u00f3i le\u00e1nyv\u00e1llalat\u00e1t pedig 2011-ben alap\u00edtott\u00e1k Casablanc\u00e1ban. Az IAM tagjak\u00e9nt 12 \u00e9ves szolg\u00e1lati id\u0151vel rendelkeznek, \u00e9s ez biztos\u00edtja sz\u00e1mukra a k\u00f6lt\u00f6ztet\u0151\u00fcgyn\u00f6k\u00f6k nemzetk\u00f6zi h\u00e1l\u00f3zat\u00e1t, amely seg\u00edts\u00e9get ny\u00fajt a k\u00fclf\u00f6ldi k\u00f6lt\u00f6z\u00e9sekhez.<\/p>\n<p>Az Euromove gyors \u00e9s professzion\u00e1lis k\u00f6lt\u00f6ztet\u00e9si szolg\u00e1ltat\u00e1st k\u00edn\u00e1l, amely a k\u00f6lt\u00f6z\u00e9s minden szempontj\u00e1t mag\u00e1ban foglalja. Csomagol\u00e1si szolg\u00e1ltat\u00e1st ny\u00fajtanak, amely biztons\u00e1gosan becsomagolja az \u00f6sszes holmij\u00e1t, \u00e9s fel\u00e1ll\u00edtja azokat az \u00faj otthon\u00e1ban. Kiv\u00e1l\u00f3 min\u0151s\u00e9g\u0171 k\u00f6lt\u00f6ztet\u0151 teheraut\u00f3kb\u00f3l \u00e1ll\u00f3 flott\u00e1val rendelkeznek, amelyek megv\u00e9dik rakom\u00e1nyukat a sz\u00e1ll\u00edt\u00e1s sor\u00e1n. Seg\u00edtenek az adminisztrat\u00edv elj\u00e1r\u00e1sokban \u00e9s a v\u00e1malakis\u00e1gokban.<\/p>\n<p>Weboldal: <a href=\"http:\/\/www.euromove.ma\" target=\"_blank\" rel=\"noopener\">http:\/\/www.euromove.ma<\/a><\/p>\n<h2><span class=\"ez-toc-section\" id=\"3_MIMC\"><\/span><strong>3. MIMC<\/strong><span class=\"ez-toc-section-end\"><\/span><\/h2>\n<p><img loading=\"lazy\" decoding=\"async\" class=\"alignnone size-full wp-image-8339\" src=\"https:\/\/moverdb.com\/wp-content\/uploads\/MIMC-international-moving-company.png\" alt=\"MIMC nemzetk\u00f6zi k\u00f6lt\u00f6ztet\u0151 c\u00e9g\" width=\"1440\" height=\"683\" data-wp-pid=\"8339\" srcset=\"https:\/\/moverdb.com\/wp-content\/uploads\/MIMC-international-moving-company.png 1440w, https:\/\/moverdb.com\/wp-content\/uploads\/MIMC-international-moving-company-300x142.png 300w, https:\/\/moverdb.com\/wp-content\/uploads\/MIMC-international-moving-company-1024x486.png 1024w, https:\/\/moverdb.com\/wp-content\/uploads\/MIMC-international-moving-company-18x9.png 18w, https:\/\/moverdb.com\/wp-content\/uploads\/MIMC-international-moving-company-600x285.png 600w\" sizes=\"auto, (max-width: 1440px) 100vw, 1440px\" \/><\/p>\n<ul>\n<li>Nemzeti l\u00e9p\u00e9sek<\/li>\n<li>Nemzetk\u00f6zi k\u00f6lt\u00f6z\u00e9sek<\/li>\n<li>H\u00e1ztart\u00e1si k\u00f6lt\u00f6z\u00e9sek<\/li>\n<li>H\u00e1zt\u00f3l-h\u00e1zig szolg\u00e1ltat\u00e1s<\/li>\n<li>Csomagol\u00e1si szolg\u00e1ltat\u00e1s<\/li>\n<li>K\u00f6z\u00fati, tengeri \u00e9s l\u00e9gi sz\u00e1ll\u00edt\u00e1s<\/li>\n<li>V\u00e1m\u00fcgyi alakis\u00e1gok<\/li>\n<li>H\u00e1zi\u00e1llat \u00e1thelyez\u00e9s<\/li>\n<li><a href=\"https:\/\/moverdb.com\/hu\/car-transport-shipping\/\" data-internallinksmanager029f6b8e52c=\"2\" title=\"2026 Nemzetk\u00f6zi aut\u00f3sz\u00e1ll\u00edt\u00e1s \u00e9s j\u00e1rm\u0171sz\u00e1ll\u00edt\u00e1s \u00e1raj\u00e1nlatok\">Aut\u00f3sz\u00e1ll\u00edt\u00e1s<\/a><\/li>\n<li>Biztons\u00e1gos rakt\u00e1rhelyis\u00e9gek<\/li>\n<\/ul>\n<p>A MIMC egy 2001-ben alap\u00edtott nemzetk\u00f6zi k\u00f6lt\u00f6ztet\u0151 c\u00e9g, amelynek irod\u00e1i Rabatban, Kenitr\u00e1ban \u00e9s Cas\u00e1ban vannak. Sz\u00e1mos megb\u00edzhat\u00f3 partnerrel dolgoznak egy\u00fctt, hogy seg\u00edts\u00e9k \u0151ket a nemzetk\u00f6zi szolg\u00e1ltat\u00e1sok ny\u00fajt\u00e1s\u00e1ban. Az IAM tagjak\u00e9nt 22 \u00e9ves szolg\u00e1lati id\u0151vel rendelkeznek.<\/p>\n<p>A MIMC egyablakos megold\u00e1st k\u00edn\u00e1l az \u00d6n ig\u00e9nyeire szabott k\u00f6lt\u00f6ztet\u00e9si megold\u00e1sokhoz, amely az \u00d6n ig\u00e9nyeinek felm\u00e9r\u00e9s\u00e9t c\u00e9lz\u00f3 el\u0151zetes felm\u00e9r\u00e9ssel kezd\u0151dik. Csomagol\u00e1si szolg\u00e1ltat\u00e1st k\u00edn\u00e1lnak, amely megv\u00e9di a holmij\u00e1t a sz\u00e1ll\u00edt\u00e1s sor\u00e1n. K\u00f6z\u00fati, tengeri \u00e9s l\u00e9gi sz\u00e1ll\u00edt\u00e1st k\u00edn\u00e1lnak, amely mag\u00e1ban foglalja a sz\u00e1ll\u00edtm\u00e1nyok m\u00e9ret\u00e9nek v\u00e1laszt\u00e9k\u00e1t, mint p\u00e9ld\u00e1ul a teljes kont\u00e9nerrakom\u00e1nyok \u00e9s a kont\u00e9nern\u00e9l kisebb rakom\u00e1nyok.<\/p>\n<p>Weboldal: <a href=\"https:\/\/moumene.ma\/\" target=\"_blank\" rel=\"noopener\">https:\/\/moumene.ma\/<\/a><\/p>\n<h2><span class=\"ez-toc-section\" id=\"4_MYCS\"><\/span><strong>4. MYCS<\/strong><span class=\"ez-toc-section-end\"><\/span><\/h2>\n<p><img loading=\"lazy\" decoding=\"async\" class=\"alignnone size-full wp-image-8439\" src=\"https:\/\/moverdb.com\/wp-content\/uploads\/MYCS-international-moving-company.png\" alt=\"\" width=\"1440\" height=\"676\" data-wp-pid=\"8439\" srcset=\"https:\/\/moverdb.com\/wp-content\/uploads\/MYCS-international-moving-company.png 1440w, https:\/\/moverdb.com\/wp-content\/uploads\/MYCS-international-moving-company-300x141.png 300w, https:\/\/moverdb.com\/wp-content\/uploads\/MYCS-international-moving-company-1024x481.png 1024w, https:\/\/moverdb.com\/wp-content\/uploads\/MYCS-international-moving-company-18x8.png 18w, https:\/\/moverdb.com\/wp-content\/uploads\/MYCS-international-moving-company-600x282.png 600w\" sizes=\"auto, (max-width: 1440px) 100vw, 1440px\" \/><\/p>\n<ul>\n<li>Nemzeti sz\u00e1ll\u00edtm\u00e1nyok<\/li>\n<li>Nemzetk\u00f6zi k\u00fcldem\u00e9nyek<\/li>\n<li>Szem\u00e9lyes k\u00fcldem\u00e9nyek<\/li>\n<li>Kereskedelmi sz\u00e1ll\u00edtm\u00e1nyok<\/li>\n<li>H\u00e1zt\u00f3l-h\u00e1zig szolg\u00e1ltat\u00e1s<\/li>\n<li>K\u00f6z\u00fati, tengeri \u00e9s l\u00e9gi sz\u00e1ll\u00edtm\u00e1nyoz\u00e1s<\/li>\n<li><a href=\"https:\/\/moverdb.com\/hu\/container-shipping\/\" data-internallinksmanager029f6b8e52c=\"3\" title=\"Nemzetk\u00f6zi kont\u00e9nersz\u00e1ll\u00edt\u00e1si d\u00edjt\u00e1bl\u00e1zat: m\u00e1jus 2026\">Kont\u00e9neres sz\u00e1ll\u00edt\u00e1s<\/a> opci\u00f3k<\/li>\n<li>V\u00e1mkezel\u00e9s<\/li>\n<li>A k\u00fcldem\u00e9nyek val\u00f3s idej\u0171 st\u00e1tusza<\/li>\n<li>Rakt\u00e1roz\u00e1si lehet\u0151s\u00e9gek<\/li>\n<\/ul>\n<p>A MYCS egy 10 \u00e9ves tapasztalattal rendelkez\u0151 sz\u00e1ll\u00edtm\u00e1nyoz\u00e1si \u00e9s logisztikai v\u00e1llalat, amely Marokk\u00f3ban \u00e9s <a href=\"https:\/\/moverdb.com\/hu\/moving-companies\/egypt-moving-companies\/\" data-internallinksmanager029f6b8e52c=\"200\" title=\"11 legjobb nemzetk\u00f6zi k\u00f6lt\u00f6ztet\u0151 c\u00e9gek Egyiptomban\">Egyiptom<\/a>. Marokk\u00f3i irod\u00e1ik Casablanc\u00e1ban, Mohammedi\u00e1ban \u00e9s Tangerben vannak. Vil\u00e1gszerte partnerh\u00e1l\u00f3zattal dolgoznak egy\u00fctt a vil\u00e1g minden t\u00e1j\u00e1n ny\u00fajtott szolg\u00e1ltat\u00e1sok\u00e9rt, \u00e9s az IAM tagjai.<\/p>\n<p>A MYCS szem\u00e9lyre szabott sz\u00e1ll\u00edt\u00e1si megold\u00e1sokat k\u00edn\u00e1l, amelyek magukban foglalj\u00e1k a h\u00e1ztart\u00e1si \u00e9s \u00fczleti \u00e1ruk sz\u00e1ll\u00edt\u00e1s\u00e1t otthonok vagy irod\u00e1k k\u00f6z\u00f6tt. H\u00e1zhoz men\u0151 szolg\u00e1ltat\u00e1st ny\u00fajtanak a kisebb \u00e9s nagyobb sz\u00e1ll\u00edtm\u00e1nyok sz\u00e1m\u00e1ra, \u00e9s a vil\u00e1g b\u00e1rmely pontj\u00e1ra k\u00e9pesek sz\u00e1ll\u00edtani. K\u00f6z\u00fati, l\u00e9gi \u00e9s tengeri fuvaroz\u00e1st k\u00edn\u00e1lnak, amely mag\u00e1ban foglalja a kevesebb, mint \u00e9s a teljes kont\u00e9nerrakom\u00e1nyokat is.<\/p>\n<p>Weboldal: <a href=\"http:\/\/www.mycs.ma\" target=\"_blank\" rel=\"noopener\">http:\/\/www.mycs.ma<\/a> &nbsp;<\/p>","protected":false},"excerpt":{"rendered":"<p>When you are thinking of moving, there is so much to do and plan especially if you are moving abroad. This is where a moving company can help lighten the load. Below we have compiled a list of Moroccan removal companies that are members of the International Association of Movers (IAM) and\/or FIDI Accredited International [&hellip;]<\/p>\n","protected":false},"author":4,"featured_media":0,"parent":190,"menu_order":0,"comment_status":"closed","ping_status":"closed","template":"","meta":{"_genesis_hide_title":false,"_genesis_hide_breadcrumbs":false,"_genesis_hide_singular_image":false,"_genesis_hide_footer_widgets":false,"_genesis_custom_body_class":"","_genesis_custom_post_class":"","_genesis_layout":"","footnotes":""},"class_list":{"0":"post-8438","1":"page","2":"type-page","3":"status-publish","5":"entry","6":"has-post-thumbnail"},"_links":{"self":[{"href":"https:\/\/moverdb.com\/hu\/wp-json\/wp\/v2\/pages\/8438","targetHints":{"allow":["GET"]}}],"collection":[{"href":"https:\/\/moverdb.com\/hu\/wp-json\/wp\/v2\/pages"}],"about":[{"href":"https:\/\/moverdb.com\/hu\/wp-json\/wp\/v2\/types\/page"}],"author":[{"embeddable":true,"href":"https:\/\/moverdb.com\/hu\/wp-json\/wp\/v2\/users\/4"}],"replies":[{"embeddable":true,"href":"https:\/\/moverdb.com\/hu\/wp-json\/wp\/v2\/comments?post=8438"}],"version-history":[{"count":1,"href":"https:\/\/moverdb.com\/hu\/wp-json\/wp\/v2\/pages\/8438\/revisions"}],"predecessor-version":[{"id":8440,"href":"https:\/\/moverdb.com\/hu\/wp-json\/wp\/v2\/pages\/8438\/revisions\/8440"}],"up":[{"embeddable":true,"href":"https:\/\/moverdb.com\/hu\/wp-json\/wp\/v2\/pages\/190"}],"wp:attachment":[{"href":"https:\/\/moverdb.com\/hu\/wp-json\/wp\/v2\/media?parent=8438"}],"curies":[{"name":"wp","href":"https:\/\/api.w.org\/{rel}","templated":true}]}}