{"id":8404,"date":"2023-04-27T14:48:01","date_gmt":"2023-04-27T14:48:01","guid":{"rendered":"https:\/\/moverdb.com\/?page_id=8404"},"modified":"2026-01-08T15:23:47","modified_gmt":"2026-01-08T15:23:47","slug":"moving-companies-lesotho","status":"publish","type":"page","link":"https:\/\/moverdb.com\/hu\/moving-companies\/moving-companies-lesotho\/","title":{"rendered":"2 A legjobb nemzetk\u00f6zi k\u00f6lt\u00f6ztet\u0151 c\u00e9gek Lesotho ter\u00fclet\u00e9n"},"content":{"rendered":"<p>A k\u00f6lt\u00f6z\u00e9s stresszes id\u0151szak lehet, ak\u00e1r az otthon\u00e1t, ak\u00e1r a v\u00e1llalkoz\u00e1s\u00e1t k\u00f6lt\u00f6zteti, \u00e9s a stressz szintje megn\u0151, ha orsz\u00e1gokat k\u00f6lt\u00f6ztet. Ez\u00e9rt veszik ig\u00e9nybe sokan egy k\u00f6lt\u00f6ztet\u0151 szolg\u00e1ltat\u00e1sait. <a href=\"https:\/\/moverdb.com\/hu\/moving-companies\/\" data-internallinksmanager029f6b8e52c=\"79\" title=\"Top 25 nemzetk\u00f6zi k\u00f6lt\u00f6ztet\u0151 c\u00e9gek online\">k\u00f6lt\u00f6ztet\u0151 c\u00e9g<\/a>. Az al\u00e1bbiakban \u00f6ssze\u00e1ll\u00edtottunk egy list\u00e1t a Lesotho alap\u00fa <a href=\"https:\/\/moverdb.com\/hu\/international-removals\/\" data-internallinksmanager029f6b8e52c=\"27\" title=\"36 legjobb nemzetk\u00f6zi k\u00f6lt\u00f6ztet\u0151 c\u00e9gek az Egyes\u00fclt Kir\u00e1lys\u00e1gban\">k\u00f6lt\u00f6ztet\u0151 c\u00e9gek<\/a> amelyek tagjai a <a href=\"https:\/\/moverdb.com\/hu\/iam\/\" data-internallinksmanager029f6b8e52c=\"23\" title=\"A K\u00f6lt\u00f6ztet\u0151k Nemzetk\u00f6zi Sz\u00f6vets\u00e9ge (IAM) magyar\u00e1zata\">K\u00f6lt\u00f6ztet\u0151k Nemzetk\u00f6zi Sz\u00f6vets\u00e9ge<\/a> (IAM) \u00e9s\/vagy <a href=\"https:\/\/moverdb.com\/hu\/fidi-faim\/\" data-internallinksmanager029f6b8e52c=\"16\" title=\"FIDI &amp; FAIM (FIDI akkredit\u00e1lt nemzetk\u00f6zi fuvaroz\u00f3) magyar\u00e1zata\">FIDI<\/a> Akkredit\u00e1lt nemzetk\u00f6zi k\u00f6lt\u00f6ztet\u0151 (FAIM), aki seg\u00edthet \u00d6nnek a k\u00f6lt\u00f6z\u00e9sben.<\/p>\n<h2><strong>1. Stuttaford Van Lines<\/strong><\/h2>\n<p><img loading=\"lazy\" decoding=\"async\" class=\"alignnone size-full wp-image-8368\" src=\"https:\/\/moverdb.com\/wp-content\/uploads\/Stuttaford-Van-Lines-international-moving-company.png\" alt=\"Stuttaford Van Lines nemzetk\u00f6zi k\u00f6lt\u00f6ztet\u0151 c\u00e9g\" width=\"1440\" height=\"680\" data-wp-pid=\"8368\" srcset=\"https:\/\/moverdb.com\/wp-content\/uploads\/Stuttaford-Van-Lines-international-moving-company.png 1440w, https:\/\/moverdb.com\/wp-content\/uploads\/Stuttaford-Van-Lines-international-moving-company-300x142.png 300w, https:\/\/moverdb.com\/wp-content\/uploads\/Stuttaford-Van-Lines-international-moving-company-1024x484.png 1024w, https:\/\/moverdb.com\/wp-content\/uploads\/Stuttaford-Van-Lines-international-moving-company-18x9.png 18w, https:\/\/moverdb.com\/wp-content\/uploads\/Stuttaford-Van-Lines-international-moving-company-600x283.png 600w\" sizes=\"auto, (max-width: 1440px) 100vw, 1440px\" \/><\/p>\n<ul>\n<li>Nemzeti l\u00e9p\u00e9sek<\/li>\n<li>Nemzetk\u00f6zi k\u00f6lt\u00f6z\u00e9sek<\/li>\n<li>Lakoss\u00e1gi k\u00f6lt\u00f6z\u00e9sek<\/li>\n<li>\u00dczleti l\u00e9p\u00e9sek<\/li>\n<li>Szem\u00e9lyre szabott szolg\u00e1ltat\u00e1sok<\/li>\n<li>Csomagol\u00e1si szolg\u00e1ltat\u00e1s<\/li>\n<li>J\u00e1rm\u0171vek \u00e9s h\u00e1zi\u00e1llatok \u00e1thelyez\u00e9se<\/li>\n<li>K\u00e9pz\u0151m\u0171v\u00e9szeti kezel\u00e9s<\/li>\n<li>Biztos\u00edt\u00e1s<\/li>\n<li>R\u00f6vid \u00e9s hossz\u00fa t\u00e1v\u00fa t\u00e1rol\u00e1s<\/li>\n<\/ul>\n<p>A Stuttaford Van Lines egy k\u00f6lt\u00f6ztet\u0151 c\u00e9g, amely az 1800-as \u00e9vek k\u00f6zepe \u00f3ta szolg\u00e1lja a csal\u00e1dokat \u00e9s a v\u00e1llalkoz\u00e1sokat. <a href=\"https:\/\/moverdb.com\/hu\/moving-to-south-africa\/\" data-internallinksmanager029f6b8e52c=\"347\" title=\"D\u00e9l-Afrik\u00e1ba k\u00f6lt\u00f6zik? 2023 Meg\u00e9lhet\u00e9si k\u00f6lts\u00e9gek \u00e9s k\u00f6lt\u00f6z\u00e9si tippek\">D\u00e9l-Afrika<\/a> bele\u00e9rtve Maser\u00f3t, Lesotho. Az IAM 47 \u00e9ves tags\u00e1g\u00e1val az IAM tagja, \u00e9s ez hozz\u00e1f\u00e9r\u00e9st biztos\u00edt sz\u00e1mukra a k\u00f6lt\u00f6ztet\u0151 \u00fcgyn\u00f6k\u00f6k nemzetk\u00f6zi h\u00e1l\u00f3zat\u00e1hoz, amely t\u00e1mogatja \u0151ket,<\/p>\n<p>A Stuffaford Van Lines seg\u00edt \u00d6nnek gondosan megtervezni \u00e9s el\u0151k\u00e9sz\u00edteni a k\u00f6lt\u00f6z\u00e9st. Egyetlen kapcsolattart\u00f3t jel\u00f6lnek ki \u00d6nnek, aki minden l\u00e9p\u00e9sn\u00e9l t\u00e1mogatja \u00d6nt. Csomagol\u00e1si szolg\u00e1ltat\u00e1st ny\u00fajtanak, amely mag\u00e1ban foglalja a kiv\u00e1l\u00f3 min\u0151s\u00e9g\u0171 csomagol\u00e1s \u00e9s v\u00e9d\u0151burkolatok haszn\u00e1lat\u00e1t, minden kartont felc\u00edmk\u00e9znek \u00e9s lelt\u00e1rt k\u00e9sz\u00edtenek.<\/p>\n<p>Weboldal: <a href=\"http:\/\/www.stuttafordvanlines.co.za\" target=\"_blank\" rel=\"noopener\">http:\/\/www.stuttafordvanlines.co.za<\/a><\/p>\n<h2><strong>2. Biztos logisztika<\/strong><\/h2>\n<p><img loading=\"lazy\" decoding=\"async\" class=\"alignnone size-full wp-image-8371\" src=\"https:\/\/moverdb.com\/wp-content\/uploads\/Sure-Logistics-international-moving-company.png\" alt=\"Sure Logistics nemzetk\u00f6zi k\u00f6lt\u00f6ztet\u0151 c\u00e9g\" width=\"1440\" height=\"678\" data-wp-pid=\"8371\" srcset=\"https:\/\/moverdb.com\/wp-content\/uploads\/Sure-Logistics-international-moving-company.png 1440w, https:\/\/moverdb.com\/wp-content\/uploads\/Sure-Logistics-international-moving-company-300x141.png 300w, https:\/\/moverdb.com\/wp-content\/uploads\/Sure-Logistics-international-moving-company-1024x482.png 1024w, https:\/\/moverdb.com\/wp-content\/uploads\/Sure-Logistics-international-moving-company-18x8.png 18w, https:\/\/moverdb.com\/wp-content\/uploads\/Sure-Logistics-international-moving-company-600x283.png 600w\" sizes=\"auto, (max-width: 1440px) 100vw, 1440px\" \/><\/p>\n<ul>\n<li>Helyi k\u00f6lt\u00f6z\u00e9sek<\/li>\n<li>Tengerent\u00fali k\u00f6lt\u00f6z\u00e9sek<\/li>\n<li>Hazak\u00f6lt\u00f6z\u00e9sek<\/li>\n<li>Irodai k\u00f6lt\u00f6z\u00e9sek<\/li>\n<li>K\u00f6lt\u00f6ztet\u00e9si szolg\u00e1ltat\u00e1sok<\/li>\n<li>Szem\u00e9lyre szabott k\u00f6lt\u00f6ztet\u00e9si szolg\u00e1ltat\u00e1s<\/li>\n<li>A sz\u00e1ll\u00edt\u00e1s megszervez\u00e9se<\/li>\n<li>Kont\u00e9ner opci\u00f3k<\/li>\n<li><a href=\"https:\/\/moverdb.com\/hu\/car-transport-shipping\/\" data-internallinksmanager029f6b8e52c=\"2\" title=\"2026 Nemzetk\u00f6zi aut\u00f3sz\u00e1ll\u00edt\u00e1s \u00e9s j\u00e1rm\u0171sz\u00e1ll\u00edt\u00e1s \u00e1raj\u00e1nlatok\">J\u00e1rm\u0171sz\u00e1ll\u00edt\u00e1s<\/a><\/li>\n<li>Biztons\u00e1gos r\u00f6vid \u00e9s hossz\u00fa t\u00e1v\u00fa t\u00e1rol\u00e1s<\/li>\n<\/ul>\n<p>A Sure Logistics egy szakosodott logisztikai menedzsment v\u00e1llalat, amely sz\u00e1mos sz\u00e1ll\u00edt\u00e1si szolg\u00e1ltat\u00e1st \u00e9s ell\u00e1t\u00e1si l\u00e1nc megold\u00e1sokat k\u00edn\u00e1l, \u00e9s sz\u00e9khelye Masero. Nemzetk\u00f6zi k\u00f6lt\u00f6ztet\u0151 partnerekkel dolgoznak egy\u00fctt, hogy szolg\u00e1ltat\u00e1saikat m\u00e1s orsz\u00e1gokba is eljuttass\u00e1k. Az IAM tagja, \u00e9s kilenc\u00e9ves szolg\u00e1lati id\u0151vel rendelkeznek.<\/p>\n<p>A Sure Logistics az \u00d6n ig\u00e9nyeihez igazod\u00f3 k\u00f6lt\u00f6ztet\u00e9si szolg\u00e1ltat\u00e1sokat k\u00edn\u00e1l Lesoth\u00f3n bel\u00fcl, oda \u00e9s onnan, otthonok \u00e9s v\u00e1llalkoz\u00e1sok sz\u00e1m\u00e1ra. Emellett olyan k\u00f6lt\u00f6z\u00e9si szolg\u00e1ltat\u00e1sokat is k\u00edn\u00e1lnak, amelyek HR-t\u00e1mogat\u00e1st ny\u00fajtanak a munkav\u00e1llal\u00f3knak, valamint speci\u00e1lis glob\u00e1lis mobilit\u00e1si csomagokat t\u00f6bb mint 150 orsz\u00e1gban. Biztons\u00e1gosan sz\u00e1ll\u00edtj\u00e1k a holmij\u00e1t, \u00e9s teljes \u00e9s kont\u00e9ner alatti rakom\u00e1nyokat is k\u00edn\u00e1lnak.<\/p>\n<p>Weboldal: <a href=\"http:\/\/www.surelogistics.co.ls\" target=\"_blank\" rel=\"noopener\">http:\/\/www.surelogistics.co.ls<\/a><\/p>","protected":false},"excerpt":{"rendered":"<p>Moving can be a stressful time whether you are moving your home or your business, and the stress level increases when you are moving countries. This is why so many people employ the services of a moving company. Below we have compiled a list of Lesotho based removal companies that are members of the International [&hellip;]<\/p>\n","protected":false},"author":4,"featured_media":0,"parent":190,"menu_order":0,"comment_status":"closed","ping_status":"closed","template":"","meta":{"_genesis_hide_title":false,"_genesis_hide_breadcrumbs":false,"_genesis_hide_singular_image":false,"_genesis_hide_footer_widgets":false,"_genesis_custom_body_class":"","_genesis_custom_post_class":"","_genesis_layout":"","footnotes":""},"class_list":{"0":"post-8404","1":"page","2":"type-page","3":"status-publish","5":"entry","6":"has-post-thumbnail"},"_links":{"self":[{"href":"https:\/\/moverdb.com\/hu\/wp-json\/wp\/v2\/pages\/8404","targetHints":{"allow":["GET"]}}],"collection":[{"href":"https:\/\/moverdb.com\/hu\/wp-json\/wp\/v2\/pages"}],"about":[{"href":"https:\/\/moverdb.com\/hu\/wp-json\/wp\/v2\/types\/page"}],"author":[{"embeddable":true,"href":"https:\/\/moverdb.com\/hu\/wp-json\/wp\/v2\/users\/4"}],"replies":[{"embeddable":true,"href":"https:\/\/moverdb.com\/hu\/wp-json\/wp\/v2\/comments?post=8404"}],"version-history":[{"count":2,"href":"https:\/\/moverdb.com\/hu\/wp-json\/wp\/v2\/pages\/8404\/revisions"}],"predecessor-version":[{"id":8418,"href":"https:\/\/moverdb.com\/hu\/wp-json\/wp\/v2\/pages\/8404\/revisions\/8418"}],"up":[{"embeddable":true,"href":"https:\/\/moverdb.com\/hu\/wp-json\/wp\/v2\/pages\/190"}],"wp:attachment":[{"href":"https:\/\/moverdb.com\/hu\/wp-json\/wp\/v2\/media?parent=8404"}],"curies":[{"name":"wp","href":"https:\/\/api.w.org\/{rel}","templated":true}]}}