{"id":7781,"date":"2023-04-27T14:57:02","date_gmt":"2023-04-27T14:57:02","guid":{"rendered":"https:\/\/moverdb.com\/?page_id=7781"},"modified":"2026-01-08T15:23:46","modified_gmt":"2026-01-08T15:23:46","slug":"moving-companies-jamaica","status":"publish","type":"page","link":"https:\/\/moverdb.com\/hu\/moving-companies\/moving-companies-jamaica\/","title":{"rendered":"2 A legjobb nemzetk\u00f6zi k\u00f6lt\u00f6ztet\u0151 c\u00e9gek Jamaica"},"content":{"rendered":"<p>Otthon\u00e1nak vagy v\u00e1llalkoz\u00e1s\u00e1nak k\u00f6lt\u00f6ztet\u00e9se neh\u00e9z lehet, \u00e9s nagy nyom\u00e1st jelenthet, k\u00fcl\u00f6n\u00f6sen, ha k\u00fclf\u00f6ldre tervezi a k\u00f6lt\u00f6z\u00e9st, ez\u00e9rt egy <a href=\"https:\/\/moverdb.com\/hu\/moving-companies\/\" data-internallinksmanager029f6b8e52c=\"79\" title=\"Top 25 nemzetk\u00f6zi k\u00f6lt\u00f6ztet\u0151 c\u00e9gek online\">k\u00f6lt\u00f6ztet\u0151 c\u00e9g<\/a> val\u00f3ban seg\u00edthet \u00d6nnek. Az al\u00e1bbiakban \u00f6ssze\u00e1ll\u00edtottunk egy list\u00e1t a jamaikai <a href=\"https:\/\/moverdb.com\/hu\/international-removals\/\" data-internallinksmanager029f6b8e52c=\"27\" title=\"36 legjobb nemzetk\u00f6zi k\u00f6lt\u00f6ztet\u0151 c\u00e9gek az Egyes\u00fclt Kir\u00e1lys\u00e1gban\">k\u00f6lt\u00f6ztet\u0151 c\u00e9gek<\/a> amelyek tagjai a <a href=\"https:\/\/moverdb.com\/hu\/iam\/\" data-internallinksmanager029f6b8e52c=\"23\" title=\"A K\u00f6lt\u00f6ztet\u0151k Nemzetk\u00f6zi Sz\u00f6vets\u00e9ge (IAM) magyar\u00e1zata\">K\u00f6lt\u00f6ztet\u0151k Nemzetk\u00f6zi Sz\u00f6vets\u00e9ge<\/a> (IAM) \u00e9s\/vagy <a href=\"https:\/\/moverdb.com\/hu\/fidi-faim\/\" data-internallinksmanager029f6b8e52c=\"16\" title=\"FIDI &amp; FAIM (FIDI akkredit\u00e1lt nemzetk\u00f6zi fuvaroz\u00f3) magyar\u00e1zata\">FIDI<\/a> Akkredit\u00e1lt nemzetk\u00f6zi k\u00f6lt\u00f6ztet\u0151 (FAIM), aki seg\u00edthet \u00d6nnek a k\u00f6lt\u00f6z\u00e9sben.<\/p>\n<h2><strong>1. Aero International Shipping<\/strong><\/h2>\n<p><img loading=\"lazy\" decoding=\"async\" class=\"alignnone size-full wp-image-7656\" src=\"https:\/\/moverdb.com\/wp-content\/uploads\/Aero-International-Shipping-moving-company.png\" alt=\"Aero International Shipping k\u00f6lt\u00f6ztet\u0151 c\u00e9g\" width=\"1440\" height=\"686\" data-wp-pid=\"7656\" srcset=\"https:\/\/moverdb.com\/wp-content\/uploads\/Aero-International-Shipping-moving-company.png 1440w, https:\/\/moverdb.com\/wp-content\/uploads\/Aero-International-Shipping-moving-company-300x143.png 300w, https:\/\/moverdb.com\/wp-content\/uploads\/Aero-International-Shipping-moving-company-1024x488.png 1024w, https:\/\/moverdb.com\/wp-content\/uploads\/Aero-International-Shipping-moving-company-18x9.png 18w, https:\/\/moverdb.com\/wp-content\/uploads\/Aero-International-Shipping-moving-company-600x286.png 600w\" sizes=\"auto, (max-width: 1440px) 100vw, 1440px\" \/><\/p>\n<ul>\n<li><a href=\"https:\/\/moverdb.com\/hu\/container-shipping\/\" data-internallinksmanager029f6b8e52c=\"3\" title=\"Nemzetk\u00f6zi kont\u00e9nersz\u00e1ll\u00edt\u00e1si d\u00edjt\u00e1bl\u00e1zat: \u00e1prilis 2026\">Nemzetk\u00f6zi sz\u00e1ll\u00edt\u00e1s<\/a><\/li>\n<li>H\u00e1ztart\u00e1si sz\u00e1ll\u00edt\u00e1s<\/li>\n<li>Kereskedelmi haj\u00f3z\u00e1s<\/li>\n<li>K\u00fcl\u00f6nleges projektek<\/li>\n<li>Exportcsomagol\u00e1s<\/li>\n<li>Sz\u00e1razf\u00f6ldi, l\u00e9gi \u00e9s tengeri \u00e1rusz\u00e1ll\u00edt\u00e1s<\/li>\n<li>Konszolid\u00e1ci\u00f3s lehet\u0151s\u00e9gek<\/li>\n<li>Egy\u00e9ni v\u00e1mkezel\u00e9s<\/li>\n<li>Biztos\u00edt\u00e1si fedezet<\/li>\n<li>Rakt\u00e1roz\u00e1si lehet\u0151s\u00e9gek<\/li>\n<\/ul>\n<p>Az Aero International Shipping egy nemzetk\u00f6zi sz\u00e1ll\u00edtm\u00e1nyoz\u00e1si \u00e9s logisztikai v\u00e1llalat, amely mag\u00e1ban foglalja a h\u00e1ztart\u00e1si \u00e1ruk sz\u00e1ll\u00edt\u00e1s\u00e1t is. A c\u00e9get 1974-ben alap\u00edtott\u00e1k, sz\u00e9khelye Kingstonban tal\u00e1lhat\u00f3. Nemzetk\u00f6zi \u00fcgyn\u00f6ks\u00e9gi h\u00e1l\u00f3zattal dolgoznak egy\u00fctt, hogy vil\u00e1gszerte szolg\u00e1ltat\u00e1sokat ny\u00fajtsanak. Az IAM tagjak\u00e9nt 49 \u00e9ves szolg\u00e1lati id\u0151vel rendelkeznek.<\/p>\n<p>Az Aero International Shipping kis- \u00e9s nagym\u00e9ret\u0171 sz\u00e1ll\u00edt\u00e1si szolg\u00e1ltat\u00e1sokat k\u00edn\u00e1l. T\u00e1mogat\u00e1st ny\u00fajtanak az exportcsomagol\u00e1ssal kapcsolatban, hogy az \u00d6n holmija biztons\u00e1gosan legyen becsomagolva a sz\u00e1ll\u00edt\u00e1shoz. Gondosan kiv\u00e1lasztott \u00fatvonalakkal, v\u00e1mkezel\u00e9ssel \u00e9s biztos\u00edt\u00e1si fedezettel megszervezik a sz\u00e1razf\u00f6ldi, l\u00e9gi \u00e9s tengeri sz\u00e1ll\u00edt\u00e1st. A k\u00f6lts\u00e9gek cs\u00f6kkent\u00e9se \u00e9rdek\u00e9ben konszolid\u00e1ci\u00f3s lehet\u0151s\u00e9geket k\u00edn\u00e1lnak a l\u00e9gi \u00e9s tengeri sz\u00e1ll\u00edt\u00e1shoz.<\/p>\n<p>Weboldal: <a href=\"http:\/\/www.aerointel.com\/\" target=\"_blank\" rel=\"noopener\">http:\/\/www.aerointel.com\/<\/a><\/p>\n<h2><strong>2. B.L. Williams<\/strong><\/h2>\n<p><img loading=\"lazy\" decoding=\"async\" class=\"alignnone size-full wp-image-7675\" src=\"https:\/\/moverdb.com\/wp-content\/uploads\/Bliss-Moving-international-moving-company.png\" alt=\"BL Williams nemzetk\u00f6zi k\u00f6lt\u00f6ztet\u0151 c\u00e9g\" width=\"1440\" height=\"684\" data-wp-pid=\"7675\" srcset=\"https:\/\/moverdb.com\/wp-content\/uploads\/Bliss-Moving-international-moving-company.png 1440w, https:\/\/moverdb.com\/wp-content\/uploads\/Bliss-Moving-international-moving-company-300x143.png 300w, https:\/\/moverdb.com\/wp-content\/uploads\/Bliss-Moving-international-moving-company-1024x486.png 1024w, https:\/\/moverdb.com\/wp-content\/uploads\/Bliss-Moving-international-moving-company-18x9.png 18w, https:\/\/moverdb.com\/wp-content\/uploads\/Bliss-Moving-international-moving-company-600x285.png 600w\" sizes=\"auto, (max-width: 1440px) 100vw, 1440px\" \/><\/p>\n<ul>\n<li>Nemzeti l\u00e9p\u00e9sek<\/li>\n<li>Nemzetk\u00f6zi k\u00f6lt\u00f6z\u00e9sek<\/li>\n<li>H\u00e1ztart\u00e1s \u00e1thelyez\u00e9se<\/li>\n<li>H\u00e1zt\u00f3l-h\u00e1zig szolg\u00e1ltat\u00e1s<\/li>\n<li>Csomagol\u00e1si szolg\u00e1ltat\u00e1s<\/li>\n<li>Tengeri \u00e9s l\u00e9gi sz\u00e1ll\u00edtm\u00e1nyoz\u00e1s<\/li>\n<li>Export \u00e9s import szolg\u00e1ltat\u00e1sok<\/li>\n<li>Sz\u00e1rmaz\u00e1si \u00e9s rendeltet\u00e9si hely szerinti szolg\u00e1ltat\u00e1sok<\/li>\n<li>Tranzitbiztos\u00edt\u00e1s<\/li>\n<li>Rakt\u00e1roz\u00e1si lehet\u0151s\u00e9gek<\/li>\n<\/ul>\n<p>B.L. Williams egy <a href=\"https:\/\/moverdb.com\/hu\/freight-forwarder\/\" data-internallinksmanager029f6b8e52c=\"17\" title=\"Sz\u00e1ll\u00edtm\u00e1nyoz\u00f3 \u00e9s NVOCC nemzetk\u00f6zi k\u00f6lts\u00e9g \u00e9s c\u00e9gek \u00fatmutat\u00f3ja\">sz\u00e1ll\u00edtm\u00e1nyoz\u00f3<\/a> \u00e9s nemzetk\u00f6zi sz\u00e1ll\u00edtm\u00e1nyoz\u00f3, amelyet 1924-ben alap\u00edtottak, \u00e9s amelynek sz\u00e9khelye Kingstonban van. Helyi \u00fcgyn\u00f6k\u00f6k h\u00e1l\u00f3zata t\u00e1mogatja \u0151ket, amelyek a vil\u00e1g minden t\u00e1j\u00e1n helyezkednek el. Az IAM tagjak\u00e9nt 34 \u00e9ves szolg\u00e1lati id\u0151vel rendelkeznek.<\/p>\n<p>A B.L. Williams els\u0151 felm\u00e9r\u00e9st k\u00e9sz\u00edt az \u00d6n ig\u00e9nyeinek meghat\u00e1roz\u00e1s\u00e1hoz \u00e9s \u00e1raj\u00e1nlatot ad. Elk\u00f6telezett szem\u00e9lyzetet biztos\u00edtanak, akik h\u00e1zt\u00f3l-h\u00e1zig tart\u00f3 szolg\u00e1ltat\u00e1ssal t\u00e1mogatj\u00e1k \u00d6nt a k\u00f6lt\u00f6z\u00e9s sor\u00e1n. Csomagol\u00e1si szolg\u00e1ltat\u00e1st ny\u00fajtanak, amely k\u00fcl\u00f6nb\u00f6z\u0151 anyagokat haszn\u00e1l a holmij\u00e1nak v\u00e9delm\u00e9re \u00e9s l\u00e1d\u00e1z\u00e1s\u00e1ra. Megszervezik a tengeri \u00e9s l\u00e9gi sz\u00e1ll\u00edt\u00e1st, amely mag\u00e1ban foglalja az \u00f6sszes export- \u00e9s importszolg\u00e1ltat\u00e1st.<\/p>\n<p>Weboldal: <a href=\"http:\/\/www.blwilliams.com\/\" target=\"_blank\" rel=\"noopener\">http:\/\/www.blwilliams.com\/<\/a><\/p>","protected":false},"excerpt":{"rendered":"<p>Moving your home or business can be difficult and add a lot of pressure especially if you are planning a move abroad, so employing a moving company can really assist you. Below we have compiled a list of Jamaican removal companies that are members of the International Association of Movers (IAM) and\/or FIDI Accredited International [&hellip;]<\/p>\n","protected":false},"author":4,"featured_media":0,"parent":190,"menu_order":0,"comment_status":"closed","ping_status":"closed","template":"","meta":{"_genesis_hide_title":false,"_genesis_hide_breadcrumbs":false,"_genesis_hide_singular_image":false,"_genesis_hide_footer_widgets":false,"_genesis_custom_body_class":"","_genesis_custom_post_class":"","_genesis_layout":"","footnotes":""},"class_list":{"0":"post-7781","1":"page","2":"type-page","3":"status-publish","5":"entry","6":"has-post-thumbnail"},"_links":{"self":[{"href":"https:\/\/moverdb.com\/hu\/wp-json\/wp\/v2\/pages\/7781","targetHints":{"allow":["GET"]}}],"collection":[{"href":"https:\/\/moverdb.com\/hu\/wp-json\/wp\/v2\/pages"}],"about":[{"href":"https:\/\/moverdb.com\/hu\/wp-json\/wp\/v2\/types\/page"}],"author":[{"embeddable":true,"href":"https:\/\/moverdb.com\/hu\/wp-json\/wp\/v2\/users\/4"}],"replies":[{"embeddable":true,"href":"https:\/\/moverdb.com\/hu\/wp-json\/wp\/v2\/comments?post=7781"}],"version-history":[{"count":1,"href":"https:\/\/moverdb.com\/hu\/wp-json\/wp\/v2\/pages\/7781\/revisions"}],"predecessor-version":[{"id":7782,"href":"https:\/\/moverdb.com\/hu\/wp-json\/wp\/v2\/pages\/7781\/revisions\/7782"}],"up":[{"embeddable":true,"href":"https:\/\/moverdb.com\/hu\/wp-json\/wp\/v2\/pages\/190"}],"wp:attachment":[{"href":"https:\/\/moverdb.com\/hu\/wp-json\/wp\/v2\/media?parent=7781"}],"curies":[{"name":"wp","href":"https:\/\/api.w.org\/{rel}","templated":true}]}}