{"id":7764,"date":"2023-04-27T14:59:23","date_gmt":"2023-04-27T14:59:23","guid":{"rendered":"https:\/\/moverdb.com\/?page_id=7764"},"modified":"2026-01-08T15:23:45","modified_gmt":"2026-01-08T15:23:45","slug":"moving-companies-iraq","status":"publish","type":"page","link":"https:\/\/moverdb.com\/hu\/moving-companies\/moving-companies-iraq\/","title":{"rendered":"2 A legjobb nemzetk\u00f6zi k\u00f6lt\u00f6ztet\u0151 c\u00e9gek Irakban"},"content":{"rendered":"<p>Az otthon vagy a v\u00e1llalkoz\u00e1s k\u00f6lt\u00f6z\u00e9se sosem egyszer\u0171, \u00edgy a seg\u00edts\u00e9g ig\u00e9nybev\u00e9tele nagy seg\u00edts\u00e9g lehet, k\u00fcl\u00f6n\u00f6sen, ha orsz\u00e1gok k\u00f6z\u00f6tt k\u00f6lt\u00f6zik. Ha Irakban, Irakba vagy Irakb\u00f3l k\u00f6lt\u00f6zik, \u00f6ssze\u00e1ll\u00edtottunk egy list\u00e1t a k\u00f6vetkez\u0151kr\u0151l <a href=\"https:\/\/moverdb.com\/hu\/international-removals\/\" data-internallinksmanager029f6b8e52c=\"27\" title=\"36 legjobb nemzetk\u00f6zi k\u00f6lt\u00f6ztet\u0151 c\u00e9gek az Egyes\u00fclt Kir\u00e1lys\u00e1gban\">k\u00f6lt\u00f6ztet\u0151 c\u00e9gek<\/a> amelyek tagjai a <a href=\"https:\/\/moverdb.com\/hu\/iam\/\" data-internallinksmanager029f6b8e52c=\"23\" title=\"A K\u00f6lt\u00f6ztet\u0151k Nemzetk\u00f6zi Sz\u00f6vets\u00e9ge (IAM) magyar\u00e1zata\">K\u00f6lt\u00f6ztet\u0151k Nemzetk\u00f6zi Sz\u00f6vets\u00e9ge<\/a> (IAM) \u00e9s\/vagy <a href=\"https:\/\/moverdb.com\/hu\/fidi-faim\/\" data-internallinksmanager029f6b8e52c=\"16\" title=\"FIDI &amp; FAIM (FIDI akkredit\u00e1lt nemzetk\u00f6zi fuvaroz\u00f3) magyar\u00e1zata\">FIDI<\/a> Akkredit\u00e1lt nemzetk\u00f6zi k\u00f6lt\u00f6ztet\u0151 (FAIM), aki seg\u00edthet \u00d6nnek a k\u00f6lt\u00f6z\u00e9sben.<\/p>\n<h2><strong>1. BCC Logisztika<\/strong><\/h2>\n<p><img loading=\"lazy\" decoding=\"async\" class=\"alignnone size-full wp-image-7673\" src=\"https:\/\/moverdb.com\/wp-content\/uploads\/BCC-Logistics-international-moving-company.png\" alt=\"BCC Logistics nemzetk\u00f6zi k\u00f6lt\u00f6ztet\u0151 c\u00e9g\" width=\"1440\" height=\"634\" data-wp-pid=\"7673\" srcset=\"https:\/\/moverdb.com\/wp-content\/uploads\/BCC-Logistics-international-moving-company.png 1440w, https:\/\/moverdb.com\/wp-content\/uploads\/BCC-Logistics-international-moving-company-300x132.png 300w, https:\/\/moverdb.com\/wp-content\/uploads\/BCC-Logistics-international-moving-company-1024x451.png 1024w, https:\/\/moverdb.com\/wp-content\/uploads\/BCC-Logistics-international-moving-company-18x8.png 18w, https:\/\/moverdb.com\/wp-content\/uploads\/BCC-Logistics-international-moving-company-600x264.png 600w\" sizes=\"auto, (max-width: 1440px) 100vw, 1440px\" \/><\/p>\n<ul>\n<li>Nemzeti l\u00e9p\u00e9sek<\/li>\n<li>Nemzetk\u00f6zi k\u00f6lt\u00f6z\u00e9sek<\/li>\n<li>H\u00e1ztart\u00e1si k\u00f6lt\u00f6z\u00e9sek<\/li>\n<li>V\u00e1llalati, diplom\u00e1ciai \u00e9s katonai mozg\u00e1sok<\/li>\n<li>H\u00e1zt\u00f3l-h\u00e1zig tart\u00f3 k\u00f6lt\u00f6ztet\u00e9s<\/li>\n<li>Csomagol\u00e1si szolg\u00e1ltat\u00e1s<\/li>\n<li>K\u00f6z\u00fati, tengeri \u00e9s l\u00e9gi sz\u00e1ll\u00edtm\u00e1nyoz\u00e1s<\/li>\n<li>V\u00e1mkezel\u00e9s<\/li>\n<li>K\u00e9pz\u0151m\u0171v\u00e9szeti kezel\u00e9s<\/li>\n<li>Rakt\u00e1roz\u00e1si lehet\u0151s\u00e9gek<\/li>\n<\/ul>\n<p>A BCC Logistics egy glob\u00e1lis sz\u00e1ll\u00edtm\u00e1nyoz\u00e1si szolg\u00e1ltat\u00f3, amelyet 1993-ban alap\u00edtottak a <a href=\"https:\/\/moverdb.com\/hu\/moving-companies\/moving-companies-lebanon\/\" data-internallinksmanager029f6b8e52c=\"302\" title=\"A 7 legjobb nemzetk\u00f6zi k\u00f6lt\u00f6ztet\u0151 c\u00e9gek Libanonban\">Libanon<\/a> irod\u00e1kkal <a href=\"https:\/\/moverdb.com\/hu\/moving-to-qatar\/\" data-internallinksmanager029f6b8e52c=\"334\" title=\"Katarba k\u00f6lt\u00f6zik? 2023 Meg\u00e9lhet\u00e9si k\u00f6lts\u00e9gek \u00e9s k\u00f6lt\u00f6z\u00e9si tippek\">Katar<\/a>, Irak \u00e9s <a href=\"https:\/\/moverdb.com\/hu\/moving-to-saudi-arabia\/\" data-internallinksmanager029f6b8e52c=\"319\" title=\"Sza\u00fad-Ar\u00e1bi\u00e1ba k\u00f6lt\u00f6zik? 2023 Meg\u00e9lhet\u00e9si k\u00f6lts\u00e9gek \u00e9s k\u00f6lt\u00f6z\u00e9si tippek\">Sza\u00fad-Ar\u00e1bia<\/a>. Az iraki iroda 2008-ban ny\u00edlt meg Erbilben. Nemzetk\u00f6zi \u00fcgyn\u00f6kh\u00e1l\u00f3zattal rendelkeznek, hogy t\u00e1mogass\u00e1k glob\u00e1lis er\u0151fesz\u00edt\u00e9seiket. Az IAM tagjak\u00e9nt 15 \u00e9ves szolg\u00e1lati id\u0151vel rendelkeznek.<\/p>\n<p>A BCC Logistics h\u00e1zt\u00f3l h\u00e1zig tart\u00f3 k\u00f6lt\u00f6ztet\u00e9si szolg\u00e1ltat\u00e1st k\u00edn\u00e1l orsz\u00e1gos \u00e9s nemzetk\u00f6zi k\u00f6lt\u00f6z\u00e9sekhez. Csomagol\u00e1si szolg\u00e1ltat\u00e1st k\u00edn\u00e1lnak, amely kont\u00e9neres tengeri sz\u00e1ll\u00edt\u00e1sokat, l\u00e9gi sz\u00e1ll\u00edt\u00e1shoz h\u00e1romfalas csomagol\u00e1st \u00e9s f\u00e1b\u00f3l k\u00e9sz\u00fclt emel\u0151s furgonokat biztos\u00edt. Kicsomagolj\u00e1k \u00e9s fel\u00e1ll\u00edtj\u00e1k a b\u00fatorokat, valamint elt\u00e1vol\u00edtj\u00e1k a csomagol\u00e1si t\u00f6rmel\u00e9ket. Megszervezik a sz\u00e1razf\u00f6ldi, l\u00e9gi vagy tengeri sz\u00e1ll\u00edt\u00e1st a v\u00e1malakis\u00e1gokkal egy\u00fctt.<\/p>\n<p>Weboldal: <a href=\"http:\/\/www.bcclogistics.com\" target=\"_blank\" rel=\"noopener\">http:\/\/www.bcclogistics.com<\/a><\/p>\n<h2><strong>2. Paxton<\/strong><\/h2>\n<p><img loading=\"lazy\" decoding=\"async\" class=\"alignnone size-full wp-image-7736\" src=\"https:\/\/moverdb.com\/wp-content\/uploads\/Paxton-international-moving-company.png\" alt=\"Paxton nemzetk\u00f6zi k\u00f6lt\u00f6ztet\u0151 c\u00e9g\" width=\"1440\" height=\"682\" data-wp-pid=\"7736\" srcset=\"https:\/\/moverdb.com\/wp-content\/uploads\/Paxton-international-moving-company.png 1440w, https:\/\/moverdb.com\/wp-content\/uploads\/Paxton-international-moving-company-300x142.png 300w, https:\/\/moverdb.com\/wp-content\/uploads\/Paxton-international-moving-company-1024x485.png 1024w, https:\/\/moverdb.com\/wp-content\/uploads\/Paxton-international-moving-company-18x9.png 18w, https:\/\/moverdb.com\/wp-content\/uploads\/Paxton-international-moving-company-600x284.png 600w\" sizes=\"auto, (max-width: 1440px) 100vw, 1440px\" \/><\/p>\n<ul>\n<li>Nemzeti l\u00e9p\u00e9sek<\/li>\n<li>Nemzetk\u00f6zi k\u00f6lt\u00f6z\u00e9sek<\/li>\n<li>H\u00e1ztart\u00e1s \u00e1thelyez\u00e9se<\/li>\n<li>Irodai \u00e9s ipari k\u00f6lt\u00f6ztet\u00e9s<\/li>\n<li>H\u00e1zt\u00f3l-h\u00e1zig szolg\u00e1ltat\u00e1s<\/li>\n<li>Csomagol\u00e1si szolg\u00e1ltat\u00e1s<\/li>\n<li>A sz\u00e1ll\u00edt\u00e1s megszervez\u00e9se<\/li>\n<li>V\u00e1mkezel\u00e9s<\/li>\n<li>J\u00e1rm\u0171sz\u00e1ll\u00edt\u00e1s<\/li>\n<li>Biztons\u00e1gos rakt\u00e1rhelyis\u00e9gek<\/li>\n<\/ul>\n<p>A Paxton egy helyi \u00e9s glob\u00e1lis szinten m\u0171k\u00f6d\u0151 k\u00f6lt\u00f6ztet\u00e9si, inform\u00e1ci\u00f3s \u00e9s logisztikai menedzsment szolg\u00e1ltat\u00e1sokat ny\u00fajt\u00f3 v\u00e1llalat. T\u00f6bb mint 60 \u00e9ve m\u0171k\u00f6dnek, \u00e9s irod\u00e1ik vannak Amerik\u00e1ban, Pakiszt\u00e1nban, D\u00e9l-Szud\u00e1nban, <a href=\"https:\/\/moverdb.com\/hu\/moving-to-singapore\/\" data-internallinksmanager029f6b8e52c=\"68\" title=\"Szingap\u00farba k\u00f6lt\u00f6zik? 2022 \u00c9letk\u00f6lts\u00e9gek \u00e9s k\u00f6lt\u00f6z\u00e9si tippek\">Szingap\u00far<\/a>Afganiszt\u00e1nban \u00e9s Irakban, Bagdadban \u00e9s Erbilben. Kiv\u00e1lasztott partnerekb\u0151l \u00e1ll\u00f3 h\u00e1l\u00f3zattal rendelkeznek a nemzetk\u00f6zi szolg\u00e1ltat\u00e1sok ny\u00fajt\u00e1s\u00e1hoz, \u00e9s az IAM tagjai.<\/p>\n<p>A Paxton h\u00e1zt\u00f3l h\u00e1zig tart\u00f3 k\u00f6lt\u00f6ztet\u00e9si szolg\u00e1ltat\u00e1st k\u00edn\u00e1l helyi, orsz\u00e1gos \u00e9s nemzetk\u00f6zi szinten. Csomagol\u00e1si szolg\u00e1ltat\u00e1st ny\u00fajtanak, hogy megv\u00e9dj\u00e9k a holmij\u00e1t a sz\u00e1ll\u00edt\u00e1s sor\u00e1n, vagy csin\u00e1ld magad opci\u00f3t. Az \u00d6n ig\u00e9nyeihez \u00e9s k\u00f6lts\u00e9gvet\u00e9s\u00e9hez legjobban illeszked\u0151 sz\u00e1ll\u00edt\u00e1si lehet\u0151s\u00e9geket k\u00edn\u00e1lnak, \u00e9s v\u00e1mkezel\u00e9si t\u00e1mogat\u00e1st ny\u00fajtanak.<\/p>\n<p>Weboldal: <a href=\"http:\/\/www.paxton.com\" target=\"_blank\" rel=\"noopener\">http:\/\/www.paxton.com<\/a><\/p>","protected":false},"excerpt":{"rendered":"<p>Moving home or your business is never straightforward so getting assistance can really help especially if you are moving between countries. If you moving within, to or from Iraq, we have compiled a list of removal companies that are members of the International Association of Movers (IAM) and\/or FIDI Accredited International Mover (FAIM) who could [&hellip;]<\/p>\n","protected":false},"author":4,"featured_media":0,"parent":190,"menu_order":0,"comment_status":"closed","ping_status":"closed","template":"","meta":{"_genesis_hide_title":false,"_genesis_hide_breadcrumbs":false,"_genesis_hide_singular_image":false,"_genesis_hide_footer_widgets":false,"_genesis_custom_body_class":"","_genesis_custom_post_class":"","_genesis_layout":"","footnotes":""},"class_list":{"0":"post-7764","1":"page","2":"type-page","3":"status-publish","5":"entry","6":"has-post-thumbnail"},"_links":{"self":[{"href":"https:\/\/moverdb.com\/hu\/wp-json\/wp\/v2\/pages\/7764","targetHints":{"allow":["GET"]}}],"collection":[{"href":"https:\/\/moverdb.com\/hu\/wp-json\/wp\/v2\/pages"}],"about":[{"href":"https:\/\/moverdb.com\/hu\/wp-json\/wp\/v2\/types\/page"}],"author":[{"embeddable":true,"href":"https:\/\/moverdb.com\/hu\/wp-json\/wp\/v2\/users\/4"}],"replies":[{"embeddable":true,"href":"https:\/\/moverdb.com\/hu\/wp-json\/wp\/v2\/comments?post=7764"}],"version-history":[{"count":1,"href":"https:\/\/moverdb.com\/hu\/wp-json\/wp\/v2\/pages\/7764\/revisions"}],"predecessor-version":[{"id":7765,"href":"https:\/\/moverdb.com\/hu\/wp-json\/wp\/v2\/pages\/7764\/revisions\/7765"}],"up":[{"embeddable":true,"href":"https:\/\/moverdb.com\/hu\/wp-json\/wp\/v2\/pages\/190"}],"wp:attachment":[{"href":"https:\/\/moverdb.com\/hu\/wp-json\/wp\/v2\/media?parent=7764"}],"curies":[{"name":"wp","href":"https:\/\/api.w.org\/{rel}","templated":true}]}}