{"id":7516,"date":"2023-02-01T14:01:04","date_gmt":"2023-02-01T14:01:04","guid":{"rendered":"https:\/\/moverdb.com\/?page_id=7516"},"modified":"2026-01-08T15:29:56","modified_gmt":"2026-01-08T15:29:56","slug":"moving-companies-guyana","status":"publish","type":"page","link":"https:\/\/moverdb.com\/hu\/moving-companies\/moving-companies-guyana\/","title":{"rendered":"A legjobb nemzetk\u00f6zi k\u00f6lt\u00f6ztet\u0151 c\u00e9gek Guyana"},"content":{"rendered":"<p>Ha Guyan\u00e1ba, Guyan\u00e1b\u00f3l vagy Guyan\u00e1n bel\u00fclre tervezi a k\u00f6lt\u00f6z\u00e9st, lehet, hogy seg\u00edts\u00e9gre van sz\u00fcks\u00e9ge a k\u00f6lt\u00f6z\u00e9shez. Profi <a href=\"https:\/\/moverdb.com\/hu\/moving-companies\/\" data-internallinksmanager029f6b8e52c=\"79\" title=\"Top 25 nemzetk\u00f6zi k\u00f6lt\u00f6ztet\u0151 c\u00e9gek online\">k\u00f6lt\u00f6ztet\u0151 c\u00e9gek<\/a> cs\u00f6kkentheti a sz\u00fcks\u00e9ges munk\u00e1t a csomagol\u00e1ssal, a tervez\u00e9ssel \u00e9s a k\u00f6lt\u00f6z\u00e9s megszervez\u00e9s\u00e9vel. Az al\u00e1bbiakban \u00f6ssze\u00e1ll\u00edtottunk egy list\u00e1t a guyanai sz\u00e9khely\u0171 <a href=\"https:\/\/moverdb.com\/hu\/international-removals\/\" data-internallinksmanager029f6b8e52c=\"27\" title=\"36 legjobb nemzetk\u00f6zi k\u00f6lt\u00f6ztet\u0151 c\u00e9gek az Egyes\u00fclt Kir\u00e1lys\u00e1gban\">k\u00f6lt\u00f6ztet\u0151 c\u00e9gek<\/a> amelyek tagjai a <a href=\"https:\/\/moverdb.com\/hu\/iam\/\" data-internallinksmanager029f6b8e52c=\"23\" title=\"A K\u00f6lt\u00f6ztet\u0151k Nemzetk\u00f6zi Sz\u00f6vets\u00e9ge (IAM) magyar\u00e1zata\">K\u00f6lt\u00f6ztet\u0151k Nemzetk\u00f6zi Sz\u00f6vets\u00e9ge<\/a> (IAM) \u00e9s\/vagy <a href=\"https:\/\/moverdb.com\/hu\/fidi-faim\/\" data-internallinksmanager029f6b8e52c=\"16\" title=\"FIDI &amp; FAIM (FIDI akkredit\u00e1lt nemzetk\u00f6zi fuvaroz\u00f3) magyar\u00e1zata\">FIDI<\/a> Akkredit\u00e1lt nemzetk\u00f6zi k\u00f6lt\u00f6ztet\u0151 (FAIM), aki seg\u00edthet \u00d6nnek a k\u00f6lt\u00f6z\u00e9sben.<\/p>\n<p><strong>Guywillship<\/strong><\/p>\n<p><img loading=\"lazy\" decoding=\"async\" class=\"alignnone size-full wp-image-7448\" src=\"https:\/\/moverdb.com\/wp-content\/uploads\/Guywillship-international-moving-company.png\" alt=\"Guywillship nemzetk\u00f6zi k\u00f6lt\u00f6ztet\u0151 c\u00e9g\" width=\"1440\" height=\"679\" data-wp-pid=\"7448\" srcset=\"https:\/\/moverdb.com\/wp-content\/uploads\/Guywillship-international-moving-company.png 1440w, https:\/\/moverdb.com\/wp-content\/uploads\/Guywillship-international-moving-company-300x141.png 300w, https:\/\/moverdb.com\/wp-content\/uploads\/Guywillship-international-moving-company-1024x483.png 1024w, https:\/\/moverdb.com\/wp-content\/uploads\/Guywillship-international-moving-company-18x8.png 18w, https:\/\/moverdb.com\/wp-content\/uploads\/Guywillship-international-moving-company-600x283.png 600w\" sizes=\"auto, (max-width: 1440px) 100vw, 1440px\" \/><\/p>\n<ul>\n<li>Csak felsz\u00e1ll\u00e1si \u00e9s sz\u00e1ll\u00edt\u00e1si szolg\u00e1ltat\u00e1sokat k\u00edn\u00e1l<\/li>\n<li>Szakosodott a k\u00f6vetkez\u0151kre <a href=\"https:\/\/moverdb.com\/hu\/moving-to-the-united-states\/\" data-internallinksmanager029f6b8e52c=\"94\" title=\"Az Egyes\u00fclt \u00c1llamokba k\u00f6lt\u00f6zik? 2022 Meg\u00e9lhet\u00e9si k\u00f6lts\u00e9gek \u00e9s k\u00f6lt\u00f6z\u00e9si tippek\">US<\/a> a karibi sz\u00e1ll\u00edtm\u00e1nyok<\/li>\n<li>Tengerent\u00fali k\u00f6lt\u00f6z\u00e9sek<\/li>\n<li>H\u00e1ztart\u00e1si k\u00f6lt\u00f6z\u00e9sek<\/li>\n<li>Kereskedelmi \u00e1rusz\u00e1ll\u00edt\u00e1s<\/li>\n<li>H\u00e1zt\u00f3l-h\u00e1zig szolg\u00e1ltat\u00e1s<\/li>\n<li>K\u00f6z\u00fati, tengeri \u00e9s l\u00e9gi sz\u00e1ll\u00edt\u00e1s<\/li>\n<li>Intelligens nyomon k\u00f6vet\u00e9s<\/li>\n<li>Sz\u00e1ll\u00edt\u00e1sok \u00f6sszevon\u00e1sa<\/li>\n<li>Az IAM tagja<\/li>\n<\/ul>\n<p>A Guywillship haj\u00f3z\u00e1si \u00e9s logisztikai \u00fcgyn\u00f6k, amely az USA \u00e9s a Karib-t\u00e9rs\u00e9g k\u00f6z\u00f6tti \u00e1rusz\u00e1ll\u00edt\u00e1sra specializ\u00e1l\u00f3dott. T\u00f6bb mint 30 \u00e9ves tapasztalattal rendelkeznek az \u00e1ruk mozgat\u00e1sa ter\u00e9n. Az IAM tagja, ami hozz\u00e1f\u00e9r\u00e9st biztos\u00edt sz\u00e1mukra a nemzetk\u00f6zi k\u00f6lt\u00f6ztet\u0151\u00fcgyn\u00f6k\u00f6k h\u00e1l\u00f3zat\u00e1hoz, hogy szolg\u00e1ltat\u00e1saikat ny\u00fajthass\u00e1k.<\/p>\n<p>A Guywillship h\u00e1zt\u00f3l-h\u00e1zig tart\u00f3 felv\u00e9teli \u00e9s sz\u00e1ll\u00edt\u00e1si szolg\u00e1ltat\u00e1sokat k\u00edn\u00e1l, amelyek alkalmasak a k\u00f6lt\u00f6z\u0151k sz\u00e1m\u00e1ra. K\u00edn\u00e1lnak l\u00e9gi \u00e9s tengeri \u00e1rusz\u00e1ll\u00edt\u00e1st, amelyet m\u00e1r t\u00f6bb mint 200.000 alkalommal v\u00e9geztek el. Prec\u00edzi\u00f3s nyomon k\u00f6vet\u00e9si lehet\u0151s\u00e9geket k\u00edn\u00e1lnak egy dedik\u00e1lt felh\u0151-infrastrukt\u00far\u00e1val, amely naprak\u00e9szen t\u00e1j\u00e9koztatja \u00d6nt a sz\u00e1ll\u00edtm\u00e1ny\u00e1r\u00f3l.<\/p>\n<p>Weboldal: <a href=\"http:\/\/www.guywillship.com\" target=\"_blank\" rel=\"noopener\">http:\/\/www.guywillship.com<\/a><\/p>","protected":false},"excerpt":{"rendered":"<p>If you are planning a move to or from Guyana, or within Guyana, you may want some help with your move. Professional moving companies can reduce the work needed by packing, planning and organising your move. Below we have compiled a list of Guyana based removal companies that are members of the International Association of [&hellip;]<\/p>\n","protected":false},"author":4,"featured_media":0,"parent":190,"menu_order":0,"comment_status":"closed","ping_status":"closed","template":"","meta":{"_genesis_hide_title":false,"_genesis_hide_breadcrumbs":false,"_genesis_hide_singular_image":false,"_genesis_hide_footer_widgets":false,"_genesis_custom_body_class":"","_genesis_custom_post_class":"","_genesis_layout":"","footnotes":""},"class_list":{"0":"post-7516","1":"page","2":"type-page","3":"status-publish","5":"entry","6":"has-post-thumbnail"},"_links":{"self":[{"href":"https:\/\/moverdb.com\/hu\/wp-json\/wp\/v2\/pages\/7516","targetHints":{"allow":["GET"]}}],"collection":[{"href":"https:\/\/moverdb.com\/hu\/wp-json\/wp\/v2\/pages"}],"about":[{"href":"https:\/\/moverdb.com\/hu\/wp-json\/wp\/v2\/types\/page"}],"author":[{"embeddable":true,"href":"https:\/\/moverdb.com\/hu\/wp-json\/wp\/v2\/users\/4"}],"replies":[{"embeddable":true,"href":"https:\/\/moverdb.com\/hu\/wp-json\/wp\/v2\/comments?post=7516"}],"version-history":[{"count":1,"href":"https:\/\/moverdb.com\/hu\/wp-json\/wp\/v2\/pages\/7516\/revisions"}],"predecessor-version":[{"id":7517,"href":"https:\/\/moverdb.com\/hu\/wp-json\/wp\/v2\/pages\/7516\/revisions\/7517"}],"up":[{"embeddable":true,"href":"https:\/\/moverdb.com\/hu\/wp-json\/wp\/v2\/pages\/190"}],"wp:attachment":[{"href":"https:\/\/moverdb.com\/hu\/wp-json\/wp\/v2\/media?parent=7516"}],"curies":[{"name":"wp","href":"https:\/\/api.w.org\/{rel}","templated":true}]}}