{"id":7514,"date":"2023-02-01T14:00:27","date_gmt":"2023-02-01T14:00:27","guid":{"rendered":"https:\/\/moverdb.com\/?page_id=7514"},"modified":"2026-01-08T15:23:43","modified_gmt":"2026-01-08T15:23:43","slug":"moving-companies-guinea","status":"publish","type":"page","link":"https:\/\/moverdb.com\/hu\/moving-companies\/moving-companies-guinea\/","title":{"rendered":"2 A legjobb nemzetk\u00f6zi k\u00f6lt\u00f6ztet\u0151 c\u00e9gek Guinea-ban"},"content":{"rendered":"<p>Ha k\u00f6lt\u00f6z\u00e9st tervez, legyen sz\u00f3 ak\u00e1r az otthon\u00e1r\u00f3l, ak\u00e1r az irod\u00e1j\u00e1r\u00f3l, ez stresszes id\u0151szak lehet, sok logisztik\u00e1val \u00e9s pap\u00edrmunk\u00e1val kell megbirk\u00f3znia. Ez az a ter\u00fclet, ahol egy <a href=\"https:\/\/moverdb.com\/hu\/moving-companies\/\" data-internallinksmanager029f6b8e52c=\"79\" title=\"Top 25 nemzetk\u00f6zi k\u00f6lt\u00f6ztet\u0151 c\u00e9gek online\">k\u00f6lt\u00f6ztet\u0151 c\u00e9g<\/a> seg\u00edthet enyh\u00edteni a terheken. Az al\u00e1bbiakban \u00f6ssze\u00e1ll\u00edtottunk egy list\u00e1t a Guinea-alap\u00fa <a href=\"https:\/\/moverdb.com\/hu\/international-removals\/\" data-internallinksmanager029f6b8e52c=\"27\" title=\"36 legjobb nemzetk\u00f6zi k\u00f6lt\u00f6ztet\u0151 c\u00e9gek az Egyes\u00fclt Kir\u00e1lys\u00e1gban\">k\u00f6lt\u00f6ztet\u0151 c\u00e9gek<\/a> amelyek tagjai a <a href=\"https:\/\/moverdb.com\/hu\/iam\/\" data-internallinksmanager029f6b8e52c=\"23\" title=\"A K\u00f6lt\u00f6ztet\u0151k Nemzetk\u00f6zi Sz\u00f6vets\u00e9ge (IAM) magyar\u00e1zata\">K\u00f6lt\u00f6ztet\u0151k Nemzetk\u00f6zi Sz\u00f6vets\u00e9ge<\/a> (IAM) \u00e9s\/vagy <a href=\"https:\/\/moverdb.com\/hu\/fidi-faim\/\" data-internallinksmanager029f6b8e52c=\"16\" title=\"FIDI &amp; FAIM (FIDI akkredit\u00e1lt nemzetk\u00f6zi fuvaroz\u00f3) magyar\u00e1zata\">FIDI<\/a> Akkredit\u00e1lt nemzetk\u00f6zi k\u00f6lt\u00f6ztet\u0151 (FAIM), aki seg\u00edthet a k\u00f6lt\u00f6z\u00e9sben.<\/p>\n<h2><strong>1. Soguifret<\/strong><\/h2>\n<p><img loading=\"lazy\" decoding=\"async\" class=\"alignnone size-full wp-image-7489\" src=\"https:\/\/moverdb.com\/wp-content\/uploads\/Soguifret-international-moving-company.png\" alt=\"Soguifret nemzetk\u00f6zi k\u00f6lt\u00f6ztet\u0151 c\u00e9g\" width=\"1440\" height=\"679\" data-wp-pid=\"7489\" srcset=\"https:\/\/moverdb.com\/wp-content\/uploads\/Soguifret-international-moving-company.png 1440w, https:\/\/moverdb.com\/wp-content\/uploads\/Soguifret-international-moving-company-300x141.png 300w, https:\/\/moverdb.com\/wp-content\/uploads\/Soguifret-international-moving-company-1024x483.png 1024w, https:\/\/moverdb.com\/wp-content\/uploads\/Soguifret-international-moving-company-18x8.png 18w, https:\/\/moverdb.com\/wp-content\/uploads\/Soguifret-international-moving-company-600x283.png 600w\" sizes=\"auto, (max-width: 1440px) 100vw, 1440px\" \/><\/p>\n<ul>\n<li>Nemzeti l\u00e9p\u00e9sek<\/li>\n<li>Nemzetk\u00f6zi k\u00f6lt\u00f6z\u00e9sek<\/li>\n<li>H\u00e1ztart\u00e1si k\u00f6lt\u00f6z\u00e9sek<\/li>\n<li>Irodai k\u00f6lt\u00f6z\u00e9sek<\/li>\n<li>H\u00e1zt\u00f3l-h\u00e1zig szolg\u00e1ltat\u00e1s<\/li>\n<li>Csomagol\u00e1si szolg\u00e1ltat\u00e1s<\/li>\n<li>Kont\u00e9nerv\u00e1laszt\u00e9k<\/li>\n<li>A sz\u00e1ll\u00edt\u00e1s megszervez\u00e9se<\/li>\n<li>V\u00e1mkezel\u00e9s<\/li>\n<li>Nemzetk\u00f6zi h\u00e1l\u00f3zatok<\/li>\n<\/ul>\n<p>A Soguifret egy 1989-ben Guine\u00e1ban alap\u00edtott k\u00f6lt\u00f6ztet\u0151 \u00e9s sz\u00e1ll\u00edtm\u00e1nyoz\u00e1si v\u00e1llalat. A 120 orsz\u00e1got lefed\u0151 Universal Freight Organisation tagja, az IAM tagja, 34 \u00e9ves szolg\u00e1lati id\u0151vel \u00e9s 170 orsz\u00e1g lefedetts\u00e9g\u00e9vel. H\u00e1l\u00f3zataikon kereszt\u00fcl nemzetk\u00f6zi k\u00f6lt\u00f6ztet\u0151 \u00fcgyfelekkel dolgoznak.<\/p>\n<p>A Soguifret h\u00e1zt\u00f3l-h\u00e1zig tart\u00f3 orsz\u00e1gos \u00e9s nemzetk\u00f6zi k\u00f6lt\u00f6ztet\u00e9si szolg\u00e1ltat\u00e1sokat ny\u00fajt h\u00e1ztart\u00e1sok \u00e9s irod\u00e1k sz\u00e1m\u00e1ra. Sokf\u00e9le szem\u00e9lyt szolg\u00e1lnak ki, bele\u00e9rtve a nagyk\u00f6vets\u00e9geket \u00e9s a B\u00e9kehadtestet is. T\u00f6bbf\u00e9le kont\u00e9neres opci\u00f3t k\u00edn\u00e1lnak, k\u00f6zt\u00fck kevesebb, mint kont\u00e9neres rakom\u00e1nyt \u00e9s teljes kont\u00e9neres rakom\u00e1nyt. Megszervezik a holmij\u00e1nak sz\u00e1ll\u00edt\u00e1s\u00e1t \u00e9s elv\u00e9gzik a v\u00e1mkezel\u00e9st.<\/p>\n<p>Weboldal: <a href=\"http:\/\/www.soguifret.com\" target=\"_blank\" rel=\"noopener\">http:\/\/www.soguifret.com<\/a><\/p>\n<h2><strong>2. JVK<\/strong><\/h2>\n<p><img loading=\"lazy\" decoding=\"async\" class=\"alignnone size-full wp-image-7459\" src=\"https:\/\/moverdb.com\/wp-content\/uploads\/JVK-Guinea-international-moving-company.png\" alt=\"JVK Guinea nemzetk\u00f6zi k\u00f6lt\u00f6ztet\u0151 c\u00e9g\" width=\"1440\" height=\"680\" data-wp-pid=\"7459\" srcset=\"https:\/\/moverdb.com\/wp-content\/uploads\/JVK-Guinea-international-moving-company.png 1440w, https:\/\/moverdb.com\/wp-content\/uploads\/JVK-Guinea-international-moving-company-300x142.png 300w, https:\/\/moverdb.com\/wp-content\/uploads\/JVK-Guinea-international-moving-company-1024x484.png 1024w, https:\/\/moverdb.com\/wp-content\/uploads\/JVK-Guinea-international-moving-company-18x9.png 18w, https:\/\/moverdb.com\/wp-content\/uploads\/JVK-Guinea-international-moving-company-600x283.png 600w\" sizes=\"auto, (max-width: 1440px) 100vw, 1440px\" \/><\/p>\n<ul>\n<li>Nemzeti l\u00e9p\u00e9sek<\/li>\n<li>Nemzetk\u00f6zi k\u00f6lt\u00f6z\u00e9sek<\/li>\n<li>\u00c1thelyez\u00e9si szolg\u00e1ltat\u00e1s<\/li>\n<li>H\u00e1ztart\u00e1si k\u00f6lt\u00f6z\u00e9sek<\/li>\n<li>Irodai k\u00f6lt\u00f6z\u00e9sek<\/li>\n<li>Csomagol\u00e1si szolg\u00e1ltat\u00e1s<\/li>\n<li>Kiv\u00e1l\u00f3 min\u0151s\u00e9g\u0171 csomagol\u00f3anyagok<\/li>\n<li>K\u00f6z\u00fati, tengeri \u00e9s l\u00e9gi sz\u00e1ll\u00edt\u00e1s<\/li>\n<li>V\u00e1malakis\u00e1gok<\/li>\n<li>R\u00f6vid \u00e9s hossz\u00fa t\u00e1v\u00fa t\u00e1rol\u00f3 l\u00e9tes\u00edtm\u00e9nyek<\/li>\n<\/ul>\n<p>A JVK egy nemzetk\u00f6zi k\u00f6lt\u00f6ztet\u0151 \u00e9s k\u00f6lt\u00f6ztet\u0151 c\u00e9g, amely Afrik\u00e1ban, \u00c1zsi\u00e1ban \u00e9s a csendes-\u00f3ce\u00e1ni t\u00e9rs\u00e9gben irodah\u00e1l\u00f3zattal rendelkezik. Irod\u00e1juk a guineai Conakryban van, de a c\u00e9get a k\u00f6vetkez\u0151 \u00e9vekben alap\u00edtott\u00e1k <a href=\"https:\/\/moverdb.com\/hu\/moving-to-thailand\/\" data-internallinksmanager029f6b8e52c=\"318\" title=\"Thaif\u00f6ldre k\u00f6lt\u00f6zik? 2023 \u00c9letk\u00f6lts\u00e9gek \u00e9s k\u00f6lt\u00f6z\u00e9si tippek\">Thaif\u00f6ld<\/a> 1979-ben. Az IAM tagja, \u00e9s nemzetk\u00f6zi k\u00f6lt\u00f6ztet\u0151\u00fcgyn\u00f6k\u00f6k h\u00e1l\u00f3zata seg\u00edti \u0151ket ott, ahol nincs lefedetts\u00e9g\u00fck.<\/p>\n<p>A JVK k\u00f6lt\u00f6z\u00e9s el\u0151tti felm\u00e9r\u00e9st k\u00edn\u00e1l az \u00d6n k\u00f6lt\u00f6z\u00e9si ig\u00e9nyeinek felm\u00e9r\u00e9s\u00e9re, a k\u00f6lt\u00f6z\u00e9si aj\u00e1nlat elk\u00e9sz\u00edt\u00e9s\u00e9re \u00e9s a k\u00f6lt\u00f6z\u00e9s megtervez\u00e9s\u00e9re. H\u00e1zhoz men\u0151 szolg\u00e1ltat\u00e1st ny\u00fajtanak, amely mag\u00e1ban foglalja a holmij\u00e1nak biztons\u00e1gos csomagol\u00e1s\u00e1t, kiv\u00e1l\u00f3 min\u0151s\u00e9g\u0171 anyagok \u00e9s a t\u00f6r\u00e9keny t\u00e1rgyak sz\u00e1m\u00e1ra speci\u00e1lis l\u00e1d\u00e1k haszn\u00e1lat\u00e1val. Megszervezik a k\u00f6z\u00fati, tengeri vagy l\u00e9gi sz\u00e1ll\u00edt\u00e1st, \u00e9s koordin\u00e1lj\u00e1k a v\u00e1malakis\u00e1gokat.<\/p>\n<p>Weboldal: <a href=\"http:\/\/www.jvkpacific.com\" target=\"_blank\" rel=\"noopener\">http:\/\/www.jvkpacific.com<\/a><\/p>","protected":false},"excerpt":{"rendered":"<p>When you are planning a move whether that is your home or office, it can be stressful time with a lot of logistics to manage and paperwork. This is where employing a moving company can help to ease the burden. Below we have compiled a list of Guinea based removal companies that are members of [&hellip;]<\/p>\n","protected":false},"author":4,"featured_media":0,"parent":190,"menu_order":0,"comment_status":"closed","ping_status":"closed","template":"","meta":{"_genesis_hide_title":false,"_genesis_hide_breadcrumbs":false,"_genesis_hide_singular_image":false,"_genesis_hide_footer_widgets":false,"_genesis_custom_body_class":"","_genesis_custom_post_class":"","_genesis_layout":"","footnotes":""},"class_list":{"0":"post-7514","1":"page","2":"type-page","3":"status-publish","5":"entry","6":"has-post-thumbnail"},"_links":{"self":[{"href":"https:\/\/moverdb.com\/hu\/wp-json\/wp\/v2\/pages\/7514","targetHints":{"allow":["GET"]}}],"collection":[{"href":"https:\/\/moverdb.com\/hu\/wp-json\/wp\/v2\/pages"}],"about":[{"href":"https:\/\/moverdb.com\/hu\/wp-json\/wp\/v2\/types\/page"}],"author":[{"embeddable":true,"href":"https:\/\/moverdb.com\/hu\/wp-json\/wp\/v2\/users\/4"}],"replies":[{"embeddable":true,"href":"https:\/\/moverdb.com\/hu\/wp-json\/wp\/v2\/comments?post=7514"}],"version-history":[{"count":1,"href":"https:\/\/moverdb.com\/hu\/wp-json\/wp\/v2\/pages\/7514\/revisions"}],"predecessor-version":[{"id":7515,"href":"https:\/\/moverdb.com\/hu\/wp-json\/wp\/v2\/pages\/7514\/revisions\/7515"}],"up":[{"embeddable":true,"href":"https:\/\/moverdb.com\/hu\/wp-json\/wp\/v2\/pages\/190"}],"wp:attachment":[{"href":"https:\/\/moverdb.com\/hu\/wp-json\/wp\/v2\/media?parent=7514"}],"curies":[{"name":"wp","href":"https:\/\/api.w.org\/{rel}","templated":true}]}}