{"id":6061,"date":"2023-02-01T13:50:00","date_gmt":"2023-02-01T13:50:00","guid":{"rendered":"https:\/\/moverdb.com\/?page_id=6061"},"modified":"2026-01-08T15:29:55","modified_gmt":"2026-01-08T15:29:55","slug":"moving-companies-georgia","status":"publish","type":"page","link":"https:\/\/moverdb.com\/hu\/moving-companies\/moving-companies-georgia\/","title":{"rendered":"A legjobb nemzetk\u00f6zi k\u00f6lt\u00f6ztet\u0151 c\u00e9gek Gr\u00fazi\u00e1ban"},"content":{"rendered":"<p>Ha otthon\u00e1ba vagy v\u00e1llalkoz\u00e1s\u00e1ba k\u00f6lt\u00f6zik <a href=\"https:\/\/moverdb.com\/hu\/moving-to-the-united-states\/moving-to-georgia\/\" data-internallinksmanager029f6b8e52c=\"402\" title=\"K\u00f6lt\u00f6z\u00e9s Gr\u00fazi\u00e1ba? 2023 \u00c9letk\u00f6lts\u00e9gek \u00e9s k\u00f6lt\u00f6z\u00e9si tippek\">Georgia<\/a>, vagy Gr\u00fazi\u00e1ba vagy Gr\u00fazi\u00e1b\u00f3l, akkor \u00e9rdemes lehet ig\u00e9nybe venni egy k\u00f6lt\u00f6ztet\u0151 c\u00e9g szolg\u00e1ltat\u00e1sait, hogy seg\u00edtsen \u00d6nnek. Az al\u00e1bbiakban \u00f6ssze\u00e1ll\u00edtottunk egy list\u00e1t a georgiai sz\u00e9khely\u0171 <a href=\"https:\/\/moverdb.com\/hu\/international-removals\/\" data-internallinksmanager029f6b8e52c=\"27\" title=\"36 legjobb nemzetk\u00f6zi k\u00f6lt\u00f6ztet\u0151 c\u00e9gek az Egyes\u00fclt Kir\u00e1lys\u00e1gban\">k\u00f6lt\u00f6ztet\u0151 c\u00e9gek<\/a> amelyek tagjai a <a href=\"https:\/\/moverdb.com\/hu\/iam\/\" data-internallinksmanager029f6b8e52c=\"23\" title=\"A K\u00f6lt\u00f6ztet\u0151k Nemzetk\u00f6zi Sz\u00f6vets\u00e9ge (IAM) magyar\u00e1zata\">K\u00f6lt\u00f6ztet\u0151k Nemzetk\u00f6zi Sz\u00f6vets\u00e9ge<\/a> (IAM) \u00e9s\/vagy <a href=\"https:\/\/moverdb.com\/hu\/fidi-faim\/\" data-internallinksmanager029f6b8e52c=\"16\" title=\"FIDI &amp; FAIM (FIDI akkredit\u00e1lt nemzetk\u00f6zi fuvaroz\u00f3) magyar\u00e1zata\">FIDI<\/a> Akkredit\u00e1lt nemzetk\u00f6zi k\u00f6lt\u00f6ztet\u0151 (FAIM), aki seg\u00edthet \u00d6nnek a k\u00f6lt\u00f6z\u00e9sben.<\/p>\n<h2><strong>Gosselin<\/strong><\/h2>\n<p><img loading=\"lazy\" decoding=\"async\" class=\"alignnone size-full wp-image-6062\" src=\"https:\/\/moverdb.com\/wp-content\/uploads\/Gosselin-Georgia-international-moving-company.png\" alt=\"Gosselin Georgia nemzetk\u00f6zi k\u00f6lt\u00f6ztet\u0151 c\u00e9g\" width=\"1440\" height=\"716\" data-wp-pid=\"6062\" srcset=\"https:\/\/moverdb.com\/wp-content\/uploads\/Gosselin-Georgia-international-moving-company.png 1440w, https:\/\/moverdb.com\/wp-content\/uploads\/Gosselin-Georgia-international-moving-company-300x149.png 300w, https:\/\/moverdb.com\/wp-content\/uploads\/Gosselin-Georgia-international-moving-company-1024x509.png 1024w, https:\/\/moverdb.com\/wp-content\/uploads\/Gosselin-Georgia-international-moving-company-18x9.png 18w, https:\/\/moverdb.com\/wp-content\/uploads\/Gosselin-Georgia-international-moving-company-600x298.png 600w\" sizes=\"auto, (max-width: 1440px) 100vw, 1440px\" \/><\/p>\n<ul>\n<li>Nemzeti l\u00e9p\u00e9sek<\/li>\n<li>Nemzetk\u00f6zi k\u00f6lt\u00f6z\u00e9sek<\/li>\n<li>H\u00e1ztart\u00e1si k\u00f6lt\u00f6z\u00e9sek<\/li>\n<li>Irodai k\u00f6lt\u00f6z\u00e9sek<\/li>\n<li>Csomagol\u00e1si szolg\u00e1ltat\u00e1s<\/li>\n<li>K\u00f6z\u00fati, tengeri \u00e9s l\u00e9gi sz\u00e1ll\u00edt\u00e1s<\/li>\n<li>K\u00e9pz\u0151m\u0171v\u00e9szet mozg\u00f3<\/li>\n<li>H\u00e1zi\u00e1llat sz\u00e1ll\u00edt\u00e1s<\/li>\n<li>J\u00e1rm\u0171sz\u00e1ll\u00edt\u00e1s<\/li>\n<li>R\u00f6vid \u00e9s hossz\u00fa t\u00e1v\u00fa t\u00e1rol\u00e1s<\/li>\n<\/ul>\n<p>Gosselin egy <a href=\"https:\/\/moverdb.com\/hu\/moving-companies\/\" data-internallinksmanager029f6b8e52c=\"79\" title=\"Top 25 nemzetk\u00f6zi k\u00f6lt\u00f6ztet\u0151 c\u00e9gek online\">nemzetk\u00f6zi k\u00f6lt\u00f6ztet\u0151 c\u00e9g<\/a> amely Eur\u00f3pa-szerte rendelkezik irod\u00e1kkal, \u00e9s t\u00f6bb mint 25 \u00e9ve van irod\u00e1juk Gr\u00fazi\u00e1ban, Tbilisziben. Nemzetk\u00f6zi k\u00f6lt\u00f6ztet\u0151i h\u00e1l\u00f3zattal rendelkeznek, hogy t\u00e1mogass\u00e1k \u0151ket a k\u00f6lt\u00f6z\u00e9sekben az eg\u00e9sz vil\u00e1gon. Az IAM tagjak\u00e9nt 27 \u00e9ves szolg\u00e1lati id\u0151vel rendelkeznek.<\/p>\n<p>Gosselin egy tapasztalt nemzetk\u00f6zi mozg\u00f3 \u00fcgyn\u00f6k, amely k\u00edn\u00e1l k\u00f6lt\u00f6zik \u00e9s Gr\u00fazi\u00e1b\u00f3l \u00e9s Gr\u00fazi\u00e1n bel\u00fcl. Teljes k\u00f6r\u0171 szolg\u00e1ltat\u00e1st ny\u00fajtanak, amely mag\u00e1ban foglalja a holmij\u00e1nak biztons\u00e1gos csomagol\u00e1s\u00e1t a k\u00f6z\u00fati, tengeri \u00e9s l\u00e9gi sz\u00e1ll\u00edt\u00e1shoz. Emellett speci\u00e1lis szolg\u00e1ltat\u00e1sokat ny\u00fajtanak k\u00e9pz\u0151m\u0171v\u00e9szeti t\u00e1rgyak, h\u00e1zi\u00e1llatok \u00e9s j\u00e1rm\u0171vek sz\u00e1ll\u00edt\u00e1s\u00e1ra.<\/p>\n<p>Weboldal: <a href=\"https:\/\/gosselin-moving.com\/en\/moving-to-georgia\" target=\"_blank\" rel=\"noopener\">https:\/\/gosselin-moving.com\/en\/moving-to-georgia<\/a><\/p>","protected":false},"excerpt":{"rendered":"<p>If you are moving home or business in Georgia, or to or from Georgia you might want to engage the services of a removal company to assist you. Below we have compiled a list of Georgia based removal companies that are members of the International Association of Movers (IAM) and\/or FIDI Accredited International Mover (FAIM) [&hellip;]<\/p>\n","protected":false},"author":4,"featured_media":0,"parent":190,"menu_order":0,"comment_status":"closed","ping_status":"closed","template":"","meta":{"_genesis_hide_title":false,"_genesis_hide_breadcrumbs":false,"_genesis_hide_singular_image":false,"_genesis_hide_footer_widgets":false,"_genesis_custom_body_class":"","_genesis_custom_post_class":"","_genesis_layout":"","footnotes":""},"class_list":{"0":"post-6061","1":"page","2":"type-page","3":"status-publish","5":"entry","6":"has-post-thumbnail"},"_links":{"self":[{"href":"https:\/\/moverdb.com\/hu\/wp-json\/wp\/v2\/pages\/6061","targetHints":{"allow":["GET"]}}],"collection":[{"href":"https:\/\/moverdb.com\/hu\/wp-json\/wp\/v2\/pages"}],"about":[{"href":"https:\/\/moverdb.com\/hu\/wp-json\/wp\/v2\/types\/page"}],"author":[{"embeddable":true,"href":"https:\/\/moverdb.com\/hu\/wp-json\/wp\/v2\/users\/4"}],"replies":[{"embeddable":true,"href":"https:\/\/moverdb.com\/hu\/wp-json\/wp\/v2\/comments?post=6061"}],"version-history":[{"count":1,"href":"https:\/\/moverdb.com\/hu\/wp-json\/wp\/v2\/pages\/6061\/revisions"}],"predecessor-version":[{"id":6063,"href":"https:\/\/moverdb.com\/hu\/wp-json\/wp\/v2\/pages\/6061\/revisions\/6063"}],"up":[{"embeddable":true,"href":"https:\/\/moverdb.com\/hu\/wp-json\/wp\/v2\/pages\/190"}],"wp:attachment":[{"href":"https:\/\/moverdb.com\/hu\/wp-json\/wp\/v2\/media?parent=6061"}],"curies":[{"name":"wp","href":"https:\/\/api.w.org\/{rel}","templated":true}]}}