{"id":6051,"date":"2023-02-01T12:39:56","date_gmt":"2023-02-01T12:39:56","guid":{"rendered":"https:\/\/moverdb.com\/?page_id=6051"},"modified":"2026-01-08T15:24:43","modified_gmt":"2026-01-08T15:24:43","slug":"moving-companies-finland","status":"publish","type":"page","link":"https:\/\/moverdb.com\/hu\/moving-companies\/moving-companies-finland\/","title":{"rendered":"A 4 legjobb nemzetk\u00f6zi k\u00f6lt\u00f6ztet\u0151 c\u00e9g Finnorsz\u00e1gban"},"content":{"rendered":"<p>Az otthon vagy az \u00fczlethelyis\u00e9gek k\u00f6lt\u00f6z\u00e9se stresszes id\u0151szak lehet, mivel sok mindent kell elint\u00e9zni, k\u00fcl\u00f6n\u00f6sen, ha egy m\u00e1sik orsz\u00e1gba k\u00f6lt\u00f6zik. Ez\u00e9rt a k\u00f6lt\u00f6ztet\u0151 szolg\u00e1ltat\u00e1sainak ig\u00e9nybev\u00e9tele <a href=\"https:\/\/moverdb.com\/hu\/moving-companies\/\" data-internallinksmanager029f6b8e52c=\"79\" title=\"Top 25 nemzetk\u00f6zi k\u00f6lt\u00f6ztet\u0151 c\u00e9gek online\">k\u00f6lt\u00f6ztet\u0151 c\u00e9g<\/a> seg\u00edthet k\u00f6nny\u00edteni a terheken, mivel minden int\u00e9zked\u00e9st meg tudnak tenni az \u00d6n helyett, \u00e9s seg\u00edtenek \u00d6nnek a pap\u00edrmunk\u00e1ban. Az al\u00e1bbiakban \u00f6ssze\u00e1ll\u00edtottunk egy list\u00e1t <a href=\"https:\/\/moverdb.com\/hu\/international-removals\/\" data-internallinksmanager029f6b8e52c=\"27\" title=\"36 legjobb nemzetk\u00f6zi k\u00f6lt\u00f6ztet\u0151 c\u00e9gek az Egyes\u00fclt Kir\u00e1lys\u00e1gban\">k\u00f6lt\u00f6ztet\u0151 c\u00e9gek<\/a> sz\u00e9khelye <a href=\"https:\/\/moverdb.com\/hu\/moving-to-finland\/\" data-internallinksmanager029f6b8e52c=\"345\" title=\"Finnorsz\u00e1gba k\u00f6lt\u00f6zik? 2023 Meg\u00e9lhet\u00e9si k\u00f6lts\u00e9gek \u00e9s k\u00f6lt\u00f6z\u00e9si tippek\">Finnorsz\u00e1g<\/a> amelyek tagjai a <a href=\"https:\/\/moverdb.com\/hu\/iam\/\" data-internallinksmanager029f6b8e52c=\"23\" title=\"A K\u00f6lt\u00f6ztet\u0151k Nemzetk\u00f6zi Sz\u00f6vets\u00e9ge (IAM) magyar\u00e1zata\">K\u00f6lt\u00f6ztet\u0151k Nemzetk\u00f6zi Sz\u00f6vets\u00e9ge<\/a> (IAM) \u00e9s\/vagy <a href=\"https:\/\/moverdb.com\/hu\/fidi-faim\/\" data-internallinksmanager029f6b8e52c=\"16\" title=\"FIDI &amp; FAIM (FIDI akkredit\u00e1lt nemzetk\u00f6zi fuvaroz\u00f3) magyar\u00e1zata\">FIDI<\/a> Akkredit\u00e1lt nemzetk\u00f6zi k\u00f6lt\u00f6ztet\u0151 (FAIM), aki seg\u00edthet \u00d6nnek a k\u00f6lt\u00f6z\u00e9sben.<\/p>\n<div id=\"ez-toc-container\" class=\"ez-toc-v2_0_82_2 ez-toc-wrap-left counter-hierarchy ez-toc-counter ez-toc-transparent ez-toc-container-direction\">\n<div class=\"ez-toc-title-container\">\n<p class=\"ez-toc-title\" style=\"cursor:inherit\">Szakaszok<\/p>\n<span class=\"ez-toc-title-toggle\"><a href=\"#\" class=\"ez-toc-pull-right ez-toc-btn ez-toc-btn-xs ez-toc-btn-default ez-toc-toggle\" aria-label=\"Toggle Tartalomjegyz\u00e9k\"><span class=\"ez-toc-js-icon-con\"><span class=\"\"><span class=\"eztoc-hide\" style=\"display:none;\">Toggle<\/span><span class=\"ez-toc-icon-toggle-span\"><svg style=\"fill: #999;color:#999\" xmlns=\"http:\/\/www.w3.org\/2000\/svg\" class=\"list-377408\" width=\"20px\" height=\"20px\" viewbox=\"0 0 24 24\" fill=\"none\"><path d=\"M6 6H4v2h2V6zm14 0H8v2h12V6zM4 11h2v2H4v-2zm16 0H8v2h12v-2zM4 16h2v2H4v-2zm16 0H8v2h12v-2z\" fill=\"currentColor\"><\/path><\/svg><svg style=\"fill: #999;color:#999\" class=\"arrow-unsorted-368013\" xmlns=\"http:\/\/www.w3.org\/2000\/svg\" width=\"10px\" height=\"10px\" viewbox=\"0 0 24 24\" version=\"1.2\" baseprofile=\"tiny\"><path d=\"M18.2 9.3l-6.2-6.3-6.2 6.3c-.2.2-.3.4-.3.7s.1.5.3.7c.2.2.4.3.7.3h11c.3 0 .5-.1.7-.3.2-.2.3-.5.3-.7s-.1-.5-.3-.7zM5.8 14.7l6.2 6.3 6.2-6.3c.2-.2.3-.5.3-.7s-.1-.5-.3-.7c-.2-.2-.4-.3-.7-.3h-11c-.3 0-.5.1-.7.3-.2.2-.3.5-.3.7s.1.5.3.7z\"\/><\/svg><\/span><\/span><\/span><\/a><\/span><\/div>\n<nav><ul class='ez-toc-list ez-toc-list-level-1 eztoc-toggle-hide-by-default' ><li class='ez-toc-page-1 ez-toc-heading-level-2'><a class=\"ez-toc-link ez-toc-heading-1\" href=\"https:\/\/moverdb.com\/hu\/moving-companies\/moving-companies-finland\/#1_Travelcargo_International_Removals\" >1. Travelcargo Nemzetk\u00f6zi k\u00f6lt\u00f6ztet\u00e9s<\/a><\/li><li class='ez-toc-page-1 ez-toc-heading-level-2'><a class=\"ez-toc-link ez-toc-heading-2\" href=\"https:\/\/moverdb.com\/hu\/moving-companies\/moving-companies-finland\/#2_Niemi_Services\" >2. Niemi szolg\u00e1ltat\u00e1sok<\/a><\/li><li class='ez-toc-page-1 ez-toc-heading-level-2'><a class=\"ez-toc-link ez-toc-heading-3\" href=\"https:\/\/moverdb.com\/hu\/moving-companies\/moving-companies-finland\/#3_Pegasus_Moving\" >3. Pegazus Moving<\/a><\/li><li class='ez-toc-page-1 ez-toc-heading-level-2'><a class=\"ez-toc-link ez-toc-heading-4\" href=\"https:\/\/moverdb.com\/hu\/moving-companies\/moving-companies-finland\/#4_Victor_EK\" >4. Viktor EK<\/a><\/li><li class='ez-toc-page-1 ez-toc-heading-level-2'><a class=\"ez-toc-link ez-toc-heading-5\" href=\"https:\/\/moverdb.com\/hu\/moving-companies\/moving-companies-finland\/#Other_Useful_Guides_to_Finland\" >Egy\u00e9b hasznos finnorsz\u00e1gi \u00fatik\u00f6nyvek<\/a><\/li><\/ul><\/nav><\/div>\n<h2><span class=\"ez-toc-section\" id=\"1_Travelcargo_International_Removals\"><\/span><strong>1. Travelcargo Nemzetk\u00f6zi k\u00f6lt\u00f6ztet\u00e9s<\/strong><span class=\"ez-toc-section-end\"><\/span><\/h2>\n<p><img loading=\"lazy\" decoding=\"async\" class=\"alignnone size-full wp-image-6052\" src=\"https:\/\/moverdb.com\/wp-content\/uploads\/Travel-Cargo-international-moving-company.png\" alt=\"Travel Cargo nemzetk\u00f6zi k\u00f6lt\u00f6ztet\u0151 c\u00e9g\" width=\"1440\" height=\"672\" data-wp-pid=\"6052\" srcset=\"https:\/\/moverdb.com\/wp-content\/uploads\/Travel-Cargo-international-moving-company.png 1440w, https:\/\/moverdb.com\/wp-content\/uploads\/Travel-Cargo-international-moving-company-300x140.png 300w, https:\/\/moverdb.com\/wp-content\/uploads\/Travel-Cargo-international-moving-company-1024x478.png 1024w, https:\/\/moverdb.com\/wp-content\/uploads\/Travel-Cargo-international-moving-company-18x8.png 18w, https:\/\/moverdb.com\/wp-content\/uploads\/Travel-Cargo-international-moving-company-600x280.png 600w\" sizes=\"auto, (max-width: 1440px) 100vw, 1440px\" \/><\/p>\n<ul>\n<li>Nemzetk\u00f6zi k\u00f6lt\u00f6ztet\u00e9sek<\/li>\n<li>H\u00e1ztart\u00e1si k\u00f6lt\u00f6z\u00e9sek<\/li>\n<li>V\u00e1llalati k\u00f6lt\u00f6z\u00e9sek<\/li>\n<li>H\u00e1zt\u00f3l-h\u00e1zig szolg\u00e1ltat\u00e1s<\/li>\n<li>Professzion\u00e1lis csomagol\u00e1si szolg\u00e1ltat\u00e1s<\/li>\n<li>K\u00f6z\u00fati, l\u00e9gi \u00e9s tengeri sz\u00e1ll\u00edt\u00e1s<\/li>\n<li>V\u00e1mkezel\u00e9s<\/li>\n<li>\u00c1llatok sz\u00e1ll\u00edt\u00e1sa<\/li>\n<li>T\u00f6bbletpoggy\u00e1sz-szolg\u00e1ltat\u00e1s<\/li>\n<li>V\u00e1s\u00e1rok \u00e9s rendezv\u00e9nyek<\/li>\n<\/ul>\n<p>A Travelcargo International Removals egy 2005-ben alap\u00edtott helsinki sz\u00e9khely\u0171 k\u00f6lt\u00f6ztet\u0151 \u00e9s logisztikai v\u00e1llalat. Az ATC Global Solutions egyik r\u00e9szlege. A vil\u00e1g t\u00f6bb mint 180 orsz\u00e1g\u00e1ba k\u00edn\u00e1lnak k\u00f6lt\u00f6ztet\u00e9si szolg\u00e1ltat\u00e1sokat m\u00e1s nemzetk\u00f6zi k\u00f6lt\u00f6ztet\u0151kkel val\u00f3 partners\u00e9gen kereszt\u00fcl. Az IAM tagjak\u00e9nt 17 \u00e9ves szolg\u00e1lati id\u0151vel rendelkeznek, \u00e9s a FIDI \u00e1ltal akkredit\u00e1ltak.<\/p>\n<p>A Travelcargo a k\u00f6lt\u00f6z\u00e9s el\u0151tti felm\u00e9r\u00e9st k\u00edn\u00e1l, hogy felm\u00e9rje az \u00d6n ig\u00e9nyeit, \u00e9s h\u00e1zhoz men\u0151 szolg\u00e1ltat\u00e1ssal int\u00e9zkedjen a k\u00f6lt\u00f6z\u00e9sr\u0151l. Profi csomagol\u00f3kat biztos\u00edtanak, akik kiv\u00e1l\u00f3 min\u0151s\u00e9g\u0171 csomagol\u00f3anyagok felhaszn\u00e1l\u00e1s\u00e1val biztons\u00e1gosan becsomagolj\u00e1k a holmij\u00e1t. Megszervezik a k\u00f6z\u00fati, l\u00e9gi \u00e9s tengeri sz\u00e1ll\u00edt\u00e1st v\u00e1mkezel\u00e9ssel egy\u00fctt.<\/p>\n<p>Weboldal: <a href=\"http:\/\/www.travelcargo.fi\" target=\"_blank\" rel=\"noopener\">http:\/\/www.travelcargo.fi<\/a><\/p>\n<h2><span class=\"ez-toc-section\" id=\"2_Niemi_Services\"><\/span><strong>2. Niemi szolg\u00e1ltat\u00e1sok<\/strong><span class=\"ez-toc-section-end\"><\/span><\/h2>\n<p><img loading=\"lazy\" decoding=\"async\" class=\"alignnone size-full wp-image-5986\" src=\"https:\/\/moverdb.com\/wp-content\/uploads\/Niemi-Services-international-moving-company.png\" alt=\"Niemi Services nemzetk\u00f6zi k\u00f6lt\u00f6ztet\u0151 c\u00e9g\" width=\"1440\" height=\"683\" data-wp-pid=\"5986\" srcset=\"https:\/\/moverdb.com\/wp-content\/uploads\/Niemi-Services-international-moving-company.png 1440w, https:\/\/moverdb.com\/wp-content\/uploads\/Niemi-Services-international-moving-company-300x142.png 300w, https:\/\/moverdb.com\/wp-content\/uploads\/Niemi-Services-international-moving-company-1024x486.png 1024w, https:\/\/moverdb.com\/wp-content\/uploads\/Niemi-Services-international-moving-company-18x9.png 18w, https:\/\/moverdb.com\/wp-content\/uploads\/Niemi-Services-international-moving-company-600x285.png 600w\" sizes=\"auto, (max-width: 1440px) 100vw, 1440px\" \/><\/p>\n<ul>\n<li>Nemzeti l\u00e9p\u00e9sek<\/li>\n<li>Nemzetk\u00f6zi k\u00f6lt\u00f6z\u00e9sek<\/li>\n<li>Lakoss\u00e1gi k\u00f6lt\u00f6z\u00e9sek<\/li>\n<li>V\u00e1llalati k\u00f6lt\u00f6z\u00e9sek<\/li>\n<li>A mozg\u00f3 csomag szintj\u00e9nek kiv\u00e1laszt\u00e1sa<\/li>\n<li>Csomagol\u00e1si szolg\u00e1ltat\u00e1sok<\/li>\n<li>K\u00f6z\u00fati, tengeri \u00e9s l\u00e9gi sz\u00e1ll\u00edtm\u00e1nyoz\u00e1s<\/li>\n<li>V\u00e1mkezel\u00e9s<\/li>\n<li>Biztos\u00edt\u00e1s<\/li>\n<li>R\u00f6vid \u00e9s hossz\u00fa t\u00e1v\u00fa t\u00e1rol\u00f3 l\u00e9tes\u00edtm\u00e9nyek<\/li>\n<\/ul>\n<p>A Niemi Services egy k\u00f6lt\u00f6ztet\u00e9si \u00e9s logisztikai v\u00e1llalat, amely Helsinkiben, Jyvaskyl\u00e1ban \u00e9s Kuopi\u00f3ban rendelkezik operat\u00edv k\u00f6zpontokkal, <a href=\"https:\/\/www.niemi.fi\/en\/about_us\/offices\/niemi_lahti\" target=\"_blank\" rel=\"noopener\">Lahti<\/a>,&nbsp;<a href=\"https:\/\/www.niemi.fi\/en\/about_us\/offices\/niemi_oulu\" target=\"_blank\" rel=\"noopener\">Oulu<\/a>,&nbsp;<a href=\"https:\/\/www.niemi.fi\/en\/about_us\/offices\/niemi_tampere\" target=\"_blank\" rel=\"noopener\">Tampere<\/a>,&nbsp;<a href=\"https:\/\/www.niemi.fi\/en\/about_us\/offices\/niemi_turku\" target=\"_blank\" rel=\"noopener\">Turku<\/a>, \u00e9s&nbsp;<a href=\"https:\/\/www.niemi.fi\/en\/about_us\/offices\/niemi_vaasa\" target=\"_blank\" rel=\"noopener\">Vaasa<\/a>. A nemzetk\u00f6zi k\u00f6lt\u00f6ztet\u0151 \u00fcgyn\u00f6k\u00f6kkel egy\u00fcttm\u0171k\u00f6dve az eg\u00e9sz vil\u00e1gon k\u00edn\u00e1lnak k\u00f6lt\u00f6z\u00e9seket. Tagjai az IAM-nek 41 \u00e9ves szolg\u00e1lati id\u0151vel, \u00e9s a FIDI \u00e1ltal akkredit\u00e1ltak.<\/p>\n<p>A Niemi Services a k\u00f6lt\u00f6ztet\u0151 dobozok b\u00e9rl\u00e9s\u00e9t\u0151l a teljes k\u00f6r\u0171 k\u00f6lt\u00f6ztet\u00e9sig sz\u00e1mos k\u00f6lt\u00f6ztet\u00e9si szolg\u00e1ltat\u00e1st k\u00edn\u00e1l. Ingyenes felm\u00e9r\u00e9st \u00e9s tervez\u00e9si l\u00e1togat\u00e1st k\u00edn\u00e1lnak a k\u00f6lt\u00f6z\u00e9s el\u0151k\u00e9sz\u00edt\u00e9s\u00e9hez. Saj\u00e1t j\u00e1rm\u0171flott\u00e1t haszn\u00e1lnak, \u00e9s l\u00e9gi \u00e9s tengeri sz\u00e1ll\u00edt\u00e1st is k\u00edn\u00e1lnak egyetlen t\u00e1rgyt\u00f3l a teljes kont\u00e9nerekig.<\/p>\n<p>Weboldal: <a href=\"http:\/\/www.niemi.fi\/en\" target=\"_blank\" rel=\"noopener\">http:\/\/www.niemi.fi\/en<\/a><\/p>\n<h2><span class=\"ez-toc-section\" id=\"3_Pegasus_Moving\"><\/span><strong>3. Pegazus Moving<\/strong><span class=\"ez-toc-section-end\"><\/span><\/h2>\n<p><img loading=\"lazy\" decoding=\"async\" class=\"alignnone size-full wp-image-5991\" src=\"https:\/\/moverdb.com\/wp-content\/uploads\/Pegasus-Moving-international-moving-company.png\" alt=\"Pegasus Moving nemzetk\u00f6zi k\u00f6lt\u00f6ztet\u0151 c\u00e9g\" width=\"1440\" height=\"682\" data-wp-pid=\"5991\" srcset=\"https:\/\/moverdb.com\/wp-content\/uploads\/Pegasus-Moving-international-moving-company.png 1440w, https:\/\/moverdb.com\/wp-content\/uploads\/Pegasus-Moving-international-moving-company-300x142.png 300w, https:\/\/moverdb.com\/wp-content\/uploads\/Pegasus-Moving-international-moving-company-1024x485.png 1024w, https:\/\/moverdb.com\/wp-content\/uploads\/Pegasus-Moving-international-moving-company-18x9.png 18w, https:\/\/moverdb.com\/wp-content\/uploads\/Pegasus-Moving-international-moving-company-600x284.png 600w\" sizes=\"auto, (max-width: 1440px) 100vw, 1440px\" \/><\/p>\n<ul>\n<li>Nemzeti l\u00e9p\u00e9sek<\/li>\n<li>Nemzetk\u00f6zi k\u00f6lt\u00f6z\u00e9sek<\/li>\n<li>H\u00e1ztart\u00e1si k\u00f6lt\u00f6z\u00e9sek<\/li>\n<li>K\u00f6lt\u00f6ztet\u00e9si szolg\u00e1ltat\u00e1sok<\/li>\n<li>Szem\u00e9lyre szabott szolg\u00e1ltat\u00e1sok<\/li>\n<li>Csomagol\u00e1si szolg\u00e1ltat\u00e1sok<\/li>\n<li>Egyedi gy\u00e1rt\u00e1s\u00fa sz\u00e1ll\u00edt\u00f3dobozok<\/li>\n<li>V\u00e1mt\u00e1mogat\u00e1s<\/li>\n<li>Aut\u00f3sz\u00e1ll\u00edt\u00e1s<\/li>\n<li>R\u00f6vid \u00e9s hossz\u00fa t\u00e1v\u00fa t\u00e1rol\u00e1s<\/li>\n<\/ul>\n<p>A Pegasus Moving egy t\u00f6bb mint 20 \u00e9ves tapasztalattal rendelkez\u0151 k\u00f6lt\u00f6ztet\u0151 \u00e9s logisztikai v\u00e1llalat, amelynek sz\u00e9khelye Helsinkiben tal\u00e1lhat\u00f3. M\u00e1s k\u00f6lt\u00f6ztet\u0151kkel egy\u00fcttm\u0171k\u00f6dve nemzetk\u00f6zi k\u00f6lt\u00f6ztet\u00e9seket bonyol\u00edtanak le. Az IAM tagjak\u00e9nt 11 \u00e9ves szolg\u00e1lati id\u0151vel rendelkeznek.<\/p>\n<p>A Pegasus Moving k\u00f6lt\u00f6z\u00e9si vizsg\u00e1latokat k\u00edn\u00e1l, hogy meg\u00e1llap\u00edtsa, milyen ig\u00e9nyei vannak, \u00e9s csomagol\u00e1si szolg\u00e1ltat\u00e1sokat is ny\u00fajtanak a holmij\u00e1nak v\u00e9delme \u00e9rdek\u00e9ben. Az \u00d6n ig\u00e9nyeihez igazodva megszervezik a k\u00f6lt\u00f6z\u00e9s minden aspektus\u00e1t, \u00e9s seg\u00edtenek \u00d6nnek a v\u00e1mk\u00f6vetelm\u00e9nyekkel kapcsolatban. Olyan kieg\u00e9sz\u00edt\u0151 szolg\u00e1ltat\u00e1sokat is k\u00edn\u00e1lnak, mint a v\u00e9gtakar\u00edt\u00e1s, a hullad\u00e9k elsz\u00e1ll\u00edt\u00e1sa, a r\u00e9gi b\u00fatorok \u00fajrahasznos\u00edt\u00e1sa, az elektromos k\u00e9sz\u00fcl\u00e9kek beszerel\u00e9se \u00e9s a t\u00e1rol\u00e1si lehet\u0151s\u00e9gek.<\/p>\n<p>Weboldal: <a href=\"http:\/\/www.pegasusmoving.fi\" target=\"_blank\" rel=\"noopener\">http:\/\/www.pegasusmoving.fi<\/a><\/p>\n<h2><span class=\"ez-toc-section\" id=\"4_Victor_EK\"><\/span><strong>4. Viktor EK<\/strong><span class=\"ez-toc-section-end\"><\/span><\/h2>\n<p><img loading=\"lazy\" decoding=\"async\" class=\"alignnone size-full wp-image-6010\" src=\"https:\/\/moverdb.com\/wp-content\/uploads\/Victor-EK-international-moving-company.png\" alt=\"Victor EK nemzetk\u00f6zi k\u00f6lt\u00f6ztet\u0151 c\u00e9g\" width=\"1440\" height=\"682\" data-wp-pid=\"6010\" srcset=\"https:\/\/moverdb.com\/wp-content\/uploads\/Victor-EK-international-moving-company.png 1440w, https:\/\/moverdb.com\/wp-content\/uploads\/Victor-EK-international-moving-company-300x142.png 300w, https:\/\/moverdb.com\/wp-content\/uploads\/Victor-EK-international-moving-company-1024x485.png 1024w, https:\/\/moverdb.com\/wp-content\/uploads\/Victor-EK-international-moving-company-18x9.png 18w, https:\/\/moverdb.com\/wp-content\/uploads\/Victor-EK-international-moving-company-600x284.png 600w\" sizes=\"auto, (max-width: 1440px) 100vw, 1440px\" \/><\/p>\n<ul>\n<li>Nemzeti l\u00e9p\u00e9sek<\/li>\n<li>Nemzetk\u00f6zi k\u00f6lt\u00f6z\u00e9sek<\/li>\n<li>H\u00e1ztart\u00e1si k\u00f6lt\u00f6z\u00e9sek<\/li>\n<li>V\u00e1llalat \u00e1thelyez\u00e9sek<\/li>\n<li>Csomagol\u00e1si szolg\u00e1ltat\u00e1s<\/li>\n<li>Sz\u00e1razf\u00f6ldi, tengeri \u00e9s l\u00e9gi sz\u00e1ll\u00edt\u00e1s<\/li>\n<li>V\u00e1mkezel\u00e9s<\/li>\n<li>Biztos\u00edt\u00e1s<\/li>\n<li>Aut\u00f3sz\u00e1ll\u00edt\u00e1s<\/li>\n<li>Rakt\u00e1roz\u00e1si lehet\u0151s\u00e9gek<\/li>\n<\/ul>\n<p>A Victor EK egy 1885-ben alap\u00edtott csal\u00e1di tulajdonban l\u00e9v\u0151 sz\u00e1ll\u00edtm\u00e1nyoz\u00e1si \u00e9s logisztikai v\u00e1llalat, amelynek irod\u00e1i Helsinkiben, Tamper\u00e9ben \u00e9s Hank\u00f3ban tal\u00e1lhat\u00f3k. Hossz\u00fa t\u00e1v\u00fa kapcsolatokat \u00e1polnak haj\u00f3z\u00e1si t\u00e1rsas\u00e1gokkal \u00e9s nemzetk\u00f6zi szervezetekkel, hogy szolg\u00e1ltat\u00e1saikat a vil\u00e1g minden t\u00e1j\u00e1n ny\u00fajthass\u00e1k. Tagjai a <a href=\"https:\/\/moverdb.com\/hu\/harmony-relocation-network\/\" data-internallinksmanager029f6b8e52c=\"20\" title=\"A Harmony Relocation Network (HRN) magyar\u00e1zata\">Harmony Relocation Network<\/a> ad IAM 129 \u00e9ves szolg\u00e1lati id\u0151vel \u00e9s a FIDI \u00e1ltal akkredit\u00e1lt.<\/p>\n<p>A Victor EK ingyenes k\u00f6lt\u00f6z\u00e9si ellen\u0151rz\u00e9st k\u00edn\u00e1l az \u00d6n ig\u00e9nyeinek felt\u00e1r\u00e1s\u00e1ra. Csomagol\u00e1si szolg\u00e1ltat\u00e1st is ny\u00fajtanak, ha ig\u00e9nyli. Megszervezik a holmij\u00e1nak sz\u00e1razf\u00f6ldi, l\u00e9gi vagy tengeri sz\u00e1ll\u00edt\u00e1s\u00e1t, \u00e9s seg\u00edtenek a v\u00e1mkezel\u00e9sben \u00e9s a biztos\u00edt\u00e1sban. Takar\u00edt\u00e1si szolg\u00e1ltat\u00e1sokat is k\u00edn\u00e1lnak, amikor elhagyja otthon\u00e1t.<\/p>\n<p>Weboldal: <a href=\"http:\/\/www.victorek.fi\" target=\"_blank\" rel=\"noopener\">http:\/\/www.victorek.fi<\/a><\/p>\n<h2><span class=\"ez-toc-section\" id=\"Other_Useful_Guides_to_Finland\"><\/span>Egy\u00e9b hasznos finnorsz\u00e1gi \u00fatik\u00f6nyvek<span class=\"ez-toc-section-end\"><\/span><\/h2>\n<ul>\n<li> <a href=\"https:\/\/moverdb.com\/hu\/moving-to-finland\/\">Finnorsz\u00e1gba k\u00f6lt\u00f6zik? 2023 Meg\u00e9lhet\u00e9si k\u00f6lts\u00e9gek \u00e9s k\u00f6lt\u00f6z\u00e9si tippek<\/a><\/li>\n<li> <a href=\"https:\/\/moverdb.com\/hu\/moving-to-finland\/best-places-to-live-finland\/\">12 Legjobb helyek Finnorsz\u00e1gban \u00e9lni<\/a><\/li>\n<li> <a href=\"https:\/\/moverdb.com\/hu\/moving-to-finland\/living-in-finland\/\">21 titok a finnorsz\u00e1gi \u00e9letr\u0151l, amit tudnod kell k\u00f6lt\u00f6z\u00e9s el\u0151tt<\/a><\/li>\n<li> <a href=\"https:\/\/moverdb.com\/hu\/kontenerszallitas\/finnorszag\/\">2024 Tengeri tehersz\u00e1ll\u00edt\u00e1si kont\u00e9ner \u00e1rak Finnorsz\u00e1gba \u00e9s Finnorsz\u00e1gb\u00f3l<\/a><\/li>\n<\/ul>","protected":false},"excerpt":{"rendered":"<p>Moving home or business premises can be a stressful time as there is so much to arrange, especially if you are moving to another country. So, engaging the services of a moving company can help lighten the load as they can make all the arrangements for you and assist you in navigating through the paperwork. [&hellip;]<\/p>\n","protected":false},"author":4,"featured_media":0,"parent":190,"menu_order":0,"comment_status":"closed","ping_status":"closed","template":"","meta":{"_genesis_hide_title":false,"_genesis_hide_breadcrumbs":false,"_genesis_hide_singular_image":false,"_genesis_hide_footer_widgets":false,"_genesis_custom_body_class":"","_genesis_custom_post_class":"","_genesis_layout":"","footnotes":""},"class_list":{"0":"post-6051","1":"page","2":"type-page","3":"status-publish","5":"entry","6":"has-post-thumbnail"},"_links":{"self":[{"href":"https:\/\/moverdb.com\/hu\/wp-json\/wp\/v2\/pages\/6051","targetHints":{"allow":["GET"]}}],"collection":[{"href":"https:\/\/moverdb.com\/hu\/wp-json\/wp\/v2\/pages"}],"about":[{"href":"https:\/\/moverdb.com\/hu\/wp-json\/wp\/v2\/types\/page"}],"author":[{"embeddable":true,"href":"https:\/\/moverdb.com\/hu\/wp-json\/wp\/v2\/users\/4"}],"replies":[{"embeddable":true,"href":"https:\/\/moverdb.com\/hu\/wp-json\/wp\/v2\/comments?post=6051"}],"version-history":[{"count":3,"href":"https:\/\/moverdb.com\/hu\/wp-json\/wp\/v2\/pages\/6051\/revisions"}],"predecessor-version":[{"id":16285,"href":"https:\/\/moverdb.com\/hu\/wp-json\/wp\/v2\/pages\/6051\/revisions\/16285"}],"up":[{"embeddable":true,"href":"https:\/\/moverdb.com\/hu\/wp-json\/wp\/v2\/pages\/190"}],"wp:attachment":[{"href":"https:\/\/moverdb.com\/hu\/wp-json\/wp\/v2\/media?parent=6051"}],"curies":[{"name":"wp","href":"https:\/\/api.w.org\/{rel}","templated":true}]}}