{"id":6043,"date":"2023-02-01T13:40:56","date_gmt":"2023-02-01T13:40:56","guid":{"rendered":"https:\/\/moverdb.com\/?page_id=6043"},"modified":"2026-01-08T15:24:40","modified_gmt":"2026-01-08T15:24:40","slug":"moving-companies-estonia","status":"publish","type":"page","link":"https:\/\/moverdb.com\/hu\/moving-companies\/moving-companies-estonia\/","title":{"rendered":"A 4 legjobb nemzetk\u00f6zi k\u00f6lt\u00f6ztet\u0151 c\u00e9g \u00c9sztorsz\u00e1gban"},"content":{"rendered":"<p>A k\u00f6lt\u00f6z\u00e9s stresszes id\u0151szak lehet, ak\u00e1r otthonr\u00f3l, ak\u00e1r v\u00e1llalkoz\u00e1s\u00e1r\u00f3l van sz\u00f3. Sokan ig\u00e9nybe veszik egy k\u00f6lt\u00f6ztet\u0151 szolg\u00e1ltat\u00e1sait. <a href=\"https:\/\/moverdb.com\/hu\/moving-companies\/\" data-internallinksmanager029f6b8e52c=\"79\" title=\"Top 25 nemzetk\u00f6zi k\u00f6lt\u00f6ztet\u0151 c\u00e9gek online\">k\u00f6lt\u00f6ztet\u0151 c\u00e9g<\/a> mivel biztons\u00e1gosan tudj\u00e1k mozgatni a holmij\u00e1t, \u00e9s cs\u00f6kkentik a k\u00f6lt\u00f6z\u00e9ssel j\u00e1r\u00f3 stresszt. Az al\u00e1bbiakban \u00f6ssze\u00e1ll\u00edtottunk egy list\u00e1t az \u00e9szt <a href=\"https:\/\/moverdb.com\/hu\/international-removals\/\" data-internallinksmanager029f6b8e52c=\"27\" title=\"36 legjobb nemzetk\u00f6zi k\u00f6lt\u00f6ztet\u0151 c\u00e9gek az Egyes\u00fclt Kir\u00e1lys\u00e1gban\">k\u00f6lt\u00f6ztet\u0151 c\u00e9gek<\/a> amelyek tagjai a <a href=\"https:\/\/moverdb.com\/hu\/iam\/\" data-internallinksmanager029f6b8e52c=\"23\" title=\"A K\u00f6lt\u00f6ztet\u0151k Nemzetk\u00f6zi Sz\u00f6vets\u00e9ge (IAM) magyar\u00e1zata\">K\u00f6lt\u00f6ztet\u0151k Nemzetk\u00f6zi Sz\u00f6vets\u00e9ge<\/a> (IAM) \u00e9s\/vagy <a href=\"https:\/\/moverdb.com\/hu\/fidi-faim\/\" data-internallinksmanager029f6b8e52c=\"16\" title=\"FIDI &amp; FAIM (FIDI akkredit\u00e1lt nemzetk\u00f6zi fuvaroz\u00f3) magyar\u00e1zata\">FIDI<\/a> Akkredit\u00e1lt nemzetk\u00f6zi k\u00f6lt\u00f6ztet\u0151 (FAIM), aki seg\u00edthet a k\u00f6lt\u00f6z\u00e9sben.<\/p>\n<div id=\"ez-toc-container\" class=\"ez-toc-v2_0_82_2 ez-toc-wrap-left counter-hierarchy ez-toc-counter ez-toc-transparent ez-toc-container-direction\">\n<div class=\"ez-toc-title-container\">\n<p class=\"ez-toc-title\" style=\"cursor:inherit\">Szakaszok<\/p>\n<span class=\"ez-toc-title-toggle\"><a href=\"#\" class=\"ez-toc-pull-right ez-toc-btn ez-toc-btn-xs ez-toc-btn-default ez-toc-toggle\" aria-label=\"Toggle Tartalomjegyz\u00e9k\"><span class=\"ez-toc-js-icon-con\"><span class=\"\"><span class=\"eztoc-hide\" style=\"display:none;\">Toggle<\/span><span class=\"ez-toc-icon-toggle-span\"><svg style=\"fill: #999;color:#999\" xmlns=\"http:\/\/www.w3.org\/2000\/svg\" class=\"list-377408\" width=\"20px\" height=\"20px\" viewbox=\"0 0 24 24\" fill=\"none\"><path d=\"M6 6H4v2h2V6zm14 0H8v2h12V6zM4 11h2v2H4v-2zm16 0H8v2h12v-2zM4 16h2v2H4v-2zm16 0H8v2h12v-2z\" fill=\"currentColor\"><\/path><\/svg><svg style=\"fill: #999;color:#999\" class=\"arrow-unsorted-368013\" xmlns=\"http:\/\/www.w3.org\/2000\/svg\" width=\"10px\" height=\"10px\" viewbox=\"0 0 24 24\" version=\"1.2\" baseprofile=\"tiny\"><path d=\"M18.2 9.3l-6.2-6.3-6.2 6.3c-.2.2-.3.4-.3.7s.1.5.3.7c.2.2.4.3.7.3h11c.3 0 .5-.1.7-.3.2-.2.3-.5.3-.7s-.1-.5-.3-.7zM5.8 14.7l6.2 6.3 6.2-6.3c.2-.2.3-.5.3-.7s-.1-.5-.3-.7c-.2-.2-.4-.3-.7-.3h-11c-.3 0-.5.1-.7.3-.2.2-.3.5-.3.7s.1.5.3.7z\"\/><\/svg><\/span><\/span><\/span><\/a><\/span><\/div>\n<nav><ul class='ez-toc-list ez-toc-list-level-1 eztoc-toggle-hide-by-default' ><li class='ez-toc-page-1 ez-toc-heading-level-2'><a class=\"ez-toc-link ez-toc-heading-1\" href=\"https:\/\/moverdb.com\/hu\/moving-companies\/moving-companies-estonia\/#1_Adduco\" >1. Adduco<\/a><\/li><li class='ez-toc-page-1 ez-toc-heading-level-2'><a class=\"ez-toc-link ez-toc-heading-2\" href=\"https:\/\/moverdb.com\/hu\/moving-companies\/moving-companies-estonia\/#2_AVA_Express\" >2. AVA Express<\/a><\/li><li class='ez-toc-page-1 ez-toc-heading-level-2'><a class=\"ez-toc-link ez-toc-heading-3\" href=\"https:\/\/moverdb.com\/hu\/moving-companies\/moving-companies-estonia\/#3_MoveMaster\" >3. MoveMaster<\/a><\/li><li class='ez-toc-page-1 ez-toc-heading-level-2'><a class=\"ez-toc-link ez-toc-heading-4\" href=\"https:\/\/moverdb.com\/hu\/moving-companies\/moving-companies-estonia\/#4_KLG_Estonia\" >4. KLG \u00c9sztorsz\u00e1g<\/a><\/li><li class='ez-toc-page-1 ez-toc-heading-level-2'><a class=\"ez-toc-link ez-toc-heading-5\" href=\"https:\/\/moverdb.com\/hu\/moving-companies\/moving-companies-estonia\/#Other_Useful_Guides_to_Estonia\" >Egy\u00e9b hasznos \u00fatmutat\u00f3k \u00c9sztorsz\u00e1gr\u00f3l<\/a><\/li><\/ul><\/nav><\/div>\n<h2><span class=\"ez-toc-section\" id=\"1_Adduco\"><\/span><strong>1. Adduco<\/strong><span class=\"ez-toc-section-end\"><\/span><\/h2>\n<p><img loading=\"lazy\" decoding=\"async\" class=\"alignnone size-full wp-image-6044\" src=\"https:\/\/moverdb.com\/wp-content\/uploads\/Adduco-international-moving-company.png\" alt=\"Adduco nemzetk\u00f6zi k\u00f6lt\u00f6ztet\u0151 c\u00e9g\" width=\"1440\" height=\"629\" data-wp-pid=\"6044\" srcset=\"https:\/\/moverdb.com\/wp-content\/uploads\/Adduco-international-moving-company.png 1440w, https:\/\/moverdb.com\/wp-content\/uploads\/Adduco-international-moving-company-300x131.png 300w, https:\/\/moverdb.com\/wp-content\/uploads\/Adduco-international-moving-company-1024x447.png 1024w, https:\/\/moverdb.com\/wp-content\/uploads\/Adduco-international-moving-company-18x8.png 18w, https:\/\/moverdb.com\/wp-content\/uploads\/Adduco-international-moving-company-600x262.png 600w\" sizes=\"auto, (max-width: 1440px) 100vw, 1440px\" \/><\/p>\n<ul>\n<li>Neh\u00e9z t\u00e1rgyak mozgat\u00e1sa<\/li>\n<li>Nemzetk\u00f6zi k\u00f6lt\u00f6z\u00e9sek<\/li>\n<li>H\u00e1ztart\u00e1si k\u00f6lt\u00f6z\u00e9sek<\/li>\n<li>\u00dczleti l\u00e9p\u00e9sek<\/li>\n<li>Csomagol\u00e1si szolg\u00e1ltat\u00e1s<\/li>\n<li>Tervezze meg \u00fatiterv\u00e9t \u00e9s k\u00f6zleked\u00e9s\u00e9t<\/li>\n<li>T\u00e1mogat\u00e1s dokument\u00e1ci\u00f3val<\/li>\n<li>Sz\u00e9pm\u0171v\u00e9szeti sz\u00e1ll\u00edt\u00e1s<\/li>\n<li>Biztos\u00edt\u00e1s<\/li>\n<li>T\u00e1rol\u00e1si megold\u00e1sok<\/li>\n<\/ul>\n<p>Az Adduco egy k\u00f6lt\u00f6ztet\u00e9si szolg\u00e1ltat\u00f3, amely 2006 \u00f3ta seg\u00edt az embereknek a k\u00f6lt\u00f6z\u00e9sben, \u00e9s Tallinnban \u00e9s Tartuban van irod\u00e1juk. Az IAM tagjak\u00e9nt 16 \u00e9ves szolg\u00e1lati id\u0151vel rendelkeznek, ami hozz\u00e1f\u00e9r\u00e9st biztos\u00edt sz\u00e1mukra a k\u00f6lt\u00f6ztet\u0151k nemzetk\u00f6zi h\u00e1l\u00f3zat\u00e1hoz, hogy seg\u00edtsenek a vil\u00e1gm\u00e9ret\u0171 k\u00f6lt\u00f6z\u00e9sekben.<\/p>\n<p>Az Adduco olyan k\u00f6lt\u00f6ztet\u00e9si szolg\u00e1ltat\u00e1st k\u00edn\u00e1l, amely mag\u00e1ban foglalja a lomtalan\u00edt\u00e1si szolg\u00e1ltat\u00e1st is, hogy seg\u00edtsen cs\u00f6kkenteni a k\u00f6lt\u00f6z\u00e9s sor\u00e1n mag\u00e1val vitt t\u00e1rgyak mennyis\u00e9g\u00e9t. Gondosan ir\u00e1ny\u00edtj\u00e1k a k\u00f6lt\u00f6z\u00e9st, megtervezik az \u00fatvonalat, elk\u00e9sz\u00edtik a sz\u00fcks\u00e9ges dokumentumokat \u00e9s a biztos\u00edt\u00e1st. Emellett biztons\u00e1gosan becsomagolj\u00e1k \u00e9s elsz\u00e1ll\u00edtj\u00e1k a holmij\u00e1t, miel\u0151tt a c\u00e9l\u00e1llom\u00e1son kicsomagoln\u00e1k.<\/p>\n<p>Weboldal: <a href=\"https:\/\/adduco.ee\/en\/\" target=\"_blank\" rel=\"noopener\">https:\/\/adduco.ee\/en\/<\/a><\/p>\n<h2><span class=\"ez-toc-section\" id=\"2_AVA_Express\"><\/span><strong>2. AVA Express<\/strong><span class=\"ez-toc-section-end\"><\/span><\/h2>\n<p><img loading=\"lazy\" decoding=\"async\" class=\"alignnone size-full wp-image-5928\" src=\"https:\/\/moverdb.com\/wp-content\/uploads\/AVA-Express-international-moving-company.png\" alt=\"AVA Express nemzetk\u00f6zi k\u00f6lt\u00f6ztet\u0151 c\u00e9g\" width=\"1440\" height=\"712\" data-wp-pid=\"5928\" srcset=\"https:\/\/moverdb.com\/wp-content\/uploads\/AVA-Express-international-moving-company.png 1440w, https:\/\/moverdb.com\/wp-content\/uploads\/AVA-Express-international-moving-company-300x148.png 300w, https:\/\/moverdb.com\/wp-content\/uploads\/AVA-Express-international-moving-company-1024x506.png 1024w, https:\/\/moverdb.com\/wp-content\/uploads\/AVA-Express-international-moving-company-18x9.png 18w, https:\/\/moverdb.com\/wp-content\/uploads\/AVA-Express-international-moving-company-600x297.png 600w\" sizes=\"auto, (max-width: 1440px) 100vw, 1440px\" \/><\/p>\n<ul>\n<li>Nemzeti l\u00e9p\u00e9sek<\/li>\n<li>Nemzetk\u00f6zi k\u00f6lt\u00f6z\u00e9sek<\/li>\n<li>H\u00e1ztart\u00e1si k\u00f6lt\u00f6z\u00e9sek<\/li>\n<li>Irodai k\u00f6lt\u00f6z\u00e9sek<\/li>\n<li>Speci\u00e1lis sz\u00e1ll\u00edt\u00e1s \u00e9s felszerel\u00e9s<\/li>\n<li>Csomagol\u00e1si szolg\u00e1ltat\u00e1sok<\/li>\n<li>Sz\u00e1ll\u00edt\u00e1si meg\u00e1llapod\u00e1sok<\/li>\n<li>Neh\u00e9z t\u00e1rgyak mozgat\u00e1sa<\/li>\n<li>A m\u0171v\u00e9szet sz\u00e1ll\u00edt\u00e1sa<\/li>\n<li>Ideiglenes t\u00e1rol\u00e1si megold\u00e1sok<\/li>\n<\/ul>\n<p>Az AVA Express egy \u00e9szt k\u00f6lt\u00f6ztet\u0151 c\u00e9g, amely t\u00f6bb mint 20 \u00e9ves tapasztalattal rendelkezik a h\u00e1ztart\u00e1si \u00e9s irodai k\u00f6lt\u00f6ztet\u00e9sek lebonyol\u00edt\u00e1s\u00e1ban. Nemzetk\u00f6zi k\u00f6lt\u00f6ztet\u00e9si \u00fcgyn\u00f6k\u00f6kkel dolgoznak egy\u00fctt, hogy vil\u00e1gm\u00e9ret\u0171 k\u00f6lt\u00f6ztet\u00e9st biztos\u00edtsanak, \u00e9s az IAM tagjai. Saj\u00e1t k\u00f6z\u00fati flott\u00e1val rendelkeznek a k\u00f6lt\u00f6ztet\u00e9sek lebonyol\u00edt\u00e1s\u00e1hoz. <a href=\"https:\/\/moverdb.com\/hu\/moving-to-estonia\/\" data-internallinksmanager029f6b8e52c=\"430\" title=\"\u00c9sztorsz\u00e1gba k\u00f6lt\u00f6zik? 2023 Meg\u00e9lhet\u00e9si k\u00f6lts\u00e9gek \u00e9s k\u00f6lt\u00f6z\u00e9si tippek\">\u00c9sztorsz\u00e1g<\/a>.<\/p>\n<p>Az AVA Express szem\u00e9lyre szabott \u00e1raj\u00e1nlatot k\u00edn\u00e1l k\u00f6lt\u00f6ztet\u00e9si szolg\u00e1ltat\u00e1saira h\u00e1ztart\u00e1sok \u00e9s v\u00e1llalkoz\u00e1sok sz\u00e1m\u00e1ra. A k\u00f6lt\u00f6z\u00e9shez minden csomagol\u00f3anyagot biztos\u00edtanak, \u00e9s ha sz\u00fcks\u00e9ges, a holmij\u00e1t is becsomagolj\u00e1k \u00d6nnek. Megszervezik a holmij\u00e1nak sz\u00e1ll\u00edt\u00e1s\u00e1t, bele\u00e9rtve a m\u0171t\u00e1rgyakat vagy neh\u00e9z t\u00e1rgyakat is, biztons\u00e1gosan a c\u00e9l\u00e1llom\u00e1sra \u00c9sztorsz\u00e1gon bel\u00fcl vagy nemzetk\u00f6zi viszonylatban.<\/p>\n<p>Weboldal: <a href=\"http:\/\/www.ava.ee\" target=\"_blank\" rel=\"noopener\">http:\/\/www.ava.ee<\/a><\/p>\n<h2><span class=\"ez-toc-section\" id=\"3_MoveMaster\"><\/span><strong>3. MoveMaster<\/strong><span class=\"ez-toc-section-end\"><\/span><\/h2>\n<p><img loading=\"lazy\" decoding=\"async\" class=\"alignnone size-full wp-image-5976\" src=\"https:\/\/moverdb.com\/wp-content\/uploads\/MoveMaster-international-moving-company.png\" alt=\"MoveMaster nemzetk\u00f6zi k\u00f6lt\u00f6ztet\u0151 c\u00e9g\" width=\"1440\" height=\"713\" data-wp-pid=\"5976\" srcset=\"https:\/\/moverdb.com\/wp-content\/uploads\/MoveMaster-international-moving-company.png 1440w, https:\/\/moverdb.com\/wp-content\/uploads\/MoveMaster-international-moving-company-300x149.png 300w, https:\/\/moverdb.com\/wp-content\/uploads\/MoveMaster-international-moving-company-1024x507.png 1024w, https:\/\/moverdb.com\/wp-content\/uploads\/MoveMaster-international-moving-company-18x9.png 18w, https:\/\/moverdb.com\/wp-content\/uploads\/MoveMaster-international-moving-company-600x297.png 600w\" sizes=\"auto, (max-width: 1440px) 100vw, 1440px\" \/><\/p>\n<ul>\n<li>Helyi \u00e9s orsz\u00e1gos k\u00f6lt\u00f6z\u00e9sek<\/li>\n<li>Nemzetk\u00f6zi k\u00f6lt\u00f6z\u00e9sek<\/li>\n<li>Lakoss\u00e1gi k\u00f6lt\u00f6z\u00e9sek<\/li>\n<li>A v\u00e1llalat k\u00f6lt\u00f6zik<\/li>\n<li>Egy\u00e9ni megk\u00f6zel\u00edt\u00e9s<\/li>\n<li>Csomagol\u00e1si szolg\u00e1ltat\u00e1s<\/li>\n<li>Sz\u00e1razf\u00f6ldi, tengeri \u00e9s l\u00e9gi sz\u00e1ll\u00edt\u00e1s<\/li>\n<li>M\u0171v\u00e9szeti t\u00e1rgyak sz\u00e1ll\u00edt\u00e1sa<\/li>\n<li>Biztos\u00edt\u00e1s<\/li>\n<li>Rakt\u00e1roz\u00e1si lehet\u0151s\u00e9gek<\/li>\n<\/ul>\n<p>A MoveMaster egy \u00e9sztorsz\u00e1gi sz\u00e9khely\u0171 k\u00f6lt\u00f6ztet\u0151 c\u00e9g, amely 39 \u00e9ves tapasztalattal rendelkezik, \u00e9s 147 orsz\u00e1gban t\u00f6bb ezer k\u00f6lt\u00f6z\u00e9st bonyol\u00edtott le. Egy\u00fcttm\u0171k\u00f6d\u0151 partnerekkel dolgoznak a nagyobb v\u00e1rosokban, hogy seg\u00edtsenek a ter\u00fclet\u00fck\u00f6n k\u00edv\u00fcli k\u00f6lt\u00f6z\u00e9sekben, \u00e9s tagjai az IAM-nek.<\/p>\n<p>A MoveMaster egy\u00e9ni megk\u00f6zel\u00edt\u00e9st biztos\u00edt k\u00f6lt\u00f6ztet\u00e9si szolg\u00e1ltat\u00e1saihoz, amely mag\u00e1ban foglalja a k\u00f6lt\u00f6z\u00e9s el\u0151tti ellen\u0151rz\u00e9st Tallinnban, hogy a legmegfelel\u0151bb k\u00f6lt\u00f6z\u00e9si tervet hozza l\u00e9tre. Csomagol\u00e1si szolg\u00e1ltat\u00e1st ny\u00fajtanak kiv\u00e1l\u00f3 min\u0151s\u00e9g\u0171 csomagol\u00f3anyagok felhaszn\u00e1l\u00e1s\u00e1val, hogy megv\u00e9dj\u00e9k a holmij\u00e1t, sz\u00e9tszerelik a b\u00fatorokat \u00e9s \u00e9rkez\u00e9skor \u00fajra \u00f6sszeszerelik a b\u00fatorokat. Megszervezik a sz\u00e1razf\u00f6ldi, tengeri \u00e9s l\u00e9gi sz\u00e1ll\u00edt\u00e1st, valamint t\u00e1mogat\u00e1st ny\u00fajtanak a v\u00e1m\u00e1ru-nyilatkozatokkal \u00e9s a biztos\u00edt\u00e1ssal kapcsolatban.<\/p>\n<p>Weboldal: <a href=\"http:\/\/www.movemaster.ee\" target=\"_blank\" rel=\"noopener\">http:\/\/www.movemaster.ee<\/a><\/p>\n<h2><span class=\"ez-toc-section\" id=\"4_KLG_Estonia\"><\/span><strong>4. KLG \u00c9sztorsz\u00e1g<\/strong><span class=\"ez-toc-section-end\"><\/span><\/h2>\n<p><img loading=\"lazy\" decoding=\"async\" class=\"alignnone size-full wp-image-5964\" src=\"https:\/\/moverdb.com\/wp-content\/uploads\/KLG-Estonia-international-moving-company.png\" alt=\"KLG \u00c9sztorsz\u00e1g nemzetk\u00f6zi k\u00f6lt\u00f6ztet\u0151 c\u00e9g\" width=\"1440\" height=\"711\" data-wp-pid=\"5964\" srcset=\"https:\/\/moverdb.com\/wp-content\/uploads\/KLG-Estonia-international-moving-company.png 1440w, https:\/\/moverdb.com\/wp-content\/uploads\/KLG-Estonia-international-moving-company-300x148.png 300w, https:\/\/moverdb.com\/wp-content\/uploads\/KLG-Estonia-international-moving-company-1024x506.png 1024w, https:\/\/moverdb.com\/wp-content\/uploads\/KLG-Estonia-international-moving-company-18x9.png 18w, https:\/\/moverdb.com\/wp-content\/uploads\/KLG-Estonia-international-moving-company-600x296.png 600w\" sizes=\"auto, (max-width: 1440px) 100vw, 1440px\" \/><\/p>\n<ul>\n<li>Nemzeti l\u00e9p\u00e9sek<\/li>\n<li>Nemzetk\u00f6zi k\u00f6lt\u00f6z\u00e9sek<\/li>\n<li>H\u00e1ztart\u00e1si k\u00f6lt\u00f6z\u00e9sek<\/li>\n<li>Csomagol\u00e1si szolg\u00e1ltat\u00e1s<\/li>\n<li>Egyedi fal\u00e1d\u00e1k \u00e9p\u00edt\u00e9se<\/li>\n<li>Sz\u00e1razf\u00f6ldi, l\u00e9gi, tengeri \u00e9s vas\u00fati sz\u00e1ll\u00edt\u00e1s<\/li>\n<li>V\u00e1mt\u00e1mogat\u00e1s<\/li>\n<li>M\u0171v\u00e9szeti sz\u00e1ll\u00edt\u00e1s<\/li>\n<li>Biztos\u00edt\u00e1s<\/li>\n<li>R\u00f6vid \u00e9s hossz\u00fa t\u00e1v\u00fa t\u00e1rol\u00e1si lehet\u0151s\u00e9gek<\/li>\n<\/ul>\n<p>A KLG Estonia egy speci\u00e1lis logisztikai megold\u00e1sokat k\u00edn\u00e1l\u00f3 c\u00e9g, amely Tallinnban sz\u00e9kel, \u00e9s 1994 \u00f3ta ny\u00fajt k\u00f6lt\u00f6ztet\u00e9si szolg\u00e1ltat\u00e1sokat. Glob\u00e1lis partnerh\u00e1l\u00f3zattal rendelkeznek, amely seg\u00edti \u0151ket a nemzetk\u00f6zi k\u00f6lt\u00f6ztet\u00e9sek lebonyol\u00edt\u00e1s\u00e1ban. A FIDI \u00e1ltal akkredit\u00e1ltak.<\/p>\n<p>A KLG Estonia vizsg\u00e1latot \u00e9s konzult\u00e1ci\u00f3t biztos\u00edt az \u00d6n ig\u00e9nyeinek felm\u00e9r\u00e9se \u00e9rdek\u00e9ben. Professzion\u00e1lis csomagol\u00e1si szolg\u00e1ltat\u00e1st ny\u00fajtanak a holmij\u00e1nak v\u00e9delme \u00e9rdek\u00e9ben, bele\u00e9rtve az egyedi fa dobozokat, amelyek b\u00e1rmilyen tartalomnak megfelelnek, bele\u00e9rtve a m\u0171t\u00e1rgyakat \u00e9s az informatikai berendez\u00e9seket is. Nagyobb t\u00e1rgyakat is sz\u00e1ll\u00edtanak, bele\u00e9rtve a motorker\u00e9kp\u00e1rokat \u00e9s zongor\u00e1kat. Megszervezik a sz\u00e1razf\u00f6ldi, l\u00e9gi, tengeri \u00e9s vas\u00fati sz\u00e1ll\u00edt\u00e1st, \u00e9s seg\u00edtenek a v\u00e1mk\u00f6vetelm\u00e9nyekkel kapcsolatban.<\/p>\n<p>Weboldal: <a href=\"http:\/\/www.klg.ee\/\" target=\"_blank\" rel=\"noopener\">http:\/\/www.klg.ee\/<\/a><\/p>\n<h2><span class=\"ez-toc-section\" id=\"Other_Useful_Guides_to_Estonia\"><\/span>Egy\u00e9b hasznos \u00fatmutat\u00f3k \u00c9sztorsz\u00e1gr\u00f3l<span class=\"ez-toc-section-end\"><\/span><\/h2>\n<ul>\n<li> <a href=\"https:\/\/moverdb.com\/hu\/moving-to-estonia\/\">\u00c9sztorsz\u00e1gba k\u00f6lt\u00f6zik? 2023 Meg\u00e9lhet\u00e9si k\u00f6lts\u00e9gek \u00e9s k\u00f6lt\u00f6z\u00e9si tippek<\/a><\/li>\n<li> <a href=\"https:\/\/moverdb.com\/hu\/moving-to-estonia\/best-places-to-live-estonia\/\">12 Legjobb helyek \u00c9sztorsz\u00e1gban \u00e9lni<\/a><\/li>\n<li> <a href=\"https:\/\/moverdb.com\/hu\/kontenerszallitas\/esztorszag\/\">2026 Tengeri tehersz\u00e1ll\u00edt\u00e1si kont\u00e9ner \u00e1rak \u00c9sztorsz\u00e1gba \u00e9s \u00c9sztorsz\u00e1gb\u00f3l<\/a><\/li>\n<\/ul>","protected":false},"excerpt":{"rendered":"<p>Moving can be a stressful time, whether that is moving home or your business. Many people employ the services of a moving company as they can safely move your belongings and reduce the stress of your move. Below we have compiled a list of Estonian removal companies that are members of the International Association of [&hellip;]<\/p>\n","protected":false},"author":4,"featured_media":0,"parent":190,"menu_order":0,"comment_status":"closed","ping_status":"closed","template":"","meta":{"_genesis_hide_title":false,"_genesis_hide_breadcrumbs":false,"_genesis_hide_singular_image":false,"_genesis_hide_footer_widgets":false,"_genesis_custom_body_class":"","_genesis_custom_post_class":"","_genesis_layout":"","footnotes":""},"class_list":{"0":"post-6043","1":"page","2":"type-page","3":"status-publish","5":"entry","6":"has-post-thumbnail"},"_links":{"self":[{"href":"https:\/\/moverdb.com\/hu\/wp-json\/wp\/v2\/pages\/6043","targetHints":{"allow":["GET"]}}],"collection":[{"href":"https:\/\/moverdb.com\/hu\/wp-json\/wp\/v2\/pages"}],"about":[{"href":"https:\/\/moverdb.com\/hu\/wp-json\/wp\/v2\/types\/page"}],"author":[{"embeddable":true,"href":"https:\/\/moverdb.com\/hu\/wp-json\/wp\/v2\/users\/4"}],"replies":[{"embeddable":true,"href":"https:\/\/moverdb.com\/hu\/wp-json\/wp\/v2\/comments?post=6043"}],"version-history":[{"count":3,"href":"https:\/\/moverdb.com\/hu\/wp-json\/wp\/v2\/pages\/6043\/revisions"}],"predecessor-version":[{"id":16257,"href":"https:\/\/moverdb.com\/hu\/wp-json\/wp\/v2\/pages\/6043\/revisions\/16257"}],"up":[{"embeddable":true,"href":"https:\/\/moverdb.com\/hu\/wp-json\/wp\/v2\/pages\/190"}],"wp:attachment":[{"href":"https:\/\/moverdb.com\/hu\/wp-json\/wp\/v2\/media?parent=6043"}],"curies":[{"name":"wp","href":"https:\/\/api.w.org\/{rel}","templated":true}]}}