{"id":6026,"date":"2023-02-01T13:47:16","date_gmt":"2023-02-01T13:47:16","guid":{"rendered":"https:\/\/moverdb.com\/?page_id=6026"},"modified":"2026-01-08T15:29:04","modified_gmt":"2026-01-08T15:29:04","slug":"moving-companies-czech-republic","status":"publish","type":"page","link":"https:\/\/moverdb.com\/hu\/moving-companies\/moving-companies-czech-republic\/","title":{"rendered":"Az 5 legjobb nemzetk\u00f6zi k\u00f6lt\u00f6ztet\u0151 c\u00e9gek Csehorsz\u00e1gban"},"content":{"rendered":"<p>A k\u00f6lt\u00f6z\u00e9s egy stresszes id\u0151szak lehet, ez\u00e9rt sokan keresik a seg\u00edts\u00e9g\u00e9t a <a href=\"https:\/\/moverdb.com\/hu\/moving-companies\/\" data-internallinksmanager029f6b8e52c=\"79\" title=\"Top 25 nemzetk\u00f6zi k\u00f6lt\u00f6ztet\u0151 c\u00e9gek online\">k\u00f6lt\u00f6ztet\u0151 c\u00e9g<\/a> hogy k\u00f6nny\u00edts\u00fcnk a terheken. Ak\u00e1r saj\u00e1t mag\u00e1t, ak\u00e1r v\u00e1llalkoz\u00e1s\u00e1t helyben vagy nemzetk\u00f6zi szinten k\u00f6lt\u00f6zteti, van olyan v\u00e1llalat, amely seg\u00edthet. Az al\u00e1bbiakban \u00f6ssze\u00e1ll\u00edtottunk egy list\u00e1t <a href=\"https:\/\/moverdb.com\/hu\/moving-to-the-czech-republic\/\" data-internallinksmanager029f6b8e52c=\"391\" title=\"Csehorsz\u00e1gba k\u00f6lt\u00f6zik? 2024 Lakhat\u00e1si k\u00f6lts\u00e9gek \u00e9s k\u00f6lt\u00f6z\u00e9si tippek\">Cseh K\u00f6zt\u00e1rsas\u00e1g<\/a> <a href=\"https:\/\/moverdb.com\/hu\/international-removals\/\" data-internallinksmanager029f6b8e52c=\"27\" title=\"36 legjobb nemzetk\u00f6zi k\u00f6lt\u00f6ztet\u0151 c\u00e9gek az Egyes\u00fclt Kir\u00e1lys\u00e1gban\">k\u00f6lt\u00f6ztet\u0151 c\u00e9gek<\/a> amelyek tagjai a <a href=\"https:\/\/moverdb.com\/hu\/iam\/\" data-internallinksmanager029f6b8e52c=\"23\" title=\"A K\u00f6lt\u00f6ztet\u0151k Nemzetk\u00f6zi Sz\u00f6vets\u00e9ge (IAM) magyar\u00e1zata\">K\u00f6lt\u00f6ztet\u0151k Nemzetk\u00f6zi Sz\u00f6vets\u00e9ge<\/a> (IAM) \u00e9s\/vagy <a href=\"https:\/\/moverdb.com\/hu\/fidi-faim\/\" data-internallinksmanager029f6b8e52c=\"16\" title=\"FIDI &amp; FAIM (FIDI akkredit\u00e1lt nemzetk\u00f6zi fuvaroz\u00f3) magyar\u00e1zata\">FIDI<\/a> Akkredit\u00e1lt nemzetk\u00f6zi k\u00f6lt\u00f6ztet\u0151 (FAIM), aki seg\u00edthet \u00d6nnek.<\/p>\n<div id=\"ez-toc-container\" class=\"ez-toc-v2_0_82_2 ez-toc-wrap-left counter-hierarchy ez-toc-counter ez-toc-transparent ez-toc-container-direction\">\n<div class=\"ez-toc-title-container\">\n<p class=\"ez-toc-title\" style=\"cursor:inherit\">Szakaszok<\/p>\n<span class=\"ez-toc-title-toggle\"><a href=\"#\" class=\"ez-toc-pull-right ez-toc-btn ez-toc-btn-xs ez-toc-btn-default ez-toc-toggle\" aria-label=\"Toggle Tartalomjegyz\u00e9k\"><span class=\"ez-toc-js-icon-con\"><span class=\"\"><span class=\"eztoc-hide\" style=\"display:none;\">Toggle<\/span><span class=\"ez-toc-icon-toggle-span\"><svg style=\"fill: #999;color:#999\" xmlns=\"http:\/\/www.w3.org\/2000\/svg\" class=\"list-377408\" width=\"20px\" height=\"20px\" viewbox=\"0 0 24 24\" fill=\"none\"><path d=\"M6 6H4v2h2V6zm14 0H8v2h12V6zM4 11h2v2H4v-2zm16 0H8v2h12v-2zM4 16h2v2H4v-2zm16 0H8v2h12v-2z\" fill=\"currentColor\"><\/path><\/svg><svg style=\"fill: #999;color:#999\" class=\"arrow-unsorted-368013\" xmlns=\"http:\/\/www.w3.org\/2000\/svg\" width=\"10px\" height=\"10px\" viewbox=\"0 0 24 24\" version=\"1.2\" baseprofile=\"tiny\"><path d=\"M18.2 9.3l-6.2-6.3-6.2 6.3c-.2.2-.3.4-.3.7s.1.5.3.7c.2.2.4.3.7.3h11c.3 0 .5-.1.7-.3.2-.2.3-.5.3-.7s-.1-.5-.3-.7zM5.8 14.7l6.2 6.3 6.2-6.3c.2-.2.3-.5.3-.7s-.1-.5-.3-.7c-.2-.2-.4-.3-.7-.3h-11c-.3 0-.5.1-.7.3-.2.2-.3.5-.3.7s.1.5.3.7z\"\/><\/svg><\/span><\/span><\/span><\/a><\/span><\/div>\n<nav><ul class='ez-toc-list ez-toc-list-level-1 eztoc-toggle-hide-by-default' ><li class='ez-toc-page-1 ez-toc-heading-level-2'><a class=\"ez-toc-link ez-toc-heading-1\" href=\"https:\/\/moverdb.com\/hu\/moving-companies\/moving-companies-czech-republic\/#1_Santa_Fe_Relocation\" >1. Santa Fe \u00e1thelyez\u00e9se<\/a><\/li><li class='ez-toc-page-1 ez-toc-heading-level-2'><a class=\"ez-toc-link ez-toc-heading-2\" href=\"https:\/\/moverdb.com\/hu\/moving-companies\/moving-companies-czech-republic\/#2_Voerman_International\" >2. Voerman International<\/a><\/li><li class='ez-toc-page-1 ez-toc-heading-level-2'><a class=\"ez-toc-link ez-toc-heading-3\" href=\"https:\/\/moverdb.com\/hu\/moving-companies\/moving-companies-czech-republic\/#3_Gosselin\" >3. Gosselin<\/a><\/li><li class='ez-toc-page-1 ez-toc-heading-level-2'><a class=\"ez-toc-link ez-toc-heading-4\" href=\"https:\/\/moverdb.com\/hu\/moving-companies\/moving-companies-czech-republic\/#4_KAE_International_Movers\" >4. KAE Nemzetk\u00f6zi k\u00f6lt\u00f6ztet\u0151k<\/a><\/li><li class='ez-toc-page-1 ez-toc-heading-level-2'><a class=\"ez-toc-link ez-toc-heading-5\" href=\"https:\/\/moverdb.com\/hu\/moving-companies\/moving-companies-czech-republic\/#5_Fenix_Shipping\" >5. Fenix sz\u00e1ll\u00edt\u00e1s<\/a><\/li><li class='ez-toc-page-1 ez-toc-heading-level-2'><a class=\"ez-toc-link ez-toc-heading-6\" href=\"https:\/\/moverdb.com\/hu\/moving-companies\/moving-companies-czech-republic\/#Other_Useful_Guides_to_the_Czech_Republic\" >Egy\u00e9b hasznos \u00fatmutat\u00f3k a Cseh K\u00f6zt\u00e1rsas\u00e1gr\u00f3l<\/a><\/li><\/ul><\/nav><\/div>\n<h2><span class=\"ez-toc-section\" id=\"1_Santa_Fe_Relocation\"><\/span><strong>1. Santa Fe \u00e1thelyez\u00e9se<\/strong><span class=\"ez-toc-section-end\"><\/span><\/h2>\n<p><img loading=\"lazy\" decoding=\"async\" class=\"alignnone size-full wp-image-6030\" src=\"https:\/\/moverdb.com\/wp-content\/uploads\/Santa-Fe-Relocation-Prague-international-moving-company.png\" alt=\"Santa Fe Relocation Pr\u00e1ga nemzetk\u00f6zi k\u00f6lt\u00f6ztet\u0151 c\u00e9g\" width=\"1440\" height=\"683\" data-wp-pid=\"6030\" srcset=\"https:\/\/moverdb.com\/wp-content\/uploads\/Santa-Fe-Relocation-Prague-international-moving-company.png 1440w, https:\/\/moverdb.com\/wp-content\/uploads\/Santa-Fe-Relocation-Prague-international-moving-company-300x142.png 300w, https:\/\/moverdb.com\/wp-content\/uploads\/Santa-Fe-Relocation-Prague-international-moving-company-1024x486.png 1024w, https:\/\/moverdb.com\/wp-content\/uploads\/Santa-Fe-Relocation-Prague-international-moving-company-18x9.png 18w, https:\/\/moverdb.com\/wp-content\/uploads\/Santa-Fe-Relocation-Prague-international-moving-company-600x285.png 600w\" sizes=\"auto, (max-width: 1440px) 100vw, 1440px\" \/><\/p>\n<ul>\n<li>Helyi k\u00f6lt\u00f6z\u00e9sek<\/li>\n<li>Nemzetk\u00f6zi k\u00f6lt\u00f6z\u00e9sek<\/li>\n<li>H\u00e1ztart\u00e1si k\u00f6lt\u00f6z\u00e9sek<\/li>\n<li>V\u00e1llalati \u00e1thelyez\u00e9sek<\/li>\n<li>Csomagol\u00e1si szolg\u00e1ltat\u00e1s kiv\u00e1l\u00f3 min\u0151s\u00e9g\u0171 anyagok felhaszn\u00e1l\u00e1s\u00e1val<\/li>\n<li>Sz\u00e1ll\u00edt\u00e1s sz\u00e1razf\u00f6ld\u00f6n, leveg\u0151ben vagy tengeren<\/li>\n<li>V\u00e1mkezel\u00e9s<\/li>\n<li>V\u00edzum- \u00e9s bev\u00e1ndorl\u00e1si t\u00e1mogat\u00e1s<\/li>\n<li>H\u00e1zi\u00e1llat- \u00e9s j\u00e1rm\u0171sz\u00e1ll\u00edt\u00e1s<\/li>\n<li>R\u00f6vid \u00e9s hossz\u00fa t\u00e1v\u00fa t\u00e1rol\u00f3 l\u00e9tes\u00edtm\u00e9nyek<\/li>\n<\/ul>\n<p>A Santa Fe Relocation nemzetk\u00f6zi k\u00f6lt\u00f6ztet\u0151 \u00e9s k\u00f6lt\u00f6ztet\u0151 c\u00e9g, amely a legfontosabb orsz\u00e1gokban rendelkezik irod\u00e1kkal. Pr\u00e1gai irod\u00e1jukat 1992-ben nyitott\u00e1k meg, ahol lakoss\u00e1gi \u00e9s v\u00e1llalati k\u00f6lt\u00f6ztet\u00e9seket egyar\u00e1nt k\u00edn\u00e1lnak. Az IAM tagja 30 \u00e9ves szolg\u00e1lati id\u0151vel, \u00e9s a FIDI \u00e1ltal akkredit\u00e1ltak.<\/p>\n<p>A Santa Fe Relocation helysz\u00edni, k\u00f6lt\u00f6z\u00e9s el\u0151tti konzult\u00e1ci\u00f3t k\u00edn\u00e1l az \u00d6n ig\u00e9nyeinek felm\u00e9r\u00e9s\u00e9re. Professzion\u00e1lis csomagol\u00e1si szolg\u00e1ltat\u00e1st ny\u00fajtanak, bele\u00e9rtve a katalogiz\u00e1l\u00e1st, valamint a legjobb csomagol\u00f3anyagok \u00e9s -technik\u00e1k haszn\u00e1lat\u00e1t. Megszervezik a sz\u00e1razf\u00f6ldi, l\u00e9gi vagy tengeri sz\u00e1ll\u00edt\u00e1st v\u00e1mkezel\u00e9ssel egy\u00fctt. Tov\u00e1bbi szolg\u00e1ltat\u00e1sokat k\u00edn\u00e1lnak, bele\u00e9rtve a biztos\u00edt\u00e1st, a t\u00e1rol\u00e1st, a lak\u00e1s- \u00e9s iskolakeres\u00e9st, a leteleped\u00e9si szolg\u00e1ltat\u00e1sokat, a h\u00e1zi\u00e1llat- \u00e9s j\u00e1rm\u0171sz\u00e1ll\u00edt\u00e1st.<\/p>\n<p>Weboldal: <a href=\"https:\/\/www.santaferelo.com\/en\/contact\/our-offices\/czech-republic-prague\/\" target=\"_blank\" rel=\"noopener\">https:\/\/www.santaferelo.com\/en\/contact\/our-offices\/czech-republic-prague\/<\/a><\/p>\n<h2><span class=\"ez-toc-section\" id=\"2_Voerman_International\"><\/span><strong>2. Voerman International<\/strong><span class=\"ez-toc-section-end\"><\/span><\/h2>\n<p><img loading=\"lazy\" decoding=\"async\" class=\"alignnone size-full wp-image-6011\" src=\"https:\/\/moverdb.com\/wp-content\/uploads\/Voerman-international-moving-company.png\" alt=\"Voerman nemzetk\u00f6zi k\u00f6lt\u00f6ztet\u0151 c\u00e9g\" width=\"1440\" height=\"683\" data-wp-pid=\"6011\" srcset=\"https:\/\/moverdb.com\/wp-content\/uploads\/Voerman-international-moving-company.png 1440w, https:\/\/moverdb.com\/wp-content\/uploads\/Voerman-international-moving-company-300x142.png 300w, https:\/\/moverdb.com\/wp-content\/uploads\/Voerman-international-moving-company-1024x486.png 1024w, https:\/\/moverdb.com\/wp-content\/uploads\/Voerman-international-moving-company-18x9.png 18w, https:\/\/moverdb.com\/wp-content\/uploads\/Voerman-international-moving-company-600x285.png 600w\" sizes=\"auto, (max-width: 1440px) 100vw, 1440px\" \/><\/p>\n<ul>\n<li>Nemzeti l\u00e9p\u00e9sek<\/li>\n<li>Nemzetk\u00f6zi k\u00f6lt\u00f6z\u00e9sek<\/li>\n<li>K\u00f6lt\u00f6ztet\u00e9si szolg\u00e1ltat\u00e1sok<\/li>\n<li>Bev\u00e1ndorl\u00e1si \u00e9s v\u00edzum\u00fcgyint\u00e9z\u00e9s<\/li>\n<li>Seg\u00edts\u00e9g az otthon \u00e9s az iskola megtal\u00e1l\u00e1s\u00e1ban<\/li>\n<li>J\u00e1rm\u0171sz\u00e1ll\u00edt\u00e1s<\/li>\n<li>H\u00e1zi\u00e1llat \u00e1thelyez\u00e9s<\/li>\n<li>Biztos\u00edt\u00e1s<\/li>\n<li>R\u00f6vid \u00e9s hossz\u00fa t\u00e1v\u00fa t\u00e1rol\u00e1s<\/li>\n<li>Fenntarthat\u00f3 l\u00e9p\u00e9sek 2023 febru\u00e1rj\u00e1t\u00f3l<\/li>\n<\/ul>\n<p>A Voerman International egy 1986 \u00f3ta m\u0171k\u00f6d\u0151 k\u00f6lt\u00f6ztet\u0151 \u00e9s k\u00f6lt\u00f6ztet\u0151 c\u00e9g, amelynek irod\u00e1i a k\u00f6vetkez\u0151 orsz\u00e1gokban tal\u00e1lhat\u00f3k <a href=\"https:\/\/moverdb.com\/hu\/moving-to-the-netherlands\/\" data-internallinksmanager029f6b8e52c=\"328\" title=\"Hollandi\u00e1ba k\u00f6lt\u00f6zik? 2023 Meg\u00e9lhet\u00e9si k\u00f6lts\u00e9gek \u00e9s k\u00f6lt\u00f6z\u00e9si tippek\">Hollandia<\/a>, Oroszorsz\u00e1g, a Cseh K\u00f6zt\u00e1rsas\u00e1g \u00e9s <a href=\"https:\/\/moverdb.com\/hu\/moving-to-poland\/\" data-internallinksmanager029f6b8e52c=\"378\" title=\"Lengyelorsz\u00e1gba k\u00f6lt\u00f6zik? 2023 Meg\u00e9lhet\u00e9si k\u00f6lts\u00e9gek \u00e9s k\u00f6lt\u00f6z\u00e9si tippek\">Lengyelorsz\u00e1g<\/a>. Egy\u00fcttm\u0171k\u00f6dnek m\u00e1s nemzetk\u00f6zi k\u00f6lt\u00f6ztet\u0151 \u00fcgyn\u00f6ks\u00e9gekkel, hogy vil\u00e1gszerte szolg\u00e1ltat\u00e1sokat ny\u00fajtsanak. Az IAM 26 \u00e9ves tags\u00e1ggal rendelkez\u0151 tagja, az IAM tagja. <a href=\"https:\/\/moverdb.com\/hu\/harmony-relocation-network\/\" data-internallinksmanager029f6b8e52c=\"20\" title=\"A Harmony Relocation Network (HRN) magyar\u00e1zata\">Harmony Relocation Network<\/a> \u00e9s a FIDI \u00e1ltal akkredit\u00e1ltak.<\/p>\n<p>A Voerman International \u00e1tfog\u00f3 szolg\u00e1ltat\u00e1st ny\u00fajt, amely mag\u00e1ban foglalja az olyan el\u0151zetes \u00e9s ut\u00f3lagos szolg\u00e1ltat\u00e1sokat, mint a pap\u00edrmunk\u00e1t, a bev\u00e1ndorl\u00e1si \u00e9s v\u00edzum\u00fcgyint\u00e9z\u00e9st. Emellett beilleszked\u00e9si szolg\u00e1ltat\u00e1sokat, seg\u00edts\u00e9get ny\u00fajtanak az otthon- \u00e9s iskolakeres\u00e9sben, ezermester-szolg\u00e1ltat\u00e1sokat, kultur\u00e1lis \u00e9s nyelvi k\u00e9pz\u00e9st.<\/p>\n<p>Weboldal: <a href=\"https:\/\/www.voerman.com\/\" target=\"_blank\" rel=\"noopener\">https:\/\/www.voerman.com\/<\/a><\/p>\n<h2><span class=\"ez-toc-section\" id=\"3_Gosselin\"><\/span><strong>3. Gosselin<\/strong><span class=\"ez-toc-section-end\"><\/span><\/h2>\n<p><img loading=\"lazy\" decoding=\"async\" class=\"alignnone size-full wp-image-5954\" src=\"https:\/\/moverdb.com\/wp-content\/uploads\/Gosselin-Czech-Republic-international-moving-company.png\" alt=\"Gosselin Csehorsz\u00e1g nemzetk\u00f6zi k\u00f6lt\u00f6ztet\u0151 c\u00e9g\" width=\"1440\" height=\"682\" data-wp-pid=\"5954\" srcset=\"https:\/\/moverdb.com\/wp-content\/uploads\/Gosselin-Czech-Republic-international-moving-company.png 1440w, https:\/\/moverdb.com\/wp-content\/uploads\/Gosselin-Czech-Republic-international-moving-company-300x142.png 300w, https:\/\/moverdb.com\/wp-content\/uploads\/Gosselin-Czech-Republic-international-moving-company-1024x485.png 1024w, https:\/\/moverdb.com\/wp-content\/uploads\/Gosselin-Czech-Republic-international-moving-company-18x9.png 18w, https:\/\/moverdb.com\/wp-content\/uploads\/Gosselin-Czech-Republic-international-moving-company-600x284.png 600w\" sizes=\"auto, (max-width: 1440px) 100vw, 1440px\" \/><\/p>\n<ul>\n<li>Nemzetk\u00f6zi k\u00f6lt\u00f6z\u00e9sek<\/li>\n<li>K\u00f6lt\u00f6ztet\u00e9si szolg\u00e1ltat\u00e1sok<\/li>\n<li>H\u00e1ztart\u00e1si k\u00f6lt\u00f6z\u00e9sek<\/li>\n<li>Irodai k\u00f6lt\u00f6z\u00e9sek<\/li>\n<li>Csomagol\u00e1si szolg\u00e1ltat\u00e1s pr\u00e9mium anyagok felhaszn\u00e1l\u00e1s\u00e1val<\/li>\n<li>Sz\u00e1razf\u00f6ldi vagy tengeri sz\u00e1ll\u00edt\u00e1s<\/li>\n<li>K\u00e9pz\u0151m\u0171v\u00e9szeti sz\u00e1ll\u00edt\u00e1s<\/li>\n<li>H\u00e1zi\u00e1llat \u00e1thelyez\u00e9s<\/li>\n<li>J\u00e1rm\u0171sz\u00e1ll\u00edt\u00e1s<\/li>\n<li>Rakt\u00e1roz\u00e1si lehet\u0151s\u00e9gek<\/li>\n<\/ul>\n<p>A Gosselin egy nemzetk\u00f6zi k\u00f6lt\u00f6ztet\u00e9si szolg\u00e1ltat\u00f3, amely 1992-ben alap\u00edtott irod\u00e1kkal rendelkezik szerte Eur\u00f3p\u00e1ban, bele\u00e9rtve Pr\u00e1g\u00e1t is. A nemzetk\u00f6zi k\u00f6lt\u00f6ztet\u00e9sek lebonyol\u00edt\u00e1s\u00e1hoz vil\u00e1gszerte partneri h\u00e1l\u00f3zattal is rendelkeznek. Az IAM tagjak\u00e9nt 30 \u00e9ves szolg\u00e1ltat\u00e1si m\u00falttal rendelkeznek.<\/p>\n<p>A Gosselin tapasztalt k\u00f6lt\u00f6ztet\u00e9si szolg\u00e1ltat\u00e1st k\u00edn\u00e1l, amely h\u00e1ztart\u00e1si t\u00e1rgyakat, irod\u00e1kat, g\u00e9pj\u00e1rm\u0171veket, h\u00e1zi\u00e1llatokat \u00e9s k\u00e9pz\u0151m\u0171v\u00e9szeti t\u00e1rgyakat sz\u00e1ll\u00edt Csehorsz\u00e1gon bel\u00fclre \u00e9s k\u00edv\u00fclre. Az \u00d6n holmij\u00e1t magas sz\u00ednvonalon, pr\u00e9mium min\u0151s\u00e9g\u0171 csomagol\u00f3anyagok felhaszn\u00e1l\u00e1s\u00e1val csomagolj\u00e1k be. Megszervezik a sz\u00e1razf\u00f6ldi vagy tengeri sz\u00e1ll\u00edt\u00e1st a c\u00e9l\u00e1llom\u00e1sra. Mag\u00e1nszem\u00e9lyek, v\u00e1llalatok, diplomat\u00e1k \u00e9s nagyk\u00f6vets\u00e9gek sz\u00e1m\u00e1ra ny\u00fajtanak szolg\u00e1ltat\u00e1sokat.<\/p>\n<p>Weboldal: <a href=\"https:\/\/gosselin-moving.com\/en\/czech-republic\" target=\"_blank\" rel=\"noopener\">https:\/\/gosselin-moving.com\/en\/czech-republic<\/a><\/p>\n<h2><span class=\"ez-toc-section\" id=\"4_KAE_International_Movers\"><\/span><strong>4. KAE Nemzetk\u00f6zi k\u00f6lt\u00f6ztet\u0151k<\/strong><span class=\"ez-toc-section-end\"><\/span><\/h2>\n<p><img loading=\"lazy\" decoding=\"async\" class=\"alignnone size-full wp-image-6028\" src=\"https:\/\/moverdb.com\/wp-content\/uploads\/KAE-International-Movers-international-moving-company.png\" alt=\"KAE International Movers nemzetk\u00f6zi k\u00f6lt\u00f6ztet\u0151 c\u00e9g\" width=\"1440\" height=\"681\" data-wp-pid=\"6028\" srcset=\"https:\/\/moverdb.com\/wp-content\/uploads\/KAE-International-Movers-international-moving-company.png 1440w, https:\/\/moverdb.com\/wp-content\/uploads\/KAE-International-Movers-international-moving-company-300x142.png 300w, https:\/\/moverdb.com\/wp-content\/uploads\/KAE-International-Movers-international-moving-company-1024x484.png 1024w, https:\/\/moverdb.com\/wp-content\/uploads\/KAE-International-Movers-international-moving-company-18x9.png 18w, https:\/\/moverdb.com\/wp-content\/uploads\/KAE-International-Movers-international-moving-company-600x284.png 600w\" sizes=\"auto, (max-width: 1440px) 100vw, 1440px\" \/><\/p>\n<ul>\n<li>Nemzeti l\u00e9p\u00e9sek<\/li>\n<li>Nemzetk\u00f6zi k\u00f6lt\u00f6z\u00e9sek<\/li>\n<li>H\u00e1ztart\u00e1si k\u00f6lt\u00f6z\u00e9sek<\/li>\n<li>Irodai k\u00f6lt\u00f6z\u00e9sek<\/li>\n<li>Csomagol\u00e1si szolg\u00e1ltat\u00e1sok<\/li>\n<li>V\u00e1mt\u00e1mogat\u00e1s<\/li>\n<li>Biztos\u00edt\u00e1s<\/li>\n<li>K\u00e9pz\u0151m\u0171v\u00e9szeti sz\u00e1ll\u00edt\u00e1s<\/li>\n<li>J\u00e1rm\u0171sz\u00e1ll\u00edt\u00e1s<\/li>\n<li>T\u00e1rol\u00e1si megold\u00e1sok<\/li>\n<\/ul>\n<p>A KAE International Movers egy k\u00f6lt\u00f6ztet\u00e9si \u00e9s k\u00f6lt\u00f6ztet\u00e9si szolg\u00e1ltat\u00f3, amelynek irod\u00e1i a Cseh K\u00f6zt\u00e1rsas\u00e1gban \u00e9s az Egyes\u00fclt Kir\u00e1lys\u00e1gban vannak. <a href=\"https:\/\/moverdb.com\/hu\/moving-to-greece\/\" data-internallinksmanager029f6b8e52c=\"353\" title=\"G\u00f6r\u00f6gorsz\u00e1gba k\u00f6lt\u00f6zik? 2023 Meg\u00e9lhet\u00e9si k\u00f6lts\u00e9gek \u00e9s k\u00f6lt\u00f6z\u00e9si tippek\">G\u00f6r\u00f6gorsz\u00e1g<\/a>. Nemzetk\u00f6zi k\u00f6lt\u00f6ztet\u0151 \u00fcgyn\u00f6k\u00f6kkel dolgoznak egy\u00fctt, hogy szolg\u00e1ltat\u00e1saikat az eg\u00e9sz vil\u00e1gon ny\u00fajts\u00e1k. Az IAM tagjak\u00e9nt 8 \u00e9ves szolg\u00e1lati id\u0151vel rendelkeznek.<\/p>\n<p>A KAE International Movers els\u0151 felm\u00e9r\u00e9st k\u00edn\u00e1l az \u00d6n k\u00f6lt\u00f6z\u00e9si ig\u00e9nyeinek felm\u00e9r\u00e9s\u00e9re \u00e9s \u00e1raj\u00e1nlat k\u00e9sz\u00edt\u00e9s\u00e9re. Professzion\u00e1lis csomagol\u00e1si szolg\u00e1ltat\u00e1st ny\u00fajtanak otthonok \u00e9s irod\u00e1k sz\u00e1m\u00e1ra, amely megv\u00e9di \u00e9s felc\u00edmk\u00e9zi azokat a sz\u00e1razf\u00f6ldi, l\u00e9gi vagy tengeri sz\u00e1ll\u00edt\u00e1shoz. Seg\u00edts\u00e9get ny\u00fajtanak a v\u00e1mkezel\u00e9ssel \u00e9s a dokumentumokkal kapcsolatban. K\u00e9pz\u0151m\u0171v\u00e9szeti t\u00e1rgyak \u00e9s j\u00e1rm\u0171vek sz\u00e1ll\u00edt\u00e1s\u00e1ra is ny\u00fajtanak speci\u00e1lis sz\u00e1ll\u00edt\u00e1si szolg\u00e1ltat\u00e1sokat.<\/p>\n<p>Weboldal: <a href=\"http:\/\/www.kaeintlmovers.com\" target=\"_blank\" rel=\"noopener\">http:\/\/www.kaeintlmovers.com<\/a><\/p>\n<h2><span class=\"ez-toc-section\" id=\"5_Fenix_Shipping\"><\/span><strong>5. Fenix sz\u00e1ll\u00edt\u00e1s<\/strong><span class=\"ez-toc-section-end\"><\/span><\/h2>\n<p><img loading=\"lazy\" decoding=\"async\" class=\"alignnone size-full wp-image-6027\" src=\"https:\/\/moverdb.com\/wp-content\/uploads\/Fenix-Shipping-international-moving-company.png\" alt=\"Fenix Shipping nemzetk\u00f6zi k\u00f6lt\u00f6ztet\u0151 c\u00e9g\" width=\"1440\" height=\"683\" data-wp-pid=\"6027\" srcset=\"https:\/\/moverdb.com\/wp-content\/uploads\/Fenix-Shipping-international-moving-company.png 1440w, https:\/\/moverdb.com\/wp-content\/uploads\/Fenix-Shipping-international-moving-company-300x142.png 300w, https:\/\/moverdb.com\/wp-content\/uploads\/Fenix-Shipping-international-moving-company-1024x486.png 1024w, https:\/\/moverdb.com\/wp-content\/uploads\/Fenix-Shipping-international-moving-company-18x9.png 18w, https:\/\/moverdb.com\/wp-content\/uploads\/Fenix-Shipping-international-moving-company-600x285.png 600w\" sizes=\"auto, (max-width: 1440px) 100vw, 1440px\" \/><\/p>\n<ul>\n<li>Nemzeti l\u00e9p\u00e9sek<\/li>\n<li>Nemzetk\u00f6zi k\u00f6lt\u00f6z\u00e9sek<\/li>\n<li>K\u00f6lt\u00f6ztet\u00e9si szolg\u00e1ltat\u00e1sok<\/li>\n<li>H\u00e1ztart\u00e1si k\u00f6lt\u00f6z\u00e9sek<\/li>\n<li>Csomagol\u00e1si szolg\u00e1ltat\u00e1s<\/li>\n<li>K\u00f6z\u00faton, tengeren \u00e9s leveg\u0151ben<\/li>\n<li>V\u00e1mt\u00e1mogat\u00e1s<\/li>\n<li>Takar\u00edt\u00e1si szolg\u00e1ltat\u00e1sok<\/li>\n<li>H\u00e1zi\u00e1llat sz\u00e1ll\u00edt\u00e1s<\/li>\n<li>R\u00f6vid \u00e9s hossz\u00fa t\u00e1v\u00fa t\u00e1rol\u00f3 l\u00e9tes\u00edtm\u00e9nyek<\/li>\n<\/ul>\n<p>A Fenix Shipping egy pr\u00e1gai sz\u00e9khely\u0171 nemzetk\u00f6zi k\u00f6lt\u00f6ztet\u00e9si szolg\u00e1ltat\u00f3, amely k\u00f6lt\u00f6ztet\u00e9si szolg\u00e1ltat\u00e1sokat k\u00edn\u00e1l a Cseh K\u00f6zt\u00e1rsas\u00e1gon bel\u00fcl, valamint Csehorsz\u00e1gba \u00e9s Csehorsz\u00e1gb\u00f3l. Nemzetk\u00f6zi szolg\u00e1ltat\u00e1saik ny\u00fajt\u00e1sa \u00e9rdek\u00e9ben a vil\u00e1g minden t\u00e1j\u00e1r\u00f3l sz\u00e1rmaz\u00f3 partnerekkel dolgoznak egy\u00fctt. Az IAM tagjak\u00e9nt m\u00e1r 7 \u00e9ves tapasztalattal rendelkeznek.<\/p>\n<p>A Fenix Shipping teljes k\u00f6r\u0171 k\u00f6lt\u00f6ztet\u00e9si szolg\u00e1ltat\u00e1st k\u00edn\u00e1l, amely csomagol\u00e1si szolg\u00e1ltat\u00e1sokat is mag\u00e1ban foglal, hogy megv\u00e9dje a holmij\u00e1t, valamint felpakolja a holmij\u00e1t \u00e9s megszervezi a sz\u00e1razf\u00f6ldi, tengeri vagy l\u00e9gi sz\u00e1ll\u00edt\u00e1st. A k\u00f6lt\u00f6z\u00e9st t\u00e1mogat\u00f3 v\u00e1mszolg\u00e1ltat\u00e1sokat \u00e9s dokumentumokat is megszervezik. K\u00f6lt\u00f6ztet\u00e9si szolg\u00e1ltat\u00e1saik a takar\u00edt\u00e1sban \u00e9s az aut\u00f3b\u00e9rl\u00e9sben is seg\u00edtenek.<\/p>\n<p>Weboldal: <a href=\"http:\/\/www.fenixshipping.cz\" target=\"_blank\" rel=\"noopener\">http:\/\/www.fenixshipping.cz<\/a><\/p>\n<h2><span class=\"ez-toc-section\" id=\"Other_Useful_Guides_to_the_Czech_Republic\"><\/span>Egy\u00e9b hasznos \u00fatmutat\u00f3k a Cseh K\u00f6zt\u00e1rsas\u00e1gr\u00f3l<span class=\"ez-toc-section-end\"><\/span><\/h2>\n<ul>\n<li> <a href=\"https:\/\/moverdb.com\/hu\/moving-to-the-czech-republic\/\">Csehorsz\u00e1gba k\u00f6lt\u00f6zik? 2024 Lakhat\u00e1si k\u00f6lts\u00e9gek \u00e9s k\u00f6lt\u00f6z\u00e9si tippek<\/a><\/li>\n<li> <a href=\"https:\/\/moverdb.com\/hu\/moving-to-the-czech-republic\/best-places-to-live-in-czech-republic\/\">12 legjobb hely a Cseh K\u00f6zt\u00e1rsas\u00e1gban \u00e9lni<\/a><\/li>\n<li> <a href=\"https:\/\/moverdb.com\/hu\/?page_id=9648&#038;preview=true\">21 titok a csehorsz\u00e1gi \u00e9letr\u0151l, amit tudnod kell k\u00f6lt\u00f6z\u00e9s el\u0151tt<\/a><\/li>\n<li> <a href=\"https:\/\/moverdb.com\/hu\/kontenerszallitas\/cseh-koztarsasag\/\">2024 Tengeri tehersz\u00e1ll\u00edt\u00e1si kont\u00e9ner \u00e1rak Csehorsz\u00e1gba \u00e9s Csehorsz\u00e1gb\u00f3l<\/a><\/li>\n<\/ul>","protected":false},"excerpt":{"rendered":"<p>Moving can be a stressful time which is why many people seek the assistance of a moving company to help ease the burden. Whether you are moving yourself or your business locally or internationally, there is a company that can help. Below we have compiled a list of Czech Republic removal companies that are members [&hellip;]<\/p>\n","protected":false},"author":4,"featured_media":0,"parent":190,"menu_order":0,"comment_status":"closed","ping_status":"closed","template":"","meta":{"_genesis_hide_title":false,"_genesis_hide_breadcrumbs":false,"_genesis_hide_singular_image":false,"_genesis_hide_footer_widgets":false,"_genesis_custom_body_class":"","_genesis_custom_post_class":"","_genesis_layout":"","footnotes":""},"class_list":{"0":"post-6026","1":"page","2":"type-page","3":"status-publish","5":"entry","6":"has-post-thumbnail"},"_links":{"self":[{"href":"https:\/\/moverdb.com\/hu\/wp-json\/wp\/v2\/pages\/6026","targetHints":{"allow":["GET"]}}],"collection":[{"href":"https:\/\/moverdb.com\/hu\/wp-json\/wp\/v2\/pages"}],"about":[{"href":"https:\/\/moverdb.com\/hu\/wp-json\/wp\/v2\/types\/page"}],"author":[{"embeddable":true,"href":"https:\/\/moverdb.com\/hu\/wp-json\/wp\/v2\/users\/4"}],"replies":[{"embeddable":true,"href":"https:\/\/moverdb.com\/hu\/wp-json\/wp\/v2\/comments?post=6026"}],"version-history":[{"count":4,"href":"https:\/\/moverdb.com\/hu\/wp-json\/wp\/v2\/pages\/6026\/revisions"}],"predecessor-version":[{"id":16359,"href":"https:\/\/moverdb.com\/hu\/wp-json\/wp\/v2\/pages\/6026\/revisions\/16359"}],"up":[{"embeddable":true,"href":"https:\/\/moverdb.com\/hu\/wp-json\/wp\/v2\/pages\/190"}],"wp:attachment":[{"href":"https:\/\/moverdb.com\/hu\/wp-json\/wp\/v2\/media?parent=6026"}],"curies":[{"name":"wp","href":"https:\/\/api.w.org\/{rel}","templated":true}]}}