{"id":6020,"date":"2023-02-01T13:55:01","date_gmt":"2023-02-01T13:55:01","guid":{"rendered":"https:\/\/moverdb.com\/?page_id=6020"},"modified":"2026-01-08T15:29:53","modified_gmt":"2026-01-08T15:29:53","slug":"koltozteto-cegek-horvatorszag","status":"publish","type":"page","link":"https:\/\/moverdb.com\/hu\/moving-companies\/moving-companies-croatia\/","title":{"rendered":"A legjobb nemzetk\u00f6zi k\u00f6lt\u00f6ztet\u0151 c\u00e9gek Horv\u00e1torsz\u00e1gban"},"content":{"rendered":"<p>Ha otthon\u00e1ba vagy v\u00e1llalkoz\u00e1s\u00e1ba k\u00f6lt\u00f6zik <a href=\"https:\/\/moverdb.com\/hu\/moving-to-croatia\/\" data-internallinksmanager029f6b8e52c=\"428\" title=\"Horv\u00e1torsz\u00e1gba k\u00f6lt\u00f6zik? 2023 Lakhat\u00e1si k\u00f6lts\u00e9gek \u00e9s k\u00f6lt\u00f6z\u00e9si tippek\">Horv\u00e1torsz\u00e1g<\/a>, vagy Horv\u00e1torsz\u00e1gba, illetve Horv\u00e1torsz\u00e1gb\u00f3l, akkor lehet, hogy seg\u00edts\u00e9gre van sz\u00fcks\u00e9ge a k\u00f6lt\u00f6z\u00e9shez. A k\u00f6lt\u00f6z\u0151k seg\u00edt\u00e9se \u00e9rdek\u00e9ben \u00f6ssze\u00e1ll\u00edtottuk a horv\u00e1torsz\u00e1gi k\u00f6lt\u00f6z\u0151k list\u00e1j\u00e1t. <a href=\"https:\/\/moverdb.com\/hu\/international-removals\/\" data-internallinksmanager029f6b8e52c=\"27\" title=\"36 legjobb nemzetk\u00f6zi k\u00f6lt\u00f6ztet\u0151 c\u00e9gek az Egyes\u00fclt Kir\u00e1lys\u00e1gban\">k\u00f6lt\u00f6ztet\u0151 c\u00e9gek<\/a> az al\u00e1bbiakban, amelyek a <a href=\"https:\/\/moverdb.com\/hu\/iam\/\" data-internallinksmanager029f6b8e52c=\"23\" title=\"A K\u00f6lt\u00f6ztet\u0151k Nemzetk\u00f6zi Sz\u00f6vets\u00e9ge (IAM) magyar\u00e1zata\">K\u00f6lt\u00f6ztet\u0151k Nemzetk\u00f6zi Sz\u00f6vets\u00e9ge<\/a> (IAM) \u00e9s\/vagy <a href=\"https:\/\/moverdb.com\/hu\/fidi-faim\/\" data-internallinksmanager029f6b8e52c=\"16\" title=\"FIDI &amp; FAIM (FIDI akkredit\u00e1lt nemzetk\u00f6zi fuvaroz\u00f3) magyar\u00e1zata\">FIDI<\/a> Akkredit\u00e1lt nemzetk\u00f6zi k\u00f6lt\u00f6ztet\u0151 (FAIM).<\/p>\n<h2><strong>Gosselin<\/strong><\/h2>\n<p><img loading=\"lazy\" decoding=\"async\" class=\"alignnone size-full wp-image-5953\" src=\"https:\/\/moverdb.com\/wp-content\/uploads\/Gosselin-Croatia-international-moving-company.png\" alt=\"Gosselin Horv\u00e1torsz\u00e1g nemzetk\u00f6zi k\u00f6lt\u00f6ztet\u0151 c\u00e9g\" width=\"1440\" height=\"680\" data-wp-pid=\"5953\" srcset=\"https:\/\/moverdb.com\/wp-content\/uploads\/Gosselin-Croatia-international-moving-company.png 1440w, https:\/\/moverdb.com\/wp-content\/uploads\/Gosselin-Croatia-international-moving-company-300x142.png 300w, https:\/\/moverdb.com\/wp-content\/uploads\/Gosselin-Croatia-international-moving-company-1024x484.png 1024w, https:\/\/moverdb.com\/wp-content\/uploads\/Gosselin-Croatia-international-moving-company-18x9.png 18w, https:\/\/moverdb.com\/wp-content\/uploads\/Gosselin-Croatia-international-moving-company-600x283.png 600w\" sizes=\"auto, (max-width: 1440px) 100vw, 1440px\" \/><\/p>\n<ul>\n<li>Nemzeti l\u00e9p\u00e9sek<\/li>\n<li>Nemzetk\u00f6zi k\u00f6lt\u00f6z\u00e9sek<\/li>\n<li>H\u00e1ztart\u00e1si k\u00f6lt\u00f6z\u00e9sek<\/li>\n<li>Irodai \u00e9s nagyk\u00f6vets\u00e9gi k\u00f6lt\u00f6z\u00e9sek<\/li>\n<li>A k\u00e9pzett k\u00f6lt\u00f6ztet\u0151k magas sz\u00ednvonalat biztos\u00edtanak<\/li>\n<li>Csomagol\u00e1si \u00e9s kicsomagol\u00e1si szolg\u00e1ltat\u00e1s<\/li>\n<li>K\u00e9pz\u0151m\u0171v\u00e9szet mozg\u00f3<\/li>\n<li>H\u00e1zi\u00e1llat sz\u00e1ll\u00edt\u00e1s<\/li>\n<li>J\u00e1rm\u0171sz\u00e1ll\u00edt\u00e1s<\/li>\n<li>R\u00f6vid \u00e9s hossz\u00fa t\u00e1v\u00fa t\u00e1rol\u00e1s<\/li>\n<\/ul>\n<p>Gosselin egy <a href=\"https:\/\/moverdb.com\/hu\/moving-companies\/\" data-internallinksmanager029f6b8e52c=\"79\" title=\"Top 25 nemzetk\u00f6zi k\u00f6lt\u00f6ztet\u0151 c\u00e9gek online\">nemzetk\u00f6zi k\u00f6lt\u00f6ztet\u0151 c\u00e9g<\/a> amely vil\u00e1gszerte irod\u00e1kkal rendelkezik, \u00e9s 1930 \u00f3ta m\u0171k\u00f6dik. T\u00f6bb mint 20 \u00e9ve ny\u00fajtanak k\u00f6lt\u00f6ztet\u00e9si szolg\u00e1ltat\u00e1sokat Horv\u00e1torsz\u00e1gban z\u00e1gr\u00e1bi b\u00e1zisukr\u00f3l. Az IAM tagjak\u00e9nt 9 \u00e9ves szolg\u00e1lati id\u0151vel rendelkeznek.<\/p>\n<p>A Gosselin professzion\u00e1lis k\u00f6lt\u00f6ztet\u00e9si szolg\u00e1ltat\u00e1st k\u00edn\u00e1l, amely kiv\u00e9telesen nagy vagy kis k\u00f6lt\u00f6z\u00e9sekhez is hozz\u00e1j\u00e1rulhat, bele\u00e9rtve a gondosabb kezel\u00e9st ig\u00e9nyl\u0151 k\u00e9pz\u0151m\u0171v\u00e9szeti alkot\u00e1sokat, valamint speci\u00e1lisabb szolg\u00e1ltat\u00e1sokat, p\u00e9ld\u00e1ul kis\u00e1llat- \u00e9s j\u00e1rm\u0171sz\u00e1ll\u00edt\u00e1st. K\u00e9pzett szem\u00e9lyzetet biztos\u00edtanak, akik magas sz\u00ednvonal\u00fa szabv\u00e1nyok szerint dolgoznak az \u00d6n holmij\u00e1nak sz\u00e1ll\u00edt\u00e1s k\u00f6zbeni v\u00e9delm\u00e9ben, \u00e9s meg\u00e9rkez\u00e9skor kicsomagolj\u00e1k a holmij\u00e1t.<\/p>\n<p>Weboldal: <a href=\"https:\/\/gosselin-moving.com\/en\/southeast-europe\" target=\"_blank\" rel=\"noopener\">https:\/\/gosselin-moving.com\/en\/southeast-europe<\/a><\/p>\n<h2>Egy\u00e9b hasznos \u00fatmutat\u00f3k Horv\u00e1torsz\u00e1ghoz<\/h2>\n<ul>\n<li> <a href=\"https:\/\/moverdb.com\/hu\/kontenerszallitas\/horvatorszag\/\">2024 Tengeri tehersz\u00e1ll\u00edt\u00e1si kont\u00e9ner\u00e1rak Horv\u00e1torsz\u00e1gb\u00f3l \u00e9s Horv\u00e1torsz\u00e1gba<\/a><\/li>\n<li> <a href=\"https:\/\/moverdb.com\/hu\/moving-to-croatia\/\">Horv\u00e1torsz\u00e1gba k\u00f6lt\u00f6zik? 2023 Lakhat\u00e1si k\u00f6lts\u00e9gek \u00e9s k\u00f6lt\u00f6z\u00e9si tippek<\/a><\/li>\n<li> <a href=\"https:\/\/moverdb.com\/hu\/moving-to-croatia\/living-in-croatia\/\">21 titok a horv\u00e1torsz\u00e1gi \u00e9letr\u0151l, amit tudnia kell k\u00f6lt\u00f6z\u00e9s el\u0151tt<\/a><\/li>\n<\/ul>","protected":false},"excerpt":{"rendered":"<p>If you are moving home or business in Croatia, or to or from Croatia, you might want some help with your move. To assist those that are moving we have compiled a list of Croatian removal companies below that are members of the International Association of Movers (IAM) and\/or FIDI Accredited International Mover (FAIM). Gosselin [&hellip;]<\/p>\n","protected":false},"author":4,"featured_media":0,"parent":190,"menu_order":0,"comment_status":"closed","ping_status":"closed","template":"","meta":{"_genesis_hide_title":false,"_genesis_hide_breadcrumbs":false,"_genesis_hide_singular_image":false,"_genesis_hide_footer_widgets":false,"_genesis_custom_body_class":"","_genesis_custom_post_class":"","_genesis_layout":"","footnotes":""},"class_list":{"0":"post-6020","1":"page","2":"type-page","3":"status-publish","5":"entry","6":"has-post-thumbnail"},"_links":{"self":[{"href":"https:\/\/moverdb.com\/hu\/wp-json\/wp\/v2\/pages\/6020","targetHints":{"allow":["GET"]}}],"collection":[{"href":"https:\/\/moverdb.com\/hu\/wp-json\/wp\/v2\/pages"}],"about":[{"href":"https:\/\/moverdb.com\/hu\/wp-json\/wp\/v2\/types\/page"}],"author":[{"embeddable":true,"href":"https:\/\/moverdb.com\/hu\/wp-json\/wp\/v2\/users\/4"}],"replies":[{"embeddable":true,"href":"https:\/\/moverdb.com\/hu\/wp-json\/wp\/v2\/comments?post=6020"}],"version-history":[{"count":2,"href":"https:\/\/moverdb.com\/hu\/wp-json\/wp\/v2\/pages\/6020\/revisions"}],"predecessor-version":[{"id":18351,"href":"https:\/\/moverdb.com\/hu\/wp-json\/wp\/v2\/pages\/6020\/revisions\/18351"}],"up":[{"embeddable":true,"href":"https:\/\/moverdb.com\/hu\/wp-json\/wp\/v2\/pages\/190"}],"wp:attachment":[{"href":"https:\/\/moverdb.com\/hu\/wp-json\/wp\/v2\/media?parent=6020"}],"curies":[{"name":"wp","href":"https:\/\/api.w.org\/{rel}","templated":true}]}}