{"id":5518,"date":"2023-02-01T13:53:00","date_gmt":"2023-02-01T13:53:00","guid":{"rendered":"https:\/\/moverdb.com\/?page_id=5518"},"modified":"2026-01-08T15:29:50","modified_gmt":"2026-01-08T15:29:50","slug":"burkina-faso-i-koltozteto-cegek","status":"publish","type":"page","link":"https:\/\/moverdb.com\/hu\/moving-companies\/burkina-faso-moving-companies\/","title":{"rendered":"A legjobb nemzetk\u00f6zi k\u00f6lt\u00f6ztet\u0151 c\u00e9gek Burkina Faso ter\u00fclet\u00e9n"},"content":{"rendered":"<p>Ha Burkina Fas\u00f3ban tervezi a k\u00f6lt\u00f6z\u00e9st, vagy Burkina Fas\u00f3ba vagy Burkina Fas\u00f3b\u00f3l k\u00f6lt\u00f6zik, akkor egy k\u00f6lt\u00f6ztet\u0151 c\u00e9g seg\u00edts\u00e9g\u00e9t ig\u00e9nybe veheti. Egy k\u00f6lt\u00f6ztet\u0151 c\u00e9g megk\u00f6nny\u00edtheti a fizikai \u00e9s ment\u00e1lis terhet, k\u00fcl\u00f6n\u00f6sen, ha orsz\u00e1gokat k\u00f6lt\u00f6ztet. Az al\u00e1bbiakban \u00f6ssze\u00e1ll\u00edtottuk a Burkina Faso-i k\u00f6lt\u00f6ztet\u0151 c\u00e9gek list\u00e1j\u00e1t. <a href=\"https:\/\/moverdb.com\/hu\/moving-companies\/\" data-internallinksmanager029f6b8e52c=\"79\" title=\"Top 25 nemzetk\u00f6zi k\u00f6lt\u00f6ztet\u0151 c\u00e9gek online\">k\u00f6lt\u00f6ztet\u0151 c\u00e9gek<\/a> amelyek tagjai a <a href=\"https:\/\/moverdb.com\/hu\/iam\/\" data-internallinksmanager029f6b8e52c=\"23\" title=\"A K\u00f6lt\u00f6ztet\u0151k Nemzetk\u00f6zi Sz\u00f6vets\u00e9ge (IAM) magyar\u00e1zata\">K\u00f6lt\u00f6ztet\u0151k Nemzetk\u00f6zi Sz\u00f6vets\u00e9ge<\/a> (IAM), amely seg\u00edthet \u00d6nnek.<\/p>\n<p><strong>Move One<\/strong><\/p>\n<p><img loading=\"lazy\" decoding=\"async\" class=\"alignnone size-full wp-image-5461\" src=\"https:\/\/moverdb.com\/wp-content\/uploads\/Move-One-international-moving-company.png\" alt=\"Move One nemzetk\u00f6zi k\u00f6lt\u00f6ztet\u0151 c\u00e9g\" width=\"1440\" height=\"680\" data-wp-pid=\"5461\" srcset=\"https:\/\/moverdb.com\/wp-content\/uploads\/Move-One-international-moving-company.png 1440w, https:\/\/moverdb.com\/wp-content\/uploads\/Move-One-international-moving-company-300x142.png 300w, https:\/\/moverdb.com\/wp-content\/uploads\/Move-One-international-moving-company-1024x484.png 1024w, https:\/\/moverdb.com\/wp-content\/uploads\/Move-One-international-moving-company-18x9.png 18w, https:\/\/moverdb.com\/wp-content\/uploads\/Move-One-international-moving-company-600x283.png 600w\" sizes=\"auto, (max-width: 1440px) 100vw, 1440px\" \/><\/p>\n<ul>\n<li>Nemzetk\u00f6zi k\u00f6lt\u00f6z\u00e9sek<\/li>\n<li>\u00c1thelyez\u00e9sek<\/li>\n<li>Lakoss\u00e1gi k\u00f6lt\u00f6z\u00e9sek<\/li>\n<li>Irod\u00e1k \u00e1thelyez\u00e9se<\/li>\n<li>Bev\u00e1ndorl\u00e1si t\u00e1mogat\u00e1s<\/li>\n<li>K\u00e9pzett \u00e9s professzion\u00e1lis szem\u00e9lyzet<\/li>\n<li>H\u00e1zi\u00e1llatok sz\u00e1ll\u00edt\u00e1sa<\/li>\n<li>Seg\u00edts\u00e9g az otthon \u00e9s az iskol\u00e1k megtal\u00e1l\u00e1s\u00e1ban<\/li>\n<li>Beilleszked\u00e9si szolg\u00e1ltat\u00e1sok<\/li>\n<li>Rakt\u00e1roz\u00e1si lehet\u0151s\u00e9gek<\/li>\n<\/ul>\n<p>A Move One egy 1992-ben alap\u00edtott k\u00f6lt\u00f6ztet\u0151 c\u00e9g, amely logisztikai, k\u00f6lt\u00f6ztet\u00e9si \u00e9s glob\u00e1lis mobilit\u00e1si megold\u00e1sokat k\u00edn\u00e1l, \u00e9s amelynek fi\u00f3ktelepe Oagadougou-ban tal\u00e1lhat\u00f3. Azt \u00e1ll\u00edtj\u00e1k, hogy piacvezet\u0151k Eur\u00f3p\u00e1ban, Afrik\u00e1ban, a K\u00f6zel-Keleten, a Balk\u00e1non \u00e9s a F\u00c1K-ban. Az IAM tagja, \u00e9s 23 \u00e9ves m\u00faltra tekint vissza. A nemzetk\u00f6zi k\u00f6lt\u00f6ztet\u0151 c\u00e9gek h\u00e1l\u00f3zat\u00e1nak r\u00e9szei, hogy nemzetk\u00f6zi k\u00f6lt\u00f6ztet\u00e9seket biztos\u00edtsanak.<\/p>\n<p>A Move One k\u00f6lt\u00f6z\u00e9si, k\u00f6lt\u00f6ztet\u00e9si \u00e9s k\u00f6lt\u00f6ztet\u00e9si szolg\u00e1ltat\u00e1sokat k\u00edn\u00e1l, amelyek magukban foglalj\u00e1k a szakk\u00e9pzett szem\u00e9lyzet szakmai t\u00e1mogat\u00e1s\u00e1t, akik t\u00e1mogatj\u00e1k a k\u00f6lt\u00f6z\u00e9st, \u00e9s seg\u00edts\u00e9get ny\u00fajtanak a bev\u00e1ndorl\u00e1ssal kapcsolatos b\u00fcrokr\u00e1ci\u00e1ban val\u00f3 eligazod\u00e1shoz. Seg\u00edts\u00e9get tudnak ny\u00fajtani a h\u00e1zi\u00e1llatok sz\u00e1ll\u00edt\u00e1s\u00e1ban, a lakhat\u00e1s \u00e9s az iskol\u00e1k megtal\u00e1l\u00e1s\u00e1ban.<\/p>\n<p>Weboldal: <a href=\"https:\/\/www.moveoneinc.com\/\" target=\"_blank\" rel=\"noopener\">https:\/\/www.moveoneinc.com\/<\/a><\/p>","protected":false},"excerpt":{"rendered":"<p>If you are planning a move in Burkina Faso, or moving to or from Burkina Faso then enlisting the assistance of a moving company can help. A moving company can lighten the load physical and mentally especially if you are moving countries. Below we have compiled a list of Burkina Faso moving companies that are [&hellip;]<\/p>\n","protected":false},"author":4,"featured_media":0,"parent":190,"menu_order":0,"comment_status":"closed","ping_status":"closed","template":"","meta":{"_genesis_hide_title":false,"_genesis_hide_breadcrumbs":false,"_genesis_hide_singular_image":false,"_genesis_hide_footer_widgets":false,"_genesis_custom_body_class":"","_genesis_custom_post_class":"","_genesis_layout":"","footnotes":""},"class_list":{"0":"post-5518","1":"page","2":"type-page","3":"status-publish","5":"entry"},"_links":{"self":[{"href":"https:\/\/moverdb.com\/hu\/wp-json\/wp\/v2\/pages\/5518","targetHints":{"allow":["GET"]}}],"collection":[{"href":"https:\/\/moverdb.com\/hu\/wp-json\/wp\/v2\/pages"}],"about":[{"href":"https:\/\/moverdb.com\/hu\/wp-json\/wp\/v2\/types\/page"}],"author":[{"embeddable":true,"href":"https:\/\/moverdb.com\/hu\/wp-json\/wp\/v2\/users\/4"}],"replies":[{"embeddable":true,"href":"https:\/\/moverdb.com\/hu\/wp-json\/wp\/v2\/comments?post=5518"}],"version-history":[{"count":1,"href":"https:\/\/moverdb.com\/hu\/wp-json\/wp\/v2\/pages\/5518\/revisions"}],"predecessor-version":[{"id":5519,"href":"https:\/\/moverdb.com\/hu\/wp-json\/wp\/v2\/pages\/5518\/revisions\/5519"}],"up":[{"embeddable":true,"href":"https:\/\/moverdb.com\/hu\/wp-json\/wp\/v2\/pages\/190"}],"wp:attachment":[{"href":"https:\/\/moverdb.com\/hu\/wp-json\/wp\/v2\/media?parent=5518"}],"curies":[{"name":"wp","href":"https:\/\/api.w.org\/{rel}","templated":true}]}}