{"id":5515,"date":"2023-02-01T13:53:52","date_gmt":"2023-02-01T13:53:52","guid":{"rendered":"https:\/\/moverdb.com\/?page_id=5515"},"modified":"2026-01-08T15:29:52","modified_gmt":"2026-01-08T15:29:52","slug":"kameruni-koltozteto-cegek","status":"publish","type":"page","link":"https:\/\/moverdb.com\/hu\/moving-companies\/cameroon-moving-companies\/","title":{"rendered":"A legjobb nemzetk\u00f6zi k\u00f6lt\u00f6ztet\u0151 c\u00e9gek Kamerunban"},"content":{"rendered":"<p>Otthon\u00e1t vagy v\u00e1llalkoz\u00e1s\u00e1t k\u00f6lt\u00f6zteti? Akkor lehet, hogy seg\u00edts\u00e9gre van sz\u00fcks\u00e9ge a k\u00f6lt\u00f6z\u00e9s megk\u00f6nny\u00edt\u00e9s\u00e9hez, k\u00fcl\u00f6n\u00f6sen, ha egy m\u00e1sik orsz\u00e1gba k\u00f6lt\u00f6zik, ez\u00e9rt egy j\u00f3 h\u00edrnev\u0171 <a href=\"https:\/\/moverdb.com\/hu\/moving-companies\/\" data-internallinksmanager029f6b8e52c=\"79\" title=\"Top 25 nemzetk\u00f6zi k\u00f6lt\u00f6ztet\u0151 c\u00e9gek online\">k\u00f6lt\u00f6ztet\u0151 c\u00e9g<\/a> seg\u00edthet. Az al\u00e1bbiakban \u00f6ssze\u00e1ll\u00edtottunk egy list\u00e1t Kamerunr\u00f3l. <a href=\"https:\/\/moverdb.com\/hu\/international-removals\/\" data-internallinksmanager029f6b8e52c=\"27\" title=\"36 legjobb nemzetk\u00f6zi k\u00f6lt\u00f6ztet\u0151 c\u00e9gek az Egyes\u00fclt Kir\u00e1lys\u00e1gban\">k\u00f6lt\u00f6ztet\u0151 c\u00e9gek<\/a> amelyek tagjai a <a href=\"https:\/\/moverdb.com\/hu\/iam\/\" data-internallinksmanager029f6b8e52c=\"23\" title=\"A K\u00f6lt\u00f6ztet\u0151k Nemzetk\u00f6zi Sz\u00f6vets\u00e9ge (IAM) magyar\u00e1zata\">K\u00f6lt\u00f6ztet\u0151k Nemzetk\u00f6zi Sz\u00f6vets\u00e9ge<\/a> (IAM), amely seg\u00edthet \u00d6nnek.<\/p>\n<h2><strong>Move One<\/strong><\/h2>\n<p><img loading=\"lazy\" decoding=\"async\" class=\"alignnone size-full wp-image-5461\" src=\"https:\/\/moverdb.com\/wp-content\/uploads\/Move-One-international-moving-company.png\" alt=\"Move One nemzetk\u00f6zi k\u00f6lt\u00f6ztet\u0151 c\u00e9g\" width=\"1440\" height=\"680\" data-wp-pid=\"5461\" srcset=\"https:\/\/moverdb.com\/wp-content\/uploads\/Move-One-international-moving-company.png 1440w, https:\/\/moverdb.com\/wp-content\/uploads\/Move-One-international-moving-company-300x142.png 300w, https:\/\/moverdb.com\/wp-content\/uploads\/Move-One-international-moving-company-1024x484.png 1024w, https:\/\/moverdb.com\/wp-content\/uploads\/Move-One-international-moving-company-18x9.png 18w, https:\/\/moverdb.com\/wp-content\/uploads\/Move-One-international-moving-company-600x283.png 600w\" sizes=\"auto, (max-width: 1440px) 100vw, 1440px\" \/><\/p>\n<ul>\n<li>Nemzetk\u00f6zi k\u00f6lt\u00f6ztet\u00e9sek<\/li>\n<li>\u00c1thelyez\u00e9sek<\/li>\n<li>H\u00e1ztart\u00e1si k\u00f6lt\u00f6z\u00e9sek<\/li>\n<li>Irodai k\u00f6lt\u00f6ztet\u00e9s<\/li>\n<li>Profi szem\u00e9lyzet az \u00d6n t\u00e1mogat\u00e1s\u00e1ra<\/li>\n<li>Bev\u00e1ndorl\u00e1si seg\u00edts\u00e9gny\u00fajt\u00e1s<\/li>\n<li>H\u00e1zi\u00e1llat sz\u00e1ll\u00edt\u00e1s<\/li>\n<li>Seg\u00edts\u00e9g a beilleszked\u00e9shez<\/li>\n<li>Otthonok \u00e9s iskol\u00e1k keres\u00e9se<\/li>\n<li>T\u00e1rol\u00e1si megold\u00e1sok<\/li>\n<\/ul>\n<p>A Move One egy nemzetk\u00f6zi k\u00f6lt\u00f6ztet\u0151 c\u00e9g, amely Eur\u00f3p\u00e1ban, Afrik\u00e1ban \u00e9s a K\u00f6zel-Keleten, k\u00f6zt\u00fck Kamerunban is rendelkezik kirendelts\u00e9gekkel. 1992 \u00f3ta ny\u00fajtanak logisztikai, k\u00f6lt\u00f6ztet\u00e9si \u00e9s glob\u00e1lis mobilit\u00e1si megold\u00e1sokat. Nemzetk\u00f6zi k\u00f6lt\u00f6ztet\u0151 c\u00e9gek nemzetk\u00f6zi h\u00e1l\u00f3zat\u00e1val is rendelkeznek, hogy seg\u00edtsenek az \u00fcgyfeleknek nemzetk\u00f6zi szinten. A kameruni kirendelts\u00e9g az IAM tagja, 6 \u00e9ves szolg\u00e1lati id\u0151vel.<\/p>\n<p>A Move One professzion\u00e1lis szolg\u00e1ltat\u00e1st ny\u00fajt magasan k\u00e9pzett szem\u00e9lyzettel, hogy t\u00e1mogassa k\u00f6lt\u00f6z\u00e9s\u00e9t vagy \u00e1thelyez\u00e9s\u00e9t. A k\u00f6lt\u00f6z\u00e9s minden aspektus\u00e1t t\u00e1mogatj\u00e1k, bele\u00e9rtve a logisztikai \u00e9s bev\u00e1ndorl\u00e1si t\u00e1mogat\u00e1s megszervez\u00e9s\u00e9t, valamint a h\u00e1zi\u00e1llatok sz\u00e1ll\u00edt\u00e1s\u00e1t. K\u00f6lt\u00f6z\u00e9si szolg\u00e1ltat\u00e1saik k\u00f6z\u00e9 tartozik a leteleped\u00e9s, az otthon- \u00e9s iskolakeres\u00e9s t\u00e1mogat\u00e1sa is.<\/p>\n<p>Weboldal: <a href=\"https:\/\/www.moveoneinc.com\/\" target=\"_blank\" rel=\"noopener\">https:\/\/www.moveoneinc.com\/<\/a><\/p>","protected":false},"excerpt":{"rendered":"<p>Are you moving home or your business? Then you may want help in making the move easier especially if you are relocating to another country, so a reputable moving company could help. Below we have compiled a list of Cameroon removal companies that are members of the International Association of Movers (IAM) that could help [&hellip;]<\/p>\n","protected":false},"author":4,"featured_media":0,"parent":190,"menu_order":0,"comment_status":"closed","ping_status":"closed","template":"","meta":{"_genesis_hide_title":false,"_genesis_hide_breadcrumbs":false,"_genesis_hide_singular_image":false,"_genesis_hide_footer_widgets":false,"_genesis_custom_body_class":"","_genesis_custom_post_class":"","_genesis_layout":"","footnotes":""},"class_list":{"0":"post-5515","1":"page","2":"type-page","3":"status-publish","5":"entry","6":"has-post-thumbnail"},"_links":{"self":[{"href":"https:\/\/moverdb.com\/hu\/wp-json\/wp\/v2\/pages\/5515","targetHints":{"allow":["GET"]}}],"collection":[{"href":"https:\/\/moverdb.com\/hu\/wp-json\/wp\/v2\/pages"}],"about":[{"href":"https:\/\/moverdb.com\/hu\/wp-json\/wp\/v2\/types\/page"}],"author":[{"embeddable":true,"href":"https:\/\/moverdb.com\/hu\/wp-json\/wp\/v2\/users\/4"}],"replies":[{"embeddable":true,"href":"https:\/\/moverdb.com\/hu\/wp-json\/wp\/v2\/comments?post=5515"}],"version-history":[{"count":2,"href":"https:\/\/moverdb.com\/hu\/wp-json\/wp\/v2\/pages\/5515\/revisions"}],"predecessor-version":[{"id":5517,"href":"https:\/\/moverdb.com\/hu\/wp-json\/wp\/v2\/pages\/5515\/revisions\/5517"}],"up":[{"embeddable":true,"href":"https:\/\/moverdb.com\/hu\/wp-json\/wp\/v2\/pages\/190"}],"wp:attachment":[{"href":"https:\/\/moverdb.com\/hu\/wp-json\/wp\/v2\/media?parent=5515"}],"curies":[{"name":"wp","href":"https:\/\/api.w.org\/{rel}","templated":true}]}}