{"id":5512,"date":"2023-02-01T13:54:26","date_gmt":"2023-02-01T13:54:26","guid":{"rendered":"https:\/\/moverdb.com\/?page_id=5512"},"modified":"2026-01-08T15:29:51","modified_gmt":"2026-01-08T15:29:51","slug":"burundi-koltozteto-cegek","status":"publish","type":"page","link":"https:\/\/moverdb.com\/hu\/moving-companies\/burundi-moving-companies\/","title":{"rendered":"A legjobb nemzetk\u00f6zi k\u00f6lt\u00f6ztet\u0151 c\u00e9gek Burundiban"},"content":{"rendered":"<p>Ha Burundiba szeretne k\u00f6lt\u00f6zni, Burundiba vagy Burundib\u00f3l szeretne k\u00f6lt\u00f6zni, akkor \u00e9rdekelhetik a Burundi <a href=\"https:\/\/moverdb.com\/hu\/moving-companies\/\" data-internallinksmanager029f6b8e52c=\"79\" title=\"Top 25 nemzetk\u00f6zi k\u00f6lt\u00f6ztet\u0151 c\u00e9gek online\">k\u00f6lt\u00f6ztet\u0151 c\u00e9g<\/a> aki megk\u00f6nny\u00edtheti a k\u00f6lt\u00f6z\u00e9st az \u00d6n sz\u00e1m\u00e1ra. Az al\u00e1bbiakban \u00f6ssze\u00e1ll\u00edtottunk egy list\u00e1t Burundi <a href=\"https:\/\/moverdb.com\/hu\/international-removals\/\" data-internallinksmanager029f6b8e52c=\"27\" title=\"36 legjobb nemzetk\u00f6zi k\u00f6lt\u00f6ztet\u0151 c\u00e9gek az Egyes\u00fclt Kir\u00e1lys\u00e1gban\">k\u00f6lt\u00f6ztet\u0151 c\u00e9gek<\/a> amelyek tagjai a <a href=\"https:\/\/moverdb.com\/hu\/iam\/\" data-internallinksmanager029f6b8e52c=\"23\" title=\"A K\u00f6lt\u00f6ztet\u0151k Nemzetk\u00f6zi Sz\u00f6vets\u00e9ge (IAM) magyar\u00e1zata\">K\u00f6lt\u00f6ztet\u0151k Nemzetk\u00f6zi Sz\u00f6vets\u00e9ge<\/a> (IAM), amely seg\u00edthet \u00d6nnek.<\/p>\n<h2><strong>Nagy tavak logisztik\u00e1ja<\/strong><\/h2>\n<p><img loading=\"lazy\" decoding=\"async\" class=\"alignnone size-full wp-image-5444\" src=\"https:\/\/moverdb.com\/wp-content\/uploads\/Great-Lakes-Logistics-international-moving-company.png\" alt=\"Great Lakes Logistics nemzetk\u00f6zi k\u00f6lt\u00f6ztet\u0151 c\u00e9g\" width=\"1440\" height=\"679\" data-wp-pid=\"5444\" srcset=\"https:\/\/moverdb.com\/wp-content\/uploads\/Great-Lakes-Logistics-international-moving-company.png 1440w, https:\/\/moverdb.com\/wp-content\/uploads\/Great-Lakes-Logistics-international-moving-company-300x141.png 300w, https:\/\/moverdb.com\/wp-content\/uploads\/Great-Lakes-Logistics-international-moving-company-1024x483.png 1024w, https:\/\/moverdb.com\/wp-content\/uploads\/Great-Lakes-Logistics-international-moving-company-18x8.png 18w, https:\/\/moverdb.com\/wp-content\/uploads\/Great-Lakes-Logistics-international-moving-company-600x283.png 600w\" sizes=\"auto, (max-width: 1440px) 100vw, 1440px\" \/><\/p>\n<ul>\n<li>Nemzeti l\u00e9p\u00e9sek<\/li>\n<li>Nemzetk\u00f6zi k\u00f6lt\u00f6z\u00e9sek<\/li>\n<li>Lakoss\u00e1gi k\u00f6lt\u00f6ztet\u00e9s<\/li>\n<li>Kisebb kereskedelmi k\u00f6lt\u00f6z\u00e9sek<\/li>\n<li>K\u00f6z\u00fati, vas\u00fati, tengeri \u00e9s l\u00e9gi \u00e1rufuvaroz\u00e1s<\/li>\n<li>Csomagol\u00e1si, be- \u00e9s kirakod\u00e1si szolg\u00e1ltat\u00e1sok<\/li>\n<li>Online lelt\u00e1r<\/li>\n<li>V\u00e1mkezel\u00e9s<\/li>\n<li>Kelet-Afrik\u00e1ra vonatkozik<\/li>\n<li>Rakt\u00e1roz\u00e1si lehet\u0151s\u00e9gek<\/li>\n<\/ul>\n<p>A Great Lakes Logistics egy elsz\u00e1mol\u00e1si, sz\u00e1ll\u00edtm\u00e1nyoz\u00e1si, fuvaroz\u00e1si \u00e9s rakt\u00e1roz\u00e1si v\u00e1llalkoz\u00e1s, amelyet 2015-ben Burundiban alap\u00edtottak egy nagy egyes\u00fclt arab em\u00edrs\u00e9gi v\u00e1llalat fi\u00f3ktelepek\u00e9nt. Burundiban, Ruand\u00e1ban ny\u00fajtanak k\u00f6lt\u00f6ztet\u00e9si szolg\u00e1ltat\u00e1sokat, <a href=\"https:\/\/moverdb.com\/hu\/moving-companies\/moving-companies-kenya\/\" data-internallinksmanager029f6b8e52c=\"305\" title=\"4 legjobb nemzetk\u00f6zi k\u00f6lt\u00f6ztet\u0151 c\u00e9gek Keny\u00e1ban\">Kenya<\/a>, Uganda, Tanz\u00e1nia, D\u00e9l-Szud\u00e1n, <a href=\"https:\/\/moverdb.com\/hu\/moving-companies\/moving-companies-mozambique\/\" data-internallinksmanager029f6b8e52c=\"286\" title=\"4 legjobb nemzetk\u00f6zi k\u00f6lt\u00f6ztet\u0151 c\u00e9gek Mozambikban\">Mozambik<\/a>, <a href=\"https:\/\/moverdb.com\/hu\/moving-companies\/moving-companies-malawi\/\" data-internallinksmanager029f6b8e52c=\"295\" title=\"A legjobb nemzetk\u00f6zi k\u00f6lt\u00f6ztet\u0151 c\u00e9gek Malawiban\">Malawi<\/a>, KDK, <a href=\"https:\/\/moverdb.com\/hu\/moving-companies\/botswana-moving-companies\/\" data-internallinksmanager029f6b8e52c=\"167\" title=\"A legjobb nemzetk\u00f6zi k\u00f6lt\u00f6ztet\u0151 c\u00e9gek Botswan\u00e1ban\">Botswana<\/a>, Angola \u00e9s Zimbabwe. Az IAM tagja 6 \u00e9ves szolg\u00e1lati id\u0151vel.<\/p>\n<p>A Great Lakes Logistics lakoss\u00e1gi \u00e9s kisebb kereskedelmi k\u00f6lt\u00f6z\u00e9sekkel foglalkozik, amelyeket k\u00f6z\u00fati, vas\u00fati, tengeri \u00e9s l\u00e9gi sz\u00e1ll\u00edtm\u00e1nyoz\u00e1ssal v\u00e9geznek. Sz\u00e1mos k\u00f6lt\u00f6ztet\u00e9si szolg\u00e1ltat\u00e1st k\u00edn\u00e1lnak, bele\u00e9rtve a be- \u00e9s kirakod\u00e1st, a holmik elrendez\u00e9s\u00e9t, a csomagol\u00e1si szolg\u00e1ltat\u00e1sokat \u00e9s a v\u00e1mkezel\u00e9st, valamint a t\u00e1rol\u00e1st.<\/p>\n<p>Weboldal: <a href=\"https:\/\/www.greatlakeslogistics-bu.bi\" target=\"_blank\" rel=\"noopener\">https:\/\/www.greatlakeslogistics-bu.bi<\/a><\/p>","protected":false},"excerpt":{"rendered":"<p>If you are wanting to move home or business in Burundi, move to or from Burundi, you may be interested in the services of a moving company who could ease the move for you. Below we have compiled a list of Burundi removal companies that are members of the International Association of Movers (IAM) that [&hellip;]<\/p>\n","protected":false},"author":4,"featured_media":0,"parent":190,"menu_order":0,"comment_status":"closed","ping_status":"closed","template":"","meta":{"_genesis_hide_title":false,"_genesis_hide_breadcrumbs":false,"_genesis_hide_singular_image":false,"_genesis_hide_footer_widgets":false,"_genesis_custom_body_class":"","_genesis_custom_post_class":"","_genesis_layout":"","footnotes":""},"class_list":{"0":"post-5512","1":"page","2":"type-page","3":"status-publish","5":"entry","6":"has-post-thumbnail"},"_links":{"self":[{"href":"https:\/\/moverdb.com\/hu\/wp-json\/wp\/v2\/pages\/5512","targetHints":{"allow":["GET"]}}],"collection":[{"href":"https:\/\/moverdb.com\/hu\/wp-json\/wp\/v2\/pages"}],"about":[{"href":"https:\/\/moverdb.com\/hu\/wp-json\/wp\/v2\/types\/page"}],"author":[{"embeddable":true,"href":"https:\/\/moverdb.com\/hu\/wp-json\/wp\/v2\/users\/4"}],"replies":[{"embeddable":true,"href":"https:\/\/moverdb.com\/hu\/wp-json\/wp\/v2\/comments?post=5512"}],"version-history":[{"count":2,"href":"https:\/\/moverdb.com\/hu\/wp-json\/wp\/v2\/pages\/5512\/revisions"}],"predecessor-version":[{"id":5514,"href":"https:\/\/moverdb.com\/hu\/wp-json\/wp\/v2\/pages\/5512\/revisions\/5514"}],"up":[{"embeddable":true,"href":"https:\/\/moverdb.com\/hu\/wp-json\/wp\/v2\/pages\/190"}],"wp:attachment":[{"href":"https:\/\/moverdb.com\/hu\/wp-json\/wp\/v2\/media?parent=5512"}],"curies":[{"name":"wp","href":"https:\/\/api.w.org\/{rel}","templated":true}]}}