{"id":5510,"date":"2023-02-01T12:32:51","date_gmt":"2023-02-01T12:32:51","guid":{"rendered":"https:\/\/moverdb.com\/?page_id=5510"},"modified":"2026-01-08T15:23:39","modified_gmt":"2026-01-08T15:23:39","slug":"bolgar-koltozteto-cegek","status":"publish","type":"page","link":"https:\/\/moverdb.com\/hu\/moving-companies\/bulgaria-moving-companies\/","title":{"rendered":"2 A legjobb nemzetk\u00f6zi k\u00f6lt\u00f6ztet\u0151 c\u00e9gek Bulg\u00e1ri\u00e1ban"},"content":{"rendered":"<p>Ha otthon\u00e1t vagy v\u00e1llalkoz\u00e1s\u00e1t k\u00f6lt\u00f6zteti <a href=\"https:\/\/moverdb.com\/hu\/moving-to-bulgaria\/\" data-internallinksmanager029f6b8e52c=\"322\" title=\"Bulg\u00e1ri\u00e1ba k\u00f6lt\u00f6zik? 2023 Meg\u00e9lhet\u00e9si k\u00f6lts\u00e9gek \u00e9s k\u00f6lt\u00f6z\u00e9si tippek\">Bulg\u00e1ria<\/a>, vagy Bulg\u00e1ri\u00e1ba vagy Bulg\u00e1ri\u00e1b\u00f3l k\u00f6lt\u00f6zik, akkor \u00e9rdemes lehet ig\u00e9nybe venni egy olyan \u00fcgyv\u00e9d szolg\u00e1ltat\u00e1sait, aki <a href=\"https:\/\/moverdb.com\/hu\/moving-companies\/\" data-internallinksmanager029f6b8e52c=\"79\" title=\"Top 25 nemzetk\u00f6zi k\u00f6lt\u00f6ztet\u0151 c\u00e9gek online\">k\u00f6lt\u00f6ztet\u0151 c\u00e9g<\/a> a munkaterhel\u00e9s cs\u00f6kkent\u00e9se \u00e9rdek\u00e9ben. Az al\u00e1bbiakban \u00f6ssze\u00e1ll\u00edtottunk egy list\u00e1t a bolg\u00e1r <a href=\"https:\/\/moverdb.com\/hu\/international-removals\/\" data-internallinksmanager029f6b8e52c=\"27\" title=\"36 legjobb nemzetk\u00f6zi k\u00f6lt\u00f6ztet\u0151 c\u00e9gek az Egyes\u00fclt Kir\u00e1lys\u00e1gban\">k\u00f6lt\u00f6ztet\u0151 c\u00e9gek<\/a> amelyek tagjai a <a href=\"https:\/\/moverdb.com\/hu\/iam\/\" data-internallinksmanager029f6b8e52c=\"23\" title=\"A K\u00f6lt\u00f6ztet\u0151k Nemzetk\u00f6zi Sz\u00f6vets\u00e9ge (IAM) magyar\u00e1zata\">K\u00f6lt\u00f6ztet\u0151k Nemzetk\u00f6zi Sz\u00f6vets\u00e9ge<\/a> (IAM) \u00e9s\/vagy <a href=\"https:\/\/moverdb.com\/hu\/fidi-faim\/\" data-internallinksmanager029f6b8e52c=\"16\" title=\"FIDI &amp; FAIM (FIDI akkredit\u00e1lt nemzetk\u00f6zi fuvaroz\u00f3) magyar\u00e1zata\">FIDI<\/a> Akkredit\u00e1lt nemzetk\u00f6zi k\u00f6lt\u00f6ztet\u0151 (FAIM), amely seg\u00edthet \u00d6nnek.<\/p>\n<h2><strong>1. Movega<\/strong><\/h2>\n<p><img loading=\"lazy\" decoding=\"async\" class=\"alignnone size-full wp-image-5463\" src=\"https:\/\/moverdb.com\/wp-content\/uploads\/Movega-international-moving-company.png\" alt=\"Movega nemzetk\u00f6zi k\u00f6lt\u00f6ztet\u0151 c\u00e9g\" width=\"1440\" height=\"678\" data-wp-pid=\"5463\" srcset=\"https:\/\/moverdb.com\/wp-content\/uploads\/Movega-international-moving-company.png 1440w, https:\/\/moverdb.com\/wp-content\/uploads\/Movega-international-moving-company-300x141.png 300w, https:\/\/moverdb.com\/wp-content\/uploads\/Movega-international-moving-company-1024x482.png 1024w, https:\/\/moverdb.com\/wp-content\/uploads\/Movega-international-moving-company-18x8.png 18w, https:\/\/moverdb.com\/wp-content\/uploads\/Movega-international-moving-company-600x283.png 600w\" sizes=\"auto, (max-width: 1440px) 100vw, 1440px\" \/><\/p>\n<ul>\n<li>Nemzeti l\u00e9p\u00e9sek<\/li>\n<li>Eur\u00f3pai k\u00f6lt\u00f6ztet\u00e9sek<\/li>\n<li>H\u00e1ztart\u00e1si k\u00f6lt\u00f6z\u00e9sek<\/li>\n<li>Irod\u00e1k \u00e1thelyez\u00e9se<\/li>\n<li>Teljes \u00e9s r\u00e9szterhel\u00e9s\u0171 szolg\u00e1ltat\u00e1sok<\/li>\n<li>Kedvezm\u00e9nyek t\u00f6bb j\u00e1rm\u0171 foglal\u00e1sa eset\u00e9n<\/li>\n<li>Csomagol\u00e1s \u00e9s kicsomagol\u00e1s<\/li>\n<li>Online felm\u00e9r\u00e9si platform az \u00d6n ig\u00e9nyeinek felm\u00e9r\u00e9s\u00e9hez<\/li>\n<li>K\u00fcls\u0151 felvon\u00f3t biztos\u00edthat<\/li>\n<li>T\u00e1rol\u00e1si megold\u00e1sok<\/li>\n<\/ul>\n<p>A Movega egy v\u00e1rnai sz\u00e9khely\u0171 k\u00f6lt\u00f6ztet\u0151 c\u00e9g, amely k\u00f6lt\u00f6ztet\u00e9si szolg\u00e1ltat\u00e1sokat k\u00edn\u00e1l Bulg\u00e1ri\u00e1ban \u00e9s Eur\u00f3p\u00e1ban. Nemzetk\u00f6zi szolg\u00e1ltat\u00e1saik ny\u00fajt\u00e1sa \u00e9rdek\u00e9ben k\u00f6lt\u00f6ztet\u0151 partnerekkel dolgoznak egy\u00fctt. H\u00e1ztart\u00e1si \u00e9s irodai k\u00f6lt\u00f6ztet\u00e9sekkel foglalkoznak, \u00e9s 2 \u00e9ves IAM tags\u00e1ggal rendelkeznek.<\/p>\n<p>A Movega t\u00f6bbf\u00e9le k\u00f6lt\u00f6ztet\u00e9si szolg\u00e1ltat\u00e1st k\u00edn\u00e1l, amelyek lehet\u0151v\u00e9 teszik, hogy teljes vagy r\u00e9szleges rakom\u00e1nyt haszn\u00e1ljon fel, vagy t\u00f6bb j\u00e1rm\u0171 eset\u00e9n kedvezm\u00e9nyeket kapjon. Online felm\u00e9r\u00e9si platformjuk seg\u00edts\u00e9g\u00e9vel seg\u00edtenek felm\u00e9rni k\u00f6lt\u00f6z\u00e9si ig\u00e9nyeit. Sz\u00e1ll\u00edt\u00e1si szolg\u00e1ltat\u00e1sokat, valamint teljes k\u00f6r\u0171 csomagol\u00e1si \u00e9s kicsomagol\u00e1si szolg\u00e1ltat\u00e1sokat k\u00edn\u00e1lnak. V\u00e1ltozatos flott\u00e1val rendelkeznek, bele\u00e9rtve egy k\u00fcls\u0151 emel\u0151t is, hogy a nagym\u00e9ret\u0171 b\u00fatorokat az ablakokon \u00e9s erk\u00e9lyeken kereszt\u00fcl juttass\u00e1k \u00e1t.<\/p>\n<p>Weboldal: <a href=\"http:\/\/movega.co.uk\" target=\"_blank\" rel=\"noopener\">http:\/\/movega.co.uk<\/a><\/p>\n<h2><strong>2. Orbit<\/strong><\/h2>\n<p><img loading=\"lazy\" decoding=\"async\" class=\"alignnone size-full wp-image-5470\" src=\"https:\/\/moverdb.com\/wp-content\/uploads\/Orbit-international-moving-company.png\" alt=\"Orbit nemzetk\u00f6zi k\u00f6lt\u00f6ztet\u0151 c\u00e9g\" width=\"1440\" height=\"684\" data-wp-pid=\"5470\" srcset=\"https:\/\/moverdb.com\/wp-content\/uploads\/Orbit-international-moving-company.png 1440w, https:\/\/moverdb.com\/wp-content\/uploads\/Orbit-international-moving-company-300x143.png 300w, https:\/\/moverdb.com\/wp-content\/uploads\/Orbit-international-moving-company-1024x486.png 1024w, https:\/\/moverdb.com\/wp-content\/uploads\/Orbit-international-moving-company-18x9.png 18w, https:\/\/moverdb.com\/wp-content\/uploads\/Orbit-international-moving-company-600x285.png 600w\" sizes=\"auto, (max-width: 1440px) 100vw, 1440px\" \/><\/p>\n<ul>\n<li>Nemzeti l\u00e9p\u00e9sek<\/li>\n<li>Nemzetk\u00f6zi k\u00f6lt\u00f6z\u00e9sek<\/li>\n<li>H\u00e1ztart\u00e1si k\u00f6lt\u00f6z\u00e9sek<\/li>\n<li>Kereskedelmi logisztika<\/li>\n<li>Szem\u00e9lyre szabott megk\u00f6zel\u00edt\u00e9s<\/li>\n<li>Sz\u00e1razf\u00f6ldi, tengeri \u00e9s l\u00e9gi sz\u00e1ll\u00edt\u00e1s<\/li>\n<li>V\u00e1mhivatal<\/li>\n<li>Csomagol\u00e1s \u00e9s kicsomagol\u00e1s<\/li>\n<li>A m\u0171v\u00e9szet sz\u00e1ll\u00edt\u00e1sa<\/li>\n<li>Sz\u00e1ll\u00edt\u00e1si nyomon k\u00f6vet\u00e9s \u00e9s biztos\u00edt\u00e1s<\/li>\n<\/ul>\n<p>Az Orbit egy sz\u00f3fiai sz\u00e9khely\u0171 sz\u00e1ll\u00edtm\u00e1nyoz\u00e1si \u00e9s fuvaroz\u00e1si v\u00e1llalat, amely t\u00f6bb mint 25 \u00e9ve m\u0171k\u00f6dik, \u00e9s seg\u00edt az embereknek a k\u00f6lt\u00f6z\u00e9sben Bulg\u00e1ri\u00e1ban \u00e9s nemzetk\u00f6zi szinten. Az Orphee Beinoglou csoport tagja, amelynek Eur\u00f3pa-szerte vannak fi\u00f3kjai, amelyekkel \u00e9s m\u00e1s k\u00f6lt\u00f6ztet\u0151 partnerekkel egy\u00fcttm\u0171k\u00f6dve nemzetk\u00f6zi k\u00f6lt\u00f6z\u00e9seket bonyol\u00edtanak le. Az IAM tagjai, 28 \u00e9ves szolg\u00e1lati id\u0151vel, \u00e9s a FIDI \u00e1ltal akkredit\u00e1ltak.<\/p>\n<p>Az Orbit szem\u00e9lyes szolg\u00e1ltat\u00e1st ny\u00fajt, bele\u00e9rtve a kezdeti ellen\u0151rz\u00e9st, a sz\u00e1razf\u00f6ldi, tengeri vagy l\u00e9gi k\u00f6lt\u00f6z\u00e9s megtervez\u00e9s\u00e9t, a holmik biztons\u00e1gos be- \u00e9s kicsomagol\u00e1s\u00e1t, valamint a v\u00e1mkezel\u00e9s megszervez\u00e9s\u00e9t. A sz\u00e1ll\u00edtm\u00e1nyok tranzitbiztos\u00edt\u00e1s\u00e1val \u00e9s a sz\u00e1ll\u00edtm\u00e1ny nyomon k\u00f6vet\u00e9s\u00e9vel biztos\u00edtj\u00e1k a nyugalmat.<\/p>\n<p>Weboldal: <a href=\"http:\/\/www.orbit.bg\" target=\"_blank\" rel=\"noopener\">http:\/\/www.orbit.bg<\/a><\/p>\n<h2>Egy\u00e9b hasznos \u00fatmutat\u00f3k Bulg\u00e1ri\u00e1hoz<\/h2>\n<ul>\n<li> <a href=\"https:\/\/moverdb.com\/hu\/moving-to-bulgaria\/\">Bulg\u00e1ri\u00e1ba k\u00f6lt\u00f6zik? 2023 Meg\u00e9lhet\u00e9si k\u00f6lts\u00e9gek \u00e9s k\u00f6lt\u00f6z\u00e9si tippek<\/a><\/li>\n<li> <a href=\"https:\/\/moverdb.com\/hu\/moving-to-bulgaria\/best-places-to-live-bulgaria\/\">13 Legjobb helyek \u00e9lni Bulg\u00e1ri\u00e1ban<\/a><\/li>\n<\/ul>","protected":false},"excerpt":{"rendered":"<p>If you are moving home or your business in Bulgaria, or moving to or from Bulgaria, then you may want to engage the services of a moving company to reduce the workload. Below we have compiled a list of Bulgarian removal companies that are members of the International Association of Movers (IAM) and\/or FIDI Accredited [&hellip;]<\/p>\n","protected":false},"author":4,"featured_media":0,"parent":190,"menu_order":0,"comment_status":"closed","ping_status":"closed","template":"","meta":{"_genesis_hide_title":false,"_genesis_hide_breadcrumbs":false,"_genesis_hide_singular_image":false,"_genesis_hide_footer_widgets":false,"_genesis_custom_body_class":"","_genesis_custom_post_class":"","_genesis_layout":"","footnotes":""},"class_list":{"0":"post-5510","1":"page","2":"type-page","3":"status-publish","5":"entry","6":"has-post-thumbnail"},"_links":{"self":[{"href":"https:\/\/moverdb.com\/hu\/wp-json\/wp\/v2\/pages\/5510","targetHints":{"allow":["GET"]}}],"collection":[{"href":"https:\/\/moverdb.com\/hu\/wp-json\/wp\/v2\/pages"}],"about":[{"href":"https:\/\/moverdb.com\/hu\/wp-json\/wp\/v2\/types\/page"}],"author":[{"embeddable":true,"href":"https:\/\/moverdb.com\/hu\/wp-json\/wp\/v2\/users\/4"}],"replies":[{"embeddable":true,"href":"https:\/\/moverdb.com\/hu\/wp-json\/wp\/v2\/comments?post=5510"}],"version-history":[{"count":3,"href":"https:\/\/moverdb.com\/hu\/wp-json\/wp\/v2\/pages\/5510\/revisions"}],"predecessor-version":[{"id":16292,"href":"https:\/\/moverdb.com\/hu\/wp-json\/wp\/v2\/pages\/5510\/revisions\/16292"}],"up":[{"embeddable":true,"href":"https:\/\/moverdb.com\/hu\/wp-json\/wp\/v2\/pages\/190"}],"wp:attachment":[{"href":"https:\/\/moverdb.com\/hu\/wp-json\/wp\/v2\/media?parent=5510"}],"curies":[{"name":"wp","href":"https:\/\/api.w.org\/{rel}","templated":true}]}}