{"id":5242,"date":"2022-10-24T11:48:27","date_gmt":"2022-10-24T11:48:27","guid":{"rendered":"https:\/\/moverdb.com\/?page_id=5242"},"modified":"2026-01-08T15:29:48","modified_gmt":"2026-01-08T15:29:48","slug":"botswana","status":"publish","type":"page","link":"https:\/\/moverdb.com\/hu\/moving-companies\/botswana-moving-companies\/","title":{"rendered":"A legjobb nemzetk\u00f6zi k\u00f6lt\u00f6ztet\u0151 c\u00e9gek Botswan\u00e1ban"},"content":{"rendered":"<p>Botswan\u00e1n bel\u00fcl, vagy Botswan\u00e1ba, illetve Botswan\u00e1b\u00f3l tervez k\u00f6lt\u00f6z\u00e9st? Ak\u00e1r otthon\u00e1t, ak\u00e1r v\u00e1llalkoz\u00e1s\u00e1t k\u00f6lt\u00f6zteti, a k\u00f6lt\u00f6ztet\u0151 szolg\u00e1ltat\u00e1sainak ig\u00e9nybev\u00e9tel\u00e9vel <a href=\"https:\/\/moverdb.com\/hu\/moving-companies\/\" data-internallinksmanager029f6b8e52c=\"79\" title=\"Top 25 nemzetk\u00f6zi k\u00f6lt\u00f6ztet\u0151 c\u00e9gek online\">k\u00f6lt\u00f6ztet\u0151 c\u00e9g<\/a> seg\u00edthet k\u00f6nny\u00edteni a terheken. Seg\u00edts\u00e9g\u00fcl \u00f6ssze\u00e1ll\u00edtottunk egy list\u00e1t a botswanai <a href=\"https:\/\/moverdb.com\/hu\/international-removals\/\" data-internallinksmanager029f6b8e52c=\"27\" title=\"36 legjobb nemzetk\u00f6zi k\u00f6lt\u00f6ztet\u0151 c\u00e9gek az Egyes\u00fclt Kir\u00e1lys\u00e1gban\">k\u00f6lt\u00f6ztet\u0151 c\u00e9gek<\/a> az al\u00e1bbiakban, amelyek a <a href=\"https:\/\/moverdb.com\/hu\/iam\/\" data-internallinksmanager029f6b8e52c=\"23\" title=\"A K\u00f6lt\u00f6ztet\u0151k Nemzetk\u00f6zi Sz\u00f6vets\u00e9ge (IAM) magyar\u00e1zata\">K\u00f6lt\u00f6ztet\u0151k Nemzetk\u00f6zi Sz\u00f6vets\u00e9ge<\/a> (IAM) \u00e9s\/vagy <a href=\"https:\/\/moverdb.com\/hu\/fidi-faim\/\" data-internallinksmanager029f6b8e52c=\"16\" title=\"FIDI &amp; FAIM (FIDI akkredit\u00e1lt nemzetk\u00f6zi fuvaroz\u00f3) magyar\u00e1zata\">FIDI<\/a> Akkredit\u00e1lt nemzetk\u00f6zi k\u00f6lt\u00f6ztet\u0151 (FAIM).<\/p>\n<h2><strong>AGS Worldwide Movers<\/strong><\/h2>\n<p><em><img loading=\"lazy\" decoding=\"async\" class=\"alignnone size-full wp-image-5137\" src=\"https:\/\/moverdb.com\/wp-content\/uploads\/AGS-Wroldwide-Movers-international-moving-company.png\" alt=\"AGS Wroldwide Movers nemzetk\u00f6zi k\u00f6lt\u00f6ztet\u0151 c\u00e9g\" width=\"1440\" height=\"680\" data-wp-pid=\"5137\" srcset=\"https:\/\/moverdb.com\/wp-content\/uploads\/AGS-Wroldwide-Movers-international-moving-company.png 1440w, https:\/\/moverdb.com\/wp-content\/uploads\/AGS-Wroldwide-Movers-international-moving-company-300x142.png 300w, https:\/\/moverdb.com\/wp-content\/uploads\/AGS-Wroldwide-Movers-international-moving-company-1024x484.png 1024w, https:\/\/moverdb.com\/wp-content\/uploads\/AGS-Wroldwide-Movers-international-moving-company-18x9.png 18w, https:\/\/moverdb.com\/wp-content\/uploads\/AGS-Wroldwide-Movers-international-moving-company-600x283.png 600w\" sizes=\"auto, (max-width: 1440px) 100vw, 1440px\" \/><\/em><\/p>\n<ul>\n<li>Helyi \u00e9s orsz\u00e1gos k\u00f6lt\u00f6z\u00e9sek<\/li>\n<li>Nemzetk\u00f6zi k\u00f6lt\u00f6ztet\u00e9sek<\/li>\n<li>Kereskedelmi k\u00f6lt\u00f6z\u00e9sek irod\u00e1k sz\u00e1m\u00e1ra<\/li>\n<li>H\u00e1ztart\u00e1si k\u00f6lt\u00f6ztet\u00e9sek<\/li>\n<li>Szem\u00e9lyre szabott szolg\u00e1ltat\u00e1s<\/li>\n<li>H\u00e1zhoz men\u0151 szolg\u00e1ltat\u00e1st ny\u00fajt<\/li>\n<li>Nemzetk\u00f6zi szabv\u00e1nyok szerint dolgoz\u00f3, k\u00e9pzett csomagol\u00f3k<\/li>\n<li>Innovat\u00edv csomagol\u00f3anyagok haszn\u00e1lata<\/li>\n<li>J\u00e1rm\u0171 \u00e1thelyez\u00e9s<\/li>\n<li>Biztons\u00e1gos rakt\u00e1rhelyis\u00e9gek<\/li>\n<\/ul>\n<p>Az AGS Worldwide Movers egy 1974-ben alap\u00edtott nemzetk\u00f6zi v\u00e1llalat, amely 97 orsz\u00e1gban 146 telephellyel rendelkezik, bele\u00e9rtve Eur\u00f3p\u00e1t, \u00c1zsi\u00e1t \u00e9s Afrik\u00e1t, bele\u00e9rtve Botswan\u00e1t is. Partnerh\u00e1l\u00f3zattal rendelkeznek az amerikai kontinensen \u00e9s \u00d3ce\u00e1ni\u00e1ban, hogy szolg\u00e1ltat\u00e1sokat ny\u00fajtsanak ezekben az orsz\u00e1gokban. A botswanai kirendelts\u00e9g 41 \u00e9ve IAM-tag, \u00e9s a FIDI \u00e1ltal akkredit\u00e1lt.<\/p>\n<p>Az AGS Worldwide Movers k\u00f6lt\u00f6ztet\u00e9si szolg\u00e1ltat\u00e1sokat ny\u00fajt Botswan\u00e1ban \u00e9s szerte a vil\u00e1gon a legmodernebb technol\u00f3gia seg\u00edts\u00e9g\u00e9vel az \u00e1raj\u00e1nlatok, a nyomon k\u00f6vet\u00e9s \u00e9s a sz\u00e1ll\u00edt\u00e1sok seg\u00edt\u00e9s\u00e9re. K\u00e9pzett csomagol\u00f3kat alkalmaznak, akik a nemzetk\u00f6zi csomagol\u00e1si szabv\u00e1nyok \u00e9s technik\u00e1k szerint dolgoznak, valamint kiv\u00e1l\u00f3 min\u0151s\u00e9g\u0171 csomagol\u00f3anyagokat haszn\u00e1lnak. Emellett j\u00e1rm\u0171\u00e1trak\u00e1si szolg\u00e1ltat\u00e1sokat \u00e9s biztons\u00e1gos t\u00e1rol\u00e1si lehet\u0151s\u00e9geket is k\u00edn\u00e1lnak.<\/p>\n<p>Weboldal: <a href=\"https:\/\/www.agsmovers.com\" target=\"_blank\" rel=\"noopener\">https:\/\/www.agsmovers.com<\/a><\/p>","protected":false},"excerpt":{"rendered":"<p>Are you planning a move within Botswana, or to or from Botswana? Whether you are moving your home or your business, engaging the services of a moving company can help lighten the load. To assist you we have compiled a list of Botswana removal companies below that are members of the International Association of Movers [&hellip;]<\/p>\n","protected":false},"author":4,"featured_media":0,"parent":190,"menu_order":0,"comment_status":"closed","ping_status":"closed","template":"","meta":{"_genesis_hide_title":false,"_genesis_hide_breadcrumbs":false,"_genesis_hide_singular_image":false,"_genesis_hide_footer_widgets":false,"_genesis_custom_body_class":"","_genesis_custom_post_class":"","_genesis_layout":"","footnotes":""},"class_list":{"0":"post-5242","1":"page","2":"type-page","3":"status-publish","5":"entry"},"_links":{"self":[{"href":"https:\/\/moverdb.com\/hu\/wp-json\/wp\/v2\/pages\/5242","targetHints":{"allow":["GET"]}}],"collection":[{"href":"https:\/\/moverdb.com\/hu\/wp-json\/wp\/v2\/pages"}],"about":[{"href":"https:\/\/moverdb.com\/hu\/wp-json\/wp\/v2\/types\/page"}],"author":[{"embeddable":true,"href":"https:\/\/moverdb.com\/hu\/wp-json\/wp\/v2\/users\/4"}],"replies":[{"embeddable":true,"href":"https:\/\/moverdb.com\/hu\/wp-json\/wp\/v2\/comments?post=5242"}],"version-history":[{"count":1,"href":"https:\/\/moverdb.com\/hu\/wp-json\/wp\/v2\/pages\/5242\/revisions"}],"predecessor-version":[{"id":5243,"href":"https:\/\/moverdb.com\/hu\/wp-json\/wp\/v2\/pages\/5242\/revisions\/5243"}],"up":[{"embeddable":true,"href":"https:\/\/moverdb.com\/hu\/wp-json\/wp\/v2\/pages\/190"}],"wp:attachment":[{"href":"https:\/\/moverdb.com\/hu\/wp-json\/wp\/v2\/media?parent=5242"}],"curies":[{"name":"wp","href":"https:\/\/api.w.org\/{rel}","templated":true}]}}