{"id":5240,"date":"2022-10-24T11:49:20","date_gmt":"2022-10-24T11:49:20","guid":{"rendered":"https:\/\/moverdb.com\/?page_id=5240"},"modified":"2026-01-08T15:23:38","modified_gmt":"2026-01-08T15:23:38","slug":"bosznia-hercegovina","status":"publish","type":"page","link":"https:\/\/moverdb.com\/hu\/moving-companies\/bosnia-and-herzegovina-moving-companies\/","title":{"rendered":"2 A legjobb nemzetk\u00f6zi k\u00f6lt\u00f6ztet\u0151 c\u00e9gek Bosznia-Hercegovin\u00e1ban"},"content":{"rendered":"<p>A k\u00f6lt\u00f6z\u00e9s stresszes id\u0151szak lehet, k\u00fcl\u00f6n\u00f6sen, ha orsz\u00e1gokat is k\u00f6lt\u00f6ztet, \u00e9s ez az, ahol egy k\u00f6lt\u00f6z\u0151 vagy k\u00f6lt\u00f6ztet\u0151 c\u00e9g seg\u00edthet enyh\u00edteni a nyom\u00e1s egy r\u00e9sz\u00e9t. Seg\u00edts\u00e9gk\u00e9ppen \u00f6ssze\u00e1ll\u00edtottuk a Bosznia-Hercegovina <a href=\"https:\/\/moverdb.com\/hu\/international-removals\/\" data-internallinksmanager029f6b8e52c=\"27\" title=\"36 legjobb nemzetk\u00f6zi k\u00f6lt\u00f6ztet\u0151 c\u00e9gek az Egyes\u00fclt Kir\u00e1lys\u00e1gban\">k\u00f6lt\u00f6ztet\u0151 c\u00e9gek<\/a> amelyek tagjai a <a href=\"https:\/\/moverdb.com\/hu\/iam\/\" data-internallinksmanager029f6b8e52c=\"23\" title=\"A K\u00f6lt\u00f6ztet\u0151k Nemzetk\u00f6zi Sz\u00f6vets\u00e9ge (IAM) magyar\u00e1zata\">K\u00f6lt\u00f6ztet\u0151k Nemzetk\u00f6zi Sz\u00f6vets\u00e9ge<\/a> (IAM), akik seg\u00edthetnek \u00d6nnek.<\/p>\n<h2><strong>1. AGS Worldwide Movers<\/strong><\/h2>\n<p><em><img loading=\"lazy\" decoding=\"async\" class=\"alignnone size-full wp-image-5137\" src=\"https:\/\/moverdb.com\/wp-content\/uploads\/AGS-Wroldwide-Movers-international-moving-company.png\" alt=\"AGS Wroldwide Movers nemzetk\u00f6zi k\u00f6lt\u00f6ztet\u0151 c\u00e9g\" width=\"1440\" height=\"680\" data-wp-pid=\"5137\" srcset=\"https:\/\/moverdb.com\/wp-content\/uploads\/AGS-Wroldwide-Movers-international-moving-company.png 1440w, https:\/\/moverdb.com\/wp-content\/uploads\/AGS-Wroldwide-Movers-international-moving-company-300x142.png 300w, https:\/\/moverdb.com\/wp-content\/uploads\/AGS-Wroldwide-Movers-international-moving-company-1024x484.png 1024w, https:\/\/moverdb.com\/wp-content\/uploads\/AGS-Wroldwide-Movers-international-moving-company-18x9.png 18w, https:\/\/moverdb.com\/wp-content\/uploads\/AGS-Wroldwide-Movers-international-moving-company-600x283.png 600w\" sizes=\"auto, (max-width: 1440px) 100vw, 1440px\" \/><\/em><\/p>\n<ul>\n<li>Nemzeti l\u00e9p\u00e9sek<\/li>\n<li>Nemzetk\u00f6zi k\u00f6lt\u00f6ztet\u00e9sek<\/li>\n<li>Lakoss\u00e1gi k\u00f6lt\u00f6z\u00e9sek<\/li>\n<li>Irodai k\u00f6lt\u00f6z\u00e9sek<\/li>\n<li>H\u00e1zhoz men\u0151 k\u00f6lt\u00f6ztet\u00e9s<\/li>\n<li>K\u00e9pzett szem\u00e9lyzet a csomagol\u00e1st \u00e9s a sz\u00e1ll\u00edt\u00e1st v\u00e9gz\u0151 munkat\u00e1rsakkal<\/li>\n<li>Innovat\u00edv csomagol\u00f3anyagok \u00e9s -m\u00f3dszerek<\/li>\n<li>K\u00f6rnyezetbar\u00e1t csomagol\u00e1s<\/li>\n<li>J\u00e1rm\u0171transzferek<\/li>\n<li>Biztons\u00e1gos t\u00e1rol\u00e1s<\/li>\n<\/ul>\n<p>Az AGS Worldwide Movers 1974-ben j\u00f6tt l\u00e9tre, \u00e9s m\u00e1ra nemzetk\u00f6zi k\u00f6lt\u00f6ztet\u0151 c\u00e9gg\u00e9 n\u0151tte ki mag\u00e1t, amely Eur\u00f3p\u00e1ban, \u00c1zsi\u00e1ban \u00e9s Afrik\u00e1ban is jelen van, amerikai \u00e9s \u00f3ce\u00e1niai partnerekkel. A v\u00e1llalat 97 orsz\u00e1gban 146 telephellyel rendelkezik. Tagjai az IAM-nek, 25 \u00e9ves szolg\u00e1lati id\u0151vel.<\/p>\n<p>Az AGS Worldwide Movers \u00e9lvonalbeli \u00e9s intelligens megold\u00e1sokat haszn\u00e1l az \u00e1raj\u00e1nlatok, a nyomon k\u00f6vet\u00e9s \u00e9s a sz\u00e1ll\u00edt\u00e1s hat\u00e9konyabb\u00e1 t\u00e9tel\u00e9hez. K\u00e9pzett szem\u00e9lyzetet biztos\u00edtanak, akik innovat\u00edv csomagol\u00f3anyagok \u00e9s -technik\u00e1k seg\u00edts\u00e9g\u00e9vel biztons\u00e1gosan becsomagolj\u00e1k az \u00d6n holmij\u00e1t, hogy azok ne s\u00e9r\u00fcljenek meg. Sz\u00fcks\u00e9g eset\u00e9n sz\u00e1ll\u00edt\u00f3 megold\u00e1sokat is k\u00edn\u00e1lnak a j\u00e1rm\u0171vek \u00e9s a biztons\u00e1gos t\u00e1rol\u00e1s sz\u00e1m\u00e1ra.<\/p>\n<p>Weboldal: <a href=\"http:\/\/www.agsmovers.com\" target=\"_blank\" rel=\"noopener\">http:\/\/www.agsmovers.com<\/a><\/p>\n<h2><strong>2. Intermove<\/strong><\/h2>\n<p><em><img loading=\"lazy\" decoding=\"async\" class=\"alignnone size-full wp-image-5176\" src=\"https:\/\/moverdb.com\/wp-content\/uploads\/Intermove-international-moving-company.png\" alt=\"Intermove nemzetk\u00f6zi k\u00f6lt\u00f6ztet\u0151 c\u00e9g\" width=\"1440\" height=\"680\" data-wp-pid=\"5176\" srcset=\"https:\/\/moverdb.com\/wp-content\/uploads\/Intermove-international-moving-company.png 1440w, https:\/\/moverdb.com\/wp-content\/uploads\/Intermove-international-moving-company-300x142.png 300w, https:\/\/moverdb.com\/wp-content\/uploads\/Intermove-international-moving-company-1024x484.png 1024w, https:\/\/moverdb.com\/wp-content\/uploads\/Intermove-international-moving-company-18x9.png 18w, https:\/\/moverdb.com\/wp-content\/uploads\/Intermove-international-moving-company-600x283.png 600w\" sizes=\"auto, (max-width: 1440px) 100vw, 1440px\" \/><\/em><\/p>\n<ul>\n<li>Helyi \u00e9s orsz\u00e1gos k\u00f6lt\u00f6z\u00e9sek<\/li>\n<li>Nemzetk\u00f6zi k\u00f6lt\u00f6ztet\u00e9sek<\/li>\n<li>H\u00e1ztart\u00e1si k\u00f6lt\u00f6z\u00e9sek<\/li>\n<li>\u00dczleti \u00e1thelyez\u00e9sek<\/li>\n<li>Magasan k\u00e9pzett csomagol\u00f3k<\/li>\n<li>Csomagol\u00e1si \u00e9s kicsomagol\u00e1si szolg\u00e1ltat\u00e1sok<\/li>\n<li>Sz\u00e1ll\u00edt\u00e1si logisztika<\/li>\n<li>V\u00e1mkezel\u00e9s<\/li>\n<li>Biztos\u00edt\u00e1s<\/li>\n<li>Rakt\u00e1roz\u00e1si lehet\u0151s\u00e9gek<\/li>\n<\/ul>\n<p>Az Intermove egy 1996-ban alap\u00edtott k\u00f6lt\u00f6ztet\u0151 c\u00e9g, amely csal\u00e1dok \u00e9s v\u00e1llalkoz\u00e1sok k\u00f6lt\u00f6z\u00e9s\u00e9t seg\u00edti. Szolg\u00e1ltat\u00e1saikat Bosznia-Hercegovin\u00e1ban, valamint az oda vagy onnan elk\u00f6lt\u00f6zni sz\u00e1nd\u00e9koz\u00f3k sz\u00e1m\u00e1ra ny\u00fajtj\u00e1k. Tagjai az IAM-nek, 26 \u00e9ves szolg\u00e1lati id\u0151vel.<\/p>\n<p>Az Intermove magasan k\u00e9pzett, a nemzetk\u00f6zi csomagol\u00e1si m\u00f3dszerekben k\u00e9pzett csomagol\u00f3kat biztos\u00edt, akik kiv\u00e1l\u00f3 min\u0151s\u00e9g\u0171 anyagokat haszn\u00e1lnak az \u00d6n tulajdon\u00e1nak v\u00e9delme \u00e9rdek\u00e9ben. \u0150k csomagolj\u00e1k be a holmij\u00e1t, \u00e9s gondoskodnak a sz\u00e1ll\u00edt\u00e1sr\u00f3l, bele\u00e9rtve a v\u00e1mkezel\u00e9st \u00e9s a kicsomagol\u00e1st is. Biztos\u00edt\u00e1st, h\u00e1zkutat\u00e1st, ter\u00fcleti t\u00e1j\u00e9koz\u00f3d\u00e1st \u00e9s rugalmas t\u00e1rol\u00e1si megold\u00e1sok lehet\u0151s\u00e9g\u00e9t biztos\u00edtj\u00e1k.<\/p>\n<p>Weboldal: <a href=\"http:\/\/www.intermovebosnia.com\" target=\"_blank\" rel=\"noopener\">http:\/\/www.intermovebosnia.com<\/a><\/p>","protected":false},"excerpt":{"rendered":"<p>Moving can be a stressful time especially if you are moving countries as well, that is where a moving or relocation company can help relieve some of the pressure. To help you we have compiled a list of Bosnia and Herzegovina removal companies that are members of the International Association of Movers (IAM) who could [&hellip;]<\/p>\n","protected":false},"author":4,"featured_media":0,"parent":190,"menu_order":0,"comment_status":"closed","ping_status":"closed","template":"","meta":{"_genesis_hide_title":false,"_genesis_hide_breadcrumbs":false,"_genesis_hide_singular_image":false,"_genesis_hide_footer_widgets":false,"_genesis_custom_body_class":"","_genesis_custom_post_class":"","_genesis_layout":"","footnotes":""},"class_list":{"0":"post-5240","1":"page","2":"type-page","3":"status-publish","5":"entry","6":"has-post-thumbnail"},"_links":{"self":[{"href":"https:\/\/moverdb.com\/hu\/wp-json\/wp\/v2\/pages\/5240","targetHints":{"allow":["GET"]}}],"collection":[{"href":"https:\/\/moverdb.com\/hu\/wp-json\/wp\/v2\/pages"}],"about":[{"href":"https:\/\/moverdb.com\/hu\/wp-json\/wp\/v2\/types\/page"}],"author":[{"embeddable":true,"href":"https:\/\/moverdb.com\/hu\/wp-json\/wp\/v2\/users\/4"}],"replies":[{"embeddable":true,"href":"https:\/\/moverdb.com\/hu\/wp-json\/wp\/v2\/comments?post=5240"}],"version-history":[{"count":1,"href":"https:\/\/moverdb.com\/hu\/wp-json\/wp\/v2\/pages\/5240\/revisions"}],"predecessor-version":[{"id":5241,"href":"https:\/\/moverdb.com\/hu\/wp-json\/wp\/v2\/pages\/5240\/revisions\/5241"}],"up":[{"embeddable":true,"href":"https:\/\/moverdb.com\/hu\/wp-json\/wp\/v2\/pages\/190"}],"wp:attachment":[{"href":"https:\/\/moverdb.com\/hu\/wp-json\/wp\/v2\/media?parent=5240"}],"curies":[{"name":"wp","href":"https:\/\/api.w.org\/{rel}","templated":true}]}}