{"id":5224,"date":"2022-10-24T11:53:37","date_gmt":"2022-10-24T11:53:37","guid":{"rendered":"https:\/\/moverdb.com\/?page_id=5224"},"modified":"2026-01-08T15:25:03","modified_gmt":"2026-01-08T15:25:03","slug":"azerbajdzsan","status":"publish","type":"page","link":"https:\/\/moverdb.com\/hu\/moving-companies\/azerbaijan-moving-companies\/","title":{"rendered":"5 legjobb nemzetk\u00f6zi k\u00f6lt\u00f6ztet\u0151 c\u00e9gek Azerbajdzs\u00e1nban"},"content":{"rendered":"<p>A k\u00f6lt\u00f6z\u00e9s stresszes lehet, \u00edgy ha valaki seg\u00edt \u00d6nnek a k\u00f6lt\u00f6z\u00e9sben, az seg\u00edthet a nyom\u00e1s levezet\u00e9s\u00e9ben. Ak\u00e1r Azerbajdzs\u00e1non bel\u00fcl k\u00f6lt\u00f6zik, ak\u00e1r Azerbajdzs\u00e1nba vagy Azerbajdzs\u00e1nb\u00f3l k\u00f6lt\u00f6zik, vannak olyan c\u00e9gek, amelyek seg\u00edthetnek. \u00d6ssze\u00e1ll\u00edtottunk egy list\u00e1t <a href=\"https:\/\/moverdb.com\/hu\/international-removals\/\" data-internallinksmanager029f6b8e52c=\"27\" title=\"36 legjobb nemzetk\u00f6zi k\u00f6lt\u00f6ztet\u0151 c\u00e9gek az Egyes\u00fclt Kir\u00e1lys\u00e1gban\">k\u00f6lt\u00f6ztet\u0151 c\u00e9gek<\/a> az al\u00e1bbiakban, amelyek a <a href=\"https:\/\/moverdb.com\/hu\/iam\/\" data-internallinksmanager029f6b8e52c=\"23\" title=\"A K\u00f6lt\u00f6ztet\u0151k Nemzetk\u00f6zi Sz\u00f6vets\u00e9ge (IAM) magyar\u00e1zata\">K\u00f6lt\u00f6ztet\u0151k Nemzetk\u00f6zi Sz\u00f6vets\u00e9ge<\/a> (IAM) \u00e9s\/vagy <a href=\"https:\/\/moverdb.com\/hu\/fidi-faim\/\" data-internallinksmanager029f6b8e52c=\"16\" title=\"FIDI &amp; FAIM (FIDI akkredit\u00e1lt nemzetk\u00f6zi fuvaroz\u00f3) magyar\u00e1zata\">FIDI<\/a> Akkredit\u00e1lt nemzetk\u00f6zi k\u00f6lt\u00f6ztet\u0151 (FAIM), amely seg\u00edthet \u00d6nnek.<\/p>\n<div id=\"ez-toc-container\" class=\"ez-toc-v2_0_82_2 ez-toc-wrap-left counter-hierarchy ez-toc-counter ez-toc-transparent ez-toc-container-direction\">\n<div class=\"ez-toc-title-container\">\n<p class=\"ez-toc-title\" style=\"cursor:inherit\">Szakaszok<\/p>\n<span class=\"ez-toc-title-toggle\"><a href=\"#\" class=\"ez-toc-pull-right ez-toc-btn ez-toc-btn-xs ez-toc-btn-default ez-toc-toggle\" aria-label=\"Toggle Tartalomjegyz\u00e9k\"><span class=\"ez-toc-js-icon-con\"><span class=\"\"><span class=\"eztoc-hide\" style=\"display:none;\">Toggle<\/span><span class=\"ez-toc-icon-toggle-span\"><svg style=\"fill: #999;color:#999\" xmlns=\"http:\/\/www.w3.org\/2000\/svg\" class=\"list-377408\" width=\"20px\" height=\"20px\" viewbox=\"0 0 24 24\" fill=\"none\"><path d=\"M6 6H4v2h2V6zm14 0H8v2h12V6zM4 11h2v2H4v-2zm16 0H8v2h12v-2zM4 16h2v2H4v-2zm16 0H8v2h12v-2z\" fill=\"currentColor\"><\/path><\/svg><svg style=\"fill: #999;color:#999\" class=\"arrow-unsorted-368013\" xmlns=\"http:\/\/www.w3.org\/2000\/svg\" width=\"10px\" height=\"10px\" viewbox=\"0 0 24 24\" version=\"1.2\" baseprofile=\"tiny\"><path d=\"M18.2 9.3l-6.2-6.3-6.2 6.3c-.2.2-.3.4-.3.7s.1.5.3.7c.2.2.4.3.7.3h11c.3 0 .5-.1.7-.3.2-.2.3-.5.3-.7s-.1-.5-.3-.7zM5.8 14.7l6.2 6.3 6.2-6.3c.2-.2.3-.5.3-.7s-.1-.5-.3-.7c-.2-.2-.4-.3-.7-.3h-11c-.3 0-.5.1-.7.3-.2.2-.3.5-.3.7s.1.5.3.7z\"\/><\/svg><\/span><\/span><\/span><\/a><\/span><\/div>\n<nav><ul class='ez-toc-list ez-toc-list-level-1 eztoc-toggle-hide-by-default' ><li class='ez-toc-page-1 ez-toc-heading-level-2'><a class=\"ez-toc-link ez-toc-heading-1\" href=\"https:\/\/moverdb.com\/hu\/moving-companies\/azerbaijan-moving-companies\/#1_ACE_Forwarding\" >1. ACE-tov\u00e1bb\u00edt\u00e1s<\/a><\/li><li class='ez-toc-page-1 ez-toc-heading-level-2'><a class=\"ez-toc-link ez-toc-heading-2\" href=\"https:\/\/moverdb.com\/hu\/moving-companies\/azerbaijan-moving-companies\/#2_Allright_Moving_Storage\" >2. Allright Moving &amp; Storage<\/a><\/li><li class='ez-toc-page-1 ez-toc-heading-level-2'><a class=\"ez-toc-link ez-toc-heading-3\" href=\"https:\/\/moverdb.com\/hu\/moving-companies\/azerbaijan-moving-companies\/#3_Buddy-Mover\" >3. Buddy-Mover<\/a><\/li><li class='ez-toc-page-1 ez-toc-heading-level-2'><a class=\"ez-toc-link ez-toc-heading-4\" href=\"https:\/\/moverdb.com\/hu\/moving-companies\/azerbaijan-moving-companies\/#4_Gosselin\" >4. Gosselin<\/a><\/li><li class='ez-toc-page-1 ez-toc-heading-level-2'><a class=\"ez-toc-link ez-toc-heading-5\" href=\"https:\/\/moverdb.com\/hu\/moving-companies\/azerbaijan-moving-companies\/#5_Interdean_International_Relocations\" >5. Interdean International Relocations<\/a><\/li><\/ul><\/nav><\/div>\n<h2><span class=\"ez-toc-section\" id=\"1_ACE_Forwarding\"><\/span><strong>1. ACE-tov\u00e1bb\u00edt\u00e1s<\/strong><span class=\"ez-toc-section-end\"><\/span><\/h2>\n<p><em><img loading=\"lazy\" decoding=\"async\" class=\"alignnone size-full wp-image-5136\" src=\"https:\/\/moverdb.com\/wp-content\/uploads\/ACE-Forwarding-international-moving-company.png\" alt=\"ACE Forwarding nemzetk\u00f6zi k\u00f6lt\u00f6ztet\u0151 c\u00e9g\" width=\"1440\" height=\"685\" data-wp-pid=\"5136\" srcset=\"https:\/\/moverdb.com\/wp-content\/uploads\/ACE-Forwarding-international-moving-company.png 1440w, https:\/\/moverdb.com\/wp-content\/uploads\/ACE-Forwarding-international-moving-company-300x143.png 300w, https:\/\/moverdb.com\/wp-content\/uploads\/ACE-Forwarding-international-moving-company-1024x487.png 1024w, https:\/\/moverdb.com\/wp-content\/uploads\/ACE-Forwarding-international-moving-company-18x9.png 18w, https:\/\/moverdb.com\/wp-content\/uploads\/ACE-Forwarding-international-moving-company-600x285.png 600w\" sizes=\"auto, (max-width: 1440px) 100vw, 1440px\" \/><\/em><\/p>\n<ul>\n<li>Nemzetk\u00f6zi k\u00f6lt\u00f6z\u00e9sek<\/li>\n<li>K\u00f6lt\u00f6ztet\u00e9si szolg\u00e1ltat\u00e1sok<\/li>\n<li>H\u00e1ztart\u00e1si \u00e9s v\u00e1llalati k\u00f6lt\u00f6z\u00e9sek<\/li>\n<li>L\u00e9gi, tengeri, vas\u00fati \u00e9s k\u00f6z\u00fati sz\u00e1ll\u00edt\u00e1s<\/li>\n<li>\u00d6mlesztett \u00e1ru, gy\u0171jt\u0151fuvaroz\u00e1s \u00e9s kont\u00e9nersz\u00e1ll\u00edt\u00e1s<\/li>\n<li>Sz\u00e9pm\u0171v\u00e9szeti sz\u00e1ll\u00edt\u00e1s<\/li>\n<li>V\u00e1m\u00fcgyn\u00f6ki tev\u00e9kenys\u00e9g<\/li>\n<li>J\u00e1rm\u0171- \u00e9s haj\u00f3sz\u00e1ll\u00edt\u00e1s<\/li>\n<li>H\u00e1zi\u00e1llat sz\u00e1ll\u00edt\u00e1s<\/li>\n<li>Hossz\u00fa \u00e9s r\u00f6vid t\u00e1v\u00fa t\u00e1rol\u00e1si megold\u00e1sok<\/li>\n<\/ul>\n<p>Az ACE Forwarding egy multimod\u00e1lis logisztikai \u00e9s sz\u00e1ll\u00edtm\u00e1nyoz\u00e1si v\u00e1llalat, amelyet 1996-ban alap\u00edtottak Azerbajdzs\u00e1nban, \u00e9s irod\u00e1ik vannak a k\u00f6vetkez\u0151 orsz\u00e1gokban is <a href=\"https:\/\/moverdb.com\/hu\/koltozteto-cegek\/moving-companies-georgia\/\">Georgia<\/a>. Az IAM tagja 25 \u00e9ves szolg\u00e1lati id\u0151vel. K\u00f6lt\u00f6ztet\u00e9si szolg\u00e1ltat\u00e1sokat k\u00edn\u00e1lnak Azerbajdzs\u00e1nba, nemzetk\u00f6zi k\u00f6lt\u00f6z\u00e9seket, valamint k\u00f6lt\u00f6ztet\u00e9si szolg\u00e1ltat\u00e1sokat h\u00e1ztart\u00e1sok \u00e9s v\u00e1llalkoz\u00e1sok sz\u00e1m\u00e1ra.<\/p>\n<p>Az ACE Forwarding k\u00f6lt\u00f6z\u00e9s el\u0151tti felm\u00e9r\u00e9st \u00e9s az \u00d6n ig\u00e9nyeihez igaz\u00edtott \u00e1raj\u00e1nlatokat k\u00edn\u00e1l. Csomagol\u00e1si szolg\u00e1ltat\u00e1sokat ny\u00fajtanak kifejezetten a tartalomra tervezett anyagok \u00e9s professzion\u00e1lis csomagol\u00e1si technik\u00e1k felhaszn\u00e1l\u00e1s\u00e1val, valamint b\u00fatorok sz\u00e9tszerel\u00e9s\u00e9t \u00e9s \u00f6sszeszerel\u00e9s\u00e9t is v\u00e1llalj\u00e1k. Seg\u00edts\u00e9get ny\u00fajtanak a v\u00e1m\u00fcgyint\u00e9z\u00e9sben, a h\u00e1zi\u00e1llat- \u00e9s j\u00e1rm\u0171sz\u00e1ll\u00edt\u00e1sban, a biztos\u00edt\u00e1sban \u00e9s a r\u00f6vid vagy hossz\u00fa t\u00e1v\u00fa t\u00e1rol\u00e1sban is.<\/p>\n<p>Weboldal: <a href=\"http:\/\/www.acecaspian.com\" target=\"_blank\" rel=\"noopener\">http:\/\/www.acecaspian.com<\/a><\/p>\n<h2><span class=\"ez-toc-section\" id=\"2_Allright_Moving_Storage\"><\/span><strong>2. Allright Moving &amp; Storage<\/strong><span class=\"ez-toc-section-end\"><\/span><\/h2>\n<p><em><img loading=\"lazy\" decoding=\"async\" class=\"alignnone size-full wp-image-5141\" src=\"https:\/\/moverdb.com\/wp-content\/uploads\/Allright-Moving-and-Storage-international-moving-company.png\" alt=\"Allright Moving and Storage nemzetk\u00f6zi k\u00f6lt\u00f6ztet\u0151 c\u00e9g\" width=\"1440\" height=\"677\" data-wp-pid=\"5141\" srcset=\"https:\/\/moverdb.com\/wp-content\/uploads\/Allright-Moving-and-Storage-international-moving-company.png 1440w, https:\/\/moverdb.com\/wp-content\/uploads\/Allright-Moving-and-Storage-international-moving-company-300x141.png 300w, https:\/\/moverdb.com\/wp-content\/uploads\/Allright-Moving-and-Storage-international-moving-company-1024x481.png 1024w, https:\/\/moverdb.com\/wp-content\/uploads\/Allright-Moving-and-Storage-international-moving-company-18x8.png 18w, https:\/\/moverdb.com\/wp-content\/uploads\/Allright-Moving-and-Storage-international-moving-company-600x282.png 600w\" sizes=\"auto, (max-width: 1440px) 100vw, 1440px\" \/><\/em><\/p>\n<ul>\n<li>Helyi \u00e9s orsz\u00e1gos k\u00f6lt\u00f6z\u00e9sek<\/li>\n<li>Nemzetk\u00f6zi k\u00f6lt\u00f6z\u00e9sek<\/li>\n<li>Lakoss\u00e1gi k\u00f6lt\u00f6ztet\u00e9s<\/li>\n<li>Irodai \u00e9s v\u00e1llalati k\u00f6lt\u00f6ztet\u00e9sek<\/li>\n<li>Professzion\u00e1lis \u00e9s udvarias szem\u00e9lyzet<\/li>\n<li>B\u00fatorok sz\u00e9tszerel\u00e9se \u00e9s \u00f6sszeszerel\u00e9se<\/li>\n<li>Tranzitbiztos\u00edt\u00e1s<\/li>\n<li>V\u00e1mkezel\u00e9s<\/li>\n<li><a href=\"https:\/\/moverdb.com\/hu\/car-transport-shipping\/\" data-internallinksmanager029f6b8e52c=\"2\" title=\"2026 Nemzetk\u00f6zi aut\u00f3sz\u00e1ll\u00edt\u00e1s \u00e9s j\u00e1rm\u0171sz\u00e1ll\u00edt\u00e1s \u00e1raj\u00e1nlatok\">Aut\u00f3sz\u00e1ll\u00edt\u00e1s<\/a><\/li>\n<li>T\u00e1rol\u00e1si megold\u00e1sok<\/li>\n<\/ul>\n<p>Az Allright Moving &amp; Storage azt \u00e1ll\u00edtja, hogy Azerbajdzs\u00e1n egyik vezet\u0151 sz\u00e1ll\u00edtm\u00e1nyoz\u00e1si \u00e9s k\u00f6lt\u00f6ztet\u00e9si v\u00e1llalata. H\u00e1ztart\u00e1si \u00e9s v\u00e1llalati k\u00f6lt\u00f6ztet\u00e9si szolg\u00e1ltat\u00e1sokat k\u00edn\u00e1lnak Azerbajdzs\u00e1nban, Azerbajdzs\u00e1nb\u00f3l vagy Azerbajdzs\u00e1nba. Az IAM tagjak\u00e9nt 7 \u00e9ves szolg\u00e1lati id\u0151vel rendelkeznek. Nemzetk\u00f6zi k\u00f6lt\u00f6ztet\u0151 alv\u00e1llalkoz\u00f3k \u00e9s partnerek h\u00e1l\u00f3zata seg\u00edti \u0151ket a nemzetk\u00f6zi k\u00f6lt\u00f6z\u00e9sekben.<\/p>\n<p>Az Allright Moving &amp; Storage tapasztalt felm\u00e9r\u0151ket biztos\u00edt, akik felm\u00e9rik az \u00d6n ig\u00e9nyeit \u00e9s tan\u00e1csot adnak. \u0150k csomagolj\u00e1k a holmij\u00e1t, sz\u00e9tszerelik \u00e9s \u00f6sszeszerelik a b\u00fatorokat, valamint gondoskodnak a tranzitbiztos\u00edt\u00e1sr\u00f3l \u00e9s a v\u00e1mkezel\u00e9sr\u0151l. Aut\u00f3sz\u00e1ll\u00edt\u00e1si szolg\u00e1ltat\u00e1sokat is k\u00edn\u00e1lnak. R\u00f6vidt\u0151l a hossz\u00fa t\u00e1v\u00fa, teljesen biztons\u00e1gos \u00e9s klimatiz\u00e1lt rakt\u00e1rhelyis\u00e9geket k\u00edn\u00e1lnak.<\/p>\n<p>Weboldal: <a href=\"http:\/\/www.allrightmoving.com\" target=\"_blank\" rel=\"noopener\">http:\/\/www.allrightmoving.com<\/a><\/p>\n<h2><span class=\"ez-toc-section\" id=\"3_Buddy-Mover\"><\/span><strong>3. Buddy-Mover<\/strong><span class=\"ez-toc-section-end\"><\/span><\/h2>\n<p><em><img loading=\"lazy\" decoding=\"async\" class=\"alignnone size-full wp-image-5151\" src=\"https:\/\/moverdb.com\/wp-content\/uploads\/Buddy-Mover-international-moving-company.png\" alt=\"Buddy Mover nemzetk\u00f6zi k\u00f6lt\u00f6ztet\u0151 c\u00e9g\" width=\"1440\" height=\"680\" data-wp-pid=\"5151\" srcset=\"https:\/\/moverdb.com\/wp-content\/uploads\/Buddy-Mover-international-moving-company.png 1440w, https:\/\/moverdb.com\/wp-content\/uploads\/Buddy-Mover-international-moving-company-300x142.png 300w, https:\/\/moverdb.com\/wp-content\/uploads\/Buddy-Mover-international-moving-company-1024x484.png 1024w, https:\/\/moverdb.com\/wp-content\/uploads\/Buddy-Mover-international-moving-company-18x9.png 18w, https:\/\/moverdb.com\/wp-content\/uploads\/Buddy-Mover-international-moving-company-600x283.png 600w\" sizes=\"auto, (max-width: 1440px) 100vw, 1440px\" \/><\/em><\/p>\n<ul>\n<li>Helyi \u00e9s orsz\u00e1gos k\u00f6lt\u00f6z\u00e9sek<\/li>\n<li>Nemzetk\u00f6zi k\u00f6lt\u00f6ztet\u00e9sek<\/li>\n<li>Lakoss\u00e1gi k\u00f6lt\u00f6ztet\u00e9s<\/li>\n<li>\u00dczleti l\u00e9p\u00e9sek<\/li>\n<li>Professzion\u00e1lis \u00e9s k\u00e9pzett szem\u00e9lyzet<\/li>\n<li>Magas sz\u00ednvonal\u00fa csomagol\u00e1s<\/li>\n<li>Lelt\u00e1rak a holmik nyomon k\u00f6vet\u00e9s\u00e9re<\/li>\n<li>K\u00f6z\u00fati, l\u00e9gi \u00e9s tengeri fuvaroz\u00e1s<\/li>\n<li>Tranzitbiztos\u00edt\u00e1s<\/li>\n<li>R\u00f6vid \u00e9s hossz\u00fa t\u00e1v\u00fa t\u00e1rol\u00e1s<\/li>\n<\/ul>\n<p>A Buddy-Mover egy Bakuban, Azerbajdzs\u00e1nban m\u0171k\u00f6d\u0151 k\u00f6lt\u00f6ztet\u0151 c\u00e9g, amely 4 \u00e9ve IAM-tag. Helyi, orsz\u00e1gos \u00e9s nemzetk\u00f6zi k\u00f6lt\u00f6ztet\u00e9si szolg\u00e1ltat\u00e1sokat ny\u00fajtanak, amelyek mind a lakoss\u00e1gi, mind az \u00fczleti \u00fcgyfeleknek sz\u00f3lnak. Profi szem\u00e9lyzetet alkalmaznak, akik magasan k\u00e9pzettek a k\u00f6lt\u00f6z\u00e9si technik\u00e1k \u00e9s a csomagol\u00e1s ter\u00e9n.<\/p>\n<p>A Buddy-Mover a k\u00f6lt\u00f6z\u00e9s el\u0151tt szemt\u0151l szembe felm\u00e9r\u00e9st k\u00e9sz\u00edt, hogy felm\u00e9rje az \u00d6n ig\u00e9nyeit, a v\u00e1mk\u00f6vetelm\u00e9nyeket \u00e9s a sz\u00e1ll\u00edt\u00e1si lehet\u0151s\u00e9geket. A k\u00f6lt\u00f6ztet\u0151 szem\u00e9lyzet\u00fck biztons\u00e1gosan becsomagolja a holmij\u00e1t, lelt\u00e1rt k\u00e9sz\u00edt, \u00e9s megszervezi a k\u00f6z\u00fati, l\u00e9gi vagy tengeri sz\u00e1ll\u00edt\u00e1st. R\u00f6vidt\u0151l a hossz\u00fa t\u00e1v\u00fa biztons\u00e1gos t\u00e1rol\u00e1si lehet\u0151s\u00e9geket is k\u00edn\u00e1lnak a boltozatos rakt\u00e1rukban.<\/p>\n<p>Weboldal: <a href=\"http:\/\/www.buddy-mover.com\" target=\"_blank\" rel=\"noopener\">http:\/\/www.buddy-mover.com<\/a><\/p>\n<h2><span class=\"ez-toc-section\" id=\"4_Gosselin\"><\/span><strong>4. Gosselin<\/strong><span class=\"ez-toc-section-end\"><\/span><\/h2>\n<p><em><img loading=\"lazy\" decoding=\"async\" class=\"alignnone size-full wp-image-5170\" src=\"https:\/\/moverdb.com\/wp-content\/uploads\/Gosselin-Azerbaijan-international-moving-company.png\" alt=\"Gosselin Azerbajdzs\u00e1n nemzetk\u00f6zi k\u00f6lt\u00f6ztet\u0151 c\u00e9g\" width=\"1440\" height=\"681\" data-wp-pid=\"5170\" srcset=\"https:\/\/moverdb.com\/wp-content\/uploads\/Gosselin-Azerbaijan-international-moving-company.png 1440w, https:\/\/moverdb.com\/wp-content\/uploads\/Gosselin-Azerbaijan-international-moving-company-300x142.png 300w, https:\/\/moverdb.com\/wp-content\/uploads\/Gosselin-Azerbaijan-international-moving-company-1024x484.png 1024w, https:\/\/moverdb.com\/wp-content\/uploads\/Gosselin-Azerbaijan-international-moving-company-18x9.png 18w, https:\/\/moverdb.com\/wp-content\/uploads\/Gosselin-Azerbaijan-international-moving-company-600x284.png 600w\" sizes=\"auto, (max-width: 1440px) 100vw, 1440px\" \/><\/em><\/p>\n<ul>\n<li>Nemzetk\u00f6zi k\u00f6lt\u00f6z\u00e9sek<\/li>\n<li>H\u00e1ztart\u00e1si k\u00f6lt\u00f6ztet\u00e9s<\/li>\n<li>Irodai k\u00f6lt\u00f6z\u00e9s<\/li>\n<li>Csomagol\u00e1s, sz\u00e1ll\u00edt\u00e1s \u00e9s kicsomagol\u00e1s<\/li>\n<li>K\u00e9pz\u0151m\u0171v\u00e9szet mozg\u00f3<\/li>\n<li>H\u00e1zi\u00e1llat mozgat\u00e1sa<\/li>\n<li>Aut\u00f3sz\u00e1ll\u00edt\u00e1s<\/li>\n<li>T\u00e1rol\u00e1si megold\u00e1sok<\/li>\n<li>T\u00fals\u00falyos poggy\u00e1sz<\/li>\n<li>Utaz\u00f3 ki\u00e1ll\u00edt\u00e1sok szolg\u00e1ltat\u00e1sai<\/li>\n<\/ul>\n<p>A Gosselin egy k\u00f6lt\u00f6ztet\u0151 c\u00e9g, amely a Gosselin csoport r\u00e9sze, amelyet 1930-ban alap\u00edtottak a <a href=\"https:\/\/moverdb.com\/hu\/moving-to-belgium\/\" data-internallinksmanager029f6b8e52c=\"323\" title=\"Belgiumba k\u00f6lt\u00f6zik? 2023 Meg\u00e9lhet\u00e9si k\u00f6lts\u00e9gek \u00e9s k\u00f6lt\u00f6z\u00e9si tippek\">Belgium<\/a> \u00e9s t\u00f6bb mint 20 \u00e9ve m\u0171k\u00f6dik Azerbajdzs\u00e1nban. A nemzetk\u00f6zi fuvaroz\u00e1sban diplomat\u00e1k, v\u00e1llalati alkalmazottak \u00e9s mag\u00e1nh\u00e1ztart\u00e1sok sz\u00e1m\u00e1ra ny\u00fajtanak szolg\u00e1ltat\u00e1st. Tagjai az IAM-nek, \u00e9s 23 \u00e9ves szolg\u00e1lati id\u0151vel rendelkeznek.<\/p>\n<p>A Gosselin az \u00d6n csal\u00e1dja vagy v\u00e1llalkoz\u00e1sa ig\u00e9nyeinek megfelel\u0151, szem\u00e9lyre szabott szolg\u00e1ltat\u00e1st ny\u00fajt, professzion\u00e1lis csomagol\u00e1si szolg\u00e1ltat\u00e1ssal, cs\u00facsmin\u0151s\u00e9g\u0171 csomagol\u00f3anyagokkal \u00e9s kicsomagol\u00e1si szolg\u00e1ltat\u00e1ssal. Biztos\u00edt\u00e1st, k\u00e9pz\u0151m\u0171v\u00e9szeti k\u00f6lt\u00f6ztet\u00e9st, aut\u00f3sz\u00e1ll\u00edt\u00e1st \u00e9s kis\u00e1llat k\u00f6lt\u00f6ztet\u00e9st biztos\u00edtanak, amely Ipata tan\u00fas\u00edtv\u00e1nnyal rendelkezik. Rakt\u00e1roz\u00e1si megold\u00e1sokat \u00e9s sz\u00e1ll\u00edtm\u00e1nyoz\u00e1si szolg\u00e1ltat\u00e1sokat is tudnak ny\u00fajtani, bele\u00e9rtve a felesleges poggy\u00e1szt \u00e9s a v\u00e1ndorki\u00e1ll\u00edt\u00e1sokat.<\/p>\n<p>Weboldal: <a href=\"https:\/\/gosselin-moving.com\/azerbaijan\" target=\"_blank\" rel=\"noopener\">https:\/\/gosselin-moving.com\/azerbaijan<\/a><\/p>\n<h2><span class=\"ez-toc-section\" id=\"5_Interdean_International_Relocations\"><\/span><strong>5. Interdean International Relocations<\/strong><span class=\"ez-toc-section-end\"><\/span><\/h2>\n<p><em><img loading=\"lazy\" decoding=\"async\" class=\"alignnone size-full wp-image-5175\" src=\"https:\/\/moverdb.com\/wp-content\/uploads\/Interdean-International-Relocations-international-moving-company.png\" alt=\"Interdean International Relocations nemzetk\u00f6zi k\u00f6lt\u00f6ztet\u0151 c\u00e9g\" width=\"1440\" height=\"683\" data-wp-pid=\"5175\" srcset=\"https:\/\/moverdb.com\/wp-content\/uploads\/Interdean-International-Relocations-international-moving-company.png 1440w, https:\/\/moverdb.com\/wp-content\/uploads\/Interdean-International-Relocations-international-moving-company-300x142.png 300w, https:\/\/moverdb.com\/wp-content\/uploads\/Interdean-International-Relocations-international-moving-company-1024x486.png 1024w, https:\/\/moverdb.com\/wp-content\/uploads\/Interdean-International-Relocations-international-moving-company-18x9.png 18w, https:\/\/moverdb.com\/wp-content\/uploads\/Interdean-International-Relocations-international-moving-company-600x285.png 600w\" sizes=\"auto, (max-width: 1440px) 100vw, 1440px\" \/><\/em><\/p>\n<ul>\n<li>Nemzetk\u00f6zi k\u00f6lt\u00f6z\u00e9sek<\/li>\n<li>Hazak\u00f6lt\u00f6z\u00e9sek<\/li>\n<li>V\u00e1llalati k\u00f6lt\u00f6z\u00e9sek<\/li>\n<li>\u00c1thelyez\u00e9si szolg\u00e1ltat\u00e1s<\/li>\n<li>Az \u00d6n holmij\u00e1nak el\u0151k\u00e9sz\u00edt\u00e9se, be- \u00e9s kicsomagol\u00e1sa<\/li>\n<li>K\u00f6z\u00fati, tengeri \u00e9s l\u00e9gi sz\u00e1ll\u00edt\u00e1si lehet\u0151s\u00e9gek<\/li>\n<li>Tranzitbiztos\u00edt\u00e1s<\/li>\n<li>T\u00e1mogat\u00e1s a v\u00e1mkezel\u00e9shez<\/li>\n<li>R\u00f6vid \u00e9s hossz\u00fa t\u00e1v\u00fa t\u00e1rol\u00e1s<\/li>\n<li>Seg\u00edts\u00e9g otthon vagy r\u00f6vid t\u00e1v\u00fa b\u00e9rlem\u00e9ny keres\u00e9s\u00e9ben<\/li>\n<\/ul>\n<p>Az Interdean International Relocations egy nemzetk\u00f6zi k\u00f6lt\u00f6ztet\u00e9sszervez\u0151 c\u00e9g, amelynek sz\u00e9khelye az azerbajdzs\u00e1ni Bakuban tal\u00e1lhat\u00f3. Tagjai az IAM-nek, \u00e9s 24 \u00e9ves szolg\u00e1lati id\u0151vel rendelkeznek, valamint a FIDI \u00e1ltal akkredit\u00e1ltak.<\/p>\n<p>Az Interdean International Relocations speci\u00e1lis, a tartalom legjobb v\u00e9delme \u00e9rdek\u00e9ben tervezett dobozokat, valamint az \u00e9rt\u00e9kes vagy t\u00f6r\u00e9keny t\u00e1rgyak sz\u00e1m\u00e1ra szem\u00e9lyre szabott l\u00e1d\u00e1kat biztos\u00edt. A k\u00f6lt\u00f6ztet\u0151 teljes k\u00f6r\u0171en lelt\u00e1rba veszi az \u00d6n tulajdon\u00e1t, majd kicsomagolja \u00e9s elt\u00e1vol\u00edtja az \u00f6sszes csomagol\u00f3anyagot. K\u00f6z\u00fati, l\u00e9gi \u00e9s tengeri sz\u00e1ll\u00edt\u00e1st k\u00edn\u00e1lnak, \u00e9s t\u00e1mogatj\u00e1k \u00d6nt a v\u00e1mkezel\u00e9sben. K\u00fcl\u00f6nf\u00e9le t\u00e1rol\u00e1si megold\u00e1sokat is k\u00edn\u00e1lnak a kis mennyis\u00e9gekt\u0151l a nagy mennyis\u00e9gekig, r\u00f6vid \u00e9s hossz\u00fa t\u00e1v\u00fa t\u00e1rol\u00e1sra.<\/p>\n<p>Weboldal: <a href=\"http:\/\/www.interdean.com.az\" target=\"_blank\" rel=\"noopener\">http:\/\/www.interdean.com.az<\/a><\/p>","protected":false},"excerpt":{"rendered":"<p>Moving home can be stressful so getting someone to assist you in your move can help release the pressure. Whether you are moving within Azerbaijan, or moving to or from Azerbaijan, there are companies that can assist. We have compiled a list of removal companies below that are members of the International Association of Movers [&hellip;]<\/p>\n","protected":false},"author":4,"featured_media":0,"parent":190,"menu_order":0,"comment_status":"closed","ping_status":"closed","template":"","meta":{"_genesis_hide_title":false,"_genesis_hide_breadcrumbs":false,"_genesis_hide_singular_image":false,"_genesis_hide_footer_widgets":false,"_genesis_custom_body_class":"","_genesis_custom_post_class":"","_genesis_layout":"","footnotes":""},"class_list":{"0":"post-5224","1":"page","2":"type-page","3":"status-publish","5":"entry","6":"has-post-thumbnail"},"_links":{"self":[{"href":"https:\/\/moverdb.com\/hu\/wp-json\/wp\/v2\/pages\/5224","targetHints":{"allow":["GET"]}}],"collection":[{"href":"https:\/\/moverdb.com\/hu\/wp-json\/wp\/v2\/pages"}],"about":[{"href":"https:\/\/moverdb.com\/hu\/wp-json\/wp\/v2\/types\/page"}],"author":[{"embeddable":true,"href":"https:\/\/moverdb.com\/hu\/wp-json\/wp\/v2\/users\/4"}],"replies":[{"embeddable":true,"href":"https:\/\/moverdb.com\/hu\/wp-json\/wp\/v2\/comments?post=5224"}],"version-history":[{"count":2,"href":"https:\/\/moverdb.com\/hu\/wp-json\/wp\/v2\/pages\/5224\/revisions"}],"predecessor-version":[{"id":7595,"href":"https:\/\/moverdb.com\/hu\/wp-json\/wp\/v2\/pages\/5224\/revisions\/7595"}],"up":[{"embeddable":true,"href":"https:\/\/moverdb.com\/hu\/wp-json\/wp\/v2\/pages\/190"}],"wp:attachment":[{"href":"https:\/\/moverdb.com\/hu\/wp-json\/wp\/v2\/media?parent=5224"}],"curies":[{"name":"wp","href":"https:\/\/api.w.org\/{rel}","templated":true}]}}