{"id":4641,"date":"2022-09-20T19:45:42","date_gmt":"2022-09-20T19:45:42","guid":{"rendered":"https:\/\/moverdb.com\/?page_id=4641"},"modified":"2026-01-08T15:24:10","modified_gmt":"2026-01-08T15:24:10","slug":"algeria","status":"publish","type":"page","link":"https:\/\/moverdb.com\/hu\/moving-companies\/algeria\/","title":{"rendered":"3 legjobb nemzetk\u00f6zi k\u00f6lt\u00f6ztet\u0151 c\u00e9gek Alg\u00e9ri\u00e1ban"},"content":{"rendered":"<p>Ha Alg\u00e9ri\u00e1ba k\u00f6lt\u00f6zik, vagy Alg\u00e9ri\u00e1ba vagy Alg\u00e9ri\u00e1b\u00f3l szeretne k\u00f6lt\u00f6zni, sz\u00fcks\u00e9ge lehet egy <a href=\"https:\/\/moverdb.com\/hu\/moving-companies\/\" data-internallinksmanager029f6b8e52c=\"79\" title=\"Top 25 nemzetk\u00f6zi k\u00f6lt\u00f6ztet\u0151 c\u00e9gek online\">k\u00f6lt\u00f6ztet\u0151 c\u00e9g<\/a> hogy seg\u00edtsen \u00d6nnek. Az al\u00e1bbiakban felsoroljuk azokat, akik tagjai a <a href=\"https:\/\/moverdb.com\/hu\/iam\/\" data-internallinksmanager029f6b8e52c=\"23\" title=\"A K\u00f6lt\u00f6ztet\u0151k Nemzetk\u00f6zi Sz\u00f6vets\u00e9ge (IAM) magyar\u00e1zata\">K\u00f6lt\u00f6ztet\u0151k Nemzetk\u00f6zi Sz\u00f6vets\u00e9ge<\/a> (IAM) \u00e9s\/vagy <a href=\"https:\/\/moverdb.com\/hu\/fidi-faim\/\" data-internallinksmanager029f6b8e52c=\"16\" title=\"FIDI &amp; FAIM (FIDI akkredit\u00e1lt nemzetk\u00f6zi fuvaroz\u00f3) magyar\u00e1zata\">FIDI<\/a> Accredited International Mover (FAIM), amely rem\u00e9lhet\u0151leg seg\u00edt \u00d6nnek.<\/p>\n<h2><strong>1. C\u00e9l Intermovers<\/strong><\/h2>\n<p><em><img loading=\"lazy\" decoding=\"async\" class=\"alignnone wp-image-4642 size-full\" src=\"https:\/\/moverdb.com\/wp-content\/uploads\/Aim-Intermovers-international-moving-company.png\" alt=\"Aim Intermovers nemzetk\u00f6zi k\u00f6lt\u00f6ztet\u0151 c\u00e9g\" width=\"1440\" height=\"677\" data-wp-pid=\"4642\" srcset=\"https:\/\/moverdb.com\/wp-content\/uploads\/Aim-Intermovers-international-moving-company.png 1440w, https:\/\/moverdb.com\/wp-content\/uploads\/Aim-Intermovers-international-moving-company-300x141.png 300w, https:\/\/moverdb.com\/wp-content\/uploads\/Aim-Intermovers-international-moving-company-1024x481.png 1024w, https:\/\/moverdb.com\/wp-content\/uploads\/Aim-Intermovers-international-moving-company-18x8.png 18w, https:\/\/moverdb.com\/wp-content\/uploads\/Aim-Intermovers-international-moving-company-600x282.png 600w\" sizes=\"auto, (max-width: 1440px) 100vw, 1440px\" \/><\/em><\/p>\n<ul>\n<li>Nemzeti mozg\u00e1sok Alg\u00e9ria 48 wilaya ter\u00fclet\u00e9n \u00e9s nemzetk\u00f6zi mozg\u00e1sokat biztos\u00edt.<\/li>\n<li>Irodai k\u00f6lt\u00f6z\u00e9sek<\/li>\n<li>Archiv\u00e1l\u00e1si szolg\u00e1ltat\u00e1s<\/li>\n<li>K\u00f6z\u00fati, tengeri \u00e9s l\u00e9gi sz\u00e1ll\u00edt\u00e1st k\u00edn\u00e1l a holmiknak.<\/li>\n<li>Profi k\u00f6lt\u00f6ztet\u0151 csapat<\/li>\n<li>Csomagol\u00f3anyag \u00e9s kartondobozok sz\u00e1ll\u00edt\u00e1sa<\/li>\n<li>B\u00fatorok sz\u00e9tszerel\u00e9se \u00e9s csomagol\u00e1sa, majd \u00f6sszeszerel\u00e9se.<\/li>\n<li>\u00c9rz\u00e9kenyen kezeli az olyan \u00e1rukat, mint p\u00e9ld\u00e1ul a m\u0171v\u00e9szeti alkot\u00e1sok.<\/li>\n<li>Emellett f\u00e1b\u00f3l k\u00e9sz\u00fclt l\u00e1d\u00e1kat \u00e9s <a href=\"https:\/\/moverdb.com\/hu\/iata\/\" data-internallinksmanager029f6b8e52c=\"22\" title=\"A Nemzetk\u00f6zi L\u00e9gi Sz\u00e1ll\u00edt\u00e1si Sz\u00f6vets\u00e9g (IATA) magyar\u00e1zata\">IATA<\/a> kartonok<\/li>\n<li>K\u00f6telezetts\u00e9g n\u00e9lk\u00fcli technikai l\u00e1togat\u00e1sra van lehet\u0151s\u00e9g<\/li>\n<\/ul>\n<p>Az Aim Intermovers egy alg\u00e9riai k\u00f6lt\u00f6ztet\u0151 c\u00e9g, amely szolg\u00e1ltat\u00e1sokat ny\u00fajt az eg\u00e9sz orsz\u00e1gban, Alg\u00e9ria 48 wilaya-j\u00e1ban \u00e9s nemzetk\u00f6zi k\u00f6lt\u00f6z\u00e9sekben. Tranzit r\u00e9szleget biztos\u00edtanak, amely az \u00d6n k\u00f6lt\u00f6z\u00e9s\u00e9nek minden el\u0151k\u00e9sz\u00fclet\u00e9t kezeli, bele\u00e9rtve az import- \u00e9s exportk\u00f6vetelm\u00e9nyeket is. M\u00e1r 9 \u00e9ve tagjai az IAM-nek.<\/p>\n<p>Az Aim Intermovers \u00fcgyfelei k\u00f6z\u00e9 tartozik a nemzeti \u00e9s nemzetk\u00f6zi v\u00e1llalatok, k\u00fclf\u00f6ldi v\u00e1llalatok, k\u0151olajipari v\u00e1llalatok \u00e9s nagyk\u00f6vets\u00e9gek sz\u00e1m\u00e1ra ny\u00fajtott k\u00f6lt\u00f6ztet\u00e9si szolg\u00e1ltat\u00e1sok. Ingyenes \u00e1raj\u00e1nlatot k\u00edn\u00e1lnak egy k\u00f6telezetts\u00e9g n\u00e9lk\u00fcli m\u0171szaki l\u00e1togat\u00e1ssal. \u00c1tfog\u00f3 szolg\u00e1ltat\u00e1st ny\u00fajtanak, amely mag\u00e1ban foglalja a csomagol\u00f3anyagok \u00e9s kont\u00e9nerek biztos\u00edt\u00e1s\u00e1t, valamint a csomagol\u00e1si, sz\u00e9tszerel\u00e9si \u00e9s \u00f6sszeszerel\u00e9si szolg\u00e1ltat\u00e1sokat.<\/p>\n<p>Weboldal: <a href=\"http:\/\/www.aimintermovers.dz\" target=\"_blank\" rel=\"noopener\">http:\/\/www.aimintermovers.dz<\/a><\/p>\n<h2><strong>2. Alg\u00e9ria Csomagol\u00e1s \u00e9s k\u00f6lt\u00f6z\u00e9s<\/strong><\/h2>\n<p><em><img loading=\"lazy\" decoding=\"async\" class=\"alignnone size-full wp-image-4643\" src=\"https:\/\/moverdb.com\/wp-content\/uploads\/Algeria-Pack-and-Move-international-moving-company.png\" alt=\"Alg\u00e9ria Pack and Move nemzetk\u00f6zi k\u00f6lt\u00f6ztet\u0151 c\u00e9g\" width=\"1440\" height=\"629\" data-wp-pid=\"4643\" srcset=\"https:\/\/moverdb.com\/wp-content\/uploads\/Algeria-Pack-and-Move-international-moving-company.png 1440w, https:\/\/moverdb.com\/wp-content\/uploads\/Algeria-Pack-and-Move-international-moving-company-300x131.png 300w, https:\/\/moverdb.com\/wp-content\/uploads\/Algeria-Pack-and-Move-international-moving-company-1024x447.png 1024w, https:\/\/moverdb.com\/wp-content\/uploads\/Algeria-Pack-and-Move-international-moving-company-18x8.png 18w, https:\/\/moverdb.com\/wp-content\/uploads\/Algeria-Pack-and-Move-international-moving-company-600x262.png 600w\" sizes=\"auto, (max-width: 1440px) 100vw, 1440px\" \/><\/em><\/p>\n<ul>\n<li>Alg\u00e9ri\u00e1n bel\u00fcli nemzeti mozg\u00e1sok<\/li>\n<li>Nemzetk\u00f6zi k\u00f6lt\u00f6z\u00e9sek Alg\u00e9ri\u00e1ba \u00e9s Alg\u00e9ri\u00e1b\u00f3l<\/li>\n<li>V\u00e1llalkoz\u00e1sok \u00e9s h\u00e1ztart\u00e1sok sz\u00e1m\u00e1ra<\/li>\n<li>T\u00f6bbszint\u0171 mozg\u00f3 szolg\u00e1ltat\u00e1si csomagokat k\u00edn\u00e1l<\/li>\n<li>Elsz\u00e1ll\u00edt\u00e1s, sz\u00e1ll\u00edt\u00e1s \u00e9s k\u00e9zbes\u00edt\u00e9s<\/li>\n<li>B\u00fatorok be- \u00e9s kicsomagol\u00e1sa<\/li>\n<li>Minden ing\u00f3s\u00e1g be- \u00e9s kicsomagol\u00e1sa<\/li>\n<li>B\u00fatorok sz\u00e9t- \u00e9s \u00f6sszeszerel\u00e9se<\/li>\n<li>Minden export \u00e9s import \u00fcgyint\u00e9z\u00e9se<\/li>\n<li>A k\u00f6lt\u00f6ztet\u0151 c\u00e9gek nemzetk\u00f6zi h\u00e1l\u00f3zat\u00e1nak r\u00e9szei<\/li>\n<\/ul>\n<p>Az APM n\u00e9ven is ismert alg\u00e9riai csomagol\u00e1si \u00e9s k\u00f6lt\u00f6z\u00e9si v\u00e1llalat az alg\u00e9riai, k\u00fclf\u00f6ldi vagy diplomata v\u00e1llalkoz\u00e1sok \u00e9s h\u00e1ztart\u00e1sok sz\u00e1m\u00e1ra ny\u00fajt szolg\u00e1ltat\u00e1st. 2005-ben alap\u00edtott\u00e1k \u0151ket, \u00e9s 15 \u00e9ve tagjai az IAM-nek. Nemzetk\u00f6zi k\u00f6lt\u00f6z\u00e9seket k\u00edn\u00e1lnak a 7 kontinensen m\u0171k\u00f6d\u0151 partnerh\u00e1l\u00f3zattal egy\u00fcttm\u0171k\u00f6dve, \u00e9s adminisztrat\u00edv t\u00e1mogat\u00e1st ny\u00fajtanak a k\u00f6lt\u00f6z\u00e9s lebonyol\u00edt\u00e1s\u00e1ban, bele\u00e9rtve a sz\u00e1ll\u00edtm\u00e1nyoz\u00e1st, a v\u00e1mot, <a href=\"https:\/\/moverdb.com\/hu\/top-49-container-ports\/\" data-internallinksmanager029f6b8e52c=\"80\" title=\"Top 49 legnagyobb \u00e9s legforgalmasabb kont\u00e9nerkik\u00f6t\u0151 2025-ben\">port<\/a> \u00e9s a rep\u00fcl\u0151t\u00e9ri formalit\u00e1sok.<\/p>\n<p>Az APM a k\u00f6lt\u00f6ztet\u00e9si szolg\u00e1ltat\u00e1s h\u00e1rom szintj\u00e9t k\u00edn\u00e1lja: az 1. szint a k\u00f6lt\u00f6ztet\u00e9s \u00e9s sz\u00e1ll\u00edt\u00e1s, a 2. szint a b\u00fatorok csomagol\u00e1s\u00e1t \u00e9s kicsomagol\u00e1s\u00e1t is mag\u00e1ban foglalja, a 3. szint pedig ezen fel\u00fcl az \u00f6sszes ing\u00f3s\u00e1g csomagol\u00e1s\u00e1t \u00e9s kicsomagol\u00e1s\u00e1t is. Sz\u00fcks\u00e9g eset\u00e9n t\u00e1rol\u00e1si lehet\u0151s\u00e9get is biztos\u00edtanak.<\/p>\n<p>Weboldal: <a href=\"http:\/\/www.algeriapm.com\" target=\"_blank\" rel=\"noopener\">http:\/\/www.algeriapm.com<\/a><\/p>\n<h2><strong>3. Egy bajnok k\u00f6lt\u00f6ztet\u00e9se<\/strong><\/h2>\n<p><em><img loading=\"lazy\" decoding=\"async\" class=\"alignnone size-full wp-image-4644\" src=\"https:\/\/moverdb.com\/wp-content\/uploads\/One-Champion-Removals-international-moving-company.png\" alt=\"One Champion Removals nemzetk\u00f6zi k\u00f6lt\u00f6ztet\u0151 c\u00e9g\" width=\"1440\" height=\"683\" data-wp-pid=\"4644\" srcset=\"https:\/\/moverdb.com\/wp-content\/uploads\/One-Champion-Removals-international-moving-company.png 1440w, https:\/\/moverdb.com\/wp-content\/uploads\/One-Champion-Removals-international-moving-company-300x142.png 300w, https:\/\/moverdb.com\/wp-content\/uploads\/One-Champion-Removals-international-moving-company-1024x486.png 1024w, https:\/\/moverdb.com\/wp-content\/uploads\/One-Champion-Removals-international-moving-company-18x9.png 18w, https:\/\/moverdb.com\/wp-content\/uploads\/One-Champion-Removals-international-moving-company-600x285.png 600w\" sizes=\"auto, (max-width: 1440px) 100vw, 1440px\" \/><\/em><\/p>\n<ul>\n<li>Helyi \u00e9s belf\u00f6ldi k\u00f6lt\u00f6ztet\u00e9si szolg\u00e1ltat\u00e1sok<\/li>\n<li>Nemzetk\u00f6zi szolg\u00e1ltat\u00e1sok<\/li>\n<li>K\u00f6z\u00fati, tengeri \u00e9s l\u00e9gi sz\u00e1ll\u00edt\u00e1s<\/li>\n<li>Csomagol\u00e1s \u00e9s kicsomagol\u00e1s<\/li>\n<li>B\u00fatorok sz\u00e9tszerel\u00e9se \u00e9s \u00f6sszeszerel\u00e9se<\/li>\n<li>V\u00e1mfel\u00fcgyelet<\/li>\n<li>Teljesen biztos\u00edtott, biztons\u00e1gos \u00e9s v\u00e9dett szolg\u00e1ltat\u00e1s<\/li>\n<li>Nincsenek rejtett k\u00f6lts\u00e9gek<\/li>\n<li>Rakt\u00e1roz\u00e1si lehet\u0151s\u00e9geket k\u00edn\u00e1l<\/li>\n<li>Emellett \u00e1thelyez\u00e9si szolg\u00e1ltat\u00e1st is k\u00edn\u00e1l, hogy seg\u00edtsen ingatlant tal\u00e1lni.<\/li>\n<\/ul>\n<p>A One Champion Removals egy alg\u00e9riai sz\u00e9khely\u0171 <a href=\"https:\/\/moverdb.com\/hu\/international-removals\/\" data-internallinksmanager029f6b8e52c=\"27\" title=\"36 legjobb nemzetk\u00f6zi k\u00f6lt\u00f6ztet\u0151 c\u00e9gek az Egyes\u00fclt Kir\u00e1lys\u00e1gban\">k\u00f6lt\u00f6ztet\u0151 c\u00e9g<\/a> amely 3 \u00e9ve tagja az IAM-nek. Olyan hozz\u00e1\u00e9rt\u0151 \u00e9s tapasztalt csapatot biztos\u00edtanak, amely helyi, orsz\u00e1gos \u00e9s nemzetk\u00f6zi k\u00f6lt\u00f6ztet\u00e9sben tud seg\u00edteni.<\/p>\n<p>A One Champion Removals olyan k\u00f6lt\u00f6ztet\u00e9si szolg\u00e1ltat\u00e1sokat ny\u00fajt, amelyeket k\u00f6z\u00faton, tengeren \u00e9s leveg\u0151ben is el lehet v\u00e9gezni, \u00e9s csapatuk elint\u00e9zi az \u00f6sszes pap\u00edrmunk\u00e1t, p\u00e9ld\u00e1ul a v\u00e1mk\u00f6vetelm\u00e9nyeket. Teljesen biztos\u00edtott szolg\u00e1ltat\u00e1st ny\u00fajtanak, amely biztons\u00e1gos \u00e9s v\u00e9dett. Biztons\u00e1gos t\u00e1rol\u00e1si lehet\u0151s\u00e9geket is biztos\u00edtanak a holmij\u00e1nak, valamint k\u00f6lt\u00f6ztet\u00e9si szolg\u00e1ltat\u00e1st ny\u00fajtanak a megfelel\u0151 ingatlan megtal\u00e1l\u00e1s\u00e1hoz.<\/p>\n<p>Weboldal: <a href=\"http:\/\/www.championinternationalmoving.com\" target=\"_blank\" rel=\"noopener\">http:\/\/www.championinternationalmoving.com<\/a><\/p>","protected":false},"excerpt":{"rendered":"<p>If you are moving in Algeria, or are wanting to move to or from Algeria, you may need a moving company to assist you. Below is a list of those that are members of the International Association of Movers (IAM) and\/or FIDI Accredited International Mover (FAIM) which will hopefully help you. 1. Aim Intermovers Provides [&hellip;]<\/p>\n","protected":false},"author":4,"featured_media":0,"parent":190,"menu_order":0,"comment_status":"closed","ping_status":"closed","template":"","meta":{"_genesis_hide_title":false,"_genesis_hide_breadcrumbs":false,"_genesis_hide_singular_image":false,"_genesis_hide_footer_widgets":false,"_genesis_custom_body_class":"","_genesis_custom_post_class":"","_genesis_layout":"","footnotes":""},"class_list":{"0":"post-4641","1":"page","2":"type-page","3":"status-publish","5":"entry","6":"has-post-thumbnail"},"_links":{"self":[{"href":"https:\/\/moverdb.com\/hu\/wp-json\/wp\/v2\/pages\/4641","targetHints":{"allow":["GET"]}}],"collection":[{"href":"https:\/\/moverdb.com\/hu\/wp-json\/wp\/v2\/pages"}],"about":[{"href":"https:\/\/moverdb.com\/hu\/wp-json\/wp\/v2\/types\/page"}],"author":[{"embeddable":true,"href":"https:\/\/moverdb.com\/hu\/wp-json\/wp\/v2\/users\/4"}],"replies":[{"embeddable":true,"href":"https:\/\/moverdb.com\/hu\/wp-json\/wp\/v2\/comments?post=4641"}],"version-history":[{"count":3,"href":"https:\/\/moverdb.com\/hu\/wp-json\/wp\/v2\/pages\/4641\/revisions"}],"predecessor-version":[{"id":4653,"href":"https:\/\/moverdb.com\/hu\/wp-json\/wp\/v2\/pages\/4641\/revisions\/4653"}],"up":[{"embeddable":true,"href":"https:\/\/moverdb.com\/hu\/wp-json\/wp\/v2\/pages\/190"}],"wp:attachment":[{"href":"https:\/\/moverdb.com\/hu\/wp-json\/wp\/v2\/media?parent=4641"}],"curies":[{"name":"wp","href":"https:\/\/api.w.org\/{rel}","templated":true}]}}