{"id":4638,"date":"2022-09-17T00:29:40","date_gmt":"2022-09-17T00:29:40","guid":{"rendered":"https:\/\/moverdb.com\/?page_id=4638"},"modified":"2026-01-08T14:38:36","modified_gmt":"2026-01-08T14:38:36","slug":"maldiv-szigetek","status":"publish","type":"page","link":"https:\/\/moverdb.com\/hu\/container-shipping\/maldives\/","title":{"rendered":"2026 Tengeri tehersz\u00e1ll\u00edt\u00e1si kont\u00e9ner\u00e1rak a Mald\u00edv-szigetekre \u00e9s a Mald\u00edv-szigetekr\u0151l"},"content":{"rendered":"<div class=\"wp-block-image\">\n<figure class=\"aligncenter size-full\"><img loading=\"lazy\" decoding=\"async\" width=\"1000\" height=\"667\" src=\"https:\/\/moverdb.com\/wp-content\/uploads\/maldives.jpg\" alt=\"Egy gy\u00f6ny\u00f6r\u0171 strand a Mald\u00edv-szigeteken\" class=\"wp-image-4586\" srcset=\"https:\/\/moverdb.com\/wp-content\/uploads\/maldives.jpg 1000w, https:\/\/moverdb.com\/wp-content\/uploads\/maldives-300x200.jpg 300w, https:\/\/moverdb.com\/wp-content\/uploads\/maldives-18x12.jpg 18w, https:\/\/moverdb.com\/wp-content\/uploads\/maldives-600x400.jpg 600w\" sizes=\"auto, (max-width: 1000px) 100vw, 1000px\" \/><\/figure>\n<\/div>\n\n\n<p>Amikor a f\u00f6ldi paradicsomot eml\u00edtik, <strong>a <a href=\"https:\/\/moverdb.com\/hu\/moving-to-the-maldives\/\" data-internallinksmanager029f6b8e52c=\"387\" title=\"A Mald\u00edv-szigetekre k\u00f6lt\u00f6zik? 2023 Lakhat\u00e1si k\u00f6lts\u00e9gek \u00e9s k\u00f6lt\u00f6z\u00e9si tippek\">Mald\u00edv-szigetek<\/a><\/strong> automatikusan be\u00edrja a mondatot. Ez a d\u00e9l-\u00e1zsiai sziget tal\u00e1n a legn\u00e9pszer\u0171bb ny\u00e1ri \u00fcd\u00fcl\u0151hely, amely krist\u00e1lytiszta viz\u00e9r\u0151l \u00e9s gy\u00f6ny\u00f6r\u0171 feh\u00e9r strandjair\u00f3l ismert.<\/p>\n\n\n\n<p>A term\u00e9szeti pompa mellett a Mald\u00edv-szigetek tisztess\u00e9ges v\u00e1laszt\u00e1s minden olyan k\u00fclf\u00f6ldi sz\u00e1m\u00e1ra, aki \u00e9rt\u00e9keli a bar\u00e1ts\u00e1gos k\u00f6z\u00f6ss\u00e9get, az alacsony meg\u00e9lhet\u00e9si k\u00f6lts\u00e9geket \u00e9s a rengeteg lehet\u0151s\u00e9get a sz\u00f3rakoztat\u00f3 tev\u00e9kenys\u00e9gekre. A Mald\u00edv-szigetek t\u00f6bb sz\u00e1z szigetb\u0151l \u00e1llnak, \u00edgy mindig van valami \u00faj l\u00e1tnival\u00f3 \u00e9s \u00e9lm\u00e9ny.<\/p>\n\n\n\n<p>Teh\u00e1t, ha a Mald\u00edv-szigetek szerepel a bakancslist\u00e1j\u00e1n, akkor seg\u00edthet\u00fcnk tan\u00e1csokkal ell\u00e1tni a k\u00f6vetkez\u0151 t\u00e9m\u00e1kban <a href=\"https:\/\/moverdb.com\/hu\/moving-costs\/\" data-internallinksmanager029f6b8e52c=\"25\" title=\"Nemzetk\u00f6zi k\u00f6lt\u00f6z\u00e9si k\u00f6lts\u00e9gek: 9 dolog, amit nem hagyhat figyelmen k\u00edv\u00fcl\">k\u00f6lt\u00f6z\u00e9si k\u00f6lts\u00e9gek<\/a> az orsz\u00e1gba \u00e9s az orsz\u00e1gb\u00f3l.<\/p>\n\n\n\n<p>Az al\u00e1bbiakban felfedezheti a legalacsonyabb Mald\u00edv-szigeteki <a href=\"https:\/\/moverdb.com\/hu\/container-shipping\/\" data-internallinksmanager029f6b8e52c=\"3\" title=\"Nemzetk\u00f6zi kont\u00e9nersz\u00e1ll\u00edt\u00e1si d\u00edjt\u00e1bl\u00e1zat: \u00e1prilis 2026\">kont\u00e9neres sz\u00e1ll\u00edt\u00e1si d\u00edjak<\/a> 20' \u00e9s 40' sz\u00e1ll\u00edt\u00e1si kont\u00e9nerekhez. Seg\u00edts\u00e9g\u00fckkel becsl\u00e9st kaphat arr\u00f3l, hogy mennyibe ker\u00fclhet \u00d6nnek a holmij\u00e1nak az orsz\u00e1gba vagy az orsz\u00e1gb\u00f3l val\u00f3 elsz\u00e1ll\u00edt\u00e1sa.<\/p>\n\n\n\n<p>A fent tal\u00e1lhat\u00f3 \u00e1raj\u00e1nlatk\u00e9r\u0151 \u0171rlapot is haszn\u00e1lhatja, hogy pontosabb \u00e1rat kapjon.<\/p>\n\n\n\n<h2 class=\"wp-block-heading\">Kont\u00e9nersz\u00e1ll\u00edt\u00e1s k\u00f6lts\u00e9gei a Mald\u00edv-szigetekre (Mal\u00e9)<\/h2>\n\n\n<div class=\"wp-block-image\">\n<figure class=\"aligncenter size-large\"><img loading=\"lazy\" decoding=\"async\" width=\"1024\" height=\"539\" src=\"https:\/\/moverdb.com\/wp-content\/uploads\/Shipping-Container-Costs-to-Maldives-1024x539.png\" alt=\"Kont\u00e9nersz\u00e1ll\u00edt\u00e1s k\u00f6lts\u00e9gei a Mald\u00edv-szigetekre\" class=\"wp-image-4595\" srcset=\"https:\/\/moverdb.com\/wp-content\/uploads\/Shipping-Container-Costs-to-Maldives-1024x539.png 1024w, https:\/\/moverdb.com\/wp-content\/uploads\/Shipping-Container-Costs-to-Maldives-300x158.png 300w, https:\/\/moverdb.com\/wp-content\/uploads\/Shipping-Container-Costs-to-Maldives-1536x809.png 1536w, https:\/\/moverdb.com\/wp-content\/uploads\/Shipping-Container-Costs-to-Maldives-18x9.png 18w, https:\/\/moverdb.com\/wp-content\/uploads\/Shipping-Container-Costs-to-Maldives-600x316.png 600w, https:\/\/moverdb.com\/wp-content\/uploads\/Shipping-Container-Costs-to-Maldives.png 2000w\" sizes=\"auto, (max-width: 1024px) 100vw, 1024px\" \/><\/figure>\n<\/div>\n\n\n<table id=\"tablepress-167\" class=\"tablepress tablepress-id-167\">\n<thead>\n<tr class=\"row-1\">\n\t<th class=\"column-1\">C\u00e9lorsz\u00e1g (<a href=\"https:\/\/moverdb.com\/hu\/top-49-container-ports\/\" data-internallinksmanager029f6b8e52c=\"80\" title=\"Top 49 legnagyobb \u00e9s legforgalmasabb kont\u00e9nerkik\u00f6t\u0151 2025-ben\">Port<\/a>\/V\u00e1ros)<\/th><th class=\"column-2\">20FT<\/th><th class=\"column-3\">40FT<\/th>\n<\/tr>\n<\/thead>\n<tbody class=\"row-striping row-hover\">\n<tr class=\"row-2\">\n\t<td class=\"column-1\"><a href=\"https:\/\/moverdb.com\/hu\/container-shipping\/andorra\/\" data-internallinksmanager029f6b8e52c=\"88\" title=\"2026 Tengeri tehersz\u00e1ll\u00edt\u00e1si kont\u00e9ner \u00e1rak Andorr\u00e1b\u00f3l \u00e9s Andorr\u00e1ba\">Andorra (Andorra la Vella)<\/a><\/td><td class=\"column-2\">$4,396<\/td><td class=\"column-3\">$8,053<\/td>\n<\/tr>\n<tr class=\"row-3\">\n\t<td class=\"column-1\"><a href=\"https:\/\/moverdb.com\/hu\/container-shipping\/antigua-and-barbuda\/\" data-internallinksmanager029f6b8e52c=\"92\" title=\"2026 Tengeri tehersz\u00e1ll\u00edt\u00e1si kont\u00e9ner \u00e1rak Antigua \u00e9s Barbuda fel\u00e9 \u00e9s onnan\">Antigua \u00e9s Barbuda (St John's)<\/a><\/td><td class=\"column-2\">$1,825<\/td><td class=\"column-3\">N\/A<\/td>\n<\/tr>\n<tr class=\"row-4\">\n\t<td class=\"column-1\"><a href=\"https:\/\/moverdb.com\/hu\/container-shipping\/argentina\/\" data-internallinksmanager029f6b8e52c=\"91\" title=\"2026 Tengeri tehersz\u00e1ll\u00edt\u00e1si kont\u00e9ner \u00e1rak Argent\u00edn\u00e1ba \u00e9s Argent\u00edn\u00e1b\u00f3l\">Argent\u00edna (Buenos Aires)<\/a><\/td><td class=\"column-2\">$2,845<\/td><td class=\"column-3\">N\/A<\/td>\n<\/tr>\n<tr class=\"row-5\">\n\t<td class=\"column-1\"><a href=\"https:\/\/moverdb.com\/hu\/container-shipping\/aruba\/\" data-internallinksmanager029f6b8e52c=\"90\" title=\"2026 Tengeri tehersz\u00e1ll\u00edt\u00e1si kont\u00e9ner \u00e1rak Arub\u00e1ra \u00e9s Arub\u00e1r\u00f3l\">Aruba (Oranjestad)<\/a><\/td><td class=\"column-2\">$2,845<\/td><td class=\"column-3\">N\/A<\/td>\n<\/tr>\n<tr class=\"row-6\">\n\t<td class=\"column-1\"><a href=\"https:\/\/moverdb.com\/hu\/container-shipping\/australia\/\" data-internallinksmanager029f6b8e52c=\"89\" title=\"2026 Kont\u00e9nersz\u00e1ll\u00edt\u00e1si d\u00edjak Ausztr\u00e1li\u00e1ba \u00e9s Ausztr\u00e1li\u00e1b\u00f3l\">Ausztr\u00e1lia (Sydney)<\/a><\/td><td class=\"column-2\">$1,561<\/td><td class=\"column-3\">$2,083<\/td>\n<\/tr>\n<tr class=\"row-7\">\n\t<td class=\"column-1\"><a href=\"https:\/\/moverdb.com\/hu\/container-shipping\/austria\/\" data-internallinksmanager029f6b8e52c=\"95\" title=\"2026 Tengeri tehersz\u00e1ll\u00edt\u00e1s kont\u00e9nerrel Ausztri\u00e1ba \u00e9s Ausztri\u00e1b\u00f3l\">Ausztria (B\u00e9cs)<\/a><\/td><td class=\"column-2\">$4,641<\/td><td class=\"column-3\">N\/A<\/td>\n<\/tr>\n<tr class=\"row-8\">\n\t<td class=\"column-1\"><a href=\"https:\/\/moverdb.com\/hu\/container-shipping\/bangladesh\/\" data-internallinksmanager029f6b8e52c=\"97\" title=\"2026 Tengeri tehersz\u00e1ll\u00edt\u00e1si kont\u00e9ner \u00e1rak Bangladesbe \u00e9s Bangladesb\u0151l\">Banglades (Chittagong)<\/a><\/td><td class=\"column-2\">$110<\/td><td class=\"column-3\">N\/A<\/td>\n<\/tr>\n<tr class=\"row-9\">\n\t<td class=\"column-1\"><a href=\"https:\/\/moverdb.com\/hu\/container-shipping\/belgium\/\" data-internallinksmanager029f6b8e52c=\"86\" title=\"2026 Tengeri tehersz\u00e1ll\u00edt\u00e1si kont\u00e9ner \u00e1rak Belgiumba \u00e9s Belgiumb\u00f3l\">Belgium (Antwerpen)<\/a><\/td><td class=\"column-2\">$2,947<\/td><td class=\"column-3\">$3,980<\/td>\n<\/tr>\n<tr class=\"row-10\">\n\t<td class=\"column-1\"><a href=\"https:\/\/moverdb.com\/hu\/container-shipping\/brazil\/\" data-internallinksmanager029f6b8e52c=\"98\" title=\"2026 Tengeri tehersz\u00e1ll\u00edt\u00e1si kont\u00e9ner \u00e1rak Braz\u00edli\u00e1ba \u00e9s Braz\u00edli\u00e1b\u00f3l\">Braz\u00edlia (Santos)<\/a><\/td><td class=\"column-2\">$3,267<\/td><td class=\"column-3\">$4,305<\/td>\n<\/tr>\n<tr class=\"row-11\">\n\t<td class=\"column-1\"><a href=\"https:\/\/moverdb.com\/hu\/container-shipping\/china\/\" data-internallinksmanager029f6b8e52c=\"105\" title=\"2026 Tengeri tehersz\u00e1ll\u00edt\u00e1si kont\u00e9ner \u00e1rak K\u00edn\u00e1ba \u00e9s K\u00edn\u00e1b\u00f3l\">K\u00edna (Peking)<\/a><\/td><td class=\"column-2\">$2,640<\/td><td class=\"column-3\">$4,624<\/td>\n<\/tr>\n<tr class=\"row-12\">\n\t<td class=\"column-1\">K\u00edna (Sanghaj)<\/td><td class=\"column-2\">$2,237<\/td><td class=\"column-3\">$3,416<\/td>\n<\/tr>\n<tr class=\"row-13\">\n\t<td class=\"column-1\"><a href=\"https:\/\/moverdb.com\/hu\/container-shipping\/croatia\/\" data-internallinksmanager029f6b8e52c=\"107\" title=\"2026 Tengeri tehersz\u00e1ll\u00edt\u00e1si kont\u00e9ner \u00e1rak Horv\u00e1torsz\u00e1gb\u00f3l \u00e9s Horv\u00e1torsz\u00e1gba\">Horv\u00e1torsz\u00e1g (Rijeka)<\/a><\/td><td class=\"column-2\">$2,673<\/td><td class=\"column-3\">$3,574<\/td>\n<\/tr>\n<tr class=\"row-14\">\n\t<td class=\"column-1\"><a href=\"https:\/\/moverdb.com\/hu\/container-shipping\/egypt\/\" data-internallinksmanager029f6b8e52c=\"113\" title=\"2026 Tengeri tehersz\u00e1ll\u00edt\u00e1si kont\u00e9ner \u00e1rak Egyiptomb\u00f3l \u00e9s Egyiptomba\">Egyiptom (Alexandria)<\/a><\/td><td class=\"column-2\">$1,914<\/td><td class=\"column-3\">$3,371<\/td>\n<\/tr>\n<tr class=\"row-15\">\n\t<td class=\"column-1\"><a href=\"https:\/\/moverdb.com\/hu\/container-shipping\/estonia\/\" data-internallinksmanager029f6b8e52c=\"114\" title=\"2026 Tengeri tehersz\u00e1ll\u00edt\u00e1si kont\u00e9ner \u00e1rak \u00c9sztorsz\u00e1gba \u00e9s \u00c9sztorsz\u00e1gb\u00f3l\">\u00c9sztorsz\u00e1g (Tallinn)<\/a><\/td><td class=\"column-2\">$2,728<\/td><td class=\"column-3\">$4,767<\/td>\n<\/tr>\n<tr class=\"row-16\">\n\t<td class=\"column-1\"><a href=\"https:\/\/moverdb.com\/hu\/container-shipping\/finland\/\" data-internallinksmanager029f6b8e52c=\"115\" title=\"2026 Tengeri tehersz\u00e1ll\u00edt\u00e1si kont\u00e9ner \u00e1rak Finnorsz\u00e1gba \u00e9s Finnorsz\u00e1gb\u00f3l\">Finnorsz\u00e1g (Helsinki)<\/a><\/td><td class=\"column-2\">$2,728<\/td><td class=\"column-3\">$4,767<\/td>\n<\/tr>\n<tr class=\"row-17\">\n\t<td class=\"column-1\"><a href=\"https:\/\/moverdb.com\/hu\/container-shipping\/germany\/\" data-internallinksmanager029f6b8e52c=\"118\" title=\"2026 Tengeri tehersz\u00e1ll\u00edt\u00e1si kont\u00e9ner \u00e1rak N\u00e9metorsz\u00e1gba \u00e9s N\u00e9metorsz\u00e1gb\u00f3l\">N\u00e9metorsz\u00e1g (Hamburg)<\/a><\/td><td class=\"column-2\">$1,958<\/td><td class=\"column-3\">$4,022<\/td>\n<\/tr>\n<tr class=\"row-18\">\n\t<td class=\"column-1\"><a href=\"https:\/\/moverdb.com\/hu\/container-shipping\/greece\/\" data-internallinksmanager029f6b8e52c=\"120\" title=\"2026 Tengeri tehersz\u00e1ll\u00edt\u00e1si kont\u00e9ner \u00e1rak G\u00f6r\u00f6gorsz\u00e1gba \u00e9s G\u00f6r\u00f6gorsz\u00e1gb\u00f3l\">G\u00f6r\u00f6gorsz\u00e1g (Pireusz)<\/a><\/td><td class=\"column-2\">$2,332<\/td><td class=\"column-3\">$3,633<\/td>\n<\/tr>\n<tr class=\"row-19\">\n\t<td class=\"column-1\"><a href=\"https:\/\/moverdb.com\/hu\/container-shipping\/guernsey\/\" data-internallinksmanager029f6b8e52c=\"121\" title=\"2026 Tengeri tehersz\u00e1ll\u00edt\u00e1si kont\u00e9ner \u00e1rak Guernsey-r\u0151l \u00e9s Guernsey-re\">Guernsey (St Peter Port)<\/a><\/td><td class=\"column-2\">$1,628<\/td><td class=\"column-3\">$3,812<\/td>\n<\/tr>\n<tr class=\"row-20\">\n\t<td class=\"column-1\"><a href=\"https:\/\/moverdb.com\/hu\/container-shipping\/haiti\/\" data-internallinksmanager029f6b8e52c=\"122\" title=\"2026 Tengeri tehersz\u00e1ll\u00edt\u00e1si kont\u00e9ner \u00e1rak Haiti fel\u00e9 \u00e9s Haitir\u0151l\">Haiti (Port-au-Prince)<\/a><\/td><td class=\"column-2\">$2,347<\/td><td class=\"column-3\">$3,889<\/td>\n<\/tr>\n<tr class=\"row-21\">\n\t<td class=\"column-1\"><a href=\"https:\/\/moverdb.com\/hu\/container-shipping\/india\/\" data-internallinksmanager029f6b8e52c=\"125\" title=\"2026 Tengeri tehersz\u00e1ll\u00edt\u00e1s kont\u00e9ner \u00e1rak Indi\u00e1ba \u00e9s Indi\u00e1b\u00f3l\">India (Mumbai)<\/a><\/td><td class=\"column-2\">$2,145<\/td><td class=\"column-3\">$3,990<\/td>\n<\/tr>\n<tr class=\"row-22\">\n\t<td class=\"column-1\"><a href=\"https:\/\/moverdb.com\/hu\/container-shipping\/indonesia\/\" data-internallinksmanager029f6b8e52c=\"126\" title=\"2026 Tengeri tehersz\u00e1ll\u00edt\u00e1s kont\u00e9ner \u00e1rak Indon\u00e9zi\u00e1b\u00f3l \u00e9s Indon\u00e9zi\u00e1ba\">Indon\u00e9zia (Jakarta)<\/a><\/td><td class=\"column-2\">$2,860<\/td><td class=\"column-3\">$5,040<\/td>\n<\/tr>\n<tr class=\"row-23\">\n\t<td class=\"column-1\"><a href=\"https:\/\/moverdb.com\/hu\/container-shipping\/italy\/\" data-internallinksmanager029f6b8e52c=\"130\" title=\"2026 Tengeri tehersz\u00e1ll\u00edt\u00e1si kont\u00e9ner \u00e1rak Olaszorsz\u00e1gba \u00e9s Olaszorsz\u00e1gb\u00f3l\">Olaszorsz\u00e1g (Trieszt)<\/a><\/td><td class=\"column-2\">$2,673<\/td><td class=\"column-3\">$3,574<\/td>\n<\/tr>\n<tr class=\"row-24\">\n\t<td class=\"column-1\"><a href=\"https:\/\/moverdb.com\/hu\/container-shipping\/japan\/\" data-internallinksmanager029f6b8e52c=\"131\" title=\"2026 Tengeri tehersz\u00e1ll\u00edt\u00e1si kont\u00e9ner \u00e1rak Jap\u00e1nba \u00e9s Jap\u00e1nb\u00f3l\">Jap\u00e1n (Toki\u00f3)<\/a><\/td><td class=\"column-2\">$2,805<\/td><td class=\"column-3\">$4,778<\/td>\n<\/tr>\n<tr class=\"row-25\">\n\t<td class=\"column-1\"><a href=\"https:\/\/moverdb.com\/hu\/container-shipping\/jersey\/\" data-internallinksmanager029f6b8e52c=\"132\" title=\"2026 Tengeri tehersz\u00e1ll\u00edt\u00e1si kont\u00e9ner \u00e1rak Jersey-r\u0151l \u00e9s Jersey-be\">Jersey (St Helier)<\/a><\/td><td class=\"column-2\">$1,628<\/td><td class=\"column-3\">$3,812<\/td>\n<\/tr>\n<tr class=\"row-26\">\n\t<td class=\"column-1\"><a href=\"https:\/\/moverdb.com\/hu\/container-shipping\/kenya\/\" data-internallinksmanager029f6b8e52c=\"134\" title=\"2026 Tengeri tehersz\u00e1ll\u00edt\u00e1si kont\u00e9ner \u00e1rak Keny\u00e1ba \u00e9s Keny\u00e1b\u00f3l\">Kenya (Mombasa)<\/a><\/td><td class=\"column-2\">$1,532<\/td><td class=\"column-3\">$2,722<\/td>\n<\/tr>\n<tr class=\"row-27\">\n\t<td class=\"column-1\"><a href=\"https:\/\/moverdb.com\/hu\/container-shipping\/kuwait\/\" data-internallinksmanager029f6b8e52c=\"135\" title=\"2026 Tengeri tehersz\u00e1ll\u00edt\u00e1si kont\u00e9ner \u00e1rak Kuvaitba \u00e9s Kuvaitb\u00f3l\">Kuvait (Shuwaikh)<\/a><\/td><td class=\"column-2\">$1,500<\/td><td class=\"column-3\">$2,400<\/td>\n<\/tr>\n<tr class=\"row-28\">\n\t<td class=\"column-1\"><a href=\"https:\/\/moverdb.com\/hu\/container-shipping\/latvia\/\" data-internallinksmanager029f6b8e52c=\"136\" title=\"2026 Tengeri tehersz\u00e1ll\u00edt\u00e1si kont\u00e9ner \u00e1rak Lettorsz\u00e1gba \u00e9s Lettorsz\u00e1gb\u00f3l\">Lettorsz\u00e1g (Riga)<\/a><\/td><td class=\"column-2\">$2,728<\/td><td class=\"column-3\">$4,904<\/td>\n<\/tr>\n<tr class=\"row-29\">\n\t<td class=\"column-1\"><a href=\"https:\/\/moverdb.com\/hu\/container-shipping\/liechtenstein\/\" data-internallinksmanager029f6b8e52c=\"144\" title=\"2026 Tengeri tehersz\u00e1ll\u00edt\u00e1si kont\u00e9ner \u00e1rak Liechtensteinbe \u00e9s Liechtensteinb\u0151l\">Liechtenstein (Vaduz)<\/a><\/td><td class=\"column-2\">$2,673<\/td><td class=\"column-3\">$4,029<\/td>\n<\/tr>\n<tr class=\"row-30\">\n\t<td class=\"column-1\"><a href=\"https:\/\/moverdb.com\/hu\/container-shipping\/lithuania\/\" data-internallinksmanager029f6b8e52c=\"145\" title=\"2026 Tengeri tehersz\u00e1ll\u00edt\u00e1s kont\u00e9nerrel Litv\u00e1ni\u00e1ba \u00e9s Litv\u00e1ni\u00e1b\u00f3l\">Litv\u00e1nia (Klaipeda)<\/a><\/td><td class=\"column-2\">$2,552<\/td><td class=\"column-3\">$4,904<\/td>\n<\/tr>\n<tr class=\"row-31\">\n\t<td class=\"column-1\"><a href=\"https:\/\/moverdb.com\/hu\/moving-to-luxembourg\/\" data-internallinksmanager029f6b8e52c=\"349\" title=\"Luxemburgba k\u00f6lt\u00f6zik? 2023 Lakhat\u00e1si k\u00f6lts\u00e9gek \u00e9s k\u00f6lt\u00f6z\u00e9si tippek\">Luxemburg<\/a><\/td><td class=\"column-2\">$2,081<\/td><td class=\"column-3\">$3,609<\/td>\n<\/tr>\n<tr class=\"row-32\">\n\t<td class=\"column-1\"><a href=\"https:\/\/moverdb.com\/hu\/container-shipping\/malaysia\/\" data-internallinksmanager029f6b8e52c=\"148\" title=\"2026 Tengeri tehersz\u00e1ll\u00edt\u00e1si kont\u00e9ner \u00e1rak Malajzi\u00e1ba \u00e9s Malajzi\u00e1b\u00f3l\">Malajzia (Port Kelang)<\/a><\/td><td class=\"column-2\">$3,658<\/td><td class=\"column-3\">$7,182<\/td>\n<\/tr>\n<tr class=\"row-33\">\n\t<td class=\"column-1\"><a href=\"https:\/\/moverdb.com\/hu\/container-shipping\/pakistan\/\" data-internallinksmanager029f6b8e52c=\"155\" title=\"2026 Tengeri tehersz\u00e1ll\u00edt\u00e1s kont\u00e9ner \u00e1rak Pakiszt\u00e1nba \u00e9s Pakiszt\u00e1nb\u00f3l\">Pakiszt\u00e1n (Karacsi)<\/a><\/td><td class=\"column-2\">$2,420<\/td><td class=\"column-3\">$4,320<\/td>\n<\/tr>\n<tr class=\"row-34\">\n\t<td class=\"column-1\"><a href=\"https:\/\/moverdb.com\/hu\/container-shipping\/thailand\/\" data-internallinksmanager029f6b8e52c=\"189\" title=\"2026 Tengeri tehersz\u00e1ll\u00edt\u00e1s kont\u00e9ner \u00e1rak Thaif\u00f6ldre \u00e9s Thaif\u00f6ldr\u0151l\">Thaif\u00f6ld (Laem Chabang)<\/a><\/td><td class=\"column-2\">$3,415<\/td><td class=\"column-3\">$6,435<\/td>\n<\/tr>\n<tr class=\"row-35\">\n\t<td class=\"column-1\"><a href=\"https:\/\/moverdb.com\/hu\/container-shipping\/united-arab-emirates\/\" data-internallinksmanager029f6b8e52c=\"188\" title=\"2026 Kont\u00e9nersz\u00e1ll\u00edt\u00e1si d\u00edjak az Egyes\u00fclt Arab Em\u00edrs\u00e9gekbe \u00e9s az Egyes\u00fclt Arab Em\u00edrs\u00e9gekb\u0151l\">Egyes\u00fclt Arab Em\u00edrs\u00e9gek (Jebel Ali)<\/a><\/td><td class=\"column-2\">$1,870<\/td><td class=\"column-3\">$2,077<\/td>\n<\/tr>\n<tr class=\"row-36\">\n\t<td class=\"column-1\"><a href=\"https:\/\/moverdb.com\/hu\/moving-to-the-united-states\/\" data-internallinksmanager029f6b8e52c=\"94\" title=\"Az Egyes\u00fclt \u00c1llamokba k\u00f6lt\u00f6zik? 2022 Meg\u00e9lhet\u00e9si k\u00f6lts\u00e9gek \u00e9s k\u00f6lt\u00f6z\u00e9si tippek\">US<\/a> (<a href=\"https:\/\/moverdb.com\/hu\/moving-to-los-angeles\/\" data-internallinksmanager029f6b8e52c=\"51\" title=\"Los Angelesbe k\u00f6lt\u00f6zik? 2026 LA meg\u00e9lhet\u00e9si k\u00f6lts\u00e9gek \u00e9s k\u00f6lt\u00f6z\u00e9si tippek\">Los Angeles<\/a>)<\/td><td class=\"column-2\">$2,730<\/td><td class=\"column-3\">$3,666<\/td>\n<\/tr>\n<tr class=\"row-37\">\n\t<td class=\"column-1\"><a href=\"https:\/\/moverdb.com\/hu\/container-shipping\/united-states\/\" data-internallinksmanager029f6b8e52c=\"87\" title=\"2026 Tengeri tehersz\u00e1ll\u00edt\u00e1s kont\u00e9ner \u00e1rak az USA-ba \u00e9s az USA-b\u00f3l\">USA (New York)<\/a><\/td><td class=\"column-2\">$3,557<\/td><td class=\"column-3\">$4,680<\/td>\n<\/tr>\n<\/tbody>\n<\/table>\n<!-- #tablepress-167 from cache -->\n\n\n\n<h2 class=\"wp-block-heading\">Kont\u00e9nersz\u00e1ll\u00edt\u00e1s k\u00f6lts\u00e9gei a Mald\u00edv-szigetekr\u0151l (Mal\u00e9)<\/h2>\n\n\n<div class=\"wp-block-image\">\n<figure class=\"aligncenter size-large\"><img loading=\"lazy\" decoding=\"async\" width=\"1024\" height=\"539\" src=\"https:\/\/moverdb.com\/wp-content\/uploads\/Shipping-Container-Costs-from-Maldives-1024x539.png\" alt=\"Sz\u00e1ll\u00edt\u00e1si kont\u00e9ner k\u00f6lts\u00e9gek a Mald\u00edv-szigetekr\u0151l\" class=\"wp-image-4591\" srcset=\"https:\/\/moverdb.com\/wp-content\/uploads\/Shipping-Container-Costs-from-Maldives-1024x539.png 1024w, https:\/\/moverdb.com\/wp-content\/uploads\/Shipping-Container-Costs-from-Maldives-300x158.png 300w, https:\/\/moverdb.com\/wp-content\/uploads\/Shipping-Container-Costs-from-Maldives-1536x809.png 1536w, https:\/\/moverdb.com\/wp-content\/uploads\/Shipping-Container-Costs-from-Maldives-18x9.png 18w, https:\/\/moverdb.com\/wp-content\/uploads\/Shipping-Container-Costs-from-Maldives-600x316.png 600w, https:\/\/moverdb.com\/wp-content\/uploads\/Shipping-Container-Costs-from-Maldives.png 2000w\" sizes=\"auto, (max-width: 1024px) 100vw, 1024px\" \/><\/figure>\n<\/div>\n\n\n<table id=\"tablepress-160\" class=\"tablepress tablepress-id-160\">\n<thead>\n<tr class=\"row-1\">\n\t<th class=\"column-1\">C\u00e9lorsz\u00e1g (kik\u00f6t\u0151\/v\u00e1ros)<\/th><th class=\"column-2\">20FT<\/th><th class=\"column-3\">40FT<\/th>\n<\/tr>\n<\/thead>\n<tbody class=\"row-striping row-hover\">\n<tr class=\"row-2\">\n\t<td class=\"column-1\">Andorra (Andorra la Vella)<\/td><td class=\"column-2\">$9,863<\/td><td class=\"column-3\">$13,934<\/td>\n<\/tr>\n<tr class=\"row-3\">\n\t<td class=\"column-1\">Antigua \u00e9s Barbuda (St John's)<\/td><td class=\"column-2\">$10,171<\/td><td class=\"column-3\">N\/A<\/td>\n<\/tr>\n<tr class=\"row-4\">\n\t<td class=\"column-1\">Argent\u00edna (Buenos Aires)<\/td><td class=\"column-2\">N\/A<\/td><td class=\"column-3\">$12,406<\/td>\n<\/tr>\n<tr class=\"row-5\">\n\t<td class=\"column-1\">Aruba (Oranjestad)<\/td><td class=\"column-2\">N\/A<\/td><td class=\"column-3\">$12,406<\/td>\n<\/tr>\n<tr class=\"row-6\">\n\t<td class=\"column-1\">Ausztr\u00e1lia (Sydney)<\/td><td class=\"column-2\">$1,561<\/td><td class=\"column-3\">$2,083<\/td>\n<\/tr>\n<tr class=\"row-7\">\n\t<td class=\"column-1\">Ausztria (B\u00e9cs)<\/td><td class=\"column-2\">N\/A<\/td><td class=\"column-3\">$9,192<\/td>\n<\/tr>\n<tr class=\"row-8\">\n\t<td class=\"column-1\"><a href=\"https:\/\/moverdb.com\/hu\/moving-to-canada\/\" data-internallinksmanager029f6b8e52c=\"265\" title=\"K\u00f6lt\u00f6z\u00e9s Kanad\u00e1ba? 2023 \u00c9letk\u00f6lts\u00e9gek \u00e9s k\u00f6lt\u00f6z\u00e9si tippek\">Kanada<\/a> (<a href=\"https:\/\/moverdb.com\/hu\/moving-to-canada\/moving-to-vancouver\/\" data-internallinksmanager029f6b8e52c=\"438\" title=\"Vancouverbe k\u00f6lt\u00f6zik? 2023 Lakhat\u00e1si k\u00f6lts\u00e9gek \u00e9s k\u00f6lt\u00f6z\u00e9si tippek\">Vancouver<\/a>)<\/td><td class=\"column-2\">$9,950<\/td><td class=\"column-3\">$13,090<\/td>\n<\/tr>\n<tr class=\"row-9\">\n\t<td class=\"column-1\">Horv\u00e1torsz\u00e1g (Rijeka)<\/td><td class=\"column-2\">$2,778<\/td><td class=\"column-3\">$3,439<\/td>\n<\/tr>\n<tr class=\"row-10\">\n\t<td class=\"column-1\">India (Mumbai)<\/td><td class=\"column-2\">$968<\/td><td class=\"column-3\">$1,533<\/td>\n<\/tr>\n<tr class=\"row-11\">\n\t<td class=\"column-1\">Olaszorsz\u00e1g (Trieszt)<\/td><td class=\"column-2\">$2,778<\/td><td class=\"column-3\">$3,439<\/td>\n<\/tr>\n<\/tbody>\n<\/table>\n<!-- #tablepress-160 from cache -->\n\n\n\n<h3 class=\"wp-block-heading\">Megjegyz\u00e9sek az adatokr\u00f3l:<\/h3>\n\n\n\n<ul class=\"wp-block-list\"><li>Minden $ sz\u00e1madat Egyes\u00fclt \u00c1llamok doll\u00e1rban (USD);<\/li><li>Az \u00e1rak 2022 elej\u00e9t\u0151l pontosak;<\/li><li>Az ebben a cikkben szerepl\u0151 t\u00e9rk\u00e9pek a <a href=\"https:\/\/www.mapchart.net\" target=\"_blank\" rel=\"noreferrer noopener\">https:\/\/www.mapchart.net<\/a>. A t\u00e9rk\u00e9peket szabadon megoszthatja, amennyiben a linket visszautalja a k\u00f6vetkez\u0151 oldalra <a href=\"https:\/\/moverdb.com\/hu\/\" target=\"_blank\" rel=\"noreferrer noopener\">MoverDB<\/a>;<\/li><li>A fenti \u00e1rak csak becsl\u00e9sek, \u00e9s a cikk megjelen\u00e9se \u00f3ta (2022. \u00e1prilis) v\u00e1ltozhattak. Ezek a legalacsonyabb becs\u00fclt r\u00e1t\u00e1n alapulnak, amelyet a k\u00f6vetkez\u0151k alapj\u00e1n \u00e1llap\u00edtottak meg <a href=\"https:\/\/www.searates.com\" target=\"_blank\" rel=\"noreferrer noopener\">https:\/\/www.searates.com<\/a> vagy <a href=\"https:\/\/www.gocomet.com\/freight-shipping-rates-index-calculator\" target=\"_blank\" rel=\"noreferrer noopener\">https:\/\/www.gocomet.com<\/a>;<\/li><li>Ha pontosabb k\u00e9pet szeretne kapni a k\u00f6lts\u00e9gekr\u0151l, k\u00e9rj\u00fck, haszn\u00e1lja az oldal tetej\u00e9n tal\u00e1lhat\u00f3 \u00e1raj\u00e1nlatk\u00e9r\u0151 \u0171rlapot;<\/li><li>K\u00e9rj\u00fck, tekintse meg az al\u00e1bbi \u00fatmutat\u00f3t is <a href=\"https:\/\/moverdb.com\/hu\/kontenerszallitas\/\" target=\"_blank\" rel=\"noreferrer noopener\">nemzetk\u00f6zi kont\u00e9neres sz\u00e1ll\u00edt\u00e1s<\/a>.<\/li><\/ul>","protected":false},"excerpt":{"rendered":"<p>Whenever paradise on Earth is mentioned, the Maldives automatically enter the sentence. This South Asian island is probably the most popular summer vacation spot, known for its crystal clear waters and beautiful white beaches. Aside from the natural splendor, the Maldives are a decent option for every expat who values a friendly community, a low [&hellip;]<\/p>\n","protected":false},"author":2,"featured_media":4586,"parent":44,"menu_order":0,"comment_status":"closed","ping_status":"closed","template":"","meta":{"_genesis_hide_title":false,"_genesis_hide_breadcrumbs":false,"_genesis_hide_singular_image":false,"_genesis_hide_footer_widgets":false,"_genesis_custom_body_class":"","_genesis_custom_post_class":"","_genesis_layout":"","footnotes":""},"class_list":{"0":"post-4638","1":"page","2":"type-page","3":"status-publish","4":"has-post-thumbnail","6":"entry"},"_links":{"self":[{"href":"https:\/\/moverdb.com\/hu\/wp-json\/wp\/v2\/pages\/4638","targetHints":{"allow":["GET"]}}],"collection":[{"href":"https:\/\/moverdb.com\/hu\/wp-json\/wp\/v2\/pages"}],"about":[{"href":"https:\/\/moverdb.com\/hu\/wp-json\/wp\/v2\/types\/page"}],"author":[{"embeddable":true,"href":"https:\/\/moverdb.com\/hu\/wp-json\/wp\/v2\/users\/2"}],"replies":[{"embeddable":true,"href":"https:\/\/moverdb.com\/hu\/wp-json\/wp\/v2\/comments?post=4638"}],"version-history":[{"count":1,"href":"https:\/\/moverdb.com\/hu\/wp-json\/wp\/v2\/pages\/4638\/revisions"}],"predecessor-version":[{"id":4639,"href":"https:\/\/moverdb.com\/hu\/wp-json\/wp\/v2\/pages\/4638\/revisions\/4639"}],"up":[{"embeddable":true,"href":"https:\/\/moverdb.com\/hu\/wp-json\/wp\/v2\/pages\/44"}],"wp:featuredmedia":[{"embeddable":true,"href":"https:\/\/moverdb.com\/hu\/wp-json\/wp\/v2\/media\/4586"}],"wp:attachment":[{"href":"https:\/\/moverdb.com\/hu\/wp-json\/wp\/v2\/media?parent=4638"}],"curies":[{"name":"wp","href":"https:\/\/api.w.org\/{rel}","templated":true}]}}