{"id":454,"date":"2016-07-03T20:25:43","date_gmt":"2016-07-03T20:25:43","guid":{"rendered":"http:\/\/moverdb.com\/?page_id=454"},"modified":"2026-01-08T15:30:41","modified_gmt":"2026-01-08T15:30:41","slug":"world-customs-organization","status":"publish","type":"page","link":"https:\/\/moverdb.com\/hu\/world-customs-organization\/","title":{"rendered":"A V\u00e1m Vil\u00e1gszervezet (WCO) magyar\u00e1zata"},"content":{"rendered":"<p>A V\u00e1migazgat\u00e1sok Vil\u00e1gszervezete (WCO) egy f\u00fcggetlen korm\u00e1nyk\u00f6zi test\u00fclet, amely a v\u00e1mk\u00f6z\u00f6ss\u00e9g hangj\u00e1t k\u00e9pviseli. <\/p>\n<p>Az\u00e9rt hozt\u00e1k l\u00e9tre, hogy a v\u00e1migazgat\u00e1sokat vil\u00e1gszerte hat\u00e9konyabb\u00e1, \u00f6sszehangoltabb\u00e1 \u00e9s eredm\u00e9nyesebb\u00e9 tegye.<\/p>\n<p><strong>F\u0151bb t\u00e9nyek a WCO-r\u00f3l:<\/strong><\/p>\n<ul>\n<li>  A WCO-nak 180 tagja van, \u00e9s ezek a tagok a vil\u00e1g minden t\u00e1j\u00e1r\u00f3l sz\u00e1rmaz\u00f3 v\u00e1migazgat\u00e1si szervek.<\/li>\n<li>  A WCO-tagok h\u00e1romnegyede fejl\u0151d\u0151 orsz\u00e1g.<\/li>\n<li>  A WCO tagjai a vil\u00e1gkereskedelem t\u00f6bb mint 98% \u00e9rt\u00e9k\u0171 forgalm\u00e1nak kezel\u00e9s\u00e9\u00e9rt felel\u0151sek.<\/li>\n<li>  A WCO 1952-ben indult v\u00e1m\u00fcgyi egy\u00fcttm\u0171k\u00f6d\u00e9si tan\u00e1csk\u00e9nt.<\/li>\n<li>  A WCO-t egy Tan\u00e1cs ir\u00e1ny\u00edtja, amely egy t\u00f6bb mint 100 nemzetk\u00f6zi tisztvisel\u0151b\u0151l, technikai szak\u00e9rt\u0151b\u0151l \u00e9s t\u00e1mogat\u00f3 szem\u00e9lyzetb\u0151l \u00e1ll\u00f3 titk\u00e1rs\u00e1gra t\u00e1maszkodik.<\/li>\n<li>  A WCO sz\u00e9khelye Br\u00fcsszelben tal\u00e1lhat\u00f3, <a href=\"https:\/\/moverdb.com\/hu\/moving-to-belgium\/\" data-internallinksmanager029f6b8e52c=\"323\" title=\"Belgiumba k\u00f6lt\u00f6zik? 2023 Meg\u00e9lhet\u00e9si k\u00f6lts\u00e9gek \u00e9s k\u00f6lt\u00f6z\u00e9si tippek\">Belgium<\/a>.<\/li>\n<li>  A WCO nem foglalkozik a v\u00e1mokkal, p\u00e9ld\u00e1ul a v\u00e1mokkal kapcsolatos panaszokkal - korm\u00e1nyk\u00f6zi szervezetk\u00e9nt nem felel\u0151s a nemzeti jogszab\u00e1lyok igazgat\u00e1s\u00e1\u00e9rt, \u00e9s kifejezetten kijelenti, hogy ebben nem rendelkezik hat\u00e1sk\u00f6rrel.<\/li>\n<li>  A WCO hivatalos nyelvei az angol \u00e9s a francia.<\/li>\n<li>  A WCO-t a tagok \u00e9ves hozz\u00e1j\u00e1rul\u00e1saib\u00f3l, valamint \u00f6nk\u00e9ntes hozz\u00e1j\u00e1rul\u00e1sokb\u00f3l \u00e9s adom\u00e1nyokb\u00f3l finansz\u00edrozz\u00e1k.<\/li>\n<li>  A WCO sz\u00e1mos v\u00e1m\u00fcgyi eszk\u00f6z\u00e9rt felel\u0151s, p\u00e9ld\u00e1ul a Harmoniz\u00e1lt \u00c1rule\u00edr\u00f3 \u00e9s K\u00f3drendszerr\u0151l sz\u00f3l\u00f3 nemzetk\u00f6zi egyezm\u00e9ny\u00e9rt.<\/li>\n<\/ul>\n<p><strong>A V\u00e1m Vil\u00e1gszervezet profilja:<\/strong><\/p>\n<p>A WCO a v\u00e1mk\u00f6z\u00f6ss\u00e9g hangj\u00e1nak nevezi mag\u00e1t, \u00e9s az egyetlen v\u00e1m\u00fcgyekben illet\u00e9kes nemzetk\u00f6zi szervezet. Ez\u00e1ltal kulcsszerepet j\u00e1tszik a t\u00f6rv\u00e9nyes nemzetk\u00f6zi kereskedelem n\u00f6veked\u00e9s\u00e9nek el\u0151seg\u00edt\u00e9s\u00e9ben, valamint a csal\u00e1s \u00e9s a lop\u00e1s elleni int\u00e9zked\u00e9sek kidolgoz\u00e1s\u00e1ban. <\/p>\n<p>A WCO c\u00e9lja, hogy er\u0151s\u00edtse a v\u00e1migazgat\u00e1sok \u00e9s partnereik k\u00f6z\u00f6tti kapcsolatokat, hogy er\u0151s \u00e9s \u00e1tl\u00e1that\u00f3 v\u00e1mk\u00f6rnyezetet teremtsen. <\/p>\n<p>Kiemelt feladat\u00e1nak tekinti tov\u00e1bb\u00e1 a t\u00e1rsadalom \u00e9s a nemzeti ter\u00fclet v\u00e9delm\u00e9nek t\u00e1mogat\u00e1s\u00e1t, valamint a nemzetk\u00f6zi kereskedelem biztos\u00edt\u00e1s\u00e1t \u00e9s megk\u00f6nny\u00edt\u00e9s\u00e9t, k\u00fcl\u00f6n\u00f6sen a glob\u00e1lis terrorizmus fenyeget\u00e9seivel szemben. <\/p>\n<p>A WCO \u00fagy v\u00e9li, hogy a hat\u00e1rok elv\u00e1lasztanak, de a v\u00e1mok \u00f6sszek\u00f6tnek. V\u00edzi\u00f3j\u00e1t \u00fagy \u00edrja le, hogy \"dinamikusan vezet\u0151 szerepet t\u00f6lt be a moderniz\u00e1ci\u00f3ban \u00e9s az \u00f6sszekapcsolhat\u00f3s\u00e1gban egy gyorsan v\u00e1ltoz\u00f3 vil\u00e1gban\", \u00e9s k\u00fcldet\u00e9s\u00e9nek tekinti, hogy vezet\u0151 szerepet, ir\u00e1nymutat\u00e1st \u00e9s t\u00e1mogat\u00e1st ny\u00fajtson a v\u00e1migazgat\u00e1soknak a jogszer\u0171 kereskedelem biztos\u00edt\u00e1sa \u00e9s megk\u00f6nny\u00edt\u00e9se, a bev\u00e9telek realiz\u00e1l\u00e1sa, a t\u00e1rsadalom v\u00e9delme \u00e9s a kapacit\u00e1s\u00e9p\u00edt\u00e9s \u00e9rdek\u00e9ben.<\/p>\n<p><strong>A tags\u00e1g krit\u00e9riumai:<\/strong><\/p>\n<p>A WCO tagjai v\u00e1migazgat\u00e1si szervek, \u00edgy a honlapon nincsenek tags\u00e1gi krit\u00e9riumok.<\/p>\n<p><strong>V\u00e9lem\u00e9nyek a WCO-r\u00f3l:<\/strong><\/p>\n<p>A WCO egy j\u00f3l megalapozott glob\u00e1lis v\u00e1mszerv, amely a k\u00f6vetkez\u0151kkel rendelkezik <a href=\"http:\/\/www.britannica.com\/topic\/World-Customs-Organization\" target=\"_blank\" rel=\"noopener\">egy bejegyz\u00e9s a Britannica enciklop\u00e9di\u00e1ban<\/a>. A <a href=\"https:\/\/www.wto.org\/english\/thewto_e\/coher_e\/wto_wco_e.htm\" target=\"_blank\" rel=\"noopener\">A Kereskedelmi Vil\u00e1gszervezet le\u00edrja<\/a> a WCO-val, mint olyan szervvel, amellyel rendszeresen egy\u00fcttm\u0171k\u00f6dik, k\u00fcl\u00f6n\u00f6sen az \u00e1ruk oszt\u00e1lyoz\u00e1sa tekintet\u00e9ben. <\/p>\n<p>A WCO-t a korm\u00e1nyzati honlapok is megeml\u00edtik, \u00e9s \u00fagy \u00edrj\u00e1k le, hogy \"vezet\u0151 szerepet t\u00f6lt be a nemzetk\u00f6zi kereskedelem \u00e9s biztons\u00e1g \u00fatjainak b\u0151v\u00edt\u00e9s\u00e9ben\", \u00e9s egy\u00e9rtelm\u0171en elismert nemzetk\u00f6zi st\u00e1tusszal rendelkezik. Ami a tagokat illeti, azok, akik csatlakoznak, ezt \u00e1ltal\u00e1ban be is jelentik - p\u00e9ld\u00e1ul az Eur\u00f3pai Uni\u00f3, amely bejelentette, hogy a WCO <a href=\"http:\/\/ec.europa.eu\/taxation_customs\/common\/international_affairs\/wco\/index_en.htm\" target=\"_blank\" rel=\"noopener\">A WCO elfogadta<\/a> a 2007. j\u00falius 1-jei tags\u00e1gi k\u00e9relm\u00e9t.<\/p>\n<blockquote><p>Minden v\u00e1m\u00fcgy, bele\u00e9rtve a glob\u00e1lis eszk\u00f6z\u00f6k, szabv\u00e1nyok \u00e9s eszk\u00f6z\u00f6k fejleszt\u00e9s\u00e9t, a v\u00e1melj\u00e1r\u00e1sok egyszer\u0171s\u00edt\u00e9s\u00e9t \u00e9s harmoniz\u00e1l\u00e1s\u00e1t, a gazdas\u00e1gi versenyk\u00e9pess\u00e9g el\u0151mozd\u00edt\u00e1s\u00e1t, a glob\u00e1lis ell\u00e1t\u00e1si l\u00e1nc biztons\u00e1g\u00e1t \u00e9s megk\u00f6nny\u00edt\u00e9s\u00e9t, a v\u00e1mjogszab\u00e1lyok betart\u00e1s\u00e1nak \u00e9s betartat\u00e1s\u00e1nak fokoz\u00e1s\u00e1t, a k\u00f6zeg\u00e9szs\u00e9g\u00fcgy \u00e9s k\u00f6zbiztons\u00e1g v\u00e9delm\u00e9t, a nemzetk\u00f6zi Harmoniz\u00e1lt Rendszer \u00e1run\u00f3menklat\u00far\u00e1j\u00e1nak fenntart\u00e1s\u00e1t, a bev\u00e9telek biztos\u00edt\u00e1s\u00e1t, a fenntarthat\u00f3 v\u00e1mkapacit\u00e1s-\u00e9p\u00edt\u00e9st \u00e9s technikai seg\u00edts\u00e9gny\u00fajt\u00e1st, valamint a WTO v\u00e1m\u00e9rt\u00e9kel\u00e9sr\u0151l \u00e9s sz\u00e1rmaz\u00e1si szab\u00e1lyokr\u00f3l sz\u00f3l\u00f3 meg\u00e1llapod\u00e1sainak, valamint az Egyes\u00fclt Nemzetek Szervezet\u00e9nek (ENSZ) 1972. \u00e9vi kont\u00e9nerekr\u0151l sz\u00f3l\u00f3 egyezm\u00e9ny\u00e9nek kezel\u00e9s\u00e9t.<\/p><\/blockquote>\n<p>- <a href=\"http:\/\/www.basel.int\/Default.aspx?tabid=2935\" target=\"_blank\" rel=\"noopener\">B\u00e1zeli Egyezm\u00e9ny<\/a><\/p>\n<p><strong>Weboldal:<\/strong> <a href=\"http:\/\/www.wcoomd.org\/\" target=\"_blank\" rel=\"noopener\">http:\/\/www.wcoomd.org\/<\/a><\/p>\n<p><strong>A sz\u00e1ll\u00edt\u00e1sr\u00f3l b\u0151vebben l\u00e1sd:<\/strong> <a href=\"https:\/\/moverdb.com\/hu\/kontenerszallitas\/\">2018 Nemzetk\u00f6zi kont\u00e9nersz\u00e1ll\u00edt\u00e1s d\u00edjai \u00e9s k\u00f6lts\u00e9gei<\/a> \u00e9s <a href=\"https:\/\/moverdb.com\/hu\/szallitmanyozo\/\">Sz\u00e1ll\u00edtm\u00e1nyoz\u00f3 \u00e9s NVOCC nemzetk\u00f6zi k\u00f6lts\u00e9g \u00e9s c\u00e9gek \u00fatmutat\u00f3ja<\/a><\/p>","protected":false},"excerpt":{"rendered":"<p>The World Customs Organisation (WCO) is an independent intergovernmental body that serves as the voice of the customs community. It was set up to make customs administrations around the world more efficient, coordinated and effective. Key facts about WCO: The WCO has 180 members and these members are customs administrations from all over the world. [&hellip;]<\/p>\n","protected":false},"author":1,"featured_media":0,"parent":0,"menu_order":0,"comment_status":"closed","ping_status":"closed","template":"","meta":{"_genesis_hide_title":false,"_genesis_hide_breadcrumbs":false,"_genesis_hide_singular_image":false,"_genesis_hide_footer_widgets":false,"_genesis_custom_body_class":"","_genesis_custom_post_class":"","_genesis_layout":"","footnotes":""},"class_list":{"0":"post-454","1":"page","2":"type-page","3":"status-publish","5":"entry"},"_links":{"self":[{"href":"https:\/\/moverdb.com\/hu\/wp-json\/wp\/v2\/pages\/454","targetHints":{"allow":["GET"]}}],"collection":[{"href":"https:\/\/moverdb.com\/hu\/wp-json\/wp\/v2\/pages"}],"about":[{"href":"https:\/\/moverdb.com\/hu\/wp-json\/wp\/v2\/types\/page"}],"author":[{"embeddable":true,"href":"https:\/\/moverdb.com\/hu\/wp-json\/wp\/v2\/users\/1"}],"replies":[{"embeddable":true,"href":"https:\/\/moverdb.com\/hu\/wp-json\/wp\/v2\/comments?post=454"}],"version-history":[{"count":7,"href":"https:\/\/moverdb.com\/hu\/wp-json\/wp\/v2\/pages\/454\/revisions"}],"predecessor-version":[{"id":6253,"href":"https:\/\/moverdb.com\/hu\/wp-json\/wp\/v2\/pages\/454\/revisions\/6253"}],"wp:attachment":[{"href":"https:\/\/moverdb.com\/hu\/wp-json\/wp\/v2\/media?parent=454"}],"curies":[{"name":"wp","href":"https:\/\/api.w.org\/{rel}","templated":true}]}}