{"id":452,"date":"2016-07-03T20:39:16","date_gmt":"2016-07-03T20:39:16","guid":{"rendered":"http:\/\/moverdb.com\/?page_id=452"},"modified":"2026-01-08T15:30:42","modified_gmt":"2026-01-08T15:30:42","slug":"world-shipping-council","status":"publish","type":"page","link":"https:\/\/moverdb.com\/hu\/world-shipping-council\/","title":{"rendered":"A Haj\u00f3z\u00e1si Vil\u00e1gtan\u00e1cs (WSC) magyar\u00e1zata"},"content":{"rendered":"<p>A Haj\u00f3z\u00e1si Vil\u00e1gtan\u00e1cs (WSC) a vonalhaj\u00f3z\u00e1si \u00e1gazat hangj\u00e1t k\u00e9pviseli. Eredetileg a legnagyobb vonalhaj\u00f3z\u00e1si v\u00e1llalkoz\u00e1sok lobbicsoportjak\u00e9nt j\u00f6tt l\u00e9tre, \u00e9s m\u00e1ra az ipar\u00e1g \u00e9s a korm\u00e1nyok tan\u00e1csad\u00f3j\u00e1v\u00e1 v\u00e1lt olyan k\u00fcl\u00f6nb\u00f6z\u0151 t\u00e9m\u00e1kban, mint a biztons\u00e1g \u00e9s a k\u00f6rnyezetv\u00e9delem.<\/p>\n<p><strong>A WSC-vel kapcsolatos legfontosabb t\u00e9nyek<\/strong><\/p>\n<ul>\n<li>  A WSC-nek 26 tagja van.<\/li>\n<li>  A WSC tagjai a glob\u00e1lis vonalhaj\u00f3-kapacit\u00e1s mintegy 90 sz\u00e1zal\u00e9k\u00e1t \u00fczemeltetik.<\/li>\n<li>  Ezek a szolg\u00e1ltat\u00e1sok a glob\u00e1lis tengeri kereskedelem \u00e9rt\u00e9k\u00e9nek mintegy 60%-\u00e1t sz\u00e1ll\u00edtj\u00e1k, \u00e9s t\u00f6bb mint <a href=\"https:\/\/moverdb.com\/hu\/moving-to-the-united-states\/\" data-internallinksmanager029f6b8e52c=\"94\" title=\"Az Egyes\u00fclt \u00c1llamokba k\u00f6lt\u00f6zik? 2022 Meg\u00e9lhet\u00e9si k\u00f6lts\u00e9gek \u00e9s k\u00f6lt\u00f6z\u00e9si tippek\">US<\/a>$ 4 billi\u00f3 \u00e9rt\u00e9k\u0171 \u00e1ru \u00e9vente.<\/li>\n<li>  A WSC a vonalhaj\u00f3z\u00e1si \u00e1gazat glob\u00e1lis k\u00e9pvisel\u0151je.<\/li>\n<li>  A WSC-t 2000-ben hozt\u00e1k l\u00e9tre a legjelent\u0151sebb nagy vonalhaj\u00f3z\u00e1si t\u00e1rsas\u00e1gok vez\u00e9rigazgat\u00f3i. <a href=\"https:\/\/moverdb.com\/hu\/hajozasi-tarsasagok\/\">haj\u00f3z\u00e1si t\u00e1rsas\u00e1gok<\/a>.<\/li>\n<li>  2009-ben a WSC konzultat\u00edv st\u00e1tuszt kapott az Eur\u00f3pai Tan\u00e1csban. <a href=\"https:\/\/moverdb.com\/hu\/international-maritime-organisation\/\" data-internallinksmanager029f6b8e52c=\"24\" title=\"A Nemzetk\u00f6zi Tenger\u00e9szeti Szervezet (IMO) magyar\u00e1zata\">Nemzetk\u00f6zi Tenger\u00e9szeti Szervezet<\/a>.<\/li>\n<li>  A WSC sz\u00e9khelye <a href=\"https:\/\/moverdb.com\/hu\/moving-to-washington-dc\/\">Washington, DC<\/a>.<\/li>\n<li>  A WSC tagjai a vil\u00e1g minden t\u00e1j\u00e1r\u00f3l \u00e9rkeznek, a k\u00f6vetkez\u0151kb\u0151l <a href=\"https:\/\/moverdb.com\/hu\/moving-to-china\/\" data-internallinksmanager029f6b8e52c=\"357\" title=\"K\u00edn\u00e1ba k\u00f6lt\u00f6zik? 2023 Meg\u00e9lhet\u00e9si k\u00f6lts\u00e9gek \u00e9s k\u00f6lt\u00f6z\u00e9si tippek\">K\u00edna<\/a> Amerik\u00e1nak.<\/li>\n<\/ul>\n<p><strong>A Haj\u00f3z\u00e1si Vil\u00e1gtan\u00e1cs profilja:<\/strong><\/p>\n<p>A WSC egy ipar\u00e1gi test\u00fclet, amelyet 2000-ben a vonalhaj\u00f3z\u00e1si \u00e1gazat vezet\u0151i hoztak l\u00e9tre. Fontos szerepet j\u00e1tszott a vonalhaj\u00f3z\u00e1si \u00e1gazat sz\u00e1m\u00e1ra kulcsfontoss\u00e1g\u00fa pillanatokban, p\u00e9ld\u00e1ul a 2001-es terrort\u00e1mad\u00e1sokat k\u00f6vet\u0151en a nemzetk\u00f6zi tengeri kereskedelem jobb biztons\u00e1g\u00e1t c\u00e9lz\u00f3 t\u00f6rv\u00e9nyek, rendeletek \u00e9s programok kidolgoz\u00e1s\u00e1ban a glob\u00e1lis korm\u00e1nyokkal \u00e9s szervezetekkel val\u00f3 egy\u00fcttm\u0171k\u00f6d\u00e9sben. <\/p>\n<p>A WSC f\u0151 c\u00e9lja, hogy olyan kereskedelmi, biztons\u00e1gi \u00e9s v\u00e1mk\u00e9rd\u00e9sekkel foglalkozzon, amelyek mag\u00e1t az ipar\u00e1gat, valamint annak a vil\u00e1gra gyakorolt hat\u00e1s\u00e1t \u00e9rintik. Az ut\u00f3bbi \u00e9vekben a k\u00f6rnyezetv\u00e9delmi k\u00e9rd\u00e9sekre is elkezdett \u00f6sszpontos\u00edtani. <\/p>\n<p>A WSC-t mind az ipar, mind a korm\u00e1nyok megbecs\u00fclt tan\u00e1csad\u00f3j\u00e1nak tekintik - p\u00e9ld\u00e1ul a Nemzetk\u00f6zi Tenger\u00e9szeti Szervezetn\u00e9l konzultat\u00edv st\u00e1tuszt kapott. Akt\u00edv szerepet v\u00e1llal a politikai vit\u00e1kban is, amennyiben ezek a politik\u00e1k hat\u00e1ssal vannak a vonalhaj\u00f3z\u00e1si \u00e1gazatra.<\/p>\n<p><strong>Tagv\u00e1llalatok m\u00e9ret szerint:<\/strong><\/p>\n<ul>\n<li> <a href=\"https:\/\/moverdb.com\/hu\/cma-cgm\/\">CMA CGM csoport<\/a><\/li>\n<li> <a href=\"https:\/\/moverdb.com\/hu\/hapag-lloyd\/\">Hapag-Lloyd<\/a><\/li>\n<li> <a href=\"https:\/\/moverdb.com\/hu\/evergreen-marine\/\">Evergreen Marine<\/a><\/li>\n<li> <a href=\"https:\/\/moverdb.com\/hu\/hamburg-sud\/\">Hamburg S\u00fcd<\/a><\/li>\n<\/ul>\n<p><strong>A tags\u00e1g krit\u00e9riumai:<\/strong><\/p>\n<p>A honlapon nincsenek tags\u00e1gi krit\u00e9riumok. A WSC a k\u00f6vetkez\u0151k\u00e9ppen jellemzi tagjait <em>\"T\u00f6bb sz\u00e1zmilli\u00e1rd doll\u00e1rt fektettek be haj\u00f3kba, <a href=\"https:\/\/moverdb.com\/hu\/top-49-container-ports\/\" data-internallinksmanager029f6b8e52c=\"80\" title=\"Top 49 legnagyobb \u00e9s legforgalmasabb kont\u00e9nerkik\u00f6t\u0151 2025-ben\">port<\/a> termin\u00e1lok, kamionos c\u00e9gek; rakt\u00e1rak \u00e9s technol\u00f3gia, hogy tov\u00e1bbra is sokf\u00e9le lehet\u0151s\u00e9g \u00e1lljon rendelkez\u00e9sre a biztons\u00e1gos, megb\u00edzhat\u00f3 \u00e9s gazdas\u00e1gos nemzetk\u00f6zi \u00e1rusz\u00e1ll\u00edt\u00e1shoz\".<\/em> <\/p>\n<p>Ebb\u0151l vil\u00e1gosan l\u00e1tszik, hogy a tags\u00e1g nem \u00e1ll nyitva b\u00e1rmelyik v\u00e1llalkoz\u00e1s el\u0151tt. A reprezentat\u00edv tagok k\u00f6z\u00e9 tartozik a Hyundai Merchant Marine Company \u00e9s a United Arab <a href=\"https:\/\/moverdb.com\/hu\/shipping-companies\/\" data-internallinksmanager029f6b8e52c=\"4\" title=\"Top 10 nemzetk\u00f6zi kont\u00e9nersz\u00e1ll\u00edt\u00f3 c\u00e9gek\">Haj\u00f3z\u00e1si v\u00e1llalat<\/a>.<\/p>\n<p>Van egy kapcsolattart\u00e1si e-mail c\u00edm, amelyet azok haszn\u00e1lhatnak, akik a tags\u00e1ggal kapcsolatban \u00e9rdekl\u0151dnek: info@worldshipping.org.<\/p>\n<p><strong>V\u00e9lem\u00e9nyek a WSC-r\u0151l:<\/strong><\/p>\n<p>A WSC <a href=\"http:\/\/www.iims.org.uk\/world-shipping-council-advises-prepare-container-weight-verification\/\" target=\"_blank\" rel=\"noopener\">h\u00edrad\u00e1sokban id\u00e9zett<\/a> a szab\u00e1lyoz\u00e1si \u00e9s jogalkot\u00e1si v\u00e1ltoz\u00e1sokkal kapcsolatos inform\u00e1ci\u00f3k forr\u00e1sak\u00e9nt, \u00e9s egy\u00e9rtelm\u0171en elismert szervezet, amely kommunik\u00e1ci\u00f3s csatorn\u00e1t biztos\u00edt a jogalkot\u00f3k \u00e9s az ipar k\u00f6z\u00f6tt. <\/p>\n<p>Munk\u00e1ja kiterjedt arra is, hogy seg\u00edtsen kezelni a be\u00e9rkez\u0151 jogi v\u00e1ltoz\u00e1sokkal kapcsolatos zavart, \u00e9s egyengetni a jogszab\u00e1lyok \u00fatj\u00e1t az \u00edrott jogb\u00f3l a val\u00f3s\u00e1gba. <\/p>\n<p>B\u00e1r a tagok list\u00e1ja megjelenik a WSC honlapj\u00e1n, n\u00e9h\u00e1ny v\u00e1llalkoz\u00e1s honlapj\u00e1nak gyors ellen\u0151rz\u00e9se sor\u00e1n kider\u00fcl, hogy nem jelzik felt\u0171n\u0151en a WSC-tags\u00e1gukat. <\/p>\n<p>Ez val\u00f3sz\u00edn\u0171leg az\u00e9rt van \u00edgy, mert a WSC nem egy kereskedelmi weboldalnak megfelel\u0151 akkredit\u00e1ci\u00f3, hanem egy olyan ipar\u00e1gi test\u00fclet, ahol ezek a v\u00e1llalkoz\u00e1sok tan\u00e1csad\u00f3i \u00e9s tan\u00e1csad\u00f3i szerepet t\u00f6ltenek be.<\/p>\n<p><strong>Weboldal:<\/strong> <a href=\"http:\/\/www.worldshipping.org\/\" target=\"_blank\" rel=\"noopener\">http:\/\/www.worldshipping.org\/<\/a><\/p>\n<p><strong>A sz\u00e1ll\u00edt\u00e1sr\u00f3l b\u0151vebben l\u00e1sd:<\/strong> <a href=\"https:\/\/moverdb.com\/hu\/kontenerszallitas\/\">2018 Nemzetk\u00f6zi kont\u00e9nersz\u00e1ll\u00edt\u00e1s d\u00edjai \u00e9s k\u00f6lts\u00e9gei<\/a> \u00e9s <a href=\"https:\/\/moverdb.com\/hu\/szallitmanyozo\/\">Sz\u00e1ll\u00edtm\u00e1nyoz\u00f3 \u00e9s NVOCC nemzetk\u00f6zi k\u00f6lts\u00e9g \u00e9s c\u00e9gek \u00fatmutat\u00f3ja<\/a><\/p>","protected":false},"excerpt":{"rendered":"<p>The World Shipping Council (WSC) provides a voice for the liner shipping industry. It was initially established as a lobbying group for the biggest liner shipping businesses and has become an advisor to industry and government on topics as varied as security and environmental issues. Key facts about the WSC The WSC has 26 members. [&hellip;]<\/p>\n","protected":false},"author":1,"featured_media":0,"parent":0,"menu_order":0,"comment_status":"closed","ping_status":"closed","template":"","meta":{"_genesis_hide_title":false,"_genesis_hide_breadcrumbs":false,"_genesis_hide_singular_image":false,"_genesis_hide_footer_widgets":false,"_genesis_custom_body_class":"","_genesis_custom_post_class":"","_genesis_layout":"","footnotes":""},"class_list":{"0":"post-452","1":"page","2":"type-page","3":"status-publish","5":"entry"},"_links":{"self":[{"href":"https:\/\/moverdb.com\/hu\/wp-json\/wp\/v2\/pages\/452","targetHints":{"allow":["GET"]}}],"collection":[{"href":"https:\/\/moverdb.com\/hu\/wp-json\/wp\/v2\/pages"}],"about":[{"href":"https:\/\/moverdb.com\/hu\/wp-json\/wp\/v2\/types\/page"}],"author":[{"embeddable":true,"href":"https:\/\/moverdb.com\/hu\/wp-json\/wp\/v2\/users\/1"}],"replies":[{"embeddable":true,"href":"https:\/\/moverdb.com\/hu\/wp-json\/wp\/v2\/comments?post=452"}],"version-history":[{"count":12,"href":"https:\/\/moverdb.com\/hu\/wp-json\/wp\/v2\/pages\/452\/revisions"}],"predecessor-version":[{"id":6254,"href":"https:\/\/moverdb.com\/hu\/wp-json\/wp\/v2\/pages\/452\/revisions\/6254"}],"wp:attachment":[{"href":"https:\/\/moverdb.com\/hu\/wp-json\/wp\/v2\/media?parent=452"}],"curies":[{"name":"wp","href":"https:\/\/api.w.org\/{rel}","templated":true}]}}