{"id":448,"date":"2016-07-04T14:52:09","date_gmt":"2016-07-04T14:52:09","guid":{"rendered":"http:\/\/moverdb.com\/?page_id=448"},"modified":"2026-01-08T13:18:20","modified_gmt":"2026-01-08T13:18:20","slug":"freight-transport-association","status":"publish","type":"page","link":"https:\/\/moverdb.com\/hu\/freight-transport-association\/","title":{"rendered":"A Tehersz\u00e1ll\u00edt\u00e1si Sz\u00f6vets\u00e9g (FTA) magyar\u00e1zata"},"content":{"rendered":"<p>A Freight Transport Association (FTA) az\u00e9rt j\u00f6tt l\u00e9tre, hogy k\u00e9pviselje az al\u00e1bbi \u00e9rdekeket <a href=\"https:\/\/moverdb.com\/hu\/hajozasi-tarsasagok\/\">logisztikai v\u00e1llalatok<\/a>ak\u00e1r tengeri, l\u00e9gi, k\u00f6z\u00fati vagy vas\u00fati \u00e1rusz\u00e1ll\u00edt\u00e1sr\u00f3l van sz\u00f3. A szervezet olyan t\u00e9m\u00e1kban vett r\u00e9szt nagy horderej\u0171 kamp\u00e1nyokban, mint az \u00fczemanyagad\u00f3 \u00e9s az enged\u00e9lyez\u00e9s.<\/p>\n<p><strong>A szabadkereskedelmi meg\u00e1llapod\u00e1ssal kapcsolatos legfontosabb t\u00e9nyek:<\/strong><\/p>\n<ul>\n<li>  A szabadkereskedelmi meg\u00e1llapod\u00e1s gy\u00f6kerei 1889-ig ny\u00falnak vissza.<\/li>\n<li>  Az FTA tagjai t\u00f6bb mint 200 000 teherg\u00e9pkocsit \u00fczemeltetnek - ez az \u00f6sszes teherg\u00e9pkocsi k\u00f6zel fele. <a href=\"https:\/\/moverdb.com\/hu\/moving-to-the-uk\/\" data-internallinksmanager029f6b8e52c=\"93\" title=\"Az Egyes\u00fclt Kir\u00e1lys\u00e1gba k\u00f6lt\u00f6zik? 2022 Meg\u00e9lhet\u00e9si k\u00f6lts\u00e9gek \u00e9s k\u00f6lt\u00f6z\u00e9si tippek\">UK<\/a> flotta.<\/li>\n<li>  A tagok t\u00f6bb mint 90% vas\u00faton sz\u00e1ll\u00edtott \u00e1rut sz\u00e1ll\u00edtanak.<\/li>\n<li>  A FTA-tagok felel\u0151sek az Egyes\u00fclt Kir\u00e1lys\u00e1g l\u00e1that\u00f3 tengeri \u00e9s l\u00e9gi exportj\u00e1nak 70%-\u00e9rt.<\/li>\n<li>  Az FTA t\u00f6bb mint 15 000 taggal rendelkezik, \u00e9s az Egyes\u00fclt Kir\u00e1lys\u00e1g legnagyobb \u00e1rufuvaroz\u00e1si kereskedelmi sz\u00f6vets\u00e9ge.<\/li>\n<li>  Az FTA 360 munkat\u00e1rsa \u00e9vente t\u00f6bb mint 50 000 tagt\u00f3l \u00e9rkez\u0151 k\u00e9rd\u00e9st kezel.<\/li>\n<li>  Az FTA tags\u00e1ga a k\u00f6vetkez\u0151kre korl\u00e1toz\u00f3dik <a href=\"https:\/\/moverdb.com\/hu\/nemzetkozi-koltoztetes\/\">Egyes\u00fclt Kir\u00e1lys\u00e1gbeli v\u00e1llalatok<\/a>.<\/li>\n<\/ul>\n<p><strong>Freight Transport Association Profile:<\/strong><\/p>\n<p>Az FTA a k\u00fcldet\u00e9s\u00e9t a \"biztons\u00e1gos, fenntarthat\u00f3 \u00e9s hat\u00e9kony logisztika\" kifejez\u00e9ssel hat\u00e1rozza meg. Sz\u00e1mos k\u00fcl\u00f6nb\u00f6z\u0151 szerepet t\u00f6lt be, t\u00f6bbek k\u00f6z\u00f6tt helyi, nemzeti \u00e9s eur\u00f3pai szinten k\u00e9pviseli a tagokat, \u00e9s kamp\u00e1nyt folytat a logisztikai ipar\u00e1g ismerts\u00e9g\u00e9nek n\u00f6vel\u00e9se \u00e9rdek\u00e9ben. <\/p>\n<p>Az FTA azt is biztos\u00edtja, hogy a tagok naprak\u00e9szek legyenek a v\u00e1llalkoz\u00e1sokra vonatkoz\u00f3 leg\u00fajabb megfelel\u00e9si k\u00f6vetelm\u00e9nyekkel kapcsolatban, \u00e9s k\u00e9pz\u00e9si programok sz\u00e9les v\u00e1laszt\u00e9k\u00e1t k\u00edn\u00e1lja, amelyek c\u00e9lja a szabv\u00e1nyok emel\u00e9se \u00e9s a munkak\u00f6r\u00fclm\u00e9nyek jav\u00edt\u00e1sa. <\/p>\n<p>Emellett az FTA az \u00e1ltala k\u00e9pviselt \u00e1gazatra vonatkoz\u00f3 inform\u00e1ci\u00f3k forr\u00e1sa, \u00e9s olyan t\u00e9m\u00e1kr\u00f3l k\u00e9sz\u00edt jelent\u00e9seket, mint p\u00e9ld\u00e1ul a logisztikai \u00e1gazat m\u0171k\u00f6d\u00e9se \u00e9s az el\u0151tte \u00e1ll\u00f3 kih\u00edv\u00e1sok. <\/p>\n<p>A tags\u00e1g el\u0151nyei k\u00f6z\u00e9 tartoznak a t\u00e1j\u00e9koztat\u00f3k \u00e9s a megfelel\u0151s\u00e9gi \u00fatmutat\u00f3k, a fizet\u0151s j\u00e1rm\u0171-visszaszerz\u00e9si szolg\u00e1ltat\u00e1s \u00e9s az online besz\u00e1ll\u00edt\u00f3i c\u00edmt\u00e1r.<\/p>\n<p>A tags\u00e1gi kateg\u00f3ri\u00e1k a k\u00f6vetkez\u0151k:<\/p>\n<ul>\n<li> J\u00e1rm\u0171\u00fczemeltet\u0151i tags\u00e1g<\/li>\n<li> Nem j\u00e1rm\u0171\u00fczemeltet\u0151i tags\u00e1g<\/li>\n<li> Utas tags\u00e1g<\/li>\n<li> Helyi hat\u00f3s\u00e1gi tags\u00e1g<\/li>\n<li> T\u00f6rv\u00e9nyes hat\u00f3s\u00e1gi tags\u00e1g<\/li>\n<li> Fi\u00f3ktelep tags\u00e1g<\/li>\n<\/ul>\n<p><strong>A tags\u00e1g krit\u00e9riumai:<\/strong><\/p>\n<p>Az FTA az al\u00e1bbiakban felsorolt k\u00fcl\u00f6nb\u00f6z\u0151 tags\u00e1gi t\u00edpusokat k\u00edn\u00e1lja. Nincsenek meghat\u00e1rozott krit\u00e9riumok arra vonatkoz\u00f3an, hogy ki lehet tag, de a v\u00e1llalatoknak az al\u00e1bbi v\u00e1llalkoz\u00e1sok egyik\u00e9nek fogalommeghat\u00e1roz\u00e1sa al\u00e1 kell esni\u00fck, \u00e9s el kell fogadniuk a Freight Transport Association Ltd. alapszab\u00e1ly\u00e1nak felt\u00e9teleit. <\/p>\n<p>Az egyes tags\u00e1gi kateg\u00f3ri\u00e1k eset\u00e9ben a k\u00e9relem al\u00e1t\u00e1maszt\u00e1s\u00e1hoz az al\u00e1bbiakban felsorolt tov\u00e1bbi inform\u00e1ci\u00f3kra van sz\u00fcks\u00e9g.<\/p>\n<ul>\n<li> J\u00e1rm\u0171\u00fczemeltet\u0151i tags\u00e1g - \u00fczemeltetett j\u00e1rm\u0171vek sz\u00e1ma \u00e9s a v\u00e1llalkoz\u00e1s jellege.<\/li>\n<li> Nem g\u00e9pj\u00e1rm\u0171-\u00fczemeltet\u0151i tags\u00e1g - a tev\u00e9kenys\u00e9g jellege.<\/li>\n<li> Utas tags\u00e1g - \u00e9ves forgalom, tev\u00e9kenys\u00e9g jellege, \u00fczemeltetett j\u00e1rm\u0171vek sz\u00e1ma.<\/li>\n<li> Helyi hat\u00f3s\u00e1gi tags\u00e1g - az \u00fczemeltetett j\u00e1rm\u0171vek sz\u00e1ma \u00e9s a helyi hat\u00f3s\u00e1g \u00e1ltal kiszolg\u00e1lt r\u00e9gi\u00f3 lakoss\u00e1ga.<\/li>\n<li> Jogszab\u00e1lyban el\u0151\u00edrt hat\u00f3s\u00e1gi tags\u00e1g - az \u00fczemeltetett j\u00e1rm\u0171vek sz\u00e1ma \u00e9s a hat\u00f3s\u00e1g \u00e1ltal kiszolg\u00e1lt r\u00e9gi\u00f3 lakoss\u00e1ga.<\/li>\n<li> Fi\u00f3ktelepi tags\u00e1g - \u00fczemeltetett j\u00e1rm\u0171vek sz\u00e1ma, tev\u00e9kenys\u00e9g jellege.<\/li>\n<\/ul>\n<p><strong>Minta tagv\u00e1llalatok<\/strong><\/p>\n<ul>\n<li> <a href=\"https:\/\/moverdb.com\/hu\/shore-porters-society\/\">Shore Porters Society<\/a><\/li>\n<li> <a href=\"https:\/\/moverdb.com\/hu\/movecorp\/\">Movecorp<\/a><\/li>\n<\/ul>\n<p><strong>V\u00e9lem\u00e9nyek a szabadkereskedelmi meg\u00e1llapod\u00e1sr\u00f3l:<\/strong><\/p>\n<p>Az FTA-t nagy ipar\u00e1gi nevek t\u00e1mogatj\u00e1k - p\u00e9ld\u00e1ul a PWC, amely a nev\u00e9t adja az \u00e9vente megrendez\u00e9sre ker\u00fcl\u0151 <a href=\"http:\/\/www.pwc.co.uk\/industries\/transport-logistics\/fta-logistics-report-2014.html\" target=\"_blank\" rel=\"noopener\">A Freight Transport Association logisztikai jelent\u00e9se<\/a> \u00e9s az FTA-t \"az Egyes\u00fclt Kir\u00e1lys\u00e1g egyik legnagyobb kereskedelmi sz\u00f6vets\u00e9gek\u00e9nt\" jellemzi.<\/p>\n<p>A szabadkereskedelmi \u00f6vezetet partnerk\u00e9nt eml\u00edtik a <a href=\"http:\/\/www.csrf.ac.uk\/partner\/freight-transport-association\/\" target=\"_blank\" rel=\"noopener\">Fenntarthat\u00f3 k\u00f6z\u00fati \u00e1rufuvaroz\u00e1si k\u00f6zpont<\/a> \u00e9s egy\u00fcttm\u0171k\u00f6d\u00e9sek jelennek meg a kapcsol\u00f3d\u00f3 t\u00e9m\u00e1kban, mint p\u00e9ld\u00e1ul a r\u00e9szleges <a href=\"http:\/\/www.osapartnershipgroup.co.uk\/campaign2-fta.html\" target=\"_blank\" rel=\"noopener\">Szakmai alkalmass\u00e1gi bizony\u00edtv\u00e1ny<\/a> az Obstrukt\u00edv Alv\u00e1si Apnoeia Csoporttal. Az FTA-t a k\u00f6vetkez\u0151 oldalakon eml\u00edtik <a href=\"http:\/\/www.lombard.co.uk\/our-expertise\/commercial-transportation\/industry-associations\/fta\" target=\"_blank\" rel=\"noopener\">sz\u00e1mos weboldal honlapja<\/a> tagjainak, \u00e9s gyakran id\u00e9zik, ha a logisztikai \u00e1gazatot \u00e9rint\u0151 k\u00e9rd\u00e9sr\u0151l van sz\u00f3.<\/p>\n<p><strong>Weboldal:<\/strong> <a href=\"http:\/\/www.fta.co.uk\/\" target=\"_blank\" rel=\"noopener\">http:\/\/www.fta.co.uk\/<\/a><\/p>\n<p><strong>A sz\u00e1ll\u00edt\u00e1sr\u00f3l b\u0151vebben l\u00e1sd:<\/strong> <a href=\"https:\/\/moverdb.com\/hu\/kontenerszallitas\/\">2018 Nemzetk\u00f6zi kont\u00e9nersz\u00e1ll\u00edt\u00e1s d\u00edjai \u00e9s k\u00f6lts\u00e9gei<\/a> \u00e9s <a href=\"https:\/\/moverdb.com\/hu\/szallitmanyozo\/\">Sz\u00e1ll\u00edtm\u00e1nyoz\u00f3 \u00e9s NVOCC nemzetk\u00f6zi k\u00f6lts\u00e9g \u00e9s c\u00e9gek \u00fatmutat\u00f3ja<\/a><\/p>","protected":false},"excerpt":{"rendered":"<p>The Freight Transport Association (FTA) was set up to represent the interests of logistics companies, whether they are moving goods by sea, air, road or rail. It has been involved in high profile campaigns on issues such as fuel duty and licensing. Key facts about the FTA: The FTA can trace its roots back to [&hellip;]<\/p>\n","protected":false},"author":1,"featured_media":0,"parent":0,"menu_order":0,"comment_status":"closed","ping_status":"closed","template":"","meta":{"_genesis_hide_title":false,"_genesis_hide_breadcrumbs":false,"_genesis_hide_singular_image":false,"_genesis_hide_footer_widgets":false,"_genesis_custom_body_class":"","_genesis_custom_post_class":"","_genesis_layout":"","footnotes":""},"class_list":{"0":"post-448","1":"page","2":"type-page","3":"status-publish","5":"entry"},"_links":{"self":[{"href":"https:\/\/moverdb.com\/hu\/wp-json\/wp\/v2\/pages\/448","targetHints":{"allow":["GET"]}}],"collection":[{"href":"https:\/\/moverdb.com\/hu\/wp-json\/wp\/v2\/pages"}],"about":[{"href":"https:\/\/moverdb.com\/hu\/wp-json\/wp\/v2\/types\/page"}],"author":[{"embeddable":true,"href":"https:\/\/moverdb.com\/hu\/wp-json\/wp\/v2\/users\/1"}],"replies":[{"embeddable":true,"href":"https:\/\/moverdb.com\/hu\/wp-json\/wp\/v2\/comments?post=448"}],"version-history":[{"count":11,"href":"https:\/\/moverdb.com\/hu\/wp-json\/wp\/v2\/pages\/448\/revisions"}],"predecessor-version":[{"id":6213,"href":"https:\/\/moverdb.com\/hu\/wp-json\/wp\/v2\/pages\/448\/revisions\/6213"}],"wp:attachment":[{"href":"https:\/\/moverdb.com\/hu\/wp-json\/wp\/v2\/media?parent=448"}],"curies":[{"name":"wp","href":"https:\/\/api.w.org\/{rel}","templated":true}]}}