{"id":447,"date":"2016-07-05T14:22:52","date_gmt":"2016-07-05T14:22:52","guid":{"rendered":"http:\/\/moverdb.com\/?page_id=447"},"modified":"2026-01-08T14:48:21","modified_gmt":"2026-01-08T14:48:21","slug":"fedemac","status":"publish","type":"page","link":"https:\/\/moverdb.com\/hu\/fedemac\/","title":{"rendered":"Az Eur\u00f3pai K\u00f6lt\u00f6ztet\u0151k Sz\u00f6vets\u00e9g\u00e9nek (FEDEMAC) magyar\u00e1zata"},"content":{"rendered":"<p>Az Eur\u00f3pai K\u00f6lt\u00f6ztet\u0151k Sz\u00f6vets\u00e9ge (FEDEMAC) egy eur\u00f3pai szervezet, amelyet a k\u00f6lt\u00f6ztet\u00e9si \u00e1gazat eur\u00f3pai szint\u0171 el\u0151mozd\u00edt\u00e1s\u00e1ra hoztak l\u00e9tre. Tags\u00e1ga t\u00falnyom\u00f3r\u00e9szt nemzeti k\u00f6lt\u00f6ztet\u0151i sz\u00f6vets\u00e9gekb\u0151l \u00e1ll.<\/p>\n<p><strong>A FEDEMAC-ra vonatkoz\u00f3 legfontosabb t\u00e9nyek<\/strong><\/p>\n<ul>\n<li>  A FEDEMAC tags\u00e1ga az Eur\u00f3p\u00e1ban tal\u00e1lhat\u00f3 nemzeti k\u00f6lt\u00f6ztet\u0151sz\u00f6vets\u00e9gekb\u0151l \u00e1ll.<\/li>\n<li>  A FEDEMAC mintegy 3 000 hivat\u00e1sos szakember \u00e9rdekeit k\u00e9pviseli. <a href=\"https:\/\/moverdb.com\/hu\/moving-companies\/\" data-internallinksmanager029f6b8e52c=\"79\" title=\"Top 25 nemzetk\u00f6zi k\u00f6lt\u00f6ztet\u0151 c\u00e9gek online\">k\u00f6lt\u00f6ztet\u0151 c\u00e9gek<\/a>.<\/li>\n<li>  A tagok 26 eur\u00f3pai orsz\u00e1gban tal\u00e1lhat\u00f3k, k\u00f6z\u00fcl\u00fck 24 EU-tag\u00e1llam. <a href=\"https:\/\/moverdb.com\/hu\/moving-to-switzerland\/\" data-internallinksmanager029f6b8e52c=\"327\" title=\"Sv\u00e1jcba k\u00f6lt\u00f6zik? 2023 Meg\u00e9lhet\u00e9si k\u00f6lts\u00e9gek \u00e9s k\u00f6lt\u00f6z\u00e9si tippek\">Sv\u00e1jc<\/a> \u00e9s <a href=\"https:\/\/moverdb.com\/hu\/moving-to-norway\/\" data-internallinksmanager029f6b8e52c=\"325\" title=\"Norv\u00e9gi\u00e1ba k\u00f6lt\u00f6zik? 2023 Meg\u00e9lhet\u00e9si k\u00f6lts\u00e9gek \u00e9s k\u00f6lt\u00f6z\u00e9si tippek\">Norv\u00e9gia<\/a> szint\u00e9n a FEDEMAC k\u00e9pviseli.<\/li>\n<li>  A FEDEMAC-ot \u00e9vente egyszer \u00fcl\u00e9sez\u0151 k\u00f6zgy\u0171l\u00e9s ir\u00e1ny\u00edtja, amely a FEDEMAC-tagok (tagszervezetek \u00e9s k\u00f6zvetlen\u00fcl kapcsol\u00f3d\u00f3 tagv\u00e1llalatok) k\u00e9pvisel\u0151ib\u0151l \u00e1ll.<\/li>\n<li>  A FEDEMAC munk\u00e1j\u00e1nak nagy r\u00e9sz\u00e9t a tagok \u00e9rdekeinek el\u0151mozd\u00edt\u00e1sa teszi ki az EU Parlamentj\u00e9ben \u00e9s a Bizotts\u00e1gban.<\/li>\n<\/ul>\n<p><strong>Az Eur\u00f3pai K\u00f6lt\u00f6ztet\u0151k Sz\u00f6vets\u00e9g\u00e9nek profilja:<\/strong><\/p>\n<p>A FEDEMAC c\u00e9lja, hogy k\u00e9pviselje az eur\u00f3pai k\u00f6lt\u00f6ztet\u0151ipart, annak gondjait, ig\u00e9nyeit \u00e9s c\u00e9ljait. Az\u00e9rt is alakult, hogy seg\u00edtse a tagok tev\u00e9kenys\u00e9g\u00e9nek \u00f6sszehangol\u00e1s\u00e1t, hogy a lehet\u0151 legnagyobb hat\u00e1st \u00e9rje el Eur\u00f3p\u00e1ban. <\/p>\n<p>A munka nagy r\u00e9sze a tagok \u00e9rdekeinek az EU Parlament \u00e9s a Bizotts\u00e1g fel\u00e9 t\u00f6rt\u00e9n\u0151 k\u00e9pviselet\u00e9vel, valamint a nemzeti mozgat\u00f3sz\u00f6vets\u00e9gek \u00e9s m\u00e1s szakmai szervezetek k\u00f6z\u00f6tti kapcsolattart\u00e1ssal kapcsolatos. <\/p>\n<p>A FEDEMAC tagjai t\u00f6bbnyire nemzeti k\u00f6lt\u00f6ztet\u0151 sz\u00f6vets\u00e9gek (p\u00e9ld\u00e1ul <a href=\"https:\/\/moverdb.com\/hu\/nemzetkozi-koltoztetes\/\" target=\"_blank\" rel=\"noopener\">az Egyes\u00fclt Kir\u00e1lys\u00e1gban<\/a>, a tag a <a href=\"https:\/\/moverdb.com\/hu\/british-association-of-removers\/\" target=\"_blank\" rel=\"noopener\">Brit K\u00f6lt\u00f6ztet\u0151k Sz\u00f6vets\u00e9ge<\/a>), azonban lehet\u0151s\u00e9g van arra is, hogy egyes min\u0151s\u00edtett k\u00f6lt\u00f6ztet\u0151 c\u00e9gek a FEDEMAC k\u00f6zvetlen tagj\u00e1v\u00e1 v\u00e1ljanak, ahol nincs sz\u00f6vets\u00e9g, vagy l\u00e9tezik sz\u00f6vets\u00e9g, de nem \u00e9rdekelt a FEDEMAC-tags\u00e1gban. <\/p>\n<p>A FEDEMAC feladat\u00e1nak r\u00e9sze, hogy a tagokat naprak\u00e9szen t\u00e1j\u00e9koztassa az eur\u00f3pai politik\u00e1r\u00f3l, \u00e9s ehhez sz\u00e1mos forr\u00e1st k\u00edn\u00e1l a weboldal\u00e1n, valamint sz\u00e1mos kiadv\u00e1nyt a tagok sz\u00e1m\u00e1ra, egy k\u00f6nyvt\u00e1rat \u00e9s egy \u00e9ves konferenci\u00e1t.<\/p>\n<p><strong>A tags\u00e1g krit\u00e9riumai:<\/strong><\/p>\n<p>A tags\u00e1g egy orsz\u00e1gos sz\u00f6vets\u00e9gen kereszt\u00fcl t\u00f6rt\u00e9nik - a <a href=\"https:\/\/moverdb.com\/hu\/moving-to-the-uk\/\" data-internallinksmanager029f6b8e52c=\"93\" title=\"Az Egyes\u00fclt Kir\u00e1lys\u00e1gba k\u00f6lt\u00f6zik? 2022 Meg\u00e9lhet\u00e9si k\u00f6lts\u00e9gek \u00e9s k\u00f6lt\u00f6z\u00e9si tippek\">UK<\/a> akik a FEDEMAC tagja k\u00edv\u00e1nnak lenni, csatlakozniuk kell a Brit K\u00f6lt\u00f6ztet\u0151k Sz\u00f6vets\u00e9g\u00e9hez.<br \/>\nA legt\u00f6bb orsz\u00e1gban a tags\u00e1g egy nemzeti k\u00f6lt\u00f6ztet\u0151 sz\u00f6vets\u00e9gen kereszt\u00fcl t\u00f6rt\u00e9nik.<\/p>\n<p><strong>Minta tagv\u00e1llalatok<\/strong><\/p>\n<ul>\n<li> <a href=\"https:\/\/moverdb.com\/hu\/matthew-james\/\">Matthew James glob\u00e1lis \u00e1ttelep\u00fcl\u00e9sek<\/a><\/li>\n<li> <a href=\"https:\/\/moverdb.com\/hu\/movecorp\/\">Movecorp<\/a><\/li>\n<li> <a href=\"https:\/\/moverdb.com\/hu\/pearson\/\">Pearson Home k\u00f6lt\u00f6ztet\u00e9s<\/a><\/li>\n<li> <a href=\"https:\/\/moverdb.com\/hu\/simpsons-removals\/\">Simpsons k\u00f6lt\u00f6ztet\u00e9s \u00e9s rakt\u00e1roz\u00e1s<\/a><\/li>\n<li> <a href=\"https:\/\/moverdb.com\/hu\/abels-removals\/\">Abels K\u00f6lt\u00f6ztet\u0151 szolg\u00e1ltat\u00e1sok<\/a><\/li>\n<li> <a href=\"https:\/\/moverdb.com\/hu\/eagle-relocations\/\">Eagle Relocations<\/a><\/li>\n<li> <a href=\"https:\/\/moverdb.com\/hu\/btr-international\/\">BTR International<\/a><\/li>\n<li> <a href=\"https:\/\/moverdb.com\/hu\/fn-removals\/\">F&amp;N Worldwide Removals<\/a><\/li>\n<li> <a href=\"https:\/\/moverdb.com\/hu\/bolliger\/\">Bolliger<\/a><\/li>\n<li> <a href=\"https:\/\/moverdb.com\/hu\/gil-stauffer\/\">Gil Stauffer<\/a><\/li>\n<li> <a href=\"https:\/\/moverdb.com\/hu\/teletrans\/\">Teletrans<\/a><\/li>\n<\/ul>\n<p><strong>V\u00e9lem\u00e9nyek a FEDEMAC-r\u00f3l<\/strong><\/p>\n<p>A FEDEMAC-ot nyilv\u00e1nval\u00f3an nagyon nagyra \u00e9rt\u00e9kelik azok, akik <a href=\"http:\/\/www.abels.co.uk\/articles\/fedemac-federation-of-european-movers-associations-what-does-this-mean\/\" target=\"_blank\" rel=\"noopener\">akik eml\u00edtik<\/a> \u00e9s fontos szerepet j\u00e1tszott az eur\u00f3pai mozgalmi szerepl\u0151k \u00e9rdekeinek k\u00e9pviselet\u00e9ben. N\u00e9h\u00e1ny k\u00f6lt\u00f6ztet\u0151 jelezte, hogy egy\u00e9ni tag, \u00e9s nem a Brit K\u00f6lt\u00f6ztet\u0151k Sz\u00f6vets\u00e9g\u00e9n kereszt\u00fcl tagja. M\u00e1sok a FEDEMAC \u00e1ltal akkredit\u00e1ltk\u00e9nt t\u00fcntetik fel magukat, amit a szervezet nem tesz meg.<\/p>\n<p><strong>Weboldal:<\/strong> <a href=\"https:\/\/www.fedemac.eu\" target=\"_blank\" rel=\"noopener\">https:\/\/www.fedemac.eu<\/a><\/p>","protected":false},"excerpt":{"rendered":"<p>The Federation of European Movers Association (FEDEMAC) is a European body that has been established to promote the moving industry on a European level. Its membership is predominantly made up of national moving associations. Key facts about FEDEMAC FEDEMAC membership is made up of National Moving Associations located in Europe. FEDEMAC represents the interests of [&hellip;]<\/p>\n","protected":false},"author":1,"featured_media":0,"parent":0,"menu_order":0,"comment_status":"closed","ping_status":"closed","template":"","meta":{"_genesis_hide_title":false,"_genesis_hide_breadcrumbs":false,"_genesis_hide_singular_image":false,"_genesis_hide_footer_widgets":false,"_genesis_custom_body_class":"","_genesis_custom_post_class":"","_genesis_layout":"","footnotes":""},"class_list":{"0":"post-447","1":"page","2":"type-page","3":"status-publish","5":"entry"},"_links":{"self":[{"href":"https:\/\/moverdb.com\/hu\/wp-json\/wp\/v2\/pages\/447","targetHints":{"allow":["GET"]}}],"collection":[{"href":"https:\/\/moverdb.com\/hu\/wp-json\/wp\/v2\/pages"}],"about":[{"href":"https:\/\/moverdb.com\/hu\/wp-json\/wp\/v2\/types\/page"}],"author":[{"embeddable":true,"href":"https:\/\/moverdb.com\/hu\/wp-json\/wp\/v2\/users\/1"}],"replies":[{"embeddable":true,"href":"https:\/\/moverdb.com\/hu\/wp-json\/wp\/v2\/comments?post=447"}],"version-history":[{"count":21,"href":"https:\/\/moverdb.com\/hu\/wp-json\/wp\/v2\/pages\/447\/revisions"}],"predecessor-version":[{"id":6209,"href":"https:\/\/moverdb.com\/hu\/wp-json\/wp\/v2\/pages\/447\/revisions\/6209"}],"wp:attachment":[{"href":"https:\/\/moverdb.com\/hu\/wp-json\/wp\/v2\/media?parent=447"}],"curies":[{"name":"wp","href":"https:\/\/api.w.org\/{rel}","templated":true}]}}