{"id":445,"date":"2016-06-21T20:35:30","date_gmt":"2016-06-21T20:35:30","guid":{"rendered":"http:\/\/moverdb.com\/?page_id=445"},"modified":"2026-01-08T14:47:36","modified_gmt":"2026-01-08T14:47:36","slug":"association-relocation-professionals","status":"publish","type":"page","link":"https:\/\/moverdb.com\/hu\/association-relocation-professionals\/","title":{"rendered":"A K\u00f6lt\u00f6ztet\u00e9si Szakemberek Sz\u00f6vets\u00e9ge (ARP) magyar\u00e1zata"},"content":{"rendered":"<p>Az Association of Relocation Professionals (ARP) a k\u00f6lt\u00f6ztet\u00e9si ipar\u00e1g szakmai szervezete az Egyes\u00fclt \u00c1llamokban. <a href=\"https:\/\/moverdb.com\/hu\/moving-to-the-uk\/\" data-internallinksmanager029f6b8e52c=\"93\" title=\"Az Egyes\u00fclt Kir\u00e1lys\u00e1gba k\u00f6lt\u00f6zik? 2022 Meg\u00e9lhet\u00e9si k\u00f6lts\u00e9gek \u00e9s k\u00f6lt\u00f6z\u00e9si tippek\">UK<\/a>. K\u00fcldet\u00e9se nem csak az, hogy k\u00e9pviselje tagjait, hanem az is, hogy seg\u00edtse \u0151ket saj\u00e1t maguk piacra juttat\u00e1s\u00e1ban \u00e9s n\u00f6veked\u00e9s\u00e9ben.<\/p>\n<p><strong>Az ARP legfontosabb adatai:<\/strong><\/p>\n<ul>\n<li>  Az ARP az Egyes\u00fclt Kir\u00e1lys\u00e1gban a k\u00f6lt\u00f6ztet\u00e9ssel foglalkoz\u00f3 szakemberek szervezete.<\/li>\n<li>  A K\u00f6lt\u00f6ztet\u00e9si Szakemberek Sz\u00f6vets\u00e9ge 1986-ban alakult.<\/li>\n<li>  Az ARP tagjai teljes k\u00f6r\u0171 szakmai felel\u0151ss\u00e9gbiztos\u00edt\u00e1ssal, k\u00f6z- \u00e9s munk\u00e1ltat\u00f3i felel\u0151ss\u00e9gbiztos\u00edt\u00e1ssal rendelkeznek az \u00fcgyfelek \u00e9s a szolg\u00e1ltat\u00f3k v\u00e9delme \u00e9rdek\u00e9ben.<\/li>\n<li>  Az ARP-nek van egy sor olyan magatart\u00e1si szab\u00e1lya, amelyet a tagoknak be kell tartaniuk, \u00e9s amely mag\u00e1ban foglalja az \u00fcgyf\u00e9lp\u00e9nzek kezel\u00e9s\u00e9re \u00e9s a f\u00e9lrevezet\u00e9s elker\u00fcl\u00e9s\u00e9re vonatkoz\u00f3 szab\u00e1lyokat.<\/li>\n<li>  Minden \u00e1thelyez\u00e9si szolg\u00e1ltat\u00e1st ny\u00fajt\u00f3 tagnak be kell mutatnia, hogy csatlakozott egy Property Redress Scheme rendszerhez, \u00e9s al\u00e1\u00edrt\u00e1k a HMRC p\u00e9nzmos\u00e1s elleni nyilv\u00e1ntart\u00e1s\u00e1t, ha ingatlanv\u00e1s\u00e1rl\u00e1sban vesznek r\u00e9szt.<\/li>\n<li>  Az ARP alap\u00edt\u00f3 tagja \u00e9s t\u00e1mogat\u00f3ja az Eur\u00f3pai K\u00f6lt\u00f6ztet\u00e9si Szakemberek Akad\u00e9mi\u00e1j\u00e1nak (EARP), amely az els\u0151 olyan szervezet, amely eur\u00f3pai k\u00e9pes\u00edt\u00e9st k\u00edn\u00e1l a k\u00f6lt\u00f6ztet\u00e9s ter\u00fclet\u00e9n.<\/li>\n<\/ul>\n<p><strong>K\u00f6lt\u00f6ztet\u00e9si szakemberek sz\u00f6vets\u00e9g\u00e9nek profilja:<\/strong><\/p>\n<p>Az ARP az Egyes\u00fclt Kir\u00e1lys\u00e1gban m\u0171k\u00f6d\u0151 k\u00f6lt\u00f6ztet\u00e9si v\u00e1llalkoz\u00e1sok szakmai test\u00fclete, \u00e9s sz\u00e1mos tagot k\u00e9pvisel, a v\u00e1llalati k\u00f6lt\u00f6ztet\u00e9si szakemberekt\u0151l kezdve az ingatlankeres\u0151k\u00f6n \u00e1t a speci\u00e1lis k\u00f6lt\u00f6ztet\u00e9si szolg\u00e1ltat\u00e1sokat ny\u00fajt\u00f3kig. <\/p>\n<p>Az ARP akkredit\u00e1lt k\u00e9pz\u00e9seket szervez tagjai sz\u00e1m\u00e1ra - az Eur\u00f3pai K\u00f6lt\u00f6ztet\u00e9si Szakemberek Akad\u00e9mi\u00e1j\u00e1nak (EARP) r\u00e9szek\u00e9nt a Managing International Mobility (MIM), valamint az European Relocation Qualification (ERQ) k\u00e9pes\u00edt\u00e9st k\u00edn\u00e1lja. <\/p>\n<p>Az ARP egy tagjegyz\u00e9ket k\u00e9sz\u00edt, amelyet 6000 HR-vezet\u0151nek, igazgat\u00f3nak \u00e9s HRO-nak k\u00fcldenek el az Egyes\u00fclt Kir\u00e1lys\u00e1gban, azzal a c\u00e9llal, hogy seg\u00edtsen a tagok n\u00e9pszer\u0171s\u00edt\u00e9s\u00e9ben \u00e9s abban, hogy jobban tudj\u00e1k magukat \u00e9rt\u00e9kes\u00edteni. <\/p>\n<p>Az ARP c\u00e9lja, hogy egyszerre legyen elk\u00f6telezetts\u00e9g a legjobb gyakorlatok, az \u00fcgyfelek el\u00e9gedetts\u00e9ge \u00e9s a szakmais\u00e1g mellett, valamint f\u00f3rum az eszmecser\u00e9re, hogy seg\u00edtse az ipar\u00e1g fejl\u0151d\u00e9s\u00e9t.<\/p>\n<p><strong>A tags\u00e1g krit\u00e9riumai:<\/strong><\/p>\n<p><u>T\u00e1rsult tags\u00e1g<\/u><\/p>\n<p>Az ARP t\u00e1rsult tags\u00e1ga azokra vonatkozik, akik nem jogosultak a teljes jog\u00fa tags\u00e1gra, \u00e9s nyitva \u00e1ll azon v\u00e1llalatok el\u0151tt, amelyek kereskedelmi tev\u00e9kenys\u00e9gei mag\u00e1nszem\u00e9lyekt\u0151l vagy jogi szem\u00e9lyekt\u0151l sz\u00e1rmaznak, \u00e9s amelyek bev\u00e9telei a k\u00f6lt\u00f6z\u00e9ssel kapcsolatos szolg\u00e1ltat\u00e1sok ny\u00fajt\u00e1s\u00e1b\u00f3l sz\u00e1rmaznak.<\/p>\n<p>A <a href=\"https:\/\/moverdb.com\/hu\/koltozteto-cegek\/\">k\u00f6lt\u00f6ztet\u0151 c\u00e9g<\/a> olyan szervezetnek min\u0151s\u00fcl, amely az egy\u00e9nek vagy egy\u00e9nek csoportjai \u00e9s csal\u00e1djaik mobilit\u00e1s\u00e1nak megk\u00f6nny\u00edt\u00e9s\u00e9re ir\u00e1nyul\u00f3 szolg\u00e1ltat\u00e1sok k\u00f6r\u00e9t k\u00edn\u00e1lja.<\/p>\n<p>Az ilyen szolg\u00e1ltat\u00e1sok ny\u00fajthat\u00f3k az indul\u00e1si vagy a c\u00e9l\u00e1llom\u00e1s ter\u00fclet\u00e9n, vagy mindkett\u0151ben. Az ARP t\u00e1rsult tags\u00e1g a teljes jog\u00fa tags\u00e1g fel\u00e9 vezet\u0151 l\u00e9pcs\u0151fok, \u00e9s ennek el\u00e9r\u00e9s\u00e9ben minden seg\u00edts\u00e9get megadunk \u00d6nnek.<\/p>\n<p><u>Affiliate tags\u00e1g<\/u><\/p>\n<p>Olyan v\u00e1llalatok sz\u00e1m\u00e1ra, amelyek a k\u00f6lt\u00f6ztet\u00e9ssel foglalkoz\u00f3 szakemberek \u00e1ltal haszn\u00e1lt szolg\u00e1ltat\u00e1sokat ny\u00fajtanak, de amelyek els\u0151dleges tev\u00e9kenys\u00e9ge sz\u00e9lesebb \u00fcgyf\u00e9lk\u00f6rrel rendelkezik.<\/p>\n<p><u>Teljes jog\u00fa tags\u00e1g<\/u><\/p>\n<p>Olyan v\u00e1llalatok eset\u00e9ben, amelyek t\u00f6bb mint k\u00e9t \u00e9ve kereskednek.<\/p>\n<p>A t\u00e1rsult tagoknak referenci\u00e1kat kell beny\u00fajtaniuk, amelyeket azt\u00e1n ellen\u0151riznek, \u00e9s v\u00e9gs\u0151 ellen\u0151rz\u00e9sre beny\u00fajtanak az ARP tags\u00e1gi bizotts\u00e1g\u00e1nak. A t\u00e1rsult tagoknak el kell v\u00e9gezni\u00fck az EARP tanterv els\u0151 szintj\u00e9nek megfelel\u0151 k\u00e9pz\u00e9st, miel\u0151tt teljes jog\u00fa tags\u00e1g\u00e9rt folyamodhatnak.<\/p>\n<p>A teljes jog\u00fa tagoknak t\u00f6bb mint k\u00e9t \u00e9ve kell kereskedni\u00fck, \u00e9s h\u00e1rom \u00fcgyf\u00e9lt\u0151l sz\u00e1rmaz\u00f3 referenci\u00e1t tartalmaz\u00f3 k\u00e9relmet kell beny\u00fajtaniuk.<\/p>\n<p><strong>Minta tagv\u00e1llalatok<\/strong><\/p>\n<ul>\n<li> <a href=\"https:\/\/moverdb.com\/hu\/sterling-relocation\/\">Sterling \u00e1thelyez\u00e9s<\/a><\/li>\n<li> <a href=\"https:\/\/moverdb.com\/hu\/dt-moving\/\">DT Moving<\/a><\/li>\n<li> <a href=\"https:\/\/moverdb.com\/hu\/btr-international\/\">BTR International<\/a><\/li>\n<\/ul>\n<p><strong>V\u00e9lem\u00e9nyek az ARP-r\u0151l:<\/strong><\/p>\n<p>Az ARP sz\u00e1mos brit weboldalon jelenik meg, \u00e9s az Egyes\u00fclt Kir\u00e1lys\u00e1gban a tengerent\u00fali k\u00f6lt\u00f6ztet\u00e9si szolg\u00e1ltat\u00f3k szakmai test\u00fcletek\u00e9nt van le\u00edrva. <\/p>\n<p>Az ARP tags\u00e1g azt bizony\u00edtja, hogy a k\u00f6lt\u00f6ztet\u0151 v\u00e1llalkoz\u00e1s megfelel az elismert ipar\u00e1gi szabv\u00e1nyoknak, illetve t\u00falteljes\u00edti azokat. A <a href=\"http:\/\/www.bloomberg.com\/profiles\/companies\/1519530Z:LN-association-of-relocation-professionals\/\" target=\"_blank\" rel=\"noopener\">Bloomberg<\/a> az ARP f\u0151 tev\u00e9kenys\u00e9ge <em>\"a k\u00f6lt\u00f6ztet\u00e9si \u00fcgyn\u00f6k\u00f6k \u00fczlet\u00e9nek \u00e9s szakm\u00e1j\u00e1nak el\u0151mozd\u00edt\u00e1sa \u00e9s v\u00e9delme\".<\/em> Az ARP-t a honlapjukon id\u00e9z\u0151k k\u00f6z\u00fcl t\u00f6bben arra hivatkoznak, hogy az ARP a legjobb gyakorlat, az \u00fcgyf\u00e9lszolg\u00e1lat \u00e9s a szakmais\u00e1g tekintet\u00e9ben szabv\u00e1nyokat \u00e1ll\u00edt fel az \u00e1gazat sz\u00e1m\u00e1ra.<\/p>\n<blockquote><p>Az ipar\u00e1gon bel\u00fcli legjobb gyakorlatok \u00f6szt\u00f6nz\u00e9s\u00e9vel \u00e9s azzal a feladattal, hogy tagjainkat naprak\u00e9szen tartsa a leg\u00fajabb jogszab\u00e1lyi v\u00e1ltoz\u00e1sokkal - a p\u00e9nzmos\u00e1st\u00f3l a t\u00f6bblak\u00e1sos lak\u00e1sokig -, tags\u00e1gunk elk\u00f6telezetts\u00e9get jelent az \u00d6n sz\u00e1m\u00e1ra, hogy a k\u00f6lt\u00f6ztet\u00e9si szakma \u00e9lvonal\u00e1ban vagyunk, \u00e9s m\u00e1r t\u00f6bb mint 25 \u00e9ve.<\/p><\/blockquote>\n<p>- <a href=\"http:\/\/scottsrelocation.co.uk\/association-of-relocation-professionals\" target=\"_blank\" rel=\"noopener\">Scott \u00e1thelyez\u00e9se<\/a><\/p>\n<blockquote><p>Az Association of Relocation Professionals (ARP) tagjak\u00e9nt a Source \u00fcgyfelei biztosak lehetnek abban, hogy a ny\u00fajtott szolg\u00e1ltat\u00e1s megfelel \u00e9s meghaladja az elismert ipar\u00e1gi szabv\u00e1nyokat.<\/p><\/blockquote>\n<p>-  <a href=\"http:\/\/www.source-relocation.co.uk\/index.aspx\" target=\"_blank\" rel=\"noopener\">Forr\u00e1s \u00e1thelyez\u00e9s<\/a><\/p>\n<blockquote><p>Az ipar\u00e1g valamennyi \u00e1gazat\u00e1nak k\u00e9pvisel\u0151ib\u0151l \u00e1ll\u00f3 tan\u00e1cs az alapokt\u00f3l kezdve ir\u00e1ny\u00edtja a Sz\u00f6vets\u00e9g munk\u00e1j\u00e1t, biztos\u00edtva ezzel, hogy a Sz\u00f6vets\u00e9g tov\u00e1bbra is a k\u00f6lt\u00f6ztet\u00e9sben bek\u00f6vetkez\u0151 v\u00e1ltoz\u00e1sok k\u00f6z\u00e9ppontj\u00e1ban maradjon.<\/p>\n<p>Az ARP tagjai teljes k\u00f6r\u0171 szakmai felel\u0151ss\u00e9gbiztos\u00edt\u00e1ssal, k\u00f6z- \u00e9s munk\u00e1ltat\u00f3i felel\u0151ss\u00e9gbiztos\u00edt\u00e1ssal rendelkeznek az \u00fcgyfelek \u00e9s a szolg\u00e1ltat\u00f3k v\u00e9delme \u00e9rdek\u00e9ben.<\/p>\n<p>Az ARP-tags\u00e1g a legjobb gyakorlatok, az \u00fcgyfelek el\u00e9gedetts\u00e9ge \u00e9s a szakmais\u00e1g ir\u00e1nti elk\u00f6telezetts\u00e9g bizony\u00edt\u00e9ka.<\/p><\/blockquote>\n<p>- <a href=\"http:\/\/www.relocatecambridge.co.uk\/index.php\/arp\/\" target=\"_blank\" rel=\"noopener\">Cambridge \u00e1thelyez\u00e9se<\/a><\/p>\n<p><strong>Weboldal:<\/strong> <a href=\"http:\/\/www.arp-relocation.com\/\" target=\"_blank\" rel=\"noopener\">http:\/\/www.arp-relocation.com\/<\/a><\/p>","protected":false},"excerpt":{"rendered":"<p>The Association of Relocation Professionals (ARP) is a professional body for the relocation industry in the UK. Its mission is not just to represent its members but to help them market themselves and grow too. Key facts about the ARP: The ARP is the body for relocation professionals in the UK. The Association of Relocation [&hellip;]<\/p>\n","protected":false},"author":1,"featured_media":0,"parent":0,"menu_order":0,"comment_status":"closed","ping_status":"closed","template":"","meta":{"_genesis_hide_title":false,"_genesis_hide_breadcrumbs":false,"_genesis_hide_singular_image":false,"_genesis_hide_footer_widgets":false,"_genesis_custom_body_class":"","_genesis_custom_post_class":"","_genesis_layout":"","footnotes":""},"class_list":{"0":"post-445","1":"page","2":"type-page","3":"status-publish","5":"entry"},"_links":{"self":[{"href":"https:\/\/moverdb.com\/hu\/wp-json\/wp\/v2\/pages\/445","targetHints":{"allow":["GET"]}}],"collection":[{"href":"https:\/\/moverdb.com\/hu\/wp-json\/wp\/v2\/pages"}],"about":[{"href":"https:\/\/moverdb.com\/hu\/wp-json\/wp\/v2\/types\/page"}],"author":[{"embeddable":true,"href":"https:\/\/moverdb.com\/hu\/wp-json\/wp\/v2\/users\/1"}],"replies":[{"embeddable":true,"href":"https:\/\/moverdb.com\/hu\/wp-json\/wp\/v2\/comments?post=445"}],"version-history":[{"count":7,"href":"https:\/\/moverdb.com\/hu\/wp-json\/wp\/v2\/pages\/445\/revisions"}],"predecessor-version":[{"id":6177,"href":"https:\/\/moverdb.com\/hu\/wp-json\/wp\/v2\/pages\/445\/revisions\/6177"}],"wp:attachment":[{"href":"https:\/\/moverdb.com\/hu\/wp-json\/wp\/v2\/media?parent=445"}],"curies":[{"name":"wp","href":"https:\/\/api.w.org\/{rel}","templated":true}]}}