{"id":444,"date":"2016-06-18T20:35:52","date_gmt":"2016-06-18T20:35:52","guid":{"rendered":"http:\/\/moverdb.com\/?page_id=444"},"modified":"2026-01-08T14:48:15","modified_gmt":"2026-01-08T14:48:15","slug":"eura","status":"publish","type":"page","link":"https:\/\/moverdb.com\/hu\/eura\/","title":{"rendered":"Az Eur\u00f3pai K\u00f6lt\u00f6ztet\u00e9si Sz\u00f6vets\u00e9g (EuRA) magyar\u00e1zata"},"content":{"rendered":"<p>Az Eur\u00f3pai K\u00f6lt\u00f6ztet\u00e9si Sz\u00f6vets\u00e9g (EuRA) a professzion\u00e1lisan ir\u00e1ny\u00edtott k\u00f6lt\u00f6ztet\u00e9si \u00e9s mobilit\u00e1si szolg\u00e1ltat\u00e1sok el\u0151nyeit n\u00e9pszer\u0171s\u00edti a glob\u00e1lisan mobilis alkalmazottakkal rendelkez\u0151 v\u00e1llalatok sz\u00e1m\u00e1ra. C\u00e9ljai k\u00f6z\u00e9 tartozik, hogy Eur\u00f3pa els\u0151 sz\u00e1m\u00fa relok\u00e1ci\u00f3s szervezet\u00e9v\u00e9 v\u00e1ljon, \u00e9s hogy m\u00e9rc\u00e9t \u00e1ll\u00edtson fel az innov\u00e1ci\u00f3 \u00e9s a legjobb gyakorlatok tekintet\u00e9ben.<\/p>\n<p><strong>F\u0151bb t\u00e9nyek az EuRA-r\u00f3l:<\/strong><\/p>\n<ol>\n<li>  Az EuRA tagjai k\u00f6z\u00e9 tartoznak a k\u00f6lt\u00f6ztet\u00e9si szolg\u00e1ltat\u00f3k, valamint a kapcsol\u00f3d\u00f3 szolg\u00e1ltat\u00e1sokat, p\u00e9ld\u00e1ul b\u00fatorb\u00e9rl\u00e9st \u00e9s h\u00e1ztart\u00e1si cikkek sz\u00e1ll\u00edt\u00e1s\u00e1t ny\u00fajt\u00f3 szolg\u00e1ltat\u00f3k.<\/li>\n<li>  Az EuRA Global Quality Seal a vil\u00e1g els\u0151 akkredit\u00e1ci\u00f3s programja a k\u00f6lt\u00f6ztet\u00e9si szolg\u00e1ltat\u00f3k sz\u00e1m\u00e1ra.<\/li>\n<li>  Az EuRA 1998-ban alakult.<\/li>\n<li>  Az EuRA c\u00e9lja els\u0151sorban oktat\u00e1si c\u00e9l\u00fa: mind az EuRA tagjainak, mind a nyilv\u00e1noss\u00e1gnak t\u00e1j\u00e9koztat\u00e1st ny\u00fajt a v\u00e1llalati mobilit\u00e1sr\u00f3l \u00e9s az azzal kapcsolatos k\u00e9rd\u00e9sekr\u0151l.<\/li>\n<li>  Az EuRA-nak t\u00f6bb mint 350+ tagja van.<\/li>\n<li>  Az EuRA tagjai t\u00f6bb mint 50 orsz\u00e1got fednek le.<\/li>\n<\/ol>\n<p><strong>Az Eur\u00f3pai K\u00f6lt\u00f6ztet\u00e9si Sz\u00f6vets\u00e9g profilja:<\/strong><\/p>\n<p>Az EuRA sz\u00e1mos funkci\u00f3t l\u00e1t el tagjai sz\u00e1m\u00e1ra, t\u00f6bbek k\u00f6z\u00f6tt k\u00e9pz\u00e9st \u00e9s tan\u00e1csad\u00e1st k\u00edn\u00e1l, valamint t\u00e1mogat\u00e1st ny\u00fajt a k\u00f6lt\u00f6z\u00e9ssel foglalkoz\u00f3 szakembereknek. A sz\u00f6vets\u00e9g lobbizik is a tagok nev\u00e9ben, \u00e9s olyan v\u00e1ltoztat\u00e1sokat \u00e9s fejleszt\u00e9seket szorgalmaz, amelyek seg\u00edthetik a k\u00f6lt\u00f6ztet\u00e9si \u00e1gazat n\u00f6veked\u00e9s\u00e9t. <\/p>\n<p>Inform\u00e1ci\u00f3s forr\u00e1sk\u00e9nt is m\u0171k\u00f6dik, rendszeresen publik\u00e1l k\u00fcls\u0151 \u00e9s bels\u0151 kiadv\u00e1nyokat, \u00e9s a j\u00f6v\u0151beni \u00e1gazati tervez\u00e9s \u00e9s fejleszt\u00e9s gondolkod\u00f3h\u00e1zak\u00e9nt is m\u0171k\u00f6dik. <\/p>\n<p>Az EuRA egyik f\u0151 c\u00e9lja, hogy a legjobb gyakorlatok m\u00e9rc\u00e9j\u00e9t biztos\u00edtsa, \u00e9s \u00edgy alakult ki az EuRA Quality Global Seal, egy akkredit\u00e1ci\u00f3s program a k\u00f6lt\u00f6ztet\u00e9si \u00fczlet\u00e1gban dolgoz\u00f3k sz\u00e1m\u00e1ra. <\/p>\n<p>A Quality Global Seal egy olyan ellen\u0151rz\u00e9si rendszer, amelynek c\u00e9lja, hogy biztos\u00edtsa, hogy a pecs\u00e9tet visel\u0151k megfelelnek bizonyos szolg\u00e1ltat\u00e1sny\u00fajt\u00e1si \u00e9s folyamatir\u00e1ny\u00edt\u00e1si el\u0151\u00edr\u00e1soknak. Az EuRA teljes jog\u00fa, t\u00e1rsult \u00e9s vil\u00e1gm\u00e9ret\u0171 tagjai sz\u00e1m\u00e1ra nyitva \u00e1ll. <\/p>\n<p>Az EuRA-t eredetileg egy hat\u00e1rokon \u00e1tny\u00fal\u00f3 eur\u00f3pai ipar\u00e1gi szervezet ir\u00e1nti n\u00f6vekv\u0151 ig\u00e9nyre adott v\u00e1laszk\u00e9nt ind\u00edtott\u00e1k el, \u00e9s m\u00e1ra hatalmas hat\u00f3sug\u00e1rral rendelkezik.<\/p>\n<p><strong>A tags\u00e1g krit\u00e9riumai <\/strong><\/p>\n<p><u>Teljes jog\u00fa tags\u00e1g<\/u><\/p>\n<p>Az Eur\u00f3pai K\u00f6lt\u00f6ztet\u00e9si Sz\u00f6vets\u00e9g teljes jog\u00fa tagja lehet az a v\u00e1llalat, amelynek kereskedelmi tev\u00e9kenys\u00e9ge mag\u00e1nszem\u00e9lyekkel vagy jogi szem\u00e9lyekkel kapcsolatos, \u00e9s amelynek bev\u00e9telei mag\u00e1nszem\u00e9lyekt\u0151l vagy jogi szem\u00e9lyekt\u0151l sz\u00e1rmaznak k\u00f6lt\u00f6ztet\u00e9si szolg\u00e1ltat\u00e1sok ny\u00fajt\u00e1s\u00e1b\u00f3l.<\/p>\n<p>K\u00f6lt\u00f6ztet\u0151 c\u00e9gnek min\u0151s\u00fcl minden olyan szervezet, amely egy\u00e9nek vagy egy\u00e9nek csoportjai \u00e9s csal\u00e1dtagjaik mobilit\u00e1s\u00e1nak megk\u00f6nny\u00edt\u00e9s\u00e9re ir\u00e1nyul\u00f3 szolg\u00e1ltat\u00e1sokat ny\u00fajt. Az ilyen szolg\u00e1ltat\u00e1sok ny\u00fajthat\u00f3k az indul\u00e1si vagy a c\u00e9lter\u00fcleten, vagy mindkett\u0151n.<\/p>\n<p>Krit\u00e9riumok:<\/p>\n<ul>\n<li> Kereskedett, mint egy <a href=\"https:\/\/moverdb.com\/hu\/relocation-agents\/\" data-internallinksmanager029f6b8e52c=\"1\" title=\"7 ok, ami\u00e9rt \u00e9rdemes k\u00f6lt\u00f6z\u00e9si \u00fcgyn\u00f6k\u00f6t ig\u00e9nybe venni?\">K\u00f6lt\u00f6ztet\u00e9s \u00fcgyn\u00f6k<\/a> legal\u00e1bb k\u00e9t \u00e9ve, a c\u00e9gbejegyz\u00e9st igazolni kell.<\/li>\n<li> Egy k\u00e9rd\u0151\u00edv kit\u00f6lt\u00e9se, amely h\u00e1rom olyan \u00fcgyf\u00e9l nev\u00e9t \u00e9s c\u00edm\u00e9t tartalmazza, akinek az elm\u00falt 12 h\u00f3napban munk\u00e1t v\u00e9geztek. Ezeket az \u00fcgyfeleket az EuRA referenci\u00e1k\u00e9rt fel fogja keresni.<\/li>\n<li> Minden nyomtatott anyag m\u00e1solat\u00e1nak, valamint minden olyan inform\u00e1ci\u00f3nak a beny\u00fajt\u00e1sa, amely seg\u00edtheti a tags\u00e1gi bizotts\u00e1got a jelentkez\u00e9s elb\u00edr\u00e1l\u00e1s\u00e1ban.<\/li>\n<li> Bizony\u00edtani, hogy \u00d6n\/v\u00e1llalata megfelel\u0151en biztos\u00edtott (a saj\u00e1t orsz\u00e1g\u00e1ban).<\/li>\n<li> A c\u00e9g valamennyi igazgat\u00f3ja vagy partnere p\u00e1lyafut\u00e1s\u00e1nak r\u00f6vid ismertet\u00e9se.<\/li>\n<li> El\u00e9rhet\u0151nek kell lennie az interj\u00fara (a saj\u00e1t orsz\u00e1g\u00e1ban).<\/li>\n<\/ul>\n<p><u>T\u00e1rsult tags\u00e1g<\/u><\/p>\n<p>Az Eur\u00f3pai K\u00f6lt\u00f6ztet\u00e9si Sz\u00f6vets\u00e9g t\u00e1rsult tagja lehet az a v\u00e1llalat, amely kevesebb mint k\u00e9t \u00e9ve m\u0171k\u00f6dik. Az Eur\u00f3pai K\u00f6lt\u00f6ztet\u00e9si Sz\u00f6vets\u00e9g t\u00e1rsult tags\u00e1ga azoknak sz\u00f3l, akik nem jogosultak a teljes jog\u00fa tags\u00e1gra, \u00e9s olyan v\u00e1llalatok sz\u00e1m\u00e1ra nyitva \u00e1ll, amelyek kereskedelmi tev\u00e9kenys\u00e9gei mag\u00e1nszem\u00e9lyekt\u0151l vagy jogi szem\u00e9lyekt\u0151l sz\u00e1rmaz\u00f3, k\u00f6lt\u00f6ztet\u00e9si szolg\u00e1ltat\u00e1sok ny\u00fajt\u00e1s\u00e1b\u00f3l sz\u00e1rmaz\u00f3 j\u00f6vedelemmel kapcsolatosak.<\/p>\n<p>Krit\u00e9riumok:<\/p>\n<ul>\n<li> K\u00f6lt\u00f6ztet\u00e9si \u00fcgyn\u00f6kk\u00e9nt kereskedni vagy kereskedni sz\u00e1nd\u00e9kozik. K\u00e9rj\u00fck, \u00edrja al\u00e1 a mell\u00e9kelt p\u00e9ld\u00e1nyt, \u00e9s k\u00fcldje vissza k\u00e9relm\u00e9vel egy\u00fctt.<\/li>\n<li> A k\u00e9rd\u0151\u00edv kit\u00f6lt\u00e9se, k\u00e9t referens nev\u00e9nek \u00e9s c\u00edm\u00e9nek megad\u00e1s\u00e1val (akik vagy az EuRA, SNPRM, ARA, ABRA vagy helyileg elismert szakemberek, vagy a kett\u0151 kombin\u00e1ci\u00f3ja), ahol ez szerepel.<\/li>\n<li> Minden nyomtatott anyag m\u00e1solat\u00e1nak, valamint minden olyan inform\u00e1ci\u00f3nak a beny\u00fajt\u00e1sa, amely seg\u00edtheti a tags\u00e1gi bizotts\u00e1got a jelentkez\u00e9s elb\u00edr\u00e1l\u00e1s\u00e1ban.<\/li>\n<li> Bizony\u00edtani, hogy \u00d6n\/v\u00e1llalata megfelel\u0151en biztos\u00edtott (a saj\u00e1t orsz\u00e1g\u00e1ban).<\/li>\n<li> A c\u00e9g valamennyi igazgat\u00f3ja vagy partnere p\u00e1lyafut\u00e1s\u00e1nak r\u00f6vid ismertet\u00e9se.<\/li>\n<\/ul>\n<p><u>Affiliate tags\u00e1g<\/u><\/p>\n<p>Az EuRA affiliate tags\u00e1g olyan v\u00e1llalatok sz\u00e1m\u00e1ra \u00e1ll nyitva, amelyek kereskedelmi tev\u00e9kenys\u00e9gei kapcsol\u00f3dnak a k\u00f6lt\u00f6ztet\u00e9si szolg\u00e1ltat\u00f3khoz, \u00e9s azokat ig\u00e9nybe veszik.<\/p>\n<p>Krit\u00e9riumok:<\/p>\n<ul>\n<li> Az Eur\u00f3pai K\u00f6lt\u00f6ztet\u00e9si Sz\u00f6vets\u00e9g teljes jog\u00fa tagja \u00e1ltal t\u00e1rsult tagk\u00e9nt t\u00f6rt\u00e9n\u0151 jel\u00f6l\u00e9s.<\/li>\n<li> Abban az esetben, ha a k\u00e9relmez\u0151 nem ismeri az Egyes\u00fclet egyetlen tagj\u00e1t sem, akkor is k\u00e9rheti a tags\u00e1got. Ebben az esetben k\u00e9rj\u00fck, adja meg k\u00e9t referens nev\u00e9t \u00e9s c\u00edm\u00e9t. A k\u00e9relmet ezut\u00e1n az Egyes\u00fclet Tan\u00e1csa fogja elb\u00edr\u00e1lni.<\/li>\n<\/ul>\n<p><u>Vil\u00e1gm\u00e9ret\u0171 tags\u00e1g<\/u><\/p>\n<p>Az EuRA vil\u00e1gm\u00e9ret\u0171 tags\u00e1ga nyitva \u00e1ll a kontinent\u00e1lis Eur\u00f3p\u00e1n k\u00edv\u00fcli ter\u00fcleteken k\u00f6lt\u00f6ztet\u00e9si szolg\u00e1ltat\u00e1sokat ny\u00fajt\u00f3 v\u00e1llalatok el\u0151tt.<\/p>\n<p>Az Eur\u00f3pai K\u00f6lt\u00f6ztet\u00e9si Sz\u00f6vets\u00e9g vil\u00e1gm\u00e9ret\u0171 tags\u00e1ga olyan v\u00e1llalatok el\u0151tt \u00e1ll nyitva, amelyek kereskedelmi tev\u00e9kenys\u00e9ge mag\u00e1nszem\u00e9lyekt\u0151l vagy jogi szem\u00e9lyekt\u0151l sz\u00e1rmaz\u00f3, k\u00f6lt\u00f6ztet\u00e9si szolg\u00e1ltat\u00e1sok ny\u00fajt\u00e1s\u00e1b\u00f3l sz\u00e1rmaz\u00f3 bev\u00e9telekkel kapcsolatos.<\/p>\n<p>K\u00f6lt\u00f6ztet\u0151 c\u00e9gnek min\u0151s\u00fcl minden olyan szervezet, amely egy\u00e9nek vagy egy\u00e9nek csoportjai \u00e9s csal\u00e1dtagjaik mobilit\u00e1s\u00e1nak megk\u00f6nny\u00edt\u00e9s\u00e9re ir\u00e1nyul\u00f3 szolg\u00e1ltat\u00e1sokat ny\u00fajt. Az ilyen szolg\u00e1ltat\u00e1sok ny\u00fajthat\u00f3k az indul\u00e1si vagy a c\u00e9lter\u00fcleten, vagy mindkett\u0151n.<\/p>\n<p>Krit\u00e9riumok:<\/p>\n<ul>\n<li> Ahhoz, hogy legal\u00e1bb k\u00e9t \u00e9ve kereskedjen, egy megb\u00edz\u00e1s teljes\u00edt\u00e9s\u00e9nek igazol\u00e1s\u00e1t, azaz a nyilv\u00e1ntart\u00e1sba v\u00e9tel igazol\u00e1s\u00e1t kell beny\u00fajtani.<\/li>\n<li> Egy k\u00e9rd\u0151\u00edv kit\u00f6lt\u00e9se, k\u00e9t referens (olyan \u00fcgyfelek, akiknek az elm\u00falt 12 h\u00f3napban munk\u00e1t v\u00e9geztek), valamint egy EuRA-tag nev\u00e9nek \u00e9s c\u00edm\u00e9nek megad\u00e1sa. Az EuRA felveszi a kapcsolatot ezekkel a referensekkel.<\/li>\n<li> Minden nyomtatott anyag m\u00e1solat\u00e1nak, valamint minden olyan inform\u00e1ci\u00f3nak a beny\u00fajt\u00e1sa, amely seg\u00edtheti a tags\u00e1gi bizotts\u00e1got a jelentkez\u00e9s elb\u00edr\u00e1l\u00e1s\u00e1ban.<\/li>\n<li> Bizony\u00edtani, hogy \u00d6n\/v\u00e1llalata megfelel\u0151en biztos\u00edtott (a saj\u00e1t orsz\u00e1g\u00e1ban).<\/li>\n<li> A c\u00e9g valamennyi igazgat\u00f3ja vagy partnere p\u00e1lyafut\u00e1s\u00e1nak r\u00f6vid ismertet\u00e9se.<\/li>\n<li> El\u00e9rhet\u0151nek kell lennie az interj\u00fara (a saj\u00e1t orsz\u00e1g\u00e1ban).<\/li>\n<\/ul>\n<p><strong>Minta tagv\u00e1llalatok<\/strong><\/p>\n<ul>\n<li> <a href=\"https:\/\/moverdb.com\/hu\/santa-fe-relocation\/\">Santa Fe k\u00f6lt\u00f6ztet\u00e9si szolg\u00e1ltat\u00e1sok<\/a> <\/li>\n<li> <a href=\"https:\/\/moverdb.com\/hu\/aires\/\">Aires<\/a><\/li>\n<li> <a href=\"https:\/\/moverdb.com\/hu\/sterling-relocation\/\">Sterling \u00e1thelyez\u00e9s<\/a><\/li>\n<li> <a href=\"https:\/\/moverdb.com\/hu\/robinsons\/\">Robinsons \u00e1thelyez\u00e9s<\/a><\/li>\n<li> <a href=\"https:\/\/moverdb.com\/hu\/dt-moving\/\">DT Moving<\/a><\/li>\n<li> <a href=\"https:\/\/moverdb.com\/hu\/bournes\/\">Bournes<\/a><\/li>\n<li> <a href=\"https:\/\/moverdb.com\/hu\/btr-international\/\">BTR International<\/a><\/li>\n<li> <a href=\"https:\/\/moverdb.com\/hu\/packimpex\/\">Packimpex<\/a><\/li>\n<\/ul>\n<p><strong>V\u00e9lem\u00e9nyek az EuRA-r\u00f3l<\/strong><\/p>\n<p>Az EuRA-t sz\u00e1mos v\u00e1llalkoz\u00e1s (p\u00e9ld\u00e1ul k\u00f6lt\u00f6ztet\u0151k \u00e9s szervizelt lak\u00e1sok) weboldal\u00e1n eml\u00edtik, gyakran annak bemutat\u00e1s\u00e1val \u00f6sszef\u00fcgg\u00e9sben, hogy az adott v\u00e1llalkoz\u00e1s milyen tov\u00e1bbi el\u0151ny\u00f6ket tud ny\u00fajtani az \u00e1ttelep\u00fcl\u00e9s folyamat\u00e1ban. <\/p>\n<p>Gyakran hangs\u00falyozz\u00e1k a sz\u00f6vets\u00e9g glob\u00e1lis hat\u00f3k\u00f6r\u00e9t, valamint azt a t\u00e9nyt, hogy r\u00e9szt vett az ipar\u00e1g min\u0151s\u00e9gi szabv\u00e1nyainak meghat\u00e1roz\u00e1s\u00e1ban. A weboldalakon az egyes\u00fcletet \"ipar\u00e1gi test\u00fcletk\u00e9nt\" eml\u00edtik, amelynek oktat\u00e1si \u00e1ga \u00e9s magatart\u00e1si k\u00f3dexe van, amelyet minden tagnak be kell tartania.<\/p>\n<blockquote><p>Az EURA kiv\u00e1l\u00f3 partner, hogy seg\u00edtsen el\u00e9rni c\u00e9lunkat, a piac felvil\u00e1gos\u00edt\u00e1s\u00e1t, \u00e9s megmutassa, hogy a szervizelt lak\u00e1sok milyen val\u00f3di el\u0151ny\u00f6kkel j\u00e1rhatnak a k\u00f6lt\u00f6z\u00e9si folyamat sor\u00e1n.<\/p><\/blockquote>\n<p>- <a href=\"http:\/\/www.chevalresidences.com\/partners-eura.html\" target=\"_blank\" rel=\"noopener\">Cheval Residences<\/a><\/p>\n<blockquote><p>\nAz EuRA szerepe \u00e9s alapvet\u0151 c\u00e9lkit\u0171z\u00e9sei a k\u00f6vetkez\u0151k: az ipar\u00e1g min\u0151s\u00e9gi szabv\u00e1nyainak jav\u00edt\u00e1sa \u00e9s fenntart\u00e1sa, az ipar\u00e1g n\u00e9pszer\u0171s\u00edt\u00e9se, valamint a tags\u00e1g folyamatos szakmai k\u00e9pz\u00e9s\u00e9nek lehet\u0151v\u00e9 t\u00e9tele. Mindez a mozg\u00f3 munkav\u00e1llal\u00f3 \u00e9s csal\u00e1dja jav\u00e1t szolg\u00e1lja, \u00e9s ha ez megt\u00f6rt\u00e9nik, akkor mi, mint csoport is j\u00f3l j\u00e1runk.<\/p><\/blockquote>\n<p>- <a href=\"http:\/\/www.globalbusinessnews.net\/\" target=\"_blank\" rel=\"noopener\">Glob\u00e1lis \u00fczleti h\u00edrek<\/a><\/p>\n<blockquote><p>\nAz EuRA az eur\u00f3pai \u00e9s vil\u00e1gm\u00e9ret\u0171 relok\u00e1ci\u00f3s szakemberek \u00e1gazati szervezete. A k\u00f6lt\u00f6ztet\u00e9si szolg\u00e1ltat\u00f3knak be kell tartaniuk az EuRA magatart\u00e1si szab\u00e1lyait. <\/p><\/blockquote>\n<p>-  <a href=\"http:\/\/info.bournesmoves.com\/relocation-solutions\/blog\/relocation-moves\/bournes-removals-uk-join-eura\" target=\"_blank\" rel=\"noopener\">Bournes \u00fajrav\u00e1laszt\u00e1sa<\/a><\/p>\n<p><strong>Weboldal:<\/strong> <a href=\"http:\/\/www.eura-relocation.com\/\" target=\"_blank\" rel=\"noopener\">http:\/\/www.eura-relocation.com\/<\/a><\/p>","protected":false},"excerpt":{"rendered":"<p>The European Relocation Association (EuRA) promotes the benefits of professionally managed relocation and mobility services to companies with globally mobile employees. Its aims include establishing itself as the premier relocation organisation in Europe and setting benchmarks for innovation and best practice. Key facts about EuRA: EuRA members include Relocation Service Providers, as well as those [&hellip;]<\/p>\n","protected":false},"author":1,"featured_media":0,"parent":0,"menu_order":0,"comment_status":"closed","ping_status":"closed","template":"","meta":{"_genesis_hide_title":false,"_genesis_hide_breadcrumbs":false,"_genesis_hide_singular_image":false,"_genesis_hide_footer_widgets":false,"_genesis_custom_body_class":"","_genesis_custom_post_class":"","_genesis_layout":"","footnotes":""},"class_list":{"0":"post-444","1":"page","2":"type-page","3":"status-publish","5":"entry"},"_links":{"self":[{"href":"https:\/\/moverdb.com\/hu\/wp-json\/wp\/v2\/pages\/444","targetHints":{"allow":["GET"]}}],"collection":[{"href":"https:\/\/moverdb.com\/hu\/wp-json\/wp\/v2\/pages"}],"about":[{"href":"https:\/\/moverdb.com\/hu\/wp-json\/wp\/v2\/types\/page"}],"author":[{"embeddable":true,"href":"https:\/\/moverdb.com\/hu\/wp-json\/wp\/v2\/users\/1"}],"replies":[{"embeddable":true,"href":"https:\/\/moverdb.com\/hu\/wp-json\/wp\/v2\/comments?post=444"}],"version-history":[{"count":17,"href":"https:\/\/moverdb.com\/hu\/wp-json\/wp\/v2\/pages\/444\/revisions"}],"predecessor-version":[{"id":6204,"href":"https:\/\/moverdb.com\/hu\/wp-json\/wp\/v2\/pages\/444\/revisions\/6204"}],"wp:attachment":[{"href":"https:\/\/moverdb.com\/hu\/wp-json\/wp\/v2\/media?parent=444"}],"curies":[{"name":"wp","href":"https:\/\/api.w.org\/{rel}","templated":true}]}}