{"id":442,"date":"2016-06-12T20:08:54","date_gmt":"2016-06-12T20:08:54","guid":{"rendered":"http:\/\/moverdb.com\/?page_id=442"},"modified":"2026-01-08T14:48:14","modified_gmt":"2026-01-08T14:48:14","slug":"euromovers","status":"publish","type":"page","link":"https:\/\/moverdb.com\/hu\/euromovers\/","title":{"rendered":"Az eur\u00f3pai fuvaroz\u00f3i partners\u00e9g (EUROMOVERS International) magyar\u00e1zata"},"content":{"rendered":"<p>Az Euromovers sz\u00e9khelye <a href=\"https:\/\/moverdb.com\/hu\/moving-to-luxembourg\/\" data-internallinksmanager029f6b8e52c=\"349\" title=\"Luxemburgba k\u00f6lt\u00f6zik? 2023 Lakhat\u00e1si k\u00f6lts\u00e9gek \u00e9s k\u00f6lt\u00f6z\u00e9si tippek\">Luxemburg<\/a> \u00e9s sz\u00e1mos vezet\u0151 <a href=\"https:\/\/moverdb.com\/hu\/koltozteto-cegek\/\">nemzetk\u00f6zi k\u00f6lt\u00f6ztet\u0151 c\u00e9gek<\/a> akik k\u00f6z\u00f6s szabv\u00e1nyok, j\u00f6v\u0151k\u00e9p \u00e9s ir\u00e1nyvonal alapj\u00e1n h\u00e1l\u00f3zatot alkottak. <\/p>\n<p>A csoport olyan k\u00f6lt\u00f6ztet\u00e9si szolg\u00e1ltat\u00e1sokat k\u00edn\u00e1l, amelyeket a kapcsolt v\u00e1llalatok h\u00e1l\u00f3zat\u00e1nak k\u00f6sz\u00f6nhet\u0151en jobban tud ny\u00fajtani.<\/p>\n<p><strong>F\u0151bb t\u00e9nyek az Euromoversr\u0151l:<\/strong><\/p>\n<ol>\n<li>  Az Euromovers t\u00f6bb mint 70 k\u00f6lt\u00f6ztet\u0151 v\u00e1llalkoz\u00e1s h\u00e1l\u00f3zata.<\/li>\n<li>  A tagszervezetek sz\u00e1mos orsz\u00e1gb\u00f3l sz\u00e1rmaznak, t\u00f6bbek k\u00f6z\u00f6tt a k\u00f6vetkez\u0151kb\u0151l <a href=\"https:\/\/moverdb.com\/hu\/moving-to-austria\/\" data-internallinksmanager029f6b8e52c=\"343\" title=\"Ausztri\u00e1ba k\u00f6lt\u00f6zik? 2023 Meg\u00e9lhet\u00e9si k\u00f6lts\u00e9gek \u00e9s k\u00f6lt\u00f6z\u00e9si tippek\">Ausztria<\/a>, <a href=\"https:\/\/moverdb.com\/hu\/moving-to-belgium\/\" data-internallinksmanager029f6b8e52c=\"323\" title=\"Belgiumba k\u00f6lt\u00f6zik? 2023 Meg\u00e9lhet\u00e9si k\u00f6lts\u00e9gek \u00e9s k\u00f6lt\u00f6z\u00e9si tippek\">Belgium<\/a>, <a href=\"https:\/\/moverdb.com\/hu\/moving-to-the-czech-republic\/\" data-internallinksmanager029f6b8e52c=\"391\" title=\"Csehorsz\u00e1gba k\u00f6lt\u00f6zik? 2024 Lakhat\u00e1si k\u00f6lts\u00e9gek \u00e9s k\u00f6lt\u00f6z\u00e9si tippek\">Cseh K\u00f6zt\u00e1rsas\u00e1g<\/a>, <a href=\"https:\/\/moverdb.com\/hu\/moving-to-denmark\/\" data-internallinksmanager029f6b8e52c=\"335\" title=\"D\u00e1ni\u00e1ba k\u00f6lt\u00f6zik? 2023 Meg\u00e9lhet\u00e9si k\u00f6lts\u00e9gek \u00e9s k\u00f6lt\u00f6z\u00e9si tippek\">D\u00e1nia<\/a>, <a href=\"https:\/\/moverdb.com\/hu\/moving-to-finland\/\" data-internallinksmanager029f6b8e52c=\"345\" title=\"Finnorsz\u00e1gba k\u00f6lt\u00f6zik? 2023 Meg\u00e9lhet\u00e9si k\u00f6lts\u00e9gek \u00e9s k\u00f6lt\u00f6z\u00e9si tippek\">Finnorsz\u00e1g<\/a>, <a href=\"https:\/\/moverdb.com\/hu\/moving-to-france\/\" data-internallinksmanager029f6b8e52c=\"315\" title=\"Franciaorsz\u00e1gba k\u00f6lt\u00f6zik? 2023 Meg\u00e9lhet\u00e9si k\u00f6lts\u00e9gek \u00e9s k\u00f6lt\u00f6z\u00e9si tippek\">Franciaorsz\u00e1g<\/a>, <a href=\"https:\/\/moverdb.com\/hu\/moving-to-germany\/\" data-internallinksmanager029f6b8e52c=\"321\" title=\"N\u00e9metorsz\u00e1gba k\u00f6lt\u00f6zik? 2023 Meg\u00e9lhet\u00e9si k\u00f6lts\u00e9gek \u00e9s k\u00f6lt\u00f6z\u00e9si tippek\">N\u00e9metorsz\u00e1g<\/a>, <a href=\"https:\/\/moverdb.com\/hu\/moving-to-greece\/\" data-internallinksmanager029f6b8e52c=\"353\" title=\"G\u00f6r\u00f6gorsz\u00e1gba k\u00f6lt\u00f6zik? 2023 Meg\u00e9lhet\u00e9si k\u00f6lts\u00e9gek \u00e9s k\u00f6lt\u00f6z\u00e9si tippek\">G\u00f6r\u00f6gorsz\u00e1g<\/a>, <a href=\"https:\/\/moverdb.com\/hu\/moving-to-italy\/\" data-internallinksmanager029f6b8e52c=\"346\" title=\"Olaszorsz\u00e1gba k\u00f6lt\u00f6zik? 2023 Lakhat\u00e1si k\u00f6lts\u00e9gek \u00e9s k\u00f6lt\u00f6z\u00e9si tippek\">Olaszorsz\u00e1g<\/a>, Luxemburg, <a href=\"https:\/\/moverdb.com\/hu\/moving-to-the-netherlands\/\" data-internallinksmanager029f6b8e52c=\"328\" title=\"Hollandi\u00e1ba k\u00f6lt\u00f6zik? 2023 Meg\u00e9lhet\u00e9si k\u00f6lts\u00e9gek \u00e9s k\u00f6lt\u00f6z\u00e9si tippek\">Hollandia<\/a>, <a href=\"https:\/\/moverdb.com\/hu\/moving-to-slovakia\/\" data-internallinksmanager029f6b8e52c=\"338\" title=\"Szlov\u00e1ki\u00e1ba k\u00f6lt\u00f6zik? 2023 Meg\u00e9lhet\u00e9si k\u00f6lts\u00e9gek \u00e9s k\u00f6lt\u00f6z\u00e9si tippek\">Szlov\u00e1kia<\/a>, <a href=\"https:\/\/moverdb.com\/hu\/moving-to-spain\/\" data-internallinksmanager029f6b8e52c=\"266\" title=\"Spanyolorsz\u00e1gba k\u00f6lt\u00f6zik? 2023 \u00c9letk\u00f6lts\u00e9gek \u00e9s k\u00f6lt\u00f6z\u00e9si tippek\">Spanyolorsz\u00e1g<\/a>, <a href=\"https:\/\/moverdb.com\/hu\/moving-to-switzerland\/\" data-internallinksmanager029f6b8e52c=\"327\" title=\"Sv\u00e1jcba k\u00f6lt\u00f6zik? 2023 Meg\u00e9lhet\u00e9si k\u00f6lts\u00e9gek \u00e9s k\u00f6lt\u00f6z\u00e9si tippek\">Sv\u00e1jc<\/a> \u00e9s a <a href=\"https:\/\/moverdb.com\/hu\/nemzetkozi-koltoztetes\/\">Egyes\u00fclt Kir\u00e1lys\u00e1g<\/a>, \u00e9s Eur\u00f3p\u00e1n k\u00edv\u00fcl a <a href=\"https:\/\/moverdb.com\/hu\/moving-to-the-united-states\/\" data-internallinksmanager029f6b8e52c=\"94\" title=\"Az Egyes\u00fclt \u00c1llamokba k\u00f6lt\u00f6zik? 2022 Meg\u00e9lhet\u00e9si k\u00f6lts\u00e9gek \u00e9s k\u00f6lt\u00f6z\u00e9si tippek\">Egyes\u00fclt \u00c1llamok<\/a>, <a href=\"https:\/\/moverdb.com\/hu\/moving-to-australia\/living-in-australia\/\" data-internallinksmanager029f6b8e52c=\"240\" title=\"21 Titkok az Ausztr\u00e1li\u00e1ban \u00e9l\u0151kr\u0151l, hogy tudd, miel\u0151tt elk\u00f6lt\u00f6z\u00f6l\">Ausztr\u00e1lia<\/a>, az Orosz F\u00f6der\u00e1ci\u00f3 \u00e9s <a href=\"https:\/\/moverdb.com\/hu\/moving-to-china\/\" data-internallinksmanager029f6b8e52c=\"357\" title=\"K\u00edn\u00e1ba k\u00f6lt\u00f6zik? 2023 Meg\u00e9lhet\u00e9si k\u00f6lts\u00e9gek \u00e9s k\u00f6lt\u00f6z\u00e9si tippek\">K\u00edna<\/a>.<\/li>\n<li>  Az Euromovers k\u00f6lt\u00f6ztet\u00e9si szolg\u00e1ltat\u00e1sokat ny\u00fajt, nem kereskedelmi sz\u00f6vets\u00e9g.<\/li>\n<li>  Az Euromovers h\u00e1l\u00f3zat minden t\u00e1rsult partnere r\u00e9szt vesz az id\u0151szakos ellen\u0151rz\u00e9seken \u00e9s fel\u00fclvizsg\u00e1latokon, hogy biztos\u00edtsa a meg\u00e1llap\u00edtott szabv\u00e1nyoknak val\u00f3 megfelel\u00e9st.<\/li>\n<li>  Az Euromovers tagja a <a href=\"https:\/\/moverdb.com\/hu\/en-vagyok\/\">K\u00f6lt\u00f6ztet\u0151k Nemzetk\u00f6zi Sz\u00f6vets\u00e9ge<\/a> \u00e9s rendelkezik ISO 9001 (min\u0151s\u00e9gir\u00e1ny\u00edt\u00e1si szolg\u00e1ltat\u00e1sok), ISO 14001 (k\u00f6rnyezetir\u00e1ny\u00edt\u00e1si rendszerek), ISO 27001 (inform\u00e1ci\u00f3biztons\u00e1gi rendszerek) min\u0151s\u00e9gi tan\u00fas\u00edtv\u00e1nyokkal.<\/li>\n<\/ol>\n<p><strong>Az Eur\u00f3pai Mozg\u00f3s\u00edt\u00f3i Partners\u00e9g profilja:<\/strong><\/p>\n<p>Az Euromovers aj\u00e1nlatai <a href=\"https:\/\/moverdb.com\/hu\/nemzetkozi-koltoztetes\/\">Eur\u00f3pai k\u00f6lt\u00f6ztet\u00e9sek \u00e9s tengerent\u00fali k\u00f6lt\u00f6ztet\u00e9sek<\/a> 70 tagj\u00e1n kereszt\u00fcl, akik Eur\u00f3pa k\u00fcl\u00f6nb\u00f6z\u0151 orsz\u00e1gaiban \u00e9s t\u00e1gabb \u00e9rtelemben vett helysz\u00edneken, p\u00e9ld\u00e1ul K\u00edn\u00e1ban \u00e9s Oroszorsz\u00e1gban \u00e9lnek. <\/p>\n<p>A c\u00e9g h\u00e1zt\u00f3l h\u00e1zig tart\u00f3 k\u00f6lt\u00f6z\u00e9si \u00e9s k\u00f6lt\u00f6ztet\u00e9si szolg\u00e1ltat\u00e1sokat ny\u00fajt v\u00e1llalkoz\u00e1sok \u00e9s mag\u00e1nszem\u00e9lyek sz\u00e1m\u00e1ra, t\u00e1rol\u00e1si megold\u00e1sokat, v\u00e1llalati megold\u00e1sokat \u00e9s k\u00e9pz\u0151m\u0171v\u00e9szeti term\u00e9kek sz\u00e1ll\u00edt\u00e1s\u00e1t. Az Euromovers alapj\u00e1t k\u00e9pez\u0151 k\u00f6lcs\u00f6n\u00f6s partners\u00e9g seg\u00edti a v\u00e1llalkoz\u00e1st abban, hogy megval\u00f3s\u00edtsa az integr\u00e1lt k\u00f6lt\u00f6ztet\u00e9ssel kapcsolatos elk\u00e9pzel\u00e9s\u00e9t b\u00e1rmely glob\u00e1lis c\u00e9l\u00e1llom\u00e1sra.<\/p>\n<p><strong>A tags\u00e1g krit\u00e9riumai:<\/strong><\/p>\n<p>A tags\u00e1gi krit\u00e9riumokkal kapcsolatban az interneten nem tal\u00e1lhat\u00f3k r\u00e9szletek.<\/p>\n<p><strong>Minta tagv\u00e1llalatok<\/strong><\/p>\n<ul>\n<li> <a href=\"https:\/\/moverdb.com\/hu\/atlas-van-lines-international\/\">Atlas Van Lines<\/a><\/li>\n<\/ul>\n<p><strong>V\u00e9lem\u00e9nyek az Eur\u00f3pai Mozg\u00e1st\u00e1mogat\u00f3i Partners\u00e9gr\u0151l<\/strong><\/p>\n<p>A European Mover Partnership a saj\u00e1t weboldal\u00e1n k\u00edv\u00fcl m\u00e1shol nem szerepel az interneten. Van egy m\u00e1sik, hasonl\u00f3 nev\u0171 szervezet is - Euro Movers International LLC, amelynek sz\u00e9khelye <a href=\"https:\/\/moverdb.com\/hu\/moving-to-dubai\/\" data-internallinksmanager029f6b8e52c=\"246\" title=\"K\u00f6lt\u00f6z\u00e9s Dubaiba? 2023 Lakhat\u00e1si k\u00f6lts\u00e9gek \u00e9s k\u00f6lt\u00f6z\u00e9si tippek\">Dubai<\/a>, de nem tagja a csoportnak. <\/p>\n<p>A Dubai Euromovers fogadja <a href=\"http:\/\/www.complaintsboard.com\/complaints\/euro-movers-dubai-c431198.html\" target=\"_blank\" rel=\"noopener\">nagyon negat\u00edv v\u00e9lem\u00e9nyek<\/a>.<\/p>\n<p><strong>Weboldal:<\/strong> <a href=\"http:\/\/www.euromovers.com\/\" target=\"_blank\" rel=\"noopener\">http:\/\/www.euromovers.com\/<\/a><\/p>","protected":false},"excerpt":{"rendered":"<p>Euromovers is based in Luxembourg and is made up of a number of leading international moving companies who have formed a network on the basis of shared standards, vision and direction. The group offers moving services that are better provided because of its network of connected companies. Key facts about Euromovers: Euromovers is a network [&hellip;]<\/p>\n","protected":false},"author":1,"featured_media":0,"parent":0,"menu_order":0,"comment_status":"closed","ping_status":"closed","template":"","meta":{"_genesis_hide_title":false,"_genesis_hide_breadcrumbs":false,"_genesis_hide_singular_image":false,"_genesis_hide_footer_widgets":false,"_genesis_custom_body_class":"","_genesis_custom_post_class":"","_genesis_layout":"","footnotes":""},"class_list":{"0":"post-442","1":"page","2":"type-page","3":"status-publish","5":"entry"},"_links":{"self":[{"href":"https:\/\/moverdb.com\/hu\/wp-json\/wp\/v2\/pages\/442","targetHints":{"allow":["GET"]}}],"collection":[{"href":"https:\/\/moverdb.com\/hu\/wp-json\/wp\/v2\/pages"}],"about":[{"href":"https:\/\/moverdb.com\/hu\/wp-json\/wp\/v2\/types\/page"}],"author":[{"embeddable":true,"href":"https:\/\/moverdb.com\/hu\/wp-json\/wp\/v2\/users\/1"}],"replies":[{"embeddable":true,"href":"https:\/\/moverdb.com\/hu\/wp-json\/wp\/v2\/comments?post=442"}],"version-history":[{"count":5,"href":"https:\/\/moverdb.com\/hu\/wp-json\/wp\/v2\/pages\/442\/revisions"}],"predecessor-version":[{"id":6203,"href":"https:\/\/moverdb.com\/hu\/wp-json\/wp\/v2\/pages\/442\/revisions\/6203"}],"wp:attachment":[{"href":"https:\/\/moverdb.com\/hu\/wp-json\/wp\/v2\/media?parent=442"}],"curies":[{"name":"wp","href":"https:\/\/api.w.org\/{rel}","templated":true}]}}