{"id":441,"date":"2016-06-18T21:28:02","date_gmt":"2016-06-18T21:28:02","guid":{"rendered":"http:\/\/moverdb.com\/?page_id=441"},"modified":"2026-01-08T15:30:43","modified_gmt":"2026-01-08T15:30:43","slug":"employee-relocation-council","status":"publish","type":"page","link":"https:\/\/moverdb.com\/hu\/employee-relocation-council\/","title":{"rendered":"A vil\u00e1gm\u00e9ret\u0171 munkav\u00e1llal\u00f3i \u00e1thelyez\u00e9si tan\u00e1cs (ERC) magyar\u00e1zata"},"content":{"rendered":"<p>A Worldwide Employee Relocation Council (ERC) a munkaer\u0151-mobilit\u00e1si sz\u00f6vets\u00e9gk\u00e9nt hat\u00e1rozza meg mag\u00e1t azon szakemberek sz\u00e1m\u00e1ra, akik fel\u00fcgyelik, ir\u00e1ny\u00edtj\u00e1k vagy t\u00e1mogatj\u00e1k az amerikai belf\u00f6ldi \u00e9s nemzetk\u00f6zi munkav\u00e1llal\u00f3i \u00e1thelyez\u00e9seket. <\/p>\n<p>C\u00e9lja, hogy seg\u00edtse a tagokat - akik sz\u00e1mos szakm\u00e1b\u00f3l, t\u00f6bbek k\u00f6z\u00f6tt a HR, az ingatlan\u00fcgyek \u00e9s a hadsereg ter\u00fclet\u00e9r\u0151l \u00e9rkeznek - a munkaer\u0151 mobilit\u00e1s kih\u00edv\u00e1sainak kezel\u00e9s\u00e9ben.<\/p>\n<p><strong>F\u0151bb t\u00e9nyek az ERC-r\u0151l:<\/strong><\/p>\n<ol>\n<li>  Az ERC tagjai a legk\u00fcl\u00f6nb\u00f6z\u0151bb szakm\u00e1kb\u00f3l \u00e9rkeznek, t\u00f6bbek k\u00f6z\u00f6tt a HR, toborz\u00e1s, korm\u00e1nyzat, katonas\u00e1g, ingatlan\u00fcgyek, p\u00e9nz\u00fcgyi szolg\u00e1ltat\u00e1sok, k\u00f6lt\u00f6ztet\u00e9s, tan\u00e1csad\u00e1s \u00e9s tan\u00e1csad\u00e1s ter\u00fclet\u00e9r\u0151l.<\/li>\n<li>  Az ERC hat\u00e1sk\u00f6re a k\u00f6lt\u00f6ztet\u00e9ssel foglalkoz\u00f3 szakemberek probl\u00e9m\u00e1ira \u00e9s ir\u00e1ny\u00edt\u00e1si gyakorlat\u00e1ra terjed ki a k\u00f6vetkez\u0151 ter\u00fcleteken <a href=\"https:\/\/moverdb.com\/hu\/moving-to-the-united-states\/\" data-internallinksmanager029f6b8e52c=\"94\" title=\"Az Egyes\u00fclt \u00c1llamokba k\u00f6lt\u00f6zik? 2022 Meg\u00e9lhet\u00e9si k\u00f6lts\u00e9gek \u00e9s k\u00f6lt\u00f6z\u00e9si tippek\">Egyes\u00fclt \u00c1llamok<\/a> \u00e9s minden m\u00e1s orsz\u00e1g k\u00f6z\u00f6tt.<\/li>\n<li>  Az ERC sz\u00e9khelye <a href=\"https:\/\/moverdb.com\/hu\/moving-to-washington-dc\/\">Washington, DC,<\/a> br\u00fcsszeli eur\u00f3pai irod\u00e1val, <a href=\"https:\/\/moverdb.com\/hu\/moving-to-belgium\/\" data-internallinksmanager029f6b8e52c=\"323\" title=\"Belgiumba k\u00f6lt\u00f6zik? 2023 Meg\u00e9lhet\u00e9si k\u00f6lts\u00e9gek \u00e9s k\u00f6lt\u00f6z\u00e9si tippek\">Belgium<\/a>.<\/li>\n<li>  Az ERC olyan akkredit\u00e1ci\u00f3kat k\u00edn\u00e1l, mint a Certified Relocation Professional \u00e9s a Global Mobility Specialist.<\/li>\n<li>  K\u00fcl\u00f6nb\u00f6z\u0151 tags\u00e1gi kateg\u00f3ri\u00e1k \u00e1llnak rendelkez\u00e9sre, k\u00f6zt\u00fck a v\u00e1llalati tags\u00e1g (f\u0151k\u00e9nt h\u00e1zon bel\u00fcli szakemberek), a mobilit\u00e1si szolg\u00e1ltat\u00e1si tags\u00e1g (munkaer\u0151-mobilit\u00e1ssal foglalkoz\u00f3 v\u00e1llalkoz\u00e1sok sz\u00e1m\u00e1ra), a szem\u00e9lyes\/szakmai (PERC\u2122) tags\u00e1g (az inform\u00e1ci\u00f3t keres\u0151k, p\u00e9ld\u00e1ul egyetemi oktat\u00f3k \u00e9s \u00e1ll\u00e1skeres\u0151k), a k\u00f6lt\u00f6z\u00e9si \u00e9rt\u00e9kbecsl\u0151, az ingatlank\u00f6zvet\u00edt\u0151 \u00e9s a k\u00f6lt\u00f6z\u00e9si menedzsment c\u00e9g.<\/li>\n<li>  2005-ben az ERC-nek t\u00f6bb mint 12 000 tagja volt (a rendelkez\u00e9sre \u00e1ll\u00f3 legfrissebb statisztik\u00e1k szerint).<\/li>\n<\/ol>\n<p><strong>A Worldwide Employee Relocation Council profilja:<\/strong><\/p>\n<p>Az ERC sz\u00e1mos funkci\u00f3t l\u00e1t el, t\u00f6bbek k\u00f6z\u00f6tt lobbitev\u00e9kenys\u00e9get folytat a tagok \u00e9rdek\u00e9ben, k\u00e9pz\u00e9st \u00e9s oktat\u00e1st biztos\u00edt, valamint lehet\u0151s\u00e9get ad a h\u00e1l\u00f3zat\u00e9p\u00edt\u00e9sre. Emellett r\u00e9szt vesz az \u00e1gazati szabv\u00e1nyos\u00edt\u00e1s \u00e9s a konszenzus kialak\u00edt\u00e1s\u00e1nak el\u0151seg\u00edt\u00e9s\u00e9ben, valamint az \u00faj munkam\u00f3dszerek \u00e9s elektronikus megold\u00e1sok kidolgoz\u00e1s\u00e1ban. <\/p>\n<p>Amellett, hogy az ERC tagjainak \u00e9rdek\u00e9ben \u00e9s azokkal egy\u00fctt j\u00e1r el, arr\u00f3l is ismert\u00e9 v\u00e1lt, hogy felm\u00e9r\u00e9seken kereszt\u00fcl sz\u00e1mos adatot gy\u0171jt, t\u00f6bbek k\u00f6z\u00f6tt elemzi a v\u00e1rosok alkalmass\u00e1g\u00e1t az \u00fajonnan \u00e1ttelep\u00fcl\u0151 csal\u00e1dok sz\u00e1m\u00e1ra. Az ERC a munkaer\u0151-mobilit\u00e1s ter\u00e9n tekint\u00e9lynek sz\u00e1m\u00edt.<\/p>\n<p><strong>A tags\u00e1g krit\u00e9riumai:<\/strong><\/p>\n<p>A tags\u00e1gi felt\u00e9telek nem szerepelnek a honlapon.<\/p>\n<p><strong>Az ERC vil\u00e1gm\u00e9ret\u0171 tagjainak list\u00e1ja <a href=\"https:\/\/moverdb.com\/hu\/moving-companies\/\" data-internallinksmanager029f6b8e52c=\"79\" title=\"Top 25 nemzetk\u00f6zi k\u00f6lt\u00f6ztet\u0151 c\u00e9gek online\">K\u00f6lt\u00f6ztet\u0151 c\u00e9gek<\/a><\/strong><\/p>\n<ul>\n<li> <a href=\"https:\/\/moverdb.com\/hu\/aires\/\">Aires<\/a><\/li>\n<li> <a href=\"https:\/\/moverdb.com\/hu\/armstrong-relocation\/\">Armstrong \u00e1thelyez\u00e9s<\/a><\/li>\n<li> <a href=\"https:\/\/moverdb.com\/hu\/arpin-international\/\">Arpin International<\/a><\/li>\n<li> <a href=\"https:\/\/moverdb.com\/hu\/atlas-van-lines-international\/\">Atlas Van Lines<\/a><\/li>\n<li> <a href=\"https:\/\/moverdb.com\/hu\/santa-fe-relocation\/\">Santa Fe k\u00f6lt\u00f6ztet\u00e9si szolg\u00e1ltat\u00e1sok<\/a><\/li>\n<li> <a href=\"https:\/\/moverdb.com\/hu\/sterling-relocation\/\">Sterling \u00e1thelyez\u00e9s<\/a><\/li>\n<li> <a href=\"https:\/\/moverdb.com\/hu\/arpin-van-lines\/\">Arpin Van Lines<\/a><\/li>\n<li> <a href=\"https:\/\/moverdb.com\/hu\/suddath\/\">Suddath<\/a><\/li>\n<li> <a href=\"https:\/\/moverdb.com\/hu\/dt-moving\/\">DT Moving<\/a><\/li>\n<li> <a href=\"https:\/\/moverdb.com\/hu\/btr-international\/\">BTR International<\/a><\/li>\n<p><a href=\"https:\/\/moverdb.com\/hu\/packimpex\/\">Packimpex<\/a>\n<\/ul>\n<p><strong>V\u00e9lem\u00e9nyek az ERC-r\u0151l<\/strong><\/p>\n<p>Az ERC nem sok weboldalon jelenik meg. Ahol megeml\u00edtik, az gyakran a hozz\u00e1 kapcsol\u00f3d\u00f3 szervezetek, p\u00e9ld\u00e1ul a Nagy-tavak \u00c1ttelep\u00edt\u00e9si Tan\u00e1cs\u00e1nak (Great Lakes Relocation Council) kontextus\u00e1ban t\u00f6rt\u00e9nik.<\/p>\n<blockquote><p>Az \u00e1thelyez\u00e9si piac ig\u00e9nyeinek kiel\u00e9g\u00edt\u00e9s\u00e9re, \u00e9s \u00edgy a munkav\u00e1llal\u00f3k z\u00f6kken\u0151mentes indul\u00e1s\u00e1hoz az \u00faj \u00e9letszakaszukban, hat szem\u00e9ly alap\u00edtotta meg 1964-ben a Worldwide Employee Relocation Council (ERC) el\u0151dj\u00e9t a <a href=\"https:\/\/moverdb.com\/hu\/koltozes-chicagoba\/\">Chicago<\/a>.<\/p><\/blockquote>\n<p>- <a href=\"http:\/\/start-up-services.de\/en\/company-profile-relocation-service\/relocation-associations\/worldwide-employee-relocation-council\/\" target=\"_blank\" rel=\"noopener\">Ind\u00edt\u00e1si szolg\u00e1ltat\u00e1sok<\/a><\/p>\n<p><strong>Weboldal:<\/strong> <a href=\"http:\/\/www.worldwideerc.org\/Pages\/index.aspx\" target=\"_blank\" rel=\"noopener\">http:\/\/www.worldwideerc.org\/Pages\/index.aspx<\/a><\/p>","protected":false},"excerpt":{"rendered":"<p>The Worldwide Employee Relocation Council (ERC) describes itself as the workforce mobility association for professionals who oversee, manage, or support U.S. domestic and international employee transfer. Its purpose is to help members &#8211; who come from a range of professions, including HR, real estate and military &#8211; to deal with the challenges of workforce mobility. [&hellip;]<\/p>\n","protected":false},"author":1,"featured_media":0,"parent":0,"menu_order":0,"comment_status":"closed","ping_status":"closed","template":"","meta":{"_genesis_hide_title":false,"_genesis_hide_breadcrumbs":false,"_genesis_hide_singular_image":false,"_genesis_hide_footer_widgets":false,"_genesis_custom_body_class":"","_genesis_custom_post_class":"","_genesis_layout":"","footnotes":""},"class_list":{"0":"post-441","1":"page","2":"type-page","3":"status-publish","5":"entry"},"_links":{"self":[{"href":"https:\/\/moverdb.com\/hu\/wp-json\/wp\/v2\/pages\/441","targetHints":{"allow":["GET"]}}],"collection":[{"href":"https:\/\/moverdb.com\/hu\/wp-json\/wp\/v2\/pages"}],"about":[{"href":"https:\/\/moverdb.com\/hu\/wp-json\/wp\/v2\/types\/page"}],"author":[{"embeddable":true,"href":"https:\/\/moverdb.com\/hu\/wp-json\/wp\/v2\/users\/1"}],"replies":[{"embeddable":true,"href":"https:\/\/moverdb.com\/hu\/wp-json\/wp\/v2\/comments?post=441"}],"version-history":[{"count":15,"href":"https:\/\/moverdb.com\/hu\/wp-json\/wp\/v2\/pages\/441\/revisions"}],"predecessor-version":[{"id":6255,"href":"https:\/\/moverdb.com\/hu\/wp-json\/wp\/v2\/pages\/441\/revisions\/6255"}],"wp:attachment":[{"href":"https:\/\/moverdb.com\/hu\/wp-json\/wp\/v2\/media?parent=441"}],"curies":[{"name":"wp","href":"https:\/\/api.w.org\/{rel}","templated":true}]}}