{"id":440,"date":"2016-06-12T19:59:07","date_gmt":"2016-06-12T19:59:07","guid":{"rendered":"http:\/\/moverdb.com\/?page_id=440"},"modified":"2026-01-08T13:19:01","modified_gmt":"2026-01-08T13:19:01","slug":"iata","status":"publish","type":"page","link":"https:\/\/moverdb.com\/hu\/iata\/","title":{"rendered":"A Nemzetk\u00f6zi L\u00e9gi Sz\u00e1ll\u00edt\u00e1si Sz\u00f6vets\u00e9g (IATA) magyar\u00e1zata"},"content":{"rendered":"<p>A Nemzetk\u00f6zi L\u00e9gi Sz\u00e1ll\u00edt\u00e1si Sz\u00f6vets\u00e9g (IATA) a vil\u00e1g l\u00e9git\u00e1rsas\u00e1gainak glob\u00e1lis kereskedelmi sz\u00f6vets\u00e9ge. <\/p>\n<p>K\u00fcldet\u00e9se a tagok vezet\u00e9se \u00e9s szolg\u00e1lata, valamint \u00e9rdekeik k\u00e9pviselete a rep\u00fcl\u0151t\u00e9ri sz\u00e1ll\u00edt\u00e1si \u00e1gazat fellend\u00edt\u00e9se \u00e9rdek\u00e9ben.<\/p>\n<p><strong>F\u0151bb t\u00e9nyek az IATA-r\u00f3l:<\/strong><\/p>\n<ol>\n<li>  Ez mintegy 260 l\u00e9git\u00e1rsas\u00e1got vagy a teljes l\u00e9gi forgalom 83%-j\u00e9t jelenti.<\/li>\n<li>  Glob\u00e1lis hat\u00f3sug\u00e1rral rendelkezik.<\/li>\n<li>  Az IATA-tagok j\u00e1ratai a teljes forgalomb\u00f3l 83%-t k\u00e9pviselnek.<\/li>\n<li>  A szervezetet 1945 \u00e1prilis\u00e1ban alap\u00edtott\u00e1k a kubai Havann\u00e1ban.<\/li>\n<li>  Az 1945-\u00f6s megalakul\u00e1sakor 31 nemzet 57 tagja volt, f\u0151k\u00e9nt Eur\u00f3p\u00e1ban \u00e9s \u00c9szak-Amerik\u00e1ban. Ma m\u00e1r mintegy 260 tagja van 117 nemzetb\u0151l, a vil\u00e1g minden t\u00e1j\u00e1r\u00f3l.<\/li>\n<li>  A priorit\u00e1sok k\u00f6z\u00e9 tartozik a biztons\u00e1g, a v\u00e9delem, a k\u00f6rnyezetv\u00e9delem, a szolg\u00e1ltat\u00e1sok, az \u00fczlet egyszer\u0171s\u00edt\u00e9se \u00e9s az ipar\u00e1gon bel\u00fcli kapcsolatok ki\u00e9p\u00edt\u00e9s\u00e9nek el\u0151seg\u00edt\u00e9se.<\/li>\n<li>  Az IATA sz\u00e1ml\u00e1z\u00e1si \u00e9s elsz\u00e1mol\u00e1si terve az ipar\u00e1g p\u00e9nz\u00fcgyi gerinc\u00e9t k\u00e9pezi az\u00e1ltal, hogy kezeli az utaz\u00e1si irod\u00e1k \u00e1ltal a l\u00e9git\u00e1rsas\u00e1goknak \u00e9rt\u00e9kes\u00edtett jegyekb\u0151l sz\u00e1rmaz\u00f3, \u00e9vente t\u00f6bb mint $270 milli\u00e1rdos forgalmat.<\/li>\n<\/ol>\n<p><strong>A Nemzetk\u00f6zi L\u00e9gi Sz\u00e1ll\u00edt\u00e1si Sz\u00f6vets\u00e9g profilja:<\/strong><\/p>\n<p>Az IATA a l\u00e9git\u00e1rsas\u00e1gok vil\u00e1gszerte elismert szakmai sz\u00f6vets\u00e9ge, amely t\u00f6bb mint 50 \u00e9ve m\u0171k\u00f6dik. Tagjai k\u00f6z\u00e9 tartoznak mind a <a href=\"https:\/\/moverdb.com\/hu\/szallitmanyozo\/\">fuvaroz\u00e1s<\/a> \u00e9s utassz\u00e1ll\u00edt\u00f3kkal, \u00e9s a vil\u00e1g 53 orsz\u00e1g\u00e1ban van irod\u00e1ja. <\/p>\n<p>A l\u00e9gik\u00f6zleked\u00e9si ipar\u00e1ggal egy\u00fctt fejl\u0151d\u00f6tt, \u00e9s az \u00e1gazattal egy\u00fcttm\u0171k\u00f6dve seg\u00edt kidolgozni a szabv\u00e1nyokat, gyakorlatokat \u00e9s elj\u00e1r\u00e1sokat, hogy szab\u00e1lyozza azt, \u00e9s biztos\u00edtsa az \u00fcgyfelek sz\u00e1m\u00e1ra az egys\u00e9ges szolg\u00e1ltat\u00e1si sz\u00ednvonalat. Az IATA val\u00f3ban glob\u00e1lis szervezet, 260 tagja t\u00f6bb mint 117 nemzetb\u0151l sz\u00e1rmazik.<\/p>\n<p>A fogyaszt\u00f3v\u00e9delem mellett az IATA r\u00e9szt vesz a l\u00e9gik\u00f6zleked\u00e9si \u00e1gazat fenntarthat\u00f3bb\u00e1 t\u00e9tel\u00e9nek el\u0151seg\u00edt\u00e9s\u00e9ben is. A szervezet inform\u00e1ci\u00f3kat ny\u00fajt a l\u00e9git\u00e1rsas\u00e1gokr\u00f3l, sz\u00e1mos kiadv\u00e1nyt, valamint k\u00e9pz\u00e9si programokat \u00e9s akkredit\u00e1ci\u00f3t k\u00edn\u00e1l az utaz\u00e1si \u00e1gazatban dolgoz\u00f3k sz\u00e1m\u00e1ra. <\/p>\n<p>Emellett sz\u00e1mos p\u00e9nz\u00fcgyi szolg\u00e1ltat\u00e1st ny\u00fajt, p\u00e9ld\u00e1ul k\u00f6vetel\u00e9sbehajt\u00e1si szolg\u00e1ltat\u00e1st ny\u00fajt l\u00e9git\u00e1rsas\u00e1gok sz\u00e1m\u00e1ra.<\/p>\n<p><strong>A tags\u00e1g krit\u00e9riumai<\/strong><\/p>\n<p>A teljes jog\u00fa \u00e9s kiv\u00e1lts\u00e1gokkal j\u00e1r\u00f3 IATA-tags\u00e1g csak a k\u00f6vetkez\u0151k ut\u00e1n szerezhet\u0151 meg: IATA Operational Safety Audit (IOSA) regisztr\u00e1ci\u00f3, a tags\u00e1gi oszt\u00e1ly adminisztrat\u00edv fel\u00fclvizsg\u00e1lata, az \u00f6sszes jelentkez\u00e9si d\u00edj \u00e9s tagd\u00edj megfizet\u00e9se.<\/p>\n<p>Az IOSA sikeres elv\u00e9gz\u00e9se az IOSA-nyilv\u00e1ntart\u00e1sba val\u00f3 felv\u00e9telhez vezet. Egy l\u00e9git\u00e1rsas\u00e1gnak az IOSA-nyilv\u00e1ntart\u00e1sban kell szerepelnie, miel\u0151tt az IATA-tags\u00e1g j\u00f3v\u00e1hagyhat\u00f3 lenne.<\/p>\n<p>Ezt k\u00f6vet\u0151en egy p\u00e1ly\u00e1zati \u0171rlapot kell beny\u00fajtani a k\u00f6vetkez\u0151 igazol\u00f3 dokumentumokkal egy\u00fctt:<\/p>\n<ul>\n<li> A legal\u00e1bb hat h\u00f3napig \u00e9rv\u00e9nyes \u00fczemben tart\u00e1si enged\u00e9ly (AOC) hiteles\u00edtett m\u00e1solata, a kibocs\u00e1t\u00f3 hat\u00f3s\u00e1g (nem k\u00f6zjegyz\u0151) eredeti b\u00e9lyegz\u0151j\u00e9vel, d\u00e1tum\u00e1val \u00e9s al\u00e1\u00edr\u00e1s\u00e1val, valamint adott esetben a lajstromoz\u00e1s szerinti \u00e1llam \u00e1ltal kiadott \u00fczemeltet\u00e9si el\u0151\u00edr\u00e1sokkal egy\u00fctt.<\/li>\n<li> A megfelel\u0151 hat\u00f3s\u00e1gn\u00e1l, pl. a kereskedelmi kamar\u00e1n\u00e1l vagy azzal egyen\u00e9rt\u00e9k\u0171 szervn\u00e9l ki\u00e1ll\u00edtott nyilv\u00e1ntart\u00e1sba v\u00e9teli igazol\u00e1s hiteles\u00edtett m\u00e1solata. A k\u00f6zjegyz\u0151 \u00e1ltal t\u00f6rt\u00e9n\u0151 hiteles\u00edt\u00e9s elfogadhat\u00f3.<\/li>\n<li> A k\u00e9relmez\u0151 l\u00e9git\u00e1rsas\u00e1g audit\u00e1lt p\u00e9nz\u00fcgyi kimutat\u00e1sai, \u00e9s ha a t\u00f6bbs\u00e9gi tulajdonosa egy m\u00e1sik v\u00e1llalat (bele\u00e9rtve az \u00e1llami tulajdonban l\u00e9v\u0151 v\u00e1llalatot is), a tulajdonos v\u00e1llalat p\u00e9nz\u00fcgyi kimutat\u00e1sai. Ezeket egy okleveles vagy \u00e1llami k\u00f6nyvvizsg\u00e1l\u00f3nak kell hiteles\u00edtenie. \u00daj l\u00e9git\u00e1rsas\u00e1gok eset\u00e9ben elfogadhat\u00f3 egy okleveles vagy k\u00f6zjegyz\u0151 \u00e1ltal k\u00e9sz\u00edtett \u00fczleti terv.<\/li>\n<li> A k\u00e9relmez\u0151 l\u00e9git\u00e1rsas\u00e1g \u00e9ves jelent\u00e9se, vagy a t\u00e1rsas\u00e1g alapszab\u00e1lya, amely bemutatja, hogy hogyan alakult, vagy a l\u00e9git\u00e1rsas\u00e1g profilja.<\/li>\n<li> \u00c9rv\u00e9nyes, legal\u00e1bb hat h\u00f3napig \u00e9rv\u00e9nyes biztos\u00edt\u00e1si bizony\u00edtv\u00e1nyok, amelyek tartalmazz\u00e1k a l\u00e9gi j\u00e1rm\u0171 t\u00edpus\u00e1t, az egyes l\u00e9gi j\u00e1rm\u0171vek lajstromsz\u00e1m\u00e1t \u00e9s a lajstromoz\u00f3 hat\u00f3s\u00e1g adatait.<\/li>\n<li> Az el\u0151z\u0151 k\u00e9t \u00e9v forgalmi statisztik\u00e1i. Ez a k\u00f6vetelm\u00e9ny nem vonatkozik az \u00faj l\u00e9git\u00e1rsas\u00e1gokra.<\/li>\n<li> K\u00f6zz\u00e9tett menetrend\/menetrend, ha a l\u00e9git\u00e1rsas\u00e1g menetrend szerinti j\u00e1ratokat \u00fczemeltet. Nem menetrend szerinti j\u00e1ratok eset\u00e9ben a c\u00e9l\u00e1llom\u00e1sok list\u00e1j\u00e1t kell megadni.<\/li>\n<\/ul>\n<p><strong>IATA-tagok list\u00e1ja <a href=\"https:\/\/moverdb.com\/hu\/moving-companies\/\" data-internallinksmanager029f6b8e52c=\"79\" title=\"Top 25 nemzetk\u00f6zi k\u00f6lt\u00f6ztet\u0151 c\u00e9gek online\">K\u00f6lt\u00f6ztet\u0151 c\u00e9gek<\/a><\/strong><\/p>\n<ul>\n<li> <a href=\"https:\/\/moverdb.com\/hu\/armstrong-relocation\/\">Armstrong \u00e1thelyez\u00e9s<\/a><\/li>\n<li> <a href=\"https:\/\/moverdb.com\/hu\/atlas-van-lines-international\/\">Atlas Van Lines<\/a><\/li>\n<li> <a href=\"https:\/\/moverdb.com\/hu\/suddath\/\">Suddath<\/a><\/li>\n<li> <a href=\"https:\/\/moverdb.com\/hu\/nippon-express\/\">Nippon Express<\/a><\/li>\n<li> <a href=\"https:\/\/moverdb.com\/hu\/bolliger\/\">Bolliger<\/a><\/li>\n<\/ul>\n<p><strong>V\u00e9lem\u00e9nyek a Nemzetk\u00f6zi L\u00e9gi Sz\u00e1ll\u00edt\u00e1si Sz\u00f6vets\u00e9gr\u0151l<\/strong><\/p>\n<p>Az IATA a legt\u00f6bb nagy l\u00e9git\u00e1rsas\u00e1g honlapj\u00e1n megjelenik (gyakran egy azonos\u00edt\u00f3 IATA-k\u00f3don kereszt\u00fcl), \u00e9s saj\u00e1t Wikip\u00e9dia-oldallal is rendelkezik. <\/p>\n<p>Szakmai sz\u00f6vets\u00e9gk\u00e9nt nyilv\u00e1nval\u00f3 a jelent\u0151s\u00e9ge, ahogyan az is, hogy r\u00e9szt vett a l\u00e9git\u00e1rsas\u00e1gi \u00e1gazat bizonyos ipari szabv\u00e1nyainak kidolgoz\u00e1s\u00e1ban. Gyakran hangoztatott t\u00e9ny, hogy tagjai a vil\u00e1g menetrend szerinti l\u00e9giforgalm\u00e1nak t\u00f6bb mint 90%-\u00e9rt felel\u0151sek. <\/p>\n<p>A l\u00e9gik\u00f6zleked\u00e9si \u00e1gazatr\u00f3l sz\u00f3l\u00f3 online cikkek gyakran eml\u00edtik az IATA-t \u00e9s r\u00e9szv\u00e9tel\u00e9t a kulcsfontoss\u00e1g\u00fa k\u00e9rd\u00e9sek eld\u00f6nt\u00e9s\u00e9ben \u00e9s fontos javaslatok megt\u00e9tel\u00e9ben, p\u00e9ld\u00e1ul a fej feletti csomagtart\u00f3kba sz\u00e1nt poggy\u00e1szok m\u00e9ret\u00e9nek szab\u00e1lyoz\u00e1s\u00e1ban. <\/p>\n<p>Az IATA-t sz\u00e1mos kontextusban eml\u00edtik, a projektmenedzsment partners\u00e9gt\u0151l kezdve az uni\u00f3s szab\u00e1lyoz\u00e1sig. Az IATA-t eml\u00edt\u0151 h\u00edrad\u00e1sok gyakoris\u00e1g\u00e1t \u00e9s terjedelm\u00e9t tekintve egy\u00e9rtelm\u0171en akt\u00edv \u00e9s kiemelked\u0151 szakmai sz\u00f6vets\u00e9gr\u0151l van sz\u00f3.<\/p>\n<p><strong>Weboldal:<\/strong> <a href=\"http:\/\/www.iata.org\/Pages\/default.aspx\" target=\"_blank\" rel=\"noopener\">http:\/\/www.iata.org\/Pages\/default.aspx<\/a><\/p>","protected":false},"excerpt":{"rendered":"<p>The International Air Transport Association (IATA) is the global trade association for the world&#8217;s airlines. Its mission is to lead and serve its members, as well as to represent their interests in a way that boosts the airport transport industry. Key facts about IATA: It represents around 260 airlines or 83% of total air traffic. [&hellip;]<\/p>\n","protected":false},"author":1,"featured_media":0,"parent":0,"menu_order":0,"comment_status":"closed","ping_status":"closed","template":"","meta":{"_genesis_hide_title":false,"_genesis_hide_breadcrumbs":false,"_genesis_hide_singular_image":false,"_genesis_hide_footer_widgets":false,"_genesis_custom_body_class":"","_genesis_custom_post_class":"","_genesis_layout":"","footnotes":""},"class_list":{"0":"post-440","1":"page","2":"type-page","3":"status-publish","5":"entry"},"_links":{"self":[{"href":"https:\/\/moverdb.com\/hu\/wp-json\/wp\/v2\/pages\/440","targetHints":{"allow":["GET"]}}],"collection":[{"href":"https:\/\/moverdb.com\/hu\/wp-json\/wp\/v2\/pages"}],"about":[{"href":"https:\/\/moverdb.com\/hu\/wp-json\/wp\/v2\/types\/page"}],"author":[{"embeddable":true,"href":"https:\/\/moverdb.com\/hu\/wp-json\/wp\/v2\/users\/1"}],"replies":[{"embeddable":true,"href":"https:\/\/moverdb.com\/hu\/wp-json\/wp\/v2\/comments?post=440"}],"version-history":[{"count":10,"href":"https:\/\/moverdb.com\/hu\/wp-json\/wp\/v2\/pages\/440\/revisions"}],"predecessor-version":[{"id":13161,"href":"https:\/\/moverdb.com\/hu\/wp-json\/wp\/v2\/pages\/440\/revisions\/13161"}],"wp:attachment":[{"href":"https:\/\/moverdb.com\/hu\/wp-json\/wp\/v2\/media?parent=440"}],"curies":[{"name":"wp","href":"https:\/\/api.w.org\/{rel}","templated":true}]}}