{"id":439,"date":"2016-06-12T19:46:10","date_gmt":"2016-06-12T19:46:10","guid":{"rendered":"http:\/\/moverdb.com\/?page_id=439"},"modified":"2026-01-08T14:40:02","modified_gmt":"2026-01-08T14:40:02","slug":"lacma","status":"publish","type":"page","link":"https:\/\/moverdb.com\/hu\/lacma\/","title":{"rendered":"Latin-amerikai \u00e9s Karibi Nemzetk\u00f6zi K\u00f6lt\u00f6ztet\u0151k Sz\u00f6vets\u00e9ge (LACMA)"},"content":{"rendered":"<p>A Latin-Amerikai \u00e9s Karibi Nemzetk\u00f6zi K\u00f6lt\u00f6ztet\u0151k Sz\u00f6vets\u00e9ge (LACIMA) k\u00f6lt\u00f6ztet\u0151 \u00e9s k\u00f6lt\u00f6ztet\u0151 c\u00e9gek gy\u0171jtem\u00e9ny\u00e9t k\u00e9pviseli, azzal a c\u00e9llal, hogy \u00f6szt\u00f6n\u00f6zze a helyi sz\u00e9khely\u0171 v\u00e1llalkoz\u00e1sok, valamint a vil\u00e1g m\u00e1s r\u00e9szein m\u0171k\u00f6d\u0151 v\u00e1llalkoz\u00e1sok integr\u00e1ci\u00f3j\u00e1t.<\/p>\n<p><strong>F\u0151bb t\u00e9nyek a LACMA-r\u00f3l:<\/strong><\/p>\n<ol>a<\/p>\n<li>  A LACMA tags\u00e1ga nyitott a latin-amerikai \u00e9s a vil\u00e1g t\u00f6bbi r\u00e9sz\u00e9b\u0151l \u00e9rkez\u0151 k\u00f6lt\u00f6ztet\u0151 \u00e9s k\u00f6lt\u00f6ztet\u0151 c\u00e9gek sz\u00e1m\u00e1ra.<\/li>\n<li>  Ez a latin-amerikai sz\u00f6vets\u00e9g k\u00e9pviselteti mag\u00e1t a <a href=\"https:\/\/moverdb.com\/hu\/fidi-faim\/\">FIDI<\/a>.<\/li>\n<li>  A sz\u00e9khelye <a href=\"https:\/\/moverdb.com\/hu\/moving-to-panama\/\" data-internallinksmanager029f6b8e52c=\"432\" title=\"Panam\u00e1ba k\u00f6lt\u00f6zik? 2023 Lakhat\u00e1si k\u00f6lts\u00e9gek \u00e9s k\u00f6lt\u00f6z\u00e9si tippek\">Panama<\/a>.<\/li>\n<li>  K\u00f6zvet\u00edt\u0151k\u00e9nt j\u00e1r el a tagok k\u00f6z\u00f6tt, illetve a tagok \u00e9s az egyes\u00fclethez nem k\u00f6t\u0151d\u0151 szem\u00e9lyek k\u00f6z\u00f6tt esetlegesen felmer\u00fcl\u0151 konfliktusok eset\u00e9n.<\/li>\n<li>  Nem k\u00f6veteli meg, hogy tagjaik <a href=\"https:\/\/moverdb.com\/hu\/fidi-faim\/\" data-internallinksmanager029f6b8e52c=\"16\" title=\"FIDI &amp; FAIM (FIDI akkredit\u00e1lt nemzetk\u00f6zi fuvaroz\u00f3) magyar\u00e1zata\">FIDI<\/a> a LACMA fenntartja f\u00fcggetlen csatlakoz\u00e1si krit\u00e9riumait.<\/li>\n<li>  A LACMA saj\u00e1t k\u00e9pz\u00e9si int\u00e9zm\u00e9nnyel rendelkezik, amely helysz\u00edni \u00e9s virtu\u00e1lis szemin\u00e1riumokat tart, bele\u00e9rtve a Packers oktat\u00f3k sz\u00e1m\u00e1ra szervezett tanfolyamot is.<\/li>\n<li>  Fizet\u00e9si garanciaprogramot k\u00edn\u00e1l, amely forr\u00e1st biztos\u00edt a tagok sz\u00e1m\u00e1ra, akik a sz\u00f6vets\u00e9gen bel\u00fcl m\u00e1s tagokt\u00f3l szeretn\u00e9k behajtani a lej\u00e1rt \u00f6sszegeket.<\/li>\n<li>  A LACMA tags\u00e1g lehet akt\u00edv (latin-amerikai vagy karibi v\u00e1llalkoz\u00e1sok, amelyek akt\u00edvan foglalkoznak nemzetk\u00f6zi k\u00f6lt\u00f6ztet\u00e9ssel \u00e9s csomagol\u00e1ssal, saj\u00e1t szem\u00e9lyzettel, sz\u00e1ll\u00edt\u00e1ssal \u00e9s rakt\u00e1roz\u00e1si lehet\u0151s\u00e9gekkel), t\u00e1rsult (Latin-Amerik\u00e1n \u00e9s a Karib-t\u00e9rs\u00e9gen k\u00edv\u00fcli v\u00e1llalkoz\u00e1sok, amelyek nemzetk\u00f6zi k\u00f6lt\u00f6ztet\u00e9ssel \u00e9s csomagol\u00e1ssal foglalkoznak) vagy kieg\u00e9sz\u00edt\u0151 (olyan c\u00e9gek, amelyek hasznos \u00e1rukat \u00e9s szolg\u00e1ltat\u00e1sokat ny\u00fajtanak a tagoknak).<\/li>\n<li>  A szervezet szerint: \"A FIDI Latin-Amerika 53 v\u00e1llalatot k\u00e9pvisel (FIDI-LACMA \u00e9s FIDI-Non LACMA) a r\u00e9gi\u00f3nkban.<\/li>\n<\/ol>\n<p><strong>Latin-Amerikai \u00e9s Karibi Nemzetk\u00f6zi K\u00f6lt\u00f6ztet\u0151k Sz\u00f6vets\u00e9g\u00e9nek profilja<\/strong><\/p>\n<p>A LACMA-t az\u00e9rt hozt\u00e1k l\u00e9tre, hogy k\u00e9pviselje tagjai \u00e9rdekeit, valamint meghat\u00e1rozza \u00e9s fenntartsa az ipar\u00e1g szolg\u00e1ltat\u00e1si sz\u00ednvonal\u00e1t. <\/p>\n<p>Ez a FIDI latin-amerikai szervezete, \u00e9s ez bizonyos hiteless\u00e9get k\u00f6lcs\u00f6n\u00f6z neki, mivel a FIDI elismeri, hogy a r\u00e9gi\u00f3 FIDI-tagv\u00e1llalatainak \u00e9rdekeit k\u00e9pviseli. <\/p>\n<p>A LACMA t\u00f6bbf\u00e9le tags\u00e1got k\u00edn\u00e1l, k\u00f6zt\u00fck az akt\u00edv \u00e9s a t\u00e1rsult tags\u00e1got. A tagok sz\u00e1m\u00e1ra e-learning, inform\u00e1ci\u00f3k \u00e9s szemin\u00e1riumok sz\u00e9les sk\u00e1l\u00e1j\u00e1t k\u00edn\u00e1lja a tud\u00e1s \u00e9s az \u00fczleti hat\u00e9konys\u00e1g jav\u00edt\u00e1sa \u00e9rdek\u00e9ben - a LACMA K\u00e9pz\u00e9si Int\u00e9zet 1992-ben alakult a tagok jobb k\u00e9pz\u00e9se c\u00e9lj\u00e1b\u00f3l. <\/p>\n<p>A tagok bizonyos v\u00e9delmet is \u00e9lveznek, mint p\u00e9ld\u00e1ul a fizet\u00e9si garanciaprogram - amelynek c\u00e9lja, hogy seg\u00edtsen a m\u00e1s tagok \u00e1ltal fizetett \u00f6sszegek behajt\u00e1s\u00e1ban - \u00e9s a LACMA S.O.S. program, amely humanit\u00e1rius seg\u00edts\u00e9get ny\u00fajt a vil\u00e1gnak ezt a r\u00e9sz\u00e9t gyakran s\u00fajt\u00f3 term\u00e9szeti katasztr\u00f3f\u00e1k s\u00fajtotta tagoknak.<\/p>\n<p><strong>A tags\u00e1g krit\u00e9riumai:<\/strong><\/p>\n<p><u>Akt\u00edv tagok<\/u><\/p>\n<ul>\n<li> T\u00f6ltse ki a tags\u00e1gi k\u00e9relmet a LACMA hivatalos \u0171rlapj\u00e1n, \u00e9s adja meg a k\u00e9rt inform\u00e1ci\u00f3kat, v\u00e1llalja, hogy betartja a LACMA alapszab\u00e1ly\u00e1t \u00e9s szab\u00e1lyzat\u00e1t, etikai k\u00f3dex\u00e9t \u00e9s a LACMA igazgat\u00f3tan\u00e1csa \u00e1ltal meghat\u00e1rozott hat\u00e1rozatokat.<\/li>\n<li> \u00d6t (5) LACMA akt\u00edv tag szponzor\u00e1l\u00e1sa.<\/li>\n<li> Adja meg az elm\u00falt k\u00e9t \u00e9v p\u00e9nz\u00fcgyi kimutat\u00e1sait, a hozz\u00e1juk tartoz\u00f3 megjegyz\u00e9sekkel egy\u00fctt.<\/li>\n<li> Adja meg a t\u00e1rsas\u00e1gi alapokm\u00e1nyt a v\u00e1llalat (sz\u00fcks\u00e9ges legal\u00e1bb n\u00e9gy \u00e9ves m\u0171k\u00f6d\u00e9s a <a href=\"https:\/\/moverdb.com\/hu\/koltozteto-cegek\/\">nemzetk\u00f6zi k\u00f6lt\u00f6z\u00e9s<\/a> ipar).<\/li>\n<li> Fizesse be a felv\u00e9teli d\u00edjat, a PGP beiktat\u00e1si d\u00edjat, a PGP \u00e9s a LACMA \u00e9ves tags\u00e1gi d\u00edj\u00e1t, miut\u00e1n a jelentkez\u00e9si folyamat lez\u00e1rult \u00e9s a k\u00e9relmet j\u00f3v\u00e1hagyt\u00e1k.<\/li>\n<\/ul>\n<p><u>T\u00e1rsult tagok<\/u><\/p>\n<ul>\n<li> T\u00f6ltse ki a tags\u00e1gi k\u00e9relmet a LACMA hivatalos \u0171rlapj\u00e1n, \u00e9s adja meg a k\u00e9rt inform\u00e1ci\u00f3kat, v\u00e1llalja, hogy betartja a LACMA alapszab\u00e1ly\u00e1t \u00e9s szab\u00e1lyzat\u00e1t, etikai k\u00f3dex\u00e9t \u00e9s a LACMA igazgat\u00f3tan\u00e1csa \u00e1ltal meghat\u00e1rozott hat\u00e1rozatokat.<\/li>\n<li> \u00d6t (5) LACMA akt\u00edv \u00e9s\/vagy t\u00e1rsult tag szponzor\u00e1l\u00e1sa, amelyek k\u00f6z\u00fcl legal\u00e1bb kett\u0151 t\u00e1rsult tag.<\/li>\n<li> Adja meg az elm\u00falt k\u00e9t \u00e9v p\u00e9nz\u00fcgyi kimutat\u00e1sait, a hozz\u00e1juk tartoz\u00f3 megjegyz\u00e9sekkel egy\u00fctt.<\/li>\n<li> Adja meg a v\u00e1llalat v\u00e1llalati chart\u00e1j\u00e1t (legal\u00e1bb n\u00e9gy\u00e9ves m\u0171k\u00f6d\u00e9s sz\u00fcks\u00e9ges az intl. mozg\u00f3iparban).<\/li>\n<li> Fizesse be a felv\u00e9teli d\u00edjat, a PGP beiktat\u00e1si d\u00edjat, a PGP \u00e9s a LACMA \u00e9ves tags\u00e1gi d\u00edj\u00e1t, miut\u00e1n a jelentkez\u00e9si folyamat lez\u00e1rult \u00e9s a k\u00e9relmet j\u00f3v\u00e1hagyt\u00e1k.<\/li>\n<\/ul>\n<p><u>Adjunktus tagok<\/u><\/p>\n<ul>\n<li> T\u00f6ltse ki a tags\u00e1gi k\u00e9relmet a LACMA hivatalos \u0171rlapj\u00e1n, \u00e9s adja meg a k\u00e9rt inform\u00e1ci\u00f3kat, v\u00e1llalja, hogy betartja a LACMA alapszab\u00e1ly\u00e1t \u00e9s szab\u00e1lyzat\u00e1t, etikai k\u00f3dex\u00e9t \u00e9s a LACMA igazgat\u00f3tan\u00e1csa \u00e1ltal meghat\u00e1rozott hat\u00e1rozatokat.<\/li>\n<li> (2) LACMA akt\u00edv \u00e9s\/vagy t\u00e1rsult tag szponzor\u00e1l\u00e1sa.<\/li>\n<li> Fizesse be a felv\u00e9teli d\u00edjat \u00e9s a LACMA-tags\u00e1g \u00e9ves d\u00edj\u00e1t, amint a jelentkez\u00e9si folyamat lez\u00e1rult \u00e9s a k\u00e9relmet j\u00f3v\u00e1hagyt\u00e1k. Az id\u00e9zett d\u00edjak\u00e9rt k\u00e9rj\u00fck, forduljon a LACMA titk\u00e1rs\u00e1g\u00e1hoz.<\/li>\n<li> Bizony\u00edtsa, hogy a k\u00edn\u00e1lt term\u00e9ket vagy szolg\u00e1ltat\u00e1st legal\u00e1bb egy \u00e9ve forgalmazz\u00e1k.<\/li>\n<\/ul>\n<p><strong>Minta tagv\u00e1llalatok<\/strong><\/p>\n<ul>\n<li> <a href=\"https:\/\/moverdb.com\/hu\/aires\/\">Aires<\/a><\/li>\n<li> <a href=\"https:\/\/moverdb.com\/hu\/arpin-international\/\">Arpin International<\/a><\/li>\n<li> <a href=\"https:\/\/moverdb.com\/hu\/atlas-van-lines-international\/\">Atlas Van Lines<\/a><\/li>\n<li> <a href=\"https:\/\/moverdb.com\/hu\/santa-fe-relocation\/\">Santa Fe k\u00f6lt\u00f6ztet\u00e9si szolg\u00e1ltat\u00e1sok<\/a><\/li>\n<li> <a href=\"https:\/\/moverdb.com\/hu\/sterling-relocation\/\">Sterling \u00e1thelyez\u00e9s<\/a><\/li>\n<li> <a href=\"https:\/\/moverdb.com\/hu\/stevens-worldwide-van-lines\/\">Stevens Worldwide Van Lines<\/a><\/li>\n<li> <a href=\"https:\/\/moverdb.com\/hu\/amj-campbell-van-lines\/\">AMJ Campbell Van Lines<\/a><\/li>\n<li> <a href=\"https:\/\/moverdb.com\/hu\/suddath\/\">Suddath<\/a><\/li>\n<li> <a href=\"https:\/\/moverdb.com\/hu\/dt-moving\/\">DT Moving<\/a><\/li>\n<li> <a href=\"https:\/\/moverdb.com\/hu\/john-mason\/\">John Mason nemzetk\u00f6zi k\u00f6lt\u00f6ztet\u0151k<\/a><\/li>\n<li> <a href=\"https:\/\/moverdb.com\/hu\/mudanzas-gou\/\">Mudanzas Gou<\/a><\/li>\n<li> <a href=\"https:\/\/moverdb.com\/hu\/gil-stauffer\/\">Gil Stauffer<\/a><\/li>\n<\/ul>\n<p><strong>V\u00e9lem\u00e9nyek a LACMA-r\u00f3l:<\/strong><\/p>\n<p>Az online inform\u00e1ci\u00f3k szerint a LACMA tagjai a latin-amerikai \u00e9s karibi r\u00e9gi\u00f3ba ir\u00e1nyul\u00f3 \u00e9s onnan kiindul\u00f3 k\u00f6lt\u00f6z\u00e9sek 90%-j\u00e9t bonyol\u00edtj\u00e1k le. A szervezet az egyik legjelent\u0151sebb <a href=\"https:\/\/moverdb.com\/hu\/szervezetek-szovetsegek\/\">nemzetk\u00f6zi k\u00f6lt\u00f6ztet\u0151 \u00e9s sz\u00e1ll\u00edtm\u00e1nyoz\u00f3 szervezetek<\/a>.<\/p>\n<p>A k\u00f6lt\u00f6ztet\u0151k a LACMA-t a szakmais\u00e1g \u00e9s a f\u00f6ldrajzi lefedetts\u00e9g sz\u00ednvonal\u00e1nak biztos\u00edt\u00e1sa kapcs\u00e1n eml\u00edtik az \u00fcgyfelek megnyugtat\u00e1s\u00e1ra. Tagjai a vil\u00e1g legjobb k\u00f6lt\u00f6ztet\u0151i k\u00f6z\u00e9 tartoznak, \u00e9s az online inform\u00e1ci\u00f3k szerint a tags\u00e1g a k\u00f6vetkez\u0151 ter\u00fcleteket k\u00e9pviseli: <em>\"Eur\u00f3pa 31%, The <a href=\"https:\/\/moverdb.com\/hu\/moving-to-the-united-states\/\" data-internallinksmanager029f6b8e52c=\"94\" title=\"Az Egyes\u00fclt \u00c1llamokba k\u00f6lt\u00f6zik? 2022 Meg\u00e9lhet\u00e9si k\u00f6lts\u00e9gek \u00e9s k\u00f6lt\u00f6z\u00e9si tippek\">Egyes\u00fclt \u00c1llamok<\/a> &amp; <a href=\"https:\/\/moverdb.com\/hu\/moving-to-canada\/\" data-internallinksmanager029f6b8e52c=\"265\" title=\"K\u00f6lt\u00f6z\u00e9s Kanad\u00e1ba? 2023 \u00c9letk\u00f6lts\u00e9gek \u00e9s k\u00f6lt\u00f6z\u00e9si tippek\">Kanada<\/a> 26%, Latin-Amerika \u00e9s a Karib-t\u00e9rs\u00e9g 28% \u00e9s <a href=\"https:\/\/moverdb.com\/hu\/moving-to-australia\/living-in-australia\/\" data-internallinksmanager029f6b8e52c=\"240\" title=\"21 Titkok az Ausztr\u00e1li\u00e1ban \u00e9l\u0151kr\u0151l, hogy tudd, miel\u0151tt elk\u00f6lt\u00f6z\u00f6l\">Ausztr\u00e1lia<\/a>, K\u00f6zel-Kelet \u00e9s T\u00e1vol-Kelet 15%.\"<\/em> <\/p>\n<p>Azok a mozgat\u00f3k, akik a LACMA-t is felt\u00fcntetik a honlapjukon, gyakran a r\u00e9gi\u00f3n k\u00edv\u00fclr\u0151l \u00e9rkeznek, de a szervezethez val\u00f3 csatlakoz\u00e1ssal demonstr\u00e1lj\u00e1k glob\u00e1lis el\u00e9r\u00e9s\u00fcket.<\/p>\n<blockquote><p>A LACMA a legjobb latin-amerikai \u00e9s karibi nemzetk\u00f6zi k\u00f6lt\u00f6ztet\u0151kb\u0151l \u00e1ll\u00f3 sz\u00f6vets\u00e9g, amely a r\u00e9gi\u00f3ba ir\u00e1nyul\u00f3 \u00e9s onnan indul\u00f3 k\u00f6lt\u00f6z\u00e9sek t\u00f6bb mint 90 sz\u00e1zal\u00e9k\u00e1t bonyol\u00edtja.<\/p><\/blockquote>\n<p>- <a href=\"http:\/\/www.brytor.ca\/memberships.php\" target=\"_blank\" rel=\"noopener\">Brytor Nemzetk\u00f6zi K\u00f6lt\u00f6ztet\u00e9s<\/a><\/p>\n<blockquote><p>A LACMA az az egyes\u00fclet, amely a legjobb 260 <a href=\"https:\/\/moverdb.com\/hu\/moving-companies\/\" data-internallinksmanager029f6b8e52c=\"79\" title=\"Top 25 nemzetk\u00f6zi k\u00f6lt\u00f6ztet\u0151 c\u00e9gek online\">k\u00f6lt\u00f6ztet\u0151 c\u00e9gek<\/a> a vil\u00e1g minden t\u00e1j\u00e1r\u00f3l, f\u0151k\u00e9nt Latin-Amerik\u00e1b\u00f3l \u00e9s a Karib-t\u00e9rs\u00e9gb\u0151l. Preszt\u00edzs\u00fcknek k\u00f6sz\u00f6nhet\u0151en a Latin-Amerik\u00e1ban bonyol\u00edtott import \u00e9s export 90%-j\u00e9t gener\u00e1lj\u00e1k.<\/p><\/blockquote>\n<p>- <a href=\"http:\/\/miglobal.com\/miglobal.com\/httpdocs\/affiliations.html\" target=\"_blank\" rel=\"noopener\">Mudanzas Internacionales Global<\/a><\/p>\n<p><strong>Weboldal:<\/strong> <a href=\"http:\/\/www.lacmassoc.org\/\" target=\"_blank\" rel=\"noopener\">http:\/\/www.lacmassoc.org\/<\/a><\/p>","protected":false},"excerpt":{"rendered":"<p>The Latin American and Caribbean International Movers Association (LACIMA) represents a collection of moving and relocation companies with a view to encouraging integration of locally based businesses, as well as others across the world. Key facts about LACMA: a Membership of LACMA is open to moving and relocation companies from Latin America and the rest [&hellip;]<\/p>\n","protected":false},"author":1,"featured_media":0,"parent":0,"menu_order":0,"comment_status":"closed","ping_status":"closed","template":"","meta":{"_genesis_hide_title":false,"_genesis_hide_breadcrumbs":false,"_genesis_hide_singular_image":false,"_genesis_hide_footer_widgets":false,"_genesis_custom_body_class":"","_genesis_custom_post_class":"","_genesis_layout":"","footnotes":""},"class_list":{"0":"post-439","1":"page","2":"type-page","3":"status-publish","5":"entry"},"_links":{"self":[{"href":"https:\/\/moverdb.com\/hu\/wp-json\/wp\/v2\/pages\/439","targetHints":{"allow":["GET"]}}],"collection":[{"href":"https:\/\/moverdb.com\/hu\/wp-json\/wp\/v2\/pages"}],"about":[{"href":"https:\/\/moverdb.com\/hu\/wp-json\/wp\/v2\/types\/page"}],"author":[{"embeddable":true,"href":"https:\/\/moverdb.com\/hu\/wp-json\/wp\/v2\/users\/1"}],"replies":[{"embeddable":true,"href":"https:\/\/moverdb.com\/hu\/wp-json\/wp\/v2\/comments?post=439"}],"version-history":[{"count":21,"href":"https:\/\/moverdb.com\/hu\/wp-json\/wp\/v2\/pages\/439\/revisions"}],"predecessor-version":[{"id":13169,"href":"https:\/\/moverdb.com\/hu\/wp-json\/wp\/v2\/pages\/439\/revisions\/13169"}],"wp:attachment":[{"href":"https:\/\/moverdb.com\/hu\/wp-json\/wp\/v2\/media?parent=439"}],"curies":[{"name":"wp","href":"https:\/\/api.w.org\/{rel}","templated":true}]}}