{"id":438,"date":"2016-06-12T15:34:55","date_gmt":"2016-06-12T15:34:55","guid":{"rendered":"http:\/\/moverdb.com\/?page_id=438"},"modified":"2026-01-08T15:20:25","modified_gmt":"2026-01-08T15:20:25","slug":"ncbfaa","status":"publish","type":"page","link":"https:\/\/moverdb.com\/hu\/ncbfaa\/","title":{"rendered":"Amerikai V\u00e1m\u00fcgyn\u00f6k\u00f6k \u00e9s Sz\u00e1ll\u00edtm\u00e1nyoz\u00f3k Nemzeti Sz\u00f6vets\u00e9ge (NCBFAA)"},"content":{"rendered":"<p>A National Customs Brokers &amp; Forwarders Association of America (NCBFAA) az amerikai sz\u00e1ll\u00edt\u00e1si logisztikai ipar\u00e1g hangja. <\/p>\n<p>Ez egy olyan szervezet, amely folyamatosan azon dolgozik, hogy jogi \u00e9s szab\u00e1lyoz\u00e1si szinten k\u00e9pviselje tagjait \u00e9s az \u00e1gazatot.<\/p>\n<p><strong>F\u0151bb t\u00e9nyek az NCBFAA-r\u00f3l:<\/strong><\/p>\n<ol>\n<li>  Az NCBFAA t\u00f6bb mint 970 tagv\u00e1llalatot k\u00e9pvisel, amelyek 110 000 alkalmazottat foglalkoztatnak a nemzetk\u00f6zi kereskedelemben.<\/li>\n<li>  Az NCBFAA-t 1897-ben alap\u00edtott\u00e1k a <a href=\"https:\/\/moverdb.com\/hu\/moving-to-nyc\/\">New York<\/a>.<\/li>\n<li>  Az NCBFAA tagjai a k\u00f6vetkez\u0151k <a href=\"https:\/\/moverdb.com\/hu\/szallitmanyozo\/\">sz\u00e1ll\u00edtm\u00e1nyoz\u00f3k<\/a>, v\u00e1m\u00fcgyn\u00f6k\u00f6k, tengeri sz\u00e1ll\u00edt\u00e1si k\u00f6zvet\u00edt\u0151k, NVOCC-k \u00e9s l\u00e9gi \u00e1rufuvaroz\u00f3k, akik t\u00f6bb mint 250 000 import\u0151rt \u00e9s export\u0151rt szolg\u00e1lnak ki.<\/li>\n<li>  Az NCBFAA tags\u00e1ga - a t\u00e1rsult tags\u00e1gon k\u00edv\u00fcl - kiz\u00e1r\u00f3lag amerikai v\u00e1llalkoz\u00e1sokb\u00f3l \u00e1ll.<\/li>\n<li>  Az NCBFAA-nak t\u00f6bb f\u0151 tags\u00e1gi t\u00edpusa van: (enged\u00e9llyel rendelkez\u0151 v\u00e1m\u00fcgyn\u00f6k\u00f6k, enged\u00e9llyel rendelkez\u0151 tengeri sz\u00e1ll\u00edtm\u00e1nyoz\u00f3k, nemzetk\u00f6zi l\u00e9gi \u00e1rufuvaroz\u00f3k \u00e9s nem haj\u00f3kat \u00fczemeltet\u0151 k\u00f6z\u00f6s fuvaroz\u00f3k Amerik\u00e1ban), t\u00e1rsult tagok (sz\u00e1ll\u00edt\u00e1ssal kapcsolatos szolg\u00e1ltat\u00e1sok, nemzetk\u00f6zi \u00fczleti szolg\u00e1ltat\u00e1sok vagy a nemzetk\u00f6zi kereskedelemben bet\u00f6lt\u00f6tt funkci\u00f3khoz kapcsol\u00f3d\u00f3 term\u00e9kek besz\u00e1ll\u00edt\u00f3i vagy elad\u00f3i), t\u00e1rsult tagok (v\u00e1m\u00fcgyn\u00f6k\u00f6k \u00e9s\/vagy nemzetk\u00f6zi sz\u00e1ll\u00edtm\u00e1nyoz\u00f3k), t\u00e1rsult tagok (v\u00e1m\u00fcgyn\u00f6k\u00f6k \u00e9s\/vagy nemzetk\u00f6zi sz\u00e1ll\u00edtm\u00e1nyoz\u00f3k). <a href=\"https:\/\/moverdb.com\/hu\/freight-forwarder\/\" data-internallinksmanager029f6b8e52c=\"17\" title=\"Sz\u00e1ll\u00edtm\u00e1nyoz\u00f3 \u00e9s NVOCC nemzetk\u00f6zi k\u00f6lts\u00e9g \u00e9s c\u00e9gek \u00fatmutat\u00f3ja\">sz\u00e1ll\u00edtm\u00e1nyoz\u00f3<\/a> Amerik\u00e1n k\u00edv\u00fcli lak\u00f3hellyel).<\/li>\n<li>  Az NCBFAA sz\u00e9khelye <a href=\"https:\/\/moverdb.com\/hu\/moving-to-washington-dc\/\">Washington<\/a>.<\/li>\n<li>  Az NCBFAA f\u0151 szerepe a tagokat \u00e9rint\u0151 jogalkot\u00e1si \u00e9s szab\u00e1lyoz\u00e1si k\u00e9rd\u00e9sek szoros figyelemmel k\u00eds\u00e9r\u00e9se - \u00e9s a tagok t\u00e1j\u00e9koztat\u00e1sa ezekr\u0151l a k\u00e9rd\u00e9sekr\u0151l.<\/li>\n<li>  Az NCBFAA az ipar\u00e1g hat\u00e9kony nemzeti hangad\u00f3j\u00e1nak tekinti mag\u00e1t.<\/li>\n<\/ol>\n<p><strong>Az Amerikai V\u00e1m\u00fcgyn\u00f6k\u00f6k \u00e9s Sz\u00e1ll\u00edtm\u00e1nyoz\u00f3k Nemzeti Sz\u00f6vets\u00e9ge profilja<\/strong><\/p>\n<p>Az NCBFAA nagy szerepet j\u00e1tszik az amerikai logisztikai ipar\u00e1g tagjainak k\u00e9pviselet\u00e9ben. R\u00e9szt vett az ipar\u00e1gat \u00e9rint\u0151 k\u00e9rd\u00e9sekr\u0151l, p\u00e9ld\u00e1ul a v\u00e1mjogszab\u00e1lyokr\u00f3l sz\u00f3l\u00f3 vit\u00e1kban, \u00e9s lobbizott a kongresszusban a tagok jogainak \u00e9s \u00e9rdekeinek \u00e9rv\u00e9nyes\u00edt\u00e9se \u00e9s v\u00e9delme \u00e9rdek\u00e9ben. <\/p>\n<p>Az NCBFAA egykor Baltimore-i V\u00e1m\u00fcgyn\u00f6k\u00f6k \u00e9s Sz\u00e1ll\u00edtm\u00e1nyoz\u00f3k Sz\u00f6vets\u00e9ge n\u00e9ven m\u0171k\u00f6d\u00f6tt, \u00e9s az ipar\u00e1gi szervezetk\u00e9nt indult, amely a v\u00e1m\u00fcgyn\u00f6k\u00f6k \u00e9s sz\u00e1ll\u00edtm\u00e1nyoz\u00f3k n\u00e9pszer\u0171s\u00edt\u00e9s\u00e9t \u00e9s oktat\u00e1s\u00e1t szolg\u00e1lta. <a href=\"https:\/\/moverdb.com\/hu\/top-49-container-ports\/\" data-internallinksmanager029f6b8e52c=\"80\" title=\"Top 49 legnagyobb \u00e9s legforgalmasabb kont\u00e9nerkik\u00f6t\u0151 2025-ben\">Port<\/a> Baltimore-ban. <\/p>\n<p>A szervezet 1983-ban v\u00e1ltozott NCBFAA-v\u00e1, \"hogy jobban t\u00fckr\u00f6zze az \u00faj \u00e9s sz\u00e9lesebb k\u00f6r\u0171 tev\u00e9kenys\u00e9gi k\u00f6rt\". Az NCBFAA egy nonprofit szervezet, amelynek c\u00e9lja, hogy a tagok \u00e9rdekeit - \u00e9s c\u00e9ljaik \u00e9rv\u00e9nyes\u00edt\u00e9s\u00e9t - mind a fogyaszt\u00f3i piacon, mind a korm\u00e1nyzat sz\u00edv\u00e9ben el\u0151mozd\u00edtsa.<\/p>\n<p><strong>A tags\u00e1g krit\u00e9riumai:<\/strong><\/p>\n<p>Az NCBFAA alapszab\u00e1lya szerint minden rendes tags\u00e1gra p\u00e1ly\u00e1z\u00f3nak: <\/p>\n<blockquote><p>... az egyik rendes tag ind\u00edtv\u00e1nyozza, \u00e9s egy m\u00e1sik rendes tag t\u00e1mogatja az erre a c\u00e9lra rendszeres\u00edtett formanyomtatv\u00e1nyon, amely tartalmazza a k\u00e9relmez\u0151 nev\u00e9t, c\u00edm\u00e9t \u00e9s foglalkoz\u00e1s\u00e1t, valamint a k\u00e9relmet el\u0151terjeszt\u0151 \u00e9s t\u00e1mogat\u00f3 rendes tagok nev\u00e9t. A k\u00e9relmet el\u0151terjeszt\u0151 \u00e9s t\u00e1mogat\u00f3 tagok k\u00f6teless\u00e9ge, hogy a k\u00e9relmez\u0151 rangj\u00e1ra \u00e9s jellem\u00e9re vonatkoz\u00f3 inform\u00e1ci\u00f3kat szolg\u00e1ltassanak.<\/p><\/blockquote>\n<p>A tagd\u00edjat be kell fizetni, ki kell t\u00f6lteni egy \u0171rlapot, \u00e9s a potenci\u00e1lis tagoknak igazolniuk kell, hogy a tags\u00e1gi kateg\u00f3ri\u00e1k valamelyik\u00e9be tartoznak, p\u00e9ld\u00e1ul.<\/p>\n<ul>\n<li> V\u00e1m\u00fcgyn\u00f6k - V\u00e1m\u00fcgyn\u00f6ki enged\u00e9ly sz\u00e1ma<\/li>\n<li> OTI - FMC enged\u00e9lysz\u00e1m<\/li>\n<li> Nemzetk\u00f6zi l\u00e9gi sz\u00e1ll\u00edtm\u00e1nyoz\u00f3\/l\u00e9gi tehersz\u00e1ll\u00edt\u00e1si \u00fcgyn\u00f6k: CNS\/<a href=\"https:\/\/moverdb.com\/hu\/iata\/\">IATA<\/a> Nyilv\u00e1ntart\u00e1si sz\u00e1m<\/li>\n<li> NVOCC: FMC k\u00f6tv\u00e9nysz\u00e1m<\/li>\n<\/ul>\n<p><strong>V\u00e9lem\u00e9nyek az NCBFAA-r\u00f3l<\/strong><\/p>\n<p>Az NCBFAA-t az egyes v\u00e1llalkoz\u00e1sok honlapjain nem eml\u00edtik t\u00fal gyakran. Azonban gyakrabban id\u00e9zik, mint inform\u00e1ci\u00f3s forr\u00e1st \u00e9s a sz\u00e1ll\u00edtm\u00e1nyoz\u00f3kr\u00f3l \u00e9s a sz\u00e1ll\u00edtm\u00e1nyoz\u00f3k sz\u00e1m\u00e1ra hasznos adatok forr\u00e1s\u00e1t. <\/p>\n<p>Sz\u00e1mos olyan weboldal is tal\u00e1lhat\u00f3, ahol az NCBFAA \u00e1ltal kidolgozott szabv\u00e1nyos felt\u00e9telek jelennek meg - azzal a megjegyz\u00e9ssel, hogy ezeket a tagok rendelkez\u00e9s\u00e9re bocs\u00e1tott\u00e1k, \u00e9s az NCBFAA nem v\u00e1llal jogi felel\u0151ss\u00e9get \u00e9rt\u00fck. <\/p>\n<p>Ez azt jelzi, hogy az egyes\u00fclet a tagoknak dokumentumadatb\u00e1zist, valamint t\u00e1j\u00e9koztat\u00e1st \u00e9s tan\u00e1csad\u00e1st k\u00edn\u00e1l. Az \u00e9ves konferencia szint\u00e9n egy\u00e9rtelm\u0171en kiemelked\u0151 esem\u00e9ny, \u00e9s a honlapon is eml\u00edt\u00e9st kap. <a href=\"https:\/\/www.cbp.gov\/newsroom\/speeches-and-statements\/2016-04-20-000000\/commissioner-kerlikowske%E2%80%99s-remarks-national\" target=\"_blank\" rel=\"noopener\">Az Egyes\u00fclt \u00c1llamok v\u00e1m- \u00e9s hat\u00e1rv\u00e9delmi honlapja<\/a>.<\/p>\n<blockquote><p>Az NCBFAA az ipar\u00e1g hat\u00e9kony nemzeti hangja. K\u00fcl\u00f6nb\u00f6z\u0151 bizotts\u00e1gai, tan\u00e1csad\u00f3i \u00e9s k\u00e9pvisel\u0151i r\u00e9v\u00e9n a sz\u00f6vets\u00e9g szorosan figyelemmel k\u00eds\u00e9ri a tagjait \u00e9rint\u0151 jogalkot\u00e1si \u00e9s szab\u00e1lyoz\u00e1si k\u00e9rd\u00e9seket.<\/p><\/blockquote>\n<p>- <a href=\"http:\/\/www.shipuwl.com\/member-of-national-customs-brokers-forwarders-association-of-america-inc-ncbfaa\/\" target=\"_blank\" rel=\"noopener\">UWL<\/a><\/p>\n<blockquote><p>Az \u00fcgyn\u00f6ks\u00e9g figyelemmel k\u00eds\u00e9ri a tagjait \u00e9rint\u0151 jogalkot\u00e1si \u00e9s szab\u00e1lyoz\u00e1si k\u00e9rd\u00e9seket...<\/p><\/blockquote>\n<p>- <a href=\"http:\/\/www.bdpinternational.com\/news-advisories-events\/trend-watch\/bdp-international-joins-the-national-customs-brokers-forwarders-association-of-america-inc\/\" target=\"_blank\" rel=\"noopener\">BDP International<\/a><\/p>\n<p><strong>Tudjon meg t\u00f6bbet:<\/strong> <a href=\"https:\/\/moverdb.com\/hu\/szallitmanyozo\/\">Sz\u00e1ll\u00edtm\u00e1nyoz\u00f3 \u00e9s NVOCC nemzetk\u00f6zi k\u00f6lts\u00e9g \u00e9s c\u00e9gek \u00fatmutat\u00f3ja<\/a> <\/p>\n<p><strong>Weboldal:<\/strong> <a href=\"http:\/\/www.ncbfaa.org\/\" target=\"_blank\" rel=\"noopener\">http:\/\/www.ncbfaa.org\/<\/a><\/p>","protected":false},"excerpt":{"rendered":"<p>The National Customs Brokers &#038; Forwarders Association of America (NCBFAA) is viewed as the voice of the transportation logistics industry in America. It is an organisation that constantly works to represent its members and sector, on a legal and regulatory level. Key facts about NCBFAA: The NCBFAA represents more than 970 member companies, with 110,000 [&hellip;]<\/p>\n","protected":false},"author":1,"featured_media":0,"parent":0,"menu_order":0,"comment_status":"closed","ping_status":"closed","template":"","meta":{"_genesis_hide_title":false,"_genesis_hide_breadcrumbs":false,"_genesis_hide_singular_image":false,"_genesis_hide_footer_widgets":false,"_genesis_custom_body_class":"","_genesis_custom_post_class":"","_genesis_layout":"","footnotes":""},"class_list":{"0":"post-438","1":"page","2":"type-page","3":"status-publish","5":"entry"},"_links":{"self":[{"href":"https:\/\/moverdb.com\/hu\/wp-json\/wp\/v2\/pages\/438","targetHints":{"allow":["GET"]}}],"collection":[{"href":"https:\/\/moverdb.com\/hu\/wp-json\/wp\/v2\/pages"}],"about":[{"href":"https:\/\/moverdb.com\/hu\/wp-json\/wp\/v2\/types\/page"}],"author":[{"embeddable":true,"href":"https:\/\/moverdb.com\/hu\/wp-json\/wp\/v2\/users\/1"}],"replies":[{"embeddable":true,"href":"https:\/\/moverdb.com\/hu\/wp-json\/wp\/v2\/comments?post=438"}],"version-history":[{"count":8,"href":"https:\/\/moverdb.com\/hu\/wp-json\/wp\/v2\/pages\/438\/revisions"}],"predecessor-version":[{"id":6223,"href":"https:\/\/moverdb.com\/hu\/wp-json\/wp\/v2\/pages\/438\/revisions\/6223"}],"wp:attachment":[{"href":"https:\/\/moverdb.com\/hu\/wp-json\/wp\/v2\/media?parent=438"}],"curies":[{"name":"wp","href":"https:\/\/api.w.org\/{rel}","templated":true}]}}