{"id":437,"date":"2016-06-12T15:02:39","date_gmt":"2016-06-12T15:02:39","guid":{"rendered":"http:\/\/moverdb.com\/?page_id=437"},"modified":"2026-01-08T13:18:34","modified_gmt":"2026-01-08T13:18:34","slug":"hgfaa","status":"publish","type":"page","link":"https:\/\/moverdb.com\/hu\/hgfaa\/","title":{"rendered":"Az Amerikai H\u00e1ztart\u00e1si \u00c1ruk Sz\u00e1ll\u00edtm\u00e1nyoz\u00f3k Sz\u00f6vets\u00e9ge (HGFAA) magyar\u00e1zata"},"content":{"rendered":"<p>A Household Goods Forwarders Association of America (HGFAA) olyan k\u00f6lt\u00f6ztet\u0151k glob\u00e1lis sz\u00f6vets\u00e9gek\u00e9nt \u00edrja le mag\u00e1t, amelyek elk\u00f6telezettek amellett, hogy az \u00fcgyfelek a lehet\u0151 legjobb szolg\u00e1ltat\u00e1st kapj\u00e1k k\u00f6lt\u00f6z\u00e9s\u00fck sor\u00e1n. Ezt a szervezetet mostanra felv\u00e1ltotta a <a href=\"https:\/\/moverdb.com\/hu\/en-vagyok\/\">K\u00f6lt\u00f6ztet\u0151k Nemzetk\u00f6zi Sz\u00f6vets\u00e9ge<\/a> (<a href=\"https:\/\/moverdb.com\/hu\/iam\/\" data-internallinksmanager029f6b8e52c=\"23\" title=\"A K\u00f6lt\u00f6ztet\u0151k Nemzetk\u00f6zi Sz\u00f6vets\u00e9ge (IAM) magyar\u00e1zata\">IAM<\/a>), b\u00e1r t\u00f6bb k\u00f6lt\u00f6ztet\u0151 c\u00e9g m\u00e9g mindig szerepel a weboldal\u00e1n. <\/p>\n<p><strong>A HGFAA legfontosabb adatai:<\/strong><\/p>\n<ol>\n<li>  A HGFAA vil\u00e1gszerte t\u00f6bb mint 1800 v\u00e1llalatot sz\u00e1ml\u00e1l\u00f3 tags\u00e1ggal rendelkezik.<\/li>\n<li>  A HGFAA egy glob\u00e1lis szervezet, amelynek t\u00f6bb mint 160 orsz\u00e1gb\u00f3l \u00e9s ter\u00fcletr\u0151l vannak tagjai.<\/li>\n<li>  A Portal a sz\u00f6vets\u00e9g \u00e1gazati magazinja.<\/li>\n<li>  A sz\u00f6vets\u00e9g a k\u00f6lt\u00f6ztet\u0151ipart k\u00e9pviseli a <a href=\"https:\/\/moverdb.com\/hu\/moving-to-the-united-states\/\" data-internallinksmanager029f6b8e52c=\"94\" title=\"Az Egyes\u00fclt \u00c1llamokba k\u00f6lt\u00f6zik? 2022 Meg\u00e9lhet\u00e9si k\u00f6lts\u00e9gek \u00e9s k\u00f6lt\u00f6z\u00e9si tippek\">Egyes\u00fclt \u00c1llamok<\/a>.<\/li>\n<li>  A HGFAA ismert kommunik\u00e1ci\u00f3s h\u00e1l\u00f3zat\u00e1r\u00f3l \u00e9s k\u00e9pz\u00e9si l\u00e9tes\u00edtm\u00e9ny\u00e9r\u0151l.<\/li>\n<\/ol>\n<p><strong>Az Amerikai H\u00e1ztart\u00e1si \u00c1ruk Sz\u00e1ll\u00edtm\u00e1nyoz\u00f3k Sz\u00f6vets\u00e9ge profilja:<\/strong><\/p>\n<p>A HGFAA a fogyaszt\u00f3kra \u00f6sszpontos\u00edt, \u00e9s olyan megb\u00edzhat\u00f3 k\u00f6lt\u00f6ztet\u0151k adatb\u00e1zis\u00e1t biztos\u00edtja, akik a vil\u00e1g b\u00e1rmely pontj\u00e1n tudnak seg\u00edteni egy k\u00f6lt\u00f6z\u00e9s sor\u00e1n. Elk\u00f6telezett a magas szolg\u00e1ltat\u00e1si sz\u00ednvonal lehet\u0151v\u00e9 t\u00e9tele mellett, \u00e9s annak biztos\u00edt\u00e1sa mellett, hogy a fogyaszt\u00f3k minden olyan inform\u00e1ci\u00f3val rendelkezzenek, amelyre a k\u00f6lt\u00f6z\u00e9shez sz\u00fcks\u00e9g\u00fck van, a k\u00f6lt\u00f6z\u00e9s napj\u00e1nak megszervez\u00e9s\u00e9t\u0151l kezdve a k\u00f6lt\u00f6z\u00e9sen \u00e1t az eg\u00e9szs\u00e9g\u00fcgyi ell\u00e1t\u00e1sig. <\/p>\n<p>A HGFAA saj\u00e1t ipar\u00e1gi magazint k\u00e9sz\u00edt Portal n\u00e9ven, amely \u00e9vente hat sz\u00e1mot jelentet meg. Honlapja mind az ipar\u00e1g, mind a fogyaszt\u00f3k sz\u00e1m\u00e1ra rengeteg linket k\u00edn\u00e1l az olyan \u00e9rdekes t\u00e9m\u00e1khoz, mint p\u00e9ld\u00e1ul a napid\u00edj, az utaz\u00e1s \u00e9s sz\u00e1ll\u00edt\u00e1s, valamint a h\u00e1zi\u00e1llatokkal val\u00f3 k\u00f6lt\u00f6z\u00e9s.<\/p>\n<p><strong>A tags\u00e1g krit\u00e9riumai:<\/strong><\/p>\n<p>A HGFAA let\u00f6lthet\u0151 tags\u00e1gi \u0171rlapot k\u00edn\u00e1l, de ez jelenleg nem \u00e9rhet\u0151 el a honlapon kereszt\u00fcl. A honlapon nem szerepelnek tags\u00e1gi felt\u00e9telek.<\/p>\n<p><strong>Minta tagv\u00e1llalatok<\/strong><\/p>\n<ul>\n<li> <a href=\"https:\/\/moverdb.com\/hu\/atlas-van-lines-international\/\">Atlas Van Lines<\/a><\/li>\n<li> <a href=\"https:\/\/moverdb.com\/hu\/eagle-relocations\/\">Eagle Relocations<\/a><\/li>\n<li> <a href=\"https:\/\/moverdb.com\/hu\/excess-international-movers\/\">T\u00fals\u00falyos nemzetk\u00f6zi k\u00f6lt\u00f6ztet\u0151k<\/a><\/li>\n<li> <a href=\"https:\/\/moverdb.com\/hu\/fn-removals\/\">F&amp;N Worldwide Removals<\/a><\/li>\n<li> <a href=\"https:\/\/moverdb.com\/hu\/mudanzas-gou\/\">Mudanzas Gou<\/a><\/li>\n<\/ul>\n<p><strong>V\u00e9lem\u00e9nyek a HGFAA-r\u00f3l:<\/strong><\/p>\n<p>A HGFAA nem rendelkezik nagy online profillal, \u00e9s nem sok k\u00f6lt\u00f6ztet\u0151 weboldal\u00e1n szerepel. A HGFAA-r\u00f3l azon k\u00f6lt\u00f6ztet\u0151k online v\u00e9lem\u00e9nye, akik a HGFAA-t felt\u00fcntetik a honlapjukon, a sz\u00f6vets\u00e9g glob\u00e1lis jelleg\u00e9re \u00e9s a magas szolg\u00e1ltat\u00e1si sz\u00ednvonal ir\u00e1nti elk\u00f6telezetts\u00e9g\u00e9re \u00f6sszpontos\u00edt.<\/p>\n<p><a href=\"http:\/\/www.bloomberg.com\/profiles\/companies\/0774891D:US-household-goods-forwarders-association-of-america\" target=\"_blank\" rel=\"noopener\">Bloomberg f\u00f3kusz\u00e1ban<\/a> az ipar\u00e1g k\u00e9pviselete, az a t\u00e9ny, hogy kommunik\u00e1ci\u00f3s h\u00e1l\u00f3zatk\u00e9nt \u00e9s k\u00e9pz\u00e9si lehet\u0151s\u00e9gk\u00e9nt m\u0171k\u00f6dik, valamint a rengeteg k\u00e9pz\u00e9s, er\u0151forr\u00e1s, kiadv\u00e1ny \u00e9s referenciaszolg\u00e1ltat\u00e1s.<\/p>\n<blockquote><p>A HHGFAA a sz\u00e1ll\u00edtm\u00e1nyoz\u00f3k \u00e9s k\u00f6lt\u00f6ztet\u0151k glob\u00e1lis sz\u00f6vets\u00e9ge, amely elk\u00f6telezett amellett, hogy az \u00fcgyfeleknek az el\u00e9rhet\u0151 legmagasabb szint\u0171 szolg\u00e1ltat\u00e1st ny\u00fajtsa.<\/p><\/blockquote>\n<p>- <a href=\"http:\/\/www.amjbc.ca\/international-moving-services\/\" target=\"_blank\" rel=\"noopener\">AMJ Campbell vil\u00e1gm\u00e9ret\u0171 \u00e1ttelep\u00fcl\u00e9sek<\/a><\/p>\n<p><strong>Weboldal:<\/strong> <a href=\"http:\/\/www.hhgfaa.org\/\" target=\"_blank\" rel=\"noopener\">http:\/\/www.hhgfaa.org\/<\/a><\/p>","protected":false},"excerpt":{"rendered":"<p>The Household Goods Forwarders Association of America (HGFAA) describes itself as a global association of movers who are committed to ensuring that customers receive the best possible service during their move. It has now been replaced by the International Association of Movers (IAM), although several movers still list it on their websites. Key facts about [&hellip;]<\/p>\n","protected":false},"author":1,"featured_media":0,"parent":0,"menu_order":0,"comment_status":"closed","ping_status":"closed","template":"","meta":{"_genesis_hide_title":false,"_genesis_hide_breadcrumbs":false,"_genesis_hide_singular_image":false,"_genesis_hide_footer_widgets":false,"_genesis_custom_body_class":"","_genesis_custom_post_class":"","_genesis_layout":"","footnotes":""},"class_list":{"0":"post-437","1":"page","2":"type-page","3":"status-publish","5":"entry"},"_links":{"self":[{"href":"https:\/\/moverdb.com\/hu\/wp-json\/wp\/v2\/pages\/437","targetHints":{"allow":["GET"]}}],"collection":[{"href":"https:\/\/moverdb.com\/hu\/wp-json\/wp\/v2\/pages"}],"about":[{"href":"https:\/\/moverdb.com\/hu\/wp-json\/wp\/v2\/types\/page"}],"author":[{"embeddable":true,"href":"https:\/\/moverdb.com\/hu\/wp-json\/wp\/v2\/users\/1"}],"replies":[{"embeddable":true,"href":"https:\/\/moverdb.com\/hu\/wp-json\/wp\/v2\/comments?post=437"}],"version-history":[{"count":12,"href":"https:\/\/moverdb.com\/hu\/wp-json\/wp\/v2\/pages\/437\/revisions"}],"predecessor-version":[{"id":6221,"href":"https:\/\/moverdb.com\/hu\/wp-json\/wp\/v2\/pages\/437\/revisions\/6221"}],"wp:attachment":[{"href":"https:\/\/moverdb.com\/hu\/wp-json\/wp\/v2\/media?parent=437"}],"curies":[{"name":"wp","href":"https:\/\/api.w.org\/{rel}","templated":true}]}}