{"id":436,"date":"2016-06-12T14:04:20","date_gmt":"2016-06-12T14:04:20","guid":{"rendered":"http:\/\/moverdb.com\/?page_id=436"},"modified":"2026-01-08T14:47:42","modified_gmt":"2026-01-08T14:47:42","slug":"aima","status":"publish","type":"page","link":"https:\/\/moverdb.com\/hu\/aima\/","title":{"rendered":"Az Ausztr\u00e1l Nemzetk\u00f6zi K\u00f6lt\u00f6ztet\u0151k Sz\u00f6vets\u00e9ge (AIMA) magyar\u00e1zata"},"content":{"rendered":"<p>Az Ausztr\u00e1l Nemzetk\u00f6zi K\u00f6lt\u00f6ztet\u0151k Sz\u00f6vets\u00e9ge (Australian International Movers Association, AIMA) szakmai f\u00f3rumk\u00e9nt \u00edrja le mag\u00e1t a <a href=\"https:\/\/moverdb.com\/hu\/international-removals\/\" data-internallinksmanager029f6b8e52c=\"27\" title=\"36 legjobb nemzetk\u00f6zi k\u00f6lt\u00f6ztet\u0151 c\u00e9gek az Egyes\u00fclt Kir\u00e1lys\u00e1gban\">nemzetk\u00f6zi k\u00f6lt\u00f6ztet\u00e9sek<\/a> ipar. A tagoknak rendelkezni\u00fck kell <a href=\"https:\/\/moverdb.com\/hu\/fidi-faim\/\">FIDI\/FAIM<\/a> vagy megfelelnek a szigor\u00fa tags\u00e1gi krit\u00e9riumoknak, bele\u00e9rtve a p\u00e9nz\u00fcgyi feddhetetlens\u00e9gre vonatkoz\u00f3 k\u00f6vetelm\u00e9nyeket.<\/p>\n<p><strong>F\u0151bb t\u00e9nyek az AIMA-r\u00f3l:<\/strong><\/p>\n<ol>\n<li>  1975-ben hozt\u00e1k l\u00e9tre.<\/li>\n<li>  A szervezetnek mintegy 60 tagja van <a href=\"https:\/\/moverdb.com\/hu\/moving-to-australia\/living-in-australia\/\" data-internallinksmanager029f6b8e52c=\"240\" title=\"21 Titkok az Ausztr\u00e1li\u00e1ban \u00e9l\u0151kr\u0151l, hogy tudd, miel\u0151tt elk\u00f6lt\u00f6z\u00f6l\">Ausztr\u00e1lia<\/a>.<\/li>\n<li>  Az AIMA az ausztr\u00e1l k\u00f6lt\u00f6ztet\u0151ipart k\u00e9pviseli, \u00e9s nem vonzza az orsz\u00e1gon k\u00edv\u00fcli tagokat. Ugyanakkor a szervezet a k\u00f6vetkez\u0151 tev\u00e9kenys\u00e9get v\u00e9gz\u0151 ausztr\u00e1l v\u00e1llalatokra terjed ki <a href=\"https:\/\/moverdb.com\/hu\/koltozteto-cegek\/\">nemzetk\u00f6zi k\u00f6lt\u00f6z\u00e9sek<\/a>.<\/li>\n<li>  Ezt a k\u00f6vetkez\u0151k\u00e9nt ismerik el <a href=\"https:\/\/moverdb.com\/hu\/fidi-faim\/\" data-internallinksmanager029f6b8e52c=\"16\" title=\"FIDI &amp; FAIM (FIDI akkredit\u00e1lt nemzetk\u00f6zi fuvaroz\u00f3) magyar\u00e1zata\">FIDI<\/a> Egyes\u00fclet Ausztr\u00e1li\u00e1ban.<\/li>\n<li>  A tagoknak nem kell rendelkezni\u00fck FIDI\/FAIM tan\u00fas\u00edt\u00e1ssal a csatlakoz\u00e1shoz.<\/li>\n<li>  Az AIMA k\u00e9pviseli a FIDI-hez csatlakozott <a href=\"https:\/\/moverdb.com\/hu\/moving-companies\/australia-moving-companies\/\" data-internallinksmanager029f6b8e52c=\"176\" title=\"17 legjobb nemzetk\u00f6zi k\u00f6lt\u00f6ztet\u0151 c\u00e9gek Ausztr\u00e1li\u00e1ban\">k\u00f6lt\u00f6ztet\u0151k Ausztr\u00e1li\u00e1ban<\/a> \"FIDI Sz\u00f6vets\u00e9g\" n\u00e9ven, \u00e9s k\u00fcld\u00f6tteket k\u00fcld az \u00e9vente megrendez\u00e9sre ker\u00fcl\u0151 FIDI kongresszusra \u00e9s k\u00f6zgy\u0171l\u00e9sre.<\/li>\n<\/ol>\n<p><strong>Ausztr\u00e1l Nemzetk\u00f6zi K\u00f6lt\u00f6ztet\u0151k Sz\u00f6vets\u00e9g\u00e9nek profilja:<\/strong><\/p>\n<p>Az AIMA k\u00fcldet\u00e9s\u00e9nek c\u00e9lja, hogy lehet\u0151v\u00e9 tegye az ausztr\u00e1l k\u00f6lt\u00f6ztet\u00e9si \u00e1gazat sz\u00e1m\u00e1ra, hogy ir\u00e1ny\u00edtsa \u00f6nmag\u00e1t, jav\u00edtsa szolg\u00e1ltat\u00e1sait, biztos\u00edtsa, hogy az \u00fcgyfelek jobb szolg\u00e1ltat\u00e1sokat kapjanak, v\u00e9dje a k\u00f6z\u00e9rdeket, \u00e9s m\u00f3dot adjon az \u00e1gazatnak arra, hogy egyk\u00e9nt kezelje a korm\u00e1nyzatot. <\/p>\n<p>Az AIMA egy f\u00fcggetlen vitarendez\u00e9si b\u00edr\u00f3s\u00e1got is biztos\u00edt. Ausztr\u00e1li\u00e1ban ez az elismert FIDI-sz\u00f6vets\u00e9g, ami azt jelenti, hogy a FIDI\/FAIM-tags\u00e1ggal rendelkez\u0151 k\u00f6lt\u00f6ztet\u0151k automatikusan jogosultak az AIMA-hoz csatlakozni. Ausztr\u00e1l <a href=\"https:\/\/moverdb.com\/hu\/moving-companies\/\" data-internallinksmanager029f6b8e52c=\"79\" title=\"Top 25 nemzetk\u00f6zi k\u00f6lt\u00f6ztet\u0151 c\u00e9gek online\">k\u00f6lt\u00f6ztet\u0151 c\u00e9gek<\/a> FAIM n\u00e9lk\u00fcl is jogosultak az AIMA-tags\u00e1gra, de meg kell felelni\u00fck a szaktud\u00e1st, er\u0151forr\u00e1sokat, tapasztalatot \u00e9s p\u00e9nz\u00fcgyi helyzetet m\u00e9r\u0151 krit\u00e9riumoknak. <\/p>\n<p>Csak az AIMA-tagok sz\u00e1m\u00e1ra k\u00f6telez\u0151 az AIMA vitarendez\u00e9si elj\u00e1r\u00e1sa.<\/p>\n<p><strong>A tags\u00e1g krit\u00e9riumai:<\/strong><\/p>\n<p>Az AIMA szigor\u00fa tags\u00e1gi krit\u00e9riumai k\u00f6z\u00e9 tartozik a m\u0171k\u00f6d\u00e9si k\u00e9pess\u00e9gek \u00e9s a p\u00e9nz\u00fcgyi feddhetetlens\u00e9g ellen\u0151rz\u00e9se. E krit\u00e9riumok r\u00e9szleteit nem osztj\u00e1k meg a weboldalon.<\/p>\n<p>A FIDI\/FAIM-tags\u00e1ggal m\u00e1r rendelkez\u0151 v\u00e1llalatok automatikusan jogosultak a tags\u00e1gra.<\/p>\n<p><strong>Tagv\u00e1llalatok<\/strong><\/p>\n<ul>\n<li> <a href=\"https:\/\/moverdb.com\/hu\/conroy-removals\/\">Conroy k\u00f6lt\u00f6ztet\u00e9s<\/a><\/li>\n<\/ul>\n<p><strong>V\u00e9lem\u00e9nyek az AIMA-r\u00f3l:<\/strong><\/p>\n<p>Az AIMA-t a nemzetk\u00f6zi k\u00f6lt\u00f6ztet\u0151 szervezetek egyikek\u00e9nt tartj\u00e1k sz\u00e1mon, amely biztos\u00edt\u00e9kot ny\u00fajt arra, hogy a k\u00f6lt\u00f6z\u00e9s a lehet\u0151 legmagasabb sz\u00ednvonalon t\u00f6rt\u00e9nik. Ez biztos\u00edt\u00e9k arra, hogy a k\u00f6lt\u00f6ztet\u0151 v\u00e1llalkoz\u00e1s megfelel\u0151 k\u00e9pes\u00edt\u00e9ssel rendelkezik, \u00e9s naprak\u00e9sz a helyi legjobb gyakorlatnak tekintett gyakorlatokkal kapcsolatban. <\/p>\n<p>Sz\u00e1mos v\u00e1llalkoz\u00e1s az AIMA-t nemzetk\u00f6zi akkredit\u00e1ci\u00f3k\u00e9nt t\u00fcnteti fel a weboldal\u00e1n, amely a min\u0151s\u00e9get jelzi, olyanok mellett, mint p\u00e9ld\u00e1ul a FIDI. Az AIMA hat\u00f3sugara azonban meglehet\u0151sen korl\u00e1tozott, mivel nem rendelkezik annyi taggal, mint m\u00e1s orsz\u00e1gok hasonl\u00f3 szervezetei.<\/p>\n<p>Van <a href=\"http:\/\/vandijktrack.com\/mim\/\" target=\"_blank\" rel=\"noopener\">egy negat\u00edv weboldal<\/a> amely azt jelzi, hogy egy \u00fcgyf\u00e9l vit\u00e1ban \u00e1ll egy AIMA-taggal, \u00e9s hogy a vita eredm\u00e9ny\u00e9nek el\u00e9r\u00e9se jelent\u0151s id\u0151t vett ig\u00e9nybe. <\/p>\n<p>Ez a szem\u00e9ly jelzi, hogy nem venn\u00e9 t\u00fal komolyan az AIMA akkredit\u00e1ci\u00f3t a min\u0151s\u00e9g jelek\u00e9nt. A honlapon azonban az is szerepel, hogy az AIMA seg\u00edts\u00e9get ny\u00fajtott nekik, \u00e9s \u00fagy t\u0171nik, hogy a vit\u00e1t 2010 \u00f3ta nem friss\u00edtett\u00e9k, ami azt jelzi, hogy az \u00fcgyet kezelt\u00e9k.<\/p>\n<blockquote><p>A nyilv\u00e1noss\u00e1g azon tagjai, akik nemzetk\u00f6zi k\u00f6lt\u00f6z\u00e9s\u00fck lebonyol\u00edt\u00e1s\u00e1ra egy AIMA-tagot v\u00e1lasztanak, ez\u00e9rt bizalommal tehetik ezt meg.<\/p><\/blockquote>\n<p>- <a href=\"http:\/\/www.ossworldwidemovers.com\/australian-international-movers-association\" target=\"_blank\" rel=\"noopener\">OSS World Wide Movers<\/a><\/p>\n<blockquote><p>Australian International Movers Association (AIMA) - Biztos\u00edtja, hogy a tagok megfelel\u0151en k\u00e9pzettek legyenek, \u00e9s naprak\u00e9szen ismerj\u00e9k a legjobb ipar\u00e1gi gyakorlatot.<\/p><\/blockquote>\n<p>- <a href=\"http:\/\/www.internationalremovalsaustralia.com.au\/why-choose-us\" target=\"_blank\" rel=\"noopener\">KeysBros k\u00f6lt\u00f6ztet\u0151 megold\u00e1sok<\/a><\/p>\n<p><strong>Weboldal:<\/strong> <a href=\"http:\/\/aima.com.au\/\" target=\"_blank\" rel=\"noopener\">http:\/\/aima.com.au\/<\/a><\/p>\n<h2>Egy\u00e9b hasznos \u00fatmutat\u00f3k Ausztr\u00e1li\u00e1hoz<\/h2>\n<ul>\n<li> <a href=\"https:\/\/moverdb.com\/hu\/kontenerszallitas\/ausztralia\/\">2024 Tengeri tehersz\u00e1ll\u00edt\u00e1si kont\u00e9ner \u00e1rak Ausztr\u00e1li\u00e1ba \u00e9s Ausztr\u00e1li\u00e1b\u00f3l<\/a><\/li>\n<li> <a href=\"https:\/\/moverdb.com\/hu\/koltozteto-cegek\/ausztralia-2\/\">17 legjobb nemzetk\u00f6zi k\u00f6lt\u00f6ztet\u0151 c\u00e9gek Ausztr\u00e1li\u00e1ban<\/a><\/li>\n<li> <a href=\"https:\/\/moverdb.com\/hu\/legjobb-nemzetkozi-penzatutalasi-szolgaltatasok\/money-transfer-companies-australia\/\">10 legjobb p\u00e9nz\u00e1tutal\u00e1si c\u00e9gek Ausztr\u00e1li\u00e1ban<\/a><\/li>\n<li> <a href=\"https:\/\/moverdb.com\/hu\/koltozes-ausztraliaba\/\">Ausztr\u00e1li\u00e1ba k\u00f6lt\u00f6zik? 2024 Lakhat\u00e1si k\u00f6lts\u00e9gek \u00e9s k\u00f6lt\u00f6z\u00e9si tippek<\/a><\/li>\n<li> <a href=\"https:\/\/moverdb.com\/hu\/koltozes-ausztraliaba\/best-places-to-live-australia\/\">13 Legjobb helyek Ausztr\u00e1li\u00e1ban \u00e9lni<\/a><\/li>\n<li> <a href=\"https:\/\/moverdb.com\/hu\/koltozes-ausztraliaba\/living-in-australia\/\">21 Titkok az Ausztr\u00e1li\u00e1ban \u00e9l\u0151kr\u0151l, hogy tudd, miel\u0151tt elk\u00f6lt\u00f6z\u00f6l<\/a><\/li>\n<li> <a href=\"https:\/\/moverdb.com\/hu\/koltozes-ausztraliaba\/moving-to-perth\/\">Perthbe k\u00f6lt\u00f6zik? 2024 Lakhat\u00e1si k\u00f6lts\u00e9gek \u00e9s k\u00f6lt\u00f6z\u00e9si tippek<\/a><\/li>\n<li> <a href=\"https:\/\/moverdb.com\/hu\/koltozes-ausztraliaba\/moving-to-australia-from-the-us\/\">Ausztr\u00e1li\u00e1ba k\u00f6lt\u00f6z\u00e9s az Egyes\u00fclt \u00c1llamokb\u00f3l<\/a><\/li>\n<li> <a href=\"https:\/\/moverdb.com\/hu\/kontenerszallitas\/to-australia-from-the-united-states\/\">Kont\u00e9nersz\u00e1ll\u00edt\u00e1s Ausztr\u00e1li\u00e1ba az Egyes\u00fclt \u00c1llamokb\u00f3l K\u00f6lts\u00e9gek<\/a><\/li>\n<li> <a href=\"https:\/\/moverdb.com\/hu\/koltozes-ausztraliaba\/moving-to-australia-from-the-uk\/\">Ausztr\u00e1li\u00e1ba k\u00f6lt\u00f6z\u00e9s az Egyes\u00fclt Kir\u00e1lys\u00e1gb\u00f3l<\/a><\/li>\n<li> <a href=\"https:\/\/moverdb.com\/hu\/kontenerszallitas\/to-australia-from-the-uk\/\">Kont\u00e9nersz\u00e1ll\u00edt\u00e1s Ausztr\u00e1li\u00e1ba az Egyes\u00fclt Kir\u00e1lys\u00e1gb\u00f3l K\u00f6lts\u00e9gek \u00e9s id\u0151k<\/a><\/li>\n<li> <a href=\"https:\/\/moverdb.com\/hu\/koltozes-ausztraliaba\/moving-to-australia-from-bahrain\/\">Ausztr\u00e1li\u00e1ba k\u00f6lt\u00f6z\u00e9s Bahreinb\u0151l<\/a><\/li>\n<li> <a href=\"https:\/\/moverdb.com\/hu\/koltozes-ausztraliaba\/moving-to-australia-from-the-uae\/\">Ausztr\u00e1li\u00e1ba k\u00f6lt\u00f6z\u00e9s Dubaib\u00f3l \u00e9s az Egyes\u00fclt Arab Em\u00edrs\u00e9gekb\u0151l<\/a><\/li>\n<li> <a href=\"https:\/\/moverdb.com\/hu\/kontenerszallitas\/to-australia-from-dubai\/\">Kont\u00e9nersz\u00e1ll\u00edt\u00e1s Ausztr\u00e1li\u00e1ba Dubaib\u00f3l K\u00f6lts\u00e9gek \u00e9s id\u0151k<\/a><\/li>\n<li> <a href=\"https:\/\/moverdb.com\/hu\/kontenerszallitas\/to-australia-from-uae\/\">Kont\u00e9nersz\u00e1ll\u00edt\u00e1s Ausztr\u00e1li\u00e1ba az Egyes\u00fclt Arab Em\u00edrs\u00e9gekb\u0151l K\u00f6lts\u00e9gek \u00e9s id\u0151k<\/a><\/li>\n<li> <a href=\"https:\/\/moverdb.com\/hu\/koltozes-ausztraliaba\/moving-to-australia-from-kuwait\/\">Ausztr\u00e1li\u00e1ba k\u00f6lt\u00f6z\u00e9s Kuvaitb\u00f3l<\/a><\/li>\n<li> <a href=\"https:\/\/moverdb.com\/hu\/koltozes-ausztraliaba\/moving-to-australia-from-qatar\/\">Ausztr\u00e1li\u00e1ba k\u00f6lt\u00f6z\u00e9s Katarb\u00f3l<\/a><\/li>\n<li> <a href=\"https:\/\/moverdb.com\/hu\/kontenerszallitas\/to-australia-from-qatar\/\">Kont\u00e9nersz\u00e1ll\u00edt\u00e1s Ausztr\u00e1li\u00e1ba Katarb\u00f3l k\u00f6lts\u00e9gek \u00e9s id\u0151k<\/a><\/li>\n<li> <a href=\"https:\/\/moverdb.com\/hu\/koltozes-ausztraliaba\/moving-to-australia-from-singapore\/\">Ausztr\u00e1li\u00e1ba k\u00f6lt\u00f6z\u00e9s Szingap\u00farb\u00f3l<\/a><\/li>\n<li> <a href=\"https:\/\/moverdb.com\/hu\/kontenerszallitas\/to-australia-from-singapore\/\">Kont\u00e9nersz\u00e1ll\u00edt\u00e1s Ausztr\u00e1li\u00e1ba Szingap\u00farb\u00f3l K\u00f6lts\u00e9gek \u00e9s id\u0151k<\/a><\/li>\n<li> <a href=\"https:\/\/moverdb.com\/hu\/koltozes-ausztraliaba\/moving-to-australia-from-south-africa\/\">Ausztr\u00e1li\u00e1ba k\u00f6lt\u00f6z\u00e9s D\u00e9l-Afrik\u00e1b\u00f3l<\/a><\/li>\n<li> <a href=\"https:\/\/moverdb.com\/hu\/kontenerszallitas\/to-australia-from-canada\/\">Kont\u00e9nersz\u00e1ll\u00edt\u00e1s Ausztr\u00e1li\u00e1ba Kanad\u00e1b\u00f3l K\u00f6lts\u00e9gek<\/a><\/li>\n<li> <a href=\"https:\/\/moverdb.com\/hu\/kontenerszallitas\/to-australia-from-new-zealand\/\">Kont\u00e9nersz\u00e1ll\u00edt\u00e1s Ausztr\u00e1li\u00e1ba \u00daj-Z\u00e9landr\u00f3l K\u00f6lts\u00e9gek<\/a><\/li>\n<li> <a href=\"https:\/\/moverdb.com\/hu\/koltozes-ausztraliaba\/moving-to-hobart\/\">Hobartba k\u00f6lt\u00f6zik? 2024 Lakhat\u00e1si k\u00f6lts\u00e9gek \u00e9s k\u00f6lt\u00f6z\u00e9si tippek<\/a><\/li>\n<li> <a href=\"https:\/\/moverdb.com\/hu\/koltozes-ausztraliaba\/moving-to-gold-coast\/\">Gold Coastba k\u00f6lt\u00f6zik? 2024 Lakhat\u00e1si k\u00f6lts\u00e9gek \u00e9s k\u00f6lt\u00f6z\u00e9si tippek<\/a><\/li>\n<li> <a href=\"https:\/\/moverdb.com\/hu\/koltozes-ausztraliaba\/moving-to-melbourne\/\">Melbourne-be k\u00f6lt\u00f6zik? 2024 Lakhat\u00e1si k\u00f6lts\u00e9gek \u00e9s k\u00f6lt\u00f6z\u00e9si tippek<\/a><\/li>\n<\/ul>","protected":false},"excerpt":{"rendered":"<p>The Australian International Movers Association (AIMA) describes itself as a professional forum for the international removals industry. Members must hold FIDI\/FAIM or meet strict membership criteria, including requirements for financial integrity. Key facts about AIMA: It was established in 1975. It has around 60 members in Australia. AIMA represents the moving industry in Australia and [&hellip;]<\/p>\n","protected":false},"author":1,"featured_media":0,"parent":0,"menu_order":0,"comment_status":"closed","ping_status":"closed","template":"","meta":{"_genesis_hide_title":false,"_genesis_hide_breadcrumbs":false,"_genesis_hide_singular_image":false,"_genesis_hide_footer_widgets":false,"_genesis_custom_body_class":"","_genesis_custom_post_class":"","_genesis_layout":"","footnotes":""},"class_list":{"0":"post-436","1":"page","2":"type-page","3":"status-publish","5":"entry"},"_links":{"self":[{"href":"https:\/\/moverdb.com\/hu\/wp-json\/wp\/v2\/pages\/436","targetHints":{"allow":["GET"]}}],"collection":[{"href":"https:\/\/moverdb.com\/hu\/wp-json\/wp\/v2\/pages"}],"about":[{"href":"https:\/\/moverdb.com\/hu\/wp-json\/wp\/v2\/types\/page"}],"author":[{"embeddable":true,"href":"https:\/\/moverdb.com\/hu\/wp-json\/wp\/v2\/users\/1"}],"replies":[{"embeddable":true,"href":"https:\/\/moverdb.com\/hu\/wp-json\/wp\/v2\/comments?post=436"}],"version-history":[{"count":9,"href":"https:\/\/moverdb.com\/hu\/wp-json\/wp\/v2\/pages\/436\/revisions"}],"predecessor-version":[{"id":17998,"href":"https:\/\/moverdb.com\/hu\/wp-json\/wp\/v2\/pages\/436\/revisions\/17998"}],"wp:attachment":[{"href":"https:\/\/moverdb.com\/hu\/wp-json\/wp\/v2\/media?parent=436"}],"curies":[{"name":"wp","href":"https:\/\/api.w.org\/{rel}","templated":true}]}}