{"id":434,"date":"2016-06-05T06:20:47","date_gmt":"2016-06-05T06:20:47","guid":{"rendered":"http:\/\/moverdb.com\/?page_id=434"},"modified":"2026-01-08T14:48:22","modified_gmt":"2026-01-08T14:48:22","slug":"fidi-faim","status":"publish","type":"page","link":"https:\/\/moverdb.com\/hu\/fidi-faim\/","title":{"rendered":"FIDI &amp; FAIM (FIDI akkredit\u00e1lt nemzetk\u00f6zi fuvaroz\u00f3) magyar\u00e1zata"},"content":{"rendered":"<p>A FIDI (F\u00e9d\u00e9ration Internationale des D\u00e9m\u00e9nageurs Internationaux; The Federation of International Movers) a nemzetk\u00f6zi k\u00f6lt\u00f6ztet\u0151 \u00e9s k\u00f6lt\u00f6ztet\u0151 v\u00e1llalkoz\u00e1sok glob\u00e1lis erny\u0151szervezete. <\/p>\n<p>A FIDI \u00fagy jellemzi mag\u00e1t, mint a kiv\u00e1l\u00f3 min\u0151s\u00e9g\u0171 k\u00f6lt\u00f6ztet\u0151k vil\u00e1gszint\u0171 ipari szabv\u00e1ny\u00e1t, \u00e9s \u00fatt\u00f6r\u0151 szerepet j\u00e1tszott a FIDI Akkredit\u00e1lt Nemzetk\u00f6zi K\u00f6lt\u00f6ztet\u0151 (FAIM) min\u0151s\u00e9gir\u00e1ny\u00edt\u00e1si programj\u00e1ban, amely egy kiz\u00e1r\u00f3lag a nemzetk\u00f6zi k\u00f6lt\u00f6ztet\u00e9si ipar\u00e1g sz\u00e1m\u00e1ra l\u00e9trehozott min\u0151s\u00e9gtan\u00fas\u00edt\u00e1si program.<\/p>\n<p><strong>A szervezet legfontosabb adatai:<\/strong><\/p>\n<ol>\n<li>  A FIDI t\u00f6bb mint <strong>600 f\u00fcggetlen <a href=\"https:\/\/moverdb.com\/hu\/koltozteto-cegek\/\">v\u00e1llalatok<\/a><\/strong> t\u00f6bb mint <strong>100 orsz\u00e1g<\/strong>.<\/li>\n<li>  A FIDI a legnagyobb erny\u0151szervezet a <a href=\"https:\/\/moverdb.com\/hu\/nemzetkozi-koltoztetes\/\">nemzetk\u00f6zi k\u00f6lt\u00f6ztet\u00e9sek<\/a> \u00e9s k\u00f6lt\u00f6ztet\u0151 c\u00e9gek.<\/li>\n<li>  A FIDI mind a szem\u00e9lyes, mind az \u00fczleti k\u00f6lt\u00f6ztet\u00e9st k\u00edn\u00e1lja.<\/li>\n<li>  A FIDI minden tagv\u00e1llalat\u00e1nak meg kell felelnie a FIDI-FAIM szigor\u00fa min\u0151s\u00e9gi szabv\u00e1nyainak.<\/li>\n<li>  A FIDI k\u00edn\u00e1lja a FAIM min\u0151s\u00e9gir\u00e1ny\u00edt\u00e1si programot, amely az egyik legszigor\u00fabb szabv\u00e1nynak sz\u00e1m\u00edt az ipar\u00e1gban, t\u00f6bb mint <strong>200 min\u0151s\u00e9gi k\u00f6vetelm\u00e9ny<\/strong> mind az \u00fczemeltet\u00e9ssel, mind az \u00fcgyf\u00e9lszolg\u00e1lattal kapcsolatban.<\/li>\n<li>  Minden FIDI tagv\u00e1llalatnak rendszeres id\u0151k\u00f6z\u00f6nk\u00e9nt f\u00fcggetlen \u00e9rt\u00e9kel\u00e9sen kell \u00e1tesnie nemzetk\u00f6zi mozgat\u00e1si tev\u00e9kenys\u00e9g\u00e9r\u0151l. Ha az \u00e9rt\u00e9kel\u00e9sen megbuknak, a FIDI-b\u0151l kiz\u00e1rj\u00e1k \u0151ket.<\/li>\n<li>  A FIDI minden tagv\u00e1llalat\u00e1nak al\u00e1 kell \u00edrnia \u00e9s be kell tartania a k\u00f6telez\u0151 veszteget\u00e9s- \u00e9s korrupci\u00f3ellenes chart\u00e1t.<\/li>\n<li>  Minden FIDI-tagnak FAIM tan\u00fas\u00edtv\u00e1nnyal is rendelkeznie kell - ezt a tags\u00e1ggal egyidej\u0171leg kell k\u00e9relmezni.<\/li>\n<li>  A FAIM Plus azok sz\u00e1m\u00e1ra el\u00e9rhet\u0151, akik ISO 9001 tan\u00fas\u00edtv\u00e1nnyal rendelkeznek.<\/li>\n<\/ol>\n<p><strong>FIDI szervezeti profil<\/strong><\/p>\n<p>A FIDI egy olyan glob\u00e1lis k\u00f6lt\u00f6ztet\u0151i sz\u00f6vets\u00e9g, amely a tagv\u00e1llalatok sz\u00e1m\u00e1ra er\u0151s, elismert j\u00f3v\u00e1hagy\u00e1si pecs\u00e9tet k\u00edn\u00e1l a szolg\u00e1ltat\u00e1sokhoz, megn\u00f6vekedett kapcsolat\u00e9p\u00edt\u00e9si lehet\u0151s\u00e9geket \u00e9s lehet\u0151s\u00e9get a v\u00e1llalkoz\u00e1s b\u0151v\u00edt\u00e9s\u00e9re. <\/p>\n<p>Rendszeres konferenci\u00e1kat \u00e9s k\u00e9pz\u00e9seket tart a vil\u00e1g minden t\u00e1j\u00e1r\u00f3l \u00e9rkez\u0151 tagok sz\u00e1m\u00e1ra, \u00e9s a tagoknak egy olyan fizet\u00e9sv\u00e9delmi tervet k\u00edn\u00e1l, amely seg\u00edts\u00e9g\u00e9vel ak\u00e1r a sz\u00e1ml\u00e1k \u00e9rt\u00e9k\u00e9nek 90%-ig terjed\u0151 \u00f6sszeg\u00e9t is megv\u00e9dhetik. A FIDI emellett \u00fagy is poz\u00edcion\u00e1lta mag\u00e1t, hogy a tagok naprak\u00e9szen \u00e9rtes\u00fcljenek a legfrissebb ipar\u00e1gi h\u00edrekr\u0151l, \u00e9s rendelkezik egy ipar\u00e1gi panellel, amely szak\u00e9rt\u0151i \u00fatmutat\u00e1st ny\u00fajt, \u00e9s kezeli a tagok k\u00f6z\u00f6tti vit\u00e1s \u00fcgyeket. <\/p>\n<p>A FIDI Akkredit\u00e1lt Nemzetk\u00f6zi K\u00f6lt\u00f6ztet\u0151 (FAIM) min\u0151s\u00e9gir\u00e1ny\u00edt\u00e1si program a FIDI k\u00edn\u00e1lat\u00e1nak r\u00e9sze, a k\u00f6lt\u00f6ztet\u00e9si \u00e1gazat min\u0151s\u00e9gtan\u00fas\u00edt\u00e1sa, amelyet a nagy \u00e9s kis, mag\u00e1n- \u00e9s \u00e1llami v\u00e1llalatok legjobbjaival folytatott konzult\u00e1ci\u00f3 \u00e9s a legjobb gyakorlatok alapj\u00e1n fejlesztettek ki. <a href=\"https:\/\/moverdb.com\/hu\/moving-companies\/\" data-internallinksmanager029f6b8e52c=\"79\" title=\"Top 25 nemzetk\u00f6zi k\u00f6lt\u00f6ztet\u0151 c\u00e9gek online\">nemzetk\u00f6zi k\u00f6lt\u00f6ztet\u0151 c\u00e9gek<\/a> a vil\u00e1g minden t\u00e1j\u00e1r\u00f3l.<\/p>\n<p><strong>A tags\u00e1g krit\u00e9riumai:<\/strong><\/p>\n<p>A FIDI Global Alliance-hoz val\u00f3 csatlakoz\u00e1shoz az al\u00e1bbi k\u00f6telez\u0151 k\u00f6vetelm\u00e9nyeknek kell megfelelnie:<\/p>\n<ul>\n<li> Megfelel a FIDI el\u0151\u00edr\u00e1sainak<\/li>\n<li> A jelentkez\u00e9st megel\u0151z\u0151en legal\u00e1bb 2 \u00e9vig interkontinent\u00e1lis k\u00f6lt\u00f6ztet\u00e9si szolg\u00e1ltat\u00e1sok ny\u00fajt\u00e1s\u00e1val foglalkozott.<\/li>\n<li> \u00c9vente legal\u00e1bb 10 interkontinent\u00e1lis k\u00f6lt\u00f6z\u00e9st kell v\u00e9grehajtani*.<\/li>\n<li> Megfelel\u0151 \u00e9s megfelel\u0151 biztos\u00edt\u00e1si fedezettel kell rendelkeznie<\/li>\n<li> \u00cdrja al\u00e1 a FIDI veszteget\u00e9s- \u00e9s korrupci\u00f3ellenes chart\u00e1j\u00e1t (FIDI ABC charta).<\/li>\n<li> P\u00e9nz\u00fcgyi szempontb\u00f3l eg\u00e9szs\u00e9gesnek kell lennie (az \u00d6n p\u00e9nz\u00fcgyi helyzet\u00e9t f\u00fcggetlen k\u00f6nyvvizsg\u00e1l\u00f3 ellen\u0151rzi a jelentkez\u00e9si szakaszban).<\/li>\n<li> FIDI-FAIM tan\u00fas\u00edtv\u00e1nnyal rendelkezzen (a FAIM tan\u00fas\u00edt\u00e1st a FIDI-tags\u00e1g k\u00e9relmez\u00e9s\u00e9vel egyidej\u0171leg kell k\u00e9relmeznie).<\/li>\n<\/ul>\n<p><strong>FAIM tan\u00fas\u00edt\u00e1s:<\/strong><\/p>\n<p>A FIDI-FAIM tan\u00fas\u00edt\u00e1si program megk\u00f6veteli, hogy a nemzetk\u00f6zi k\u00f6lt\u00f6ztet\u0151k h\u00e1rom\u00e9vente f\u00fcggetlen audit\u00e1l\u00e1s keret\u00e9ben rendszeres id\u0151k\u00f6z\u00f6nk\u00e9nt f\u00fcggetlen \u00e9rt\u00e9kel\u00e9snek vess\u00e9k al\u00e1 kontinensek k\u00f6z\u00f6tti k\u00f6lt\u00f6ztet\u00e9si tev\u00e9kenys\u00e9g\u00fcket.<\/p>\n<p>Ez biztos\u00edtja, hogy a FIDI v\u00e1llalatai vil\u00e1gszerte egys\u00e9ges, min\u0151s\u00e9gorient\u00e1lt \u00e9s hat\u00e9kony m\u00f3don, a nemzetk\u00f6zi k\u00f6lt\u00f6ztet\u00e9si szolg\u00e1ltat\u00e1sok ir\u00e1ny\u00edt\u00e1s\u00e1ra \u00e9s v\u00e9grehajt\u00e1s\u00e1ra vonatkoz\u00f3 k\u00f6z\u00f6s szabv\u00e1nyok szerint dolgozzanak. Emellett \u00e1tl\u00e1that\u00f3 mechanizmust biztos\u00edt, amely biztos\u00edtja, hogy a szabv\u00e1nyok magas szinten maradjanak.<\/p>\n<p>A v\u00e9gfelhaszn\u00e1l\u00f3 szempontj\u00e1b\u00f3l a FAIM tan\u00fas\u00edtv\u00e1nnyal rendelkez\u0151 v\u00e1llalat bizalmat ad a k\u00f6lt\u00f6z\u0151 szem\u00e9lynek \u00e9s a k\u00f6lt\u00f6z\u00e9st szervez\u0151 HR-oszt\u00e1lynak, hogy a v\u00e1llalat ismeri a szakm\u00e1t, \u00e9s rendelkezik a megfelel\u0151 er\u0151forr\u00e1sokkal \u00e9s know-how-val a munka megfelel\u0151 elv\u00e9gz\u00e9s\u00e9hez.<\/p>\n<p>A helysz\u00edni \u00e9rt\u00e9kel\u00e9st az Ernst &amp; Young nemzetk\u00f6zi \u00e9rt\u00e9kel\u0151k f\u00fcggetlen m\u00f3don v\u00e9gzik.<\/p>\n<p><strong>N\u00e9h\u00e1ny tagv\u00e1llalat<\/strong><\/p>\n<ul>\n<li> <a href=\"https:\/\/moverdb.com\/hu\/aires\/\">Aires<\/a><\/li>\n<li> <a href=\"https:\/\/moverdb.com\/hu\/cadogan-tate\/\">Cadogan Tate<\/a><\/li>\n<li> <a href=\"https:\/\/moverdb.com\/hu\/harrow-green\/\">Harrow Green<\/a><\/li>\n<li> <a href=\"https:\/\/moverdb.com\/hu\/santa-fe-relocation\/\">Santa Fe \u00e1thelyez\u00e9s<\/a><\/li>\n<li> <a href=\"https:\/\/moverdb.com\/hu\/team-relocations\/\">Csapat \u00e1thelyez\u00e9sek<\/a><\/li>\n<li> <a href=\"https:\/\/moverdb.com\/hu\/nippon-express\/\">Nippon Express<\/a><\/li>\n<li> <a href=\"https:\/\/moverdb.com\/hu\/settelen\/\">Settelen<\/a><\/li>\n<li> <a href=\"https:\/\/moverdb.com\/hu\/conroy-removals\/\">Conroy k\u00f6lt\u00f6ztet\u00e9s<\/a><\/li>\n<li> <a href=\"https:\/\/moverdb.com\/hu\/bolliger\/\">Bolliger<\/a><\/li>\n<li> <a href=\"https:\/\/moverdb.com\/hu\/mudanzas-gou\/\">Mudanzas Gou<\/a><\/li>\n<li> <a href=\"https:\/\/moverdb.com\/hu\/gil-stauffer\/\">Gil Stauffer<\/a><\/li>\n<li> <a href=\"https:\/\/moverdb.com\/hu\/packimpex\/\">Packimpex<\/a><\/li>\n<\/ul>\n<p><strong>V\u00e9lem\u00e9nyek a szervezetr\u0151l<\/strong><\/p>\n<p>A FIDI-t nagyra \u00e9rt\u00e9kelik azok a mozgat\u00f3rug\u00f3k, akik a honlapjukon megeml\u00edtik, mind a jelent\u0151s er\u0151forr\u00e1sokkal val\u00f3 ell\u00e1totts\u00e1ga, mind pedig az a t\u00e9ny, hogy az audit\u00e1l\u00e1s folyamatos. <\/p>\n<p>A FIDI \u00e1ltal ki\u00e9p\u00edtett h\u00edrn\u00e9v m\u00e1sik kulcsfontoss\u00e1g\u00fa t\u00e9nyez\u0151je a f\u00fcggetlens\u00e9g - minden k\u00f6lt\u00f6ztet\u0151 c\u00e9gn\u00e9l a helysz\u00edni megfelel\u0151s\u00e9gi elj\u00e1r\u00e1st egy, az orsz\u00e1gon k\u00edv\u00fcli tan\u00e1csad\u00f3 v\u00e9gzi. <\/p>\n<blockquote><p>A maxim\u00e1lis min\u0151s\u00e9gi szintre t\u00f6rekv\u0151 k\u00f6lt\u00f6ztet\u0151 c\u00e9gek sz\u00e1m\u00e1ra a FAIM\/ISO a vil\u00e1gon el\u00e9rhet\u0151 legmagasabb min\u0151s\u00edt\u00e9si szabv\u00e1nyt biztos\u00edtja.<\/p><\/blockquote>\n<p> - <a href=\"http:\/\/www.ossworldwidemovers.com\/fidi-accredited-international-mover\" target=\"_blank\" rel=\"noopener\">OSS World Wide Movers<\/a><\/p>\n<blockquote><p>A vil\u00e1gon sz\u00e1mos k\u00f6lt\u00f6ztet\u0151 c\u00e9g l\u00e9tezik. Hogyan lehet megk\u00fcl\u00f6nb\u00f6ztetni a j\u00f3kat a rosszakat? Kezdje a FIDI\/FAIM-n\u00e9l, a nemzetk\u00f6zi k\u00f6lt\u00f6ztet\u00e9s arany standardj\u00e1n\u00e1l.<\/p><\/blockquote>\n<p>- <a href=\"http:\/\/www.jkmoving.com\/International\/International_Network-_FIDI\/FAIM\/\" target=\"_blank\" rel=\"noopener\">JK k\u00f6lt\u00f6ztet\u0151 szolg\u00e1ltat\u00e1sok<\/a><\/p>\n<p><a href=\"http:\/\/www.jkmoving.com\/International\/International_Network-_FIDI\/FAIM\/\" target=\"_blank\" rel=\"noopener\"><\/a><\/p>\n<blockquote><p>Ez a legszigor\u00fabb, mindenre kiterjed\u0151 min\u0151s\u00e9g\u00fcgyi program a nemzetk\u00f6zi k\u00f6lt\u00f6ztet\u00e9si ipar\u00e1gban, \u00e9s t\u00f6bb mint 200 min\u0151s\u00e9gi k\u00f6vetelm\u00e9nyt tartalmaz a szervezet m\u0171k\u00f6d\u00e9s\u00e9vel \u00e9s az \u00fcgyfeleknek ny\u00fajtott szolg\u00e1ltat\u00e1sokkal kapcsolatban. A FIDI mostant\u00f3l FAIM n\u00e9ven k\u00edn\u00e1l akkredit\u00e1ci\u00f3t.<\/p><\/blockquote>\n<p>- <a href=\"http:\/\/www.suddathinternational.com\/news\/2013\/8\/1\/faim-plus.aspx\" target=\"_blank\" rel=\"noopener\">Suddath<\/a><\/p>\n<p><strong>Weboldal:<\/strong> <a href=\"https:\/\/www.fidi.org\" target=\"_blank\" rel=\"noopener\">https:\/\/www.fidi.org<\/a><\/p>","protected":false},"excerpt":{"rendered":"<p>FIDI (F\u00e9d\u00e9ration Internationale des D\u00e9m\u00e9nageurs Internationaux; The Federation of International Movers) is a global umbrella organisation of international moving and relocation businesses. It describes itself as a worldwide industry standard for top quality movers and has pioneered the FIDI Accredited International Mover (FAIM) Quality Management Programme, a quality certification programme dedicated exclusively to the international [&hellip;]<\/p>\n","protected":false},"author":1,"featured_media":0,"parent":0,"menu_order":0,"comment_status":"closed","ping_status":"closed","template":"","meta":{"_genesis_hide_title":false,"_genesis_hide_breadcrumbs":false,"_genesis_hide_singular_image":false,"_genesis_hide_footer_widgets":false,"_genesis_custom_body_class":"","_genesis_custom_post_class":"","_genesis_layout":"","footnotes":""},"class_list":{"0":"post-434","1":"page","2":"type-page","3":"status-publish","5":"entry"},"_links":{"self":[{"href":"https:\/\/moverdb.com\/hu\/wp-json\/wp\/v2\/pages\/434","targetHints":{"allow":["GET"]}}],"collection":[{"href":"https:\/\/moverdb.com\/hu\/wp-json\/wp\/v2\/pages"}],"about":[{"href":"https:\/\/moverdb.com\/hu\/wp-json\/wp\/v2\/types\/page"}],"author":[{"embeddable":true,"href":"https:\/\/moverdb.com\/hu\/wp-json\/wp\/v2\/users\/1"}],"replies":[{"embeddable":true,"href":"https:\/\/moverdb.com\/hu\/wp-json\/wp\/v2\/comments?post=434"}],"version-history":[{"count":28,"href":"https:\/\/moverdb.com\/hu\/wp-json\/wp\/v2\/pages\/434\/revisions"}],"predecessor-version":[{"id":6210,"href":"https:\/\/moverdb.com\/hu\/wp-json\/wp\/v2\/pages\/434\/revisions\/6210"}],"wp:attachment":[{"href":"https:\/\/moverdb.com\/hu\/wp-json\/wp\/v2\/media?parent=434"}],"curies":[{"name":"wp","href":"https:\/\/api.w.org\/{rel}","templated":true}]}}