{"id":432,"date":"2016-06-12T09:28:19","date_gmt":"2016-06-12T09:28:19","guid":{"rendered":"http:\/\/moverdb.com\/?page_id=432"},"modified":"2026-01-08T14:47:56","modified_gmt":"2026-01-08T14:47:56","slug":"canadian-association-of-movers","status":"publish","type":"page","link":"https:\/\/moverdb.com\/hu\/canadian-association-of-movers\/","title":{"rendered":"A Kanadai K\u00f6lt\u00f6ztet\u0151k Sz\u00f6vets\u00e9ge (CAM) magyar\u00e1zata"},"content":{"rendered":"<p>A Kanadai K\u00f6lt\u00f6ztet\u0151k Sz\u00f6vets\u00e9ge <a href=\"https:\/\/moverdb.com\/hu\/moving-to-canada\/\" data-internallinksmanager029f6b8e52c=\"265\" title=\"K\u00f6lt\u00f6z\u00e9s Kanad\u00e1ba? 2023 \u00c9letk\u00f6lts\u00e9gek \u00e9s k\u00f6lt\u00f6z\u00e9si tippek\">Kanada<\/a>a k\u00f6lt\u00f6ztet\u0151 \u00e9s rakt\u00e1roz\u00e1si v\u00e1llalkoz\u00e1sokat k\u00e9pvisel\u0151 szakmai sz\u00f6vets\u00e9g. Az\u00e9rt j\u00f6tt l\u00e9tre, hogy seg\u00edtse a tagv\u00e1llalatok v\u00e9delm\u00e9t \u00e9s n\u00f6veked\u00e9s\u00e9t, valamint hogy a fogyaszt\u00f3knak m\u00f3dot ny\u00fajtson a j\u00f3 h\u00edr\u0171, professzion\u00e1lis \u00e9s megb\u00edzhat\u00f3 k\u00f6lt\u00f6ztet\u0151 szolg\u00e1ltat\u00e1sok megtal\u00e1l\u00e1s\u00e1ra.<\/p>\n<p><strong>F\u0151bb t\u00e9nyek a CAM-r\u0151l:<\/strong><\/p>\n<ol>\n<li>  A tags\u00e1g mag\u00e1ban foglalja a Kanad\u00e1ban \u00e9s a tengerent\u00falon m\u0171k\u00f6d\u0151 k\u00f6lt\u00f6ztet\u0151ket is.<\/li>\n<li>  A tags\u00e1g kiterjed a k\u00f6lt\u00f6ztet\u0151kre \u00e9s k\u00f6lt\u00f6ztet\u0151 c\u00e9gekre, a sz\u00e1ll\u00edtm\u00e1nyoz\u00f3 c\u00e9gekre, az ipar\u00e1g besz\u00e1ll\u00edt\u00f3ira, a k\u00f6lt\u00f6z\u00e9ssel kapcsolatos szolg\u00e1ltat\u00e1sokat, p\u00e9ld\u00e1ul csomagol\u00e1si szolg\u00e1ltat\u00e1sokat ny\u00fajt\u00f3 v\u00e1llalkoz\u00e1sokra.<\/li>\n<li>  Az etikai k\u00f3dex megk\u00f6veteli, hogy a tagok olyan felt\u00e9teleket tartsanak be, mint a tisztess\u00e9ges \u00e9s \u0151szinte b\u00e1n\u00e1sm\u00f3d az \u00fcgyfelekkel szemben, valamint a biztons\u00e1gtudatos megk\u00f6zel\u00edt\u00e9s mindenkor.<\/li>\n<li>  A Kanadai K\u00f6lt\u00f6ztet\u0151k Sz\u00f6vets\u00e9ge panaszkezel\u00e9si elj\u00e1r\u00e1st biztos\u00edt a fogyaszt\u00f3k sz\u00e1m\u00e1ra.<\/li>\n<li>  A CAM k\u00edn\u00e1lja a Certified Canadian Mover Programot, amely biztos\u00edtja a fogyaszt\u00f3kat, hogy olyan szolg\u00e1ltat\u00e1sokat kapnak, amelyek etikus magatart\u00e1son, szakmai kompetenci\u00e1n \u00e9s hat\u00e9kony panaszkezel\u00e9sen alapulnak.<\/li>\n<li>  A CAM az egyetlen olyan k\u00f6lt\u00f6ztet\u0151i sz\u00f6vets\u00e9g Kanad\u00e1ban, amely szab\u00e1lyozza \u00e9s nyilv\u00e1ntartja a j\u00f3 h\u00edr\u0171 \u00e9s rossz h\u00edr\u0171 k\u00f6lt\u00f6ztet\u0151ket.<\/li>\n<\/ol>\n<p><strong>A Kanadai K\u00f6lt\u00f6ztet\u0151k Sz\u00f6vets\u00e9g\u00e9nek profilja:<\/strong><\/p>\n<p>A Canadian Association of Movers a k\u00f6lt\u00f6ztet\u0151k kanadai szakmai sz\u00f6vets\u00e9ge. Kanadai v\u00e1llalkoz\u00e1sok, valamint tengerent\u00fali szervezetek alkotj\u00e1k. <\/p>\n<p>A CAM sz\u00e1mos c\u00e9lt t\u0171z\u00f6tt ki maga el\u00e9, t\u00f6bbek k\u00f6z\u00f6tt a szakmai szak\u00e9rtelem \u00e9s az operat\u00edv kompetencia fokoz\u00e1s\u00e1t, valamint a k\u00f6lt\u00f6ztet\u0151k \u00e9s a furgonsz\u00e1ll\u00edt\u00f3k k\u00f6z\u00f6tti kapcsolatok ki\u00e9p\u00edt\u00e9s\u00e9t az inform\u00e1ci\u00f3csere \u00e9s a h\u00e1ztart\u00e1si \u00e1ruk mozgat\u00e1s\u00e1nak eg\u00e9sz\u00e9nek fellend\u00edt\u00e9se \u00e9rdek\u00e9ben.<\/p>\n<p>A CAM tagjait az orsz\u00e1g legjobbjainak tekintik. <a href=\"https:\/\/moverdb.com\/hu\/moving-companies\/\" data-internallinksmanager029f6b8e52c=\"79\" title=\"Top 25 nemzetk\u00f6zi k\u00f6lt\u00f6ztet\u0151 c\u00e9gek online\">k\u00f6lt\u00f6ztet\u0151 c\u00e9gek<\/a>. A CAM-tagok sz\u00e1m\u00e1ra k\u00e9t min\u0151s\u00edt\u00e9s \u00e1ll rendelkez\u00e9sre: a Certified Overseas Mover (tan\u00fas\u00edtott tengerent\u00fali k\u00f6lt\u00f6ztet\u0151) \u00e9s a Certified Canadian Mover (tan\u00fas\u00edtott kanadai k\u00f6lt\u00f6ztet\u0151). <\/p>\n<p>Mindkett\u0151 c\u00e9lja, hogy a fogyaszt\u00f3k olyan j\u00f3 h\u00edr\u0171 k\u00f6lt\u00f6ztet\u0151k k\u00f6z\u00fcl v\u00e1laszthassanak, akik naprak\u00e9sz dokument\u00e1ci\u00f3val rendelkeznek, etikai k\u00f3dexet k\u00f6vetnek, tudj\u00e1k, hogyan kezelj\u00e9k az \u00fcgyf\u00e9lpanaszokat, \u00e9s betartj\u00e1k a helyes gyakorlatra vonatkoz\u00f3 ir\u00e1nymutat\u00e1sokat.<\/p>\n<p><strong>A tags\u00e1g krit\u00e9riumai:<\/strong><\/p>\n<p>A tags\u00e1g j\u00f3v\u00e1hagy\u00e1si folyamat\u00e1nak lez\u00e1r\u00e1s\u00e1hoz a k\u00e9relmez\u0151nek k\u00fcl\u00f6nb\u00f6z\u0151 dokumentumokat kell beny\u00fajtania. Minden tags\u00e1gi k\u00e9relmet az igazgat\u00f3tan\u00e1csnak kell j\u00f3v\u00e1hagynia.<\/p>\n<p><strong>K\u00f6lt\u00f6ztet\u0151k<\/strong><\/p>\n<p>A CAM megk\u00f6veteli, hogy a k\u00e9relmez\u0151k legal\u00e1bb k\u00e9t \u00e9ve mozgat\u00e1ssal foglalkozzanak.<\/p>\n<p>Az \u00e1tmozgat\u00f3i tags\u00e1gra jelentkez\u0151knek ki kell t\u00f6lteni\u00fck egy jelentkez\u00e9si lapot, \u00e9s be kell ny\u00fajtaniuk a CAM-nek a k\u00f6vetkez\u0151 dokumentumokat (csak f\u00e9nym\u00e1solatban):<\/p>\n<ul>\n<li> V\u00e1llalkoz\u00e1si enged\u00e9ly<\/li>\n<li> A telephelyekr\u0151l \u00e9s j\u00e1rm\u0171vekr\u0151l k\u00e9sz\u00fclt f\u00e9nyk\u00e9pek<\/li>\n<li> GST\/HST regisztr\u00e1ci\u00f3 \u00e9s sz\u00e1m<\/li>\n<li> Munkav\u00e1llal\u00f3i k\u00e1rt\u00e9r\u00edt\u00e9si igazol\u00e1s<\/li>\n<li> Biztos\u00edt\u00e1si igazol\u00e1s, amely legal\u00e1bb $1 milli\u00f3 felel\u0151ss\u00e9gbiztos\u00edt\u00e1st \u00e9s legal\u00e1bb $250,000 rakom\u00e1ny limitet tartalmaz.<\/li>\n<li> Alap\u00edt\u00f3 okirat<\/li>\n<li> K\u00e9t szakmai referencia a kapcsolat hossz\u00e1val (pl. bank, k\u00f6lt\u00f6ztet\u0151berendez\u00e9s sz\u00e1ll\u00edt\u00f3ja stb.)<\/li>\n<li> Yellow Pages hirdet\u00e9s vagy prom\u00f3ci\u00f3s cikkek (nem k\u00f6telez\u0151)<\/li>\n<li> Al\u00e1\u00edrt etikai k\u00f3dex formanyomtatv\u00e1ny<\/li>\n<\/ul>\n<p><strong>Partnerek<\/strong><\/p>\n<p>Az a v\u00e1llalat, amely nem sz\u00e1ll\u00edt h\u00e1ztart\u00e1si \u00e1rut teheraut\u00f3val, de a k\u00f6lt\u00f6ztet\u00e9si ipar\u00e1ghoz kapcsol\u00f3d\u00f3 szolg\u00e1ltat\u00e1sokat ny\u00fajt, mint p\u00e9ld\u00e1ul csomagol\u00e1si szolg\u00e1ltat\u00e1sok, downsizing szolg\u00e1ltat\u00e1sok, szem\u00e9tsz\u00e1ll\u00edt\u00e1s stb., jogosult lehet t\u00e1rsult tagnak lenni. <\/p>\n<p>A t\u00e1rsult tags\u00e1g\u00e9rt folyamod\u00f3knak ki kell t\u00f6lteni\u00fck egy jelentkez\u00e9si lapot, \u00e9s felk\u00e9rhetik \u0151ket, hogy ny\u00fajts\u00e1k be a CAM-nek a k\u00f6vetkez\u0151, a v\u00e1llalkoz\u00e1sukra vonatkoz\u00f3 dokumentumokat (csak f\u00e9nym\u00e1solatban):<\/p>\n<ul>\n<li> V\u00e1llalkoz\u00e1si enged\u00e9ly<\/li>\n<li> A telephelyekr\u0151l \u00e9s j\u00e1rm\u0171vekr\u0151l k\u00e9sz\u00fclt f\u00e9nyk\u00e9pek<\/li>\n<li> GST\/HST regisztr\u00e1ci\u00f3 \u00e9s sz\u00e1m<\/li>\n<li> Munkav\u00e1llal\u00f3i k\u00e1rt\u00e9r\u00edt\u00e9si igazol\u00e1s<\/li>\n<li> Legal\u00e1bb $1 milli\u00f3s felel\u0151ss\u00e9gbiztos\u00edt\u00e1si igazol\u00e1st igazol\u00f3 biztos\u00edt\u00e1si igazol\u00e1s<\/li>\n<li> Alap\u00edt\u00f3 okirat<\/li>\n<li> K\u00e9t szakmai referencia a kapcsolat hossz\u00e1val (pl. bank, k\u00f6lt\u00f6ztet\u0151 c\u00e9g stb.)<\/li>\n<li> Yellow Pages hirdet\u00e9s vagy prom\u00f3ci\u00f3s cikkek (nem k\u00f6telez\u0151)<\/li>\n<li> Al\u00e1\u00edrt etikai k\u00f3dex formanyomtatv\u00e1ny<\/li>\n<\/ul>\n<p><strong>Nemzetk\u00f6zi k\u00f6lt\u00f6ztet\u0151k<\/strong><\/p>\n<ul>\n<li> Aj\u00e1nl\u00f3levelek k\u00e9t nemzetk\u00f6zi k\u00f6lt\u00f6ztet\u0151kt\u0151l, akik CAM, <a href=\"https:\/\/moverdb.com\/hu\/fidi-faim\/\">FIDI<\/a> vagy <a href=\"https:\/\/moverdb.com\/hu\/en-vagyok\/\">IAM<\/a> tagok<\/li>\n<li> Al\u00e1\u00edrt Kanadai etikai k\u00f3dex nemzetk\u00f6zi k\u00f6lt\u00f6ztet\u0151k sz\u00e1m\u00e1ra nyomtatv\u00e1ny<\/li>\n<\/ul>\n<p><strong>Top 10 tag k\u00f6lt\u00f6ztet\u0151 c\u00e9gek<\/strong> (m\u00e9ret szerint)<\/p>\n<ol>\n<li> <a href=\"https:\/\/moverdb.com\/hu\/united-van-lines\/\">United Van Lines<\/a><\/li>\n<li> <a href=\"https:\/\/moverdb.com\/hu\/north-american-van-lines\/\">North American Van Lines<\/a><\/li>\n<li> <a href=\"https:\/\/moverdb.com\/hu\/amj-campbell-van-lines\/\">AMJ Campbell Van Lines<\/a><\/li>\n<\/ol>\n<p><strong>Mozg\u00f3k\u00e9pek v\u00e9lem\u00e9nye a CAM-r\u0151l:<\/strong><\/p>\n<p>A CAM hasznos forr\u00e1snak sz\u00e1m\u00edt, amely seg\u00edt a fogyaszt\u00f3knak elker\u00fclni az \u00e1tver\u00e9seket \u00e9s az irre\u00e1lisan alacsony \u00e1rakat k\u00edn\u00e1l\u00f3 szolg\u00e1ltat\u00f3kat, amelyeket azt\u00e1n a k\u00f6lt\u00f6z\u00e9s napj\u00e1n felduzzasztanak. <\/p>\n<p>Azok, akik tagjai a CAM-nek, \u00fagy tekintik, hogy k\u00e9pesek egy bizonyos szint\u0171 szolg\u00e1ltat\u00e1st ny\u00fajtani, amellyel m\u00e1s k\u00f6lt\u00f6ztet\u0151k - a min\u0151s\u00edt\u00e9s n\u00e9lk\u00fcl - nem rendelkeznek. <\/p>\n<p>Az online v\u00e9lem\u00e9ny a CAM-et a k\u00f6lt\u00f6ztet\u0151 c\u00e9g megb\u00edzhat\u00f3s\u00e1g\u00e1nak ellen\u0151rz\u00e9s\u00e9re szolg\u00e1l\u00f3 eszk\u00f6znek tekinti, k\u00fcl\u00f6n\u00f6sen az\u00e9rt, mert a CAM elv\u00e1lasztja a <em>\"a j\u00f3t, a rosszat \u00e9s a cs\u00fany\u00e1t.\"<\/em> A szervezetet nagyra \u00e9rt\u00e9kelik a magas szint\u0171 etikus magatart\u00e1s el\u0151mozd\u00edt\u00e1s\u00e1ra ir\u00e1nyul\u00f3 t\u00f6rekv\u00e9se \u00e9s a szigor\u00fa p\u00e1ly\u00e1zati elj\u00e1r\u00e1s miatt. <\/p>\n<p>Azok, akik az interneten eml\u00edtik a szervezetet, r\u00e1mutatnak, hogy \u00edgy megnyugodhatnak, hogy a k\u00f6lt\u00f6ztet\u0151 megfelel\u0151 biztos\u00edt\u00e1ssal \u00e9s szolg\u00e1ltat\u00e1si sz\u00ednvonallal rendelkezik. Gyakran kiemelik, hogy a CAM nemcsak a saj\u00e1t tagjair\u00f3l, hanem a kev\u00e9sb\u00e9 j\u00f3 h\u00edr\u0171 k\u00f6lt\u00f6ztet\u0151 v\u00e1llalkoz\u00e1sokr\u00f3l is nyilv\u00e1ntart\u00e1st vezet. <\/p>\n<p>Ez azt jelzi, hogy a szervezet j\u00f3l l\u00e1tja a mozg\u00f3ipart, \u00e9s tagjai a vonal j\u00f3 oldal\u00e1n \u00e1llnak.<\/p>\n<blockquote><p>A k\u00f6lt\u00f6ztet\u0151 \u00e9s t\u00e1rol\u00f3 c\u00e9gek k\u00f6z\u00f6tt a CAM megk\u00fcl\u00f6nb\u00f6zteti a j\u00f3t a rosszt\u00f3l \u00e9s a cs\u00fany\u00e1t\u00f3l. C\u00e9ljai k\u00f6z\u00e9 tartozik a k\u00f6lt\u00f6ztet\u0151iparban a magas etikai norm\u00e1k el\u0151mozd\u00edt\u00e1sa, a min\u0151s\u00e9gi kezdem\u00e9nyez\u00e9sek t\u00e1mogat\u00e1sa, a szem\u00e9lyzet k\u00e9pz\u00e9se \u00e9s oktat\u00e1sa, valamint a tagok teljes\u00edtm\u00e9ny\u00e9nek ellen\u0151rz\u00e9se. <\/p>\n<p>Seg\u00edti a fogyaszt\u00f3kat abban, hogy hiteles \u00e9s professzion\u00e1lis k\u00f6lt\u00f6ztet\u00e9si szolg\u00e1ltat\u00e1sokhoz jussanak. Szigor\u00fa jelentkez\u00e9si folyamat\u00e1n kereszt\u00fcl a CAM megk\u00f6veteli tagjait\u00f3l, hogy szigor\u00fa etikai k\u00f3dexet \u00edrjanak al\u00e1, megfelel\u0151 biztos\u00edt\u00e1ssal rendelkezzenek, \u00e9s tarts\u00e1k be a l\u00e9tes\u00edtm\u00e9nyeikre vonatkoz\u00f3 szabv\u00e1nyokat.<\/p><\/blockquote>\n<p>- <a href=\"http:\/\/www.uvl.ca\/Content\/Canadian+Association+of+Movers\" target=\"_blank\" rel=\"noopener noreferrer\">United Van Lines Kanada<\/a> <\/p>\n<blockquote><p>A Kanadai K\u00f6lt\u00f6ztet\u0151k Sz\u00f6vets\u00e9ge (CAM) az egyetlen olyan k\u00f6lt\u00f6ztet\u0151k sz\u00f6vets\u00e9ge Kanad\u00e1ban, amely szab\u00e1lyozza \u00e9s nyilv\u00e1ntartja a j\u00f3 h\u00edr\u0171 \u00e9s rossz h\u00edr\u0171 k\u00f6lt\u00f6ztet\u0151ket. <\/p><\/blockquote>\n<p>- <a href=\"http:\/\/www.greatcanadianvanlines.com\/how-to-choose-a-moving-company\/\" target=\"_blank\" rel=\"noopener noreferrer\">Nagy kanadai Van Lines<\/a><\/p>\n<blockquote><p>Ha rosszul v\u00e1lasztja meg a k\u00f6lt\u00f6ztet\u0151 c\u00e9get egy \u00e9letre sz\u00f3l\u00f3 h\u00e1ztart\u00e1si ing\u00f3s\u00e1gok k\u00f6lt\u00f6ztet\u00e9s\u00e9hez, az katasztrof\u00e1lis k\u00f6vetkezm\u00e9nyekkel j\u00e1rhat. A csal\u00f3k kihaszn\u00e1lj\u00e1k a fogyaszt\u00f3kat azzal, hogy cs\u00f6kkentett \u00e1rakat k\u00edn\u00e1lnak, irre\u00e1lis \u00edg\u00e9reteket tesznek, a k\u00f6lt\u00f6z\u00e9s napj\u00e1n felhajtj\u00e1k az \u00e1rat, \u00e9s v\u00e1lts\u00e1gd\u00edjat k\u00f6vetelnek a h\u00e1ztart\u00e1si ing\u00f3s\u00e1gok\u00e9rt. <\/p>\n<p>Ezek a v\u00e1llalatok nem v\u00e1llalnak felel\u0151ss\u00e9get a ny\u00fajtott szolg\u00e1ltat\u00e1s szintj\u00e9\u00e9rt. Ha egy k\u00f6lt\u00f6ztet\u0151 aj\u00e1nlata t\u00fal j\u00f3nak t\u0171nik \u00e9s hangzik ahhoz, hogy igaz legyen, akkor az is.<\/p>\n<p>Mi\u00e9rt kock\u00e1ztatn\u00e1nk? K\u00f6lt\u00f6zz\u00f6n olyan k\u00f6lt\u00f6ztet\u0151vel, aki a CAM tagja. A CAM a k\u00f6lt\u00f6ztet\u0151 \u00e9s rakt\u00e1roz\u00f3 c\u00e9geket k\u00e9pvisel\u0151 kanadai szakmai sz\u00f6vets\u00e9g.<\/p><\/blockquote>\n<p>- <a href=\"http:\/\/amjtorontomoving.com\/Partners\/ArticleID\/44\/Canadian-Association-of-Movers-CAM\" target=\"_blank\" rel=\"noopener noreferrer\">AMJ Campbell - Toronto<\/a><\/p>\n<p><strong>Weboldal:<\/strong> <a href=\"http:\/\/www.mover.net\/\" target=\"_blank\" rel=\"noopener noreferrer\">http:\/\/www.mover.net\/<\/a><\/p>\n<p><strong>MEGJEGYZ\u00c9S! Az al\u00e1bbi \u0171rlapon n\u00e9h\u00e1ny k\u00f6lt\u00f6ztet\u0151 c\u00e9g, amely az \u0171rlap elk\u00fcld\u00e9se ut\u00e1n felveszi \u00d6nnel a kapcsolatot, nem biztos, hogy a CAM munkat\u00e1rsa.<\/strong><\/p>","protected":false},"excerpt":{"rendered":"<p>The Canadian Association of Movers is Canada&#8217;s trade association representing moving and storage companies. It was established to help protect and grow its member businesses and also to offer consumers a way to find reputable, professional and reliable moving services. Key facts about CAM: Membership includes movers both in Canada and overseas. Membership covers movers [&hellip;]<\/p>\n","protected":false},"author":1,"featured_media":0,"parent":0,"menu_order":0,"comment_status":"closed","ping_status":"closed","template":"","meta":{"_genesis_hide_title":false,"_genesis_hide_breadcrumbs":false,"_genesis_hide_singular_image":false,"_genesis_hide_footer_widgets":false,"_genesis_custom_body_class":"","_genesis_custom_post_class":"","_genesis_layout":"","footnotes":""},"class_list":{"0":"post-432","1":"page","2":"type-page","3":"status-publish","5":"entry"},"_links":{"self":[{"href":"https:\/\/moverdb.com\/hu\/wp-json\/wp\/v2\/pages\/432","targetHints":{"allow":["GET"]}}],"collection":[{"href":"https:\/\/moverdb.com\/hu\/wp-json\/wp\/v2\/pages"}],"about":[{"href":"https:\/\/moverdb.com\/hu\/wp-json\/wp\/v2\/types\/page"}],"author":[{"embeddable":true,"href":"https:\/\/moverdb.com\/hu\/wp-json\/wp\/v2\/users\/1"}],"replies":[{"embeddable":true,"href":"https:\/\/moverdb.com\/hu\/wp-json\/wp\/v2\/comments?post=432"}],"version-history":[{"count":9,"href":"https:\/\/moverdb.com\/hu\/wp-json\/wp\/v2\/pages\/432\/revisions"}],"predecessor-version":[{"id":3502,"href":"https:\/\/moverdb.com\/hu\/wp-json\/wp\/v2\/pages\/432\/revisions\/3502"}],"wp:attachment":[{"href":"https:\/\/moverdb.com\/hu\/wp-json\/wp\/v2\/media?parent=432"}],"curies":[{"name":"wp","href":"https:\/\/api.w.org\/{rel}","templated":true}]}}