{"id":430,"date":"2016-06-08T14:50:20","date_gmt":"2016-06-08T14:50:20","guid":{"rendered":"http:\/\/moverdb.com\/?page_id=430"},"modified":"2026-01-08T14:47:52","modified_gmt":"2026-01-08T14:47:52","slug":"bar-overseas","status":"publish","type":"page","link":"https:\/\/moverdb.com\/hu\/bar-overseas\/","title":{"rendered":"A Brit K\u00f6lt\u00f6ztet\u0151k Sz\u00f6vets\u00e9ge (BAR) tengerent\u00fali csoportj\u00e1nak magyar\u00e1zata"},"content":{"rendered":"<p><a href=\"https:\/\/moverdb.com\/hu\/british-association-of-removers\/\" data-internallinksmanager029f6b8e52c=\"9\" title=\"A Brit K\u00f6lt\u00f6ztet\u0151k Sz\u00f6vets\u00e9ge (BAR) magyar\u00e1zata\">BAR<\/a> Az Overseas Group a <a href=\"https:\/\/moverdb.com\/hu\/british-association-of-removers\/\">Brit K\u00f6lt\u00f6ztet\u0151k Sz\u00f6vets\u00e9ge<\/a> (BAR), egy szakmai sz\u00f6vets\u00e9g. <\/p>\n<p>Anyaszervezet\u00e9hez hasonl\u00f3an elk\u00f6telezett a szakmai kiv\u00e1l\u00f3s\u00e1g el\u0151mozd\u00edt\u00e1sa mellett a k\u00f6lt\u00f6ztet\u00e9si \u00e1gazatban, \u00e9s k\u00fcl\u00f6nleges tapasztalattal rendelkezik a r\u00e9sz- \u00e9s <a href=\"https:\/\/moverdb.com\/hu\/kontenerszallitas\/\">teljes kont\u00e9neres sz\u00e1ll\u00edtm\u00e1nyok<\/a> vil\u00e1gszerte \u00e9s az orsz\u00e1gba \u00e9rkez\u0151 \u00e1ruk <a href=\"https:\/\/moverdb.com\/hu\/moving-to-the-uk\/\" data-internallinksmanager029f6b8e52c=\"93\" title=\"Az Egyes\u00fclt Kir\u00e1lys\u00e1gba k\u00f6lt\u00f6zik? 2022 Meg\u00e9lhet\u00e9si k\u00f6lts\u00e9gek \u00e9s k\u00f6lt\u00f6z\u00e9si tippek\">UK<\/a> k\u00fclf\u00f6ldr\u0151l.<\/p>\n<p><strong>A BAR Overseas Group legfontosabb adatai:<\/strong><\/p>\n<ol>\n<li>  A BAR Overseas egy 50 szak\u00e9rt\u0151b\u0151l \u00e1ll\u00f3 brit szak\u00e9rt\u0151i csoportb\u00f3l \u00e1ll. <a href=\"https:\/\/moverdb.com\/hu\/koltozteto-cegek\/\">v\u00e1llalatok<\/a> akik az al\u00e1bbi ter\u00fcletek minden aspektus\u00e1ra specializ\u00e1l\u00f3dtak <a href=\"https:\/\/moverdb.com\/hu\/nemzetkozi-koltoztetes\/\">tengerent\u00fali \u00e9s nemzetk\u00f6zi k\u00f6lt\u00f6ztet\u00e9sek<\/a> \u00e9s \u00e1thelyez\u00e9sek.<\/li>\n<li>  A tagok el\u0151fizetnek egy el\u0151rehozott fizet\u00e9si garanciarendszerre, amelynek c\u00e9lja, hogy megv\u00e9dje az \u00fcgyfelek \u00f6sszes el\u0151leg\u00e9t.<\/li>\n<li>  A tagok olyan professzion\u00e1lis c\u00e9gek, amelyek elk\u00f6telezettek a legmagasabb szint\u0171 szolg\u00e1ltat\u00e1si sz\u00ednvonal ir\u00e1nt, \u00e9s a tengerent\u00fali \u00e1ttelep\u00edt\u00e9sekre szakosodtak.<\/li>\n<li>  A BAR Overseas Group magas k\u00f6vetelm\u00e9nyeket t\u00e1maszt tagjaival szemben az olyan elemek tekintet\u00e9ben, mint a szem\u00e9lyzet k\u00e9pz\u00e9se, a j\u00e1rm\u0171vek \u00e9s a berendez\u00e9sek, \u00e9s a helysz\u00edni l\u00e1togat\u00e1sokra v\u00e9letlenszer\u0171 id\u0151pontban ker\u00fclhet sor.<\/li>\n<li>  A BS 8564 min\u0151s\u00e9gi szabv\u00e1nyt a BAR Overseas Group a BSI-vel (British Standards Institution) egy\u00fcttm\u0171k\u00f6dve dolgozta ki. Minden tagnak rendelkeznie kell ezzel.<\/li>\n<li>  A BAR el\u0151legfizet\u00e9si garancia v\u00e9di az \u00fcgyfeleket - ha a k\u00f6lt\u00f6ztet\u0151, akin\u00e9l az \u00fcgyf\u00e9l foglalt, p\u00e9nz\u00fcgyi neh\u00e9zs\u00e9gekkel k\u00fczd, akkor egy m\u00e1sik k\u00f6lt\u00f6ztet\u0151 veszi \u00e1t a munk\u00e1t, \u00e9s biztos\u00edtja a munka elv\u00e9gz\u00e9s\u00e9t, k\u00fcl\u00f6n d\u00edj n\u00e9lk\u00fcl. <a href=\"https:\/\/moverdb.com\/hu\/koltozesi-koltsegek\/\">k\u00f6lts\u00e9g<\/a> az \u00fcgyf\u00e9lnek.<\/li>\n<\/ol>\n<p><strong>Szervezeti profil:<\/strong><\/p>\n<p>A BAR a legr\u00e9gebbi szakmai sz\u00f6vets\u00e9g a k\u00f6lt\u00f6ztet\u00e9si \u00e1gazatban \u00e9s a <strong>Tengerent\u00fali csoport<\/strong> c\u00e9lja, hogy az Egyes\u00fclt Kir\u00e1lys\u00e1gb\u00f3l a vil\u00e1g minden t\u00e1j\u00e1ra kiterjessze hat\u00f3k\u00f6r\u00e9t. <\/p>\n<p>A tags\u00e1g csak olyan k\u00f6lt\u00f6ztet\u0151k sz\u00e1m\u00e1ra nyitott, akik m\u00e1r rendelkeznek BAR-tags\u00e1ggal, de ez nem garant\u00e1lja a tengerent\u00fali csoportba val\u00f3 felv\u00e9telt. A csoport c\u00e9lja, hogy tagjait az ipar\u00e1gban a tengerent\u00fali munk\u00e1khoz v\u00e1lasztott, megb\u00edzhat\u00f3 k\u00f6lt\u00f6ztet\u0151v\u00e9 tegye, valamint hogy a tengerent\u00fali k\u00f6lt\u00f6ztet\u00e9sek legjobb szakmai gyakorlat\u00e1t n\u00e9pszer\u0171s\u00edtse \u00e9s fejlessze.<\/p>\n<p><strong>A tags\u00e1g krit\u00e9riumai:<\/strong><\/p>\n<ul>\n<li> A tagoknak m\u00e1r a BAR tagjainak kell lenni\u00fck.<\/li>\n<li> A tagoknak egy j\u00f3v\u00e1hagyott el\u0151legfizet\u00e9si garancia (APG) rendszerhez kell tartozniuk.<\/li>\n<li> A tagoknak rendelkezni\u00fck kell <a href=\"https:\/\/moverdb.com\/hu\/fidi-faim\/\">FIDI-FAIM<\/a>, vagy BS 8564 (The Overseas Moving Standard), vagy ezzel egyen\u00e9rt\u00e9k\u0171, vagy magasabb szint\u0171, j\u00f3v\u00e1hagyott, k\u00fcls\u0151 audit\u00e1lt szabv\u00e1ny.<\/li>\n<\/ul>\n<p><strong>Minta tagv\u00e1llalatok:<\/strong><\/p>\n<ul>\n<li> <a href=\"https:\/\/moverdb.com\/hu\/harrow-green\/\">Harrow Green<\/a><\/li>\n<li> <a href=\"https:\/\/moverdb.com\/hu\/angol-csendes-oceani\/\">Anglo Pacific<\/a><\/li>\n<li> <a href=\"https:\/\/moverdb.com\/hu\/matthew-james\/\">Matthew James<\/a><\/li>\n<li> <a href=\"https:\/\/moverdb.com\/hu\/shore-porters-society\/\">A partra sz\u00e1ll\u00edt\u00f3k t\u00e1rsas\u00e1ga<\/a><\/li>\n<li> <a href=\"https:\/\/moverdb.com\/hu\/pss-removals\/\">PSS Nemzetk\u00f6zi k\u00f6lt\u00f6ztet\u00e9sek<\/a><\/li>\n<\/ul>\n<p><strong>V\u00e9lem\u00e9nyek a BAR Overseas Groupr\u00f3l<\/strong><\/p>\n<p>A BAR Overseas szigor\u00fa tags\u00e1gi krit\u00e9riumokkal rendelkezik, \u00e9s a tagokat rendszeresen ellen\u0151rzik, hogy megbizonyosodjanak arr\u00f3l, hogy a sz\u00ednvonal nem cs\u00f6kkent. A sz\u00f6vets\u00e9g h\u00edrneve a tagok \u00e1tfog\u00f3 fel\u00fclvizsg\u00e1lat\u00e1ra \u00e9p\u00fcl, amely a m\u0171k\u00f6d\u00e9st\u0151l a l\u00e9tes\u00edtm\u00e9nyekig mindenre kiterjed. <\/p>\n<p>A p\u00e9nz\u00fcgyi v\u00e9delmi rendszer nagy el\u0151nynek sz\u00e1m\u00edt a tagok sz\u00e1m\u00e1ra, mivel tov\u00e1bbi p\u00e9nz\u00fcgyi v\u00e9delmet tudnak ny\u00fajtani az \u00fcgyfeleknek. A BAR Overseas profit\u00e1l a British Association of Removers megl\u00e9v\u0151 h\u00edrnev\u00e9b\u0151l, \u00e9s a tengerent\u00fali k\u00f6lt\u00f6ztet\u00e9sek min\u0151s\u00e9gi szabv\u00e1ny\u00e1nak sz\u00e1m\u00edt. <\/p>\n<p>Az egyik v\u00e1llalat kiemeli, hogy az Egyes\u00fclt Kir\u00e1lys\u00e1gban mind\u00f6ssze 50-60 olyan v\u00e1llalat van, amely teljes\u00edtette a BAR Overseas Grouphoz val\u00f3 csatlakoz\u00e1s felt\u00e9teleit, \u00e9s ez az egyik oka annak, hogy a tags\u00e1g elnyer\u00e9se olyan nagy eredm\u00e9ny.<\/p>\n<blockquote><p>A tagoknak szigor\u00fa el\u0151\u00edr\u00e1soknak kell megfelelni\u00fck, \u00e9s rendszeresen ellen\u0151rzik \u0151ket, hogy l\u00e9tes\u00edtm\u00e9nyeik, felszerel\u00e9seik, szem\u00e9lyzet\u00fck k\u00e9pz\u00e9se \u00e9s m\u0171k\u00f6d\u00e9si elj\u00e1r\u00e1saik a legmagasabb szinten maradjanak.<\/p><\/blockquote>\n<p>- <a href=\"http:\/\/www.abels.co.uk\/european-removals-moving-to-europe\/bar-overseas-group-what-is-this\/\" target=\"_blank\" rel=\"noopener\">Abels<\/a><\/p>\n<blockquote><p>A BAR Overseas Group az \u00fcgyfelek v\u00e9delme \u00e9rdek\u00e9ben hozta l\u00e9tre az IMMI (International Movers Mutual Insurance) el\u0151legfizet\u00e9si rendszert.<\/p><\/blockquote>\n<p>- <a href=\"http:\/\/www.johnmason.com\/about-us\/accreditations\/bar-overseas-group\/\" target=\"_blank\" rel=\"noopener\">JohnMason<\/a> <\/p>\n<blockquote><p>Garant\u00e1lt nyugalom a tengerent\u00fali k\u00f6lt\u00f6ztet\u00e9shez.A BAR Overseas Group a Brit K\u00f6lt\u00f6ztet\u0151k Sz\u00f6vets\u00e9g\u00e9nek szakosodott szekci\u00f3ja, amelynek tagjai a tengerent\u00fali k\u00f6lt\u00f6ztet\u00e9s minden ter\u00fclet\u00e9n szak\u00e9rt\u0151 szakemberek. Az Egyes\u00fclt Kir\u00e1lys\u00e1gban kevesebb mint 60 c\u00e9g felel meg a tags\u00e1g szigor\u00fa krit\u00e9riumainak \u00e9s a tagokt\u00f3l megk\u00f6vetelt szigor\u00fa el\u0151\u00edr\u00e1soknak.<\/p><\/blockquote>\n<p>- <a href=\"http:\/\/www.simpsons-uk.com\/removals_accreditations\/overseas_group\" target=\"_blank\" rel=\"noopener\">Simpsons<\/a><\/p>\n<p><strong>Weboldal:<\/strong> <a href=\"http:\/\/www.baroverseas.co.uk\/\" target=\"_blank\" rel=\"noopener\">http:\/\/www.baroverseas.co.uk\/<\/a><\/p>","protected":false},"excerpt":{"rendered":"<p>BAR Overseas Group is part of the British Association of Removers (BAR), a Trade Association. Just like its parent organisation, it is dedicated to promoting professional excellence in the removals industry and has particular experience dealing with part and full container load shipments worldwide and goods coming into the UK from abroad. Key facts about [&hellip;]<\/p>\n","protected":false},"author":1,"featured_media":0,"parent":0,"menu_order":0,"comment_status":"closed","ping_status":"closed","template":"","meta":{"_genesis_hide_title":false,"_genesis_hide_breadcrumbs":false,"_genesis_hide_singular_image":false,"_genesis_hide_footer_widgets":false,"_genesis_custom_body_class":"","_genesis_custom_post_class":"","_genesis_layout":"","footnotes":""},"class_list":{"0":"post-430","1":"page","2":"type-page","3":"status-publish","5":"entry"},"_links":{"self":[{"href":"https:\/\/moverdb.com\/hu\/wp-json\/wp\/v2\/pages\/430","targetHints":{"allow":["GET"]}}],"collection":[{"href":"https:\/\/moverdb.com\/hu\/wp-json\/wp\/v2\/pages"}],"about":[{"href":"https:\/\/moverdb.com\/hu\/wp-json\/wp\/v2\/types\/page"}],"author":[{"embeddable":true,"href":"https:\/\/moverdb.com\/hu\/wp-json\/wp\/v2\/users\/1"}],"replies":[{"embeddable":true,"href":"https:\/\/moverdb.com\/hu\/wp-json\/wp\/v2\/comments?post=430"}],"version-history":[{"count":16,"href":"https:\/\/moverdb.com\/hu\/wp-json\/wp\/v2\/pages\/430\/revisions"}],"predecessor-version":[{"id":6187,"href":"https:\/\/moverdb.com\/hu\/wp-json\/wp\/v2\/pages\/430\/revisions\/6187"}],"wp:attachment":[{"href":"https:\/\/moverdb.com\/hu\/wp-json\/wp\/v2\/media?parent=430"}],"curies":[{"name":"wp","href":"https:\/\/api.w.org\/{rel}","templated":true}]}}