{"id":429,"date":"2016-06-06T14:44:52","date_gmt":"2016-06-06T14:44:52","guid":{"rendered":"http:\/\/moverdb.com\/?page_id=429"},"modified":"2026-05-15T14:55:45","modified_gmt":"2026-05-15T14:55:45","slug":"british-association-of-removers","status":"publish","type":"page","link":"https:\/\/moverdb.com\/hu\/british-association-of-removers\/","title":{"rendered":"A Brit K\u00f6lt\u00f6ztet\u0151k Sz\u00f6vets\u00e9ge (BAR) magyar\u00e1zata"},"content":{"rendered":"<p>A Brit K\u00f6lt\u00f6ztet\u0151k Sz\u00f6vets\u00e9ge (BAR) a \"professzion\u00e1lis k\u00f6lt\u00f6ztet\u0151ipar elismert hangjak\u00e9nt\" jellemzi mag\u00e1t, \u00e9s kulcsfontoss\u00e1g\u00fa szerve a k\u00f6lt\u00f6ztet\u00e9si ipar\u00e1gnak. <a href=\"https:\/\/moverdb.com\/hu\/moving-to-the-uk\/\" data-internallinksmanager029f6b8e52c=\"93\" title=\"Az Egyes\u00fclt Kir\u00e1lys\u00e1gba k\u00f6lt\u00f6zik? 2022 Meg\u00e9lhet\u00e9si k\u00f6lts\u00e9gek \u00e9s k\u00f6lt\u00f6z\u00e9si tippek\">UK<\/a> mozg\u00f3ipar. <\/p>\n<p>A BAR feladatai k\u00f6z\u00e9 tartozik a k\u00e9pz\u00e9s, a szakmai szabv\u00e1nyok, az \u00fcgyfelek t\u00e1j\u00e9koztat\u00e1sa \u00e9s tan\u00e1csad\u00e1s, valamint a vitarendez\u00e9si szolg\u00e1ltat\u00e1s.<\/p>\n<p><strong>F\u0151bb t\u00e9nyek a BAR-r\u00f3l:<\/strong><\/p>\n<ol>\n<li>  A BAR-nak t\u00f6bbf\u00e9le tags\u00e1ga van: Egyes\u00fclt Kir\u00e1lys\u00e1gbeli tags\u00e1g, <a href=\"https:\/\/moverdb.com\/hu\/bar-overseas\/\">Tengerent\u00fali csoporttags\u00e1g<\/a>, Kereskedelmi k\u00f6lt\u00f6ztet\u0151 csoport tags\u00e1g, \u00d6nt\u00e1rol\u00e1si \u00e9rdekcsoport tags\u00e1g. <a href=\"https:\/\/moverdb.com\/hu\/nemzetkozi-koltoztetes\/\">V\u00e1llalatok<\/a> lehetnek nemzetk\u00f6zi t\u00e1rsv\u00e1llalatok (a k\u00f6lt\u00f6ztet\u00e9si ipar\u00e1gban tev\u00e9kenyked\u0151, nem brit v\u00e1llalkoz\u00e1sok) \u00e9s t\u00e1rsv\u00e1llalatok (olyan v\u00e1llalatok, amelyek nem foglalkoznak k\u00f6lt\u00f6ztet\u00e9ssel \u00e9s rakt\u00e1roz\u00e1ssal, de \u00e1rukat \u00e9s szolg\u00e1ltat\u00e1sokat ny\u00fajtanak az ipar\u00e1gnak).<\/li>\n<li>  A BAR rendelkezik az egyetlen olyan magatart\u00e1si k\u00f3dexszel a k\u00f6lt\u00f6ztet\u0151iparban, amelyet a Kereskedelmi Szabv\u00e1ny\u00fcgyi Int\u00e9zet hagyott j\u00f3v\u00e1 \u00e9s ellen\u0151riz.<\/li>\n<li>  A Kereskedelmi Szabv\u00e1ny\u00fcgyi Int\u00e9zet figyelemmel k\u00eds\u00e9ri a BAR valamennyi tagj\u00e1nak teljes\u00edtm\u00e9ny\u00e9t.<\/li>\n<li>  A BAR mind az Egyes\u00fclt Kir\u00e1lys\u00e1gban, mind a <a href=\"https:\/\/moverdb.com\/hu\/koltozteto-cegek\/\">nemzetk\u00f6zi k\u00f6lt\u00f6z\u00e9sek<\/a>.<\/li>\n<li>  A BAR saj\u00e1t k\u00e9pz\u00e9si r\u00e9szleggel - BAR Training Services - rendelkezik, amely olyan professzion\u00e1lis \u00fczleti k\u00e9pz\u00e9seket k\u00edn\u00e1l, amelyek az ipar\u00e1gspecifikus k\u00e9pz\u00e9sben \u00faj m\u00e9rc\u00e9t \u00e1ll\u00edtanak fel.<\/li>\n<li>  A BAR-tagok a tags\u00e1guk alatt folyamatos helysz\u00edni ellen\u0151rz\u00e9seknek vannak kit\u00e9ve.<\/li>\n<li> A BAR szint\u00e9n m\u0171k\u00f6dteti a <a href=\"https:\/\/www.trustedmover.org\" target=\"_blank\" rel=\"noopener\">Megb\u00edzhat\u00f3 mozgat\u00f3<\/a> weboldal, amely seg\u00edt a BAR elt\u00e1vol\u00edt\u00f3k megtal\u00e1l\u00e1s\u00e1ban.<\/li>\n<\/ol>\n<p><strong>Szervezeti profil:<\/strong><\/p>\n<p>A BAR olyan ipar\u00e1gi test\u00fcletk\u00e9nt alakult, amelynek feladata a szakmai norm\u00e1k fenntart\u00e1sa a k\u00f6lt\u00f6ztet\u00e9si \u00e1gazatban, a tagok \u00e9s az \u00fcgyfelek \u00e9rdek\u00e9ben. A szervezetnek van egy gyakorlati k\u00f3dexe, amely meghat\u00e1rozza a szolg\u00e1ltat\u00e1sra, az anyagokra, a j\u00e1rm\u0171vekre \u00e9s a rakt\u00e1roz\u00e1sra, a szem\u00e9lyzet k\u00e9pz\u00e9s\u00e9re \u00e9s arra vonatkoz\u00f3 szabv\u00e1nyokat, hogy hogyan kell kezelni a helyzetet, ha valami rosszul s\u00fcl el. <\/p>\n<p>Az \u00fcgyfelek sz\u00e1m\u00e1ra p\u00e9nz\u00fcgyi v\u00e9delmet is ny\u00fajt, p\u00e9ld\u00e1ul abban az esetben, ha a k\u00f6lt\u00f6ztet\u0151 lemondja a munk\u00e1t. Az \u00fcgyfelek panaszt tehetnek a BAR-n\u00e1l egy taggal szemben, \u00e9s van egy alternat\u00edv vitarendez\u00e9si szolg\u00e1ltat\u00e1s is. <\/p>\n<p>A k\u00e9pz\u00e9s a BAR tags\u00e1gi programj\u00e1nak kulcsfontoss\u00e1g\u00fa r\u00e9sz\u00e9t k\u00e9pezi, \u00e9s a tagok hozz\u00e1f\u00e9rhetnek az ELearning modulokhoz olyan t\u00e9m\u00e1kban, mint a vezet\u00e9s, p\u00e9nz\u00fcgyek, \u00e9rt\u00e9kes\u00edt\u00e9s \u00e9s \u00e9rt\u00e9kes\u00edt\u00e9s, \u00fcgyf\u00e9lszolg\u00e1lat, marketing, coaching, menedzsment \u00e9s fel\u00fcgyeleti k\u00e9szs\u00e9gek fejleszt\u00e9se.<\/p>\n<p><strong>N\u00e9h\u00e1ny tagv\u00e1llalat<\/strong><\/p>\n<ul>\n<li> <a href=\"https:\/\/moverdb.com\/hu\/cadogan-tate\/\">Cadogan Tate<\/a><\/li>\n<li> <a href=\"https:\/\/moverdb.com\/hu\/angol-csendes-oceani\/\">Anglo Pacific<\/a><\/li>\n<li> <a href=\"https:\/\/moverdb.com\/hu\/shore-porters-society\/\">A partra sz\u00e1ll\u00edt\u00f3k t\u00e1rsas\u00e1ga<\/a><\/li>\n<li> <a href=\"https:\/\/moverdb.com\/hu\/matthew-james\/\">Matthew James<\/a><\/li>\n<li> <a href=\"https:\/\/moverdb.com\/hu\/robinsons\/\">Robinsons \u00e1thelyez\u00e9s<\/a><\/li>\n<li> <a href=\"https:\/\/moverdb.com\/hu\/conroy-removals\/\">Conroy k\u00f6lt\u00f6ztet\u00e9s<\/a><\/li>\n<\/ul>\n<p><strong>A tags\u00e1g krit\u00e9riumai:<\/strong><\/p>\n<p>A honlapon kereszt\u00fcl nem \u00e9rhet\u0151ek el a tags\u00e1gi krit\u00e9riumok: \"Ha a BAR tagj\u00e1v\u00e1 szeretne v\u00e1lni, a tags\u00e1gi krit\u00e9riumok\u00e9rt \u00e9s a jelentkez\u00e9si \u0171rlap\u00e9rt k\u00e9rj\u00fck, vegye fel a kapcsolatot a BAR-ral a c\u00e9gadatok \u00e9s el\u00e9rhet\u0151s\u00e9gek megad\u00e1s\u00e1val\".<\/p>\n<p><strong>Ipari v\u00e9lem\u00e9nyek a Brit K\u00f6lt\u00f6ztet\u0151k Sz\u00f6vets\u00e9g\u00e9r\u0151l:<\/strong><\/p>\n<p>A BAR gyakran megjelenik a brit k\u00f6lt\u00f6ztet\u0151k weboldalain, \u00e9s sokan, akik felsorolj\u00e1k, a k\u00f6lt\u00f6ztet\u00e9si \u00e1gazat egyik legr\u00e9gebbi szakmai sz\u00f6vets\u00e9gek\u00e9nt \u00e9s t\u00f6bb mint egy \u00e9vsz\u00e1zados t\u00f6rt\u00e9nelm\u00e9re \u00f6sszpontos\u00edtanak. <\/p>\n<p>Tov\u00e1bbi nagy el\u0151nynek tekinthet\u0151, hogy a Trading Standards j\u00f3v\u00e1hagyta a gyakorlati k\u00f3dexet, mivel ez biztos\u00edt\u00e9kot ny\u00fajt a fogyaszt\u00f3knak arra, hogy \u00e9rdekeiket a t\u00f6rv\u00e9ny alapvet\u0151 k\u00f6vetelm\u00e9nyein t\u00falmen\u0151en is v\u00e9dik. <\/p>\n<p>Fontosnak tartj\u00e1k azt a t\u00e9nyt, hogy a sz\u00f6vets\u00e9g folyamatos helysz\u00edni ellen\u0151rz\u00e9seket v\u00e9gez, valamint azt, hogy a tagoknak bizony\u00edtaniuk kell a folyamatos \u00fcgyf\u00e9l-el\u00e9gedetts\u00e9get. <\/p>\n<p>Az \u00e1ltal\u00e1nos v\u00e9lem\u00e9ny szerint <em>\"A BAR-tag kiv\u00e1laszt\u00e1s\u00e1val biztos\u00edthatja, hogy a k\u00f6lt\u00f6z\u00e9s a lehet\u0151 legsim\u00e1bban menjen.\"<\/em> A BAR-t a k\u00f6lt\u00f6ztet\u0151k szabv\u00e1nyak\u00e9nt tartj\u00e1k sz\u00e1mon az ingatlanokkal foglalkoz\u00f3 weboldalak, amelyek ezt a j\u00f3 k\u00f6lt\u00f6ztet\u0151vel szemben t\u00e1masztott alapk\u00f6vetelm\u00e9nyk\u00e9nt \u00edrj\u00e1k le, amelyet a szakmais\u00e1g minim\u00e1lis k\u00f6vetelm\u00e9nyeihez k\u00f6tnek, \u00e9s n\u00e9mi p\u00e9nz\u00fcgyi v\u00e9delmet ny\u00fajtanak.<\/p>\n<blockquote><p>J\u00f3 kiindul\u00f3pont, ha olyan k\u00f6lt\u00f6ztet\u0151 c\u00e9get v\u00e1laszt, amely elk\u00f6telezte mag\u00e1t a BAR-tags\u00e1g mellett, mert ez azt mutatja, hogy hajland\u00f3ak egy minim\u00e1lis standardot betartani. A BAR-tagoknak a tags\u00e1ghoz minim\u00e1lis magatart\u00e1si norm\u00e1i vannak, amelyek az \u00d6n \u00e9rdekeit szolg\u00e1lj\u00e1k, mint p\u00e9ld\u00e1ul a jogi, enged\u00e9llyel rendelkez\u0151 j\u00e1rm\u0171vek, a let\u00e9t v\u00e9delme \u00e9s a v\u00e1lasztottb\u00edr\u00f3s\u00e1gi vagy ingyenes b\u00e9k\u00e9ltet\u00e9s, \u00e9s abban a val\u00f3sz\u00edn\u0171tlen esetben, ha valami rosszul s\u00fcl el.<\/p><\/blockquote>\n<p>- <a href=\"http:\/\/www.rightmove.co.uk\/choosing-a-removal-company.html\" target=\"_blank\" rel=\"noopener\">rightmove<\/a><\/p>\n<blockquote><p>Minden BAR-tag a BAR Gyakorlati K\u00f3dexe szerint dolgozik, amelyet a Kereskedelmi Szab\u00e1lyoz\u00f3k hagynak j\u00f3v\u00e1. Ez a szigor\u00fa k\u00f3dex a t\u00f6rv\u00e9ny alapvet\u0151 k\u00f6vetelm\u00e9nyein t\u00falmen\u0151en v\u00e9di \u00e9s t\u00e1mogatja a fogyaszt\u00f3i \u00e9rdekeket.<\/p><\/blockquote>\n<p>- <a href=\"http:\/\/www.pickfords.co.uk\/british-association-of-removers\" target=\"_blank\" rel=\"noopener\">Pickfords<\/a><\/p>\n<blockquote><p>A fogyaszt\u00f3k t\u00f6bb mint 97%-je aj\u00e1nlja a BAR elt\u00e1vol\u00edt\u00f3t.<\/p><\/blockquote>\n<p>- <a href=\"http:\/\/www.comparemymove.com\/blog\/our-partners\/a-guide-to-joining-the-british-association-of-removers\/\" target=\"_blank\" rel=\"noopener\">\u00d6sszehasonl\u00edtom a k\u00f6lt\u00f6z\u00e9semet<\/a><\/p>\n<p><strong>Weboldal:<\/strong> <a href=\"http:\/\/www.bar.co.uk\/\" target=\"_blank\" rel=\"noopener\">http:\/\/www.bar.co.uk\/<\/a><\/p>","protected":false},"excerpt":{"rendered":"<p>The British Association of Removers (BAR) describes itself as the &#8220;recognised voice of the professional moving industry&#8221; and it is a key body in the UK moving industry. Training, professional standards and providing information and advice to customers are included in the BAR&#8217;s remit, as well as a dispute resolution service. Key facts about BAR: [&hellip;]<\/p>\n","protected":false},"author":1,"featured_media":0,"parent":0,"menu_order":0,"comment_status":"closed","ping_status":"closed","template":"","meta":{"_genesis_hide_title":false,"_genesis_hide_breadcrumbs":false,"_genesis_hide_singular_image":false,"_genesis_hide_footer_widgets":false,"_genesis_custom_body_class":"","_genesis_custom_post_class":"","_genesis_layout":"","footnotes":""},"class_list":{"0":"post-429","1":"page","2":"type-page","3":"status-publish","5":"entry"},"_links":{"self":[{"href":"https:\/\/moverdb.com\/hu\/wp-json\/wp\/v2\/pages\/429","targetHints":{"allow":["GET"]}}],"collection":[{"href":"https:\/\/moverdb.com\/hu\/wp-json\/wp\/v2\/pages"}],"about":[{"href":"https:\/\/moverdb.com\/hu\/wp-json\/wp\/v2\/types\/page"}],"author":[{"embeddable":true,"href":"https:\/\/moverdb.com\/hu\/wp-json\/wp\/v2\/users\/1"}],"replies":[{"embeddable":true,"href":"https:\/\/moverdb.com\/hu\/wp-json\/wp\/v2\/comments?post=429"}],"version-history":[{"count":18,"href":"https:\/\/moverdb.com\/hu\/wp-json\/wp\/v2\/pages\/429\/revisions"}],"predecessor-version":[{"id":6186,"href":"https:\/\/moverdb.com\/hu\/wp-json\/wp\/v2\/pages\/429\/revisions\/6186"}],"wp:attachment":[{"href":"https:\/\/moverdb.com\/hu\/wp-json\/wp\/v2\/media?parent=429"}],"curies":[{"name":"wp","href":"https:\/\/api.w.org\/{rel}","templated":true}]}}