{"id":42,"date":"2016-03-19T18:09:36","date_gmt":"2016-03-19T18:09:36","guid":{"rendered":"http:\/\/moverdb.com\/?page_id=42"},"modified":"2026-01-08T15:20:50","modified_gmt":"2026-01-08T15:20:50","slug":"felhasznalasi-feltetelek","status":"publish","type":"page","link":"https:\/\/moverdb.com\/hu\/terms-of-use\/","title":{"rendered":"Felhaszn\u00e1l\u00e1si felt\u00e9telek"},"content":{"rendered":"<p><strong>K\u00c9RJ\u00dcK, OLVASSA EL EZEKET FIGYELMESEN, MIEL\u0150TT HASZN\u00c1LN\u00c1 EZT A WEBOLDALT.<\/strong><\/p>\n<p>\u00dcdv\u00f6z\u00f6lj\u00fck a MoverDB.com-on. Ha tov\u00e1bbra is b\u00f6ng\u00e9szi \u00e9s haszn\u00e1lja ezt a weboldalt, akkor beleegyezik, hogy betartja \u00e9s mag\u00e1ra n\u00e9zve k\u00f6telez\u0151nek tekinti az al\u00e1bbi felhaszn\u00e1l\u00e1si felt\u00e9teleket, amelyek a mi <a href=\"https:\/\/MoverDB.com\/privacy-policy\/\" target=\"_blank\" rel=\"noopener\">adatv\u00e9delmi politika<\/a> szab\u00e1lyozza a MoverDB.com \u00e9s az \u00d6n kapcsolat\u00e1t a jelen weboldallal kapcsolatban. Ha nem \u00e9rt egyet a jelen \u00e1ltal\u00e1nos szerz\u0151d\u00e9si felt\u00e9telek b\u00e1rmely r\u00e9sz\u00e9vel, k\u00e9rj\u00fck, ne haszn\u00e1lja weboldalunkat.<\/p>\n<p>A jelen Felhaszn\u00e1l\u00e1si felt\u00e9telek, valamint az al\u00e1bb eml\u00edtett egy\u00e9b dokumentumok hat\u00e1rozz\u00e1k meg azokat a felt\u00e9teleket, amelyek alapj\u00e1n \u00d6n a https:\/\/MoverDB.com\/ (\"honlapunk\") oldal\u00e1t haszn\u00e1lhatja. <\/p>\n<p>Egy\u00e9b fontos dokumentumok <\/p>\n<p>A Felhaszn\u00e1l\u00e1si felt\u00e9telek a k\u00f6vetkez\u0151kre vonatkoznak <a href=\"https:\/\/MoverDB.com\/privacy-policy\/\" target=\"_blank\" rel=\"noopener\">Adatv\u00e9delmi ir\u00e1nyelvek<\/a>, amelyek meghat\u00e1rozz\u00e1k azokat a felt\u00e9teleket, amelyek alapj\u00e1n az \u00d6n \u00e1ltal megadott szem\u00e9lyes adatokat feldolgozzuk. <a href=\"https:\/\/moverdb.com\/hu\/moving-to-the-united-states\/\" data-internallinksmanager029f6b8e52c=\"94\" title=\"Az Egyes\u00fclt \u00c1llamokba k\u00f6lt\u00f6zik? 2022 Meg\u00e9lhet\u00e9si k\u00f6lts\u00e9gek \u00e9s k\u00f6lt\u00f6z\u00e9si tippek\">us<\/a>, vagy amit \u00d6nt\u0151l gy\u0171jt\u00fcnk. Elolvashatja a teljes <a href=\"https:\/\/moverdb.com\/hu\/data-processing-policy\/\">Adatfeldolgoz\u00e1si politika<\/a>. Honlapunk haszn\u00e1lat\u00e1val \u00d6n hozz\u00e1j\u00e1rul az ilyen feldolgoz\u00e1shoz.<\/p>\n<p>A weboldal haszn\u00e1lata az al\u00e1bbi felhaszn\u00e1l\u00e1si felt\u00e9telek hat\u00e1lya al\u00e1 tartozik:<\/p>\n<ul>\n<li>A weboldal oldalainak tartalma kiz\u00e1r\u00f3lag az \u00d6n \u00e1ltal\u00e1nos t\u00e1j\u00e9koztat\u00e1s\u00e1ra \u00e9s haszn\u00e1lat\u00e1ra szolg\u00e1l. El\u0151zetes \u00e9rtes\u00edt\u00e9s n\u00e9lk\u00fcl v\u00e1ltozhat.<\/li>\n<li> Az \u00e1raj\u00e1nlatk\u00e9r\u0151 \u0171rlap kit\u00f6lt\u00e9s\u00e9vel \u00d6n beleegyezik abba, hogy ezeket az inform\u00e1ci\u00f3kat harmadik felekkel megosszuk, hogy a legjobb \u00e1r-\u00f6sszehasonl\u00edt\u00f3 \u00e1raj\u00e1nlatot kaphassa nemzetk\u00f6zi k\u00f6lt\u00f6z\u00e9s\u00e9re.<\/li>\n<li>Ez a weboldal s\u00fctiket haszn\u00e1l a b\u00f6ng\u00e9sz\u00e9si preferenci\u00e1k nyomon k\u00f6vet\u00e9s\u00e9re. Ha \u00d6n enged\u00e9lyezi a s\u00fctik haszn\u00e1lat\u00e1t, szem\u00e9lyes adatait harmadik felek \u00e1ltali felhaszn\u00e1l\u00e1sra t\u00e1rolhatjuk.<\/li>\n<li> Sem mi, sem harmadik felek nem v\u00e1llalunk semmilyen garanci\u00e1t vagy szavatoss\u00e1got az ezen a weboldalon tal\u00e1lhat\u00f3 vagy k\u00edn\u00e1lt inform\u00e1ci\u00f3k \u00e9s anyagok pontoss\u00e1g\u00e1ra, id\u0151szer\u0171s\u00e9g\u00e9re, teljes\u00edtm\u00e9ny\u00e9re, teljess\u00e9g\u00e9re vagy alkalmass\u00e1g\u00e1ra vonatkoz\u00f3an. \u00d6n tudom\u00e1sul veszi, hogy az ilyen inform\u00e1ci\u00f3k \u00e9s anyagok pontatlans\u00e1gokat vagy hib\u00e1kat tartalmazhatnak, \u00e9s mi kifejezetten kiz\u00e1rjuk a felel\u0151ss\u00e9get az ilyen pontatlans\u00e1gok\u00e9rt vagy hib\u00e1k\u00e9rt a t\u00f6rv\u00e9ny \u00e1ltal megengedett legteljesebb m\u00e9rt\u00e9kben.<\/li>\n<li> A weboldalon tal\u00e1lhat\u00f3 b\u00e1rmely inform\u00e1ci\u00f3 vagy anyag felhaszn\u00e1l\u00e1sa kiz\u00e1r\u00f3lag az \u00d6n saj\u00e1t felel\u0151ss\u00e9g\u00e9re t\u00f6rt\u00e9nik, amely\u00e9rt nem v\u00e1llalunk felel\u0151ss\u00e9get. Az \u00d6n saj\u00e1t felel\u0151ss\u00e9ge annak biztos\u00edt\u00e1sa, hogy a weboldalon kereszt\u00fcl el\u00e9rhet\u0151 term\u00e9kek, szolg\u00e1ltat\u00e1sok vagy inform\u00e1ci\u00f3k megfeleljenek az \u00d6n egyedi ig\u00e9nyeinek.<\/li>\n<li> Ez a weboldal olyan anyagokat tartalmaz, amelyek a tulajdonunkban vannak, vagy amelyeket a mi enged\u00e9ly\u00fcnkkel haszn\u00e1lunk. Ez az anyag mag\u00e1ban foglalja t\u00f6bbek k\u00f6z\u00f6tt a designt, az elrendez\u00e9st, a megjelen\u00e9st, a megjelen\u00e9st \u00e9s a grafik\u00e1t. A sokszoros\u00edt\u00e1s tilos, kiv\u00e9ve a szerz\u0151i jogi k\u00f6zlem\u00e9nynek megfelel\u0151en, amely a jelen \u00e1ltal\u00e1nos szerz\u0151d\u00e9si felt\u00e9telek r\u00e9sz\u00e9t k\u00e9pezi.<\/li>\n<li> A weboldal jogosulatlan haszn\u00e1lata k\u00e1rt\u00e9r\u00edt\u00e9si ig\u00e9nyt vonhat maga ut\u00e1n \u00e9s\/vagy b\u0171ncselekm\u00e9nynek min\u0151s\u00fclhet.<\/li>\n<li> Ez a weboldal id\u0151r\u0151l id\u0151re m\u00e1s weboldalakra mutat\u00f3 linkeket is tartalmazhat. Ezek a linkek az \u00d6n k\u00e9nyelm\u00e9t szolg\u00e1lj\u00e1k, hogy tov\u00e1bbi inform\u00e1ci\u00f3kat ny\u00fajtsanak. Nem jelentik azt, hogy t\u00e1mogatjuk a weboldal(ak)at. Nem v\u00e1llalunk felel\u0151ss\u00e9get a hivatkozott weboldal(ak) tartalm\u00e1\u00e9rt.<\/li>\n<\/ul>","protected":false},"excerpt":{"rendered":"<p>PLEASE READ THESE CAREFULLY BEFORE USING THIS WEBSITE. Welcome to MoverDB.com. If you continue to browse and use this website, you are agreeing to comply with and be bound by the following terms and conditions of use, which together with our privacy policy govern MoverDB.com&#8217;s relationship with you in relation to this website. If you [&hellip;]<\/p>\n","protected":false},"author":1,"featured_media":0,"parent":0,"menu_order":0,"comment_status":"closed","ping_status":"closed","template":"","meta":{"_genesis_hide_title":false,"_genesis_hide_breadcrumbs":false,"_genesis_hide_singular_image":false,"_genesis_hide_footer_widgets":false,"_genesis_custom_body_class":"","_genesis_custom_post_class":"","_genesis_layout":"","footnotes":""},"class_list":{"0":"post-42","1":"page","2":"type-page","3":"status-publish","5":"entry"},"_links":{"self":[{"href":"https:\/\/moverdb.com\/hu\/wp-json\/wp\/v2\/pages\/42","targetHints":{"allow":["GET"]}}],"collection":[{"href":"https:\/\/moverdb.com\/hu\/wp-json\/wp\/v2\/pages"}],"about":[{"href":"https:\/\/moverdb.com\/hu\/wp-json\/wp\/v2\/types\/page"}],"author":[{"embeddable":true,"href":"https:\/\/moverdb.com\/hu\/wp-json\/wp\/v2\/users\/1"}],"replies":[{"embeddable":true,"href":"https:\/\/moverdb.com\/hu\/wp-json\/wp\/v2\/comments?post=42"}],"version-history":[{"count":5,"href":"https:\/\/moverdb.com\/hu\/wp-json\/wp\/v2\/pages\/42\/revisions"}],"predecessor-version":[{"id":3243,"href":"https:\/\/moverdb.com\/hu\/wp-json\/wp\/v2\/pages\/42\/revisions\/3243"}],"wp:attachment":[{"href":"https:\/\/moverdb.com\/hu\/wp-json\/wp\/v2\/media?parent=42"}],"curies":[{"name":"wp","href":"https:\/\/api.w.org\/{rel}","templated":true}]}}